{"id":14329,"date":"2026-04-25T17:48:09","date_gmt":"2026-04-25T17:48:09","guid":{"rendered":"https:\/\/gastora.eu\/?post_type=product&#038;p=14329"},"modified":"2026-04-27T08:36:01","modified_gmt":"2026-04-27T08:36:01","slug":"fondoir-chocolat-3-x-13-gn-10-cm","status":"publish","type":"product","link":"https:\/\/gastora.eu\/en\/product\/fondoir-chocolat-3-x-13-gn-10-cm\/","title":{"rendered":"Fondoir \u00e0 chocolat &#8211; 3 x 1\/3 GN 10 cm"},"content":{"rendered":"<p>\u00c9quip\u00e9 de 3 r\u00e9cipients GN 1\/3 d&#8217;une profondeur de 10 cm, vous pouvez faire fondre le chocolat rapidement et facilement sans qu&#8217;il ne br\u00fble. Ce fondoir \u00e0 chocolat fonctionne selon le principe du bain-marie, c&#8217;est-\u00e0-dire que l&#8217;eau chauff\u00e9e assure une fonte homog\u00e8ne du chocolat.<\/p>\n<h3>Trois r\u00e9cipients de 1\/3 GN<\/h3>\n<p>Ce fondoir \u00e0 chocolat en acier inoxydable est \u00e9quip\u00e9 de 3 r\u00e9cipients 1\/3 GN et de couvercles assortis. Il est \u00e9quip\u00e9 de 4 pieds en caoutchouc qui le maintiennent fermement sur la surface. L&#8217;\u00e9cran est facile \u00e0 utiliser et se compose d&#8217;un bouton marche\/arr\u00eat et d&#8217;un r\u00e9gulateur de temp\u00e9rature num\u00e9rique. Les touches fl\u00e9ch\u00e9es vous permettent de r\u00e9gler la temp\u00e9rature souhait\u00e9e et l&#8217;affichage num\u00e9rique vous permet de suivre de pr\u00e8s la progression du chauffage. La temp\u00e9rature est r\u00e9glable par degr\u00e9 de 3 \u00e0 100\u00b0C. Le fondoir \u00e0 chocolat est \u00e9quip\u00e9 d&#8217;un robinet qui permet de le vider facilement. Le fondoir \u00e0 chocolat est \u00e9galement \u00e9quip\u00e9 d&#8217;une soupape d&#8217;\u00e9vacuation de la vapeur. La vapeur cr\u00e9\u00e9e par le chauffage de l&#8217;eau peut ainsi \u00eatre facilement \u00e9vacu\u00e9e de l&#8217;appareil.<\/p>\n<h3>Faire fondre du chocolat<\/h3>\n<p>Le fondoir \u00e0 chocolat est facile \u00e0 utiliser. Remplissez le r\u00e9servoir d&#8217;eau et veillez \u00e0 ce que le niveau d&#8217;eau se situe entre les rep\u00e8res minimum et maximum. Placez ensuite les trois r\u00e9cipients GN dans le fondoir \u00e0 chocolat. Le fondoir \u00e0 chocolat est \u00e9quip\u00e9 de deux ponts interm\u00e9diaires qui permettent aux r\u00e9cipients GN de rester en place et de ne pas flotter. Mettez ensuite le fondoir \u00e0 chocolat en marche et r\u00e9glez la temp\u00e9rature souhait\u00e9e \u00e0 l&#8217;aide des touches fl\u00e9ch\u00e9es. Un t\u00e9moin lumineux sur l&#8217;\u00e9cran indique que la temp\u00e9rature souhait\u00e9e est atteinte. Lorsque le fondoir \u00e0 chocolat atteint la bonne temp\u00e9rature, vous pouvez mettre environ 4 kilos de chocolat dans chaque r\u00e9cipient GN. Remuez le chocolat de temps en temps et attendez que le chocolat soit suffisamment fondu. Vous pouvez alors retirer le r\u00e9cipient GN du fondoir \u00e0 chocolat \u00e0 l&#8217;aide de gants de protection. Attention aux gouttes d&#8217;eau qui peuvent rester au fond du r\u00e9cipient GN. Celles-ci sont chaudes et si cette eau entre en contact avec le chocolat, des grumeaux se formeront dans le chocolat.<\/p>\n<h3>Le chocolat fondu<\/h3>\n<p>Le chocolat noir et le chocolat au lait sont les plus faciles \u00e0 faire fondre. Le chocolat blanc est plus difficile \u00e0 faire fondre, car il br\u00fble un peu plus vite. \u00c0 une temp\u00e9rature de 36\u00b0C, il peut d\u00e9j\u00e0 br\u00fbler, mais avec ce fondoir \u00e0 chocolat, vous pouvez ajuster la temp\u00e9rature avec pr\u00e9cision. Pour faire fondre le chocolat, vous pouvez acheter du chocolat \u00e0 fondre sp\u00e9cial. Il s&#8217;agit souvent de gouttes de chocolat (\u00e9galement appel\u00e9es callets). Mais vous pouvez aussi couper une tablette de chocolat en morceaux et la faire chauffer. L&#8217;important est de faire fondre le chocolat lentement et uniform\u00e9ment. Avec ce fondoir \u00e0 chocolat, c&#8217;est facile \u00e0 r\u00e9aliser.<\/p>\n<h3>Nettoyage du fondoir \u00e0 chocolat<\/h3>\n<p>Une fois que le fondoir \u00e0 chocolat a refroidi, vous pouvez le nettoyer. Veillez \u00e0 ce que la fiche soit d\u00e9branch\u00e9e et retirez les r\u00e9cipients GN du fondoir \u00e0 chocolat. Fermez le robinet d&#8217;\u00e9vacuation de la vapeur. Veillez \u00e0 ce qu&#8217;un tuyau d&#8217;\u00e9vacuation soit fix\u00e9 \u00e0 la soupape d&#8217;\u00e9vacuation ou placez le fondoir \u00e0 chocolat pr\u00e8s de l&#8217;\u00e9vier pour que l&#8217;eau puisse s&#8217;\u00e9couler de cette mani\u00e8re. Ouvrez le robinet de vidange d&#8217;eau et videz le fondoir \u00e0 chocolat. Essuyez l&#8217;ext\u00e9rieur et l&#8217;int\u00e9rieur de l&#8217;appareil \u00e0 l&#8217;aide d&#8217;un chiffon doux et humide et s\u00e9chez soigneusement l&#8217;ensemble de l&#8217;appareil. Nettoyez les r\u00e9cipients et les couvercles GN avec de l&#8217;eau chaude et un d\u00e9tergent doux. Lorsque les r\u00e9cipients et les couvercles sont propres, s\u00e9chez-les bien afin d&#8217;\u00e9viter toute moisissure ou corrosion dans les r\u00e9cipients gastronormes.<\/p>\n<p>Chocolat pour les glaces, les gaufres, les chocolats et bien d&#8217;autres g\u00e2teries, vous pouvez utiliser ce fondoir \u00e0 chocolat avec beaucoup d&#8217;efficacit\u00e9. Pour chauffer le chocolat uniform\u00e9ment sans le br\u00fbler. Commandez rapidement ce fondoir \u00e0 chocolat simple ! Vous avez encore des questions ? Contactez notre service client\u00e8le, qui se fera un plaisir de vous aider.<\/p>\n<p><strong>Caract\u00e9ristiques<\/strong><\/p>\n<ul>\n<li>Finition en acier inoxydable pour \u00e9viter la corrosion<\/li>\n<li>Thermostat variable de 3\u00b0C \u00e0 100\u00b0C<\/li>\n<li>Temp\u00e9rature constante<\/li>\n<li>\u00c9quip\u00e9 d&#8217;une sortie d&#8217;eau et de vapeur<\/li>\n<\/ul>\n<p><strong>Caract\u00e9ristiques du produit<\/strong><\/p>\n<ul>\n<li>Poids net : 9,5kg<\/li>\n<li>Capacit\u00e9 par bac GN : 4kg de chocolat<\/li>\n<li>Dimensions de l&#8217;appareil : L41 x P67 x H17cm<\/li>\n<li>230V \/ 50Hz \/ 1 Phase 1500 Watt<\/li>\n<\/ul>\n<p><em>Compris dans le prix<\/em><\/p>\n<ul>\n<li><em>Trois bacs GN 1\/3 (10cm de profondeur)<\/em><\/li>\n<\/ul>","protected":false},"excerpt":{"rendered":"<p>Il est bien connu qu&#8217;il faut faire fondre le chocolat au bain-marie pour \u00e9viter de le br\u00fbler. C&#8217;est possible avec ce fondoir \u00e0 chocolat \u00e9quip\u00e9 de 3 bacs GN pour faire fondre le chocolat de fa\u00e7on homog\u00e8ne. Id\u00e9al pour les chocolateries, glaciers et autres \u00e9tablissements de restauration.<\/p>","protected":false},"featured_media":7406,"template":"","meta":{"_acf_changed":false},"product_brand":[],"product_cat":[487],"product_tag":[],"class_list":{"0":"post-14329","1":"product","2":"type-product","3":"status-publish","4":"has-post-thumbnail","6":"product_cat-bains-marie-2","8":"first","9":"instock","10":"sale","11":"taxable","12":"shipping-taxable","13":"purchasable","14":"product-type-simple"},"acf":[],"yoast_head":"<!-- This site is optimized with the Yoast SEO plugin v27.4 - https:\/\/yoast.com\/product\/yoast-seo-wordpress\/ -->\n<title>Fondoir \u00e0 chocolat - 3 x 1\/3 GN 10 cm - Gastora<\/title>\n<meta name=\"description\" content=\"Achetez Fondoir \u00e0 chocolat - 3 x 1\/3 GN 10 cm au meilleur prix, fiable et performant avec une livraison rapide\" \/>\n<meta name=\"robots\" content=\"index, follow, max-snippet:-1, max-image-preview:large, max-video-preview:-1\" \/>\n<link rel=\"canonical\" href=\"https:\/\/gastora.eu\/en\/product\/fondoir-chocolat-3-x-13-gn-10-cm\/\" \/>\n<meta property=\"og:locale\" content=\"en_US\" \/>\n<meta property=\"og:type\" content=\"article\" \/>\n<meta property=\"og:title\" content=\"Fondoir \u00e0 chocolat - 3 x 1\/3 GN 10 cm - Gastora\" \/>\n<meta property=\"og:description\" content=\"Achetez Fondoir \u00e0 chocolat - 3 x 1\/3 GN 10 cm au meilleur prix, fiable et performant avec une livraison rapide\" \/>\n<meta property=\"og:url\" content=\"https:\/\/gastora.eu\/en\/product\/fondoir-chocolat-3-x-13-gn-10-cm\/\" \/>\n<meta property=\"og:site_name\" content=\"Gastora\" \/>\n<meta property=\"article:modified_time\" content=\"2026-04-27T08:36:01+00:00\" \/>\n<meta name=\"twitter:card\" content=\"summary_large_image\" \/>\n<meta name=\"twitter:label1\" content=\"Est. reading time\" \/>\n\t<meta name=\"twitter:data1\" content=\"4 minutes\" \/>\n<script type=\"application\/ld+json\" class=\"yoast-schema-graph\">{\"@context\":\"https:\\\/\\\/schema.org\",\"@graph\":[{\"@type\":\"WebPage\",\"@id\":\"https:\\\/\\\/gastora.eu\\\/product\\\/fondoir-chocolat-3-x-13-gn-10-cm\\\/\",\"url\":\"https:\\\/\\\/gastora.eu\\\/product\\\/fondoir-chocolat-3-x-13-gn-10-cm\\\/\",\"name\":\"Fondoir \u00e0 chocolat - 3 x 1\\\/3 GN 10 cm - Gastora\",\"isPartOf\":{\"@id\":\"https:\\\/\\\/gastora.eu\\\/#website\"},\"primaryImageOfPage\":{\"@id\":\"https:\\\/\\\/gastora.eu\\\/product\\\/fondoir-chocolat-3-x-13-gn-10-cm\\\/#primaryimage\"},\"image\":{\"@id\":\"https:\\\/\\\/gastora.eu\\\/product\\\/fondoir-chocolat-3-x-13-gn-10-cm\\\/#primaryimage\"},\"thumbnailUrl\":\"https:\\\/\\\/gastora.eu\\\/wp-content\\\/uploads\\\/2026\\\/04\\\/sp-005-61656f7187764.jpg\",\"datePublished\":\"2026-04-25T17:48:09+00:00\",\"dateModified\":\"2026-04-27T08:36:01+00:00\",\"description\":\"Achetez Fondoir \u00e0 chocolat - 3 x 1\\\/3 GN 10 cm au meilleur prix, fiable et performant avec une livraison rapide\",\"breadcrumb\":{\"@id\":\"https:\\\/\\\/gastora.eu\\\/product\\\/fondoir-chocolat-3-x-13-gn-10-cm\\\/#breadcrumb\"},\"inLanguage\":\"en-US\",\"potentialAction\":[{\"@type\":\"ReadAction\",\"target\":[\"https:\\\/\\\/gastora.eu\\\/product\\\/fondoir-chocolat-3-x-13-gn-10-cm\\\/\"]}]},{\"@type\":\"ImageObject\",\"inLanguage\":\"en-US\",\"@id\":\"https:\\\/\\\/gastora.eu\\\/product\\\/fondoir-chocolat-3-x-13-gn-10-cm\\\/#primaryimage\",\"url\":\"https:\\\/\\\/gastora.eu\\\/wp-content\\\/uploads\\\/2026\\\/04\\\/sp-005-61656f7187764.jpg\",\"contentUrl\":\"https:\\\/\\\/gastora.eu\\\/wp-content\\\/uploads\\\/2026\\\/04\\\/sp-005-61656f7187764.jpg\",\"width\":2048,\"height\":2048},{\"@type\":\"BreadcrumbList\",\"@id\":\"https:\\\/\\\/gastora.eu\\\/product\\\/fondoir-chocolat-3-x-13-gn-10-cm\\\/#breadcrumb\",\"itemListElement\":[{\"@type\":\"ListItem\",\"position\":1,\"name\":\"Home\",\"item\":\"https:\\\/\\\/gastora.eu\\\/\"},{\"@type\":\"ListItem\",\"position\":2,\"name\":\"Shop\",\"item\":\"https:\\\/\\\/gastora.eu\\\/shop\\\/\"},{\"@type\":\"ListItem\",\"position\":3,\"name\":\"Fondoir \u00e0 chocolat &#8211; 3 x 1\\\/3 GN 10 cm\"}]},{\"@type\":\"WebSite\",\"@id\":\"https:\\\/\\\/gastora.eu\\\/#website\",\"url\":\"https:\\\/\\\/gastora.eu\\\/\",\"name\":\"Gastora\",\"description\":\"\u00c9quipements professionnels CHR\",\"publisher\":{\"@id\":\"https:\\\/\\\/gastora.eu\\\/#organization\"},\"potentialAction\":[{\"@type\":\"SearchAction\",\"target\":{\"@type\":\"EntryPoint\",\"urlTemplate\":\"https:\\\/\\\/gastora.eu\\\/?s={search_term_string}\"},\"query-input\":{\"@type\":\"PropertyValueSpecification\",\"valueRequired\":true,\"valueName\":\"search_term_string\"}}],\"inLanguage\":\"en-US\"},{\"@type\":\"Organization\",\"@id\":\"https:\\\/\\\/gastora.eu\\\/#organization\",\"name\":\"Gastora\",\"url\":\"https:\\\/\\\/gastora.eu\\\/\",\"logo\":{\"@type\":\"ImageObject\",\"inLanguage\":\"en-US\",\"@id\":\"https:\\\/\\\/gastora.eu\\\/#\\\/schema\\\/logo\\\/image\\\/\",\"url\":\"https:\\\/\\\/gastora.eu\\\/wp-content\\\/uploads\\\/2025\\\/12\\\/ChatGPT-Image-2-janv.-2026-22_52_47-1.png\",\"contentUrl\":\"https:\\\/\\\/gastora.eu\\\/wp-content\\\/uploads\\\/2025\\\/12\\\/ChatGPT-Image-2-janv.-2026-22_52_47-1.png\",\"width\":1536,\"height\":320,\"caption\":\"Gastora\"},\"image\":{\"@id\":\"https:\\\/\\\/gastora.eu\\\/#\\\/schema\\\/logo\\\/image\\\/\"}}]}<\/script>\n<!-- \/ Yoast SEO plugin. -->","yoast_head_json":{"title":"Fondoir \u00e0 chocolat - 3 x 1\/3 GN 10 cm - Gastora","description":"Achetez Fondoir \u00e0 chocolat - 3 x 1\/3 GN 10 cm au meilleur prix, fiable et performant avec une livraison rapide","robots":{"index":"index","follow":"follow","max-snippet":"max-snippet:-1","max-image-preview":"max-image-preview:large","max-video-preview":"max-video-preview:-1"},"canonical":"https:\/\/gastora.eu\/en\/product\/fondoir-chocolat-3-x-13-gn-10-cm\/","og_locale":"en_US","og_type":"article","og_title":"Fondoir \u00e0 chocolat - 3 x 1\/3 GN 10 cm - Gastora","og_description":"Achetez Fondoir \u00e0 chocolat - 3 x 1\/3 GN 10 cm au meilleur prix, fiable et performant avec une livraison rapide","og_url":"https:\/\/gastora.eu\/en\/product\/fondoir-chocolat-3-x-13-gn-10-cm\/","og_site_name":"Gastora","article_modified_time":"2026-04-27T08:36:01+00:00","twitter_card":"summary_large_image","twitter_misc":{"Est. reading time":"4 minutes"},"schema":{"@context":"https:\/\/schema.org","@graph":[{"@type":"WebPage","@id":"https:\/\/gastora.eu\/product\/fondoir-chocolat-3-x-13-gn-10-cm\/","url":"https:\/\/gastora.eu\/product\/fondoir-chocolat-3-x-13-gn-10-cm\/","name":"Fondoir \u00e0 chocolat - 3 x 1\/3 GN 10 cm - Gastora","isPartOf":{"@id":"https:\/\/gastora.eu\/#website"},"primaryImageOfPage":{"@id":"https:\/\/gastora.eu\/product\/fondoir-chocolat-3-x-13-gn-10-cm\/#primaryimage"},"image":{"@id":"https:\/\/gastora.eu\/product\/fondoir-chocolat-3-x-13-gn-10-cm\/#primaryimage"},"thumbnailUrl":"https:\/\/gastora.eu\/wp-content\/uploads\/2026\/04\/sp-005-61656f7187764.jpg","datePublished":"2026-04-25T17:48:09+00:00","dateModified":"2026-04-27T08:36:01+00:00","description":"Achetez Fondoir \u00e0 chocolat - 3 x 1\/3 GN 10 cm au meilleur prix, fiable et performant avec une livraison rapide","breadcrumb":{"@id":"https:\/\/gastora.eu\/product\/fondoir-chocolat-3-x-13-gn-10-cm\/#breadcrumb"},"inLanguage":"en-US","potentialAction":[{"@type":"ReadAction","target":["https:\/\/gastora.eu\/product\/fondoir-chocolat-3-x-13-gn-10-cm\/"]}]},{"@type":"ImageObject","inLanguage":"en-US","@id":"https:\/\/gastora.eu\/product\/fondoir-chocolat-3-x-13-gn-10-cm\/#primaryimage","url":"https:\/\/gastora.eu\/wp-content\/uploads\/2026\/04\/sp-005-61656f7187764.jpg","contentUrl":"https:\/\/gastora.eu\/wp-content\/uploads\/2026\/04\/sp-005-61656f7187764.jpg","width":2048,"height":2048},{"@type":"BreadcrumbList","@id":"https:\/\/gastora.eu\/product\/fondoir-chocolat-3-x-13-gn-10-cm\/#breadcrumb","itemListElement":[{"@type":"ListItem","position":1,"name":"Home","item":"https:\/\/gastora.eu\/"},{"@type":"ListItem","position":2,"name":"Shop","item":"https:\/\/gastora.eu\/shop\/"},{"@type":"ListItem","position":3,"name":"Fondoir \u00e0 chocolat &#8211; 3 x 1\/3 GN 10 cm"}]},{"@type":"WebSite","@id":"https:\/\/gastora.eu\/#website","url":"https:\/\/gastora.eu\/","name":"Gastora","description":"\u00c9quipements professionnels CHR","publisher":{"@id":"https:\/\/gastora.eu\/#organization"},"potentialAction":[{"@type":"SearchAction","target":{"@type":"EntryPoint","urlTemplate":"https:\/\/gastora.eu\/?s={search_term_string}"},"query-input":{"@type":"PropertyValueSpecification","valueRequired":true,"valueName":"search_term_string"}}],"inLanguage":"en-US"},{"@type":"Organization","@id":"https:\/\/gastora.eu\/#organization","name":"Gastora","url":"https:\/\/gastora.eu\/","logo":{"@type":"ImageObject","inLanguage":"en-US","@id":"https:\/\/gastora.eu\/#\/schema\/logo\/image\/","url":"https:\/\/gastora.eu\/wp-content\/uploads\/2025\/12\/ChatGPT-Image-2-janv.-2026-22_52_47-1.png","contentUrl":"https:\/\/gastora.eu\/wp-content\/uploads\/2025\/12\/ChatGPT-Image-2-janv.-2026-22_52_47-1.png","width":1536,"height":320,"caption":"Gastora"},"image":{"@id":"https:\/\/gastora.eu\/#\/schema\/logo\/image\/"}}]}},"jetpack_sharing_enabled":true,"_links":{"self":[{"href":"https:\/\/gastora.eu\/en\/wp-json\/wp\/v2\/product\/14329","targetHints":{"allow":["GET"]}}],"collection":[{"href":"https:\/\/gastora.eu\/en\/wp-json\/wp\/v2\/product"}],"about":[{"href":"https:\/\/gastora.eu\/en\/wp-json\/wp\/v2\/types\/product"}],"wp:featuredmedia":[{"embeddable":true,"href":"https:\/\/gastora.eu\/en\/wp-json\/wp\/v2\/media\/7406"}],"wp:attachment":[{"href":"https:\/\/gastora.eu\/en\/wp-json\/wp\/v2\/media?parent=14329"}],"wp:term":[{"taxonomy":"product_brand","embeddable":true,"href":"https:\/\/gastora.eu\/en\/wp-json\/wp\/v2\/product_brand?post=14329"},{"taxonomy":"product_cat","embeddable":true,"href":"https:\/\/gastora.eu\/en\/wp-json\/wp\/v2\/product_cat?post=14329"},{"taxonomy":"product_tag","embeddable":true,"href":"https:\/\/gastora.eu\/en\/wp-json\/wp\/v2\/product_tag?post=14329"}],"curies":[{"name":"wp","href":"https:\/\/api.w.org\/{rel}","templated":true}]}}