{"id":14325,"date":"2026-04-25T17:47:58","date_gmt":"2026-04-25T17:47:58","guid":{"rendered":"https:\/\/gastora.eu\/?post_type=product&#038;p=14325"},"modified":"2026-04-28T16:56:19","modified_gmt":"2026-04-28T16:56:19","slug":"machine-beignets-6-beignets-8-cm-avec-minuterie-intgre","status":"publish","type":"product","link":"https:\/\/gastora.eu\/en\/product\/machine-beignets-6-beignets-8-cm-avec-minuterie-intgre\/","title":{"rendered":"Machine \u00e0 beignets &#8211; 6 beignets &#8211; \u00d88 cm &#8211; avec minuterie int\u00e9gr\u00e9e"},"content":{"rendered":"<p>Cette machine \u00e0 beignets professionnelle convient non seulement aux stands de p\u00e2tisseries ou aux caf\u00e9s, mais aussi aux restaurants, aux foires ou aux food trucks. Sa taille compacte permet de r\u00e9aliser rapidement et facilement les beignets les plus savoureux, o\u00f9 que vous soyez.<\/p>\n<h3>Plaque de cuisson en aluminium avec rev\u00eatement antiadh\u00e9sif<\/h3>\n<p>Cet appareil de restauration est \u00e9quip\u00e9 d&#8217;une plaque de cuisson en aluminium avec rev\u00eatement antiadh\u00e9sif. La plaque de cuisson chauffe rapidement et uniform\u00e9ment gr\u00e2ce \u00e0 l&#8217;\u00e9l\u00e9ment chauffant puissant. En outre, la chaleur se transmet bien et les plaques de cuisson restent chaudes pendant l&#8217;utilisation. Gr\u00e2ce \u00e0 sa construction durable, cet appareil \u00e0 beignets peut r\u00e9sister \u00e0 une utilisation intensive. Elle est \u00e9galement \u00e9quip\u00e9e d&#8217;un thermostat variable pour des temp\u00e9ratures comprises entre 50 et 300\u2070C. Gr\u00e2ce \u00e0 la minuterie pratique, vous pouvez vous assurer que vos beignets sont parfaitement cuits et \u00e9viter qu&#8217;ils ne br\u00fblent. D\u00e8s que le voyant lumineux s&#8217;\u00e9teint, l&#8217;appareil \u00e0 beignets est \u00e0 la bonne temp\u00e9rature et vous pouvez commencer \u00e0 faire des beignets.<\/p>\n<h3>Bac de r\u00e9cup\u00e9ration amovible<\/h3>\n<p>Sous l&#8217;appareil \u00e0 beignets se trouve un bac de r\u00e9cup\u00e9ration pratique que vous pouvez retirer pour faciliter le nettoyage. Les plaques de cuisson peuvent \u00eatre nettoy\u00e9es \u00e0 l&#8217;aide d&#8217;une brosse, d&#8217;une \u00e9ponge ou d&#8217;un chiffon humide et d&#8217;un peu d&#8217;eau chaude. Vous devez d&#8217;abord \u00e9teindre l&#8217;appareil et le d\u00e9brancher. Attendez un moment jusqu&#8217;\u00e0 ce que la plaque de cuisson soit ti\u00e8de au toucher, mais ne soit plus chaude. Vous pouvez alors essuyer le tout. L&#8217;appareil repose sur des pieds en caoutchouc en acier inoxydable, ce qui lui permet de rester stable pendant la pr\u00e9paration des beignets.<\/p>\n<p><strong>Caract\u00e9ristiques<\/strong><\/p>\n<ul>\n<li>Plaque de cuisson en aluminium avec rev\u00eatement antiadh\u00e9sif<\/li>\n<li>Thermostat variable de 50\u00b0C \u00e0 300\u00b0C<\/li>\n<li>\u00c9quip\u00e9 d&#8217;une minuterie<\/li>\n<li>T\u00e9moin lumineux de temp\u00e9rature<\/li>\n<li>\u00c9quip\u00e9 d&#8217;un bac de r\u00e9cup\u00e9ration<\/li>\n<li>Comprend une poign\u00e9e robuste<\/li>\n<li>Repose sur 4 pieds en acier inoxydable<\/li>\n<\/ul>\n<p><strong>Caract\u00e9ristiques du produit<\/strong><\/p>\n<ul>\n<li>Poids net : 11 kg<\/li>\n<li>Dimensions du beignet : \u00d8 80 x 3cm<\/li>\n<li>Dimensions de l&#8217;appareil : L38 x P31 x H27cm<\/li>\n<li>Puissance \u00e9lectrique totale : 1,75 kW<\/li>\n<li>Puissance : 230V \/ 50Hz \/ 1Phase 1750W<\/li>\n<\/ul>","protected":false},"excerpt":{"rendered":"<p>Cette petite mais robuste machine \u00e0 beignets est parfaite pour faire six beignets d&#8217;une dimension de 8 cm de diam\u00e8tre en m\u00eame temps. Les boutons analogiques permettent de r\u00e9gler la temp\u00e9rature souhait\u00e9e et la minuterie. Elle est fabriqu\u00e9e en acier inoxydable et les plaques de cuisson en aluminium sont recouvertes d&#8217;un rev\u00eatement antiadh\u00e9sif. Cette machine \u00e0 beignets peut \u00eatre utilis\u00e9e quotidiennement.<\/p>","protected":false},"featured_media":7398,"template":"","meta":{"_acf_changed":false},"product_brand":[],"product_cat":[48],"product_tag":[],"class_list":{"0":"post-14325","1":"product","2":"type-product","3":"status-publish","4":"has-post-thumbnail","6":"product_cat-boulangerie-patisserie","8":"first","9":"instock","10":"sale","11":"taxable","12":"shipping-taxable","13":"purchasable","14":"product-type-simple"},"acf":[],"yoast_head":"<!-- This site is optimized with the Yoast SEO plugin v27.5 - https:\/\/yoast.com\/product\/yoast-seo-wordpress\/ -->\n<title>Machine \u00e0 beignets - 6 beignets - \u00d88 cm - avec minuterie int\u00e9gr\u00e9e - Gastora<\/title>\n<meta name=\"description\" content=\"Achetez Machine \u00e0 beignets - 6 beignets - \u00d88 cm - avec minuterie int\u00e9gr\u00e9e au meilleur prix, fiable et performant avec une livraison rapide\" \/>\n<meta name=\"robots\" content=\"index, follow, max-snippet:-1, max-image-preview:large, max-video-preview:-1\" \/>\n<link rel=\"canonical\" href=\"https:\/\/gastora.eu\/en\/product\/machine-beignets-6-beignets-8-cm-avec-minuterie-intgre\/\" \/>\n<meta property=\"og:locale\" content=\"en_US\" \/>\n<meta property=\"og:type\" content=\"article\" \/>\n<meta property=\"og:title\" content=\"Machine \u00e0 beignets - 6 beignets - \u00d88 cm - avec minuterie int\u00e9gr\u00e9e - Gastora\" \/>\n<meta property=\"og:description\" content=\"Achetez Machine \u00e0 beignets - 6 beignets - \u00d88 cm - avec minuterie int\u00e9gr\u00e9e au meilleur prix, fiable et performant avec une livraison rapide\" \/>\n<meta property=\"og:url\" content=\"https:\/\/gastora.eu\/en\/product\/machine-beignets-6-beignets-8-cm-avec-minuterie-intgre\/\" \/>\n<meta property=\"og:site_name\" content=\"Gastora\" \/>\n<meta property=\"article:modified_time\" content=\"2026-04-28T16:56:19+00:00\" \/>\n<meta name=\"twitter:card\" content=\"summary_large_image\" \/>\n<meta name=\"twitter:label1\" content=\"Est. reading time\" \/>\n\t<meta name=\"twitter:data1\" content=\"2 minutes\" \/>\n<script type=\"application\/ld+json\" class=\"yoast-schema-graph\">{\"@context\":\"https:\\\/\\\/schema.org\",\"@graph\":[{\"@type\":\"WebPage\",\"@id\":\"https:\\\/\\\/gastora.eu\\\/product\\\/machine-beignets-6-beignets-8-cm-avec-minuterie-intgre\\\/\",\"url\":\"https:\\\/\\\/gastora.eu\\\/product\\\/machine-beignets-6-beignets-8-cm-avec-minuterie-intgre\\\/\",\"name\":\"Machine \u00e0 beignets - 6 beignets - \u00d88 cm - avec minuterie int\u00e9gr\u00e9e - Gastora\",\"isPartOf\":{\"@id\":\"https:\\\/\\\/gastora.eu\\\/#website\"},\"primaryImageOfPage\":{\"@id\":\"https:\\\/\\\/gastora.eu\\\/product\\\/machine-beignets-6-beignets-8-cm-avec-minuterie-intgre\\\/#primaryimage\"},\"image\":{\"@id\":\"https:\\\/\\\/gastora.eu\\\/product\\\/machine-beignets-6-beignets-8-cm-avec-minuterie-intgre\\\/#primaryimage\"},\"thumbnailUrl\":\"https:\\\/\\\/gastora.eu\\\/wp-content\\\/uploads\\\/2026\\\/04\\\/sp-005-61656f706aa8c.jpg\",\"datePublished\":\"2026-04-25T17:47:58+00:00\",\"dateModified\":\"2026-04-28T16:56:19+00:00\",\"description\":\"Achetez Machine \u00e0 beignets - 6 beignets - \u00d88 cm - avec minuterie int\u00e9gr\u00e9e au meilleur prix, fiable et performant avec une livraison rapide\",\"breadcrumb\":{\"@id\":\"https:\\\/\\\/gastora.eu\\\/product\\\/machine-beignets-6-beignets-8-cm-avec-minuterie-intgre\\\/#breadcrumb\"},\"inLanguage\":\"en-US\",\"potentialAction\":[{\"@type\":\"ReadAction\",\"target\":[\"https:\\\/\\\/gastora.eu\\\/product\\\/machine-beignets-6-beignets-8-cm-avec-minuterie-intgre\\\/\"]}]},{\"@type\":\"ImageObject\",\"inLanguage\":\"en-US\",\"@id\":\"https:\\\/\\\/gastora.eu\\\/product\\\/machine-beignets-6-beignets-8-cm-avec-minuterie-intgre\\\/#primaryimage\",\"url\":\"https:\\\/\\\/gastora.eu\\\/wp-content\\\/uploads\\\/2026\\\/04\\\/sp-005-61656f706aa8c.jpg\",\"contentUrl\":\"https:\\\/\\\/gastora.eu\\\/wp-content\\\/uploads\\\/2026\\\/04\\\/sp-005-61656f706aa8c.jpg\",\"width\":2048,\"height\":2048},{\"@type\":\"BreadcrumbList\",\"@id\":\"https:\\\/\\\/gastora.eu\\\/product\\\/machine-beignets-6-beignets-8-cm-avec-minuterie-intgre\\\/#breadcrumb\",\"itemListElement\":[{\"@type\":\"ListItem\",\"position\":1,\"name\":\"Home\",\"item\":\"https:\\\/\\\/gastora.eu\\\/\"},{\"@type\":\"ListItem\",\"position\":2,\"name\":\"Shop\",\"item\":\"https:\\\/\\\/gastora.eu\\\/shop\\\/\"},{\"@type\":\"ListItem\",\"position\":3,\"name\":\"Machine \u00e0 beignets &#8211; 6 beignets &#8211; \u00d88 cm &#8211; avec minuterie int\u00e9gr\u00e9e\"}]},{\"@type\":\"WebSite\",\"@id\":\"https:\\\/\\\/gastora.eu\\\/#website\",\"url\":\"https:\\\/\\\/gastora.eu\\\/\",\"name\":\"Gastora\",\"description\":\"\u00c9quipements professionnels CHR\",\"publisher\":{\"@id\":\"https:\\\/\\\/gastora.eu\\\/#organization\"},\"potentialAction\":[{\"@type\":\"SearchAction\",\"target\":{\"@type\":\"EntryPoint\",\"urlTemplate\":\"https:\\\/\\\/gastora.eu\\\/?s={search_term_string}\"},\"query-input\":{\"@type\":\"PropertyValueSpecification\",\"valueRequired\":true,\"valueName\":\"search_term_string\"}}],\"inLanguage\":\"en-US\"},{\"@type\":\"Organization\",\"@id\":\"https:\\\/\\\/gastora.eu\\\/#organization\",\"name\":\"Gastora\",\"url\":\"https:\\\/\\\/gastora.eu\\\/\",\"logo\":{\"@type\":\"ImageObject\",\"inLanguage\":\"en-US\",\"@id\":\"https:\\\/\\\/gastora.eu\\\/#\\\/schema\\\/logo\\\/image\\\/\",\"url\":\"https:\\\/\\\/gastora.eu\\\/wp-content\\\/uploads\\\/2025\\\/12\\\/ChatGPT-Image-2-janv.-2026-22_52_47-1.png\",\"contentUrl\":\"https:\\\/\\\/gastora.eu\\\/wp-content\\\/uploads\\\/2025\\\/12\\\/ChatGPT-Image-2-janv.-2026-22_52_47-1.png\",\"width\":1536,\"height\":320,\"caption\":\"Gastora\"},\"image\":{\"@id\":\"https:\\\/\\\/gastora.eu\\\/#\\\/schema\\\/logo\\\/image\\\/\"}}]}<\/script>\n<!-- \/ Yoast SEO plugin. -->","yoast_head_json":{"title":"Machine \u00e0 beignets - 6 beignets - \u00d88 cm - avec minuterie int\u00e9gr\u00e9e - Gastora","description":"Achetez Machine \u00e0 beignets - 6 beignets - \u00d88 cm - avec minuterie int\u00e9gr\u00e9e au meilleur prix, fiable et performant avec une livraison rapide","robots":{"index":"index","follow":"follow","max-snippet":"max-snippet:-1","max-image-preview":"max-image-preview:large","max-video-preview":"max-video-preview:-1"},"canonical":"https:\/\/gastora.eu\/en\/product\/machine-beignets-6-beignets-8-cm-avec-minuterie-intgre\/","og_locale":"en_US","og_type":"article","og_title":"Machine \u00e0 beignets - 6 beignets - \u00d88 cm - avec minuterie int\u00e9gr\u00e9e - Gastora","og_description":"Achetez Machine \u00e0 beignets - 6 beignets - \u00d88 cm - avec minuterie int\u00e9gr\u00e9e au meilleur prix, fiable et performant avec une livraison rapide","og_url":"https:\/\/gastora.eu\/en\/product\/machine-beignets-6-beignets-8-cm-avec-minuterie-intgre\/","og_site_name":"Gastora","article_modified_time":"2026-04-28T16:56:19+00:00","twitter_card":"summary_large_image","twitter_misc":{"Est. reading time":"2 minutes"},"schema":{"@context":"https:\/\/schema.org","@graph":[{"@type":"WebPage","@id":"https:\/\/gastora.eu\/product\/machine-beignets-6-beignets-8-cm-avec-minuterie-intgre\/","url":"https:\/\/gastora.eu\/product\/machine-beignets-6-beignets-8-cm-avec-minuterie-intgre\/","name":"Machine \u00e0 beignets - 6 beignets - \u00d88 cm - avec minuterie int\u00e9gr\u00e9e - Gastora","isPartOf":{"@id":"https:\/\/gastora.eu\/#website"},"primaryImageOfPage":{"@id":"https:\/\/gastora.eu\/product\/machine-beignets-6-beignets-8-cm-avec-minuterie-intgre\/#primaryimage"},"image":{"@id":"https:\/\/gastora.eu\/product\/machine-beignets-6-beignets-8-cm-avec-minuterie-intgre\/#primaryimage"},"thumbnailUrl":"https:\/\/gastora.eu\/wp-content\/uploads\/2026\/04\/sp-005-61656f706aa8c.jpg","datePublished":"2026-04-25T17:47:58+00:00","dateModified":"2026-04-28T16:56:19+00:00","description":"Achetez Machine \u00e0 beignets - 6 beignets - \u00d88 cm - avec minuterie int\u00e9gr\u00e9e au meilleur prix, fiable et performant avec une livraison rapide","breadcrumb":{"@id":"https:\/\/gastora.eu\/product\/machine-beignets-6-beignets-8-cm-avec-minuterie-intgre\/#breadcrumb"},"inLanguage":"en-US","potentialAction":[{"@type":"ReadAction","target":["https:\/\/gastora.eu\/product\/machine-beignets-6-beignets-8-cm-avec-minuterie-intgre\/"]}]},{"@type":"ImageObject","inLanguage":"en-US","@id":"https:\/\/gastora.eu\/product\/machine-beignets-6-beignets-8-cm-avec-minuterie-intgre\/#primaryimage","url":"https:\/\/gastora.eu\/wp-content\/uploads\/2026\/04\/sp-005-61656f706aa8c.jpg","contentUrl":"https:\/\/gastora.eu\/wp-content\/uploads\/2026\/04\/sp-005-61656f706aa8c.jpg","width":2048,"height":2048},{"@type":"BreadcrumbList","@id":"https:\/\/gastora.eu\/product\/machine-beignets-6-beignets-8-cm-avec-minuterie-intgre\/#breadcrumb","itemListElement":[{"@type":"ListItem","position":1,"name":"Home","item":"https:\/\/gastora.eu\/"},{"@type":"ListItem","position":2,"name":"Shop","item":"https:\/\/gastora.eu\/shop\/"},{"@type":"ListItem","position":3,"name":"Machine \u00e0 beignets &#8211; 6 beignets &#8211; \u00d88 cm &#8211; avec minuterie int\u00e9gr\u00e9e"}]},{"@type":"WebSite","@id":"https:\/\/gastora.eu\/#website","url":"https:\/\/gastora.eu\/","name":"Gastora","description":"\u00c9quipements professionnels CHR","publisher":{"@id":"https:\/\/gastora.eu\/#organization"},"potentialAction":[{"@type":"SearchAction","target":{"@type":"EntryPoint","urlTemplate":"https:\/\/gastora.eu\/?s={search_term_string}"},"query-input":{"@type":"PropertyValueSpecification","valueRequired":true,"valueName":"search_term_string"}}],"inLanguage":"en-US"},{"@type":"Organization","@id":"https:\/\/gastora.eu\/#organization","name":"Gastora","url":"https:\/\/gastora.eu\/","logo":{"@type":"ImageObject","inLanguage":"en-US","@id":"https:\/\/gastora.eu\/#\/schema\/logo\/image\/","url":"https:\/\/gastora.eu\/wp-content\/uploads\/2025\/12\/ChatGPT-Image-2-janv.-2026-22_52_47-1.png","contentUrl":"https:\/\/gastora.eu\/wp-content\/uploads\/2025\/12\/ChatGPT-Image-2-janv.-2026-22_52_47-1.png","width":1536,"height":320,"caption":"Gastora"},"image":{"@id":"https:\/\/gastora.eu\/#\/schema\/logo\/image\/"}}]}},"jetpack_sharing_enabled":true,"_links":{"self":[{"href":"https:\/\/gastora.eu\/en\/wp-json\/wp\/v2\/product\/14325","targetHints":{"allow":["GET"]}}],"collection":[{"href":"https:\/\/gastora.eu\/en\/wp-json\/wp\/v2\/product"}],"about":[{"href":"https:\/\/gastora.eu\/en\/wp-json\/wp\/v2\/types\/product"}],"wp:featuredmedia":[{"embeddable":true,"href":"https:\/\/gastora.eu\/en\/wp-json\/wp\/v2\/media\/7398"}],"wp:attachment":[{"href":"https:\/\/gastora.eu\/en\/wp-json\/wp\/v2\/media?parent=14325"}],"wp:term":[{"taxonomy":"product_brand","embeddable":true,"href":"https:\/\/gastora.eu\/en\/wp-json\/wp\/v2\/product_brand?post=14325"},{"taxonomy":"product_cat","embeddable":true,"href":"https:\/\/gastora.eu\/en\/wp-json\/wp\/v2\/product_cat?post=14325"},{"taxonomy":"product_tag","embeddable":true,"href":"https:\/\/gastora.eu\/en\/wp-json\/wp\/v2\/product_tag?post=14325"}],"curies":[{"name":"wp","href":"https:\/\/api.w.org\/{rel}","templated":true}]}}