{"id":14319,"date":"2026-04-25T17:47:48","date_gmt":"2026-04-25T17:47:48","guid":{"rendered":"https:\/\/gastora.eu\/?post_type=product&#038;p=14319"},"modified":"2026-04-28T16:56:18","modified_gmt":"2026-04-28T16:56:18","slug":"mixer-plantaire-7-l-jusqu-2-kg-de-pte-noir","status":"publish","type":"product","link":"https:\/\/gastora.eu\/en\/product\/mixer-plantaire-7-l-jusqu-2-kg-de-pte-noir\/","title":{"rendered":"Mixer plan\u00e9taire &#8211; 7 L &#8211; jusqu&#8217;\u00e0 2 kg de p\u00e2te &#8211; noir"},"content":{"rendered":"<p>Dot\u00e9 d&#8217;un bol de 6,5 litres en acier inoxydable et d&#8217;une poign\u00e9e pratique, ce mixeur fonctionne de mani\u00e8re silencieuse et fiable. Il propose pas moins de 11 vitesses diff\u00e9rentes (de 100 \u00e0 938 tours par minute) afin que vous puissiez toujours s\u00e9lectionner la vitesse exacte dont vous avez besoin. Gr\u00e2ce \u00e0 l&#8217;aile de batteur en acier inoxydable, vous pouvez m\u00e9langer et remuer la p\u00e2te parfaite pour de d\u00e9licieux g\u00e2teaux et tartes. Il est livr\u00e9 avec un fouet en acier inoxydable, id\u00e9al pour battre et fouetter les blancs d&#8217;\u0153ufs et la cr\u00e8me. Le crochet p\u00e9trisseur en acier inoxydable est \u00e9galement inclus pour p\u00e9trir la p\u00e2te \u00e0 pizza et \u00e0 pain.<\/p>\n<h3>Silencieux et polyvalent<\/h3>\n<p>Avec un poids de 17 kg, ce batteur est un ajout stable et appr\u00e9ci\u00e9 dans toutes les cuisines. Gr\u00e2ce \u00e0 son puissant moteur et \u00e0 ses engrenages en m\u00e9tal, il offre des performances optimales. En outre, il est extr\u00eamement silencieux, de sorte qu&#8217;il ne d\u00e9range personne, quels que soient l&#8217;endroit et le mode d&#8217;utilisation. Il peut p\u00e9trir jusqu&#8217;\u00e0 2 kg de p\u00e2te \u00e0 pizza ou 1,5 kg de p\u00e2te \u00e0 pain avec un minimum d&#8217;effort. La quantit\u00e9 minimale de p\u00e2te \u00e0 pain pouvant \u00eatre trait\u00e9e est de 0,2 kg. Le bo\u00eetier en aluminium robuste est dot\u00e9 d&#8217;un rev\u00eatement r\u00e9sistant aux rayures pour \u00e9viter d&#8217;endommager le superbe design de l&#8217;appareil.<\/p>\n<h3>Pratique et facile \u00e0 utiliser<\/h3>\n<p>Ce m\u00e9langeur plan\u00e9taire professionnel est tr\u00e8s simple et pratique \u00e0 utiliser. Un levier permet d&#8217;ouvrir le mixeur, ce qui facilite le retrait du bol de mixage ou le changement d&#8217;accessoires. La t\u00eate de l&#8217;appareil est \u00e9quip\u00e9e d&#8217;un interrupteur de s\u00e9curit\u00e9 de sorte que la machine s&#8217;arr\u00eate automatiquement lorsque la t\u00eate est soulev\u00e9e. La mise en marche et l&#8217;arr\u00eat s&#8217;effectuent \u00e0 l&#8217;aide des boutons de d\u00e9marrage et d&#8217;arr\u00eat s\u00e9par\u00e9s. Pour \u00e9viter de toucher les pi\u00e8ces mobiles pendant le fonctionnement, le produit est \u00e9quip\u00e9 d&#8217;un couvercle de protection en plastique. Vous pouvez \u00e9galement ajouter des ingr\u00e9dients pendant le p\u00e9trissage ou le m\u00e9lange en utilisant l&#8217;ouverture situ\u00e9e au-dessus du bol. Toutes les pi\u00e8ces en acier inoxydable peuvent \u00eatre lav\u00e9es au lave-vaisselle.<\/p>\n<p><strong>Caract\u00e9ristiques<\/strong><\/p>\n<ul>\n<li>Transmission robuste avec engrenages m\u00e9talliques<\/li>\n<li>T\u00eate inclinable avec bouton de fixation<\/li>\n<li>Interrupteur de s\u00e9curit\u00e9 dans la t\u00eate de l&#8217;appareil<\/li>\n<li>Protection en plastique avec ouverture de remplissage<\/li>\n<li>Bo\u00eetier en aluminium avec rev\u00eatement r\u00e9sistant aux rayures<\/li>\n<\/ul>\n<p><strong>Caract\u00e9ristiques du produit<\/strong><\/p>\n<ul>\n<li>Poids net : 17 kg<\/li>\n<li>Dimensions de l&#8217;appareil : L24 x P42,5 x H42,5cm<\/li>\n<li>Dimensions du bol \u00e0 m\u00e9langer : \u00d8 22 x H21cm<\/li>\n<li>Puissance : 230V \/ 50Hz \/ 1Phase 350W<\/li>\n<li>Couleur : noir<\/li>\n<\/ul>\n<p><strong>Production<\/strong><\/p>\n<ul>\n<li>P\u00e2te \u00e0 pizza max. 2 kg de p\u00e2te<\/li>\n<li>P\u00e2te \u00e0 pain max. 1,5 kg de p\u00e2te<\/li>\n<li>P\u00e2te \u00e0 pain min. 0,2 kg de p\u00e2te<\/li>\n<\/ul>\n<p><em>Inclus<\/em><\/p>\n<ul>\n<li><em>Bol de m\u00e9lange en acier inoxydable de 6,5 litres<\/em><\/li>\n<li><em>Crochet \u00e0 p\u00e2te en acier inoxydable<\/em><\/li>\n<li><em>Batteur plat en acier inoxydable<\/em><\/li>\n<li><em>Fouet \u00e0 oeufs en acier inoxydable<\/em><\/li>\n<\/ul>","protected":false},"excerpt":{"rendered":"<p>Cet \u00e9l\u00e9gant batteur plan\u00e9taire est dot\u00e9 d&#8217;un robuste bol de 6,5 litres en acier inoxydable et offre des performances silencieuses mais puissantes, tant \u00e0 la maison que dans les cuisines professionnelles. Il est id\u00e9al pour p\u00e9trir, battre, remuer et m\u00e9langer \u00e0 n&#8217;importe quelle vitesse.<\/p>","protected":false},"featured_media":7386,"template":"","meta":{"_acf_changed":false},"product_brand":[],"product_cat":[480],"product_tag":[],"class_list":{"0":"post-14319","1":"product","2":"type-product","3":"status-publish","4":"has-post-thumbnail","6":"product_cat-batteurs-melangeurs-2","8":"first","9":"instock","10":"sale","11":"taxable","12":"shipping-taxable","13":"purchasable","14":"product-type-simple"},"acf":[],"yoast_head":"<!-- This site is optimized with the Yoast SEO plugin v27.5 - https:\/\/yoast.com\/product\/yoast-seo-wordpress\/ -->\n<title>Mixer plan\u00e9taire - 7 L - jusqu&#039;\u00e0 2 kg de p\u00e2te - noir - Gastora<\/title>\n<meta name=\"description\" content=\"Achetez Mixer plan\u00e9taire - 7 L - jusqu&#039;\u00e0 2 kg de p\u00e2te - noir au meilleur prix, fiable et performant avec une livraison rapide\" \/>\n<meta name=\"robots\" content=\"index, follow, max-snippet:-1, max-image-preview:large, max-video-preview:-1\" \/>\n<link rel=\"canonical\" href=\"https:\/\/gastora.eu\/en\/product\/mixer-plantaire-7-l-jusqu-2-kg-de-pte-noir\/\" \/>\n<meta property=\"og:locale\" content=\"en_US\" \/>\n<meta property=\"og:type\" content=\"article\" \/>\n<meta property=\"og:title\" content=\"Mixer plan\u00e9taire - 7 L - jusqu&#039;\u00e0 2 kg de p\u00e2te - noir - Gastora\" \/>\n<meta property=\"og:description\" content=\"Achetez Mixer plan\u00e9taire - 7 L - jusqu&#039;\u00e0 2 kg de p\u00e2te - noir au meilleur prix, fiable et performant avec une livraison rapide\" \/>\n<meta property=\"og:url\" content=\"https:\/\/gastora.eu\/en\/product\/mixer-plantaire-7-l-jusqu-2-kg-de-pte-noir\/\" \/>\n<meta property=\"og:site_name\" content=\"Gastora\" \/>\n<meta property=\"article:modified_time\" content=\"2026-04-28T16:56:18+00:00\" \/>\n<meta name=\"twitter:card\" content=\"summary_large_image\" \/>\n<meta name=\"twitter:label1\" content=\"Est. reading time\" \/>\n\t<meta name=\"twitter:data1\" content=\"2 minutes\" \/>\n<script type=\"application\/ld+json\" class=\"yoast-schema-graph\">{\"@context\":\"https:\\\/\\\/schema.org\",\"@graph\":[{\"@type\":\"WebPage\",\"@id\":\"https:\\\/\\\/gastora.eu\\\/product\\\/mixer-plantaire-7-l-jusqu-2-kg-de-pte-noir\\\/\",\"url\":\"https:\\\/\\\/gastora.eu\\\/product\\\/mixer-plantaire-7-l-jusqu-2-kg-de-pte-noir\\\/\",\"name\":\"Mixer plan\u00e9taire - 7 L - jusqu'\u00e0 2 kg de p\u00e2te - noir - Gastora\",\"isPartOf\":{\"@id\":\"https:\\\/\\\/gastora.eu\\\/#website\"},\"primaryImageOfPage\":{\"@id\":\"https:\\\/\\\/gastora.eu\\\/product\\\/mixer-plantaire-7-l-jusqu-2-kg-de-pte-noir\\\/#primaryimage\"},\"image\":{\"@id\":\"https:\\\/\\\/gastora.eu\\\/product\\\/mixer-plantaire-7-l-jusqu-2-kg-de-pte-noir\\\/#primaryimage\"},\"thumbnailUrl\":\"https:\\\/\\\/gastora.eu\\\/wp-content\\\/uploads\\\/2026\\\/04\\\/1_img__6030_1.jpg\",\"datePublished\":\"2026-04-25T17:47:48+00:00\",\"dateModified\":\"2026-04-28T16:56:18+00:00\",\"description\":\"Achetez Mixer plan\u00e9taire - 7 L - jusqu'\u00e0 2 kg de p\u00e2te - noir au meilleur prix, fiable et performant avec une livraison rapide\",\"breadcrumb\":{\"@id\":\"https:\\\/\\\/gastora.eu\\\/product\\\/mixer-plantaire-7-l-jusqu-2-kg-de-pte-noir\\\/#breadcrumb\"},\"inLanguage\":\"en-US\",\"potentialAction\":[{\"@type\":\"ReadAction\",\"target\":[\"https:\\\/\\\/gastora.eu\\\/product\\\/mixer-plantaire-7-l-jusqu-2-kg-de-pte-noir\\\/\"]}]},{\"@type\":\"ImageObject\",\"inLanguage\":\"en-US\",\"@id\":\"https:\\\/\\\/gastora.eu\\\/product\\\/mixer-plantaire-7-l-jusqu-2-kg-de-pte-noir\\\/#primaryimage\",\"url\":\"https:\\\/\\\/gastora.eu\\\/wp-content\\\/uploads\\\/2026\\\/04\\\/1_img__6030_1.jpg\",\"contentUrl\":\"https:\\\/\\\/gastora.eu\\\/wp-content\\\/uploads\\\/2026\\\/04\\\/1_img__6030_1.jpg\",\"width\":1200,\"height\":1200},{\"@type\":\"BreadcrumbList\",\"@id\":\"https:\\\/\\\/gastora.eu\\\/product\\\/mixer-plantaire-7-l-jusqu-2-kg-de-pte-noir\\\/#breadcrumb\",\"itemListElement\":[{\"@type\":\"ListItem\",\"position\":1,\"name\":\"Home\",\"item\":\"https:\\\/\\\/gastora.eu\\\/\"},{\"@type\":\"ListItem\",\"position\":2,\"name\":\"Shop\",\"item\":\"https:\\\/\\\/gastora.eu\\\/shop\\\/\"},{\"@type\":\"ListItem\",\"position\":3,\"name\":\"Mixer plan\u00e9taire &#8211; 7 L &#8211; jusqu&#8217;\u00e0 2 kg de p\u00e2te &#8211; noir\"}]},{\"@type\":\"WebSite\",\"@id\":\"https:\\\/\\\/gastora.eu\\\/#website\",\"url\":\"https:\\\/\\\/gastora.eu\\\/\",\"name\":\"Gastora\",\"description\":\"\u00c9quipements professionnels CHR\",\"publisher\":{\"@id\":\"https:\\\/\\\/gastora.eu\\\/#organization\"},\"potentialAction\":[{\"@type\":\"SearchAction\",\"target\":{\"@type\":\"EntryPoint\",\"urlTemplate\":\"https:\\\/\\\/gastora.eu\\\/?s={search_term_string}\"},\"query-input\":{\"@type\":\"PropertyValueSpecification\",\"valueRequired\":true,\"valueName\":\"search_term_string\"}}],\"inLanguage\":\"en-US\"},{\"@type\":\"Organization\",\"@id\":\"https:\\\/\\\/gastora.eu\\\/#organization\",\"name\":\"Gastora\",\"url\":\"https:\\\/\\\/gastora.eu\\\/\",\"logo\":{\"@type\":\"ImageObject\",\"inLanguage\":\"en-US\",\"@id\":\"https:\\\/\\\/gastora.eu\\\/#\\\/schema\\\/logo\\\/image\\\/\",\"url\":\"https:\\\/\\\/gastora.eu\\\/wp-content\\\/uploads\\\/2025\\\/12\\\/ChatGPT-Image-2-janv.-2026-22_52_47-1.png\",\"contentUrl\":\"https:\\\/\\\/gastora.eu\\\/wp-content\\\/uploads\\\/2025\\\/12\\\/ChatGPT-Image-2-janv.-2026-22_52_47-1.png\",\"width\":1536,\"height\":320,\"caption\":\"Gastora\"},\"image\":{\"@id\":\"https:\\\/\\\/gastora.eu\\\/#\\\/schema\\\/logo\\\/image\\\/\"}}]}<\/script>\n<!-- \/ Yoast SEO plugin. -->","yoast_head_json":{"title":"Mixer plan\u00e9taire - 7 L - jusqu'\u00e0 2 kg de p\u00e2te - noir - Gastora","description":"Achetez Mixer plan\u00e9taire - 7 L - jusqu'\u00e0 2 kg de p\u00e2te - noir au meilleur prix, fiable et performant avec une livraison rapide","robots":{"index":"index","follow":"follow","max-snippet":"max-snippet:-1","max-image-preview":"max-image-preview:large","max-video-preview":"max-video-preview:-1"},"canonical":"https:\/\/gastora.eu\/en\/product\/mixer-plantaire-7-l-jusqu-2-kg-de-pte-noir\/","og_locale":"en_US","og_type":"article","og_title":"Mixer plan\u00e9taire - 7 L - jusqu'\u00e0 2 kg de p\u00e2te - noir - Gastora","og_description":"Achetez Mixer plan\u00e9taire - 7 L - jusqu'\u00e0 2 kg de p\u00e2te - noir au meilleur prix, fiable et performant avec une livraison rapide","og_url":"https:\/\/gastora.eu\/en\/product\/mixer-plantaire-7-l-jusqu-2-kg-de-pte-noir\/","og_site_name":"Gastora","article_modified_time":"2026-04-28T16:56:18+00:00","twitter_card":"summary_large_image","twitter_misc":{"Est. reading time":"2 minutes"},"schema":{"@context":"https:\/\/schema.org","@graph":[{"@type":"WebPage","@id":"https:\/\/gastora.eu\/product\/mixer-plantaire-7-l-jusqu-2-kg-de-pte-noir\/","url":"https:\/\/gastora.eu\/product\/mixer-plantaire-7-l-jusqu-2-kg-de-pte-noir\/","name":"Mixer plan\u00e9taire - 7 L - jusqu'\u00e0 2 kg de p\u00e2te - noir - Gastora","isPartOf":{"@id":"https:\/\/gastora.eu\/#website"},"primaryImageOfPage":{"@id":"https:\/\/gastora.eu\/product\/mixer-plantaire-7-l-jusqu-2-kg-de-pte-noir\/#primaryimage"},"image":{"@id":"https:\/\/gastora.eu\/product\/mixer-plantaire-7-l-jusqu-2-kg-de-pte-noir\/#primaryimage"},"thumbnailUrl":"https:\/\/gastora.eu\/wp-content\/uploads\/2026\/04\/1_img__6030_1.jpg","datePublished":"2026-04-25T17:47:48+00:00","dateModified":"2026-04-28T16:56:18+00:00","description":"Achetez Mixer plan\u00e9taire - 7 L - jusqu'\u00e0 2 kg de p\u00e2te - noir au meilleur prix, fiable et performant avec une livraison rapide","breadcrumb":{"@id":"https:\/\/gastora.eu\/product\/mixer-plantaire-7-l-jusqu-2-kg-de-pte-noir\/#breadcrumb"},"inLanguage":"en-US","potentialAction":[{"@type":"ReadAction","target":["https:\/\/gastora.eu\/product\/mixer-plantaire-7-l-jusqu-2-kg-de-pte-noir\/"]}]},{"@type":"ImageObject","inLanguage":"en-US","@id":"https:\/\/gastora.eu\/product\/mixer-plantaire-7-l-jusqu-2-kg-de-pte-noir\/#primaryimage","url":"https:\/\/gastora.eu\/wp-content\/uploads\/2026\/04\/1_img__6030_1.jpg","contentUrl":"https:\/\/gastora.eu\/wp-content\/uploads\/2026\/04\/1_img__6030_1.jpg","width":1200,"height":1200},{"@type":"BreadcrumbList","@id":"https:\/\/gastora.eu\/product\/mixer-plantaire-7-l-jusqu-2-kg-de-pte-noir\/#breadcrumb","itemListElement":[{"@type":"ListItem","position":1,"name":"Home","item":"https:\/\/gastora.eu\/"},{"@type":"ListItem","position":2,"name":"Shop","item":"https:\/\/gastora.eu\/shop\/"},{"@type":"ListItem","position":3,"name":"Mixer plan\u00e9taire &#8211; 7 L &#8211; jusqu&#8217;\u00e0 2 kg de p\u00e2te &#8211; noir"}]},{"@type":"WebSite","@id":"https:\/\/gastora.eu\/#website","url":"https:\/\/gastora.eu\/","name":"Gastora","description":"\u00c9quipements professionnels CHR","publisher":{"@id":"https:\/\/gastora.eu\/#organization"},"potentialAction":[{"@type":"SearchAction","target":{"@type":"EntryPoint","urlTemplate":"https:\/\/gastora.eu\/?s={search_term_string}"},"query-input":{"@type":"PropertyValueSpecification","valueRequired":true,"valueName":"search_term_string"}}],"inLanguage":"en-US"},{"@type":"Organization","@id":"https:\/\/gastora.eu\/#organization","name":"Gastora","url":"https:\/\/gastora.eu\/","logo":{"@type":"ImageObject","inLanguage":"en-US","@id":"https:\/\/gastora.eu\/#\/schema\/logo\/image\/","url":"https:\/\/gastora.eu\/wp-content\/uploads\/2025\/12\/ChatGPT-Image-2-janv.-2026-22_52_47-1.png","contentUrl":"https:\/\/gastora.eu\/wp-content\/uploads\/2025\/12\/ChatGPT-Image-2-janv.-2026-22_52_47-1.png","width":1536,"height":320,"caption":"Gastora"},"image":{"@id":"https:\/\/gastora.eu\/#\/schema\/logo\/image\/"}}]}},"jetpack_sharing_enabled":true,"_links":{"self":[{"href":"https:\/\/gastora.eu\/en\/wp-json\/wp\/v2\/product\/14319","targetHints":{"allow":["GET"]}}],"collection":[{"href":"https:\/\/gastora.eu\/en\/wp-json\/wp\/v2\/product"}],"about":[{"href":"https:\/\/gastora.eu\/en\/wp-json\/wp\/v2\/types\/product"}],"wp:featuredmedia":[{"embeddable":true,"href":"https:\/\/gastora.eu\/en\/wp-json\/wp\/v2\/media\/7386"}],"wp:attachment":[{"href":"https:\/\/gastora.eu\/en\/wp-json\/wp\/v2\/media?parent=14319"}],"wp:term":[{"taxonomy":"product_brand","embeddable":true,"href":"https:\/\/gastora.eu\/en\/wp-json\/wp\/v2\/product_brand?post=14319"},{"taxonomy":"product_cat","embeddable":true,"href":"https:\/\/gastora.eu\/en\/wp-json\/wp\/v2\/product_cat?post=14319"},{"taxonomy":"product_tag","embeddable":true,"href":"https:\/\/gastora.eu\/en\/wp-json\/wp\/v2\/product_tag?post=14319"}],"curies":[{"name":"wp","href":"https:\/\/api.w.org\/{rel}","templated":true}]}}