{"id":14318,"date":"2026-04-25T17:47:47","date_gmt":"2026-04-25T17:47:47","guid":{"rendered":"https:\/\/gastora.eu\/?post_type=product&#038;p=14318"},"modified":"2026-04-28T16:56:18","modified_gmt":"2026-04-28T16:56:18","slug":"heavy-duty-cuisinire-4-brleurs-unit-double-profondeur-70-cm-36kw-gaz-incl-four-lectrique","status":"publish","type":"product","link":"https:\/\/gastora.eu\/en\/product\/heavy-duty-cuisinire-4-brleurs-unit-double-profondeur-70-cm-36kw-gaz-incl-four-lectrique\/","title":{"rendered":"Heavy Duty cuisini\u00e8re &#8211; 4 br\u00fbleurs &#8211; unit\u00e9 double -profondeur  70 cm &#8211; 36kW &#8211; gaz incl four \u00e9lectrique"},"content":{"rendered":"<h2>Cuisini\u00e8re \u00e0 gaz \u00e0 usage intensif &#8211; 4 br\u00fbleurs &#8211; avec four \u00e9lectrique &#8211; 36kW &#8211; 70cm de profondeur<\/h2>\n<p>La cuisini\u00e8re \u00e0 gaz Maxima Heavy Duty &#8211; 4 br\u00fbleurs &#8211; avec four \u00e9lectrique est une cuisini\u00e8re de luxe \u00e0 usage intensif. Cet appareil de qualit\u00e9 robuste est adapt\u00e9 \u00e0 une utilisation intensive pendant de nombreuses ann\u00e9es. Acier inoxydable \u00e9pais avec un design ergonomique. La qualit\u00e9 de Maxima !<\/p>\n<ul>\n<li>Cuisini\u00e8re \u00e0 usage intensif &#8211; 4 br\u00fbleurs &#8211; four inclus &#8211; gaz<\/li>\n<li>Bo\u00eetier enti\u00e8rement en acier inoxydable<\/li>\n<li>Supports de casseroles en fonte lourde<\/li>\n<li>Dessus soud\u00e9 sans soudure<\/li>\n<li>Br\u00fbleurs chrom\u00e9s pour une meilleure performance<\/li>\n<li>Composants lourds<\/li>\n<li>Allumage \u00e9lectrique pi\u00e9zo\u00e9lectrique<\/li>\n<li>Equip\u00e9 d&#8217;une veilleuse<\/li>\n<li>Thermostat de s\u00e9curit\u00e9 100 &#8211; 300 degr\u00e9s Celsius<\/li>\n<li>Soupape de s\u00e9curit\u00e9 pour le gaz avec thermocouple<\/li>\n<li>Convient pour le GPL ou le gaz naturel<\/li>\n<li>Construction tr\u00e8s durable<\/li>\n<li>Conception hygi\u00e9nique<\/li>\n<li>Facile \u00e0 nettoyer<\/li>\n<li>Caract\u00e9ristiques ergonomiques<\/li>\n<\/ul>\n<p>Chambre de cuisson enti\u00e8rement en acier inoxydable<\/p>\n<ul>\n<li>Grille chrom\u00e9e \u00e0 3 niveaux pour GN 2\/1<\/li>\n<li>Porte du four en acier inoxydable de 40 mm d&#8217;\u00e9paisseur<\/li>\n<li>Thermostat de s\u00e9curit\u00e9 100 &#8211; 300 degr\u00e9s Celsius<\/li>\n<\/ul>\n<ul>\n<li>Poids net : 100 kg<\/li>\n<li>Dimensions : B80 x D70 x H85cm<\/li>\n<li>Puissance de sortie : 4 x 7,5kW<\/li>\n<li>Puissance du four : 6,0kW<\/li>\n<li>Puissance totale : 36,0kW<\/li>\n<li>400V \/ 50Hz \/ 3Phase 6000W<\/li>\n<\/ul>\n<p><strong>Ce produit est fourni sans fiche<\/strong><\/p>","protected":false},"excerpt":{"rendered":"<p>La cuisini\u00e8re \u00e0 gaz Maxima Heavy Duty &#8211; 4 br\u00fbleurs &#8211; avec four \u00e9lectrique est une cuisini\u00e8re de luxe \u00e0 usage intensif. Cet appareil de qualit\u00e9 robuste est adapt\u00e9 \u00e0 une utilisation intensive pendant de nombreuses ann\u00e9es. Acier inoxydable \u00e9pais avec un design ergonomique. La qualit\u00e9 de Maxima !<\/p>","protected":false},"featured_media":7384,"template":"","meta":{"_acf_changed":false},"product_brand":[],"product_cat":[495],"product_tag":[],"class_list":{"0":"post-14318","1":"product","2":"type-product","3":"status-publish","4":"has-post-thumbnail","6":"product_cat-plaques-pianos-de-cuisson-2","8":"first","9":"instock","10":"sale","11":"taxable","12":"shipping-taxable","13":"purchasable","14":"product-type-simple"},"acf":[],"yoast_head":"<!-- This site is optimized with the Yoast SEO plugin v27.5 - https:\/\/yoast.com\/product\/yoast-seo-wordpress\/ -->\n<title>Heavy Duty cuisini\u00e8re - 4 br\u00fbleurs - unit\u00e9 double -profondeur 70 cm - 36kW - gaz incl four \u00e9lectrique - Gastora<\/title>\n<meta name=\"description\" content=\"Achetez Heavy Duty cuisini\u00e8re - 4 br\u00fbleurs - unit\u00e9 double -profondeur 70 cm - 36kW - gaz incl four \u00e9lectrique au meilleur prix, fiable et performant avec une livraison rapide\" \/>\n<meta name=\"robots\" content=\"index, follow, max-snippet:-1, max-image-preview:large, max-video-preview:-1\" \/>\n<link rel=\"canonical\" href=\"https:\/\/gastora.eu\/en\/product\/heavy-duty-cuisinire-4-brleurs-unit-double-profondeur-70-cm-36kw-gaz-incl-four-lectrique\/\" \/>\n<meta property=\"og:locale\" content=\"en_US\" \/>\n<meta property=\"og:type\" content=\"article\" \/>\n<meta property=\"og:title\" content=\"Heavy Duty cuisini\u00e8re - 4 br\u00fbleurs - unit\u00e9 double -profondeur 70 cm - 36kW - gaz incl four \u00e9lectrique - Gastora\" \/>\n<meta property=\"og:description\" content=\"Achetez Heavy Duty cuisini\u00e8re - 4 br\u00fbleurs - unit\u00e9 double -profondeur 70 cm - 36kW - gaz incl four \u00e9lectrique au meilleur prix, fiable et performant avec une livraison rapide\" \/>\n<meta property=\"og:url\" content=\"https:\/\/gastora.eu\/en\/product\/heavy-duty-cuisinire-4-brleurs-unit-double-profondeur-70-cm-36kw-gaz-incl-four-lectrique\/\" \/>\n<meta property=\"og:site_name\" content=\"Gastora\" \/>\n<meta property=\"article:modified_time\" content=\"2026-04-28T16:56:18+00:00\" \/>\n<meta name=\"twitter:card\" content=\"summary_large_image\" \/>\n<meta name=\"twitter:label1\" content=\"Est. reading time\" \/>\n\t<meta name=\"twitter:data1\" content=\"1 minute\" \/>\n<script type=\"application\/ld+json\" class=\"yoast-schema-graph\">{\"@context\":\"https:\\\/\\\/schema.org\",\"@graph\":[{\"@type\":\"WebPage\",\"@id\":\"https:\\\/\\\/gastora.eu\\\/product\\\/heavy-duty-cuisinire-4-brleurs-unit-double-profondeur-70-cm-36kw-gaz-incl-four-lectrique\\\/\",\"url\":\"https:\\\/\\\/gastora.eu\\\/product\\\/heavy-duty-cuisinire-4-brleurs-unit-double-profondeur-70-cm-36kw-gaz-incl-four-lectrique\\\/\",\"name\":\"Heavy Duty cuisini\u00e8re - 4 br\u00fbleurs - unit\u00e9 double -profondeur 70 cm - 36kW - gaz incl four \u00e9lectrique - Gastora\",\"isPartOf\":{\"@id\":\"https:\\\/\\\/gastora.eu\\\/#website\"},\"primaryImageOfPage\":{\"@id\":\"https:\\\/\\\/gastora.eu\\\/product\\\/heavy-duty-cuisinire-4-brleurs-unit-double-profondeur-70-cm-36kw-gaz-incl-four-lectrique\\\/#primaryimage\"},\"image\":{\"@id\":\"https:\\\/\\\/gastora.eu\\\/product\\\/heavy-duty-cuisinire-4-brleurs-unit-double-profondeur-70-cm-36kw-gaz-incl-four-lectrique\\\/#primaryimage\"},\"thumbnailUrl\":\"https:\\\/\\\/gastora.eu\\\/wp-content\\\/uploads\\\/2026\\\/04\\\/7865.n1.80708.10els.jpg\",\"datePublished\":\"2026-04-25T17:47:47+00:00\",\"dateModified\":\"2026-04-28T16:56:18+00:00\",\"description\":\"Achetez Heavy Duty cuisini\u00e8re - 4 br\u00fbleurs - unit\u00e9 double -profondeur 70 cm - 36kW - gaz incl four \u00e9lectrique au meilleur prix, fiable et performant avec une livraison rapide\",\"breadcrumb\":{\"@id\":\"https:\\\/\\\/gastora.eu\\\/product\\\/heavy-duty-cuisinire-4-brleurs-unit-double-profondeur-70-cm-36kw-gaz-incl-four-lectrique\\\/#breadcrumb\"},\"inLanguage\":\"en-US\",\"potentialAction\":[{\"@type\":\"ReadAction\",\"target\":[\"https:\\\/\\\/gastora.eu\\\/product\\\/heavy-duty-cuisinire-4-brleurs-unit-double-profondeur-70-cm-36kw-gaz-incl-four-lectrique\\\/\"]}]},{\"@type\":\"ImageObject\",\"inLanguage\":\"en-US\",\"@id\":\"https:\\\/\\\/gastora.eu\\\/product\\\/heavy-duty-cuisinire-4-brleurs-unit-double-profondeur-70-cm-36kw-gaz-incl-four-lectrique\\\/#primaryimage\",\"url\":\"https:\\\/\\\/gastora.eu\\\/wp-content\\\/uploads\\\/2026\\\/04\\\/7865.n1.80708.10els.jpg\",\"contentUrl\":\"https:\\\/\\\/gastora.eu\\\/wp-content\\\/uploads\\\/2026\\\/04\\\/7865.n1.80708.10els.jpg\",\"width\":1200,\"height\":1200},{\"@type\":\"BreadcrumbList\",\"@id\":\"https:\\\/\\\/gastora.eu\\\/product\\\/heavy-duty-cuisinire-4-brleurs-unit-double-profondeur-70-cm-36kw-gaz-incl-four-lectrique\\\/#breadcrumb\",\"itemListElement\":[{\"@type\":\"ListItem\",\"position\":1,\"name\":\"Home\",\"item\":\"https:\\\/\\\/gastora.eu\\\/\"},{\"@type\":\"ListItem\",\"position\":2,\"name\":\"Shop\",\"item\":\"https:\\\/\\\/gastora.eu\\\/shop\\\/\"},{\"@type\":\"ListItem\",\"position\":3,\"name\":\"Heavy Duty cuisini\u00e8re &#8211; 4 br\u00fbleurs &#8211; unit\u00e9 double -profondeur 70 cm &#8211; 36kW &#8211; gaz incl four \u00e9lectrique\"}]},{\"@type\":\"WebSite\",\"@id\":\"https:\\\/\\\/gastora.eu\\\/#website\",\"url\":\"https:\\\/\\\/gastora.eu\\\/\",\"name\":\"Gastora\",\"description\":\"\u00c9quipements professionnels CHR\",\"publisher\":{\"@id\":\"https:\\\/\\\/gastora.eu\\\/#organization\"},\"potentialAction\":[{\"@type\":\"SearchAction\",\"target\":{\"@type\":\"EntryPoint\",\"urlTemplate\":\"https:\\\/\\\/gastora.eu\\\/?s={search_term_string}\"},\"query-input\":{\"@type\":\"PropertyValueSpecification\",\"valueRequired\":true,\"valueName\":\"search_term_string\"}}],\"inLanguage\":\"en-US\"},{\"@type\":\"Organization\",\"@id\":\"https:\\\/\\\/gastora.eu\\\/#organization\",\"name\":\"Gastora\",\"url\":\"https:\\\/\\\/gastora.eu\\\/\",\"logo\":{\"@type\":\"ImageObject\",\"inLanguage\":\"en-US\",\"@id\":\"https:\\\/\\\/gastora.eu\\\/#\\\/schema\\\/logo\\\/image\\\/\",\"url\":\"https:\\\/\\\/gastora.eu\\\/wp-content\\\/uploads\\\/2025\\\/12\\\/ChatGPT-Image-2-janv.-2026-22_52_47-1.png\",\"contentUrl\":\"https:\\\/\\\/gastora.eu\\\/wp-content\\\/uploads\\\/2025\\\/12\\\/ChatGPT-Image-2-janv.-2026-22_52_47-1.png\",\"width\":1536,\"height\":320,\"caption\":\"Gastora\"},\"image\":{\"@id\":\"https:\\\/\\\/gastora.eu\\\/#\\\/schema\\\/logo\\\/image\\\/\"}}]}<\/script>\n<!-- \/ Yoast SEO plugin. -->","yoast_head_json":{"title":"Heavy Duty cuisini\u00e8re - 4 br\u00fbleurs - unit\u00e9 double -profondeur 70 cm - 36kW - gaz incl four \u00e9lectrique - Gastora","description":"Achetez Heavy Duty cuisini\u00e8re - 4 br\u00fbleurs - unit\u00e9 double -profondeur 70 cm - 36kW - gaz incl four \u00e9lectrique au meilleur prix, fiable et performant avec une livraison rapide","robots":{"index":"index","follow":"follow","max-snippet":"max-snippet:-1","max-image-preview":"max-image-preview:large","max-video-preview":"max-video-preview:-1"},"canonical":"https:\/\/gastora.eu\/en\/product\/heavy-duty-cuisinire-4-brleurs-unit-double-profondeur-70-cm-36kw-gaz-incl-four-lectrique\/","og_locale":"en_US","og_type":"article","og_title":"Heavy Duty cuisini\u00e8re - 4 br\u00fbleurs - unit\u00e9 double -profondeur 70 cm - 36kW - gaz incl four \u00e9lectrique - Gastora","og_description":"Achetez Heavy Duty cuisini\u00e8re - 4 br\u00fbleurs - unit\u00e9 double -profondeur 70 cm - 36kW - gaz incl four \u00e9lectrique au meilleur prix, fiable et performant avec une livraison rapide","og_url":"https:\/\/gastora.eu\/en\/product\/heavy-duty-cuisinire-4-brleurs-unit-double-profondeur-70-cm-36kw-gaz-incl-four-lectrique\/","og_site_name":"Gastora","article_modified_time":"2026-04-28T16:56:18+00:00","twitter_card":"summary_large_image","twitter_misc":{"Est. reading time":"1 minute"},"schema":{"@context":"https:\/\/schema.org","@graph":[{"@type":"WebPage","@id":"https:\/\/gastora.eu\/product\/heavy-duty-cuisinire-4-brleurs-unit-double-profondeur-70-cm-36kw-gaz-incl-four-lectrique\/","url":"https:\/\/gastora.eu\/product\/heavy-duty-cuisinire-4-brleurs-unit-double-profondeur-70-cm-36kw-gaz-incl-four-lectrique\/","name":"Heavy Duty cuisini\u00e8re - 4 br\u00fbleurs - unit\u00e9 double -profondeur 70 cm - 36kW - gaz incl four \u00e9lectrique - Gastora","isPartOf":{"@id":"https:\/\/gastora.eu\/#website"},"primaryImageOfPage":{"@id":"https:\/\/gastora.eu\/product\/heavy-duty-cuisinire-4-brleurs-unit-double-profondeur-70-cm-36kw-gaz-incl-four-lectrique\/#primaryimage"},"image":{"@id":"https:\/\/gastora.eu\/product\/heavy-duty-cuisinire-4-brleurs-unit-double-profondeur-70-cm-36kw-gaz-incl-four-lectrique\/#primaryimage"},"thumbnailUrl":"https:\/\/gastora.eu\/wp-content\/uploads\/2026\/04\/7865.n1.80708.10els.jpg","datePublished":"2026-04-25T17:47:47+00:00","dateModified":"2026-04-28T16:56:18+00:00","description":"Achetez Heavy Duty cuisini\u00e8re - 4 br\u00fbleurs - unit\u00e9 double -profondeur 70 cm - 36kW - gaz incl four \u00e9lectrique au meilleur prix, fiable et performant avec une livraison rapide","breadcrumb":{"@id":"https:\/\/gastora.eu\/product\/heavy-duty-cuisinire-4-brleurs-unit-double-profondeur-70-cm-36kw-gaz-incl-four-lectrique\/#breadcrumb"},"inLanguage":"en-US","potentialAction":[{"@type":"ReadAction","target":["https:\/\/gastora.eu\/product\/heavy-duty-cuisinire-4-brleurs-unit-double-profondeur-70-cm-36kw-gaz-incl-four-lectrique\/"]}]},{"@type":"ImageObject","inLanguage":"en-US","@id":"https:\/\/gastora.eu\/product\/heavy-duty-cuisinire-4-brleurs-unit-double-profondeur-70-cm-36kw-gaz-incl-four-lectrique\/#primaryimage","url":"https:\/\/gastora.eu\/wp-content\/uploads\/2026\/04\/7865.n1.80708.10els.jpg","contentUrl":"https:\/\/gastora.eu\/wp-content\/uploads\/2026\/04\/7865.n1.80708.10els.jpg","width":1200,"height":1200},{"@type":"BreadcrumbList","@id":"https:\/\/gastora.eu\/product\/heavy-duty-cuisinire-4-brleurs-unit-double-profondeur-70-cm-36kw-gaz-incl-four-lectrique\/#breadcrumb","itemListElement":[{"@type":"ListItem","position":1,"name":"Home","item":"https:\/\/gastora.eu\/"},{"@type":"ListItem","position":2,"name":"Shop","item":"https:\/\/gastora.eu\/shop\/"},{"@type":"ListItem","position":3,"name":"Heavy Duty cuisini\u00e8re &#8211; 4 br\u00fbleurs &#8211; unit\u00e9 double -profondeur 70 cm &#8211; 36kW &#8211; gaz incl four \u00e9lectrique"}]},{"@type":"WebSite","@id":"https:\/\/gastora.eu\/#website","url":"https:\/\/gastora.eu\/","name":"Gastora","description":"\u00c9quipements professionnels CHR","publisher":{"@id":"https:\/\/gastora.eu\/#organization"},"potentialAction":[{"@type":"SearchAction","target":{"@type":"EntryPoint","urlTemplate":"https:\/\/gastora.eu\/?s={search_term_string}"},"query-input":{"@type":"PropertyValueSpecification","valueRequired":true,"valueName":"search_term_string"}}],"inLanguage":"en-US"},{"@type":"Organization","@id":"https:\/\/gastora.eu\/#organization","name":"Gastora","url":"https:\/\/gastora.eu\/","logo":{"@type":"ImageObject","inLanguage":"en-US","@id":"https:\/\/gastora.eu\/#\/schema\/logo\/image\/","url":"https:\/\/gastora.eu\/wp-content\/uploads\/2025\/12\/ChatGPT-Image-2-janv.-2026-22_52_47-1.png","contentUrl":"https:\/\/gastora.eu\/wp-content\/uploads\/2025\/12\/ChatGPT-Image-2-janv.-2026-22_52_47-1.png","width":1536,"height":320,"caption":"Gastora"},"image":{"@id":"https:\/\/gastora.eu\/#\/schema\/logo\/image\/"}}]}},"jetpack_sharing_enabled":true,"_links":{"self":[{"href":"https:\/\/gastora.eu\/en\/wp-json\/wp\/v2\/product\/14318","targetHints":{"allow":["GET"]}}],"collection":[{"href":"https:\/\/gastora.eu\/en\/wp-json\/wp\/v2\/product"}],"about":[{"href":"https:\/\/gastora.eu\/en\/wp-json\/wp\/v2\/types\/product"}],"wp:featuredmedia":[{"embeddable":true,"href":"https:\/\/gastora.eu\/en\/wp-json\/wp\/v2\/media\/7384"}],"wp:attachment":[{"href":"https:\/\/gastora.eu\/en\/wp-json\/wp\/v2\/media?parent=14318"}],"wp:term":[{"taxonomy":"product_brand","embeddable":true,"href":"https:\/\/gastora.eu\/en\/wp-json\/wp\/v2\/product_brand?post=14318"},{"taxonomy":"product_cat","embeddable":true,"href":"https:\/\/gastora.eu\/en\/wp-json\/wp\/v2\/product_cat?post=14318"},{"taxonomy":"product_tag","embeddable":true,"href":"https:\/\/gastora.eu\/en\/wp-json\/wp\/v2\/product_tag?post=14318"}],"curies":[{"name":"wp","href":"https:\/\/api.w.org\/{rel}","templated":true}]}}