{"id":14317,"date":"2026-04-25T17:47:44","date_gmt":"2026-04-25T17:47:44","guid":{"rendered":"https:\/\/gastora.eu\/?post_type=product&#038;p=14317"},"modified":"2026-04-28T16:56:18","modified_gmt":"2026-04-28T16:56:18","slug":"machine-chantilly-5-l-100-lh","status":"publish","type":"product","link":"https:\/\/gastora.eu\/en\/product\/machine-chantilly-5-l-100-lh\/","title":{"rendered":"Machine \u00e0 chantilly &#8211; 5 L &#8211; 100 L\/h"},"content":{"rendered":"<p>L&#8217;utilisation d&#8217;une machine \u00e0 cr\u00e8me fouett\u00e9e professionnelle permet de ne plus avoir \u00e0 fouetter la cr\u00e8me \u00e0 la main ou \u00e0 utiliser des versions en a\u00e9rosol qui ne sont pas stables. C&#8217;est le moyen id\u00e9al de garnir les desserts sans avoir \u00e0 se soucier de la pr\u00e9paration. Outre la d\u00e9licieuse cr\u00e8me fra\u00eeche, vous pouvez \u00e9galement l&#8217;utiliser pour fouetter des cr\u00e8mes UHT parfaitement stables, des cr\u00e8mes sucr\u00e9es et m\u00eame des cr\u00e8mes aromatis\u00e9es. La mousse de lait, les desserts glac\u00e9s et les mousses peuvent \u00e9galement b\u00e9n\u00e9ficier de cette machine \u00e0 chantilly professionnelle.<\/p>\n<h3>Id\u00e9al pour fouetter et refroidir<\/h3>\n<p>Cette machine \u00e0 cr\u00e8me fouett\u00e9e robuste a une capacit\u00e9 de production allant jusqu&#8217;\u00e0 100 litres de cr\u00e8me fra\u00eechement fouett\u00e9e par heure. La pompe rotative est parfaitement capable de traiter les cr\u00e8mes l\u00e9g\u00e8res et lourdes pour vous donner une texture lisse et stable. Cet appareil permet non seulement de fabriquer de la cr\u00e8me fouett\u00e9e, mais aussi de conserver la cr\u00e8me liquide et la cr\u00e8me fouett\u00e9e au frais. La cr\u00e8me liquide reste constamment r\u00e9frig\u00e9r\u00e9e dans le r\u00e9servoir de 5 litres \u00e0 une temp\u00e9rature de 4\u2070C, facilement lisible \u00e0 l&#8217;aide de la jauge de temp\u00e9rature num\u00e9rique. Comme le r\u00e9cipient est refroidi indirectement, il n&#8217;y a pas de s\u00e9paration de la graisse et de l&#8217;eau. L&#8217;appareil est \u00e9galement \u00e9quip\u00e9 d&#8217;un syst\u00e8me de refroidissement par air et utilise le r\u00e9frig\u00e9rant R290. En outre, le couvercle transparent permet de voir facilement la quantit\u00e9 de cr\u00e8me liquide contenue dans le r\u00e9servoir. Il s&#8217;agit \u00e9galement d&#8217;une machine tr\u00e8s silencieuse dot\u00e9e de boutons de commande simples mais robustes.<\/p>\n<h3>Syst\u00e8me de nettoyage facile<\/h3>\n<p>Le bo\u00eetier, le r\u00e9servoir et le support du bac de r\u00e9cup\u00e9ration de cette machine \u00e0 cr\u00e8me fouett\u00e9e professionnelle sont tous fabriqu\u00e9s en acier inoxydable lisse, ce qui les rend tr\u00e8s faciles \u00e0 nettoyer. Commencez par verser de l&#8217;eau chaude dans le r\u00e9servoir de liquide. Appuyez ensuite sur le bouton et maintenez-le enfonc\u00e9 jusqu&#8217;\u00e0 ce que la proc\u00e9dure de rin\u00e7age soit termin\u00e9e et qu&#8217;il n&#8217;y ait plus d&#8217;eau qui s&#8217;\u00e9coule. Toutes les parties amovibles peuvent \u00eatre nettoy\u00e9es avec un peu d&#8217;eau chaude et un d\u00e9tergent doux. Veillez \u00e0 bien les rincer \u00e0 l&#8217;eau claire avant de les s\u00e9cher et de les remettre en place. La machine peut \u00e9galement \u00eatre d\u00e9sinfect\u00e9e en utilisant la proc\u00e9dure de rin\u00e7age.<\/p>\n<p><strong>Caract\u00e9ristiques<\/strong><\/p>\n<ul>\n<li>Bac d&#8217;\u00e9gouttage en plastique amovible<\/li>\n<li>Facile \u00e0 d\u00e9monter pour le nettoyage<\/li>\n<li>R\u00e9servoir de liquide amovible de 2 litres<\/li>\n<li>Syst\u00e8me de r\u00e9frig\u00e9ration refroidi par air<\/li>\n<li>Syst\u00e8me de refroidissement efficace avec R290<\/li>\n<li>Affichage num\u00e9rique pr\u00e9cis de la temp\u00e9rature<\/li>\n<li>Interrupteurs de commande simples et robustes<\/li>\n<\/ul>\n<p><strong>Caract\u00e9ristiques du produit<\/strong><\/p>\n<ul>\n<li>Poids net : 30 kg<\/li>\n<li>Dimensions : L28 x P44 x H40cm L28 x P44 x H40cm<\/li>\n<li>Capacit\u00e9 du r\u00e9servoir : 5L<\/li>\n<li>Capacit\u00e9 de production : 100L par heure<\/li>\n<li>230V \/ 50Hz \/ 1 Phase 400W<\/li>\n<\/ul>\n<p><em>Incluant<\/em><\/p>\n<ul>\n<li><em>Sku 09505035 : Labyrinthe 1.5 (cr\u00e8me normale 33 &#8211; 35% de mati\u00e8re grasse)<\/em><\/li>\n<\/ul>\n<p><em>A l&#8217;exclusion de<\/em><\/p>\n<ul>\n<li><em>Sku 09505066 : Labyrinth 1.4 (cr\u00e8me all\u00e9g\u00e9e 29 &#8211; 32% de mati\u00e8res grasses)<\/em><\/li>\n<li><em>Sku 09505036 : Labyrinth 1.6 (cr\u00e8me enti\u00e8re 36 &#8211; 40% de mati\u00e8res grasses)<\/em><\/li>\n<li><em>Sku 09505067 : Labyrinthe 1.8 (cr\u00e8me riche en mati\u00e8res grasses et mousses laiti\u00e8res &gt;40% de mati\u00e8res grasses)<\/em><\/li>\n<\/ul>","protected":false},"excerpt":{"rendered":"<p>Avec cette machine \u00e0 cr\u00e8me fouett\u00e9e professionnelle, vous pouvez produire jusqu&#8217;\u00e0 100 litres de cr\u00e8me fra\u00eechement fouett\u00e9e par heure pour servir vos invit\u00e9s. Outre la cr\u00e8me fouett\u00e9e, il peut \u00e9galement \u00eatre utilis\u00e9 pour faire de la mousse de lait, de la mousse et d&#8217;autres desserts glac\u00e9s. Ce mod\u00e8le a un r\u00e9servoir d&#8217;une capacit\u00e9 de 5 litres et est refroidi indirectement.<\/p>","protected":false},"featured_media":7382,"template":"","meta":{"_acf_changed":false},"product_brand":[],"product_cat":[480],"product_tag":[],"class_list":{"0":"post-14317","1":"product","2":"type-product","3":"status-publish","4":"has-post-thumbnail","6":"product_cat-batteurs-melangeurs-2","8":"first","9":"instock","10":"sale","11":"taxable","12":"shipping-taxable","13":"purchasable","14":"product-type-simple"},"acf":[],"yoast_head":"<!-- This site is optimized with the Yoast SEO plugin v27.5 - https:\/\/yoast.com\/product\/yoast-seo-wordpress\/ -->\n<title>Machine \u00e0 chantilly - 5 L - 100 L\/h - Gastora<\/title>\n<meta name=\"description\" content=\"Achetez Machine \u00e0 chantilly - 5 L - 100 L\/h au meilleur prix, fiable et performant avec une livraison rapide\" \/>\n<meta name=\"robots\" content=\"index, follow, max-snippet:-1, max-image-preview:large, max-video-preview:-1\" \/>\n<link rel=\"canonical\" href=\"https:\/\/gastora.eu\/en\/product\/machine-chantilly-5-l-100-lh\/\" \/>\n<meta property=\"og:locale\" content=\"en_US\" \/>\n<meta property=\"og:type\" content=\"article\" \/>\n<meta property=\"og:title\" content=\"Machine \u00e0 chantilly - 5 L - 100 L\/h - Gastora\" \/>\n<meta property=\"og:description\" content=\"Achetez Machine \u00e0 chantilly - 5 L - 100 L\/h au meilleur prix, fiable et performant avec une livraison rapide\" \/>\n<meta property=\"og:url\" content=\"https:\/\/gastora.eu\/en\/product\/machine-chantilly-5-l-100-lh\/\" \/>\n<meta property=\"og:site_name\" content=\"Gastora\" \/>\n<meta property=\"article:modified_time\" content=\"2026-04-28T16:56:18+00:00\" \/>\n<meta name=\"twitter:card\" content=\"summary_large_image\" \/>\n<meta name=\"twitter:label1\" content=\"Est. reading time\" \/>\n\t<meta name=\"twitter:data1\" content=\"3 minutes\" \/>\n<script type=\"application\/ld+json\" class=\"yoast-schema-graph\">{\"@context\":\"https:\\\/\\\/schema.org\",\"@graph\":[{\"@type\":\"WebPage\",\"@id\":\"https:\\\/\\\/gastora.eu\\\/product\\\/machine-chantilly-5-l-100-lh\\\/\",\"url\":\"https:\\\/\\\/gastora.eu\\\/product\\\/machine-chantilly-5-l-100-lh\\\/\",\"name\":\"Machine \u00e0 chantilly - 5 L - 100 L\\\/h - Gastora\",\"isPartOf\":{\"@id\":\"https:\\\/\\\/gastora.eu\\\/#website\"},\"primaryImageOfPage\":{\"@id\":\"https:\\\/\\\/gastora.eu\\\/product\\\/machine-chantilly-5-l-100-lh\\\/#primaryimage\"},\"image\":{\"@id\":\"https:\\\/\\\/gastora.eu\\\/product\\\/machine-chantilly-5-l-100-lh\\\/#primaryimage\"},\"thumbnailUrl\":\"https:\\\/\\\/gastora.eu\\\/wp-content\\\/uploads\\\/2026\\\/04\\\/whipped-cream-machine-2-61656f549846a.jpg\",\"datePublished\":\"2026-04-25T17:47:44+00:00\",\"dateModified\":\"2026-04-28T16:56:18+00:00\",\"description\":\"Achetez Machine \u00e0 chantilly - 5 L - 100 L\\\/h au meilleur prix, fiable et performant avec une livraison rapide\",\"breadcrumb\":{\"@id\":\"https:\\\/\\\/gastora.eu\\\/product\\\/machine-chantilly-5-l-100-lh\\\/#breadcrumb\"},\"inLanguage\":\"en-US\",\"potentialAction\":[{\"@type\":\"ReadAction\",\"target\":[\"https:\\\/\\\/gastora.eu\\\/product\\\/machine-chantilly-5-l-100-lh\\\/\"]}]},{\"@type\":\"ImageObject\",\"inLanguage\":\"en-US\",\"@id\":\"https:\\\/\\\/gastora.eu\\\/product\\\/machine-chantilly-5-l-100-lh\\\/#primaryimage\",\"url\":\"https:\\\/\\\/gastora.eu\\\/wp-content\\\/uploads\\\/2026\\\/04\\\/whipped-cream-machine-2-61656f549846a.jpg\",\"contentUrl\":\"https:\\\/\\\/gastora.eu\\\/wp-content\\\/uploads\\\/2026\\\/04\\\/whipped-cream-machine-2-61656f549846a.jpg\",\"width\":1701,\"height\":1701},{\"@type\":\"BreadcrumbList\",\"@id\":\"https:\\\/\\\/gastora.eu\\\/product\\\/machine-chantilly-5-l-100-lh\\\/#breadcrumb\",\"itemListElement\":[{\"@type\":\"ListItem\",\"position\":1,\"name\":\"Home\",\"item\":\"https:\\\/\\\/gastora.eu\\\/\"},{\"@type\":\"ListItem\",\"position\":2,\"name\":\"Shop\",\"item\":\"https:\\\/\\\/gastora.eu\\\/shop\\\/\"},{\"@type\":\"ListItem\",\"position\":3,\"name\":\"Machine \u00e0 chantilly &#8211; 5 L &#8211; 100 L\\\/h\"}]},{\"@type\":\"WebSite\",\"@id\":\"https:\\\/\\\/gastora.eu\\\/#website\",\"url\":\"https:\\\/\\\/gastora.eu\\\/\",\"name\":\"Gastora\",\"description\":\"\u00c9quipements professionnels CHR\",\"publisher\":{\"@id\":\"https:\\\/\\\/gastora.eu\\\/#organization\"},\"potentialAction\":[{\"@type\":\"SearchAction\",\"target\":{\"@type\":\"EntryPoint\",\"urlTemplate\":\"https:\\\/\\\/gastora.eu\\\/?s={search_term_string}\"},\"query-input\":{\"@type\":\"PropertyValueSpecification\",\"valueRequired\":true,\"valueName\":\"search_term_string\"}}],\"inLanguage\":\"en-US\"},{\"@type\":\"Organization\",\"@id\":\"https:\\\/\\\/gastora.eu\\\/#organization\",\"name\":\"Gastora\",\"url\":\"https:\\\/\\\/gastora.eu\\\/\",\"logo\":{\"@type\":\"ImageObject\",\"inLanguage\":\"en-US\",\"@id\":\"https:\\\/\\\/gastora.eu\\\/#\\\/schema\\\/logo\\\/image\\\/\",\"url\":\"https:\\\/\\\/gastora.eu\\\/wp-content\\\/uploads\\\/2025\\\/12\\\/ChatGPT-Image-2-janv.-2026-22_52_47-1.png\",\"contentUrl\":\"https:\\\/\\\/gastora.eu\\\/wp-content\\\/uploads\\\/2025\\\/12\\\/ChatGPT-Image-2-janv.-2026-22_52_47-1.png\",\"width\":1536,\"height\":320,\"caption\":\"Gastora\"},\"image\":{\"@id\":\"https:\\\/\\\/gastora.eu\\\/#\\\/schema\\\/logo\\\/image\\\/\"}}]}<\/script>\n<!-- \/ Yoast SEO plugin. -->","yoast_head_json":{"title":"Machine \u00e0 chantilly - 5 L - 100 L\/h - Gastora","description":"Achetez Machine \u00e0 chantilly - 5 L - 100 L\/h au meilleur prix, fiable et performant avec une livraison rapide","robots":{"index":"index","follow":"follow","max-snippet":"max-snippet:-1","max-image-preview":"max-image-preview:large","max-video-preview":"max-video-preview:-1"},"canonical":"https:\/\/gastora.eu\/en\/product\/machine-chantilly-5-l-100-lh\/","og_locale":"en_US","og_type":"article","og_title":"Machine \u00e0 chantilly - 5 L - 100 L\/h - Gastora","og_description":"Achetez Machine \u00e0 chantilly - 5 L - 100 L\/h au meilleur prix, fiable et performant avec une livraison rapide","og_url":"https:\/\/gastora.eu\/en\/product\/machine-chantilly-5-l-100-lh\/","og_site_name":"Gastora","article_modified_time":"2026-04-28T16:56:18+00:00","twitter_card":"summary_large_image","twitter_misc":{"Est. reading time":"3 minutes"},"schema":{"@context":"https:\/\/schema.org","@graph":[{"@type":"WebPage","@id":"https:\/\/gastora.eu\/product\/machine-chantilly-5-l-100-lh\/","url":"https:\/\/gastora.eu\/product\/machine-chantilly-5-l-100-lh\/","name":"Machine \u00e0 chantilly - 5 L - 100 L\/h - Gastora","isPartOf":{"@id":"https:\/\/gastora.eu\/#website"},"primaryImageOfPage":{"@id":"https:\/\/gastora.eu\/product\/machine-chantilly-5-l-100-lh\/#primaryimage"},"image":{"@id":"https:\/\/gastora.eu\/product\/machine-chantilly-5-l-100-lh\/#primaryimage"},"thumbnailUrl":"https:\/\/gastora.eu\/wp-content\/uploads\/2026\/04\/whipped-cream-machine-2-61656f549846a.jpg","datePublished":"2026-04-25T17:47:44+00:00","dateModified":"2026-04-28T16:56:18+00:00","description":"Achetez Machine \u00e0 chantilly - 5 L - 100 L\/h au meilleur prix, fiable et performant avec une livraison rapide","breadcrumb":{"@id":"https:\/\/gastora.eu\/product\/machine-chantilly-5-l-100-lh\/#breadcrumb"},"inLanguage":"en-US","potentialAction":[{"@type":"ReadAction","target":["https:\/\/gastora.eu\/product\/machine-chantilly-5-l-100-lh\/"]}]},{"@type":"ImageObject","inLanguage":"en-US","@id":"https:\/\/gastora.eu\/product\/machine-chantilly-5-l-100-lh\/#primaryimage","url":"https:\/\/gastora.eu\/wp-content\/uploads\/2026\/04\/whipped-cream-machine-2-61656f549846a.jpg","contentUrl":"https:\/\/gastora.eu\/wp-content\/uploads\/2026\/04\/whipped-cream-machine-2-61656f549846a.jpg","width":1701,"height":1701},{"@type":"BreadcrumbList","@id":"https:\/\/gastora.eu\/product\/machine-chantilly-5-l-100-lh\/#breadcrumb","itemListElement":[{"@type":"ListItem","position":1,"name":"Home","item":"https:\/\/gastora.eu\/"},{"@type":"ListItem","position":2,"name":"Shop","item":"https:\/\/gastora.eu\/shop\/"},{"@type":"ListItem","position":3,"name":"Machine \u00e0 chantilly &#8211; 5 L &#8211; 100 L\/h"}]},{"@type":"WebSite","@id":"https:\/\/gastora.eu\/#website","url":"https:\/\/gastora.eu\/","name":"Gastora","description":"\u00c9quipements professionnels CHR","publisher":{"@id":"https:\/\/gastora.eu\/#organization"},"potentialAction":[{"@type":"SearchAction","target":{"@type":"EntryPoint","urlTemplate":"https:\/\/gastora.eu\/?s={search_term_string}"},"query-input":{"@type":"PropertyValueSpecification","valueRequired":true,"valueName":"search_term_string"}}],"inLanguage":"en-US"},{"@type":"Organization","@id":"https:\/\/gastora.eu\/#organization","name":"Gastora","url":"https:\/\/gastora.eu\/","logo":{"@type":"ImageObject","inLanguage":"en-US","@id":"https:\/\/gastora.eu\/#\/schema\/logo\/image\/","url":"https:\/\/gastora.eu\/wp-content\/uploads\/2025\/12\/ChatGPT-Image-2-janv.-2026-22_52_47-1.png","contentUrl":"https:\/\/gastora.eu\/wp-content\/uploads\/2025\/12\/ChatGPT-Image-2-janv.-2026-22_52_47-1.png","width":1536,"height":320,"caption":"Gastora"},"image":{"@id":"https:\/\/gastora.eu\/#\/schema\/logo\/image\/"}}]}},"jetpack_sharing_enabled":true,"_links":{"self":[{"href":"https:\/\/gastora.eu\/en\/wp-json\/wp\/v2\/product\/14317","targetHints":{"allow":["GET"]}}],"collection":[{"href":"https:\/\/gastora.eu\/en\/wp-json\/wp\/v2\/product"}],"about":[{"href":"https:\/\/gastora.eu\/en\/wp-json\/wp\/v2\/types\/product"}],"wp:featuredmedia":[{"embeddable":true,"href":"https:\/\/gastora.eu\/en\/wp-json\/wp\/v2\/media\/7382"}],"wp:attachment":[{"href":"https:\/\/gastora.eu\/en\/wp-json\/wp\/v2\/media?parent=14317"}],"wp:term":[{"taxonomy":"product_brand","embeddable":true,"href":"https:\/\/gastora.eu\/en\/wp-json\/wp\/v2\/product_brand?post=14317"},{"taxonomy":"product_cat","embeddable":true,"href":"https:\/\/gastora.eu\/en\/wp-json\/wp\/v2\/product_cat?post=14317"},{"taxonomy":"product_tag","embeddable":true,"href":"https:\/\/gastora.eu\/en\/wp-json\/wp\/v2\/product_tag?post=14317"}],"curies":[{"name":"wp","href":"https:\/\/api.w.org\/{rel}","templated":true}]}}