{"id":14315,"date":"2026-04-25T17:47:41","date_gmt":"2026-04-25T17:47:41","guid":{"rendered":"https:\/\/gastora.eu\/?post_type=product&#038;p=14315"},"modified":"2026-04-27T08:35:55","modified_gmt":"2026-04-27T08:35:55","slug":"table-lave-vaisselle-200-x-70-cm-gauche-avec-2-viers-et-dosseret-incl-tagre-de-rangement","status":"publish","type":"product","link":"https:\/\/gastora.eu\/en\/product\/table-lave-vaisselle-200-x-70-cm-gauche-avec-2-viers-et-dosseret-incl-tagre-de-rangement\/","title":{"rendered":"Table lave-vaisselle &#8211; 200 x 70 cm &#8211; gauche &#8211; avec 2 \u00e9viers et dosseret &#8211; incl \u00e9tag\u00e8re de rangement"},"content":{"rendered":"<h2>Table lave-vaisselle avec \u00e9vier &#8211; 200 x 70 cm &#8211; gauche<\/h2>\n<p>Cette table de lave-vaisselle est fabriqu\u00e9e en acier inoxydable et convient \u00e0 un usage professionnel quotidien. Elle est facile \u00e0 combiner avec un rince-vaisselle et un lave-vaisselle.<\/p>\n<ul>\n<li>Table de lave-vaisselle en acier inoxydable de haute qualit\u00e9<\/li>\n<li>Connexion facile avec un lave-vaisselle \u00e0 poussoir<\/li>\n<li>Protection pratique contre les inondations sur le c\u00f4t\u00e9 et \u00e0 l&#8217;arri\u00e8re<\/li>\n<li>Deux \u00e9viers \u00e0 gauche de l&#8217;espace de travail<\/li>\n<li>Livr\u00e9 dans un emballage plat<\/li>\n<li>Montage tr\u00e8s facile<\/li>\n<li>Dimensions de l&#8217;\u00e9vier : L50 x P50 x H30cm<\/li>\n<li>Dimensions du produit : L200 x P70 x H85cm<\/li>\n<\/ul>","protected":false},"excerpt":{"rendered":"<p>Cette table de lave-vaisselle est fabriqu\u00e9e en acier inoxydable et convient \u00e0 un usage professionnel quotidien. Elle est facile \u00e0 combiner avec un rince-vaisselle et un lave-vaisselle.<\/p>","protected":false},"featured_media":7378,"template":"","meta":{"_acf_changed":false},"product_brand":[],"product_cat":[497],"product_tag":[],"class_list":{"0":"post-14315","1":"product","2":"type-product","3":"status-publish","4":"has-post-thumbnail","6":"product_cat-plonges-eviers-2","8":"first","9":"instock","10":"sale","11":"taxable","12":"shipping-taxable","13":"purchasable","14":"product-type-simple"},"acf":[],"yoast_head":"<!-- This site is optimized with the Yoast SEO plugin v27.4 - https:\/\/yoast.com\/product\/yoast-seo-wordpress\/ -->\n<title>Table lave-vaisselle - 200 x 70 cm - gauche - avec 2 \u00e9viers et dosseret - incl \u00e9tag\u00e8re de rangement - Gastora<\/title>\n<meta name=\"description\" content=\"Achetez Table lave-vaisselle - 200 x 70 cm - gauche - avec 2 \u00e9viers et dosseret - incl \u00e9tag\u00e8re de rangement au meilleur prix, fiable et performant avec une livraison rapide\" \/>\n<meta name=\"robots\" content=\"index, follow, max-snippet:-1, max-image-preview:large, max-video-preview:-1\" \/>\n<link rel=\"canonical\" href=\"https:\/\/gastora.eu\/en\/product\/table-lave-vaisselle-200-x-70-cm-gauche-avec-2-viers-et-dosseret-incl-tagre-de-rangement\/\" \/>\n<meta property=\"og:locale\" content=\"en_US\" \/>\n<meta property=\"og:type\" content=\"article\" \/>\n<meta property=\"og:title\" content=\"Table lave-vaisselle - 200 x 70 cm - gauche - avec 2 \u00e9viers et dosseret - incl \u00e9tag\u00e8re de rangement - Gastora\" \/>\n<meta property=\"og:description\" content=\"Achetez Table lave-vaisselle - 200 x 70 cm - gauche - avec 2 \u00e9viers et dosseret - incl \u00e9tag\u00e8re de rangement au meilleur prix, fiable et performant avec une livraison rapide\" \/>\n<meta property=\"og:url\" content=\"https:\/\/gastora.eu\/en\/product\/table-lave-vaisselle-200-x-70-cm-gauche-avec-2-viers-et-dosseret-incl-tagre-de-rangement\/\" \/>\n<meta property=\"og:site_name\" content=\"Gastora\" \/>\n<meta property=\"article:modified_time\" content=\"2026-04-27T08:35:55+00:00\" \/>\n<meta name=\"twitter:card\" content=\"summary_large_image\" \/>\n<script type=\"application\/ld+json\" class=\"yoast-schema-graph\">{\"@context\":\"https:\\\/\\\/schema.org\",\"@graph\":[{\"@type\":\"WebPage\",\"@id\":\"https:\\\/\\\/gastora.eu\\\/product\\\/table-lave-vaisselle-200-x-70-cm-gauche-avec-2-viers-et-dosseret-incl-tagre-de-rangement\\\/\",\"url\":\"https:\\\/\\\/gastora.eu\\\/product\\\/table-lave-vaisselle-200-x-70-cm-gauche-avec-2-viers-et-dosseret-incl-tagre-de-rangement\\\/\",\"name\":\"Table lave-vaisselle - 200 x 70 cm - gauche - avec 2 \u00e9viers et dosseret - incl \u00e9tag\u00e8re de rangement - Gastora\",\"isPartOf\":{\"@id\":\"https:\\\/\\\/gastora.eu\\\/#website\"},\"primaryImageOfPage\":{\"@id\":\"https:\\\/\\\/gastora.eu\\\/product\\\/table-lave-vaisselle-200-x-70-cm-gauche-avec-2-viers-et-dosseret-incl-tagre-de-rangement\\\/#primaryimage\"},\"image\":{\"@id\":\"https:\\\/\\\/gastora.eu\\\/product\\\/table-lave-vaisselle-200-x-70-cm-gauche-avec-2-viers-et-dosseret-incl-tagre-de-rangement\\\/#primaryimage\"},\"thumbnailUrl\":\"https:\\\/\\\/gastora.eu\\\/wp-content\\\/uploads\\\/2026\\\/04\\\/09394003_-_7754.207cb.25.jpg\",\"datePublished\":\"2026-04-25T17:47:41+00:00\",\"dateModified\":\"2026-04-27T08:35:55+00:00\",\"description\":\"Achetez Table lave-vaisselle - 200 x 70 cm - gauche - avec 2 \u00e9viers et dosseret - incl \u00e9tag\u00e8re de rangement au meilleur prix, fiable et performant avec une livraison rapide\",\"breadcrumb\":{\"@id\":\"https:\\\/\\\/gastora.eu\\\/product\\\/table-lave-vaisselle-200-x-70-cm-gauche-avec-2-viers-et-dosseret-incl-tagre-de-rangement\\\/#breadcrumb\"},\"inLanguage\":\"en-US\",\"potentialAction\":[{\"@type\":\"ReadAction\",\"target\":[\"https:\\\/\\\/gastora.eu\\\/product\\\/table-lave-vaisselle-200-x-70-cm-gauche-avec-2-viers-et-dosseret-incl-tagre-de-rangement\\\/\"]}]},{\"@type\":\"ImageObject\",\"inLanguage\":\"en-US\",\"@id\":\"https:\\\/\\\/gastora.eu\\\/product\\\/table-lave-vaisselle-200-x-70-cm-gauche-avec-2-viers-et-dosseret-incl-tagre-de-rangement\\\/#primaryimage\",\"url\":\"https:\\\/\\\/gastora.eu\\\/wp-content\\\/uploads\\\/2026\\\/04\\\/09394003_-_7754.207cb.25.jpg\",\"contentUrl\":\"https:\\\/\\\/gastora.eu\\\/wp-content\\\/uploads\\\/2026\\\/04\\\/09394003_-_7754.207cb.25.jpg\",\"width\":1200,\"height\":1200},{\"@type\":\"BreadcrumbList\",\"@id\":\"https:\\\/\\\/gastora.eu\\\/product\\\/table-lave-vaisselle-200-x-70-cm-gauche-avec-2-viers-et-dosseret-incl-tagre-de-rangement\\\/#breadcrumb\",\"itemListElement\":[{\"@type\":\"ListItem\",\"position\":1,\"name\":\"Home\",\"item\":\"https:\\\/\\\/gastora.eu\\\/\"},{\"@type\":\"ListItem\",\"position\":2,\"name\":\"Shop\",\"item\":\"https:\\\/\\\/gastora.eu\\\/shop\\\/\"},{\"@type\":\"ListItem\",\"position\":3,\"name\":\"Table lave-vaisselle &#8211; 200 x 70 cm &#8211; gauche &#8211; avec 2 \u00e9viers et dosseret &#8211; incl \u00e9tag\u00e8re de rangement\"}]},{\"@type\":\"WebSite\",\"@id\":\"https:\\\/\\\/gastora.eu\\\/#website\",\"url\":\"https:\\\/\\\/gastora.eu\\\/\",\"name\":\"Gastora\",\"description\":\"\u00c9quipements professionnels CHR\",\"publisher\":{\"@id\":\"https:\\\/\\\/gastora.eu\\\/#organization\"},\"potentialAction\":[{\"@type\":\"SearchAction\",\"target\":{\"@type\":\"EntryPoint\",\"urlTemplate\":\"https:\\\/\\\/gastora.eu\\\/?s={search_term_string}\"},\"query-input\":{\"@type\":\"PropertyValueSpecification\",\"valueRequired\":true,\"valueName\":\"search_term_string\"}}],\"inLanguage\":\"en-US\"},{\"@type\":\"Organization\",\"@id\":\"https:\\\/\\\/gastora.eu\\\/#organization\",\"name\":\"Gastora\",\"url\":\"https:\\\/\\\/gastora.eu\\\/\",\"logo\":{\"@type\":\"ImageObject\",\"inLanguage\":\"en-US\",\"@id\":\"https:\\\/\\\/gastora.eu\\\/#\\\/schema\\\/logo\\\/image\\\/\",\"url\":\"https:\\\/\\\/gastora.eu\\\/wp-content\\\/uploads\\\/2025\\\/12\\\/ChatGPT-Image-2-janv.-2026-22_52_47-1.png\",\"contentUrl\":\"https:\\\/\\\/gastora.eu\\\/wp-content\\\/uploads\\\/2025\\\/12\\\/ChatGPT-Image-2-janv.-2026-22_52_47-1.png\",\"width\":1536,\"height\":320,\"caption\":\"Gastora\"},\"image\":{\"@id\":\"https:\\\/\\\/gastora.eu\\\/#\\\/schema\\\/logo\\\/image\\\/\"}}]}<\/script>\n<!-- \/ Yoast SEO plugin. -->","yoast_head_json":{"title":"Table lave-vaisselle - 200 x 70 cm - gauche - avec 2 \u00e9viers et dosseret - incl \u00e9tag\u00e8re de rangement - Gastora","description":"Achetez Table lave-vaisselle - 200 x 70 cm - gauche - avec 2 \u00e9viers et dosseret - incl \u00e9tag\u00e8re de rangement au meilleur prix, fiable et performant avec une livraison rapide","robots":{"index":"index","follow":"follow","max-snippet":"max-snippet:-1","max-image-preview":"max-image-preview:large","max-video-preview":"max-video-preview:-1"},"canonical":"https:\/\/gastora.eu\/en\/product\/table-lave-vaisselle-200-x-70-cm-gauche-avec-2-viers-et-dosseret-incl-tagre-de-rangement\/","og_locale":"en_US","og_type":"article","og_title":"Table lave-vaisselle - 200 x 70 cm - gauche - avec 2 \u00e9viers et dosseret - incl \u00e9tag\u00e8re de rangement - Gastora","og_description":"Achetez Table lave-vaisselle - 200 x 70 cm - gauche - avec 2 \u00e9viers et dosseret - incl \u00e9tag\u00e8re de rangement au meilleur prix, fiable et performant avec une livraison rapide","og_url":"https:\/\/gastora.eu\/en\/product\/table-lave-vaisselle-200-x-70-cm-gauche-avec-2-viers-et-dosseret-incl-tagre-de-rangement\/","og_site_name":"Gastora","article_modified_time":"2026-04-27T08:35:55+00:00","twitter_card":"summary_large_image","schema":{"@context":"https:\/\/schema.org","@graph":[{"@type":"WebPage","@id":"https:\/\/gastora.eu\/product\/table-lave-vaisselle-200-x-70-cm-gauche-avec-2-viers-et-dosseret-incl-tagre-de-rangement\/","url":"https:\/\/gastora.eu\/product\/table-lave-vaisselle-200-x-70-cm-gauche-avec-2-viers-et-dosseret-incl-tagre-de-rangement\/","name":"Table lave-vaisselle - 200 x 70 cm - gauche - avec 2 \u00e9viers et dosseret - incl \u00e9tag\u00e8re de rangement - Gastora","isPartOf":{"@id":"https:\/\/gastora.eu\/#website"},"primaryImageOfPage":{"@id":"https:\/\/gastora.eu\/product\/table-lave-vaisselle-200-x-70-cm-gauche-avec-2-viers-et-dosseret-incl-tagre-de-rangement\/#primaryimage"},"image":{"@id":"https:\/\/gastora.eu\/product\/table-lave-vaisselle-200-x-70-cm-gauche-avec-2-viers-et-dosseret-incl-tagre-de-rangement\/#primaryimage"},"thumbnailUrl":"https:\/\/gastora.eu\/wp-content\/uploads\/2026\/04\/09394003_-_7754.207cb.25.jpg","datePublished":"2026-04-25T17:47:41+00:00","dateModified":"2026-04-27T08:35:55+00:00","description":"Achetez Table lave-vaisselle - 200 x 70 cm - gauche - avec 2 \u00e9viers et dosseret - incl \u00e9tag\u00e8re de rangement au meilleur prix, fiable et performant avec une livraison rapide","breadcrumb":{"@id":"https:\/\/gastora.eu\/product\/table-lave-vaisselle-200-x-70-cm-gauche-avec-2-viers-et-dosseret-incl-tagre-de-rangement\/#breadcrumb"},"inLanguage":"en-US","potentialAction":[{"@type":"ReadAction","target":["https:\/\/gastora.eu\/product\/table-lave-vaisselle-200-x-70-cm-gauche-avec-2-viers-et-dosseret-incl-tagre-de-rangement\/"]}]},{"@type":"ImageObject","inLanguage":"en-US","@id":"https:\/\/gastora.eu\/product\/table-lave-vaisselle-200-x-70-cm-gauche-avec-2-viers-et-dosseret-incl-tagre-de-rangement\/#primaryimage","url":"https:\/\/gastora.eu\/wp-content\/uploads\/2026\/04\/09394003_-_7754.207cb.25.jpg","contentUrl":"https:\/\/gastora.eu\/wp-content\/uploads\/2026\/04\/09394003_-_7754.207cb.25.jpg","width":1200,"height":1200},{"@type":"BreadcrumbList","@id":"https:\/\/gastora.eu\/product\/table-lave-vaisselle-200-x-70-cm-gauche-avec-2-viers-et-dosseret-incl-tagre-de-rangement\/#breadcrumb","itemListElement":[{"@type":"ListItem","position":1,"name":"Home","item":"https:\/\/gastora.eu\/"},{"@type":"ListItem","position":2,"name":"Shop","item":"https:\/\/gastora.eu\/shop\/"},{"@type":"ListItem","position":3,"name":"Table lave-vaisselle &#8211; 200 x 70 cm &#8211; gauche &#8211; avec 2 \u00e9viers et dosseret &#8211; incl \u00e9tag\u00e8re de rangement"}]},{"@type":"WebSite","@id":"https:\/\/gastora.eu\/#website","url":"https:\/\/gastora.eu\/","name":"Gastora","description":"\u00c9quipements professionnels CHR","publisher":{"@id":"https:\/\/gastora.eu\/#organization"},"potentialAction":[{"@type":"SearchAction","target":{"@type":"EntryPoint","urlTemplate":"https:\/\/gastora.eu\/?s={search_term_string}"},"query-input":{"@type":"PropertyValueSpecification","valueRequired":true,"valueName":"search_term_string"}}],"inLanguage":"en-US"},{"@type":"Organization","@id":"https:\/\/gastora.eu\/#organization","name":"Gastora","url":"https:\/\/gastora.eu\/","logo":{"@type":"ImageObject","inLanguage":"en-US","@id":"https:\/\/gastora.eu\/#\/schema\/logo\/image\/","url":"https:\/\/gastora.eu\/wp-content\/uploads\/2025\/12\/ChatGPT-Image-2-janv.-2026-22_52_47-1.png","contentUrl":"https:\/\/gastora.eu\/wp-content\/uploads\/2025\/12\/ChatGPT-Image-2-janv.-2026-22_52_47-1.png","width":1536,"height":320,"caption":"Gastora"},"image":{"@id":"https:\/\/gastora.eu\/#\/schema\/logo\/image\/"}}]}},"jetpack_sharing_enabled":true,"_links":{"self":[{"href":"https:\/\/gastora.eu\/en\/wp-json\/wp\/v2\/product\/14315","targetHints":{"allow":["GET"]}}],"collection":[{"href":"https:\/\/gastora.eu\/en\/wp-json\/wp\/v2\/product"}],"about":[{"href":"https:\/\/gastora.eu\/en\/wp-json\/wp\/v2\/types\/product"}],"wp:featuredmedia":[{"embeddable":true,"href":"https:\/\/gastora.eu\/en\/wp-json\/wp\/v2\/media\/7378"}],"wp:attachment":[{"href":"https:\/\/gastora.eu\/en\/wp-json\/wp\/v2\/media?parent=14315"}],"wp:term":[{"taxonomy":"product_brand","embeddable":true,"href":"https:\/\/gastora.eu\/en\/wp-json\/wp\/v2\/product_brand?post=14315"},{"taxonomy":"product_cat","embeddable":true,"href":"https:\/\/gastora.eu\/en\/wp-json\/wp\/v2\/product_cat?post=14315"},{"taxonomy":"product_tag","embeddable":true,"href":"https:\/\/gastora.eu\/en\/wp-json\/wp\/v2\/product_tag?post=14315"}],"curies":[{"name":"wp","href":"https:\/\/api.w.org\/{rel}","templated":true}]}}