{"id":14309,"date":"2026-04-25T17:47:34","date_gmt":"2026-04-25T17:47:34","guid":{"rendered":"https:\/\/gastora.eu\/?post_type=product&#038;p=14309"},"modified":"2026-04-28T16:56:17","modified_gmt":"2026-04-28T16:56:17","slug":"table-lave-vaisselle-120-x-60-cm-avec-vier-et-dosseret-incl-tagre-de-rangement","status":"publish","type":"product","link":"https:\/\/gastora.eu\/en\/product\/table-lave-vaisselle-120-x-60-cm-avec-vier-et-dosseret-incl-tagre-de-rangement\/","title":{"rendered":"Table lave-vaisselle &#8211; 120 x 60 cm &#8211; avec \u00e9vier et dosseret &#8211; incl \u00e9tag\u00e8re de rangement"},"content":{"rendered":"<p>Les tables de lavage sont un \u00e9l\u00e9ment essentiel de toute cuisine commerciale. Elles offrent une surface durable et facile \u00e0 nettoyer pour pr\u00e9parer et laver la vaisselle. Elles sont g\u00e9n\u00e9ralement fabriqu\u00e9es en acier inoxydable, robuste et r\u00e9sistant \u00e0 la corrosion. Cette table comprend \u00e9galement un \u00e9vier pour que tout soit bien rang\u00e9.<\/p>\n<h3>Protection contre les \u00e9claboussures pour prot\u00e9ger les murs<\/h3>\n<p>Cette table pour lave-vaisselle de 120 x 60 cm comprend non seulement un \u00e9vier et une section d&#8217;\u00e9vacuation, mais aussi un pare-\u00e9claboussures de 6 cm pour prot\u00e9ger le mur des d\u00e9g\u00e2ts caus\u00e9s par l&#8217;eau. Elle emp\u00eache l&#8217;eau de s&#8217;\u00e9couler \u00e0 l&#8217;arri\u00e8re, o\u00f9 elle ne peut pas \u00eatre nettoy\u00e9e facilement. Cela emp\u00eache toute accumulation sur les murs et aide \u00e0 guider l&#8217;eau vers l&#8217;\u00e9vier o\u00f9 elle peut \u00eatre \u00e9vacu\u00e9e.<\/p>\n<h3>Travailler efficacement<\/h3>\n<p>Lorsque vous choisissez vos tables de travail, il est important de prendre en compte le type d&#8217;activit\u00e9s pour lesquelles elles seront utilis\u00e9es. Se tenir debout pour laver et rincer la vaisselle n&#8217;est pas une t\u00e2che facile, c&#8217;est pourquoi les pieds de cette table sont r\u00e9glables afin que vous puissiez la mettre \u00e0 la hauteur qui vous convient le mieux. Elle comprend \u00e9galement une \u00e9tag\u00e8re suppl\u00e9mentaire pour ranger les paniers \u00e0 vaisselle et les produits de nettoyage.<\/p>\n<p>Caract\u00e9ristiques de la table de lavage avec \u00e9vier :<\/p>\n<ul>\n<li>Table de lavage stable et robuste<\/li>\n<li>\u00c9quip\u00e9e d&#8217;une protection contre les \u00e9claboussures de 6 cm<\/li>\n<li>Finition soign\u00e9e sans ar\u00eates vives<\/li>\n<li>Barri\u00e8re d&#8217;eau pratique<\/li>\n<li>Deux sections de drainage rainur\u00e9es<\/li>\n<li>Une \u00e9tag\u00e8re pour ranger les produits de nettoyage<\/li>\n<li>Pieds carr\u00e9s r\u00e9glables en acier inoxydable de 4 x 4 cm<\/li>\n<li>Nettoyage facile<\/li>\n<\/ul>\n<p><strong>Caract\u00e9ristiques du produit<\/strong><\/p>\n<ul>\n<li>Poids net : 26 kg<\/li>\n<li>Dimensions de l&#8217;\u00e9vier : L40 x P40 x H25cm<\/li>\n<li>Dimensions du produit : L120 x P60 x H85cm<\/li>\n<\/ul>","protected":false},"excerpt":{"rendered":"<p>Cette table pour lave-vaisselle de 120 x 60 cm est enti\u00e8rement fabriqu\u00e9e en acier inoxydable et convient \u00e0 un usage professionnel quotidien. Elle dispose d&#8217;un dosseret \u00e0 l&#8217;arri\u00e8re pour \u00e9viter les projections d&#8217;eau et d&#8217;un \u00e9vier carr\u00e9. Elle dispose \u00e9galement d&#8217;une \u00e9tag\u00e8re de rangement pratique pour les supports de lave-vaisselle. Cette table pour lave-vaisselle est id\u00e9ale pour les cuisines professionnelles.<\/p>","protected":false},"featured_media":7366,"template":"","meta":{"_acf_changed":false},"product_brand":[],"product_cat":[497],"product_tag":[],"class_list":{"0":"post-14309","1":"product","2":"type-product","3":"status-publish","4":"has-post-thumbnail","6":"product_cat-plonges-eviers-2","8":"first","9":"instock","10":"sale","11":"taxable","12":"shipping-taxable","13":"purchasable","14":"product-type-simple"},"acf":[],"yoast_head":"<!-- This site is optimized with the Yoast SEO plugin v27.4 - https:\/\/yoast.com\/product\/yoast-seo-wordpress\/ -->\n<title>Table lave-vaisselle - 120 x 60 cm - avec \u00e9vier et dosseret - incl \u00e9tag\u00e8re de rangement - Gastora<\/title>\n<meta name=\"description\" content=\"Achetez Table lave-vaisselle - 120 x 60 cm - avec \u00e9vier et dosseret - incl \u00e9tag\u00e8re de rangement au meilleur prix, fiable et performant avec une livraison rapide\" \/>\n<meta name=\"robots\" content=\"index, follow, max-snippet:-1, max-image-preview:large, max-video-preview:-1\" \/>\n<link rel=\"canonical\" href=\"https:\/\/gastora.eu\/en\/product\/table-lave-vaisselle-120-x-60-cm-avec-vier-et-dosseret-incl-tagre-de-rangement\/\" \/>\n<meta property=\"og:locale\" content=\"en_US\" \/>\n<meta property=\"og:type\" content=\"article\" \/>\n<meta property=\"og:title\" content=\"Table lave-vaisselle - 120 x 60 cm - avec \u00e9vier et dosseret - incl \u00e9tag\u00e8re de rangement - Gastora\" \/>\n<meta property=\"og:description\" content=\"Achetez Table lave-vaisselle - 120 x 60 cm - avec \u00e9vier et dosseret - incl \u00e9tag\u00e8re de rangement au meilleur prix, fiable et performant avec une livraison rapide\" \/>\n<meta property=\"og:url\" content=\"https:\/\/gastora.eu\/en\/product\/table-lave-vaisselle-120-x-60-cm-avec-vier-et-dosseret-incl-tagre-de-rangement\/\" \/>\n<meta property=\"og:site_name\" content=\"Gastora\" \/>\n<meta property=\"article:modified_time\" content=\"2026-04-28T16:56:17+00:00\" \/>\n<meta name=\"twitter:card\" content=\"summary_large_image\" \/>\n<meta name=\"twitter:label1\" content=\"Est. reading time\" \/>\n\t<meta name=\"twitter:data1\" content=\"2 minutes\" \/>\n<script type=\"application\/ld+json\" class=\"yoast-schema-graph\">{\"@context\":\"https:\\\/\\\/schema.org\",\"@graph\":[{\"@type\":\"WebPage\",\"@id\":\"https:\\\/\\\/gastora.eu\\\/product\\\/table-lave-vaisselle-120-x-60-cm-avec-vier-et-dosseret-incl-tagre-de-rangement\\\/\",\"url\":\"https:\\\/\\\/gastora.eu\\\/product\\\/table-lave-vaisselle-120-x-60-cm-avec-vier-et-dosseret-incl-tagre-de-rangement\\\/\",\"name\":\"Table lave-vaisselle - 120 x 60 cm - avec \u00e9vier et dosseret - incl \u00e9tag\u00e8re de rangement - Gastora\",\"isPartOf\":{\"@id\":\"https:\\\/\\\/gastora.eu\\\/#website\"},\"primaryImageOfPage\":{\"@id\":\"https:\\\/\\\/gastora.eu\\\/product\\\/table-lave-vaisselle-120-x-60-cm-avec-vier-et-dosseret-incl-tagre-de-rangement\\\/#primaryimage\"},\"image\":{\"@id\":\"https:\\\/\\\/gastora.eu\\\/product\\\/table-lave-vaisselle-120-x-60-cm-avec-vier-et-dosseret-incl-tagre-de-rangement\\\/#primaryimage\"},\"thumbnailUrl\":\"https:\\\/\\\/gastora.eu\\\/wp-content\\\/uploads\\\/2026\\\/04\\\/09394000_-_7754.126a8.13.jpg\",\"datePublished\":\"2026-04-25T17:47:34+00:00\",\"dateModified\":\"2026-04-28T16:56:17+00:00\",\"description\":\"Achetez Table lave-vaisselle - 120 x 60 cm - avec \u00e9vier et dosseret - incl \u00e9tag\u00e8re de rangement au meilleur prix, fiable et performant avec une livraison rapide\",\"breadcrumb\":{\"@id\":\"https:\\\/\\\/gastora.eu\\\/product\\\/table-lave-vaisselle-120-x-60-cm-avec-vier-et-dosseret-incl-tagre-de-rangement\\\/#breadcrumb\"},\"inLanguage\":\"en-US\",\"potentialAction\":[{\"@type\":\"ReadAction\",\"target\":[\"https:\\\/\\\/gastora.eu\\\/product\\\/table-lave-vaisselle-120-x-60-cm-avec-vier-et-dosseret-incl-tagre-de-rangement\\\/\"]}]},{\"@type\":\"ImageObject\",\"inLanguage\":\"en-US\",\"@id\":\"https:\\\/\\\/gastora.eu\\\/product\\\/table-lave-vaisselle-120-x-60-cm-avec-vier-et-dosseret-incl-tagre-de-rangement\\\/#primaryimage\",\"url\":\"https:\\\/\\\/gastora.eu\\\/wp-content\\\/uploads\\\/2026\\\/04\\\/09394000_-_7754.126a8.13.jpg\",\"contentUrl\":\"https:\\\/\\\/gastora.eu\\\/wp-content\\\/uploads\\\/2026\\\/04\\\/09394000_-_7754.126a8.13.jpg\",\"width\":1200,\"height\":1200},{\"@type\":\"BreadcrumbList\",\"@id\":\"https:\\\/\\\/gastora.eu\\\/product\\\/table-lave-vaisselle-120-x-60-cm-avec-vier-et-dosseret-incl-tagre-de-rangement\\\/#breadcrumb\",\"itemListElement\":[{\"@type\":\"ListItem\",\"position\":1,\"name\":\"Home\",\"item\":\"https:\\\/\\\/gastora.eu\\\/\"},{\"@type\":\"ListItem\",\"position\":2,\"name\":\"Shop\",\"item\":\"https:\\\/\\\/gastora.eu\\\/shop\\\/\"},{\"@type\":\"ListItem\",\"position\":3,\"name\":\"Table lave-vaisselle &#8211; 120 x 60 cm &#8211; avec \u00e9vier et dosseret &#8211; incl \u00e9tag\u00e8re de rangement\"}]},{\"@type\":\"WebSite\",\"@id\":\"https:\\\/\\\/gastora.eu\\\/#website\",\"url\":\"https:\\\/\\\/gastora.eu\\\/\",\"name\":\"Gastora\",\"description\":\"\u00c9quipements professionnels CHR\",\"publisher\":{\"@id\":\"https:\\\/\\\/gastora.eu\\\/#organization\"},\"potentialAction\":[{\"@type\":\"SearchAction\",\"target\":{\"@type\":\"EntryPoint\",\"urlTemplate\":\"https:\\\/\\\/gastora.eu\\\/?s={search_term_string}\"},\"query-input\":{\"@type\":\"PropertyValueSpecification\",\"valueRequired\":true,\"valueName\":\"search_term_string\"}}],\"inLanguage\":\"en-US\"},{\"@type\":\"Organization\",\"@id\":\"https:\\\/\\\/gastora.eu\\\/#organization\",\"name\":\"Gastora\",\"url\":\"https:\\\/\\\/gastora.eu\\\/\",\"logo\":{\"@type\":\"ImageObject\",\"inLanguage\":\"en-US\",\"@id\":\"https:\\\/\\\/gastora.eu\\\/#\\\/schema\\\/logo\\\/image\\\/\",\"url\":\"https:\\\/\\\/gastora.eu\\\/wp-content\\\/uploads\\\/2025\\\/12\\\/ChatGPT-Image-2-janv.-2026-22_52_47-1.png\",\"contentUrl\":\"https:\\\/\\\/gastora.eu\\\/wp-content\\\/uploads\\\/2025\\\/12\\\/ChatGPT-Image-2-janv.-2026-22_52_47-1.png\",\"width\":1536,\"height\":320,\"caption\":\"Gastora\"},\"image\":{\"@id\":\"https:\\\/\\\/gastora.eu\\\/#\\\/schema\\\/logo\\\/image\\\/\"}}]}<\/script>\n<!-- \/ Yoast SEO plugin. -->","yoast_head_json":{"title":"Table lave-vaisselle - 120 x 60 cm - avec \u00e9vier et dosseret - incl \u00e9tag\u00e8re de rangement - Gastora","description":"Achetez Table lave-vaisselle - 120 x 60 cm - avec \u00e9vier et dosseret - incl \u00e9tag\u00e8re de rangement au meilleur prix, fiable et performant avec une livraison rapide","robots":{"index":"index","follow":"follow","max-snippet":"max-snippet:-1","max-image-preview":"max-image-preview:large","max-video-preview":"max-video-preview:-1"},"canonical":"https:\/\/gastora.eu\/en\/product\/table-lave-vaisselle-120-x-60-cm-avec-vier-et-dosseret-incl-tagre-de-rangement\/","og_locale":"en_US","og_type":"article","og_title":"Table lave-vaisselle - 120 x 60 cm - avec \u00e9vier et dosseret - incl \u00e9tag\u00e8re de rangement - Gastora","og_description":"Achetez Table lave-vaisselle - 120 x 60 cm - avec \u00e9vier et dosseret - incl \u00e9tag\u00e8re de rangement au meilleur prix, fiable et performant avec une livraison rapide","og_url":"https:\/\/gastora.eu\/en\/product\/table-lave-vaisselle-120-x-60-cm-avec-vier-et-dosseret-incl-tagre-de-rangement\/","og_site_name":"Gastora","article_modified_time":"2026-04-28T16:56:17+00:00","twitter_card":"summary_large_image","twitter_misc":{"Est. reading time":"2 minutes"},"schema":{"@context":"https:\/\/schema.org","@graph":[{"@type":"WebPage","@id":"https:\/\/gastora.eu\/product\/table-lave-vaisselle-120-x-60-cm-avec-vier-et-dosseret-incl-tagre-de-rangement\/","url":"https:\/\/gastora.eu\/product\/table-lave-vaisselle-120-x-60-cm-avec-vier-et-dosseret-incl-tagre-de-rangement\/","name":"Table lave-vaisselle - 120 x 60 cm - avec \u00e9vier et dosseret - incl \u00e9tag\u00e8re de rangement - Gastora","isPartOf":{"@id":"https:\/\/gastora.eu\/#website"},"primaryImageOfPage":{"@id":"https:\/\/gastora.eu\/product\/table-lave-vaisselle-120-x-60-cm-avec-vier-et-dosseret-incl-tagre-de-rangement\/#primaryimage"},"image":{"@id":"https:\/\/gastora.eu\/product\/table-lave-vaisselle-120-x-60-cm-avec-vier-et-dosseret-incl-tagre-de-rangement\/#primaryimage"},"thumbnailUrl":"https:\/\/gastora.eu\/wp-content\/uploads\/2026\/04\/09394000_-_7754.126a8.13.jpg","datePublished":"2026-04-25T17:47:34+00:00","dateModified":"2026-04-28T16:56:17+00:00","description":"Achetez Table lave-vaisselle - 120 x 60 cm - avec \u00e9vier et dosseret - incl \u00e9tag\u00e8re de rangement au meilleur prix, fiable et performant avec une livraison rapide","breadcrumb":{"@id":"https:\/\/gastora.eu\/product\/table-lave-vaisselle-120-x-60-cm-avec-vier-et-dosseret-incl-tagre-de-rangement\/#breadcrumb"},"inLanguage":"en-US","potentialAction":[{"@type":"ReadAction","target":["https:\/\/gastora.eu\/product\/table-lave-vaisselle-120-x-60-cm-avec-vier-et-dosseret-incl-tagre-de-rangement\/"]}]},{"@type":"ImageObject","inLanguage":"en-US","@id":"https:\/\/gastora.eu\/product\/table-lave-vaisselle-120-x-60-cm-avec-vier-et-dosseret-incl-tagre-de-rangement\/#primaryimage","url":"https:\/\/gastora.eu\/wp-content\/uploads\/2026\/04\/09394000_-_7754.126a8.13.jpg","contentUrl":"https:\/\/gastora.eu\/wp-content\/uploads\/2026\/04\/09394000_-_7754.126a8.13.jpg","width":1200,"height":1200},{"@type":"BreadcrumbList","@id":"https:\/\/gastora.eu\/product\/table-lave-vaisselle-120-x-60-cm-avec-vier-et-dosseret-incl-tagre-de-rangement\/#breadcrumb","itemListElement":[{"@type":"ListItem","position":1,"name":"Home","item":"https:\/\/gastora.eu\/"},{"@type":"ListItem","position":2,"name":"Shop","item":"https:\/\/gastora.eu\/shop\/"},{"@type":"ListItem","position":3,"name":"Table lave-vaisselle &#8211; 120 x 60 cm &#8211; avec \u00e9vier et dosseret &#8211; incl \u00e9tag\u00e8re de rangement"}]},{"@type":"WebSite","@id":"https:\/\/gastora.eu\/#website","url":"https:\/\/gastora.eu\/","name":"Gastora","description":"\u00c9quipements professionnels CHR","publisher":{"@id":"https:\/\/gastora.eu\/#organization"},"potentialAction":[{"@type":"SearchAction","target":{"@type":"EntryPoint","urlTemplate":"https:\/\/gastora.eu\/?s={search_term_string}"},"query-input":{"@type":"PropertyValueSpecification","valueRequired":true,"valueName":"search_term_string"}}],"inLanguage":"en-US"},{"@type":"Organization","@id":"https:\/\/gastora.eu\/#organization","name":"Gastora","url":"https:\/\/gastora.eu\/","logo":{"@type":"ImageObject","inLanguage":"en-US","@id":"https:\/\/gastora.eu\/#\/schema\/logo\/image\/","url":"https:\/\/gastora.eu\/wp-content\/uploads\/2025\/12\/ChatGPT-Image-2-janv.-2026-22_52_47-1.png","contentUrl":"https:\/\/gastora.eu\/wp-content\/uploads\/2025\/12\/ChatGPT-Image-2-janv.-2026-22_52_47-1.png","width":1536,"height":320,"caption":"Gastora"},"image":{"@id":"https:\/\/gastora.eu\/#\/schema\/logo\/image\/"}}]}},"jetpack_sharing_enabled":true,"_links":{"self":[{"href":"https:\/\/gastora.eu\/en\/wp-json\/wp\/v2\/product\/14309","targetHints":{"allow":["GET"]}}],"collection":[{"href":"https:\/\/gastora.eu\/en\/wp-json\/wp\/v2\/product"}],"about":[{"href":"https:\/\/gastora.eu\/en\/wp-json\/wp\/v2\/types\/product"}],"wp:featuredmedia":[{"embeddable":true,"href":"https:\/\/gastora.eu\/en\/wp-json\/wp\/v2\/media\/7366"}],"wp:attachment":[{"href":"https:\/\/gastora.eu\/en\/wp-json\/wp\/v2\/media?parent=14309"}],"wp:term":[{"taxonomy":"product_brand","embeddable":true,"href":"https:\/\/gastora.eu\/en\/wp-json\/wp\/v2\/product_brand?post=14309"},{"taxonomy":"product_cat","embeddable":true,"href":"https:\/\/gastora.eu\/en\/wp-json\/wp\/v2\/product_cat?post=14309"},{"taxonomy":"product_tag","embeddable":true,"href":"https:\/\/gastora.eu\/en\/wp-json\/wp\/v2\/product_tag?post=14309"}],"curies":[{"name":"wp","href":"https:\/\/api.w.org\/{rel}","templated":true}]}}