{"id":14306,"date":"2026-04-25T17:47:29","date_gmt":"2026-04-25T17:47:29","guid":{"rendered":"https:\/\/gastora.eu\/?post_type=product&#038;p=14306"},"modified":"2026-04-28T16:56:16","modified_gmt":"2026-04-28T16:56:16","slug":"ptrin-spirale-ptrin-pte-130-l-80-kg-de-pte-2-vitesses-400v","status":"publish","type":"product","link":"https:\/\/gastora.eu\/en\/product\/ptrin-spirale-ptrin-pte-130-l-80-kg-de-pte-2-vitesses-400v\/","title":{"rendered":"P\u00e9trin \u00e0 spirale \/ p\u00e9trin \u00e0 p\u00e2te &#8211; 130 L &#8211; 80 kg de p\u00e2te &#8211; 2 vitesses &#8211; 400V"},"content":{"rendered":"<p>Ce p\u00e9trin professionnel peut \u00eatre utilis\u00e9 pour des travaux de p\u00e9trissage lourds. Le grand bol de m\u00e9lange permet de m\u00e9langer jusqu&#8217;\u00e0 50 kg de farine. Comme le crochet p\u00e9trisseur et le bol de m\u00e9lange tournent sur leur axe, ce p\u00e9trin permet de p\u00e9trir tous les ingr\u00e9dients pour obtenir une p\u00e2te souple et lisse. Vous pouvez p\u00e9trir jusqu&#8217;\u00e0 un maximum de 80 kg de p\u00e2te et un minimum de 30 kg. Le moteur est tr\u00e8s puissant mais silencieux, de sorte qu&#8217;il ne fait pas de bruit dans la cuisine.<\/p>\n<h3>Deux vitesses de fonctionnement<\/h3>\n<p>Il est tr\u00e8s facile de r\u00e9gler le p\u00e9trin pour m\u00e9langer les ingr\u00e9dients. Gr\u00e2ce \u00e0 l&#8217;\u00e9cran convivial, vous pouvez rapidement r\u00e9gler la vitesse souhait\u00e9e, en choisissant entre 126 et 252 tr\/min. L&#8217;appareil est dot\u00e9 d&#8217;un bouton qui permet d&#8217;inverser le sens du crochet. Cela permet au crochet d&#8217;avancer et de reculer. Outre sa facilit\u00e9 d&#8217;utilisation, ce batteur est \u00e9galement tr\u00e8s s\u00fbr. L&#8217;interrupteur de s\u00e9curit\u00e9 veille \u00e0 ce que le moteur ne surchauffe pas. Si cela se produit, le mixeur s&#8217;arr\u00eate automatiquement. La protection contre les surcharges veille \u00e9galement \u00e0 ce que le bol de mixage ne soit jamais surcharg\u00e9 d&#8217;ingr\u00e9dients. Le bol de mixage est \u00e9quip\u00e9 d&#8217;une cage de protection. La cage doit \u00eatre ferm\u00e9e avant que l&#8217;appareil ne d\u00e9marre. Le p\u00e9trin est \u00e9galement \u00e9quip\u00e9 d&#8217;un entra\u00eenement par cha\u00eenes et courroies.<\/p>\n<h3>Pour un usage intensif<\/h3>\n<p>Lorsque le p\u00e9trin est utilis\u00e9 de mani\u00e8re intensive, il doit \u00eatre nettoy\u00e9 quotidiennement. Gr\u00e2ce aux pi\u00e8ces en acier inoxydable et au bo\u00eetier en m\u00e9tal avec un rev\u00eatement durable, le nettoyage est facile. Il suffit d&#8217;un chiffon humide et d&#8217;un d\u00e9tergent doux. Apr\u00e8s le nettoyage, n&#8217;oubliez pas de tout s\u00e9cher soigneusement avec un chiffon doux.<\/p>\n<p><strong>Caract\u00e9ristiques :<\/strong><\/p>\n<ul>\n<li>\u00c9quip\u00e9 d&#8217;une cha\u00eene d&#8217;entra\u00eenement et de courroies trap\u00e9zo\u00efdales<\/li>\n<li>Bo\u00eetier m\u00e9tallique avec un rev\u00eatement durable<\/li>\n<li>Axe et spirale en acier inoxydable<\/li>\n<li>Comprend une minuterie lente et une minuterie rapide<\/li>\n<li>Le crochet \u00e0 p\u00e2te peut avancer et reculer<\/li>\n<li>\u00c9quip\u00e9 d&#8217;un interrupteur de s\u00e9curit\u00e9 et d&#8217;une protection en m\u00e9tal<\/li>\n<\/ul>\n<p><strong>Caract\u00e9ristiques du produit :<\/strong><\/p>\n<ul>\n<li>Poids net : 404kg<\/li>\n<li>Capacit\u00e9 nette du bol : 133l<\/li>\n<li>Dimensions : B68,2 x D111,2 x H136,4cm B68,2 x D111,2 x H136,4cm<\/li>\n<li>Dimensions du bol de m\u00e9lange : \u00f8 70 x 36 (h) cm<\/li>\n<li>Vitesses de rotation : 126 et 252RPM<\/li>\n<li>Vitesse du bol de m\u00e9lange : 17RPM<\/li>\n<li>400V\/50Hz\/3Phase 4500W<\/li>\n<\/ul>\n<p><strong>Capacit\u00e9 de production :<\/strong><\/p>\n<ul>\n<li>Quantit\u00e9 max. de farine : 50kg<\/li>\n<li>Quantit\u00e9 max. de p\u00e2te : 80kg<\/li>\n<li>Quantit\u00e9 minimale de p\u00e2te : 30 kg<\/li>\n<\/ul>\n<p><strong>Remarque :<\/strong> le bol de m\u00e9lange est fixe et ne peut pas \u00eatre retir\u00e9.<\/p>","protected":false},"excerpt":{"rendered":"<p>Ce p\u00e9trin professionnel avec bol de 130 litres permet de p\u00e9trir jusqu&#8217;\u00e0 80 kg de p\u00e2te. Il est dot\u00e9 d&#8217;un panneau de commande facile \u00e0 utiliser, de deux vitesses, de minuteries et de plusieurs dispositifs de s\u00e9curit\u00e9 tels que des interrupteurs de s\u00e9curit\u00e9 et une grille de protection. Le p\u00e9trin est dot\u00e9 d&#8217;un bo\u00eetier m\u00e9tallique avec rev\u00eatement, d&#8217;un crochet en acier inoxydable et d&#8217;un bol de m\u00e9lange fixe.<\/p>","protected":false},"featured_media":7360,"template":"","meta":{"_acf_changed":false},"product_brand":[],"product_cat":[481],"product_tag":[],"class_list":{"0":"post-14306","1":"product","2":"type-product","3":"status-publish","4":"has-post-thumbnail","6":"product_cat-petrins-2","8":"first","9":"instock","10":"sale","11":"taxable","12":"shipping-taxable","13":"purchasable","14":"product-type-simple"},"acf":[],"yoast_head":"<!-- This site is optimized with the Yoast SEO plugin v27.5 - https:\/\/yoast.com\/product\/yoast-seo-wordpress\/ -->\n<title>P\u00e9trin \u00e0 spirale \/ p\u00e9trin \u00e0 p\u00e2te - 130 L - 80 kg de p\u00e2te - 2 vitesses - 400V - Gastora<\/title>\n<meta name=\"description\" content=\"Achetez P\u00e9trin \u00e0 spirale \/ p\u00e9trin \u00e0 p\u00e2te - 130 L - 80 kg de p\u00e2te - 2 vitesses - 400V au meilleur prix, fiable et performant avec une livraison rapide\" \/>\n<meta name=\"robots\" content=\"index, follow, max-snippet:-1, max-image-preview:large, max-video-preview:-1\" \/>\n<link rel=\"canonical\" href=\"https:\/\/gastora.eu\/en\/product\/ptrin-spirale-ptrin-pte-130-l-80-kg-de-pte-2-vitesses-400v\/\" \/>\n<meta property=\"og:locale\" content=\"en_US\" \/>\n<meta property=\"og:type\" content=\"article\" \/>\n<meta property=\"og:title\" content=\"P\u00e9trin \u00e0 spirale \/ p\u00e9trin \u00e0 p\u00e2te - 130 L - 80 kg de p\u00e2te - 2 vitesses - 400V - Gastora\" \/>\n<meta property=\"og:description\" content=\"Achetez P\u00e9trin \u00e0 spirale \/ p\u00e9trin \u00e0 p\u00e2te - 130 L - 80 kg de p\u00e2te - 2 vitesses - 400V au meilleur prix, fiable et performant avec une livraison rapide\" \/>\n<meta property=\"og:url\" content=\"https:\/\/gastora.eu\/en\/product\/ptrin-spirale-ptrin-pte-130-l-80-kg-de-pte-2-vitesses-400v\/\" \/>\n<meta property=\"og:site_name\" content=\"Gastora\" \/>\n<meta property=\"article:modified_time\" content=\"2026-04-28T16:56:16+00:00\" \/>\n<meta name=\"twitter:card\" content=\"summary_large_image\" \/>\n<meta name=\"twitter:label1\" content=\"Est. reading time\" \/>\n\t<meta name=\"twitter:data1\" content=\"2 minutes\" \/>\n<script type=\"application\/ld+json\" class=\"yoast-schema-graph\">{\"@context\":\"https:\\\/\\\/schema.org\",\"@graph\":[{\"@type\":\"WebPage\",\"@id\":\"https:\\\/\\\/gastora.eu\\\/product\\\/ptrin-spirale-ptrin-pte-130-l-80-kg-de-pte-2-vitesses-400v\\\/\",\"url\":\"https:\\\/\\\/gastora.eu\\\/product\\\/ptrin-spirale-ptrin-pte-130-l-80-kg-de-pte-2-vitesses-400v\\\/\",\"name\":\"P\u00e9trin \u00e0 spirale \\\/ p\u00e9trin \u00e0 p\u00e2te - 130 L - 80 kg de p\u00e2te - 2 vitesses - 400V - Gastora\",\"isPartOf\":{\"@id\":\"https:\\\/\\\/gastora.eu\\\/#website\"},\"primaryImageOfPage\":{\"@id\":\"https:\\\/\\\/gastora.eu\\\/product\\\/ptrin-spirale-ptrin-pte-130-l-80-kg-de-pte-2-vitesses-400v\\\/#primaryimage\"},\"image\":{\"@id\":\"https:\\\/\\\/gastora.eu\\\/product\\\/ptrin-spirale-ptrin-pte-130-l-80-kg-de-pte-2-vitesses-400v\\\/#primaryimage\"},\"thumbnailUrl\":\"https:\\\/\\\/gastora.eu\\\/wp-content\\\/uploads\\\/2026\\\/04\\\/1_msm-100_w38_3229_2.jpg\",\"datePublished\":\"2026-04-25T17:47:29+00:00\",\"dateModified\":\"2026-04-28T16:56:16+00:00\",\"description\":\"Achetez P\u00e9trin \u00e0 spirale \\\/ p\u00e9trin \u00e0 p\u00e2te - 130 L - 80 kg de p\u00e2te - 2 vitesses - 400V au meilleur prix, fiable et performant avec une livraison rapide\",\"breadcrumb\":{\"@id\":\"https:\\\/\\\/gastora.eu\\\/product\\\/ptrin-spirale-ptrin-pte-130-l-80-kg-de-pte-2-vitesses-400v\\\/#breadcrumb\"},\"inLanguage\":\"en-US\",\"potentialAction\":[{\"@type\":\"ReadAction\",\"target\":[\"https:\\\/\\\/gastora.eu\\\/product\\\/ptrin-spirale-ptrin-pte-130-l-80-kg-de-pte-2-vitesses-400v\\\/\"]}]},{\"@type\":\"ImageObject\",\"inLanguage\":\"en-US\",\"@id\":\"https:\\\/\\\/gastora.eu\\\/product\\\/ptrin-spirale-ptrin-pte-130-l-80-kg-de-pte-2-vitesses-400v\\\/#primaryimage\",\"url\":\"https:\\\/\\\/gastora.eu\\\/wp-content\\\/uploads\\\/2026\\\/04\\\/1_msm-100_w38_3229_2.jpg\",\"contentUrl\":\"https:\\\/\\\/gastora.eu\\\/wp-content\\\/uploads\\\/2026\\\/04\\\/1_msm-100_w38_3229_2.jpg\",\"width\":1200,\"height\":1200},{\"@type\":\"BreadcrumbList\",\"@id\":\"https:\\\/\\\/gastora.eu\\\/product\\\/ptrin-spirale-ptrin-pte-130-l-80-kg-de-pte-2-vitesses-400v\\\/#breadcrumb\",\"itemListElement\":[{\"@type\":\"ListItem\",\"position\":1,\"name\":\"Home\",\"item\":\"https:\\\/\\\/gastora.eu\\\/\"},{\"@type\":\"ListItem\",\"position\":2,\"name\":\"Shop\",\"item\":\"https:\\\/\\\/gastora.eu\\\/shop\\\/\"},{\"@type\":\"ListItem\",\"position\":3,\"name\":\"P\u00e9trin \u00e0 spirale \\\/ p\u00e9trin \u00e0 p\u00e2te &#8211; 130 L &#8211; 80 kg de p\u00e2te &#8211; 2 vitesses &#8211; 400V\"}]},{\"@type\":\"WebSite\",\"@id\":\"https:\\\/\\\/gastora.eu\\\/#website\",\"url\":\"https:\\\/\\\/gastora.eu\\\/\",\"name\":\"Gastora\",\"description\":\"\u00c9quipements professionnels CHR\",\"publisher\":{\"@id\":\"https:\\\/\\\/gastora.eu\\\/#organization\"},\"potentialAction\":[{\"@type\":\"SearchAction\",\"target\":{\"@type\":\"EntryPoint\",\"urlTemplate\":\"https:\\\/\\\/gastora.eu\\\/?s={search_term_string}\"},\"query-input\":{\"@type\":\"PropertyValueSpecification\",\"valueRequired\":true,\"valueName\":\"search_term_string\"}}],\"inLanguage\":\"en-US\"},{\"@type\":\"Organization\",\"@id\":\"https:\\\/\\\/gastora.eu\\\/#organization\",\"name\":\"Gastora\",\"url\":\"https:\\\/\\\/gastora.eu\\\/\",\"logo\":{\"@type\":\"ImageObject\",\"inLanguage\":\"en-US\",\"@id\":\"https:\\\/\\\/gastora.eu\\\/#\\\/schema\\\/logo\\\/image\\\/\",\"url\":\"https:\\\/\\\/gastora.eu\\\/wp-content\\\/uploads\\\/2025\\\/12\\\/ChatGPT-Image-2-janv.-2026-22_52_47-1.png\",\"contentUrl\":\"https:\\\/\\\/gastora.eu\\\/wp-content\\\/uploads\\\/2025\\\/12\\\/ChatGPT-Image-2-janv.-2026-22_52_47-1.png\",\"width\":1536,\"height\":320,\"caption\":\"Gastora\"},\"image\":{\"@id\":\"https:\\\/\\\/gastora.eu\\\/#\\\/schema\\\/logo\\\/image\\\/\"}}]}<\/script>\n<!-- \/ Yoast SEO plugin. -->","yoast_head_json":{"title":"P\u00e9trin \u00e0 spirale \/ p\u00e9trin \u00e0 p\u00e2te - 130 L - 80 kg de p\u00e2te - 2 vitesses - 400V - Gastora","description":"Achetez P\u00e9trin \u00e0 spirale \/ p\u00e9trin \u00e0 p\u00e2te - 130 L - 80 kg de p\u00e2te - 2 vitesses - 400V au meilleur prix, fiable et performant avec une livraison rapide","robots":{"index":"index","follow":"follow","max-snippet":"max-snippet:-1","max-image-preview":"max-image-preview:large","max-video-preview":"max-video-preview:-1"},"canonical":"https:\/\/gastora.eu\/en\/product\/ptrin-spirale-ptrin-pte-130-l-80-kg-de-pte-2-vitesses-400v\/","og_locale":"en_US","og_type":"article","og_title":"P\u00e9trin \u00e0 spirale \/ p\u00e9trin \u00e0 p\u00e2te - 130 L - 80 kg de p\u00e2te - 2 vitesses - 400V - Gastora","og_description":"Achetez P\u00e9trin \u00e0 spirale \/ p\u00e9trin \u00e0 p\u00e2te - 130 L - 80 kg de p\u00e2te - 2 vitesses - 400V au meilleur prix, fiable et performant avec une livraison rapide","og_url":"https:\/\/gastora.eu\/en\/product\/ptrin-spirale-ptrin-pte-130-l-80-kg-de-pte-2-vitesses-400v\/","og_site_name":"Gastora","article_modified_time":"2026-04-28T16:56:16+00:00","twitter_card":"summary_large_image","twitter_misc":{"Est. reading time":"2 minutes"},"schema":{"@context":"https:\/\/schema.org","@graph":[{"@type":"WebPage","@id":"https:\/\/gastora.eu\/product\/ptrin-spirale-ptrin-pte-130-l-80-kg-de-pte-2-vitesses-400v\/","url":"https:\/\/gastora.eu\/product\/ptrin-spirale-ptrin-pte-130-l-80-kg-de-pte-2-vitesses-400v\/","name":"P\u00e9trin \u00e0 spirale \/ p\u00e9trin \u00e0 p\u00e2te - 130 L - 80 kg de p\u00e2te - 2 vitesses - 400V - Gastora","isPartOf":{"@id":"https:\/\/gastora.eu\/#website"},"primaryImageOfPage":{"@id":"https:\/\/gastora.eu\/product\/ptrin-spirale-ptrin-pte-130-l-80-kg-de-pte-2-vitesses-400v\/#primaryimage"},"image":{"@id":"https:\/\/gastora.eu\/product\/ptrin-spirale-ptrin-pte-130-l-80-kg-de-pte-2-vitesses-400v\/#primaryimage"},"thumbnailUrl":"https:\/\/gastora.eu\/wp-content\/uploads\/2026\/04\/1_msm-100_w38_3229_2.jpg","datePublished":"2026-04-25T17:47:29+00:00","dateModified":"2026-04-28T16:56:16+00:00","description":"Achetez P\u00e9trin \u00e0 spirale \/ p\u00e9trin \u00e0 p\u00e2te - 130 L - 80 kg de p\u00e2te - 2 vitesses - 400V au meilleur prix, fiable et performant avec une livraison rapide","breadcrumb":{"@id":"https:\/\/gastora.eu\/product\/ptrin-spirale-ptrin-pte-130-l-80-kg-de-pte-2-vitesses-400v\/#breadcrumb"},"inLanguage":"en-US","potentialAction":[{"@type":"ReadAction","target":["https:\/\/gastora.eu\/product\/ptrin-spirale-ptrin-pte-130-l-80-kg-de-pte-2-vitesses-400v\/"]}]},{"@type":"ImageObject","inLanguage":"en-US","@id":"https:\/\/gastora.eu\/product\/ptrin-spirale-ptrin-pte-130-l-80-kg-de-pte-2-vitesses-400v\/#primaryimage","url":"https:\/\/gastora.eu\/wp-content\/uploads\/2026\/04\/1_msm-100_w38_3229_2.jpg","contentUrl":"https:\/\/gastora.eu\/wp-content\/uploads\/2026\/04\/1_msm-100_w38_3229_2.jpg","width":1200,"height":1200},{"@type":"BreadcrumbList","@id":"https:\/\/gastora.eu\/product\/ptrin-spirale-ptrin-pte-130-l-80-kg-de-pte-2-vitesses-400v\/#breadcrumb","itemListElement":[{"@type":"ListItem","position":1,"name":"Home","item":"https:\/\/gastora.eu\/"},{"@type":"ListItem","position":2,"name":"Shop","item":"https:\/\/gastora.eu\/shop\/"},{"@type":"ListItem","position":3,"name":"P\u00e9trin \u00e0 spirale \/ p\u00e9trin \u00e0 p\u00e2te &#8211; 130 L &#8211; 80 kg de p\u00e2te &#8211; 2 vitesses &#8211; 400V"}]},{"@type":"WebSite","@id":"https:\/\/gastora.eu\/#website","url":"https:\/\/gastora.eu\/","name":"Gastora","description":"\u00c9quipements professionnels CHR","publisher":{"@id":"https:\/\/gastora.eu\/#organization"},"potentialAction":[{"@type":"SearchAction","target":{"@type":"EntryPoint","urlTemplate":"https:\/\/gastora.eu\/?s={search_term_string}"},"query-input":{"@type":"PropertyValueSpecification","valueRequired":true,"valueName":"search_term_string"}}],"inLanguage":"en-US"},{"@type":"Organization","@id":"https:\/\/gastora.eu\/#organization","name":"Gastora","url":"https:\/\/gastora.eu\/","logo":{"@type":"ImageObject","inLanguage":"en-US","@id":"https:\/\/gastora.eu\/#\/schema\/logo\/image\/","url":"https:\/\/gastora.eu\/wp-content\/uploads\/2025\/12\/ChatGPT-Image-2-janv.-2026-22_52_47-1.png","contentUrl":"https:\/\/gastora.eu\/wp-content\/uploads\/2025\/12\/ChatGPT-Image-2-janv.-2026-22_52_47-1.png","width":1536,"height":320,"caption":"Gastora"},"image":{"@id":"https:\/\/gastora.eu\/#\/schema\/logo\/image\/"}}]}},"jetpack_sharing_enabled":true,"_links":{"self":[{"href":"https:\/\/gastora.eu\/en\/wp-json\/wp\/v2\/product\/14306","targetHints":{"allow":["GET"]}}],"collection":[{"href":"https:\/\/gastora.eu\/en\/wp-json\/wp\/v2\/product"}],"about":[{"href":"https:\/\/gastora.eu\/en\/wp-json\/wp\/v2\/types\/product"}],"wp:featuredmedia":[{"embeddable":true,"href":"https:\/\/gastora.eu\/en\/wp-json\/wp\/v2\/media\/7360"}],"wp:attachment":[{"href":"https:\/\/gastora.eu\/en\/wp-json\/wp\/v2\/media?parent=14306"}],"wp:term":[{"taxonomy":"product_brand","embeddable":true,"href":"https:\/\/gastora.eu\/en\/wp-json\/wp\/v2\/product_brand?post=14306"},{"taxonomy":"product_cat","embeddable":true,"href":"https:\/\/gastora.eu\/en\/wp-json\/wp\/v2\/product_cat?post=14306"},{"taxonomy":"product_tag","embeddable":true,"href":"https:\/\/gastora.eu\/en\/wp-json\/wp\/v2\/product_tag?post=14306"}],"curies":[{"name":"wp","href":"https:\/\/api.w.org\/{rel}","templated":true}]}}