{"id":14274,"date":"2026-04-25T17:46:49","date_gmt":"2026-04-25T17:46:49","guid":{"rendered":"https:\/\/gastora.eu\/?post_type=product&#038;p=14274"},"modified":"2026-04-28T16:56:13","modified_gmt":"2026-04-28T16:56:13","slug":"plaque-induction-26-cm-2700w","status":"publish","type":"product","link":"https:\/\/gastora.eu\/en\/product\/plaque-induction-26-cm-2700w\/","title":{"rendered":"Plaque \u00e0 induction &#8211; \u00d826 cm &#8211; 2700W"},"content":{"rendered":"<p>Ajoutez cette plaque de cuisson \u00e9lectrique \u00e0 induction \u00e0 votre cuisine de restauration et vous augmenterez votre capacit\u00e9 de cuisson en un rien de temps. La cuisson \u00e0 induction a un temps de chauffe court, ce qui vous permet de commencer \u00e0 cuisiner presque imm\u00e9diatement. En outre, cette plaque \u00e0 induction professionnelle est \u00e9conome en \u00e9nergie. Il s&#8217;agit d&#8217;un appareil de haute qualit\u00e9 qui peut \u00eatre utilis\u00e9 aussi bien dans les cuisines professionnelles que dans les cuisines domestiques. En outre, la plaque de cuisson est \u00e9quip\u00e9e d&#8217;une plaque en verre de haute qualit\u00e9. Le bo\u00eetier en acier inoxydable, robuste et durable, ne craint pas les chocs.<\/p>\n<h3>Convient aux po\u00eales \u00e0 induction \u00e0 fond plat<\/h3>\n<p>Pour cuisiner sur une plaque \u00e0 induction, il faut des casseroles sp\u00e9ciales. Ces casseroles doivent avoir un fond plat. Tant qu&#8217;il n&#8217;y a pas de casserole sur la plaque, le champ magn\u00e9tique n&#8217;est pas actif et la plaque ne chauffe pas. Cela signifie que la cuisson par induction est tr\u00e8s s\u00fbre. M\u00eame si vous retirez la casserole de la table de cuisson, vous ne vous br\u00fblerez pas les mains car la plaque ne chauffe pas sans casserole. La temp\u00e9rature peut \u00eatre r\u00e9gl\u00e9e avec pr\u00e9cision entre 60 et 240\u00baC par incr\u00e9ments de 5\u00ba, de sorte que les plats sont chauff\u00e9s uniform\u00e9ment. De plus, la plaque \u00e0 induction est \u00e9quip\u00e9e d&#8217;une minuterie que vous pouvez r\u00e9gler entre 0 et 180 minutes.<\/p>\n<h3>\u00c9quip\u00e9e d&#8217;un verrouillage de s\u00e9curit\u00e9<\/h3>\n<p>Cette plaque \u00e0 induction professionnelle est \u00e9quip\u00e9e d&#8217;un verrouillage de s\u00e9curit\u00e9 qui permet d&#8217;utiliser et de ranger l&#8217;appareil en toute s\u00e9curit\u00e9. Le panneau est facile \u00e0 utiliser et dispose d&#8217;un affichage LED. Gr\u00e2ce \u00e0 sa surface lisse, la plaque \u00e0 induction est facile \u00e0 nettoyer et \u00e0 entretenir. Utilisez un chiffon en microfibre, de l&#8217;eau et un d\u00e9tergent doux pour essuyer la plaque sans la rayer. Nettoyez \u00e9galement les bords, puis s\u00e9chez l&#8217;appareil avec un chiffon doux pour \u00e9viter les traces.<\/p>\n<ul>\n<li>Plaque \u00e0 induction de haute qualit\u00e9 pour un usage domestique et professionnel<\/li>\n<li>\u00c9quip\u00e9e d&#8217;une plaque de cuisson en verre de tr\u00e8s haute qualit\u00e9<\/li>\n<li>Bo\u00eetier en acier inoxydable robuste et durable<\/li>\n<li>Panneau facile \u00e0 utiliser, avec affichage LED et minuterie<\/li>\n<li>Minuterie r\u00e9glable de 0 \u00e0 180 minutes<\/li>\n<li>Plage de temp\u00e9rature de 60 \u00e0 240 \u00b0C<\/li>\n<li>La temp\u00e9rature peut \u00eatre r\u00e9gl\u00e9e par 5 degr\u00e9s<\/li>\n<li>\u00c9quip\u00e9 d&#8217;un verrou de s\u00e9curit\u00e9 pour un stockage et une utilisation en toute s\u00e9curit\u00e9<\/li>\n<li>Convient aux casseroles \u00e0 fond plat<\/li>\n<li>\u00c9quip\u00e9 d&#8217;une protection \u00e9lectrique contre la surchauffe<\/li>\n<li>Surface lisse facile \u00e0 nettoyer et \u00e0 entretenir<\/li>\n<li>Poids net : 4 kg<\/li>\n<li>Dimensions : B32 x D36,8 x H9,3 B32 x D36,8 x H9,3cm<\/li>\n<li>Charge maximale : 30kg<\/li>\n<li>Surface de cuisson : \u00d8 12 -26cm<\/li>\n<li>230V\/50Hz\/1Phase 2700W<\/li>\n<\/ul>","protected":false},"excerpt":{"rendered":"<p>Cette plaque de cuisson \u00e9lectrique autoportante \u00e0 induction dispose d&#8217;une surface de cuisson en verre de haute qualit\u00e9 d&#8217;un diam\u00e8tre de 12 \u00e0 26 cm. Le panneau tactile est facile \u00e0 utiliser, vous pouvez r\u00e9gler la temp\u00e9rature d\u00e9sir\u00e9e et le temps de cuisson avec une grande pr\u00e9cision. Vous pouvez utiliser la table de cuisson pour augmenter votre capacit\u00e9 de cuisson, \u00e0 la fois pour un usage domestique et professionnel.<\/p>","protected":false},"featured_media":7296,"template":"","meta":{"_acf_changed":false},"product_brand":[],"product_cat":[495],"product_tag":[],"class_list":{"0":"post-14274","1":"product","2":"type-product","3":"status-publish","4":"has-post-thumbnail","6":"product_cat-plaques-pianos-de-cuisson-2","8":"first","9":"instock","10":"sale","11":"taxable","12":"shipping-taxable","13":"purchasable","14":"product-type-simple"},"acf":[],"yoast_head":"<!-- This site is optimized with the Yoast SEO plugin v27.6 - https:\/\/yoast.com\/product\/yoast-seo-wordpress\/ -->\n<title>Plaque \u00e0 induction - \u00d826 cm - 2700W - Gastora<\/title>\n<meta name=\"description\" content=\"Achetez Plaque \u00e0 induction - \u00d826 cm - 2700W au meilleur prix, fiable et performant avec une livraison rapide\" \/>\n<meta name=\"robots\" content=\"index, follow, max-snippet:-1, max-image-preview:large, max-video-preview:-1\" \/>\n<link rel=\"canonical\" href=\"https:\/\/gastora.eu\/en\/product\/plaque-induction-26-cm-2700w\/\" \/>\n<meta property=\"og:locale\" content=\"en_US\" \/>\n<meta property=\"og:type\" content=\"article\" \/>\n<meta property=\"og:title\" content=\"Plaque \u00e0 induction - \u00d826 cm - 2700W - Gastora\" \/>\n<meta property=\"og:description\" content=\"Achetez Plaque \u00e0 induction - \u00d826 cm - 2700W au meilleur prix, fiable et performant avec une livraison rapide\" \/>\n<meta property=\"og:url\" content=\"https:\/\/gastora.eu\/en\/product\/plaque-induction-26-cm-2700w\/\" \/>\n<meta property=\"og:site_name\" content=\"Gastora\" \/>\n<meta property=\"article:modified_time\" content=\"2026-04-28T16:56:13+00:00\" \/>\n<meta name=\"twitter:card\" content=\"summary_large_image\" \/>\n<meta name=\"twitter:label1\" content=\"Est. reading time\" \/>\n\t<meta name=\"twitter:data1\" content=\"2 minutes\" \/>\n<script type=\"application\/ld+json\" class=\"yoast-schema-graph\">{\"@context\":\"https:\\\/\\\/schema.org\",\"@graph\":[{\"@type\":\"WebPage\",\"@id\":\"https:\\\/\\\/gastora.eu\\\/product\\\/plaque-induction-26-cm-2700w\\\/\",\"url\":\"https:\\\/\\\/gastora.eu\\\/product\\\/plaque-induction-26-cm-2700w\\\/\",\"name\":\"Plaque \u00e0 induction - \u00d826 cm - 2700W - Gastora\",\"isPartOf\":{\"@id\":\"https:\\\/\\\/gastora.eu\\\/#website\"},\"primaryImageOfPage\":{\"@id\":\"https:\\\/\\\/gastora.eu\\\/product\\\/plaque-induction-26-cm-2700w\\\/#primaryimage\"},\"image\":{\"@id\":\"https:\\\/\\\/gastora.eu\\\/product\\\/plaque-induction-26-cm-2700w\\\/#primaryimage\"},\"thumbnailUrl\":\"https:\\\/\\\/gastora.eu\\\/wp-content\\\/uploads\\\/2026\\\/04\\\/sp-005-61656f5e59e92.jpg\",\"datePublished\":\"2026-04-25T17:46:49+00:00\",\"dateModified\":\"2026-04-28T16:56:13+00:00\",\"description\":\"Achetez Plaque \u00e0 induction - \u00d826 cm - 2700W au meilleur prix, fiable et performant avec une livraison rapide\",\"breadcrumb\":{\"@id\":\"https:\\\/\\\/gastora.eu\\\/product\\\/plaque-induction-26-cm-2700w\\\/#breadcrumb\"},\"inLanguage\":\"en-US\",\"potentialAction\":[{\"@type\":\"ReadAction\",\"target\":[\"https:\\\/\\\/gastora.eu\\\/product\\\/plaque-induction-26-cm-2700w\\\/\"]}]},{\"@type\":\"ImageObject\",\"inLanguage\":\"en-US\",\"@id\":\"https:\\\/\\\/gastora.eu\\\/product\\\/plaque-induction-26-cm-2700w\\\/#primaryimage\",\"url\":\"https:\\\/\\\/gastora.eu\\\/wp-content\\\/uploads\\\/2026\\\/04\\\/sp-005-61656f5e59e92.jpg\",\"contentUrl\":\"https:\\\/\\\/gastora.eu\\\/wp-content\\\/uploads\\\/2026\\\/04\\\/sp-005-61656f5e59e92.jpg\",\"width\":2048,\"height\":2048},{\"@type\":\"BreadcrumbList\",\"@id\":\"https:\\\/\\\/gastora.eu\\\/product\\\/plaque-induction-26-cm-2700w\\\/#breadcrumb\",\"itemListElement\":[{\"@type\":\"ListItem\",\"position\":1,\"name\":\"Home\",\"item\":\"https:\\\/\\\/gastora.eu\\\/\"},{\"@type\":\"ListItem\",\"position\":2,\"name\":\"Shop\",\"item\":\"https:\\\/\\\/gastora.eu\\\/shop\\\/\"},{\"@type\":\"ListItem\",\"position\":3,\"name\":\"Plaque \u00e0 induction &#8211; \u00d826 cm &#8211; 2700W\"}]},{\"@type\":\"WebSite\",\"@id\":\"https:\\\/\\\/gastora.eu\\\/#website\",\"url\":\"https:\\\/\\\/gastora.eu\\\/\",\"name\":\"Gastora\",\"description\":\"\u00c9quipements professionnels CHR\",\"publisher\":{\"@id\":\"https:\\\/\\\/gastora.eu\\\/#organization\"},\"potentialAction\":[{\"@type\":\"SearchAction\",\"target\":{\"@type\":\"EntryPoint\",\"urlTemplate\":\"https:\\\/\\\/gastora.eu\\\/?s={search_term_string}\"},\"query-input\":{\"@type\":\"PropertyValueSpecification\",\"valueRequired\":true,\"valueName\":\"search_term_string\"}}],\"inLanguage\":\"en-US\"},{\"@type\":\"Organization\",\"@id\":\"https:\\\/\\\/gastora.eu\\\/#organization\",\"name\":\"Gastora\",\"url\":\"https:\\\/\\\/gastora.eu\\\/\",\"logo\":{\"@type\":\"ImageObject\",\"inLanguage\":\"en-US\",\"@id\":\"https:\\\/\\\/gastora.eu\\\/#\\\/schema\\\/logo\\\/image\\\/\",\"url\":\"https:\\\/\\\/gastora.eu\\\/wp-content\\\/uploads\\\/2025\\\/12\\\/ChatGPT-Image-2-janv.-2026-22_52_47-1.png\",\"contentUrl\":\"https:\\\/\\\/gastora.eu\\\/wp-content\\\/uploads\\\/2025\\\/12\\\/ChatGPT-Image-2-janv.-2026-22_52_47-1.png\",\"width\":1536,\"height\":320,\"caption\":\"Gastora\"},\"image\":{\"@id\":\"https:\\\/\\\/gastora.eu\\\/#\\\/schema\\\/logo\\\/image\\\/\"}}]}<\/script>\n<!-- \/ Yoast SEO plugin. -->","yoast_head_json":{"title":"Plaque \u00e0 induction - \u00d826 cm - 2700W - Gastora","description":"Achetez Plaque \u00e0 induction - \u00d826 cm - 2700W au meilleur prix, fiable et performant avec une livraison rapide","robots":{"index":"index","follow":"follow","max-snippet":"max-snippet:-1","max-image-preview":"max-image-preview:large","max-video-preview":"max-video-preview:-1"},"canonical":"https:\/\/gastora.eu\/en\/product\/plaque-induction-26-cm-2700w\/","og_locale":"en_US","og_type":"article","og_title":"Plaque \u00e0 induction - \u00d826 cm - 2700W - Gastora","og_description":"Achetez Plaque \u00e0 induction - \u00d826 cm - 2700W au meilleur prix, fiable et performant avec une livraison rapide","og_url":"https:\/\/gastora.eu\/en\/product\/plaque-induction-26-cm-2700w\/","og_site_name":"Gastora","article_modified_time":"2026-04-28T16:56:13+00:00","twitter_card":"summary_large_image","twitter_misc":{"Est. reading time":"2 minutes"},"schema":{"@context":"https:\/\/schema.org","@graph":[{"@type":"WebPage","@id":"https:\/\/gastora.eu\/product\/plaque-induction-26-cm-2700w\/","url":"https:\/\/gastora.eu\/product\/plaque-induction-26-cm-2700w\/","name":"Plaque \u00e0 induction - \u00d826 cm - 2700W - Gastora","isPartOf":{"@id":"https:\/\/gastora.eu\/#website"},"primaryImageOfPage":{"@id":"https:\/\/gastora.eu\/product\/plaque-induction-26-cm-2700w\/#primaryimage"},"image":{"@id":"https:\/\/gastora.eu\/product\/plaque-induction-26-cm-2700w\/#primaryimage"},"thumbnailUrl":"https:\/\/gastora.eu\/wp-content\/uploads\/2026\/04\/sp-005-61656f5e59e92.jpg","datePublished":"2026-04-25T17:46:49+00:00","dateModified":"2026-04-28T16:56:13+00:00","description":"Achetez Plaque \u00e0 induction - \u00d826 cm - 2700W au meilleur prix, fiable et performant avec une livraison rapide","breadcrumb":{"@id":"https:\/\/gastora.eu\/product\/plaque-induction-26-cm-2700w\/#breadcrumb"},"inLanguage":"en-US","potentialAction":[{"@type":"ReadAction","target":["https:\/\/gastora.eu\/product\/plaque-induction-26-cm-2700w\/"]}]},{"@type":"ImageObject","inLanguage":"en-US","@id":"https:\/\/gastora.eu\/product\/plaque-induction-26-cm-2700w\/#primaryimage","url":"https:\/\/gastora.eu\/wp-content\/uploads\/2026\/04\/sp-005-61656f5e59e92.jpg","contentUrl":"https:\/\/gastora.eu\/wp-content\/uploads\/2026\/04\/sp-005-61656f5e59e92.jpg","width":2048,"height":2048},{"@type":"BreadcrumbList","@id":"https:\/\/gastora.eu\/product\/plaque-induction-26-cm-2700w\/#breadcrumb","itemListElement":[{"@type":"ListItem","position":1,"name":"Home","item":"https:\/\/gastora.eu\/"},{"@type":"ListItem","position":2,"name":"Shop","item":"https:\/\/gastora.eu\/shop\/"},{"@type":"ListItem","position":3,"name":"Plaque \u00e0 induction &#8211; \u00d826 cm &#8211; 2700W"}]},{"@type":"WebSite","@id":"https:\/\/gastora.eu\/#website","url":"https:\/\/gastora.eu\/","name":"Gastora","description":"\u00c9quipements professionnels CHR","publisher":{"@id":"https:\/\/gastora.eu\/#organization"},"potentialAction":[{"@type":"SearchAction","target":{"@type":"EntryPoint","urlTemplate":"https:\/\/gastora.eu\/?s={search_term_string}"},"query-input":{"@type":"PropertyValueSpecification","valueRequired":true,"valueName":"search_term_string"}}],"inLanguage":"en-US"},{"@type":"Organization","@id":"https:\/\/gastora.eu\/#organization","name":"Gastora","url":"https:\/\/gastora.eu\/","logo":{"@type":"ImageObject","inLanguage":"en-US","@id":"https:\/\/gastora.eu\/#\/schema\/logo\/image\/","url":"https:\/\/gastora.eu\/wp-content\/uploads\/2025\/12\/ChatGPT-Image-2-janv.-2026-22_52_47-1.png","contentUrl":"https:\/\/gastora.eu\/wp-content\/uploads\/2025\/12\/ChatGPT-Image-2-janv.-2026-22_52_47-1.png","width":1536,"height":320,"caption":"Gastora"},"image":{"@id":"https:\/\/gastora.eu\/#\/schema\/logo\/image\/"}}]}},"jetpack_sharing_enabled":true,"_links":{"self":[{"href":"https:\/\/gastora.eu\/en\/wp-json\/wp\/v2\/product\/14274","targetHints":{"allow":["GET"]}}],"collection":[{"href":"https:\/\/gastora.eu\/en\/wp-json\/wp\/v2\/product"}],"about":[{"href":"https:\/\/gastora.eu\/en\/wp-json\/wp\/v2\/types\/product"}],"wp:featuredmedia":[{"embeddable":true,"href":"https:\/\/gastora.eu\/en\/wp-json\/wp\/v2\/media\/7296"}],"wp:attachment":[{"href":"https:\/\/gastora.eu\/en\/wp-json\/wp\/v2\/media?parent=14274"}],"wp:term":[{"taxonomy":"product_brand","embeddable":true,"href":"https:\/\/gastora.eu\/en\/wp-json\/wp\/v2\/product_brand?post=14274"},{"taxonomy":"product_cat","embeddable":true,"href":"https:\/\/gastora.eu\/en\/wp-json\/wp\/v2\/product_cat?post=14274"},{"taxonomy":"product_tag","embeddable":true,"href":"https:\/\/gastora.eu\/en\/wp-json\/wp\/v2\/product_tag?post=14274"}],"curies":[{"name":"wp","href":"https:\/\/api.w.org\/{rel}","templated":true}]}}