{"id":14273,"date":"2026-04-25T17:46:48","date_gmt":"2026-04-25T17:46:48","guid":{"rendered":"https:\/\/gastora.eu\/?post_type=product&#038;p=14273"},"modified":"2026-04-28T16:56:13","modified_gmt":"2026-04-28T16:56:13","slug":"pole-wok-36-cm-acier-inoxydable-induction","status":"publish","type":"product","link":"https:\/\/gastora.eu\/en\/product\/pole-wok-36-cm-acier-inoxydable-induction\/","title":{"rendered":"Po\u00eale \u00e0 wok &#8211; \u00d836 cm &#8211; acier inoxydable &#8211; induction"},"content":{"rendered":"<p>Cette po\u00eale wok professionnelle convient \u00e0 la plaque wok \u00e0 induction et s&#8217;adapte parfaitement. Cela cr\u00e9e une r\u00e9partition optimale de la chaleur et les ingr\u00e9dients sont cuits de mani\u00e8re uniforme. Pour un travail en toute s\u00e9curit\u00e9, la po\u00eale \u00e0 wok \u00e0 induction est dot\u00e9e de poign\u00e9es ergonomiques. En outre, cette po\u00eale wok professionnelle est fabriqu\u00e9e en acier inoxydable et, gr\u00e2ce \u00e0 sa finition sans soudure, elle est facile \u00e0 nettoyer. Si vous souhaitez ajouter un couvercle \u00e0 la po\u00eale wok, vous pouvez le commander s\u00e9par\u00e9ment.<\/p>\n<ul>\n<li>Po\u00eale wok \u00e0 induction en acier inoxydable de haute qualit\u00e9<\/li>\n<li>S&#8217;adapte parfaitement \u00e0 la plaque wok Maxima Induction<\/li>\n<li>Poign\u00e9es ergonomiques pour un confort d&#8217;utilisation<\/li>\n<li>Facile \u00e0 nettoyer gr\u00e2ce \u00e0 sa finition sans soudure<\/li>\n<li>Poids net : 3,2 kg<\/li>\n<li>Dimensions de la po\u00eale : \u00d8360 x H110 mm<\/li>\n<\/ul>\n<ul>\n<li>Couvercle disponible s\u00e9par\u00e9ment<\/li>\n<li>Dimensions du couvercle : \u00d8360 x H80 mm<\/li>\n<\/ul>\n<ul>\n<li>Poids net : 3,2kg\n<\/li>\n<li>Dimensions de la casserole : \u00d836 x H11cm\n<\/li>\n<li>Couvercle disponible s\u00e9par\u00e9ment\n<\/li>\n<li>Dimensions du couvercle : \u00d836 x H8cm<br \/>","protected":false},"excerpt":{"rendered":"<p>Vous recherchez une po\u00eale \u00e0 wok parfaitement adapt\u00e9e au wok \u00e0 induction pour une r\u00e9partition optimale de la chaleur ? Avec cette po\u00eale wok \u00e0 induction en acier inoxydable de haute qualit\u00e9, vous pourrez cuisiner les plats les plus d\u00e9licieux dans une cuisine professionnelle<\/p>","protected":false},"featured_media":7294,"template":"","meta":{"_acf_changed":false},"product_brand":[],"product_cat":[65],"product_tag":[],"class_list":{"0":"post-14273","1":"product","2":"type-product","3":"status-publish","4":"has-post-thumbnail","6":"product_cat-accessoires-consommables","8":"first","9":"instock","10":"sale","11":"taxable","12":"shipping-taxable","13":"purchasable","14":"product-type-simple"},"acf":[],"yoast_head":"<!-- This site is optimized with the Yoast SEO plugin v27.5 - https:\/\/yoast.com\/product\/yoast-seo-wordpress\/ -->\n<title>Po\u00eale \u00e0 wok - \u00d836 cm - acier inoxydable - induction - Gastora<\/title>\n<meta name=\"description\" content=\"Achetez Po\u00eale \u00e0 wok - \u00d836 cm - acier inoxydable - induction au meilleur prix, fiable et performant avec une livraison rapide\" \/>\n<meta name=\"robots\" content=\"index, follow, max-snippet:-1, max-image-preview:large, max-video-preview:-1\" \/>\n<link rel=\"canonical\" href=\"https:\/\/gastora.eu\/en\/product\/pole-wok-36-cm-acier-inoxydable-induction\/\" \/>\n<meta property=\"og:locale\" content=\"en_US\" \/>\n<meta property=\"og:type\" content=\"article\" \/>\n<meta property=\"og:title\" content=\"Po\u00eale \u00e0 wok - \u00d836 cm - acier inoxydable - induction - Gastora\" \/>\n<meta property=\"og:description\" content=\"Achetez Po\u00eale \u00e0 wok - \u00d836 cm - acier inoxydable - induction au meilleur prix, fiable et performant avec une livraison rapide\" \/>\n<meta property=\"og:url\" content=\"https:\/\/gastora.eu\/en\/product\/pole-wok-36-cm-acier-inoxydable-induction\/\" \/>\n<meta property=\"og:site_name\" content=\"Gastora\" \/>\n<meta property=\"article:modified_time\" content=\"2026-04-28T16:56:13+00:00\" \/>\n<meta name=\"twitter:card\" content=\"summary_large_image\" \/>\n<meta name=\"twitter:label1\" content=\"Est. reading time\" \/>\n\t<meta name=\"twitter:data1\" content=\"1 minute\" \/>\n<script type=\"application\/ld+json\" class=\"yoast-schema-graph\">{\"@context\":\"https:\\\/\\\/schema.org\",\"@graph\":[{\"@type\":\"WebPage\",\"@id\":\"https:\\\/\\\/gastora.eu\\\/product\\\/pole-wok-36-cm-acier-inoxydable-induction\\\/\",\"url\":\"https:\\\/\\\/gastora.eu\\\/product\\\/pole-wok-36-cm-acier-inoxydable-induction\\\/\",\"name\":\"Po\u00eale \u00e0 wok - \u00d836 cm - acier inoxydable - induction - Gastora\",\"isPartOf\":{\"@id\":\"https:\\\/\\\/gastora.eu\\\/#website\"},\"primaryImageOfPage\":{\"@id\":\"https:\\\/\\\/gastora.eu\\\/product\\\/pole-wok-36-cm-acier-inoxydable-induction\\\/#primaryimage\"},\"image\":{\"@id\":\"https:\\\/\\\/gastora.eu\\\/product\\\/pole-wok-36-cm-acier-inoxydable-induction\\\/#primaryimage\"},\"thumbnailUrl\":\"https:\\\/\\\/gastora.eu\\\/wp-content\\\/uploads\\\/2026\\\/04\\\/sp-005-61656f5ee7e91.jpg\",\"datePublished\":\"2026-04-25T17:46:48+00:00\",\"dateModified\":\"2026-04-28T16:56:13+00:00\",\"description\":\"Achetez Po\u00eale \u00e0 wok - \u00d836 cm - acier inoxydable - induction au meilleur prix, fiable et performant avec une livraison rapide\",\"breadcrumb\":{\"@id\":\"https:\\\/\\\/gastora.eu\\\/product\\\/pole-wok-36-cm-acier-inoxydable-induction\\\/#breadcrumb\"},\"inLanguage\":\"en-US\",\"potentialAction\":[{\"@type\":\"ReadAction\",\"target\":[\"https:\\\/\\\/gastora.eu\\\/product\\\/pole-wok-36-cm-acier-inoxydable-induction\\\/\"]}]},{\"@type\":\"ImageObject\",\"inLanguage\":\"en-US\",\"@id\":\"https:\\\/\\\/gastora.eu\\\/product\\\/pole-wok-36-cm-acier-inoxydable-induction\\\/#primaryimage\",\"url\":\"https:\\\/\\\/gastora.eu\\\/wp-content\\\/uploads\\\/2026\\\/04\\\/sp-005-61656f5ee7e91.jpg\",\"contentUrl\":\"https:\\\/\\\/gastora.eu\\\/wp-content\\\/uploads\\\/2026\\\/04\\\/sp-005-61656f5ee7e91.jpg\",\"width\":2048,\"height\":2048},{\"@type\":\"BreadcrumbList\",\"@id\":\"https:\\\/\\\/gastora.eu\\\/product\\\/pole-wok-36-cm-acier-inoxydable-induction\\\/#breadcrumb\",\"itemListElement\":[{\"@type\":\"ListItem\",\"position\":1,\"name\":\"Home\",\"item\":\"https:\\\/\\\/gastora.eu\\\/\"},{\"@type\":\"ListItem\",\"position\":2,\"name\":\"Shop\",\"item\":\"https:\\\/\\\/gastora.eu\\\/shop\\\/\"},{\"@type\":\"ListItem\",\"position\":3,\"name\":\"Po\u00eale \u00e0 wok &#8211; \u00d836 cm &#8211; acier inoxydable &#8211; induction\"}]},{\"@type\":\"WebSite\",\"@id\":\"https:\\\/\\\/gastora.eu\\\/#website\",\"url\":\"https:\\\/\\\/gastora.eu\\\/\",\"name\":\"Gastora\",\"description\":\"\u00c9quipements professionnels CHR\",\"publisher\":{\"@id\":\"https:\\\/\\\/gastora.eu\\\/#organization\"},\"potentialAction\":[{\"@type\":\"SearchAction\",\"target\":{\"@type\":\"EntryPoint\",\"urlTemplate\":\"https:\\\/\\\/gastora.eu\\\/?s={search_term_string}\"},\"query-input\":{\"@type\":\"PropertyValueSpecification\",\"valueRequired\":true,\"valueName\":\"search_term_string\"}}],\"inLanguage\":\"en-US\"},{\"@type\":\"Organization\",\"@id\":\"https:\\\/\\\/gastora.eu\\\/#organization\",\"name\":\"Gastora\",\"url\":\"https:\\\/\\\/gastora.eu\\\/\",\"logo\":{\"@type\":\"ImageObject\",\"inLanguage\":\"en-US\",\"@id\":\"https:\\\/\\\/gastora.eu\\\/#\\\/schema\\\/logo\\\/image\\\/\",\"url\":\"https:\\\/\\\/gastora.eu\\\/wp-content\\\/uploads\\\/2025\\\/12\\\/ChatGPT-Image-2-janv.-2026-22_52_47-1.png\",\"contentUrl\":\"https:\\\/\\\/gastora.eu\\\/wp-content\\\/uploads\\\/2025\\\/12\\\/ChatGPT-Image-2-janv.-2026-22_52_47-1.png\",\"width\":1536,\"height\":320,\"caption\":\"Gastora\"},\"image\":{\"@id\":\"https:\\\/\\\/gastora.eu\\\/#\\\/schema\\\/logo\\\/image\\\/\"}}]}<\/script>\n<!-- \/ Yoast SEO plugin. -->","yoast_head_json":{"title":"Po\u00eale \u00e0 wok - \u00d836 cm - acier inoxydable - induction - Gastora","description":"Achetez Po\u00eale \u00e0 wok - \u00d836 cm - acier inoxydable - induction au meilleur prix, fiable et performant avec une livraison rapide","robots":{"index":"index","follow":"follow","max-snippet":"max-snippet:-1","max-image-preview":"max-image-preview:large","max-video-preview":"max-video-preview:-1"},"canonical":"https:\/\/gastora.eu\/en\/product\/pole-wok-36-cm-acier-inoxydable-induction\/","og_locale":"en_US","og_type":"article","og_title":"Po\u00eale \u00e0 wok - \u00d836 cm - acier inoxydable - induction - Gastora","og_description":"Achetez Po\u00eale \u00e0 wok - \u00d836 cm - acier inoxydable - induction au meilleur prix, fiable et performant avec une livraison rapide","og_url":"https:\/\/gastora.eu\/en\/product\/pole-wok-36-cm-acier-inoxydable-induction\/","og_site_name":"Gastora","article_modified_time":"2026-04-28T16:56:13+00:00","twitter_card":"summary_large_image","twitter_misc":{"Est. reading time":"1 minute"},"schema":{"@context":"https:\/\/schema.org","@graph":[{"@type":"WebPage","@id":"https:\/\/gastora.eu\/product\/pole-wok-36-cm-acier-inoxydable-induction\/","url":"https:\/\/gastora.eu\/product\/pole-wok-36-cm-acier-inoxydable-induction\/","name":"Po\u00eale \u00e0 wok - \u00d836 cm - acier inoxydable - induction - Gastora","isPartOf":{"@id":"https:\/\/gastora.eu\/#website"},"primaryImageOfPage":{"@id":"https:\/\/gastora.eu\/product\/pole-wok-36-cm-acier-inoxydable-induction\/#primaryimage"},"image":{"@id":"https:\/\/gastora.eu\/product\/pole-wok-36-cm-acier-inoxydable-induction\/#primaryimage"},"thumbnailUrl":"https:\/\/gastora.eu\/wp-content\/uploads\/2026\/04\/sp-005-61656f5ee7e91.jpg","datePublished":"2026-04-25T17:46:48+00:00","dateModified":"2026-04-28T16:56:13+00:00","description":"Achetez Po\u00eale \u00e0 wok - \u00d836 cm - acier inoxydable - induction au meilleur prix, fiable et performant avec une livraison rapide","breadcrumb":{"@id":"https:\/\/gastora.eu\/product\/pole-wok-36-cm-acier-inoxydable-induction\/#breadcrumb"},"inLanguage":"en-US","potentialAction":[{"@type":"ReadAction","target":["https:\/\/gastora.eu\/product\/pole-wok-36-cm-acier-inoxydable-induction\/"]}]},{"@type":"ImageObject","inLanguage":"en-US","@id":"https:\/\/gastora.eu\/product\/pole-wok-36-cm-acier-inoxydable-induction\/#primaryimage","url":"https:\/\/gastora.eu\/wp-content\/uploads\/2026\/04\/sp-005-61656f5ee7e91.jpg","contentUrl":"https:\/\/gastora.eu\/wp-content\/uploads\/2026\/04\/sp-005-61656f5ee7e91.jpg","width":2048,"height":2048},{"@type":"BreadcrumbList","@id":"https:\/\/gastora.eu\/product\/pole-wok-36-cm-acier-inoxydable-induction\/#breadcrumb","itemListElement":[{"@type":"ListItem","position":1,"name":"Home","item":"https:\/\/gastora.eu\/"},{"@type":"ListItem","position":2,"name":"Shop","item":"https:\/\/gastora.eu\/shop\/"},{"@type":"ListItem","position":3,"name":"Po\u00eale \u00e0 wok &#8211; \u00d836 cm &#8211; acier inoxydable &#8211; induction"}]},{"@type":"WebSite","@id":"https:\/\/gastora.eu\/#website","url":"https:\/\/gastora.eu\/","name":"Gastora","description":"\u00c9quipements professionnels CHR","publisher":{"@id":"https:\/\/gastora.eu\/#organization"},"potentialAction":[{"@type":"SearchAction","target":{"@type":"EntryPoint","urlTemplate":"https:\/\/gastora.eu\/?s={search_term_string}"},"query-input":{"@type":"PropertyValueSpecification","valueRequired":true,"valueName":"search_term_string"}}],"inLanguage":"en-US"},{"@type":"Organization","@id":"https:\/\/gastora.eu\/#organization","name":"Gastora","url":"https:\/\/gastora.eu\/","logo":{"@type":"ImageObject","inLanguage":"en-US","@id":"https:\/\/gastora.eu\/#\/schema\/logo\/image\/","url":"https:\/\/gastora.eu\/wp-content\/uploads\/2025\/12\/ChatGPT-Image-2-janv.-2026-22_52_47-1.png","contentUrl":"https:\/\/gastora.eu\/wp-content\/uploads\/2025\/12\/ChatGPT-Image-2-janv.-2026-22_52_47-1.png","width":1536,"height":320,"caption":"Gastora"},"image":{"@id":"https:\/\/gastora.eu\/#\/schema\/logo\/image\/"}}]}},"jetpack_sharing_enabled":true,"_links":{"self":[{"href":"https:\/\/gastora.eu\/en\/wp-json\/wp\/v2\/product\/14273","targetHints":{"allow":["GET"]}}],"collection":[{"href":"https:\/\/gastora.eu\/en\/wp-json\/wp\/v2\/product"}],"about":[{"href":"https:\/\/gastora.eu\/en\/wp-json\/wp\/v2\/types\/product"}],"wp:featuredmedia":[{"embeddable":true,"href":"https:\/\/gastora.eu\/en\/wp-json\/wp\/v2\/media\/7294"}],"wp:attachment":[{"href":"https:\/\/gastora.eu\/en\/wp-json\/wp\/v2\/media?parent=14273"}],"wp:term":[{"taxonomy":"product_brand","embeddable":true,"href":"https:\/\/gastora.eu\/en\/wp-json\/wp\/v2\/product_brand?post=14273"},{"taxonomy":"product_cat","embeddable":true,"href":"https:\/\/gastora.eu\/en\/wp-json\/wp\/v2\/product_cat?post=14273"},{"taxonomy":"product_tag","embeddable":true,"href":"https:\/\/gastora.eu\/en\/wp-json\/wp\/v2\/product_tag?post=14273"}],"curies":[{"name":"wp","href":"https:\/\/api.w.org\/{rel}","templated":true}]}}