{"id":14272,"date":"2026-04-25T17:46:47","date_gmt":"2026-04-25T17:46:47","guid":{"rendered":"https:\/\/gastora.eu\/?post_type=product&#038;p=14272"},"modified":"2026-04-28T16:56:13","modified_gmt":"2026-04-28T16:56:13","slug":"cuiseur-wok-26-cm-3500w-induction","status":"publish","type":"product","link":"https:\/\/gastora.eu\/en\/product\/cuiseur-wok-26-cm-3500w-induction\/","title":{"rendered":"Cuiseur wok &#8211; \u00d826 cm &#8211; 3500W &#8211; induction"},"content":{"rendered":"<p>Si vous ne voulez pas perdre la saveur de vos ingr\u00e9dients, vous pouvez opter pour un wok ou un saut\u00e9 sur cette plaque \u00e0 induction professionnelle. Elle est \u00e9galement pratique pour une utilisation sur site ou pour fournir une capacit\u00e9 de cuisson suppl\u00e9mentaire dans la cuisine professionnelle ou \u00e0 la maison. Gr\u00e2ce au temps de chauffe court de cette plaque \u00e0 induction professionnelle, vous pouvez cuire rapidement des l\u00e9gumes, de la viande, du poisson et du poulet tout en pr\u00e9servant toutes les saveurs. La plaque \u00e0 induction pour wok est \u00e9quip\u00e9e d&#8217;une plaque en verre de qualit\u00e9 sup\u00e9rieure et le bo\u00eetier en acier inoxydable est tr\u00e8s r\u00e9sistant et peut supporter une utilisation intensive.<\/p>\n<h3>Saut\u00e9 en toute s\u00e9curit\u00e9<\/h3>\n<p>Ce mod\u00e8le autonome peut \u00eatre plac\u00e9 sur une table ou un comptoir. Il est dot\u00e9 d&#8217;un panneau tactile facile \u00e0 utiliser et d&#8217;un \u00e9cran LED. Vous pouvez r\u00e9gler la temp\u00e9rature entre 60 et 240\u00baC. Pendant la cuisson, vous pouvez \u00e9galement r\u00e9gler la minuterie entre 0 et 180 minutes pour \u00e9viter les br\u00fblures. La minuterie peut \u00e9galement \u00eatre lue sur l&#8217;\u00e9cran LED. Vous pouvez travailler en toute s\u00e9curit\u00e9 avec ce br\u00fbleur wok gr\u00e2ce \u00e0 la protection int\u00e9gr\u00e9e contre la surchauffe. De plus, le verrouillage de s\u00e9curit\u00e9 permet d&#8217;utiliser et de ranger l&#8217;appareil en toute s\u00e9curit\u00e9.<\/p>\n<h3>Facile \u00e0 nettoyer<\/h3>\n<p>Cette plaque \u00e0 induction professionnelle est facile \u00e0 nettoyer gr\u00e2ce \u00e0 ses surfaces lisses. Prenez un chiffon en microfibres, de l&#8217;eau chaude et un d\u00e9tergent doux pour la nettoyer. Les fibres d&#8217;un chiffon en microfibres sont tr\u00e8s douces et ne rayent pas la plaque de verre. N&#8217;utilisez jamais de tampons \u00e0 r\u00e9curer pour nettoyer les plaques \u00e0 induction. Lorsque vous essuyez la plaque \u00e0 induction, veillez \u00e0 inclure les bords et \u00e0 \u00e9viter les traces en essuyant l&#8217;appareil avec un chiffon doux.<\/p>\n<p><strong>Caract\u00e9ristiques<\/strong><\/p>\n<ul>\n<li>Bo\u00eetier en acier inoxydable robuste et durable<\/li>\n<li>Facile \u00e0 utiliser gr\u00e2ce au panneau tactile, \u00e0 l&#8217;affichage LED et \u00e0 la minuterie<\/li>\n<li>Plage de temp\u00e9rature de 60 \u00e0 240 \u00b0C<\/li>\n<li>\u00c9quip\u00e9 d&#8217;une protection \u00e9lectrique contre la surchauffe<\/li>\n<li>Facile \u00e0 nettoyer et \u00e0 maintenir une surface lisse<\/li>\n<\/ul>\n<p><strong>Caract\u00e9ristiques du produit<\/strong><\/p>\n<ul>\n<li>Poids net : 5,8 kg<\/li>\n<li>Dimensions : B42,5 x D34 x H13,5cm B42,5 x D34 x H13,5cm<\/li>\n<li>Surface de cuisson : \u00d8 26cm<\/li>\n<li>Charge maximale : 30kg<\/li>\n<li>230V\/50Hz\/1Phase 3500W<\/li>\n<\/ul>","protected":false},"excerpt":{"rendered":"<p>Ce br\u00fbleur professionnel pour wok \u00e0 induction permet de travailler avec un seul wok. Gr\u00e2ce \u00e0 son temps de chauffe et de refroidissement rapide, le br\u00fbleur pour wok est id\u00e9al pour une utilisation dans les cuisines professionnelles et domestiques. La temp\u00e9rature peut \u00eatre r\u00e9gl\u00e9e avec une grande pr\u00e9cision pour un chauffage homog\u00e8ne.<\/p>","protected":false},"featured_media":7292,"template":"","meta":{"_acf_changed":false},"product_brand":[],"product_cat":[495],"product_tag":[],"class_list":{"0":"post-14272","1":"product","2":"type-product","3":"status-publish","4":"has-post-thumbnail","6":"product_cat-plaques-pianos-de-cuisson-2","8":"first","9":"instock","10":"sale","11":"taxable","12":"shipping-taxable","13":"purchasable","14":"product-type-simple"},"acf":[],"yoast_head":"<!-- This site is optimized with the Yoast SEO plugin v27.5 - https:\/\/yoast.com\/product\/yoast-seo-wordpress\/ -->\n<title>Cuiseur wok - \u00d826 cm - 3500W - induction - Gastora<\/title>\n<meta name=\"description\" content=\"Achetez Cuiseur wok - \u00d826 cm - 3500W - induction au meilleur prix, fiable et performant avec une livraison rapide\" \/>\n<meta name=\"robots\" content=\"index, follow, max-snippet:-1, max-image-preview:large, max-video-preview:-1\" \/>\n<link rel=\"canonical\" href=\"https:\/\/gastora.eu\/en\/product\/cuiseur-wok-26-cm-3500w-induction\/\" \/>\n<meta property=\"og:locale\" content=\"en_US\" \/>\n<meta property=\"og:type\" content=\"article\" \/>\n<meta property=\"og:title\" content=\"Cuiseur wok - \u00d826 cm - 3500W - induction - Gastora\" \/>\n<meta property=\"og:description\" content=\"Achetez Cuiseur wok - \u00d826 cm - 3500W - induction au meilleur prix, fiable et performant avec une livraison rapide\" \/>\n<meta property=\"og:url\" content=\"https:\/\/gastora.eu\/en\/product\/cuiseur-wok-26-cm-3500w-induction\/\" \/>\n<meta property=\"og:site_name\" content=\"Gastora\" \/>\n<meta property=\"article:modified_time\" content=\"2026-04-28T16:56:13+00:00\" \/>\n<meta name=\"twitter:card\" content=\"summary_large_image\" \/>\n<meta name=\"twitter:label1\" content=\"Est. reading time\" \/>\n\t<meta name=\"twitter:data1\" content=\"2 minutes\" \/>\n<script type=\"application\/ld+json\" class=\"yoast-schema-graph\">{\"@context\":\"https:\\\/\\\/schema.org\",\"@graph\":[{\"@type\":\"WebPage\",\"@id\":\"https:\\\/\\\/gastora.eu\\\/product\\\/cuiseur-wok-26-cm-3500w-induction\\\/\",\"url\":\"https:\\\/\\\/gastora.eu\\\/product\\\/cuiseur-wok-26-cm-3500w-induction\\\/\",\"name\":\"Cuiseur wok - \u00d826 cm - 3500W - induction - Gastora\",\"isPartOf\":{\"@id\":\"https:\\\/\\\/gastora.eu\\\/#website\"},\"primaryImageOfPage\":{\"@id\":\"https:\\\/\\\/gastora.eu\\\/product\\\/cuiseur-wok-26-cm-3500w-induction\\\/#primaryimage\"},\"image\":{\"@id\":\"https:\\\/\\\/gastora.eu\\\/product\\\/cuiseur-wok-26-cm-3500w-induction\\\/#primaryimage\"},\"thumbnailUrl\":\"https:\\\/\\\/gastora.eu\\\/wp-content\\\/uploads\\\/2026\\\/04\\\/sp-005-61656f5e69f43.jpg\",\"datePublished\":\"2026-04-25T17:46:47+00:00\",\"dateModified\":\"2026-04-28T16:56:13+00:00\",\"description\":\"Achetez Cuiseur wok - \u00d826 cm - 3500W - induction au meilleur prix, fiable et performant avec une livraison rapide\",\"breadcrumb\":{\"@id\":\"https:\\\/\\\/gastora.eu\\\/product\\\/cuiseur-wok-26-cm-3500w-induction\\\/#breadcrumb\"},\"inLanguage\":\"en-US\",\"potentialAction\":[{\"@type\":\"ReadAction\",\"target\":[\"https:\\\/\\\/gastora.eu\\\/product\\\/cuiseur-wok-26-cm-3500w-induction\\\/\"]}]},{\"@type\":\"ImageObject\",\"inLanguage\":\"en-US\",\"@id\":\"https:\\\/\\\/gastora.eu\\\/product\\\/cuiseur-wok-26-cm-3500w-induction\\\/#primaryimage\",\"url\":\"https:\\\/\\\/gastora.eu\\\/wp-content\\\/uploads\\\/2026\\\/04\\\/sp-005-61656f5e69f43.jpg\",\"contentUrl\":\"https:\\\/\\\/gastora.eu\\\/wp-content\\\/uploads\\\/2026\\\/04\\\/sp-005-61656f5e69f43.jpg\",\"width\":2048,\"height\":2048},{\"@type\":\"BreadcrumbList\",\"@id\":\"https:\\\/\\\/gastora.eu\\\/product\\\/cuiseur-wok-26-cm-3500w-induction\\\/#breadcrumb\",\"itemListElement\":[{\"@type\":\"ListItem\",\"position\":1,\"name\":\"Home\",\"item\":\"https:\\\/\\\/gastora.eu\\\/\"},{\"@type\":\"ListItem\",\"position\":2,\"name\":\"Shop\",\"item\":\"https:\\\/\\\/gastora.eu\\\/shop\\\/\"},{\"@type\":\"ListItem\",\"position\":3,\"name\":\"Cuiseur wok &#8211; \u00d826 cm &#8211; 3500W &#8211; induction\"}]},{\"@type\":\"WebSite\",\"@id\":\"https:\\\/\\\/gastora.eu\\\/#website\",\"url\":\"https:\\\/\\\/gastora.eu\\\/\",\"name\":\"Gastora\",\"description\":\"\u00c9quipements professionnels CHR\",\"publisher\":{\"@id\":\"https:\\\/\\\/gastora.eu\\\/#organization\"},\"potentialAction\":[{\"@type\":\"SearchAction\",\"target\":{\"@type\":\"EntryPoint\",\"urlTemplate\":\"https:\\\/\\\/gastora.eu\\\/?s={search_term_string}\"},\"query-input\":{\"@type\":\"PropertyValueSpecification\",\"valueRequired\":true,\"valueName\":\"search_term_string\"}}],\"inLanguage\":\"en-US\"},{\"@type\":\"Organization\",\"@id\":\"https:\\\/\\\/gastora.eu\\\/#organization\",\"name\":\"Gastora\",\"url\":\"https:\\\/\\\/gastora.eu\\\/\",\"logo\":{\"@type\":\"ImageObject\",\"inLanguage\":\"en-US\",\"@id\":\"https:\\\/\\\/gastora.eu\\\/#\\\/schema\\\/logo\\\/image\\\/\",\"url\":\"https:\\\/\\\/gastora.eu\\\/wp-content\\\/uploads\\\/2025\\\/12\\\/ChatGPT-Image-2-janv.-2026-22_52_47-1.png\",\"contentUrl\":\"https:\\\/\\\/gastora.eu\\\/wp-content\\\/uploads\\\/2025\\\/12\\\/ChatGPT-Image-2-janv.-2026-22_52_47-1.png\",\"width\":1536,\"height\":320,\"caption\":\"Gastora\"},\"image\":{\"@id\":\"https:\\\/\\\/gastora.eu\\\/#\\\/schema\\\/logo\\\/image\\\/\"}}]}<\/script>\n<!-- \/ Yoast SEO plugin. -->","yoast_head_json":{"title":"Cuiseur wok - \u00d826 cm - 3500W - induction - Gastora","description":"Achetez Cuiseur wok - \u00d826 cm - 3500W - induction au meilleur prix, fiable et performant avec une livraison rapide","robots":{"index":"index","follow":"follow","max-snippet":"max-snippet:-1","max-image-preview":"max-image-preview:large","max-video-preview":"max-video-preview:-1"},"canonical":"https:\/\/gastora.eu\/en\/product\/cuiseur-wok-26-cm-3500w-induction\/","og_locale":"en_US","og_type":"article","og_title":"Cuiseur wok - \u00d826 cm - 3500W - induction - Gastora","og_description":"Achetez Cuiseur wok - \u00d826 cm - 3500W - induction au meilleur prix, fiable et performant avec une livraison rapide","og_url":"https:\/\/gastora.eu\/en\/product\/cuiseur-wok-26-cm-3500w-induction\/","og_site_name":"Gastora","article_modified_time":"2026-04-28T16:56:13+00:00","twitter_card":"summary_large_image","twitter_misc":{"Est. reading time":"2 minutes"},"schema":{"@context":"https:\/\/schema.org","@graph":[{"@type":"WebPage","@id":"https:\/\/gastora.eu\/product\/cuiseur-wok-26-cm-3500w-induction\/","url":"https:\/\/gastora.eu\/product\/cuiseur-wok-26-cm-3500w-induction\/","name":"Cuiseur wok - \u00d826 cm - 3500W - induction - Gastora","isPartOf":{"@id":"https:\/\/gastora.eu\/#website"},"primaryImageOfPage":{"@id":"https:\/\/gastora.eu\/product\/cuiseur-wok-26-cm-3500w-induction\/#primaryimage"},"image":{"@id":"https:\/\/gastora.eu\/product\/cuiseur-wok-26-cm-3500w-induction\/#primaryimage"},"thumbnailUrl":"https:\/\/gastora.eu\/wp-content\/uploads\/2026\/04\/sp-005-61656f5e69f43.jpg","datePublished":"2026-04-25T17:46:47+00:00","dateModified":"2026-04-28T16:56:13+00:00","description":"Achetez Cuiseur wok - \u00d826 cm - 3500W - induction au meilleur prix, fiable et performant avec une livraison rapide","breadcrumb":{"@id":"https:\/\/gastora.eu\/product\/cuiseur-wok-26-cm-3500w-induction\/#breadcrumb"},"inLanguage":"en-US","potentialAction":[{"@type":"ReadAction","target":["https:\/\/gastora.eu\/product\/cuiseur-wok-26-cm-3500w-induction\/"]}]},{"@type":"ImageObject","inLanguage":"en-US","@id":"https:\/\/gastora.eu\/product\/cuiseur-wok-26-cm-3500w-induction\/#primaryimage","url":"https:\/\/gastora.eu\/wp-content\/uploads\/2026\/04\/sp-005-61656f5e69f43.jpg","contentUrl":"https:\/\/gastora.eu\/wp-content\/uploads\/2026\/04\/sp-005-61656f5e69f43.jpg","width":2048,"height":2048},{"@type":"BreadcrumbList","@id":"https:\/\/gastora.eu\/product\/cuiseur-wok-26-cm-3500w-induction\/#breadcrumb","itemListElement":[{"@type":"ListItem","position":1,"name":"Home","item":"https:\/\/gastora.eu\/"},{"@type":"ListItem","position":2,"name":"Shop","item":"https:\/\/gastora.eu\/shop\/"},{"@type":"ListItem","position":3,"name":"Cuiseur wok &#8211; \u00d826 cm &#8211; 3500W &#8211; induction"}]},{"@type":"WebSite","@id":"https:\/\/gastora.eu\/#website","url":"https:\/\/gastora.eu\/","name":"Gastora","description":"\u00c9quipements professionnels CHR","publisher":{"@id":"https:\/\/gastora.eu\/#organization"},"potentialAction":[{"@type":"SearchAction","target":{"@type":"EntryPoint","urlTemplate":"https:\/\/gastora.eu\/?s={search_term_string}"},"query-input":{"@type":"PropertyValueSpecification","valueRequired":true,"valueName":"search_term_string"}}],"inLanguage":"en-US"},{"@type":"Organization","@id":"https:\/\/gastora.eu\/#organization","name":"Gastora","url":"https:\/\/gastora.eu\/","logo":{"@type":"ImageObject","inLanguage":"en-US","@id":"https:\/\/gastora.eu\/#\/schema\/logo\/image\/","url":"https:\/\/gastora.eu\/wp-content\/uploads\/2025\/12\/ChatGPT-Image-2-janv.-2026-22_52_47-1.png","contentUrl":"https:\/\/gastora.eu\/wp-content\/uploads\/2025\/12\/ChatGPT-Image-2-janv.-2026-22_52_47-1.png","width":1536,"height":320,"caption":"Gastora"},"image":{"@id":"https:\/\/gastora.eu\/#\/schema\/logo\/image\/"}}]}},"jetpack_sharing_enabled":true,"_links":{"self":[{"href":"https:\/\/gastora.eu\/en\/wp-json\/wp\/v2\/product\/14272","targetHints":{"allow":["GET"]}}],"collection":[{"href":"https:\/\/gastora.eu\/en\/wp-json\/wp\/v2\/product"}],"about":[{"href":"https:\/\/gastora.eu\/en\/wp-json\/wp\/v2\/types\/product"}],"wp:featuredmedia":[{"embeddable":true,"href":"https:\/\/gastora.eu\/en\/wp-json\/wp\/v2\/media\/7292"}],"wp:attachment":[{"href":"https:\/\/gastora.eu\/en\/wp-json\/wp\/v2\/media?parent=14272"}],"wp:term":[{"taxonomy":"product_brand","embeddable":true,"href":"https:\/\/gastora.eu\/en\/wp-json\/wp\/v2\/product_brand?post=14272"},{"taxonomy":"product_cat","embeddable":true,"href":"https:\/\/gastora.eu\/en\/wp-json\/wp\/v2\/product_cat?post=14272"},{"taxonomy":"product_tag","embeddable":true,"href":"https:\/\/gastora.eu\/en\/wp-json\/wp\/v2\/product_tag?post=14272"}],"curies":[{"name":"wp","href":"https:\/\/api.w.org\/{rel}","templated":true}]}}