{"id":14271,"date":"2026-04-25T17:46:47","date_gmt":"2026-04-25T17:46:47","guid":{"rendered":"https:\/\/gastora.eu\/?post_type=product&#038;p=14271"},"modified":"2026-04-28T16:56:13","modified_gmt":"2026-04-28T16:56:13","slug":"plaque-induction-24-cm-3500w","status":"publish","type":"product","link":"https:\/\/gastora.eu\/en\/product\/plaque-induction-24-cm-3500w\/","title":{"rendered":"Plaque \u00e0 induction &#8211; \u00d824 cm &#8211; 3500W"},"content":{"rendered":"<p>Vous ne pouvez pas emmener votre cuisini\u00e8re habituelle pour un \u00e9v\u00e9nement sur place, un buffet ou un atelier de cuisine. Dans ce cas, cette plaque \u00e0 induction \u00e9lectrique professionnelle est une alternative tr\u00e8s adapt\u00e9e, qui vous permet de continuer \u00e0 cuisiner. Vous pouvez utiliser cette plaque \u00e0 induction non seulement dans un environnement professionnel, mais aussi dans la cuisine familiale. L&#8217;appareil a un temps de chauffage et de refroidissement court et peut \u00eatre utilis\u00e9 rapidement dans les moments d&#8217;affluence dans la cuisine de restauration. La plaque de verre situ\u00e9e au-dessus de la plaque \u00e0 induction est de tr\u00e8s haute qualit\u00e9. Avec le bo\u00eetier robuste en acier inoxydable, cette plaque \u00e0 induction durera des ann\u00e9es.<\/p>\n<h3>R\u00e9glez les temp\u00e9ratures avec pr\u00e9cision<\/h3>\n<p>Comme l&#8217;induction fonctionne de mani\u00e8re l\u00e9g\u00e8rement diff\u00e9rente d&#8217;une plaque de cuisson normale, vous avez \u00e9galement besoin de casseroles diff\u00e9rentes. D\u00e8s que vous posez une casserole \u00e0 fond plat sur la table de cuisson, le champ magn\u00e9tique s&#8217;active et la casserole se r\u00e9chauffe. La cuisson sur l&#8217;induction est tr\u00e8s s\u00fbre car la plaque elle-m\u00eame ne chauffe pas, de sorte que lorsque vous retirez la casserole de la plaque, elle s&#8217;\u00e9teint. En outre, vous pouvez r\u00e9gler avec pr\u00e9cision la temp\u00e9rature entre 60 et 240 \u00b0C. Ainsi, vos plats sont chauff\u00e9s de mani\u00e8re homog\u00e8ne. Ainsi, vos plats sont chauff\u00e9s de mani\u00e8re homog\u00e8ne sur toute la surface. La minuterie est r\u00e9glable entre 0 et 180 minutes et peut \u00eatre lue sur l&#8217;\u00e9cran LED.<\/p>\n<h3>\u00c9quip\u00e9e d&#8217;une protection contre la surchauffe<\/h3>\n<p>Cette plaque \u00e0 induction robuste est \u00e9quip\u00e9e d&#8217;un m\u00e9canisme qui emp\u00eache la surchauffe. Et, gr\u00e2ce au verrouillage de s\u00e9curit\u00e9, vous pouvez utiliser et ranger l&#8217;appareil en toute s\u00e9curit\u00e9. Le nettoyage est facile avec un chiffon en microfibres, de l&#8217;eau et un d\u00e9tergent doux tel que du liquide vaisselle. Le chiffon en microfibres \u00e9vite de rayer la plaque de verre. Lors du nettoyage, veillez \u00e0 nettoyer \u00e9galement les bords et \u00e0 essuyer la plaque \u00e0 induction avec un chiffon doux pour \u00e9viter les traces sur le verre.<\/p>\n<ul>\n<li>Plaque \u00e0 induction de haute qualit\u00e9 pour un usage domestique et professionnel<\/li>\n<li>\u00c9quip\u00e9e d&#8217;une plaque \u00e0 induction en verre de tr\u00e8s haute qualit\u00e9<\/li>\n<li>Bo\u00eetier en acier inoxydable robuste et durable<\/li>\n<li>Facile \u00e0 utiliser avec un panneau tactile, un \u00e9cran LCD et une minuterie<\/li>\n<li>Minuterie r\u00e9glable de 0 \u00e0 180 minutes<\/li>\n<li>Plage de temp\u00e9rature de 60 \u00e0 240 \u00b0C<\/li>\n<li>La temp\u00e9rature peut \u00eatre r\u00e9gl\u00e9e en 10 \u00e9tapes<\/li>\n<li>\u00c9quip\u00e9 d&#8217;un verrou de s\u00e9curit\u00e9 pour un stockage et une utilisation en toute s\u00e9curit\u00e9<\/li>\n<li>Convient aux casseroles \u00e0 fond plat<\/li>\n<li>Surface de cuisson entre \u00d8 12 &#8211; 24 cm<\/li>\n<li>\u00c9quip\u00e9 d&#8217;une protection \u00e9lectrique contre la surchauffe<\/li>\n<li>Surface lisse facile \u00e0 nettoyer et \u00e0 entretenir<\/li>\n<li>Poids net : 5,2 kg<\/li>\n<li>Charge maximale : 30 kg<\/li>\n<li>Dimensions : L330 x P425 x H105 mm<\/li>\n<li>230V \/ 50Hz \/ 1Phase 3500 Watt<\/li>\n<\/ul>\n<ul>\n<li>Poids net : 5,2kg\n<\/li>\n<li>Dimensions : B33 x D42,5 x H10,5cm\n<\/li>\n<li>Charge maximale : 30kg\n<\/li>\n<li>Surface de cuisson : \u00d8 12-24cm\n<\/li>\n<li>230V\/50Hz\/1Phase 3500W<br \/>","protected":false},"excerpt":{"rendered":"<p>Cette plaque \u00e0 induction \u00e0 un seul br\u00fbleur pour la restauration chauffe en tr\u00e8s peu de temps, ce qui est pratique pour une utilisation lors d&#8217;\u00e9v\u00e9nements ou pour augmenter rapidement la capacit\u00e9 de cuisson dans les cuisines professionnelles aux heures de pointe. Cette plaque \u00e0 induction est \u00e9galement id\u00e9ale pour une utilisation dans la cuisine \u00e0 la maison<\/p>","protected":false},"featured_media":7290,"template":"","meta":{"_acf_changed":false},"product_brand":[],"product_cat":[495],"product_tag":[],"class_list":{"0":"post-14271","1":"product","2":"type-product","3":"status-publish","4":"has-post-thumbnail","6":"product_cat-plaques-pianos-de-cuisson-2","8":"first","9":"instock","10":"sale","11":"taxable","12":"shipping-taxable","13":"purchasable","14":"product-type-simple"},"acf":[],"yoast_head":"<!-- This site is optimized with the Yoast SEO plugin v27.5 - https:\/\/yoast.com\/product\/yoast-seo-wordpress\/ -->\n<title>Plaque \u00e0 induction - \u00d824 cm - 3500W - Gastora<\/title>\n<meta name=\"description\" content=\"Achetez Plaque \u00e0 induction - \u00d824 cm - 3500W au meilleur prix, fiable et performant avec une livraison rapide\" \/>\n<meta name=\"robots\" content=\"index, follow, max-snippet:-1, max-image-preview:large, max-video-preview:-1\" \/>\n<link rel=\"canonical\" href=\"https:\/\/gastora.eu\/en\/product\/plaque-induction-24-cm-3500w\/\" \/>\n<meta property=\"og:locale\" content=\"en_US\" \/>\n<meta property=\"og:type\" content=\"article\" \/>\n<meta property=\"og:title\" content=\"Plaque \u00e0 induction - \u00d824 cm - 3500W - Gastora\" \/>\n<meta property=\"og:description\" content=\"Achetez Plaque \u00e0 induction - \u00d824 cm - 3500W au meilleur prix, fiable et performant avec une livraison rapide\" \/>\n<meta property=\"og:url\" content=\"https:\/\/gastora.eu\/en\/product\/plaque-induction-24-cm-3500w\/\" \/>\n<meta property=\"og:site_name\" content=\"Gastora\" \/>\n<meta property=\"article:modified_time\" content=\"2026-04-28T16:56:13+00:00\" \/>\n<meta name=\"twitter:card\" content=\"summary_large_image\" \/>\n<meta name=\"twitter:label1\" content=\"Est. reading time\" \/>\n\t<meta name=\"twitter:data1\" content=\"2 minutes\" \/>\n<script type=\"application\/ld+json\" class=\"yoast-schema-graph\">{\"@context\":\"https:\\\/\\\/schema.org\",\"@graph\":[{\"@type\":\"WebPage\",\"@id\":\"https:\\\/\\\/gastora.eu\\\/product\\\/plaque-induction-24-cm-3500w\\\/\",\"url\":\"https:\\\/\\\/gastora.eu\\\/product\\\/plaque-induction-24-cm-3500w\\\/\",\"name\":\"Plaque \u00e0 induction - \u00d824 cm - 3500W - Gastora\",\"isPartOf\":{\"@id\":\"https:\\\/\\\/gastora.eu\\\/#website\"},\"primaryImageOfPage\":{\"@id\":\"https:\\\/\\\/gastora.eu\\\/product\\\/plaque-induction-24-cm-3500w\\\/#primaryimage\"},\"image\":{\"@id\":\"https:\\\/\\\/gastora.eu\\\/product\\\/plaque-induction-24-cm-3500w\\\/#primaryimage\"},\"thumbnailUrl\":\"https:\\\/\\\/gastora.eu\\\/wp-content\\\/uploads\\\/2026\\\/04\\\/sp-005-61656f5e48350.jpg\",\"datePublished\":\"2026-04-25T17:46:47+00:00\",\"dateModified\":\"2026-04-28T16:56:13+00:00\",\"description\":\"Achetez Plaque \u00e0 induction - \u00d824 cm - 3500W au meilleur prix, fiable et performant avec une livraison rapide\",\"breadcrumb\":{\"@id\":\"https:\\\/\\\/gastora.eu\\\/product\\\/plaque-induction-24-cm-3500w\\\/#breadcrumb\"},\"inLanguage\":\"en-US\",\"potentialAction\":[{\"@type\":\"ReadAction\",\"target\":[\"https:\\\/\\\/gastora.eu\\\/product\\\/plaque-induction-24-cm-3500w\\\/\"]}]},{\"@type\":\"ImageObject\",\"inLanguage\":\"en-US\",\"@id\":\"https:\\\/\\\/gastora.eu\\\/product\\\/plaque-induction-24-cm-3500w\\\/#primaryimage\",\"url\":\"https:\\\/\\\/gastora.eu\\\/wp-content\\\/uploads\\\/2026\\\/04\\\/sp-005-61656f5e48350.jpg\",\"contentUrl\":\"https:\\\/\\\/gastora.eu\\\/wp-content\\\/uploads\\\/2026\\\/04\\\/sp-005-61656f5e48350.jpg\",\"width\":2048,\"height\":2048},{\"@type\":\"BreadcrumbList\",\"@id\":\"https:\\\/\\\/gastora.eu\\\/product\\\/plaque-induction-24-cm-3500w\\\/#breadcrumb\",\"itemListElement\":[{\"@type\":\"ListItem\",\"position\":1,\"name\":\"Home\",\"item\":\"https:\\\/\\\/gastora.eu\\\/\"},{\"@type\":\"ListItem\",\"position\":2,\"name\":\"Shop\",\"item\":\"https:\\\/\\\/gastora.eu\\\/shop\\\/\"},{\"@type\":\"ListItem\",\"position\":3,\"name\":\"Plaque \u00e0 induction &#8211; \u00d824 cm &#8211; 3500W\"}]},{\"@type\":\"WebSite\",\"@id\":\"https:\\\/\\\/gastora.eu\\\/#website\",\"url\":\"https:\\\/\\\/gastora.eu\\\/\",\"name\":\"Gastora\",\"description\":\"\u00c9quipements professionnels CHR\",\"publisher\":{\"@id\":\"https:\\\/\\\/gastora.eu\\\/#organization\"},\"potentialAction\":[{\"@type\":\"SearchAction\",\"target\":{\"@type\":\"EntryPoint\",\"urlTemplate\":\"https:\\\/\\\/gastora.eu\\\/?s={search_term_string}\"},\"query-input\":{\"@type\":\"PropertyValueSpecification\",\"valueRequired\":true,\"valueName\":\"search_term_string\"}}],\"inLanguage\":\"en-US\"},{\"@type\":\"Organization\",\"@id\":\"https:\\\/\\\/gastora.eu\\\/#organization\",\"name\":\"Gastora\",\"url\":\"https:\\\/\\\/gastora.eu\\\/\",\"logo\":{\"@type\":\"ImageObject\",\"inLanguage\":\"en-US\",\"@id\":\"https:\\\/\\\/gastora.eu\\\/#\\\/schema\\\/logo\\\/image\\\/\",\"url\":\"https:\\\/\\\/gastora.eu\\\/wp-content\\\/uploads\\\/2025\\\/12\\\/ChatGPT-Image-2-janv.-2026-22_52_47-1.png\",\"contentUrl\":\"https:\\\/\\\/gastora.eu\\\/wp-content\\\/uploads\\\/2025\\\/12\\\/ChatGPT-Image-2-janv.-2026-22_52_47-1.png\",\"width\":1536,\"height\":320,\"caption\":\"Gastora\"},\"image\":{\"@id\":\"https:\\\/\\\/gastora.eu\\\/#\\\/schema\\\/logo\\\/image\\\/\"}}]}<\/script>\n<!-- \/ Yoast SEO plugin. -->","yoast_head_json":{"title":"Plaque \u00e0 induction - \u00d824 cm - 3500W - Gastora","description":"Achetez Plaque \u00e0 induction - \u00d824 cm - 3500W au meilleur prix, fiable et performant avec une livraison rapide","robots":{"index":"index","follow":"follow","max-snippet":"max-snippet:-1","max-image-preview":"max-image-preview:large","max-video-preview":"max-video-preview:-1"},"canonical":"https:\/\/gastora.eu\/en\/product\/plaque-induction-24-cm-3500w\/","og_locale":"en_US","og_type":"article","og_title":"Plaque \u00e0 induction - \u00d824 cm - 3500W - Gastora","og_description":"Achetez Plaque \u00e0 induction - \u00d824 cm - 3500W au meilleur prix, fiable et performant avec une livraison rapide","og_url":"https:\/\/gastora.eu\/en\/product\/plaque-induction-24-cm-3500w\/","og_site_name":"Gastora","article_modified_time":"2026-04-28T16:56:13+00:00","twitter_card":"summary_large_image","twitter_misc":{"Est. reading time":"2 minutes"},"schema":{"@context":"https:\/\/schema.org","@graph":[{"@type":"WebPage","@id":"https:\/\/gastora.eu\/product\/plaque-induction-24-cm-3500w\/","url":"https:\/\/gastora.eu\/product\/plaque-induction-24-cm-3500w\/","name":"Plaque \u00e0 induction - \u00d824 cm - 3500W - Gastora","isPartOf":{"@id":"https:\/\/gastora.eu\/#website"},"primaryImageOfPage":{"@id":"https:\/\/gastora.eu\/product\/plaque-induction-24-cm-3500w\/#primaryimage"},"image":{"@id":"https:\/\/gastora.eu\/product\/plaque-induction-24-cm-3500w\/#primaryimage"},"thumbnailUrl":"https:\/\/gastora.eu\/wp-content\/uploads\/2026\/04\/sp-005-61656f5e48350.jpg","datePublished":"2026-04-25T17:46:47+00:00","dateModified":"2026-04-28T16:56:13+00:00","description":"Achetez Plaque \u00e0 induction - \u00d824 cm - 3500W au meilleur prix, fiable et performant avec une livraison rapide","breadcrumb":{"@id":"https:\/\/gastora.eu\/product\/plaque-induction-24-cm-3500w\/#breadcrumb"},"inLanguage":"en-US","potentialAction":[{"@type":"ReadAction","target":["https:\/\/gastora.eu\/product\/plaque-induction-24-cm-3500w\/"]}]},{"@type":"ImageObject","inLanguage":"en-US","@id":"https:\/\/gastora.eu\/product\/plaque-induction-24-cm-3500w\/#primaryimage","url":"https:\/\/gastora.eu\/wp-content\/uploads\/2026\/04\/sp-005-61656f5e48350.jpg","contentUrl":"https:\/\/gastora.eu\/wp-content\/uploads\/2026\/04\/sp-005-61656f5e48350.jpg","width":2048,"height":2048},{"@type":"BreadcrumbList","@id":"https:\/\/gastora.eu\/product\/plaque-induction-24-cm-3500w\/#breadcrumb","itemListElement":[{"@type":"ListItem","position":1,"name":"Home","item":"https:\/\/gastora.eu\/"},{"@type":"ListItem","position":2,"name":"Shop","item":"https:\/\/gastora.eu\/shop\/"},{"@type":"ListItem","position":3,"name":"Plaque \u00e0 induction &#8211; \u00d824 cm &#8211; 3500W"}]},{"@type":"WebSite","@id":"https:\/\/gastora.eu\/#website","url":"https:\/\/gastora.eu\/","name":"Gastora","description":"\u00c9quipements professionnels CHR","publisher":{"@id":"https:\/\/gastora.eu\/#organization"},"potentialAction":[{"@type":"SearchAction","target":{"@type":"EntryPoint","urlTemplate":"https:\/\/gastora.eu\/?s={search_term_string}"},"query-input":{"@type":"PropertyValueSpecification","valueRequired":true,"valueName":"search_term_string"}}],"inLanguage":"en-US"},{"@type":"Organization","@id":"https:\/\/gastora.eu\/#organization","name":"Gastora","url":"https:\/\/gastora.eu\/","logo":{"@type":"ImageObject","inLanguage":"en-US","@id":"https:\/\/gastora.eu\/#\/schema\/logo\/image\/","url":"https:\/\/gastora.eu\/wp-content\/uploads\/2025\/12\/ChatGPT-Image-2-janv.-2026-22_52_47-1.png","contentUrl":"https:\/\/gastora.eu\/wp-content\/uploads\/2025\/12\/ChatGPT-Image-2-janv.-2026-22_52_47-1.png","width":1536,"height":320,"caption":"Gastora"},"image":{"@id":"https:\/\/gastora.eu\/#\/schema\/logo\/image\/"}}]}},"jetpack_sharing_enabled":true,"_links":{"self":[{"href":"https:\/\/gastora.eu\/en\/wp-json\/wp\/v2\/product\/14271","targetHints":{"allow":["GET"]}}],"collection":[{"href":"https:\/\/gastora.eu\/en\/wp-json\/wp\/v2\/product"}],"about":[{"href":"https:\/\/gastora.eu\/en\/wp-json\/wp\/v2\/types\/product"}],"wp:featuredmedia":[{"embeddable":true,"href":"https:\/\/gastora.eu\/en\/wp-json\/wp\/v2\/media\/7290"}],"wp:attachment":[{"href":"https:\/\/gastora.eu\/en\/wp-json\/wp\/v2\/media?parent=14271"}],"wp:term":[{"taxonomy":"product_brand","embeddable":true,"href":"https:\/\/gastora.eu\/en\/wp-json\/wp\/v2\/product_brand?post=14271"},{"taxonomy":"product_cat","embeddable":true,"href":"https:\/\/gastora.eu\/en\/wp-json\/wp\/v2\/product_cat?post=14271"},{"taxonomy":"product_tag","embeddable":true,"href":"https:\/\/gastora.eu\/en\/wp-json\/wp\/v2\/product_tag?post=14271"}],"curies":[{"name":"wp","href":"https:\/\/api.w.org\/{rel}","templated":true}]}}