{"id":14269,"date":"2026-04-25T17:46:45","date_gmt":"2026-04-25T17:46:45","guid":{"rendered":"https:\/\/gastora.eu\/?post_type=product&#038;p=14269"},"modified":"2026-04-28T16:56:13","modified_gmt":"2026-04-28T16:56:13","slug":"plaque-induction-26-cm-5000w-400v","status":"publish","type":"product","link":"https:\/\/gastora.eu\/en\/product\/plaque-induction-26-cm-5000w-400v\/","title":{"rendered":"Plaque \u00e0 induction &#8211; \u00d826 cm &#8211; 5000W &#8211; 400V"},"content":{"rendered":"<p>Fiable, puissante et facile \u00e0 utiliser, cette table de cuisson \u00e0 induction est con\u00e7ue pour les cuisines professionnelles tr\u00e8s fr\u00e9quent\u00e9es. Qu&#8217;il s&#8217;agisse de faire bouillir, frire ou mijoter, elle offre des performances constantes tout en vous donnant un contr\u00f4le total sur chaque plat.<\/p>\n<h2>Une cuisson efficace avec des commandes de pr\u00e9cision<\/h2>\n<p>Cette table de cuisson \u00e0 induction associe un \u00e9cran tactile \u00e0 un bouton rotatif et \u00e0 un \u00e9cran LED, ce qui la rend \u00e0 la fois moderne et facile \u00e0 utiliser. La temp\u00e9rature et la puissance peuvent \u00eatre r\u00e9gl\u00e9es sur 10 niveaux, ce qui vous permet de contr\u00f4ler avec pr\u00e9cision toutes les techniques de cuisson. La temp\u00e9rature (60\u00b0C \u00e0 240\u00b0C) et la puissance (500W \u00e0 5000W) sont li\u00e9es, de sorte qu&#8217;une augmentation de la temp\u00e9rature entra\u00eene automatiquement une augmentation de la puissance pour un chauffage plus rapide et plus efficace. Il convient aux casseroles \u00e0 fond plat, ce qui garantit un transfert optimal de la chaleur.<\/p>\n<h2>Des fonctions intelligentes pour une utilisation s\u00fbre et stable<\/h2>\n<p>La s\u00e9curit\u00e9 et la fiabilit\u00e9 sont int\u00e9gr\u00e9es dans les moindres d\u00e9tails. La table de cuisson est \u00e9quip\u00e9e d&#8217;une protection contre la surchauffe \u00e9lectrique afin d&#8217;\u00e9viter les dommages et de garantir un fonctionnement s\u00fbr ; si elle devient trop chaude, elle affiche un code d&#8217;erreur et arr\u00eate automatiquement de chauffer. La fonction de verrouillage emp\u00eache toute modification accidentelle en cours d&#8217;utilisation, ce qui est id\u00e9al dans les cuisines tr\u00e8s fr\u00e9quent\u00e9es. Un filtre de protection permet au ventilateur de fonctionner de mani\u00e8re optimale et est facile \u00e0 retirer pour le nettoyer. Associ\u00e9 \u00e0 quatre pieds en caoutchouc, il garantit une utilisation stable et s\u00fbre \u00e0 tout moment.<\/p>\n<h2>Entretien facile et conception durable<\/h2>\n<p>La table de cuisson \u00e0 induction est dot\u00e9e d&#8217;une surface en verre de haute qualit\u00e9, durable et facile \u00e0 nettoyer. Apr\u00e8s utilisation, essuyez la surface avec un chiffon doux, de l&#8217;eau ti\u00e8de et un produit de nettoyage doux. \u00c9vitez les \u00e9ponges abrasives, les nettoyants puissants et les casseroles coulissantes pour \u00e9viter les rayures. Le filtre amovible permet \u00e9galement un entretien simple et rapide. Gr\u00e2ce \u00e0 sa construction robuste, cet appareil convient \u00e0 une utilisation \u00e0 long terme dans les cuisines professionnelles.<\/p>\n<p>Am\u00e9liorez votre cuisine avec cette plaque \u00e0 induction puissante et efficace, dot\u00e9e d&#8217;une surface de cuisson de 26 cm de diam\u00e8tre, et profitez de la rapidit\u00e9, de la pr\u00e9cision et de la fiabilit\u00e9 de chaque plat.<\/p>\n<p><strong>Caract\u00e9ristiques<\/strong><\/p>\n<ul>\n<li>Plaque de cuisson \u00e0 induction d&#8217;une puissance de 5000 W<\/li>\n<li>10 niveaux de temp\u00e9rature et de puissance r\u00e9glables (60\u00b0C &#8211; 240\u00b0C \/ 500W &#8211; 5000W)<\/li>\n<li>Panneau tactile avec bouton rotatif et affichage LED<\/li>\n<li>\u00c9quip\u00e9 d&#8217;une protection contre la surchauffe et d&#8217;une fonction de verrouillage<\/li>\n<li>Plaque de cuisson en verre de haute qualit\u00e9<\/li>\n<\/ul>\n<p><strong>Caract\u00e9ristiques du produit<\/strong><\/p>\n<ul>\n<li>Poids net : 10,5 kg<\/li>\n<li>Charge maximale : 40kg<\/li>\n<li>Dimensions : L40 x P53 x H18cm L40 x P53 x H18cm<\/li>\n<li>Surface de cuisson : \u00d8 20-26cm<\/li>\n<li>400V \/ 50Hz \/ 3 Phase 5000W<\/li>\n<\/ul>\n<p><em><br \/>Exclus<\/em><\/p>\n<ul>\n<li><em>Bouchon<\/em><\/li>\n<\/ul>","protected":false},"excerpt":{"rendered":"<p>Puissante plaque \u00e0 induction de 5000 W pour une cuisson rapide et efficace. Elle est \u00e9quip\u00e9e d&#8217;un bouton rotatif avec r\u00e9glages de puissance et de temp\u00e9rature li\u00e9s, d&#8217;un affichage clair et d&#8217;une fonction de verrouillage. Id\u00e9ale pour les cuisines professionnelles exigeant pr\u00e9cision et fiabilit\u00e9.<\/p>","protected":false},"featured_media":7286,"template":"","meta":{"_acf_changed":false},"product_brand":[],"product_cat":[495],"product_tag":[],"class_list":{"0":"post-14269","1":"product","2":"type-product","3":"status-publish","4":"has-post-thumbnail","6":"product_cat-plaques-pianos-de-cuisson-2","8":"first","9":"instock","10":"sale","11":"taxable","12":"shipping-taxable","13":"purchasable","14":"product-type-simple"},"acf":[],"yoast_head":"<!-- This site is optimized with the Yoast SEO plugin v27.5 - https:\/\/yoast.com\/product\/yoast-seo-wordpress\/ -->\n<title>Plaque \u00e0 induction - \u00d826 cm - 5000W - 400V - Gastora<\/title>\n<meta name=\"description\" content=\"Achetez Plaque \u00e0 induction - \u00d826 cm - 5000W - 400V au meilleur prix, fiable et performant avec une livraison rapide\" \/>\n<meta name=\"robots\" content=\"index, follow, max-snippet:-1, max-image-preview:large, max-video-preview:-1\" \/>\n<link rel=\"canonical\" href=\"https:\/\/gastora.eu\/en\/product\/plaque-induction-26-cm-5000w-400v\/\" \/>\n<meta property=\"og:locale\" content=\"en_US\" \/>\n<meta property=\"og:type\" content=\"article\" \/>\n<meta property=\"og:title\" content=\"Plaque \u00e0 induction - \u00d826 cm - 5000W - 400V - Gastora\" \/>\n<meta property=\"og:description\" content=\"Achetez Plaque \u00e0 induction - \u00d826 cm - 5000W - 400V au meilleur prix, fiable et performant avec une livraison rapide\" \/>\n<meta property=\"og:url\" content=\"https:\/\/gastora.eu\/en\/product\/plaque-induction-26-cm-5000w-400v\/\" \/>\n<meta property=\"og:site_name\" content=\"Gastora\" \/>\n<meta property=\"article:modified_time\" content=\"2026-04-28T16:56:13+00:00\" \/>\n<meta name=\"twitter:card\" content=\"summary_large_image\" \/>\n<meta name=\"twitter:label1\" content=\"Est. reading time\" \/>\n\t<meta name=\"twitter:data1\" content=\"2 minutes\" \/>\n<script type=\"application\/ld+json\" class=\"yoast-schema-graph\">{\"@context\":\"https:\\\/\\\/schema.org\",\"@graph\":[{\"@type\":\"WebPage\",\"@id\":\"https:\\\/\\\/gastora.eu\\\/product\\\/plaque-induction-26-cm-5000w-400v\\\/\",\"url\":\"https:\\\/\\\/gastora.eu\\\/product\\\/plaque-induction-26-cm-5000w-400v\\\/\",\"name\":\"Plaque \u00e0 induction - \u00d826 cm - 5000W - 400V - Gastora\",\"isPartOf\":{\"@id\":\"https:\\\/\\\/gastora.eu\\\/#website\"},\"primaryImageOfPage\":{\"@id\":\"https:\\\/\\\/gastora.eu\\\/product\\\/plaque-induction-26-cm-5000w-400v\\\/#primaryimage\"},\"image\":{\"@id\":\"https:\\\/\\\/gastora.eu\\\/product\\\/plaque-induction-26-cm-5000w-400v\\\/#primaryimage\"},\"thumbnailUrl\":\"https:\\\/\\\/gastora.eu\\\/wp-content\\\/uploads\\\/2026\\\/04\\\/sp-005-61656f5e2a769.jpg\",\"datePublished\":\"2026-04-25T17:46:45+00:00\",\"dateModified\":\"2026-04-28T16:56:13+00:00\",\"description\":\"Achetez Plaque \u00e0 induction - \u00d826 cm - 5000W - 400V au meilleur prix, fiable et performant avec une livraison rapide\",\"breadcrumb\":{\"@id\":\"https:\\\/\\\/gastora.eu\\\/product\\\/plaque-induction-26-cm-5000w-400v\\\/#breadcrumb\"},\"inLanguage\":\"en-US\",\"potentialAction\":[{\"@type\":\"ReadAction\",\"target\":[\"https:\\\/\\\/gastora.eu\\\/product\\\/plaque-induction-26-cm-5000w-400v\\\/\"]}]},{\"@type\":\"ImageObject\",\"inLanguage\":\"en-US\",\"@id\":\"https:\\\/\\\/gastora.eu\\\/product\\\/plaque-induction-26-cm-5000w-400v\\\/#primaryimage\",\"url\":\"https:\\\/\\\/gastora.eu\\\/wp-content\\\/uploads\\\/2026\\\/04\\\/sp-005-61656f5e2a769.jpg\",\"contentUrl\":\"https:\\\/\\\/gastora.eu\\\/wp-content\\\/uploads\\\/2026\\\/04\\\/sp-005-61656f5e2a769.jpg\",\"width\":2048,\"height\":2048},{\"@type\":\"BreadcrumbList\",\"@id\":\"https:\\\/\\\/gastora.eu\\\/product\\\/plaque-induction-26-cm-5000w-400v\\\/#breadcrumb\",\"itemListElement\":[{\"@type\":\"ListItem\",\"position\":1,\"name\":\"Home\",\"item\":\"https:\\\/\\\/gastora.eu\\\/\"},{\"@type\":\"ListItem\",\"position\":2,\"name\":\"Shop\",\"item\":\"https:\\\/\\\/gastora.eu\\\/shop\\\/\"},{\"@type\":\"ListItem\",\"position\":3,\"name\":\"Plaque \u00e0 induction &#8211; \u00d826 cm &#8211; 5000W &#8211; 400V\"}]},{\"@type\":\"WebSite\",\"@id\":\"https:\\\/\\\/gastora.eu\\\/#website\",\"url\":\"https:\\\/\\\/gastora.eu\\\/\",\"name\":\"Gastora\",\"description\":\"\u00c9quipements professionnels CHR\",\"publisher\":{\"@id\":\"https:\\\/\\\/gastora.eu\\\/#organization\"},\"potentialAction\":[{\"@type\":\"SearchAction\",\"target\":{\"@type\":\"EntryPoint\",\"urlTemplate\":\"https:\\\/\\\/gastora.eu\\\/?s={search_term_string}\"},\"query-input\":{\"@type\":\"PropertyValueSpecification\",\"valueRequired\":true,\"valueName\":\"search_term_string\"}}],\"inLanguage\":\"en-US\"},{\"@type\":\"Organization\",\"@id\":\"https:\\\/\\\/gastora.eu\\\/#organization\",\"name\":\"Gastora\",\"url\":\"https:\\\/\\\/gastora.eu\\\/\",\"logo\":{\"@type\":\"ImageObject\",\"inLanguage\":\"en-US\",\"@id\":\"https:\\\/\\\/gastora.eu\\\/#\\\/schema\\\/logo\\\/image\\\/\",\"url\":\"https:\\\/\\\/gastora.eu\\\/wp-content\\\/uploads\\\/2025\\\/12\\\/ChatGPT-Image-2-janv.-2026-22_52_47-1.png\",\"contentUrl\":\"https:\\\/\\\/gastora.eu\\\/wp-content\\\/uploads\\\/2025\\\/12\\\/ChatGPT-Image-2-janv.-2026-22_52_47-1.png\",\"width\":1536,\"height\":320,\"caption\":\"Gastora\"},\"image\":{\"@id\":\"https:\\\/\\\/gastora.eu\\\/#\\\/schema\\\/logo\\\/image\\\/\"}}]}<\/script>\n<!-- \/ Yoast SEO plugin. -->","yoast_head_json":{"title":"Plaque \u00e0 induction - \u00d826 cm - 5000W - 400V - Gastora","description":"Achetez Plaque \u00e0 induction - \u00d826 cm - 5000W - 400V au meilleur prix, fiable et performant avec une livraison rapide","robots":{"index":"index","follow":"follow","max-snippet":"max-snippet:-1","max-image-preview":"max-image-preview:large","max-video-preview":"max-video-preview:-1"},"canonical":"https:\/\/gastora.eu\/en\/product\/plaque-induction-26-cm-5000w-400v\/","og_locale":"en_US","og_type":"article","og_title":"Plaque \u00e0 induction - \u00d826 cm - 5000W - 400V - Gastora","og_description":"Achetez Plaque \u00e0 induction - \u00d826 cm - 5000W - 400V au meilleur prix, fiable et performant avec une livraison rapide","og_url":"https:\/\/gastora.eu\/en\/product\/plaque-induction-26-cm-5000w-400v\/","og_site_name":"Gastora","article_modified_time":"2026-04-28T16:56:13+00:00","twitter_card":"summary_large_image","twitter_misc":{"Est. reading time":"2 minutes"},"schema":{"@context":"https:\/\/schema.org","@graph":[{"@type":"WebPage","@id":"https:\/\/gastora.eu\/product\/plaque-induction-26-cm-5000w-400v\/","url":"https:\/\/gastora.eu\/product\/plaque-induction-26-cm-5000w-400v\/","name":"Plaque \u00e0 induction - \u00d826 cm - 5000W - 400V - Gastora","isPartOf":{"@id":"https:\/\/gastora.eu\/#website"},"primaryImageOfPage":{"@id":"https:\/\/gastora.eu\/product\/plaque-induction-26-cm-5000w-400v\/#primaryimage"},"image":{"@id":"https:\/\/gastora.eu\/product\/plaque-induction-26-cm-5000w-400v\/#primaryimage"},"thumbnailUrl":"https:\/\/gastora.eu\/wp-content\/uploads\/2026\/04\/sp-005-61656f5e2a769.jpg","datePublished":"2026-04-25T17:46:45+00:00","dateModified":"2026-04-28T16:56:13+00:00","description":"Achetez Plaque \u00e0 induction - \u00d826 cm - 5000W - 400V au meilleur prix, fiable et performant avec une livraison rapide","breadcrumb":{"@id":"https:\/\/gastora.eu\/product\/plaque-induction-26-cm-5000w-400v\/#breadcrumb"},"inLanguage":"en-US","potentialAction":[{"@type":"ReadAction","target":["https:\/\/gastora.eu\/product\/plaque-induction-26-cm-5000w-400v\/"]}]},{"@type":"ImageObject","inLanguage":"en-US","@id":"https:\/\/gastora.eu\/product\/plaque-induction-26-cm-5000w-400v\/#primaryimage","url":"https:\/\/gastora.eu\/wp-content\/uploads\/2026\/04\/sp-005-61656f5e2a769.jpg","contentUrl":"https:\/\/gastora.eu\/wp-content\/uploads\/2026\/04\/sp-005-61656f5e2a769.jpg","width":2048,"height":2048},{"@type":"BreadcrumbList","@id":"https:\/\/gastora.eu\/product\/plaque-induction-26-cm-5000w-400v\/#breadcrumb","itemListElement":[{"@type":"ListItem","position":1,"name":"Home","item":"https:\/\/gastora.eu\/"},{"@type":"ListItem","position":2,"name":"Shop","item":"https:\/\/gastora.eu\/shop\/"},{"@type":"ListItem","position":3,"name":"Plaque \u00e0 induction &#8211; \u00d826 cm &#8211; 5000W &#8211; 400V"}]},{"@type":"WebSite","@id":"https:\/\/gastora.eu\/#website","url":"https:\/\/gastora.eu\/","name":"Gastora","description":"\u00c9quipements professionnels CHR","publisher":{"@id":"https:\/\/gastora.eu\/#organization"},"potentialAction":[{"@type":"SearchAction","target":{"@type":"EntryPoint","urlTemplate":"https:\/\/gastora.eu\/?s={search_term_string}"},"query-input":{"@type":"PropertyValueSpecification","valueRequired":true,"valueName":"search_term_string"}}],"inLanguage":"en-US"},{"@type":"Organization","@id":"https:\/\/gastora.eu\/#organization","name":"Gastora","url":"https:\/\/gastora.eu\/","logo":{"@type":"ImageObject","inLanguage":"en-US","@id":"https:\/\/gastora.eu\/#\/schema\/logo\/image\/","url":"https:\/\/gastora.eu\/wp-content\/uploads\/2025\/12\/ChatGPT-Image-2-janv.-2026-22_52_47-1.png","contentUrl":"https:\/\/gastora.eu\/wp-content\/uploads\/2025\/12\/ChatGPT-Image-2-janv.-2026-22_52_47-1.png","width":1536,"height":320,"caption":"Gastora"},"image":{"@id":"https:\/\/gastora.eu\/#\/schema\/logo\/image\/"}}]}},"jetpack_sharing_enabled":true,"_links":{"self":[{"href":"https:\/\/gastora.eu\/en\/wp-json\/wp\/v2\/product\/14269","targetHints":{"allow":["GET"]}}],"collection":[{"href":"https:\/\/gastora.eu\/en\/wp-json\/wp\/v2\/product"}],"about":[{"href":"https:\/\/gastora.eu\/en\/wp-json\/wp\/v2\/types\/product"}],"wp:featuredmedia":[{"embeddable":true,"href":"https:\/\/gastora.eu\/en\/wp-json\/wp\/v2\/media\/7286"}],"wp:attachment":[{"href":"https:\/\/gastora.eu\/en\/wp-json\/wp\/v2\/media?parent=14269"}],"wp:term":[{"taxonomy":"product_brand","embeddable":true,"href":"https:\/\/gastora.eu\/en\/wp-json\/wp\/v2\/product_brand?post=14269"},{"taxonomy":"product_cat","embeddable":true,"href":"https:\/\/gastora.eu\/en\/wp-json\/wp\/v2\/product_cat?post=14269"},{"taxonomy":"product_tag","embeddable":true,"href":"https:\/\/gastora.eu\/en\/wp-json\/wp\/v2\/product_tag?post=14269"}],"curies":[{"name":"wp","href":"https:\/\/api.w.org\/{rel}","templated":true}]}}