{"id":14267,"date":"2026-04-25T17:46:40","date_gmt":"2026-04-25T17:46:40","guid":{"rendered":"https:\/\/gastora.eu\/?post_type=product&#038;p=14267"},"modified":"2026-05-06T14:32:22","modified_gmt":"2026-05-06T14:32:22","slug":"premium-cuiseur-wok-285-cm-anneau-de-cuisson-unit-simple-profondeur-90-cm-gaz","status":"publish","type":"product","link":"https:\/\/gastora.eu\/en\/product\/premium-cuiseur-wok-285-cm-anneau-de-cuisson-unit-simple-profondeur-90-cm-gaz\/","title":{"rendered":"Premium cuiseur wok &#8211; 28,5 cm anneau de cuisson &#8211; unit\u00e9 simple &#8211; profondeur 90 cm &#8211; gaz"},"content":{"rendered":"<p><span>Pour pr\u00e9server au maximum le go\u00fbt des ingr\u00e9dients, il est pr\u00e9f\u00e9rable de cuisiner en utilisant un wok. En plus de pr\u00e9server le go\u00fbt, vous vous assurez \u00e9galement que les nutriments sont conserv\u00e9s.<\/span><\/p>\n<p><span>Il y a de la place pour une seule casserole wok sur ce br\u00fbleur wok \u00e0 gaz professionnel. Vous pouvez y pr\u00e9parer les plus d\u00e9licieux plats de viande, de poisson et de l\u00e9gumes. Vous pouvez placer n&#8217;importe quelle po\u00eale wok adapt\u00e9e \u00e0 la cuisson au gaz sur l&#8217;anneau en fonte durable de \u00d828,5cm.<\/span><\/p>\n<p><span>En outre, ce br\u00fbleur de wok a une profondeur de 90 cm, ce qui permet d&#8217;y placer de grandes po\u00eales \u00e0 wok. Il y a \u00e9galement un bac de r\u00e9cup\u00e9ration au fond, ce qui vous permet de l&#8217;utiliser pendant des heures sans d\u00e9g\u00e2ts. Le plateau d&#8217;\u00e9gouttement est facile \u00e0 retirer et \u00e0 nettoyer.<\/span><\/p>\n<h3><span>Id\u00e9al pour une ligne de cuisson<\/span><\/h3>\n<p><span>L&#8217;anneau de cuisson en fonte est con\u00e7u de mani\u00e8re \u00e0 pouvoir supporter des charges lourdes dans une cuisine de restauration. Comme il s&#8217;agit d&#8217;un mod\u00e8le de table compact, il peut facilement \u00eatre plac\u00e9 sur une table ou un comptoir. Bien entendu, il est \u00e9galement possible de commander un socle en acier inoxydable et d&#8217;y installer le wok \u00e7ooker.<\/span><\/p>\n<p><span>La cuisini\u00e8re est \u00e9galement \u00e9quip\u00e9e d&#8217;une flamme pilote et d&#8217;une soupape de s\u00e9curit\u00e9 gaz avec thermocouple. Vous pouvez r\u00e9gler la temp\u00e9rature \u00e0 l&#8217;aide du thermostat de s\u00e9curit\u00e9. Ce br\u00fbleur wok professionnel peut \u00eatre utilis\u00e9 avec du GPL ou du gaz naturel et convient \u00e0 une utilisation dans une ligne de cuisson.<\/span><\/p>\n<h3><span>Facile \u00e0 entretenir<\/span><\/h3>\n<p><span>Le dessus de ce cuiseur wok est en acier inoxydable, il est donc tr\u00e8s facile \u00e0 nettoyer. L&#8217;anneau de cuisson peut \u00eatre retir\u00e9, tout comme le plateau d&#8217;\u00e9gouttage. Nettoyez ces pi\u00e8ces avec un chiffon humide, de l&#8217;eau ti\u00e8de et un d\u00e9tergent doux. Avant de r\u00e9utiliser le br\u00fbleur wok, s\u00e9chez toutes les pi\u00e8ces \u00e0 l&#8217;aide d&#8217;un chiffon doux.<\/span><\/p>\n<p><span>Caract\u00e9ristiques du br\u00fbleur wok \u00e0 gaz premium :<\/span><\/p>\n<ul>\n<li><span>Br\u00fbleur wok avec plateau en acier inoxydable<\/span><\/li>\n<li><span>Anneau de cuisson en fonte con\u00e7u pour les charges lourdes<\/span><\/li>\n<li><span>Br\u00fbleur \u00e9quip\u00e9 d&#8217;un plateau d&#8217;\u00e9gouttage en bas<\/span><\/li>\n<li><span>Plateau d&#8217;\u00e9gouttage facile \u00e0 retirer pour un nettoyage intensif<\/span><\/li>\n<li><span>Br\u00fbleur avec flamme pilote<\/span><\/li>\n<li><span>Equip\u00e9 d&#8217;un thermostat de s\u00e9curit\u00e9<\/span><\/li>\n<li><span>Soupape de s\u00e9curit\u00e9 pour le gaz avec thermocouple<\/span><\/li>\n<li><span>Convient pour le GPL ou le gaz naturel<\/span><\/li>\n<li><span>Construction tr\u00e8s durable<\/span><\/li>\n<li><span>Conception hygi\u00e9nique<\/span><\/li>\n<\/ul>\n<p><strong><span>Caract\u00e9ristiques du produit<\/span><\/strong><\/p>\n<ul>\n<li><span>Poids net : 30,7kg<\/span><\/li>\n<li><span>Diam\u00e8tre de l&#8217;anneau en fonte : \u00d828,5cm<\/span><\/li>\n<li><span>Dimensions de l&#8217;appareil : L40 x P90 x H38cm<\/span><\/li>\n<li><span>Puissance totale du gaz : 14,0 kW<\/span><\/li>\n<li><span>Injecteurs de gaz install\u00e9s : G25 &#8211; gaz naturel<\/span><\/li>\n<li><span>Jeu suppl\u00e9mentaire d&#8217;injecteurs de gaz : G30 &#8211; GPL (propane\/butane)<\/span><\/li>\n<\/ul>","protected":false},"excerpt":{"rendered":"<p><span>Ce cuiseur wok professionnel simple fonctionne au gaz et convient parfaitement \u00e0 une utilisation quotidienne dans tout \u00e9tablissement de restauration <\/span><span>Gr\u00e2ce \u00e0 sa construction durable, cette cuisini\u00e8re wok de haute qualit\u00e9 durera des ann\u00e9es et peut vraiment encaisser les coups <\/span><span>La cuisini\u00e8re wok \u00e0 gaz est \u00e9quip\u00e9e d&#8217;un br\u00fbleur en fonte et s&#8217;int\u00e8gre facilement dans une ligne de cuisson.<\/span><\/p>","protected":false},"featured_media":7282,"template":"","meta":{"_acf_changed":false},"product_brand":[],"product_cat":[495],"product_tag":[],"class_list":{"0":"post-14267","1":"product","2":"type-product","3":"status-publish","4":"has-post-thumbnail","6":"product_cat-plaques-pianos-de-cuisson-2","8":"first","9":"instock","10":"sale","11":"taxable","12":"shipping-taxable","13":"purchasable","14":"product-type-simple"},"acf":[],"yoast_head":"<!-- This site is optimized with the Yoast SEO plugin v27.6 - https:\/\/yoast.com\/product\/yoast-seo-wordpress\/ -->\n<title>Premium cuiseur wok - 28,5 cm anneau de cuisson - unit\u00e9 simple - profondeur 90 cm - gaz - Gastora<\/title>\n<meta name=\"description\" content=\"Achetez Premium cuiseur wok - 28,5 cm anneau de cuisson - unit\u00e9 simple - profondeur 90 cm - gaz au meilleur prix, fiable et performant avec une livraison rapide\" \/>\n<meta name=\"robots\" content=\"index, follow, max-snippet:-1, max-image-preview:large, max-video-preview:-1\" \/>\n<link rel=\"canonical\" href=\"https:\/\/gastora.eu\/en\/product\/premium-cuiseur-wok-285-cm-anneau-de-cuisson-unit-simple-profondeur-90-cm-gaz\/\" \/>\n<meta property=\"og:locale\" content=\"en_US\" \/>\n<meta property=\"og:type\" content=\"article\" \/>\n<meta property=\"og:title\" content=\"Premium cuiseur wok - 28,5 cm anneau de cuisson - unit\u00e9 simple - profondeur 90 cm - gaz - Gastora\" \/>\n<meta property=\"og:description\" content=\"Achetez Premium cuiseur wok - 28,5 cm anneau de cuisson - unit\u00e9 simple - profondeur 90 cm - gaz au meilleur prix, fiable et performant avec une livraison rapide\" \/>\n<meta property=\"og:url\" content=\"https:\/\/gastora.eu\/en\/product\/premium-cuiseur-wok-285-cm-anneau-de-cuisson-unit-simple-profondeur-90-cm-gaz\/\" \/>\n<meta property=\"og:site_name\" content=\"Gastora\" \/>\n<meta property=\"article:modified_time\" content=\"2026-05-06T14:32:22+00:00\" \/>\n<meta name=\"twitter:card\" content=\"summary_large_image\" \/>\n<meta name=\"twitter:label1\" content=\"Est. reading time\" \/>\n\t<meta name=\"twitter:data1\" content=\"2 minutes\" \/>\n<script type=\"application\/ld+json\" class=\"yoast-schema-graph\">{\"@context\":\"https:\\\/\\\/schema.org\",\"@graph\":[{\"@type\":\"WebPage\",\"@id\":\"https:\\\/\\\/gastora.eu\\\/product\\\/premium-cuiseur-wok-285-cm-anneau-de-cuisson-unit-simple-profondeur-90-cm-gaz\\\/\",\"url\":\"https:\\\/\\\/gastora.eu\\\/product\\\/premium-cuiseur-wok-285-cm-anneau-de-cuisson-unit-simple-profondeur-90-cm-gaz\\\/\",\"name\":\"Premium cuiseur wok - 28,5 cm anneau de cuisson - unit\u00e9 simple - profondeur 90 cm - gaz - Gastora\",\"isPartOf\":{\"@id\":\"https:\\\/\\\/gastora.eu\\\/#website\"},\"primaryImageOfPage\":{\"@id\":\"https:\\\/\\\/gastora.eu\\\/product\\\/premium-cuiseur-wok-285-cm-anneau-de-cuisson-unit-simple-profondeur-90-cm-gaz\\\/#primaryimage\"},\"image\":{\"@id\":\"https:\\\/\\\/gastora.eu\\\/product\\\/premium-cuiseur-wok-285-cm-anneau-de-cuisson-unit-simple-profondeur-90-cm-gaz\\\/#primaryimage\"},\"thumbnailUrl\":\"https:\\\/\\\/gastora.eu\\\/wp-content\\\/uploads\\\/2026\\\/04\\\/09398545_1.jpg\",\"datePublished\":\"2026-04-25T17:46:40+00:00\",\"dateModified\":\"2026-05-06T14:32:22+00:00\",\"description\":\"Achetez Premium cuiseur wok - 28,5 cm anneau de cuisson - unit\u00e9 simple - profondeur 90 cm - gaz au meilleur prix, fiable et performant avec une livraison rapide\",\"breadcrumb\":{\"@id\":\"https:\\\/\\\/gastora.eu\\\/product\\\/premium-cuiseur-wok-285-cm-anneau-de-cuisson-unit-simple-profondeur-90-cm-gaz\\\/#breadcrumb\"},\"inLanguage\":\"en-US\",\"potentialAction\":[{\"@type\":\"ReadAction\",\"target\":[\"https:\\\/\\\/gastora.eu\\\/product\\\/premium-cuiseur-wok-285-cm-anneau-de-cuisson-unit-simple-profondeur-90-cm-gaz\\\/\"]}]},{\"@type\":\"ImageObject\",\"inLanguage\":\"en-US\",\"@id\":\"https:\\\/\\\/gastora.eu\\\/product\\\/premium-cuiseur-wok-285-cm-anneau-de-cuisson-unit-simple-profondeur-90-cm-gaz\\\/#primaryimage\",\"url\":\"https:\\\/\\\/gastora.eu\\\/wp-content\\\/uploads\\\/2026\\\/04\\\/09398545_1.jpg\",\"contentUrl\":\"https:\\\/\\\/gastora.eu\\\/wp-content\\\/uploads\\\/2026\\\/04\\\/09398545_1.jpg\",\"width\":900,\"height\":993},{\"@type\":\"BreadcrumbList\",\"@id\":\"https:\\\/\\\/gastora.eu\\\/product\\\/premium-cuiseur-wok-285-cm-anneau-de-cuisson-unit-simple-profondeur-90-cm-gaz\\\/#breadcrumb\",\"itemListElement\":[{\"@type\":\"ListItem\",\"position\":1,\"name\":\"Home\",\"item\":\"https:\\\/\\\/gastora.eu\\\/\"},{\"@type\":\"ListItem\",\"position\":2,\"name\":\"Shop\",\"item\":\"https:\\\/\\\/gastora.eu\\\/shop\\\/\"},{\"@type\":\"ListItem\",\"position\":3,\"name\":\"Premium cuiseur wok &#8211; 28,5 cm anneau de cuisson &#8211; unit\u00e9 simple &#8211; profondeur 90 cm &#8211; gaz\"}]},{\"@type\":\"WebSite\",\"@id\":\"https:\\\/\\\/gastora.eu\\\/#website\",\"url\":\"https:\\\/\\\/gastora.eu\\\/\",\"name\":\"Gastora\",\"description\":\"\u00c9quipements professionnels CHR\",\"publisher\":{\"@id\":\"https:\\\/\\\/gastora.eu\\\/#organization\"},\"potentialAction\":[{\"@type\":\"SearchAction\",\"target\":{\"@type\":\"EntryPoint\",\"urlTemplate\":\"https:\\\/\\\/gastora.eu\\\/?s={search_term_string}\"},\"query-input\":{\"@type\":\"PropertyValueSpecification\",\"valueRequired\":true,\"valueName\":\"search_term_string\"}}],\"inLanguage\":\"en-US\"},{\"@type\":\"Organization\",\"@id\":\"https:\\\/\\\/gastora.eu\\\/#organization\",\"name\":\"Gastora\",\"url\":\"https:\\\/\\\/gastora.eu\\\/\",\"logo\":{\"@type\":\"ImageObject\",\"inLanguage\":\"en-US\",\"@id\":\"https:\\\/\\\/gastora.eu\\\/#\\\/schema\\\/logo\\\/image\\\/\",\"url\":\"https:\\\/\\\/gastora.eu\\\/wp-content\\\/uploads\\\/2025\\\/12\\\/ChatGPT-Image-2-janv.-2026-22_52_47-1.png\",\"contentUrl\":\"https:\\\/\\\/gastora.eu\\\/wp-content\\\/uploads\\\/2025\\\/12\\\/ChatGPT-Image-2-janv.-2026-22_52_47-1.png\",\"width\":1536,\"height\":320,\"caption\":\"Gastora\"},\"image\":{\"@id\":\"https:\\\/\\\/gastora.eu\\\/#\\\/schema\\\/logo\\\/image\\\/\"}}]}<\/script>\n<!-- \/ Yoast SEO plugin. -->","yoast_head_json":{"title":"Premium cuiseur wok - 28,5 cm anneau de cuisson - unit\u00e9 simple - profondeur 90 cm - gaz - Gastora","description":"Achetez Premium cuiseur wok - 28,5 cm anneau de cuisson - unit\u00e9 simple - profondeur 90 cm - gaz au meilleur prix, fiable et performant avec une livraison rapide","robots":{"index":"index","follow":"follow","max-snippet":"max-snippet:-1","max-image-preview":"max-image-preview:large","max-video-preview":"max-video-preview:-1"},"canonical":"https:\/\/gastora.eu\/en\/product\/premium-cuiseur-wok-285-cm-anneau-de-cuisson-unit-simple-profondeur-90-cm-gaz\/","og_locale":"en_US","og_type":"article","og_title":"Premium cuiseur wok - 28,5 cm anneau de cuisson - unit\u00e9 simple - profondeur 90 cm - gaz - Gastora","og_description":"Achetez Premium cuiseur wok - 28,5 cm anneau de cuisson - unit\u00e9 simple - profondeur 90 cm - gaz au meilleur prix, fiable et performant avec une livraison rapide","og_url":"https:\/\/gastora.eu\/en\/product\/premium-cuiseur-wok-285-cm-anneau-de-cuisson-unit-simple-profondeur-90-cm-gaz\/","og_site_name":"Gastora","article_modified_time":"2026-05-06T14:32:22+00:00","twitter_card":"summary_large_image","twitter_misc":{"Est. reading time":"2 minutes"},"schema":{"@context":"https:\/\/schema.org","@graph":[{"@type":"WebPage","@id":"https:\/\/gastora.eu\/product\/premium-cuiseur-wok-285-cm-anneau-de-cuisson-unit-simple-profondeur-90-cm-gaz\/","url":"https:\/\/gastora.eu\/product\/premium-cuiseur-wok-285-cm-anneau-de-cuisson-unit-simple-profondeur-90-cm-gaz\/","name":"Premium cuiseur wok - 28,5 cm anneau de cuisson - unit\u00e9 simple - profondeur 90 cm - gaz - Gastora","isPartOf":{"@id":"https:\/\/gastora.eu\/#website"},"primaryImageOfPage":{"@id":"https:\/\/gastora.eu\/product\/premium-cuiseur-wok-285-cm-anneau-de-cuisson-unit-simple-profondeur-90-cm-gaz\/#primaryimage"},"image":{"@id":"https:\/\/gastora.eu\/product\/premium-cuiseur-wok-285-cm-anneau-de-cuisson-unit-simple-profondeur-90-cm-gaz\/#primaryimage"},"thumbnailUrl":"https:\/\/gastora.eu\/wp-content\/uploads\/2026\/04\/09398545_1.jpg","datePublished":"2026-04-25T17:46:40+00:00","dateModified":"2026-05-06T14:32:22+00:00","description":"Achetez Premium cuiseur wok - 28,5 cm anneau de cuisson - unit\u00e9 simple - profondeur 90 cm - gaz au meilleur prix, fiable et performant avec une livraison rapide","breadcrumb":{"@id":"https:\/\/gastora.eu\/product\/premium-cuiseur-wok-285-cm-anneau-de-cuisson-unit-simple-profondeur-90-cm-gaz\/#breadcrumb"},"inLanguage":"en-US","potentialAction":[{"@type":"ReadAction","target":["https:\/\/gastora.eu\/product\/premium-cuiseur-wok-285-cm-anneau-de-cuisson-unit-simple-profondeur-90-cm-gaz\/"]}]},{"@type":"ImageObject","inLanguage":"en-US","@id":"https:\/\/gastora.eu\/product\/premium-cuiseur-wok-285-cm-anneau-de-cuisson-unit-simple-profondeur-90-cm-gaz\/#primaryimage","url":"https:\/\/gastora.eu\/wp-content\/uploads\/2026\/04\/09398545_1.jpg","contentUrl":"https:\/\/gastora.eu\/wp-content\/uploads\/2026\/04\/09398545_1.jpg","width":900,"height":993},{"@type":"BreadcrumbList","@id":"https:\/\/gastora.eu\/product\/premium-cuiseur-wok-285-cm-anneau-de-cuisson-unit-simple-profondeur-90-cm-gaz\/#breadcrumb","itemListElement":[{"@type":"ListItem","position":1,"name":"Home","item":"https:\/\/gastora.eu\/"},{"@type":"ListItem","position":2,"name":"Shop","item":"https:\/\/gastora.eu\/shop\/"},{"@type":"ListItem","position":3,"name":"Premium cuiseur wok &#8211; 28,5 cm anneau de cuisson &#8211; unit\u00e9 simple &#8211; profondeur 90 cm &#8211; gaz"}]},{"@type":"WebSite","@id":"https:\/\/gastora.eu\/#website","url":"https:\/\/gastora.eu\/","name":"Gastora","description":"\u00c9quipements professionnels CHR","publisher":{"@id":"https:\/\/gastora.eu\/#organization"},"potentialAction":[{"@type":"SearchAction","target":{"@type":"EntryPoint","urlTemplate":"https:\/\/gastora.eu\/?s={search_term_string}"},"query-input":{"@type":"PropertyValueSpecification","valueRequired":true,"valueName":"search_term_string"}}],"inLanguage":"en-US"},{"@type":"Organization","@id":"https:\/\/gastora.eu\/#organization","name":"Gastora","url":"https:\/\/gastora.eu\/","logo":{"@type":"ImageObject","inLanguage":"en-US","@id":"https:\/\/gastora.eu\/#\/schema\/logo\/image\/","url":"https:\/\/gastora.eu\/wp-content\/uploads\/2025\/12\/ChatGPT-Image-2-janv.-2026-22_52_47-1.png","contentUrl":"https:\/\/gastora.eu\/wp-content\/uploads\/2025\/12\/ChatGPT-Image-2-janv.-2026-22_52_47-1.png","width":1536,"height":320,"caption":"Gastora"},"image":{"@id":"https:\/\/gastora.eu\/#\/schema\/logo\/image\/"}}]}},"jetpack_sharing_enabled":true,"_links":{"self":[{"href":"https:\/\/gastora.eu\/en\/wp-json\/wp\/v2\/product\/14267","targetHints":{"allow":["GET"]}}],"collection":[{"href":"https:\/\/gastora.eu\/en\/wp-json\/wp\/v2\/product"}],"about":[{"href":"https:\/\/gastora.eu\/en\/wp-json\/wp\/v2\/types\/product"}],"wp:featuredmedia":[{"embeddable":true,"href":"https:\/\/gastora.eu\/en\/wp-json\/wp\/v2\/media\/7282"}],"wp:attachment":[{"href":"https:\/\/gastora.eu\/en\/wp-json\/wp\/v2\/media?parent=14267"}],"wp:term":[{"taxonomy":"product_brand","embeddable":true,"href":"https:\/\/gastora.eu\/en\/wp-json\/wp\/v2\/product_brand?post=14267"},{"taxonomy":"product_cat","embeddable":true,"href":"https:\/\/gastora.eu\/en\/wp-json\/wp\/v2\/product_cat?post=14267"},{"taxonomy":"product_tag","embeddable":true,"href":"https:\/\/gastora.eu\/en\/wp-json\/wp\/v2\/product_tag?post=14267"}],"curies":[{"name":"wp","href":"https:\/\/api.w.org\/{rel}","templated":true}]}}