{"id":14266,"date":"2026-04-25T17:46:40","date_gmt":"2026-04-25T17:46:40","guid":{"rendered":"https:\/\/gastora.eu\/?post_type=product&#038;p=14266"},"modified":"2026-04-28T16:56:12","modified_gmt":"2026-04-28T16:56:12","slug":"premium-plan-de-travail-unit-simple-profondeur-90-cm","status":"publish","type":"product","link":"https:\/\/gastora.eu\/en\/product\/premium-plan-de-travail-unit-simple-profondeur-90-cm\/","title":{"rendered":"Premium plan de travail &#8211; unit\u00e9 simple &#8211; profondeur 90 cm"},"content":{"rendered":"<p>Ce plan de travail magnifiquement con\u00e7u est le moyen id\u00e9al d&#8217;\u00e9largir votre gamme de produits de cuisson. Il a \u00e9t\u00e9 con\u00e7u pour s&#8217;adapter \u00e0 la gamme de cuisson haut de gamme de Maxima &#8211; la s\u00e9rie Cooking Range 900.<\/p>\n<h3>Plan de travail en acier inoxydable<\/h3>\n<p>Le plan de travail a \u00e9t\u00e9 con\u00e7u dans un souci de qualit\u00e9 et de facilit\u00e9 d&#8217;utilisation. Il a \u00e9t\u00e9 enti\u00e8rement fabriqu\u00e9 en acier inoxydable lisse, ce qui le rend non seulement durable, mais aussi tr\u00e8s facile \u00e0 nettoyer. Le nettoyage est \u00e9galement facilit\u00e9 par les coins arrondis, qui emp\u00eachent la salet\u00e9 de s&#8217;accumuler dans les angles.<\/p>\n<h3>Espaces de travail ergonomiques<\/h3>\n<p>Ce plan de travail est \u00e9galement dot\u00e9 d&#8217;un beau design ergonomique qui rend le travail sur la ligne de cuisson plus confortable. Avec une profondeur de 90 cm, vous disposez d&#8217;un grand espace de travail fiable pour pr\u00e9parer les aliments. Gr\u00e2ce \u00e0 sa conception robuste, il peut m\u00eame accueillir des appareils de cuisine pour vous aider dans vos pr\u00e9parations. Ce plan de travail peut \u00e9galement \u00eatre combin\u00e9 avec les bases de la ligne de cuisson Cooking Range 900.<\/p>\n<p><strong>Caract\u00e9ristiques du produit<\/strong><\/p>\n<ul>\n<li>Poids net : 15 kg<\/li>\n<li>Dimensions de l&#8217;appareil : L40 x P90 x H28cm<\/li>\n<\/ul>","protected":false},"excerpt":{"rendered":"<p>Ce magnifique plan de travail en acier inoxydable est une extension parfaite de la gamme Cooking Range 900 de Maxima. Vous pouvez facilement le combiner avec n&#8217;importe quelle base de cette gamme. Sa surface lisse en acier inoxydable est parfaite pour couper les aliments et pr\u00e9parer les plats, et elle est facile \u00e0 nettoyer.<\/p>","protected":false},"featured_media":7280,"template":"","meta":{"_acf_changed":false},"product_brand":[],"product_cat":[495],"product_tag":[],"class_list":{"0":"post-14266","1":"product","2":"type-product","3":"status-publish","4":"has-post-thumbnail","6":"product_cat-plaques-pianos-de-cuisson-2","8":"first","9":"instock","10":"sale","11":"taxable","12":"shipping-taxable","13":"purchasable","14":"product-type-simple"},"acf":[],"yoast_head":"<!-- This site is optimized with the Yoast SEO plugin v27.5 - https:\/\/yoast.com\/product\/yoast-seo-wordpress\/ -->\n<title>Premium plan de travail - unit\u00e9 simple - profondeur 90 cm - Gastora<\/title>\n<meta name=\"description\" content=\"Achetez Premium plan de travail - unit\u00e9 simple - profondeur 90 cm au meilleur prix, fiable et performant avec une livraison rapide\" \/>\n<meta name=\"robots\" content=\"index, follow, max-snippet:-1, max-image-preview:large, max-video-preview:-1\" \/>\n<link rel=\"canonical\" href=\"https:\/\/gastora.eu\/en\/product\/premium-plan-de-travail-unit-simple-profondeur-90-cm\/\" \/>\n<meta property=\"og:locale\" content=\"en_US\" \/>\n<meta property=\"og:type\" content=\"article\" \/>\n<meta property=\"og:title\" content=\"Premium plan de travail - unit\u00e9 simple - profondeur 90 cm - Gastora\" \/>\n<meta property=\"og:description\" content=\"Achetez Premium plan de travail - unit\u00e9 simple - profondeur 90 cm au meilleur prix, fiable et performant avec une livraison rapide\" \/>\n<meta property=\"og:url\" content=\"https:\/\/gastora.eu\/en\/product\/premium-plan-de-travail-unit-simple-profondeur-90-cm\/\" \/>\n<meta property=\"og:site_name\" content=\"Gastora\" \/>\n<meta property=\"article:modified_time\" content=\"2026-04-28T16:56:12+00:00\" \/>\n<meta name=\"twitter:card\" content=\"summary_large_image\" \/>\n<meta name=\"twitter:label1\" content=\"Est. reading time\" \/>\n\t<meta name=\"twitter:data1\" content=\"1 minute\" \/>\n<script type=\"application\/ld+json\" class=\"yoast-schema-graph\">{\"@context\":\"https:\\\/\\\/schema.org\",\"@graph\":[{\"@type\":\"WebPage\",\"@id\":\"https:\\\/\\\/gastora.eu\\\/product\\\/premium-plan-de-travail-unit-simple-profondeur-90-cm\\\/\",\"url\":\"https:\\\/\\\/gastora.eu\\\/product\\\/premium-plan-de-travail-unit-simple-profondeur-90-cm\\\/\",\"name\":\"Premium plan de travail - unit\u00e9 simple - profondeur 90 cm - Gastora\",\"isPartOf\":{\"@id\":\"https:\\\/\\\/gastora.eu\\\/#website\"},\"primaryImageOfPage\":{\"@id\":\"https:\\\/\\\/gastora.eu\\\/product\\\/premium-plan-de-travail-unit-simple-profondeur-90-cm\\\/#primaryimage\"},\"image\":{\"@id\":\"https:\\\/\\\/gastora.eu\\\/product\\\/premium-plan-de-travail-unit-simple-profondeur-90-cm\\\/#primaryimage\"},\"thumbnailUrl\":\"https:\\\/\\\/gastora.eu\\\/wp-content\\\/uploads\\\/2026\\\/04\\\/7911n14090300.jpg\",\"datePublished\":\"2026-04-25T17:46:40+00:00\",\"dateModified\":\"2026-04-28T16:56:12+00:00\",\"description\":\"Achetez Premium plan de travail - unit\u00e9 simple - profondeur 90 cm au meilleur prix, fiable et performant avec une livraison rapide\",\"breadcrumb\":{\"@id\":\"https:\\\/\\\/gastora.eu\\\/product\\\/premium-plan-de-travail-unit-simple-profondeur-90-cm\\\/#breadcrumb\"},\"inLanguage\":\"en-US\",\"potentialAction\":[{\"@type\":\"ReadAction\",\"target\":[\"https:\\\/\\\/gastora.eu\\\/product\\\/premium-plan-de-travail-unit-simple-profondeur-90-cm\\\/\"]}]},{\"@type\":\"ImageObject\",\"inLanguage\":\"en-US\",\"@id\":\"https:\\\/\\\/gastora.eu\\\/product\\\/premium-plan-de-travail-unit-simple-profondeur-90-cm\\\/#primaryimage\",\"url\":\"https:\\\/\\\/gastora.eu\\\/wp-content\\\/uploads\\\/2026\\\/04\\\/7911n14090300.jpg\",\"contentUrl\":\"https:\\\/\\\/gastora.eu\\\/wp-content\\\/uploads\\\/2026\\\/04\\\/7911n14090300.jpg\",\"width\":1200,\"height\":1200},{\"@type\":\"BreadcrumbList\",\"@id\":\"https:\\\/\\\/gastora.eu\\\/product\\\/premium-plan-de-travail-unit-simple-profondeur-90-cm\\\/#breadcrumb\",\"itemListElement\":[{\"@type\":\"ListItem\",\"position\":1,\"name\":\"Home\",\"item\":\"https:\\\/\\\/gastora.eu\\\/\"},{\"@type\":\"ListItem\",\"position\":2,\"name\":\"Shop\",\"item\":\"https:\\\/\\\/gastora.eu\\\/shop\\\/\"},{\"@type\":\"ListItem\",\"position\":3,\"name\":\"Premium plan de travail &#8211; unit\u00e9 simple &#8211; profondeur 90 cm\"}]},{\"@type\":\"WebSite\",\"@id\":\"https:\\\/\\\/gastora.eu\\\/#website\",\"url\":\"https:\\\/\\\/gastora.eu\\\/\",\"name\":\"Gastora\",\"description\":\"\u00c9quipements professionnels CHR\",\"publisher\":{\"@id\":\"https:\\\/\\\/gastora.eu\\\/#organization\"},\"potentialAction\":[{\"@type\":\"SearchAction\",\"target\":{\"@type\":\"EntryPoint\",\"urlTemplate\":\"https:\\\/\\\/gastora.eu\\\/?s={search_term_string}\"},\"query-input\":{\"@type\":\"PropertyValueSpecification\",\"valueRequired\":true,\"valueName\":\"search_term_string\"}}],\"inLanguage\":\"en-US\"},{\"@type\":\"Organization\",\"@id\":\"https:\\\/\\\/gastora.eu\\\/#organization\",\"name\":\"Gastora\",\"url\":\"https:\\\/\\\/gastora.eu\\\/\",\"logo\":{\"@type\":\"ImageObject\",\"inLanguage\":\"en-US\",\"@id\":\"https:\\\/\\\/gastora.eu\\\/#\\\/schema\\\/logo\\\/image\\\/\",\"url\":\"https:\\\/\\\/gastora.eu\\\/wp-content\\\/uploads\\\/2025\\\/12\\\/ChatGPT-Image-2-janv.-2026-22_52_47-1.png\",\"contentUrl\":\"https:\\\/\\\/gastora.eu\\\/wp-content\\\/uploads\\\/2025\\\/12\\\/ChatGPT-Image-2-janv.-2026-22_52_47-1.png\",\"width\":1536,\"height\":320,\"caption\":\"Gastora\"},\"image\":{\"@id\":\"https:\\\/\\\/gastora.eu\\\/#\\\/schema\\\/logo\\\/image\\\/\"}}]}<\/script>\n<!-- \/ Yoast SEO plugin. -->","yoast_head_json":{"title":"Premium plan de travail - unit\u00e9 simple - profondeur 90 cm - Gastora","description":"Achetez Premium plan de travail - unit\u00e9 simple - profondeur 90 cm au meilleur prix, fiable et performant avec une livraison rapide","robots":{"index":"index","follow":"follow","max-snippet":"max-snippet:-1","max-image-preview":"max-image-preview:large","max-video-preview":"max-video-preview:-1"},"canonical":"https:\/\/gastora.eu\/en\/product\/premium-plan-de-travail-unit-simple-profondeur-90-cm\/","og_locale":"en_US","og_type":"article","og_title":"Premium plan de travail - unit\u00e9 simple - profondeur 90 cm - Gastora","og_description":"Achetez Premium plan de travail - unit\u00e9 simple - profondeur 90 cm au meilleur prix, fiable et performant avec une livraison rapide","og_url":"https:\/\/gastora.eu\/en\/product\/premium-plan-de-travail-unit-simple-profondeur-90-cm\/","og_site_name":"Gastora","article_modified_time":"2026-04-28T16:56:12+00:00","twitter_card":"summary_large_image","twitter_misc":{"Est. reading time":"1 minute"},"schema":{"@context":"https:\/\/schema.org","@graph":[{"@type":"WebPage","@id":"https:\/\/gastora.eu\/product\/premium-plan-de-travail-unit-simple-profondeur-90-cm\/","url":"https:\/\/gastora.eu\/product\/premium-plan-de-travail-unit-simple-profondeur-90-cm\/","name":"Premium plan de travail - unit\u00e9 simple - profondeur 90 cm - Gastora","isPartOf":{"@id":"https:\/\/gastora.eu\/#website"},"primaryImageOfPage":{"@id":"https:\/\/gastora.eu\/product\/premium-plan-de-travail-unit-simple-profondeur-90-cm\/#primaryimage"},"image":{"@id":"https:\/\/gastora.eu\/product\/premium-plan-de-travail-unit-simple-profondeur-90-cm\/#primaryimage"},"thumbnailUrl":"https:\/\/gastora.eu\/wp-content\/uploads\/2026\/04\/7911n14090300.jpg","datePublished":"2026-04-25T17:46:40+00:00","dateModified":"2026-04-28T16:56:12+00:00","description":"Achetez Premium plan de travail - unit\u00e9 simple - profondeur 90 cm au meilleur prix, fiable et performant avec une livraison rapide","breadcrumb":{"@id":"https:\/\/gastora.eu\/product\/premium-plan-de-travail-unit-simple-profondeur-90-cm\/#breadcrumb"},"inLanguage":"en-US","potentialAction":[{"@type":"ReadAction","target":["https:\/\/gastora.eu\/product\/premium-plan-de-travail-unit-simple-profondeur-90-cm\/"]}]},{"@type":"ImageObject","inLanguage":"en-US","@id":"https:\/\/gastora.eu\/product\/premium-plan-de-travail-unit-simple-profondeur-90-cm\/#primaryimage","url":"https:\/\/gastora.eu\/wp-content\/uploads\/2026\/04\/7911n14090300.jpg","contentUrl":"https:\/\/gastora.eu\/wp-content\/uploads\/2026\/04\/7911n14090300.jpg","width":1200,"height":1200},{"@type":"BreadcrumbList","@id":"https:\/\/gastora.eu\/product\/premium-plan-de-travail-unit-simple-profondeur-90-cm\/#breadcrumb","itemListElement":[{"@type":"ListItem","position":1,"name":"Home","item":"https:\/\/gastora.eu\/"},{"@type":"ListItem","position":2,"name":"Shop","item":"https:\/\/gastora.eu\/shop\/"},{"@type":"ListItem","position":3,"name":"Premium plan de travail &#8211; unit\u00e9 simple &#8211; profondeur 90 cm"}]},{"@type":"WebSite","@id":"https:\/\/gastora.eu\/#website","url":"https:\/\/gastora.eu\/","name":"Gastora","description":"\u00c9quipements professionnels CHR","publisher":{"@id":"https:\/\/gastora.eu\/#organization"},"potentialAction":[{"@type":"SearchAction","target":{"@type":"EntryPoint","urlTemplate":"https:\/\/gastora.eu\/?s={search_term_string}"},"query-input":{"@type":"PropertyValueSpecification","valueRequired":true,"valueName":"search_term_string"}}],"inLanguage":"en-US"},{"@type":"Organization","@id":"https:\/\/gastora.eu\/#organization","name":"Gastora","url":"https:\/\/gastora.eu\/","logo":{"@type":"ImageObject","inLanguage":"en-US","@id":"https:\/\/gastora.eu\/#\/schema\/logo\/image\/","url":"https:\/\/gastora.eu\/wp-content\/uploads\/2025\/12\/ChatGPT-Image-2-janv.-2026-22_52_47-1.png","contentUrl":"https:\/\/gastora.eu\/wp-content\/uploads\/2025\/12\/ChatGPT-Image-2-janv.-2026-22_52_47-1.png","width":1536,"height":320,"caption":"Gastora"},"image":{"@id":"https:\/\/gastora.eu\/#\/schema\/logo\/image\/"}}]}},"jetpack_sharing_enabled":true,"_links":{"self":[{"href":"https:\/\/gastora.eu\/en\/wp-json\/wp\/v2\/product\/14266","targetHints":{"allow":["GET"]}}],"collection":[{"href":"https:\/\/gastora.eu\/en\/wp-json\/wp\/v2\/product"}],"about":[{"href":"https:\/\/gastora.eu\/en\/wp-json\/wp\/v2\/types\/product"}],"wp:featuredmedia":[{"embeddable":true,"href":"https:\/\/gastora.eu\/en\/wp-json\/wp\/v2\/media\/7280"}],"wp:attachment":[{"href":"https:\/\/gastora.eu\/en\/wp-json\/wp\/v2\/media?parent=14266"}],"wp:term":[{"taxonomy":"product_brand","embeddable":true,"href":"https:\/\/gastora.eu\/en\/wp-json\/wp\/v2\/product_brand?post=14266"},{"taxonomy":"product_cat","embeddable":true,"href":"https:\/\/gastora.eu\/en\/wp-json\/wp\/v2\/product_cat?post=14266"},{"taxonomy":"product_tag","embeddable":true,"href":"https:\/\/gastora.eu\/en\/wp-json\/wp\/v2\/product_tag?post=14266"}],"curies":[{"name":"wp","href":"https:\/\/api.w.org\/{rel}","templated":true}]}}