{"id":14256,"date":"2026-04-25T17:46:26","date_gmt":"2026-04-25T17:46:26","guid":{"rendered":"https:\/\/gastora.eu\/?post_type=product&#038;p=14256"},"modified":"2026-04-28T16:56:11","modified_gmt":"2026-04-28T16:56:11","slug":"set-de-tasses-mesurer-incl-60-80-125-et-250-ml","status":"publish","type":"product","link":"https:\/\/gastora.eu\/en\/product\/set-de-tasses-mesurer-incl-60-80-125-et-250-ml\/","title":{"rendered":"Set de tasses \u00e0 mesurer &#8211; incl 60, 80, 125 et 250 ml"},"content":{"rendered":"<p>Si vous recherchez un ensemble de tasses \u00e0 mesurer de qualit\u00e9 sup\u00e9rieure, ne cherchez pas plus loin que notre option en acier inoxydable. Ce set est parfait pour un usage professionnel. Les tasses comportent une encoche sur le bord pour faciliter le versement et r\u00e9duire les d\u00e9versements. Le set est livr\u00e9 avec quatre tailles : 1\/4 tasse (60ml), 1\/3 tasse (80ml), 1\/2 tasse (125ml) et 1 tasse (250ml). Peu importe ce que vous devez mesurer, nous avons ce qu&#8217;il vous faut !<\/p>\n<h3>Parfait pour les professionnels<\/h3>\n<p>Des ustensiles de cuisine de bonne qualit\u00e9 sont essentiels \u00e0 la fa\u00e7on dont un chef pr\u00e9pare ses recettes et il y a quelques \u00e9l\u00e9ments qui peuvent faire qu&#8217;un ensemble d&#8217;outils se distingue des autres. Ce set professionnel comprend une encoche sur le rebord des tasses pour faciliter le versement des liquides sans d\u00e9bordement. C&#8217;est utile lorsque vous essayez de garder votre espace de travail propre et bien rang\u00e9. De plus, les tasses s&#8217;embo\u00eetent parfaitement les unes dans les autres, ce qui rend leur rangement facile et compact.<\/p>\n<h3>Lavable au lave-vaisselle<\/h3>\n<p>Lorsqu&#8217;il s&#8217;agit d&#8217;ustensiles de cuisine dans une cuisine professionnelle, la propret\u00e9 est essentielle. Il est important de pouvoir nettoyer vos outils rapidement et efficacement. Ce set de mesure est enti\u00e8rement fabriqu\u00e9 en acier inoxydable, il peut donc passer au lave-vaisselle sans endommager les tasses ni perdre leur \u00e9clat.<\/p>\n<ul>\n<li>Facile \u00e0 ranger<\/li>\n<li>Convient aux lave-vaisselle<\/li>\n<li>Toutes les tailles comprennent une poign\u00e9e<\/li>\n<li>Convient \u00e0 un usage professionnel<\/li>\n<li>Tasses \u00e0 mesurer en acier inoxydable<\/li>\n<li>Livr\u00e9s en standard en 4 tailles<\/li>\n<li>Avec une encoche sur le rebord pour faciliter le versement<\/li>\n<li>1\/4 tasse (60ml), 1\/3 tasse (80ml), 1\/2 tasse (125ml) et 1 tasse (250ml)<\/li>\n<\/ul>","protected":false},"excerpt":{"rendered":"<p>Un ensemble solide de tasses \u00e0 mesurer est un \u00e9l\u00e9ment indispensable dans tout bar ou cuisine. Cet ensemble en acier inoxydable de Maxima est non seulement durable, mais aussi tr\u00e8s facile \u00e0 nettoyer. Ils sont livr\u00e9s dans un lot de quatre avec diff\u00e9rentes mesures, allant d&#8217;un quart de tasse (60ml) \u00e0 une tasse compl\u00e8te (250ml).<\/p>","protected":false},"featured_media":7260,"template":"","meta":{"_acf_changed":false},"product_brand":[],"product_cat":[65],"product_tag":[],"class_list":{"0":"post-14256","1":"product","2":"type-product","3":"status-publish","4":"has-post-thumbnail","6":"product_cat-accessoires-consommables","8":"first","9":"instock","10":"sale","11":"taxable","12":"shipping-taxable","13":"purchasable","14":"product-type-simple"},"acf":[],"yoast_head":"<!-- This site is optimized with the Yoast SEO plugin v27.5 - https:\/\/yoast.com\/product\/yoast-seo-wordpress\/ -->\n<title>Set de tasses \u00e0 mesurer - incl 60, 80, 125 et 250 ml - Gastora<\/title>\n<meta name=\"description\" content=\"Achetez Set de tasses \u00e0 mesurer - incl 60, 80, 125 et 250 ml au meilleur prix, fiable et performant avec une livraison rapide\" \/>\n<meta name=\"robots\" content=\"index, follow, max-snippet:-1, max-image-preview:large, max-video-preview:-1\" \/>\n<link rel=\"canonical\" href=\"https:\/\/gastora.eu\/en\/product\/set-de-tasses-mesurer-incl-60-80-125-et-250-ml\/\" \/>\n<meta property=\"og:locale\" content=\"en_US\" \/>\n<meta property=\"og:type\" content=\"article\" \/>\n<meta property=\"og:title\" content=\"Set de tasses \u00e0 mesurer - incl 60, 80, 125 et 250 ml - Gastora\" \/>\n<meta property=\"og:description\" content=\"Achetez Set de tasses \u00e0 mesurer - incl 60, 80, 125 et 250 ml au meilleur prix, fiable et performant avec une livraison rapide\" \/>\n<meta property=\"og:url\" content=\"https:\/\/gastora.eu\/en\/product\/set-de-tasses-mesurer-incl-60-80-125-et-250-ml\/\" \/>\n<meta property=\"og:site_name\" content=\"Gastora\" \/>\n<meta property=\"article:modified_time\" content=\"2026-04-28T16:56:11+00:00\" \/>\n<meta name=\"twitter:card\" content=\"summary_large_image\" \/>\n<meta name=\"twitter:label1\" content=\"Est. reading time\" \/>\n\t<meta name=\"twitter:data1\" content=\"1 minute\" \/>\n<script type=\"application\/ld+json\" class=\"yoast-schema-graph\">{\"@context\":\"https:\\\/\\\/schema.org\",\"@graph\":[{\"@type\":\"WebPage\",\"@id\":\"https:\\\/\\\/gastora.eu\\\/product\\\/set-de-tasses-mesurer-incl-60-80-125-et-250-ml\\\/\",\"url\":\"https:\\\/\\\/gastora.eu\\\/product\\\/set-de-tasses-mesurer-incl-60-80-125-et-250-ml\\\/\",\"name\":\"Set de tasses \u00e0 mesurer - incl 60, 80, 125 et 250 ml - Gastora\",\"isPartOf\":{\"@id\":\"https:\\\/\\\/gastora.eu\\\/#website\"},\"primaryImageOfPage\":{\"@id\":\"https:\\\/\\\/gastora.eu\\\/product\\\/set-de-tasses-mesurer-incl-60-80-125-et-250-ml\\\/#primaryimage\"},\"image\":{\"@id\":\"https:\\\/\\\/gastora.eu\\\/product\\\/set-de-tasses-mesurer-incl-60-80-125-et-250-ml\\\/#primaryimage\"},\"thumbnailUrl\":\"https:\\\/\\\/gastora.eu\\\/wp-content\\\/uploads\\\/2026\\\/04\\\/img_2114.jpg\",\"datePublished\":\"2026-04-25T17:46:26+00:00\",\"dateModified\":\"2026-04-28T16:56:11+00:00\",\"description\":\"Achetez Set de tasses \u00e0 mesurer - incl 60, 80, 125 et 250 ml au meilleur prix, fiable et performant avec une livraison rapide\",\"breadcrumb\":{\"@id\":\"https:\\\/\\\/gastora.eu\\\/product\\\/set-de-tasses-mesurer-incl-60-80-125-et-250-ml\\\/#breadcrumb\"},\"inLanguage\":\"en-US\",\"potentialAction\":[{\"@type\":\"ReadAction\",\"target\":[\"https:\\\/\\\/gastora.eu\\\/product\\\/set-de-tasses-mesurer-incl-60-80-125-et-250-ml\\\/\"]}]},{\"@type\":\"ImageObject\",\"inLanguage\":\"en-US\",\"@id\":\"https:\\\/\\\/gastora.eu\\\/product\\\/set-de-tasses-mesurer-incl-60-80-125-et-250-ml\\\/#primaryimage\",\"url\":\"https:\\\/\\\/gastora.eu\\\/wp-content\\\/uploads\\\/2026\\\/04\\\/img_2114.jpg\",\"contentUrl\":\"https:\\\/\\\/gastora.eu\\\/wp-content\\\/uploads\\\/2026\\\/04\\\/img_2114.jpg\",\"width\":1200,\"height\":1200},{\"@type\":\"BreadcrumbList\",\"@id\":\"https:\\\/\\\/gastora.eu\\\/product\\\/set-de-tasses-mesurer-incl-60-80-125-et-250-ml\\\/#breadcrumb\",\"itemListElement\":[{\"@type\":\"ListItem\",\"position\":1,\"name\":\"Home\",\"item\":\"https:\\\/\\\/gastora.eu\\\/\"},{\"@type\":\"ListItem\",\"position\":2,\"name\":\"Shop\",\"item\":\"https:\\\/\\\/gastora.eu\\\/shop\\\/\"},{\"@type\":\"ListItem\",\"position\":3,\"name\":\"Set de tasses \u00e0 mesurer &#8211; incl 60, 80, 125 et 250 ml\"}]},{\"@type\":\"WebSite\",\"@id\":\"https:\\\/\\\/gastora.eu\\\/#website\",\"url\":\"https:\\\/\\\/gastora.eu\\\/\",\"name\":\"Gastora\",\"description\":\"\u00c9quipements professionnels CHR\",\"publisher\":{\"@id\":\"https:\\\/\\\/gastora.eu\\\/#organization\"},\"potentialAction\":[{\"@type\":\"SearchAction\",\"target\":{\"@type\":\"EntryPoint\",\"urlTemplate\":\"https:\\\/\\\/gastora.eu\\\/?s={search_term_string}\"},\"query-input\":{\"@type\":\"PropertyValueSpecification\",\"valueRequired\":true,\"valueName\":\"search_term_string\"}}],\"inLanguage\":\"en-US\"},{\"@type\":\"Organization\",\"@id\":\"https:\\\/\\\/gastora.eu\\\/#organization\",\"name\":\"Gastora\",\"url\":\"https:\\\/\\\/gastora.eu\\\/\",\"logo\":{\"@type\":\"ImageObject\",\"inLanguage\":\"en-US\",\"@id\":\"https:\\\/\\\/gastora.eu\\\/#\\\/schema\\\/logo\\\/image\\\/\",\"url\":\"https:\\\/\\\/gastora.eu\\\/wp-content\\\/uploads\\\/2025\\\/12\\\/ChatGPT-Image-2-janv.-2026-22_52_47-1.png\",\"contentUrl\":\"https:\\\/\\\/gastora.eu\\\/wp-content\\\/uploads\\\/2025\\\/12\\\/ChatGPT-Image-2-janv.-2026-22_52_47-1.png\",\"width\":1536,\"height\":320,\"caption\":\"Gastora\"},\"image\":{\"@id\":\"https:\\\/\\\/gastora.eu\\\/#\\\/schema\\\/logo\\\/image\\\/\"}}]}<\/script>\n<!-- \/ Yoast SEO plugin. -->","yoast_head_json":{"title":"Set de tasses \u00e0 mesurer - incl 60, 80, 125 et 250 ml - Gastora","description":"Achetez Set de tasses \u00e0 mesurer - incl 60, 80, 125 et 250 ml au meilleur prix, fiable et performant avec une livraison rapide","robots":{"index":"index","follow":"follow","max-snippet":"max-snippet:-1","max-image-preview":"max-image-preview:large","max-video-preview":"max-video-preview:-1"},"canonical":"https:\/\/gastora.eu\/en\/product\/set-de-tasses-mesurer-incl-60-80-125-et-250-ml\/","og_locale":"en_US","og_type":"article","og_title":"Set de tasses \u00e0 mesurer - incl 60, 80, 125 et 250 ml - Gastora","og_description":"Achetez Set de tasses \u00e0 mesurer - incl 60, 80, 125 et 250 ml au meilleur prix, fiable et performant avec une livraison rapide","og_url":"https:\/\/gastora.eu\/en\/product\/set-de-tasses-mesurer-incl-60-80-125-et-250-ml\/","og_site_name":"Gastora","article_modified_time":"2026-04-28T16:56:11+00:00","twitter_card":"summary_large_image","twitter_misc":{"Est. reading time":"1 minute"},"schema":{"@context":"https:\/\/schema.org","@graph":[{"@type":"WebPage","@id":"https:\/\/gastora.eu\/product\/set-de-tasses-mesurer-incl-60-80-125-et-250-ml\/","url":"https:\/\/gastora.eu\/product\/set-de-tasses-mesurer-incl-60-80-125-et-250-ml\/","name":"Set de tasses \u00e0 mesurer - incl 60, 80, 125 et 250 ml - Gastora","isPartOf":{"@id":"https:\/\/gastora.eu\/#website"},"primaryImageOfPage":{"@id":"https:\/\/gastora.eu\/product\/set-de-tasses-mesurer-incl-60-80-125-et-250-ml\/#primaryimage"},"image":{"@id":"https:\/\/gastora.eu\/product\/set-de-tasses-mesurer-incl-60-80-125-et-250-ml\/#primaryimage"},"thumbnailUrl":"https:\/\/gastora.eu\/wp-content\/uploads\/2026\/04\/img_2114.jpg","datePublished":"2026-04-25T17:46:26+00:00","dateModified":"2026-04-28T16:56:11+00:00","description":"Achetez Set de tasses \u00e0 mesurer - incl 60, 80, 125 et 250 ml au meilleur prix, fiable et performant avec une livraison rapide","breadcrumb":{"@id":"https:\/\/gastora.eu\/product\/set-de-tasses-mesurer-incl-60-80-125-et-250-ml\/#breadcrumb"},"inLanguage":"en-US","potentialAction":[{"@type":"ReadAction","target":["https:\/\/gastora.eu\/product\/set-de-tasses-mesurer-incl-60-80-125-et-250-ml\/"]}]},{"@type":"ImageObject","inLanguage":"en-US","@id":"https:\/\/gastora.eu\/product\/set-de-tasses-mesurer-incl-60-80-125-et-250-ml\/#primaryimage","url":"https:\/\/gastora.eu\/wp-content\/uploads\/2026\/04\/img_2114.jpg","contentUrl":"https:\/\/gastora.eu\/wp-content\/uploads\/2026\/04\/img_2114.jpg","width":1200,"height":1200},{"@type":"BreadcrumbList","@id":"https:\/\/gastora.eu\/product\/set-de-tasses-mesurer-incl-60-80-125-et-250-ml\/#breadcrumb","itemListElement":[{"@type":"ListItem","position":1,"name":"Home","item":"https:\/\/gastora.eu\/"},{"@type":"ListItem","position":2,"name":"Shop","item":"https:\/\/gastora.eu\/shop\/"},{"@type":"ListItem","position":3,"name":"Set de tasses \u00e0 mesurer &#8211; incl 60, 80, 125 et 250 ml"}]},{"@type":"WebSite","@id":"https:\/\/gastora.eu\/#website","url":"https:\/\/gastora.eu\/","name":"Gastora","description":"\u00c9quipements professionnels CHR","publisher":{"@id":"https:\/\/gastora.eu\/#organization"},"potentialAction":[{"@type":"SearchAction","target":{"@type":"EntryPoint","urlTemplate":"https:\/\/gastora.eu\/?s={search_term_string}"},"query-input":{"@type":"PropertyValueSpecification","valueRequired":true,"valueName":"search_term_string"}}],"inLanguage":"en-US"},{"@type":"Organization","@id":"https:\/\/gastora.eu\/#organization","name":"Gastora","url":"https:\/\/gastora.eu\/","logo":{"@type":"ImageObject","inLanguage":"en-US","@id":"https:\/\/gastora.eu\/#\/schema\/logo\/image\/","url":"https:\/\/gastora.eu\/wp-content\/uploads\/2025\/12\/ChatGPT-Image-2-janv.-2026-22_52_47-1.png","contentUrl":"https:\/\/gastora.eu\/wp-content\/uploads\/2025\/12\/ChatGPT-Image-2-janv.-2026-22_52_47-1.png","width":1536,"height":320,"caption":"Gastora"},"image":{"@id":"https:\/\/gastora.eu\/#\/schema\/logo\/image\/"}}]}},"jetpack_sharing_enabled":true,"_links":{"self":[{"href":"https:\/\/gastora.eu\/en\/wp-json\/wp\/v2\/product\/14256","targetHints":{"allow":["GET"]}}],"collection":[{"href":"https:\/\/gastora.eu\/en\/wp-json\/wp\/v2\/product"}],"about":[{"href":"https:\/\/gastora.eu\/en\/wp-json\/wp\/v2\/types\/product"}],"wp:featuredmedia":[{"embeddable":true,"href":"https:\/\/gastora.eu\/en\/wp-json\/wp\/v2\/media\/7260"}],"wp:attachment":[{"href":"https:\/\/gastora.eu\/en\/wp-json\/wp\/v2\/media?parent=14256"}],"wp:term":[{"taxonomy":"product_brand","embeddable":true,"href":"https:\/\/gastora.eu\/en\/wp-json\/wp\/v2\/product_brand?post=14256"},{"taxonomy":"product_cat","embeddable":true,"href":"https:\/\/gastora.eu\/en\/wp-json\/wp\/v2\/product_cat?post=14256"},{"taxonomy":"product_tag","embeddable":true,"href":"https:\/\/gastora.eu\/en\/wp-json\/wp\/v2\/product_tag?post=14256"}],"curies":[{"name":"wp","href":"https:\/\/api.w.org\/{rel}","templated":true}]}}