{"id":14254,"date":"2026-04-25T17:46:24","date_gmt":"2026-04-25T17:46:24","guid":{"rendered":"https:\/\/gastora.eu\/?post_type=product&#038;p=14254"},"modified":"2026-04-28T16:56:11","modified_gmt":"2026-04-28T16:56:11","slug":"gn-bar-de-support-53-cm-acier-inoxydable-lavable-au-lave-vaisselle","status":"publish","type":"product","link":"https:\/\/gastora.eu\/en\/product\/gn-bar-de-support-53-cm-acier-inoxydable-lavable-au-lave-vaisselle\/","title":{"rendered":"GN bar de support &#8211; 53 cm &#8211; acier inoxydable &#8211; lavable au lave-vaisselle"},"content":{"rendered":"<p>Avec ce pont interm\u00e9diaire universel pour les r\u00e9cipients GN, vous pouvez \u00e9tendre la capacit\u00e9 des plats \u00e0 r\u00f4tir, des r\u00e9frig\u00e9rateurs et, par exemple, des fours. De cette fa\u00e7on, vous pouvez utiliser plusieurs r\u00e9cipients GN en m\u00eame temps. Gr\u00e2ce au pont interm\u00e9diaire, les r\u00e9cipients GN peuvent reposer dessus et \u00eatre utilis\u00e9s pour refroidir, chauffer ou conserver des ingr\u00e9dients, par exemple <\/p>\n<h3>Lavable au lave-vaisselle<\/h3>\n<p>Le support interm\u00e9diaire mesure 53 cm de long et est fabriqu\u00e9 en acier inoxydable durable. Gr\u00e2ce \u00e0 la finition lisse de la barre de support, elle est facile \u00e0 nettoyer. Vous pouvez nettoyer la barre de support \u00e0 la main, mais elle passe \u00e9galement au lave-vaisselle.<\/p>\n<ul>\n<li>Barre de support universelle ou r\u00e9cipients GN<\/li>\n<li>Convient pour les bains-marie, les chafing dishes et autres machines<\/li>\n<li>Fabriqu\u00e9e en acier inoxydable durable<\/li>\n<li>Facile \u00e0 nettoyer gr\u00e2ce \u00e0 sa finition lisse<\/li>\n<li>Peut \u00eatre mis au lave-vaisselle<\/li>\n<li>Dimensions 530 x 20 mm<\/li>\n<\/ul>\n<ul>\n<li>Dimensions : 53 x 2cm<br \/>","protected":false},"excerpt":{"rendered":"<p>Si vous souhaitez utiliser plusieurs plateaux Gastronorm en m\u00eame temps, par exemple dans des plats \u00e0 gratin, des bains-marie ou des r\u00e9frig\u00e9rateurs, vous avez besoin d&#8217;un pont interm\u00e9diaire sur lequel les r\u00e9cipients GN peuvent reposer. Ce pont interm\u00e9diaire mesure 53 cm et est compatible avec le lave-vaisselle.<\/p>","protected":false},"featured_media":7256,"template":"","meta":{"_acf_changed":false},"product_brand":[],"product_cat":[498],"product_tag":[],"class_list":{"0":"post-14254","1":"product","2":"type-product","3":"status-publish","4":"has-post-thumbnail","6":"product_cat-bacs-gn-couvercles-2","8":"first","9":"instock","10":"sale","11":"taxable","12":"shipping-taxable","13":"purchasable","14":"product-type-simple"},"acf":[],"yoast_head":"<!-- This site is optimized with the Yoast SEO plugin v27.5 - https:\/\/yoast.com\/product\/yoast-seo-wordpress\/ -->\n<title>GN bar de support - 53 cm - acier inoxydable - lavable au lave-vaisselle - Gastora<\/title>\n<meta name=\"description\" content=\"Achetez GN bar de support - 53 cm - acier inoxydable - lavable au lave-vaisselle au meilleur prix, fiable et performant avec une livraison rapide\" \/>\n<meta name=\"robots\" content=\"index, follow, max-snippet:-1, max-image-preview:large, max-video-preview:-1\" \/>\n<link rel=\"canonical\" href=\"https:\/\/gastora.eu\/en\/product\/gn-bar-de-support-53-cm-acier-inoxydable-lavable-au-lave-vaisselle\/\" \/>\n<meta property=\"og:locale\" content=\"en_US\" \/>\n<meta property=\"og:type\" content=\"article\" \/>\n<meta property=\"og:title\" content=\"GN bar de support - 53 cm - acier inoxydable - lavable au lave-vaisselle - Gastora\" \/>\n<meta property=\"og:description\" content=\"Achetez GN bar de support - 53 cm - acier inoxydable - lavable au lave-vaisselle au meilleur prix, fiable et performant avec une livraison rapide\" \/>\n<meta property=\"og:url\" content=\"https:\/\/gastora.eu\/en\/product\/gn-bar-de-support-53-cm-acier-inoxydable-lavable-au-lave-vaisselle\/\" \/>\n<meta property=\"og:site_name\" content=\"Gastora\" \/>\n<meta property=\"article:modified_time\" content=\"2026-04-28T16:56:11+00:00\" \/>\n<meta name=\"twitter:card\" content=\"summary_large_image\" \/>\n<meta name=\"twitter:label1\" content=\"Est. reading time\" \/>\n\t<meta name=\"twitter:data1\" content=\"1 minute\" \/>\n<script type=\"application\/ld+json\" class=\"yoast-schema-graph\">{\"@context\":\"https:\\\/\\\/schema.org\",\"@graph\":[{\"@type\":\"WebPage\",\"@id\":\"https:\\\/\\\/gastora.eu\\\/product\\\/gn-bar-de-support-53-cm-acier-inoxydable-lavable-au-lave-vaisselle\\\/\",\"url\":\"https:\\\/\\\/gastora.eu\\\/product\\\/gn-bar-de-support-53-cm-acier-inoxydable-lavable-au-lave-vaisselle\\\/\",\"name\":\"GN bar de support - 53 cm - acier inoxydable - lavable au lave-vaisselle - Gastora\",\"isPartOf\":{\"@id\":\"https:\\\/\\\/gastora.eu\\\/#website\"},\"primaryImageOfPage\":{\"@id\":\"https:\\\/\\\/gastora.eu\\\/product\\\/gn-bar-de-support-53-cm-acier-inoxydable-lavable-au-lave-vaisselle\\\/#primaryimage\"},\"image\":{\"@id\":\"https:\\\/\\\/gastora.eu\\\/product\\\/gn-bar-de-support-53-cm-acier-inoxydable-lavable-au-lave-vaisselle\\\/#primaryimage\"},\"thumbnailUrl\":\"https:\\\/\\\/gastora.eu\\\/wp-content\\\/uploads\\\/2026\\\/04\\\/sp-productfoto-141.jpg\",\"datePublished\":\"2026-04-25T17:46:24+00:00\",\"dateModified\":\"2026-04-28T16:56:11+00:00\",\"description\":\"Achetez GN bar de support - 53 cm - acier inoxydable - lavable au lave-vaisselle au meilleur prix, fiable et performant avec une livraison rapide\",\"breadcrumb\":{\"@id\":\"https:\\\/\\\/gastora.eu\\\/product\\\/gn-bar-de-support-53-cm-acier-inoxydable-lavable-au-lave-vaisselle\\\/#breadcrumb\"},\"inLanguage\":\"en-US\",\"potentialAction\":[{\"@type\":\"ReadAction\",\"target\":[\"https:\\\/\\\/gastora.eu\\\/product\\\/gn-bar-de-support-53-cm-acier-inoxydable-lavable-au-lave-vaisselle\\\/\"]}]},{\"@type\":\"ImageObject\",\"inLanguage\":\"en-US\",\"@id\":\"https:\\\/\\\/gastora.eu\\\/product\\\/gn-bar-de-support-53-cm-acier-inoxydable-lavable-au-lave-vaisselle\\\/#primaryimage\",\"url\":\"https:\\\/\\\/gastora.eu\\\/wp-content\\\/uploads\\\/2026\\\/04\\\/sp-productfoto-141.jpg\",\"contentUrl\":\"https:\\\/\\\/gastora.eu\\\/wp-content\\\/uploads\\\/2026\\\/04\\\/sp-productfoto-141.jpg\",\"width\":2048,\"height\":2048},{\"@type\":\"BreadcrumbList\",\"@id\":\"https:\\\/\\\/gastora.eu\\\/product\\\/gn-bar-de-support-53-cm-acier-inoxydable-lavable-au-lave-vaisselle\\\/#breadcrumb\",\"itemListElement\":[{\"@type\":\"ListItem\",\"position\":1,\"name\":\"Home\",\"item\":\"https:\\\/\\\/gastora.eu\\\/\"},{\"@type\":\"ListItem\",\"position\":2,\"name\":\"Shop\",\"item\":\"https:\\\/\\\/gastora.eu\\\/shop\\\/\"},{\"@type\":\"ListItem\",\"position\":3,\"name\":\"GN bar de support &#8211; 53 cm &#8211; acier inoxydable &#8211; lavable au lave-vaisselle\"}]},{\"@type\":\"WebSite\",\"@id\":\"https:\\\/\\\/gastora.eu\\\/#website\",\"url\":\"https:\\\/\\\/gastora.eu\\\/\",\"name\":\"Gastora\",\"description\":\"\u00c9quipements professionnels CHR\",\"publisher\":{\"@id\":\"https:\\\/\\\/gastora.eu\\\/#organization\"},\"potentialAction\":[{\"@type\":\"SearchAction\",\"target\":{\"@type\":\"EntryPoint\",\"urlTemplate\":\"https:\\\/\\\/gastora.eu\\\/?s={search_term_string}\"},\"query-input\":{\"@type\":\"PropertyValueSpecification\",\"valueRequired\":true,\"valueName\":\"search_term_string\"}}],\"inLanguage\":\"en-US\"},{\"@type\":\"Organization\",\"@id\":\"https:\\\/\\\/gastora.eu\\\/#organization\",\"name\":\"Gastora\",\"url\":\"https:\\\/\\\/gastora.eu\\\/\",\"logo\":{\"@type\":\"ImageObject\",\"inLanguage\":\"en-US\",\"@id\":\"https:\\\/\\\/gastora.eu\\\/#\\\/schema\\\/logo\\\/image\\\/\",\"url\":\"https:\\\/\\\/gastora.eu\\\/wp-content\\\/uploads\\\/2025\\\/12\\\/ChatGPT-Image-2-janv.-2026-22_52_47-1.png\",\"contentUrl\":\"https:\\\/\\\/gastora.eu\\\/wp-content\\\/uploads\\\/2025\\\/12\\\/ChatGPT-Image-2-janv.-2026-22_52_47-1.png\",\"width\":1536,\"height\":320,\"caption\":\"Gastora\"},\"image\":{\"@id\":\"https:\\\/\\\/gastora.eu\\\/#\\\/schema\\\/logo\\\/image\\\/\"}}]}<\/script>\n<!-- \/ Yoast SEO plugin. -->","yoast_head_json":{"title":"GN bar de support - 53 cm - acier inoxydable - lavable au lave-vaisselle - Gastora","description":"Achetez GN bar de support - 53 cm - acier inoxydable - lavable au lave-vaisselle au meilleur prix, fiable et performant avec une livraison rapide","robots":{"index":"index","follow":"follow","max-snippet":"max-snippet:-1","max-image-preview":"max-image-preview:large","max-video-preview":"max-video-preview:-1"},"canonical":"https:\/\/gastora.eu\/en\/product\/gn-bar-de-support-53-cm-acier-inoxydable-lavable-au-lave-vaisselle\/","og_locale":"en_US","og_type":"article","og_title":"GN bar de support - 53 cm - acier inoxydable - lavable au lave-vaisselle - Gastora","og_description":"Achetez GN bar de support - 53 cm - acier inoxydable - lavable au lave-vaisselle au meilleur prix, fiable et performant avec une livraison rapide","og_url":"https:\/\/gastora.eu\/en\/product\/gn-bar-de-support-53-cm-acier-inoxydable-lavable-au-lave-vaisselle\/","og_site_name":"Gastora","article_modified_time":"2026-04-28T16:56:11+00:00","twitter_card":"summary_large_image","twitter_misc":{"Est. reading time":"1 minute"},"schema":{"@context":"https:\/\/schema.org","@graph":[{"@type":"WebPage","@id":"https:\/\/gastora.eu\/product\/gn-bar-de-support-53-cm-acier-inoxydable-lavable-au-lave-vaisselle\/","url":"https:\/\/gastora.eu\/product\/gn-bar-de-support-53-cm-acier-inoxydable-lavable-au-lave-vaisselle\/","name":"GN bar de support - 53 cm - acier inoxydable - lavable au lave-vaisselle - Gastora","isPartOf":{"@id":"https:\/\/gastora.eu\/#website"},"primaryImageOfPage":{"@id":"https:\/\/gastora.eu\/product\/gn-bar-de-support-53-cm-acier-inoxydable-lavable-au-lave-vaisselle\/#primaryimage"},"image":{"@id":"https:\/\/gastora.eu\/product\/gn-bar-de-support-53-cm-acier-inoxydable-lavable-au-lave-vaisselle\/#primaryimage"},"thumbnailUrl":"https:\/\/gastora.eu\/wp-content\/uploads\/2026\/04\/sp-productfoto-141.jpg","datePublished":"2026-04-25T17:46:24+00:00","dateModified":"2026-04-28T16:56:11+00:00","description":"Achetez GN bar de support - 53 cm - acier inoxydable - lavable au lave-vaisselle au meilleur prix, fiable et performant avec une livraison rapide","breadcrumb":{"@id":"https:\/\/gastora.eu\/product\/gn-bar-de-support-53-cm-acier-inoxydable-lavable-au-lave-vaisselle\/#breadcrumb"},"inLanguage":"en-US","potentialAction":[{"@type":"ReadAction","target":["https:\/\/gastora.eu\/product\/gn-bar-de-support-53-cm-acier-inoxydable-lavable-au-lave-vaisselle\/"]}]},{"@type":"ImageObject","inLanguage":"en-US","@id":"https:\/\/gastora.eu\/product\/gn-bar-de-support-53-cm-acier-inoxydable-lavable-au-lave-vaisselle\/#primaryimage","url":"https:\/\/gastora.eu\/wp-content\/uploads\/2026\/04\/sp-productfoto-141.jpg","contentUrl":"https:\/\/gastora.eu\/wp-content\/uploads\/2026\/04\/sp-productfoto-141.jpg","width":2048,"height":2048},{"@type":"BreadcrumbList","@id":"https:\/\/gastora.eu\/product\/gn-bar-de-support-53-cm-acier-inoxydable-lavable-au-lave-vaisselle\/#breadcrumb","itemListElement":[{"@type":"ListItem","position":1,"name":"Home","item":"https:\/\/gastora.eu\/"},{"@type":"ListItem","position":2,"name":"Shop","item":"https:\/\/gastora.eu\/shop\/"},{"@type":"ListItem","position":3,"name":"GN bar de support &#8211; 53 cm &#8211; acier inoxydable &#8211; lavable au lave-vaisselle"}]},{"@type":"WebSite","@id":"https:\/\/gastora.eu\/#website","url":"https:\/\/gastora.eu\/","name":"Gastora","description":"\u00c9quipements professionnels CHR","publisher":{"@id":"https:\/\/gastora.eu\/#organization"},"potentialAction":[{"@type":"SearchAction","target":{"@type":"EntryPoint","urlTemplate":"https:\/\/gastora.eu\/?s={search_term_string}"},"query-input":{"@type":"PropertyValueSpecification","valueRequired":true,"valueName":"search_term_string"}}],"inLanguage":"en-US"},{"@type":"Organization","@id":"https:\/\/gastora.eu\/#organization","name":"Gastora","url":"https:\/\/gastora.eu\/","logo":{"@type":"ImageObject","inLanguage":"en-US","@id":"https:\/\/gastora.eu\/#\/schema\/logo\/image\/","url":"https:\/\/gastora.eu\/wp-content\/uploads\/2025\/12\/ChatGPT-Image-2-janv.-2026-22_52_47-1.png","contentUrl":"https:\/\/gastora.eu\/wp-content\/uploads\/2025\/12\/ChatGPT-Image-2-janv.-2026-22_52_47-1.png","width":1536,"height":320,"caption":"Gastora"},"image":{"@id":"https:\/\/gastora.eu\/#\/schema\/logo\/image\/"}}]}},"jetpack_sharing_enabled":true,"_links":{"self":[{"href":"https:\/\/gastora.eu\/en\/wp-json\/wp\/v2\/product\/14254","targetHints":{"allow":["GET"]}}],"collection":[{"href":"https:\/\/gastora.eu\/en\/wp-json\/wp\/v2\/product"}],"about":[{"href":"https:\/\/gastora.eu\/en\/wp-json\/wp\/v2\/types\/product"}],"wp:featuredmedia":[{"embeddable":true,"href":"https:\/\/gastora.eu\/en\/wp-json\/wp\/v2\/media\/7256"}],"wp:attachment":[{"href":"https:\/\/gastora.eu\/en\/wp-json\/wp\/v2\/media?parent=14254"}],"wp:term":[{"taxonomy":"product_brand","embeddable":true,"href":"https:\/\/gastora.eu\/en\/wp-json\/wp\/v2\/product_brand?post=14254"},{"taxonomy":"product_cat","embeddable":true,"href":"https:\/\/gastora.eu\/en\/wp-json\/wp\/v2\/product_cat?post=14254"},{"taxonomy":"product_tag","embeddable":true,"href":"https:\/\/gastora.eu\/en\/wp-json\/wp\/v2\/product_tag?post=14254"}],"curies":[{"name":"wp","href":"https:\/\/api.w.org\/{rel}","templated":true}]}}