{"id":14253,"date":"2026-04-25T17:46:23","date_gmt":"2026-04-25T17:46:23","guid":{"rendered":"https:\/\/gastora.eu\/?post_type=product&#038;p=14253"},"modified":"2026-04-27T08:35:36","modified_gmt":"2026-04-27T08:35:36","slug":"machine-glace-carbonique-cylindre-de-glace-carbonique-56-x-112-cm-120-secondes","status":"publish","type":"product","link":"https:\/\/gastora.eu\/en\/product\/machine-glace-carbonique-cylindre-de-glace-carbonique-56-x-112-cm-120-secondes\/","title":{"rendered":"Machine \u00e0 glace carbonique &#8211; cylindre de glace carbonique 5,6 x 11,2 cm &#8211; 120 secondes"},"content":{"rendered":"<p>Vous voulez cr\u00e9er un effet impressionnant pour vos invit\u00e9s ? Si vous souhaitez servir un plat ou un cocktail avec style, vous pouvez utiliser une machine \u00e0 glace carbonique. Avec cette machine \u00e0 glace s\u00e8che professionnelle, vous pouvez cr\u00e9er de beaux effets et garder vos aliments au frais en m\u00eame temps. Elle est id\u00e9ale pour les \u00e9v\u00e9nements o\u00f9 l&#8217;\u00e9lectricit\u00e9 est limit\u00e9e ou pour refroidir les p\u00e2tes et les produits carn\u00e9s. L&#8217;utilisation d&#8217;une machine \u00e0 glace carbonique vous permet de cr\u00e9er de la glace carbonique rapidement et en toute s\u00e9curit\u00e9.<\/p>\n<h3>Con\u00e7ue pour la s\u00e9curit\u00e9 et la simplicit\u00e9<\/h3>\n<p>La construction robuste de cette machine \u00e0 glace carbonique en acier inoxydable lui permet de durer longtemps et de r\u00e9sister \u00e0 une utilisation intensive. Son design compact et arrondi s&#8217;adapte \u00e0 tous les lieux et se transporte facilement dans sa mallette de transport pratique. Cet appareil est \u00e9galement tr\u00e8s facile \u00e0 utiliser. Les boutons sont \u00e9tanches et fabriqu\u00e9s en acier inoxydable. D&#8217;une simple pression, la machine \u00e0 glace s\u00e8che d\u00e9marre et s&#8217;arr\u00eate automatiquement. Cette machine \u00e0 glace s\u00e8che a un rendement tr\u00e8s \u00e9lev\u00e9 de pr\u00e8s de 20 % (185 g de glace s\u00e8che \u00e0 partir de 950 g de CO\u00b2). Vous pouvez facilement raccorder la machine \u00e0 glace s\u00e8che au dioxyde de carbone liquide.<\/p>\n<h3>Travaillez toujours avec des gants de s\u00e9curit\u00e9<\/h3>\n<p>Lors de la livraison, vous recevrez un tuyau de gaz de 1,5 m de long, des bagues d&#8217;\u00e9tanch\u00e9it\u00e9 suppl\u00e9mentaires et des gants pour travailler en toute s\u00e9curit\u00e9. La machine \u00e0 glace carbonique peut \u00eatre plac\u00e9e sur une table, un comptoir ou sous le comptoir. Il est \u00e9galement possible de la fixer \u00e0 l&#8217;aide de vis. Pour plus de stabilit\u00e9, la machine repose sur quatre pieds en caoutchouc. Elle peut \u00e9galement \u00eatre nettoy\u00e9e tr\u00e8s rapidement. Ne touchez pas la machine \u00e0 glace s\u00e8che ou le tube \u00e0 glace s\u00e8che lorsqu&#8217;elle est utilis\u00e9e. Ne consommez pas la glace s\u00e8che et ne la touchez pas sans gants de s\u00e9curit\u00e9. Le brouillard qui s&#8217;\u00e9chappe de la machine n&#8217;est pas dangereux. Il est pr\u00e9f\u00e9rable de conserver la glace s\u00e8che dans une bo\u00eete en polystyr\u00e8ne isol\u00e9e au cong\u00e9lateur.<\/p>\n<p><strong>Caract\u00e9ristiques<\/strong><\/p>\n<ul>\n<li>Facile \u00e0 nettoyer<\/li>\n<li>Peut \u00e9galement \u00eatre mont\u00e9 avec des vis<\/li>\n<li>Boutons \u00e9tanches<\/li>\n<li>Production en quelques secondes<\/li>\n<li>Livr\u00e9 avec plusieurs voyants lumineux<\/li>\n<\/ul>\n<p><strong>Caract\u00e9ristiques du produit<\/strong><\/p>\n<ul>\n<li>Poids net : 5kg<\/li>\n<li>Dimensions : 19,8 x 19,8 x 22,4 cm L19,8 x P19,8 x H22,4cm<\/li>\n<li>Rendement de production : 185g de glace s\u00e8che en 120 secondes<\/li>\n<li>Dimensions du cylindre : 5,6 x 11,2cm<\/li>\n<li>Conduite de gaz : 1,5m<\/li>\n<li>230V \/ 50Hz \/ 1 Phase 36W<\/li>\n<\/ul>\n<p><em>Inclus<\/em><\/p>\n<ul>\n<li>Gants<\/li>\n<li>Mallette de transport<\/li>\n<li>Adaptateur<\/li>\n<li>Anneaux d&#8217;\u00e9tanch\u00e9it\u00e9 suppl\u00e9mentaires<\/li>\n<li>Tuyau de gaz de 1,5 m<\/li>\n<\/ul>\n<p><strong>Conseil :<\/strong> utilisez une bouteille de dioxyde de carbone CO\u00b2 avec une colonne montante.<\/p>\n<p><strong>A noter :<\/strong><\/p>\n<ul>\n<li>Portez toujours des gants lorsque vous utilisez de la glace s\u00e8che<\/li>\n<li>Ne pas toucher le tube de glace carbonique pendant la production<\/li>\n<li>Garder une distance suffisante lorsque l&#8217;appareil est en marche<\/li>\n<li>Ne jamais consommer de glace carbonique ou la toucher sans gants de s\u00e9curit\u00e9<\/li>\n<li>La machine \u00e9met du brouillard pendant la production, ce qui n&#8217;est pas dangereux<\/li>\n<\/ul>","protected":false},"excerpt":{"rendered":"<p>Cette machine \u00e0 glace s\u00e8che professionnelle vous permet de produire rapidement autant de glace s\u00e8che que vous le souhaitez. Elle est tr\u00e8s facile \u00e0 utiliser &#8211; il suffit de la raccorder \u00e0 du dioxyde de carbone liquide. Vous recevrez des gants de s\u00e9curit\u00e9 et une mallette de transport pratique \u00e0 l&#8217;achat de cette machine \u00e0 glace carbonique.<\/p>","protected":false},"featured_media":7254,"template":"","meta":{"_acf_changed":false},"product_brand":[],"product_cat":[491],"product_tag":[],"class_list":{"0":"post-14253","1":"product","2":"type-product","3":"status-publish","4":"has-post-thumbnail","6":"product_cat-machines-a-glacons-2","8":"first","9":"instock","10":"sale","11":"taxable","12":"shipping-taxable","13":"purchasable","14":"product-type-simple"},"acf":[],"yoast_head":"<!-- This site is optimized with the Yoast SEO plugin v27.4 - https:\/\/yoast.com\/product\/yoast-seo-wordpress\/ -->\n<title>Machine \u00e0 glace carbonique - cylindre de glace carbonique 5,6 x 11,2 cm - 120 secondes - Gastora<\/title>\n<meta name=\"description\" content=\"Achetez Machine \u00e0 glace carbonique - cylindre de glace carbonique 5,6 x 11,2 cm - 120 secondes au meilleur prix, fiable et performant avec une livraison rapide\" \/>\n<meta name=\"robots\" content=\"index, follow, max-snippet:-1, max-image-preview:large, max-video-preview:-1\" \/>\n<link rel=\"canonical\" href=\"https:\/\/gastora.eu\/en\/product\/machine-glace-carbonique-cylindre-de-glace-carbonique-56-x-112-cm-120-secondes\/\" \/>\n<meta property=\"og:locale\" content=\"en_US\" \/>\n<meta property=\"og:type\" content=\"article\" \/>\n<meta property=\"og:title\" content=\"Machine \u00e0 glace carbonique - cylindre de glace carbonique 5,6 x 11,2 cm - 120 secondes - Gastora\" \/>\n<meta property=\"og:description\" content=\"Achetez Machine \u00e0 glace carbonique - cylindre de glace carbonique 5,6 x 11,2 cm - 120 secondes au meilleur prix, fiable et performant avec une livraison rapide\" \/>\n<meta property=\"og:url\" content=\"https:\/\/gastora.eu\/en\/product\/machine-glace-carbonique-cylindre-de-glace-carbonique-56-x-112-cm-120-secondes\/\" \/>\n<meta property=\"og:site_name\" content=\"Gastora\" \/>\n<meta property=\"article:modified_time\" content=\"2026-04-27T08:35:36+00:00\" \/>\n<meta name=\"twitter:card\" content=\"summary_large_image\" \/>\n<meta name=\"twitter:label1\" content=\"Est. reading time\" \/>\n\t<meta name=\"twitter:data1\" content=\"3 minutes\" \/>\n<script type=\"application\/ld+json\" class=\"yoast-schema-graph\">{\"@context\":\"https:\\\/\\\/schema.org\",\"@graph\":[{\"@type\":\"WebPage\",\"@id\":\"https:\\\/\\\/gastora.eu\\\/product\\\/machine-glace-carbonique-cylindre-de-glace-carbonique-56-x-112-cm-120-secondes\\\/\",\"url\":\"https:\\\/\\\/gastora.eu\\\/product\\\/machine-glace-carbonique-cylindre-de-glace-carbonique-56-x-112-cm-120-secondes\\\/\",\"name\":\"Machine \u00e0 glace carbonique - cylindre de glace carbonique 5,6 x 11,2 cm - 120 secondes - Gastora\",\"isPartOf\":{\"@id\":\"https:\\\/\\\/gastora.eu\\\/#website\"},\"primaryImageOfPage\":{\"@id\":\"https:\\\/\\\/gastora.eu\\\/product\\\/machine-glace-carbonique-cylindre-de-glace-carbonique-56-x-112-cm-120-secondes\\\/#primaryimage\"},\"image\":{\"@id\":\"https:\\\/\\\/gastora.eu\\\/product\\\/machine-glace-carbonique-cylindre-de-glace-carbonique-56-x-112-cm-120-secondes\\\/#primaryimage\"},\"thumbnailUrl\":\"https:\\\/\\\/gastora.eu\\\/wp-content\\\/uploads\\\/2026\\\/04\\\/250729_09403100_img_002.jpg\",\"datePublished\":\"2026-04-25T17:46:23+00:00\",\"dateModified\":\"2026-04-27T08:35:36+00:00\",\"description\":\"Achetez Machine \u00e0 glace carbonique - cylindre de glace carbonique 5,6 x 11,2 cm - 120 secondes au meilleur prix, fiable et performant avec une livraison rapide\",\"breadcrumb\":{\"@id\":\"https:\\\/\\\/gastora.eu\\\/product\\\/machine-glace-carbonique-cylindre-de-glace-carbonique-56-x-112-cm-120-secondes\\\/#breadcrumb\"},\"inLanguage\":\"en-US\",\"potentialAction\":[{\"@type\":\"ReadAction\",\"target\":[\"https:\\\/\\\/gastora.eu\\\/product\\\/machine-glace-carbonique-cylindre-de-glace-carbonique-56-x-112-cm-120-secondes\\\/\"]}]},{\"@type\":\"ImageObject\",\"inLanguage\":\"en-US\",\"@id\":\"https:\\\/\\\/gastora.eu\\\/product\\\/machine-glace-carbonique-cylindre-de-glace-carbonique-56-x-112-cm-120-secondes\\\/#primaryimage\",\"url\":\"https:\\\/\\\/gastora.eu\\\/wp-content\\\/uploads\\\/2026\\\/04\\\/250729_09403100_img_002.jpg\",\"contentUrl\":\"https:\\\/\\\/gastora.eu\\\/wp-content\\\/uploads\\\/2026\\\/04\\\/250729_09403100_img_002.jpg\",\"width\":1200,\"height\":1200},{\"@type\":\"BreadcrumbList\",\"@id\":\"https:\\\/\\\/gastora.eu\\\/product\\\/machine-glace-carbonique-cylindre-de-glace-carbonique-56-x-112-cm-120-secondes\\\/#breadcrumb\",\"itemListElement\":[{\"@type\":\"ListItem\",\"position\":1,\"name\":\"Home\",\"item\":\"https:\\\/\\\/gastora.eu\\\/\"},{\"@type\":\"ListItem\",\"position\":2,\"name\":\"Shop\",\"item\":\"https:\\\/\\\/gastora.eu\\\/shop\\\/\"},{\"@type\":\"ListItem\",\"position\":3,\"name\":\"Machine \u00e0 glace carbonique &#8211; cylindre de glace carbonique 5,6 x 11,2 cm &#8211; 120 secondes\"}]},{\"@type\":\"WebSite\",\"@id\":\"https:\\\/\\\/gastora.eu\\\/#website\",\"url\":\"https:\\\/\\\/gastora.eu\\\/\",\"name\":\"Gastora\",\"description\":\"\u00c9quipements professionnels CHR\",\"publisher\":{\"@id\":\"https:\\\/\\\/gastora.eu\\\/#organization\"},\"potentialAction\":[{\"@type\":\"SearchAction\",\"target\":{\"@type\":\"EntryPoint\",\"urlTemplate\":\"https:\\\/\\\/gastora.eu\\\/?s={search_term_string}\"},\"query-input\":{\"@type\":\"PropertyValueSpecification\",\"valueRequired\":true,\"valueName\":\"search_term_string\"}}],\"inLanguage\":\"en-US\"},{\"@type\":\"Organization\",\"@id\":\"https:\\\/\\\/gastora.eu\\\/#organization\",\"name\":\"Gastora\",\"url\":\"https:\\\/\\\/gastora.eu\\\/\",\"logo\":{\"@type\":\"ImageObject\",\"inLanguage\":\"en-US\",\"@id\":\"https:\\\/\\\/gastora.eu\\\/#\\\/schema\\\/logo\\\/image\\\/\",\"url\":\"https:\\\/\\\/gastora.eu\\\/wp-content\\\/uploads\\\/2025\\\/12\\\/ChatGPT-Image-2-janv.-2026-22_52_47-1.png\",\"contentUrl\":\"https:\\\/\\\/gastora.eu\\\/wp-content\\\/uploads\\\/2025\\\/12\\\/ChatGPT-Image-2-janv.-2026-22_52_47-1.png\",\"width\":1536,\"height\":320,\"caption\":\"Gastora\"},\"image\":{\"@id\":\"https:\\\/\\\/gastora.eu\\\/#\\\/schema\\\/logo\\\/image\\\/\"}}]}<\/script>\n<!-- \/ Yoast SEO plugin. -->","yoast_head_json":{"title":"Machine \u00e0 glace carbonique - cylindre de glace carbonique 5,6 x 11,2 cm - 120 secondes - Gastora","description":"Achetez Machine \u00e0 glace carbonique - cylindre de glace carbonique 5,6 x 11,2 cm - 120 secondes au meilleur prix, fiable et performant avec une livraison rapide","robots":{"index":"index","follow":"follow","max-snippet":"max-snippet:-1","max-image-preview":"max-image-preview:large","max-video-preview":"max-video-preview:-1"},"canonical":"https:\/\/gastora.eu\/en\/product\/machine-glace-carbonique-cylindre-de-glace-carbonique-56-x-112-cm-120-secondes\/","og_locale":"en_US","og_type":"article","og_title":"Machine \u00e0 glace carbonique - cylindre de glace carbonique 5,6 x 11,2 cm - 120 secondes - Gastora","og_description":"Achetez Machine \u00e0 glace carbonique - cylindre de glace carbonique 5,6 x 11,2 cm - 120 secondes au meilleur prix, fiable et performant avec une livraison rapide","og_url":"https:\/\/gastora.eu\/en\/product\/machine-glace-carbonique-cylindre-de-glace-carbonique-56-x-112-cm-120-secondes\/","og_site_name":"Gastora","article_modified_time":"2026-04-27T08:35:36+00:00","twitter_card":"summary_large_image","twitter_misc":{"Est. reading time":"3 minutes"},"schema":{"@context":"https:\/\/schema.org","@graph":[{"@type":"WebPage","@id":"https:\/\/gastora.eu\/product\/machine-glace-carbonique-cylindre-de-glace-carbonique-56-x-112-cm-120-secondes\/","url":"https:\/\/gastora.eu\/product\/machine-glace-carbonique-cylindre-de-glace-carbonique-56-x-112-cm-120-secondes\/","name":"Machine \u00e0 glace carbonique - cylindre de glace carbonique 5,6 x 11,2 cm - 120 secondes - Gastora","isPartOf":{"@id":"https:\/\/gastora.eu\/#website"},"primaryImageOfPage":{"@id":"https:\/\/gastora.eu\/product\/machine-glace-carbonique-cylindre-de-glace-carbonique-56-x-112-cm-120-secondes\/#primaryimage"},"image":{"@id":"https:\/\/gastora.eu\/product\/machine-glace-carbonique-cylindre-de-glace-carbonique-56-x-112-cm-120-secondes\/#primaryimage"},"thumbnailUrl":"https:\/\/gastora.eu\/wp-content\/uploads\/2026\/04\/250729_09403100_img_002.jpg","datePublished":"2026-04-25T17:46:23+00:00","dateModified":"2026-04-27T08:35:36+00:00","description":"Achetez Machine \u00e0 glace carbonique - cylindre de glace carbonique 5,6 x 11,2 cm - 120 secondes au meilleur prix, fiable et performant avec une livraison rapide","breadcrumb":{"@id":"https:\/\/gastora.eu\/product\/machine-glace-carbonique-cylindre-de-glace-carbonique-56-x-112-cm-120-secondes\/#breadcrumb"},"inLanguage":"en-US","potentialAction":[{"@type":"ReadAction","target":["https:\/\/gastora.eu\/product\/machine-glace-carbonique-cylindre-de-glace-carbonique-56-x-112-cm-120-secondes\/"]}]},{"@type":"ImageObject","inLanguage":"en-US","@id":"https:\/\/gastora.eu\/product\/machine-glace-carbonique-cylindre-de-glace-carbonique-56-x-112-cm-120-secondes\/#primaryimage","url":"https:\/\/gastora.eu\/wp-content\/uploads\/2026\/04\/250729_09403100_img_002.jpg","contentUrl":"https:\/\/gastora.eu\/wp-content\/uploads\/2026\/04\/250729_09403100_img_002.jpg","width":1200,"height":1200},{"@type":"BreadcrumbList","@id":"https:\/\/gastora.eu\/product\/machine-glace-carbonique-cylindre-de-glace-carbonique-56-x-112-cm-120-secondes\/#breadcrumb","itemListElement":[{"@type":"ListItem","position":1,"name":"Home","item":"https:\/\/gastora.eu\/"},{"@type":"ListItem","position":2,"name":"Shop","item":"https:\/\/gastora.eu\/shop\/"},{"@type":"ListItem","position":3,"name":"Machine \u00e0 glace carbonique &#8211; cylindre de glace carbonique 5,6 x 11,2 cm &#8211; 120 secondes"}]},{"@type":"WebSite","@id":"https:\/\/gastora.eu\/#website","url":"https:\/\/gastora.eu\/","name":"Gastora","description":"\u00c9quipements professionnels CHR","publisher":{"@id":"https:\/\/gastora.eu\/#organization"},"potentialAction":[{"@type":"SearchAction","target":{"@type":"EntryPoint","urlTemplate":"https:\/\/gastora.eu\/?s={search_term_string}"},"query-input":{"@type":"PropertyValueSpecification","valueRequired":true,"valueName":"search_term_string"}}],"inLanguage":"en-US"},{"@type":"Organization","@id":"https:\/\/gastora.eu\/#organization","name":"Gastora","url":"https:\/\/gastora.eu\/","logo":{"@type":"ImageObject","inLanguage":"en-US","@id":"https:\/\/gastora.eu\/#\/schema\/logo\/image\/","url":"https:\/\/gastora.eu\/wp-content\/uploads\/2025\/12\/ChatGPT-Image-2-janv.-2026-22_52_47-1.png","contentUrl":"https:\/\/gastora.eu\/wp-content\/uploads\/2025\/12\/ChatGPT-Image-2-janv.-2026-22_52_47-1.png","width":1536,"height":320,"caption":"Gastora"},"image":{"@id":"https:\/\/gastora.eu\/#\/schema\/logo\/image\/"}}]}},"jetpack_sharing_enabled":true,"_links":{"self":[{"href":"https:\/\/gastora.eu\/en\/wp-json\/wp\/v2\/product\/14253","targetHints":{"allow":["GET"]}}],"collection":[{"href":"https:\/\/gastora.eu\/en\/wp-json\/wp\/v2\/product"}],"about":[{"href":"https:\/\/gastora.eu\/en\/wp-json\/wp\/v2\/types\/product"}],"wp:featuredmedia":[{"embeddable":true,"href":"https:\/\/gastora.eu\/en\/wp-json\/wp\/v2\/media\/7254"}],"wp:attachment":[{"href":"https:\/\/gastora.eu\/en\/wp-json\/wp\/v2\/media?parent=14253"}],"wp:term":[{"taxonomy":"product_brand","embeddable":true,"href":"https:\/\/gastora.eu\/en\/wp-json\/wp\/v2\/product_brand?post=14253"},{"taxonomy":"product_cat","embeddable":true,"href":"https:\/\/gastora.eu\/en\/wp-json\/wp\/v2\/product_cat?post=14253"},{"taxonomy":"product_tag","embeddable":true,"href":"https:\/\/gastora.eu\/en\/wp-json\/wp\/v2\/product_tag?post=14253"}],"curies":[{"name":"wp","href":"https:\/\/api.w.org\/{rel}","templated":true}]}}