{"id":14246,"date":"2026-04-25T17:46:14","date_gmt":"2026-04-25T17:46:14","guid":{"rendered":"https:\/\/gastora.eu\/?post_type=product&#038;p=14246"},"modified":"2026-04-26T08:35:11","modified_gmt":"2026-04-26T08:35:11","slug":"couteau-de-kebab-0-8-mm-dpaisseur-lectrique-lame-de-rechange-et-le-taille-creux-de-rechange","status":"publish","type":"product","link":"https:\/\/gastora.eu\/en\/product\/couteau-de-kebab-0-8-mm-dpaisseur-lectrique-lame-de-rechange-et-le-taille-creux-de-rechange\/","title":{"rendered":"Couteau de kebab &#8211; 0-8 mm d&#8217;\u00e9paisseur &#8211; \u00e9lectrique &#8211; lame de rechange et le taille-creux de rechange"},"content":{"rendered":"<p>Les sandwichs kebab ou les plats shawarma les plus d\u00e9licieux sont servis avec de la viande bien coup\u00e9e. Ce couteau \u00e0 kebab professionnel coupe en douceur tous les types de viande. Il est id\u00e9al pour un usage quotidien intensif dans les cuisines de restauration pour la d\u00e9coupe de d\u00f6ner kebab, de shawarma et de gyros. La lame en acier inoxydable a un diam\u00e8tre de 10 cm et peut fonctionner jusqu&#8217;\u00e0 2600 tours\/minute, ce qui vous permet de couper facilement 60 kg de viande par heure. Le couteau \u00e0 kebab est livr\u00e9 avec une lame suppl\u00e9mentaire. Vous recevrez \u00e9galement une pierre \u00e0 aiguiser pratique pour aiguiser r\u00e9guli\u00e8rement le couteau.<\/p>\n<h3>\u00c9quip\u00e9 d&#8217;un cordon extra-long<\/h3>\n<p>Que vous souhaitiez des tranches de viande fines ou plus \u00e9paisses, il vous suffit de r\u00e9gler l&#8217;\u00e9paisseur de coupe de 0 \u00e0 8 mm. Lorsque l&#8217;on travaille dans la cuisine avec des appareils de cuisine, en particulier des trancheurs, la s\u00e9curit\u00e9 est tr\u00e8s importante. Le couteau est prot\u00e9g\u00e9 par une grille en acier inoxydable. En outre, le couteau est dot\u00e9 d&#8217;une poign\u00e9e antid\u00e9rapante afin qu&#8217;il ne puisse pas glisser accidentellement de votre main. En outre, le couteau est prot\u00e9g\u00e9 contre les surcharges et s&#8217;\u00e9teint automatiquement. Ce couteau \u00e0 kebab professionnel est \u00e9quip\u00e9 d&#8217;un cordon extra-long de 3 m\u00e8tres, ce qui vous laisse toute latitude pour vous d\u00e9placer sur le gril \u00e0 d\u00f6ner kebab.<\/p>\n<h3>Facile \u00e0 nettoyer<\/h3>\n<p>Tout comme le gril \u00e0 d\u00f6ner kebab, le couteau \u00e0 d\u00f6ner kebab \u00e9lectrique doit \u00eatre nettoy\u00e9 soigneusement apr\u00e8s chaque utilisation, avant de couper de la nouvelle viande. Le nettoyage du couteau \u00e0 kebab est tr\u00e8s simple. D\u00e9branchez le couteau \u00e0 kebab et retirez les parties qui entrent en contact avec la viande. Utilisez un d\u00e9tergent doux, de l&#8217;eau chaude et un chiffon doux pour nettoyer les pi\u00e8ces. La poign\u00e9e et les autres parties sont \u00e9galement faciles \u00e0 nettoyer, gr\u00e2ce \u00e0 leurs surfaces lisses.<\/p>\n<p><strong>Caract\u00e9ristiques<\/strong><\/p>\n<ul>\n<li>Bo\u00eetier en plastique avec poign\u00e9e antid\u00e9rapante<\/li>\n<li>\u00c9paisseur de coupe facilement r\u00e9glable de 0 \u00e0 8 mm<\/li>\n<li>Bouton marche et arr\u00eat bien prot\u00e9g\u00e9<\/li>\n<li>Campagne de protection en acier inoxydable sur le couteau<\/li>\n<li>Prot\u00e9g\u00e9 contre les surcharges<\/li>\n<li>\u00c9quip\u00e9 d&#8217;un bouton de r\u00e9initialisation<\/li>\n<\/ul>\n<p><strong>Caract\u00e9ristiques du produit<\/strong><\/p>\n<ul>\n<li>Poids net : 1,4 kg<\/li>\n<li>Capacit\u00e9 de production : 60kg\/h<\/li>\n<li>Dimensions : B15 x P11 x H19cm B15 x D11 x H19cm<\/li>\n<li>Diam\u00e8tre du couteau : 10cm<\/li>\n<li>Vitesse de rotation : 2600RPM<\/li>\n<li>230V\/50Hz\/1Phase 80W<\/li>\n<\/ul>\n<p><em>Inclus dans le prix<\/em><\/p>\n<ul>\n<li><em>Une lame de rechange<\/em><\/li>\n<li><em>Pierre \u00e0 aiguiser pratique<\/em><\/li>\n<\/ul>","protected":false},"excerpt":{"rendered":"<p>Ce couteau \u00e0 kebab \u00e9lectrique est id\u00e9al pour une utilisation quotidienne intensive dans les cuisines de restauration. D&#8217;un diam\u00e8tre de 10 cm, le couteau tourne \u00e0 une vitesse maximale de 2600 tours\/minute et coupe facilement les kebabs, les shawarma et les gyros. Vous pouvez r\u00e9gler l&#8217;\u00e9paisseur de coupe de 0 \u00e0 8 mm. Parfait pour les cuisines professionnelles.<\/p>","protected":false},"featured_media":7242,"template":"","meta":{"_acf_changed":false},"product_brand":[],"product_cat":[470],"product_tag":[],"class_list":{"0":"post-14246","1":"product","2":"type-product","3":"status-publish","4":"has-post-thumbnail","6":"product_cat-grills-planchas-2","8":"first","9":"instock","10":"sale","11":"taxable","12":"shipping-taxable","13":"purchasable","14":"product-type-simple"},"acf":[],"yoast_head":"<!-- This site is optimized with the Yoast SEO plugin v27.4 - https:\/\/yoast.com\/product\/yoast-seo-wordpress\/ -->\n<title>Couteau de kebab - 0-8 mm d&#039;\u00e9paisseur - \u00e9lectrique - lame de rechange et le taille-creux de rechange - Gastora<\/title>\n<meta name=\"description\" content=\"Achetez Couteau de kebab - 0-8 mm d&#039;\u00e9paisseur - \u00e9lectrique - lame de rechange et le taille-creux de rechange au meilleur prix, fiable et performant avec une livraison rapide\" \/>\n<meta name=\"robots\" content=\"index, follow, max-snippet:-1, max-image-preview:large, max-video-preview:-1\" \/>\n<link rel=\"canonical\" href=\"https:\/\/gastora.eu\/en\/product\/couteau-de-kebab-0-8-mm-dpaisseur-lectrique-lame-de-rechange-et-le-taille-creux-de-rechange\/\" \/>\n<meta property=\"og:locale\" content=\"en_US\" \/>\n<meta property=\"og:type\" content=\"article\" \/>\n<meta property=\"og:title\" content=\"Couteau de kebab - 0-8 mm d&#039;\u00e9paisseur - \u00e9lectrique - lame de rechange et le taille-creux de rechange - Gastora\" \/>\n<meta property=\"og:description\" content=\"Achetez Couteau de kebab - 0-8 mm d&#039;\u00e9paisseur - \u00e9lectrique - lame de rechange et le taille-creux de rechange au meilleur prix, fiable et performant avec une livraison rapide\" \/>\n<meta property=\"og:url\" content=\"https:\/\/gastora.eu\/en\/product\/couteau-de-kebab-0-8-mm-dpaisseur-lectrique-lame-de-rechange-et-le-taille-creux-de-rechange\/\" \/>\n<meta property=\"og:site_name\" content=\"Gastora\" \/>\n<meta property=\"article:modified_time\" content=\"2026-04-26T08:35:11+00:00\" \/>\n<meta name=\"twitter:card\" content=\"summary_large_image\" \/>\n<meta name=\"twitter:label1\" content=\"Est. reading time\" \/>\n\t<meta name=\"twitter:data1\" content=\"2 minutes\" \/>\n<script type=\"application\/ld+json\" class=\"yoast-schema-graph\">{\"@context\":\"https:\\\/\\\/schema.org\",\"@graph\":[{\"@type\":\"WebPage\",\"@id\":\"https:\\\/\\\/gastora.eu\\\/product\\\/couteau-de-kebab-0-8-mm-dpaisseur-lectrique-lame-de-rechange-et-le-taille-creux-de-rechange\\\/\",\"url\":\"https:\\\/\\\/gastora.eu\\\/product\\\/couteau-de-kebab-0-8-mm-dpaisseur-lectrique-lame-de-rechange-et-le-taille-creux-de-rechange\\\/\",\"name\":\"Couteau de kebab - 0-8 mm d'\u00e9paisseur - \u00e9lectrique - lame de rechange et le taille-creux de rechange - Gastora\",\"isPartOf\":{\"@id\":\"https:\\\/\\\/gastora.eu\\\/#website\"},\"primaryImageOfPage\":{\"@id\":\"https:\\\/\\\/gastora.eu\\\/product\\\/couteau-de-kebab-0-8-mm-dpaisseur-lectrique-lame-de-rechange-et-le-taille-creux-de-rechange\\\/#primaryimage\"},\"image\":{\"@id\":\"https:\\\/\\\/gastora.eu\\\/product\\\/couteau-de-kebab-0-8-mm-dpaisseur-lectrique-lame-de-rechange-et-le-taille-creux-de-rechange\\\/#primaryimage\"},\"thumbnailUrl\":\"https:\\\/\\\/gastora.eu\\\/wp-content\\\/uploads\\\/2026\\\/04\\\/sp-002-61656ec9ac213.jpg\",\"datePublished\":\"2026-04-25T17:46:14+00:00\",\"dateModified\":\"2026-04-26T08:35:11+00:00\",\"description\":\"Achetez Couteau de kebab - 0-8 mm d'\u00e9paisseur - \u00e9lectrique - lame de rechange et le taille-creux de rechange au meilleur prix, fiable et performant avec une livraison rapide\",\"breadcrumb\":{\"@id\":\"https:\\\/\\\/gastora.eu\\\/product\\\/couteau-de-kebab-0-8-mm-dpaisseur-lectrique-lame-de-rechange-et-le-taille-creux-de-rechange\\\/#breadcrumb\"},\"inLanguage\":\"en-US\",\"potentialAction\":[{\"@type\":\"ReadAction\",\"target\":[\"https:\\\/\\\/gastora.eu\\\/product\\\/couteau-de-kebab-0-8-mm-dpaisseur-lectrique-lame-de-rechange-et-le-taille-creux-de-rechange\\\/\"]}]},{\"@type\":\"ImageObject\",\"inLanguage\":\"en-US\",\"@id\":\"https:\\\/\\\/gastora.eu\\\/product\\\/couteau-de-kebab-0-8-mm-dpaisseur-lectrique-lame-de-rechange-et-le-taille-creux-de-rechange\\\/#primaryimage\",\"url\":\"https:\\\/\\\/gastora.eu\\\/wp-content\\\/uploads\\\/2026\\\/04\\\/sp-002-61656ec9ac213.jpg\",\"contentUrl\":\"https:\\\/\\\/gastora.eu\\\/wp-content\\\/uploads\\\/2026\\\/04\\\/sp-002-61656ec9ac213.jpg\",\"width\":2048,\"height\":2048},{\"@type\":\"BreadcrumbList\",\"@id\":\"https:\\\/\\\/gastora.eu\\\/product\\\/couteau-de-kebab-0-8-mm-dpaisseur-lectrique-lame-de-rechange-et-le-taille-creux-de-rechange\\\/#breadcrumb\",\"itemListElement\":[{\"@type\":\"ListItem\",\"position\":1,\"name\":\"Home\",\"item\":\"https:\\\/\\\/gastora.eu\\\/\"},{\"@type\":\"ListItem\",\"position\":2,\"name\":\"Shop\",\"item\":\"https:\\\/\\\/gastora.eu\\\/shop\\\/\"},{\"@type\":\"ListItem\",\"position\":3,\"name\":\"Couteau de kebab &#8211; 0-8 mm d&#8217;\u00e9paisseur &#8211; \u00e9lectrique &#8211; lame de rechange et le taille-creux de rechange\"}]},{\"@type\":\"WebSite\",\"@id\":\"https:\\\/\\\/gastora.eu\\\/#website\",\"url\":\"https:\\\/\\\/gastora.eu\\\/\",\"name\":\"Gastora\",\"description\":\"\u00c9quipements professionnels CHR\",\"publisher\":{\"@id\":\"https:\\\/\\\/gastora.eu\\\/#organization\"},\"potentialAction\":[{\"@type\":\"SearchAction\",\"target\":{\"@type\":\"EntryPoint\",\"urlTemplate\":\"https:\\\/\\\/gastora.eu\\\/?s={search_term_string}\"},\"query-input\":{\"@type\":\"PropertyValueSpecification\",\"valueRequired\":true,\"valueName\":\"search_term_string\"}}],\"inLanguage\":\"en-US\"},{\"@type\":\"Organization\",\"@id\":\"https:\\\/\\\/gastora.eu\\\/#organization\",\"name\":\"Gastora\",\"url\":\"https:\\\/\\\/gastora.eu\\\/\",\"logo\":{\"@type\":\"ImageObject\",\"inLanguage\":\"en-US\",\"@id\":\"https:\\\/\\\/gastora.eu\\\/#\\\/schema\\\/logo\\\/image\\\/\",\"url\":\"https:\\\/\\\/gastora.eu\\\/wp-content\\\/uploads\\\/2025\\\/12\\\/ChatGPT-Image-2-janv.-2026-22_52_47-1.png\",\"contentUrl\":\"https:\\\/\\\/gastora.eu\\\/wp-content\\\/uploads\\\/2025\\\/12\\\/ChatGPT-Image-2-janv.-2026-22_52_47-1.png\",\"width\":1536,\"height\":320,\"caption\":\"Gastora\"},\"image\":{\"@id\":\"https:\\\/\\\/gastora.eu\\\/#\\\/schema\\\/logo\\\/image\\\/\"}}]}<\/script>\n<!-- \/ Yoast SEO plugin. -->","yoast_head_json":{"title":"Couteau de kebab - 0-8 mm d'\u00e9paisseur - \u00e9lectrique - lame de rechange et le taille-creux de rechange - Gastora","description":"Achetez Couteau de kebab - 0-8 mm d'\u00e9paisseur - \u00e9lectrique - lame de rechange et le taille-creux de rechange au meilleur prix, fiable et performant avec une livraison rapide","robots":{"index":"index","follow":"follow","max-snippet":"max-snippet:-1","max-image-preview":"max-image-preview:large","max-video-preview":"max-video-preview:-1"},"canonical":"https:\/\/gastora.eu\/en\/product\/couteau-de-kebab-0-8-mm-dpaisseur-lectrique-lame-de-rechange-et-le-taille-creux-de-rechange\/","og_locale":"en_US","og_type":"article","og_title":"Couteau de kebab - 0-8 mm d'\u00e9paisseur - \u00e9lectrique - lame de rechange et le taille-creux de rechange - Gastora","og_description":"Achetez Couteau de kebab - 0-8 mm d'\u00e9paisseur - \u00e9lectrique - lame de rechange et le taille-creux de rechange au meilleur prix, fiable et performant avec une livraison rapide","og_url":"https:\/\/gastora.eu\/en\/product\/couteau-de-kebab-0-8-mm-dpaisseur-lectrique-lame-de-rechange-et-le-taille-creux-de-rechange\/","og_site_name":"Gastora","article_modified_time":"2026-04-26T08:35:11+00:00","twitter_card":"summary_large_image","twitter_misc":{"Est. reading time":"2 minutes"},"schema":{"@context":"https:\/\/schema.org","@graph":[{"@type":"WebPage","@id":"https:\/\/gastora.eu\/product\/couteau-de-kebab-0-8-mm-dpaisseur-lectrique-lame-de-rechange-et-le-taille-creux-de-rechange\/","url":"https:\/\/gastora.eu\/product\/couteau-de-kebab-0-8-mm-dpaisseur-lectrique-lame-de-rechange-et-le-taille-creux-de-rechange\/","name":"Couteau de kebab - 0-8 mm d'\u00e9paisseur - \u00e9lectrique - lame de rechange et le taille-creux de rechange - Gastora","isPartOf":{"@id":"https:\/\/gastora.eu\/#website"},"primaryImageOfPage":{"@id":"https:\/\/gastora.eu\/product\/couteau-de-kebab-0-8-mm-dpaisseur-lectrique-lame-de-rechange-et-le-taille-creux-de-rechange\/#primaryimage"},"image":{"@id":"https:\/\/gastora.eu\/product\/couteau-de-kebab-0-8-mm-dpaisseur-lectrique-lame-de-rechange-et-le-taille-creux-de-rechange\/#primaryimage"},"thumbnailUrl":"https:\/\/gastora.eu\/wp-content\/uploads\/2026\/04\/sp-002-61656ec9ac213.jpg","datePublished":"2026-04-25T17:46:14+00:00","dateModified":"2026-04-26T08:35:11+00:00","description":"Achetez Couteau de kebab - 0-8 mm d'\u00e9paisseur - \u00e9lectrique - lame de rechange et le taille-creux de rechange au meilleur prix, fiable et performant avec une livraison rapide","breadcrumb":{"@id":"https:\/\/gastora.eu\/product\/couteau-de-kebab-0-8-mm-dpaisseur-lectrique-lame-de-rechange-et-le-taille-creux-de-rechange\/#breadcrumb"},"inLanguage":"en-US","potentialAction":[{"@type":"ReadAction","target":["https:\/\/gastora.eu\/product\/couteau-de-kebab-0-8-mm-dpaisseur-lectrique-lame-de-rechange-et-le-taille-creux-de-rechange\/"]}]},{"@type":"ImageObject","inLanguage":"en-US","@id":"https:\/\/gastora.eu\/product\/couteau-de-kebab-0-8-mm-dpaisseur-lectrique-lame-de-rechange-et-le-taille-creux-de-rechange\/#primaryimage","url":"https:\/\/gastora.eu\/wp-content\/uploads\/2026\/04\/sp-002-61656ec9ac213.jpg","contentUrl":"https:\/\/gastora.eu\/wp-content\/uploads\/2026\/04\/sp-002-61656ec9ac213.jpg","width":2048,"height":2048},{"@type":"BreadcrumbList","@id":"https:\/\/gastora.eu\/product\/couteau-de-kebab-0-8-mm-dpaisseur-lectrique-lame-de-rechange-et-le-taille-creux-de-rechange\/#breadcrumb","itemListElement":[{"@type":"ListItem","position":1,"name":"Home","item":"https:\/\/gastora.eu\/"},{"@type":"ListItem","position":2,"name":"Shop","item":"https:\/\/gastora.eu\/shop\/"},{"@type":"ListItem","position":3,"name":"Couteau de kebab &#8211; 0-8 mm d&#8217;\u00e9paisseur &#8211; \u00e9lectrique &#8211; lame de rechange et le taille-creux de rechange"}]},{"@type":"WebSite","@id":"https:\/\/gastora.eu\/#website","url":"https:\/\/gastora.eu\/","name":"Gastora","description":"\u00c9quipements professionnels CHR","publisher":{"@id":"https:\/\/gastora.eu\/#organization"},"potentialAction":[{"@type":"SearchAction","target":{"@type":"EntryPoint","urlTemplate":"https:\/\/gastora.eu\/?s={search_term_string}"},"query-input":{"@type":"PropertyValueSpecification","valueRequired":true,"valueName":"search_term_string"}}],"inLanguage":"en-US"},{"@type":"Organization","@id":"https:\/\/gastora.eu\/#organization","name":"Gastora","url":"https:\/\/gastora.eu\/","logo":{"@type":"ImageObject","inLanguage":"en-US","@id":"https:\/\/gastora.eu\/#\/schema\/logo\/image\/","url":"https:\/\/gastora.eu\/wp-content\/uploads\/2025\/12\/ChatGPT-Image-2-janv.-2026-22_52_47-1.png","contentUrl":"https:\/\/gastora.eu\/wp-content\/uploads\/2025\/12\/ChatGPT-Image-2-janv.-2026-22_52_47-1.png","width":1536,"height":320,"caption":"Gastora"},"image":{"@id":"https:\/\/gastora.eu\/#\/schema\/logo\/image\/"}}]}},"jetpack_sharing_enabled":true,"_links":{"self":[{"href":"https:\/\/gastora.eu\/en\/wp-json\/wp\/v2\/product\/14246","targetHints":{"allow":["GET"]}}],"collection":[{"href":"https:\/\/gastora.eu\/en\/wp-json\/wp\/v2\/product"}],"about":[{"href":"https:\/\/gastora.eu\/en\/wp-json\/wp\/v2\/types\/product"}],"wp:featuredmedia":[{"embeddable":true,"href":"https:\/\/gastora.eu\/en\/wp-json\/wp\/v2\/media\/7242"}],"wp:attachment":[{"href":"https:\/\/gastora.eu\/en\/wp-json\/wp\/v2\/media?parent=14246"}],"wp:term":[{"taxonomy":"product_brand","embeddable":true,"href":"https:\/\/gastora.eu\/en\/wp-json\/wp\/v2\/product_brand?post=14246"},{"taxonomy":"product_cat","embeddable":true,"href":"https:\/\/gastora.eu\/en\/wp-json\/wp\/v2\/product_cat?post=14246"},{"taxonomy":"product_tag","embeddable":true,"href":"https:\/\/gastora.eu\/en\/wp-json\/wp\/v2\/product_tag?post=14246"}],"curies":[{"name":"wp","href":"https:\/\/api.w.org\/{rel}","templated":true}]}}