{"id":14245,"date":"2026-04-25T17:46:13","date_gmt":"2026-04-25T17:46:13","guid":{"rendered":"https:\/\/gastora.eu\/?post_type=product&#038;p=14245"},"modified":"2026-04-28T16:56:09","modified_gmt":"2026-04-28T16:56:09","slug":"boissons-rfrigrateur-800-l-8-tagres-rglables","status":"publish","type":"product","link":"https:\/\/gastora.eu\/en\/product\/boissons-rfrigrateur-800-l-8-tagres-rglables\/","title":{"rendered":"Boissons r\u00e9frig\u00e9rateur &#8211; 800 L &#8211; 8 \u00e9tag\u00e8res r\u00e9glables"},"content":{"rendered":"<p>Si vous disposez de suffisamment d&#8217;espace dans votre cuisine ou votre \u00e9tablissement de restauration, ce r\u00e9frig\u00e9rateur \u00e0 boissons professionnel est utile. Il permet de conserver au frais une grande quantit\u00e9 de produits. Gr\u00e2ce \u00e0 l&#8217;\u00e9clairage LED int\u00e9gr\u00e9, tous les produits sont pr\u00e9sent\u00e9s de mani\u00e8re attrayante. Le panneau promotionnel situ\u00e9 sur le dessus du r\u00e9frig\u00e9rateur est id\u00e9al pour pr\u00e9senter divers messages publicitaires. De plus, le panneau est \u00e9quip\u00e9 d&#8217;un r\u00e9tro\u00e9clairage pour une meilleure visibilit\u00e9. Ce r\u00e9frig\u00e9rateur \u00e0 boissons est \u00e9quip\u00e9 de deux portes battantes \u00e0 double vitrage, chacune pouvant \u00eatre verrouill\u00e9e \u00e0 l&#8217;aide d&#8217;une serrure int\u00e9gr\u00e9e.<\/p>\n<h3>Syst\u00e8me de refroidissement sp\u00e9cialis\u00e9<\/h3>\n<p>Ce luxueux r\u00e9frig\u00e9rateur pour boissons est dot\u00e9 d&#8217;un cycle de refroidissement unique qui emp\u00eache la formation de glace. Le syst\u00e8me de refroidissement est \u00e9galement \u00e9quip\u00e9 d&#8217;un ventilateur qui garantit que tous les produits sont maintenus \u00e0 la m\u00eame temp\u00e9rature. Le r\u00e9frig\u00e9rant utilis\u00e9 pour la glaci\u00e8re est le R290, exempt de CFC. Pour r\u00e9gler la temp\u00e9rature, vous disposez d&#8217;un thermostat num\u00e9rique convivial et vous pouvez r\u00e9gler la temp\u00e9rature dans une fourchette de 0 \u00e0 10\u00b0C. Pour une utilisation optimale, vous devez placer ce r\u00e9frig\u00e9rateur pour boissons dans un environnement dont la temp\u00e9rature ambiante ne d\u00e9passe pas 32\u00b0C. L&#8217;int\u00e9rieur de ce mod\u00e8le professionnel a \u00e9t\u00e9 recouvert d&#8217;une couche protectrice en aluminium, ce qui permet de maintenir des temp\u00e9ratures constantes et est facile \u00e0 nettoyer.<\/p>\n<h3>Nettoyage rapide<\/h3>\n<p>Il est important que le r\u00e9frig\u00e9rateur \u00e0 boissons soit propre, car ces appareils occupent souvent une place de choix dans votre \u00e9tablissement et sont parfois accessibles aux clients. Le nettoyage de ce r\u00e9frig\u00e9rateur est simple et rapide. Commencez par l&#8217;\u00e9teindre et d\u00e9branchez la fiche de la prise murale. Nettoyez ensuite l&#8217;int\u00e9rieur et l&#8217;ext\u00e9rieur \u00e0 l&#8217;aide d&#8217;un chiffon humide et d&#8217;un produit de nettoyage doux. Il est important de ne pas utiliser trop d&#8217;eau pour le nettoyage afin d&#8217;\u00e9viter la formation de glace et de condensation lors de la remise en marche. Une fois le nettoyage termin\u00e9, s\u00e9chez tout soigneusement et n&#8217;oubliez pas de nettoyer \u00e9galement les baguettes de porte.<\/p>\n<p><strong>Caract\u00e9ristiques<\/strong><\/p>\n<ul>\n<li>Portes \u00e0 double charni\u00e8re<\/li>\n<li>Plage de temp\u00e9rature de 0 \u00e0 10\u00b0C<\/li>\n<li>Afficheur lumineux pour les publicit\u00e9s<\/li>\n<li>\u00c9quip\u00e9 de quatre roues, dont deux avec freins<\/li>\n<li>Les portes ont un double vitrage et sont \u00e9quip\u00e9es d&#8217;une serrure<\/li>\n<li>Comprend huit \u00e9tag\u00e8res r\u00e9glables en acier inoxydable<\/li>\n<\/ul>\n<p><strong>Caract\u00e9ristiques du produit<\/strong><\/p>\n<ul>\n<li>Poids net : 132 kg<\/li>\n<li>Capacit\u00e9 : 800 litres<\/li>\n<li>Couleur : blanc<\/li>\n<li>Dimensions int\u00e9rieures : L90 x P54,5 x H156,5cm<\/li>\n<li>Dimensions ext\u00e9rieures : L100 x P72 x H202,3cm<\/li>\n<li>230V \/ 50Hz \/ 1 phase 560W<\/li>\n<\/ul>","protected":false},"excerpt":{"rendered":"<p>Ce r\u00e9frig\u00e9rateur professionnel de 800 litres offre beaucoup d&#8217;espace pour plusieurs boissons, en bouteilles ou en canettes, pour les caf\u00e9s, les restaurants ou les food trucks. Il dispose d&#8217;un affichage lumineux pour les publicit\u00e9s, de deux portes battantes et de huit \u00e9tag\u00e8res r\u00e9glables en hauteur. Il est \u00e9quip\u00e9 d&#8217;un \u00e9clairage LED et de roulettes pour faciliter son d\u00e9placement.<\/p>","protected":false},"featured_media":7240,"template":"","meta":{"_acf_changed":false},"product_brand":[],"product_cat":[472],"product_tag":[],"class_list":{"0":"post-14245","1":"product","2":"type-product","3":"status-publish","4":"has-post-thumbnail","6":"product_cat-armoires-a-boissons-2","8":"first","9":"instock","10":"sale","11":"taxable","12":"shipping-taxable","13":"purchasable","14":"product-type-simple"},"acf":[],"yoast_head":"<!-- This site is optimized with the Yoast SEO plugin v27.5 - https:\/\/yoast.com\/product\/yoast-seo-wordpress\/ -->\n<title>Boissons r\u00e9frig\u00e9rateur - 800 L - 8 \u00e9tag\u00e8res r\u00e9glables - Gastora<\/title>\n<meta name=\"description\" content=\"Achetez Boissons r\u00e9frig\u00e9rateur - 800 L - 8 \u00e9tag\u00e8res r\u00e9glables au meilleur prix, fiable et performant avec une livraison rapide\" \/>\n<meta name=\"robots\" content=\"index, follow, max-snippet:-1, max-image-preview:large, max-video-preview:-1\" \/>\n<link rel=\"canonical\" href=\"https:\/\/gastora.eu\/en\/product\/boissons-rfrigrateur-800-l-8-tagres-rglables\/\" \/>\n<meta property=\"og:locale\" content=\"en_US\" \/>\n<meta property=\"og:type\" content=\"article\" \/>\n<meta property=\"og:title\" content=\"Boissons r\u00e9frig\u00e9rateur - 800 L - 8 \u00e9tag\u00e8res r\u00e9glables - Gastora\" \/>\n<meta property=\"og:description\" content=\"Achetez Boissons r\u00e9frig\u00e9rateur - 800 L - 8 \u00e9tag\u00e8res r\u00e9glables au meilleur prix, fiable et performant avec une livraison rapide\" \/>\n<meta property=\"og:url\" content=\"https:\/\/gastora.eu\/en\/product\/boissons-rfrigrateur-800-l-8-tagres-rglables\/\" \/>\n<meta property=\"og:site_name\" content=\"Gastora\" \/>\n<meta property=\"article:modified_time\" content=\"2026-04-28T16:56:09+00:00\" \/>\n<meta name=\"twitter:card\" content=\"summary_large_image\" \/>\n<meta name=\"twitter:label1\" content=\"Est. reading time\" \/>\n\t<meta name=\"twitter:data1\" content=\"2 minutes\" \/>\n<script type=\"application\/ld+json\" class=\"yoast-schema-graph\">{\"@context\":\"https:\\\/\\\/schema.org\",\"@graph\":[{\"@type\":\"WebPage\",\"@id\":\"https:\\\/\\\/gastora.eu\\\/product\\\/boissons-rfrigrateur-800-l-8-tagres-rglables\\\/\",\"url\":\"https:\\\/\\\/gastora.eu\\\/product\\\/boissons-rfrigrateur-800-l-8-tagres-rglables\\\/\",\"name\":\"Boissons r\u00e9frig\u00e9rateur - 800 L - 8 \u00e9tag\u00e8res r\u00e9glables - Gastora\",\"isPartOf\":{\"@id\":\"https:\\\/\\\/gastora.eu\\\/#website\"},\"primaryImageOfPage\":{\"@id\":\"https:\\\/\\\/gastora.eu\\\/product\\\/boissons-rfrigrateur-800-l-8-tagres-rglables\\\/#primaryimage\"},\"image\":{\"@id\":\"https:\\\/\\\/gastora.eu\\\/product\\\/boissons-rfrigrateur-800-l-8-tagres-rglables\\\/#primaryimage\"},\"thumbnailUrl\":\"https:\\\/\\\/gastora.eu\\\/wp-content\\\/uploads\\\/2026\\\/04\\\/sp-005-61656ec980f97.jpg\",\"datePublished\":\"2026-04-25T17:46:13+00:00\",\"dateModified\":\"2026-04-28T16:56:09+00:00\",\"description\":\"Achetez Boissons r\u00e9frig\u00e9rateur - 800 L - 8 \u00e9tag\u00e8res r\u00e9glables au meilleur prix, fiable et performant avec une livraison rapide\",\"breadcrumb\":{\"@id\":\"https:\\\/\\\/gastora.eu\\\/product\\\/boissons-rfrigrateur-800-l-8-tagres-rglables\\\/#breadcrumb\"},\"inLanguage\":\"en-US\",\"potentialAction\":[{\"@type\":\"ReadAction\",\"target\":[\"https:\\\/\\\/gastora.eu\\\/product\\\/boissons-rfrigrateur-800-l-8-tagres-rglables\\\/\"]}]},{\"@type\":\"ImageObject\",\"inLanguage\":\"en-US\",\"@id\":\"https:\\\/\\\/gastora.eu\\\/product\\\/boissons-rfrigrateur-800-l-8-tagres-rglables\\\/#primaryimage\",\"url\":\"https:\\\/\\\/gastora.eu\\\/wp-content\\\/uploads\\\/2026\\\/04\\\/sp-005-61656ec980f97.jpg\",\"contentUrl\":\"https:\\\/\\\/gastora.eu\\\/wp-content\\\/uploads\\\/2026\\\/04\\\/sp-005-61656ec980f97.jpg\",\"width\":2048,\"height\":2048},{\"@type\":\"BreadcrumbList\",\"@id\":\"https:\\\/\\\/gastora.eu\\\/product\\\/boissons-rfrigrateur-800-l-8-tagres-rglables\\\/#breadcrumb\",\"itemListElement\":[{\"@type\":\"ListItem\",\"position\":1,\"name\":\"Home\",\"item\":\"https:\\\/\\\/gastora.eu\\\/\"},{\"@type\":\"ListItem\",\"position\":2,\"name\":\"Shop\",\"item\":\"https:\\\/\\\/gastora.eu\\\/shop\\\/\"},{\"@type\":\"ListItem\",\"position\":3,\"name\":\"Boissons r\u00e9frig\u00e9rateur &#8211; 800 L &#8211; 8 \u00e9tag\u00e8res r\u00e9glables\"}]},{\"@type\":\"WebSite\",\"@id\":\"https:\\\/\\\/gastora.eu\\\/#website\",\"url\":\"https:\\\/\\\/gastora.eu\\\/\",\"name\":\"Gastora\",\"description\":\"\u00c9quipements professionnels CHR\",\"publisher\":{\"@id\":\"https:\\\/\\\/gastora.eu\\\/#organization\"},\"potentialAction\":[{\"@type\":\"SearchAction\",\"target\":{\"@type\":\"EntryPoint\",\"urlTemplate\":\"https:\\\/\\\/gastora.eu\\\/?s={search_term_string}\"},\"query-input\":{\"@type\":\"PropertyValueSpecification\",\"valueRequired\":true,\"valueName\":\"search_term_string\"}}],\"inLanguage\":\"en-US\"},{\"@type\":\"Organization\",\"@id\":\"https:\\\/\\\/gastora.eu\\\/#organization\",\"name\":\"Gastora\",\"url\":\"https:\\\/\\\/gastora.eu\\\/\",\"logo\":{\"@type\":\"ImageObject\",\"inLanguage\":\"en-US\",\"@id\":\"https:\\\/\\\/gastora.eu\\\/#\\\/schema\\\/logo\\\/image\\\/\",\"url\":\"https:\\\/\\\/gastora.eu\\\/wp-content\\\/uploads\\\/2025\\\/12\\\/ChatGPT-Image-2-janv.-2026-22_52_47-1.png\",\"contentUrl\":\"https:\\\/\\\/gastora.eu\\\/wp-content\\\/uploads\\\/2025\\\/12\\\/ChatGPT-Image-2-janv.-2026-22_52_47-1.png\",\"width\":1536,\"height\":320,\"caption\":\"Gastora\"},\"image\":{\"@id\":\"https:\\\/\\\/gastora.eu\\\/#\\\/schema\\\/logo\\\/image\\\/\"}}]}<\/script>\n<!-- \/ Yoast SEO plugin. -->","yoast_head_json":{"title":"Boissons r\u00e9frig\u00e9rateur - 800 L - 8 \u00e9tag\u00e8res r\u00e9glables - Gastora","description":"Achetez Boissons r\u00e9frig\u00e9rateur - 800 L - 8 \u00e9tag\u00e8res r\u00e9glables au meilleur prix, fiable et performant avec une livraison rapide","robots":{"index":"index","follow":"follow","max-snippet":"max-snippet:-1","max-image-preview":"max-image-preview:large","max-video-preview":"max-video-preview:-1"},"canonical":"https:\/\/gastora.eu\/en\/product\/boissons-rfrigrateur-800-l-8-tagres-rglables\/","og_locale":"en_US","og_type":"article","og_title":"Boissons r\u00e9frig\u00e9rateur - 800 L - 8 \u00e9tag\u00e8res r\u00e9glables - Gastora","og_description":"Achetez Boissons r\u00e9frig\u00e9rateur - 800 L - 8 \u00e9tag\u00e8res r\u00e9glables au meilleur prix, fiable et performant avec une livraison rapide","og_url":"https:\/\/gastora.eu\/en\/product\/boissons-rfrigrateur-800-l-8-tagres-rglables\/","og_site_name":"Gastora","article_modified_time":"2026-04-28T16:56:09+00:00","twitter_card":"summary_large_image","twitter_misc":{"Est. reading time":"2 minutes"},"schema":{"@context":"https:\/\/schema.org","@graph":[{"@type":"WebPage","@id":"https:\/\/gastora.eu\/product\/boissons-rfrigrateur-800-l-8-tagres-rglables\/","url":"https:\/\/gastora.eu\/product\/boissons-rfrigrateur-800-l-8-tagres-rglables\/","name":"Boissons r\u00e9frig\u00e9rateur - 800 L - 8 \u00e9tag\u00e8res r\u00e9glables - Gastora","isPartOf":{"@id":"https:\/\/gastora.eu\/#website"},"primaryImageOfPage":{"@id":"https:\/\/gastora.eu\/product\/boissons-rfrigrateur-800-l-8-tagres-rglables\/#primaryimage"},"image":{"@id":"https:\/\/gastora.eu\/product\/boissons-rfrigrateur-800-l-8-tagres-rglables\/#primaryimage"},"thumbnailUrl":"https:\/\/gastora.eu\/wp-content\/uploads\/2026\/04\/sp-005-61656ec980f97.jpg","datePublished":"2026-04-25T17:46:13+00:00","dateModified":"2026-04-28T16:56:09+00:00","description":"Achetez Boissons r\u00e9frig\u00e9rateur - 800 L - 8 \u00e9tag\u00e8res r\u00e9glables au meilleur prix, fiable et performant avec une livraison rapide","breadcrumb":{"@id":"https:\/\/gastora.eu\/product\/boissons-rfrigrateur-800-l-8-tagres-rglables\/#breadcrumb"},"inLanguage":"en-US","potentialAction":[{"@type":"ReadAction","target":["https:\/\/gastora.eu\/product\/boissons-rfrigrateur-800-l-8-tagres-rglables\/"]}]},{"@type":"ImageObject","inLanguage":"en-US","@id":"https:\/\/gastora.eu\/product\/boissons-rfrigrateur-800-l-8-tagres-rglables\/#primaryimage","url":"https:\/\/gastora.eu\/wp-content\/uploads\/2026\/04\/sp-005-61656ec980f97.jpg","contentUrl":"https:\/\/gastora.eu\/wp-content\/uploads\/2026\/04\/sp-005-61656ec980f97.jpg","width":2048,"height":2048},{"@type":"BreadcrumbList","@id":"https:\/\/gastora.eu\/product\/boissons-rfrigrateur-800-l-8-tagres-rglables\/#breadcrumb","itemListElement":[{"@type":"ListItem","position":1,"name":"Home","item":"https:\/\/gastora.eu\/"},{"@type":"ListItem","position":2,"name":"Shop","item":"https:\/\/gastora.eu\/shop\/"},{"@type":"ListItem","position":3,"name":"Boissons r\u00e9frig\u00e9rateur &#8211; 800 L &#8211; 8 \u00e9tag\u00e8res r\u00e9glables"}]},{"@type":"WebSite","@id":"https:\/\/gastora.eu\/#website","url":"https:\/\/gastora.eu\/","name":"Gastora","description":"\u00c9quipements professionnels CHR","publisher":{"@id":"https:\/\/gastora.eu\/#organization"},"potentialAction":[{"@type":"SearchAction","target":{"@type":"EntryPoint","urlTemplate":"https:\/\/gastora.eu\/?s={search_term_string}"},"query-input":{"@type":"PropertyValueSpecification","valueRequired":true,"valueName":"search_term_string"}}],"inLanguage":"en-US"},{"@type":"Organization","@id":"https:\/\/gastora.eu\/#organization","name":"Gastora","url":"https:\/\/gastora.eu\/","logo":{"@type":"ImageObject","inLanguage":"en-US","@id":"https:\/\/gastora.eu\/#\/schema\/logo\/image\/","url":"https:\/\/gastora.eu\/wp-content\/uploads\/2025\/12\/ChatGPT-Image-2-janv.-2026-22_52_47-1.png","contentUrl":"https:\/\/gastora.eu\/wp-content\/uploads\/2025\/12\/ChatGPT-Image-2-janv.-2026-22_52_47-1.png","width":1536,"height":320,"caption":"Gastora"},"image":{"@id":"https:\/\/gastora.eu\/#\/schema\/logo\/image\/"}}]}},"jetpack_sharing_enabled":true,"_links":{"self":[{"href":"https:\/\/gastora.eu\/en\/wp-json\/wp\/v2\/product\/14245","targetHints":{"allow":["GET"]}}],"collection":[{"href":"https:\/\/gastora.eu\/en\/wp-json\/wp\/v2\/product"}],"about":[{"href":"https:\/\/gastora.eu\/en\/wp-json\/wp\/v2\/types\/product"}],"wp:featuredmedia":[{"embeddable":true,"href":"https:\/\/gastora.eu\/en\/wp-json\/wp\/v2\/media\/7240"}],"wp:attachment":[{"href":"https:\/\/gastora.eu\/en\/wp-json\/wp\/v2\/media?parent=14245"}],"wp:term":[{"taxonomy":"product_brand","embeddable":true,"href":"https:\/\/gastora.eu\/en\/wp-json\/wp\/v2\/product_brand?post=14245"},{"taxonomy":"product_cat","embeddable":true,"href":"https:\/\/gastora.eu\/en\/wp-json\/wp\/v2\/product_cat?post=14245"},{"taxonomy":"product_tag","embeddable":true,"href":"https:\/\/gastora.eu\/en\/wp-json\/wp\/v2\/product_tag?post=14245"}],"curies":[{"name":"wp","href":"https:\/\/api.w.org\/{rel}","templated":true}]}}