{"id":14241,"date":"2026-04-25T17:46:08","date_gmt":"2026-04-25T17:46:08","guid":{"rendered":"https:\/\/gastora.eu\/?post_type=product&#038;p=14241"},"modified":"2026-04-27T08:35:32","modified_gmt":"2026-04-27T08:35:32","slug":"boissons-rfrigrateur-50-l-2-tagres-rglables","status":"publish","type":"product","link":"https:\/\/gastora.eu\/en\/product\/boissons-rfrigrateur-50-l-2-tagres-rglables\/","title":{"rendered":"Boissons r\u00e9frig\u00e9rateur &#8211; 50 L &#8211; 2 \u00e9tag\u00e8res r\u00e9glables"},"content":{"rendered":"<p>Gr\u00e2ce \u00e0 ce r\u00e9frig\u00e9rateur professionnel, vous pouvez pr\u00e9senter \u00e0 vos clients les boissons ou les en-cas que vous proposez. Il s&#8217;agit d&#8217;un mod\u00e8le de table pratique et compact, dot\u00e9 d&#8217;un \u00e9clairage LED \u00e0 l&#8217;int\u00e9rieur pour mettre en valeur votre gamme de produits. Outre les boissons, il peut \u00e9galement \u00eatre utilis\u00e9 pour conserver au frais des sandwiches ou d&#8217;autres aliments. Ce r\u00e9frig\u00e9rateur pour boissons est dot\u00e9 d&#8217;une porte \u00e0 charni\u00e8res pour un acc\u00e8s facile et d&#8217;un double vitrage pour maintenir les boissons \u00e0 la bonne temp\u00e9rature. La porte est munie d&#8217;une serrure pour emp\u00eacher les clients de se servir eux-m\u00eames. Il y a \u00e9galement un \u00e9cran lumineux qui peut \u00eatre utilis\u00e9 pour la publicit\u00e9.<\/p>\n<h3>Syst\u00e8me de refroidissement efficace<\/h3>\n<p>Ce r\u00e9frig\u00e9rateur d&#8217;\u00e9talage professionnel est tr\u00e8s facile \u00e0 utiliser. Vous voyez d&#8217;un seul coup d&#8217;\u0153il si le stock est suffisant et quand vous devez le remplir. Le r\u00e9frig\u00e9rateur est \u00e9quip\u00e9 de deux \u00e9tag\u00e8res r\u00e9glables en acier inoxydable, ainsi que de pieds r\u00e9glables, de sorte que vous pouvez le placer sur presque n&#8217;importe quelle surface et qu&#8217;il restera fermement en place. Il est dot\u00e9 d&#8217;un syst\u00e8me de refroidissement efficace avec ventilateur, utilisant le r\u00e9frig\u00e9rant R600a, exempt de CFC. La temp\u00e9rature peut \u00eatre r\u00e9gl\u00e9e entre 0 et +10\u00b0C. Pour \u00e9viter la formation de glace, ne r\u00e9glez pas la temp\u00e9rature trop bas. Il peut \u00eatre utilis\u00e9 dans un endroit o\u00f9 la temp\u00e9rature ambiante est de 32\u00b0C maximum.<\/p>\n<h3>Facile \u00e0 nettoyer<\/h3>\n<p>Le nettoyage de cet appareil professionnel est \u00e0 la fois rapide et tr\u00e8s facile. Il suffit de vider le r\u00e9frig\u00e9rateur de son contenu et de d\u00e9brancher la fiche de la prise murale. Pour nettoyer les clayettes, utilisez une \u00e9ponge et de l&#8217;eau chaude savonneuse. Vous pouvez ensuite rincer les clayettes sous le robinet pour \u00e9liminer tout r\u00e9sidu de savon. S\u00e9chez-les bien avec un chiffon doux avant de les remettre \u00e0 l&#8217;int\u00e9rieur du r\u00e9frig\u00e9rateur. L&#8217;int\u00e9rieur et l&#8217;ext\u00e9rieur du r\u00e9frig\u00e9rateur peuvent \u00eatre nettoy\u00e9s en essuyant les surfaces avec un chiffon humide et un d\u00e9tergent doux.<\/p>\n<p><strong>Caract\u00e9ristiques<\/strong><\/p>\n<ul>\n<li>Porte simple \u00e0 double vitrage<\/li>\n<li>Livr\u00e9 avec serrure<\/li>\n<li>Eclairage LED \u00e0 l&#8217;int\u00e9rieur<\/li>\n<li>Quatre pieds r\u00e9glables<\/li>\n<li>Affichage lumineux pour les publicit\u00e9s<\/li>\n<li>Comprend deux \u00e9tag\u00e8res r\u00e9glables en acier inoxydable<\/li>\n<\/ul>\n<p><strong>Caract\u00e9ristiques du produit<\/strong><\/p>\n<ul>\n<li>Poids net : 25 kg<\/li>\n<li>Capacit\u00e9 : 50 litres<\/li>\n<li>Couleur : blanc<\/li>\n<li>Dimensions int\u00e9rieures : L33,3 x P34,5 x H50,8cm<\/li>\n<li>Dimensions ext\u00e9rieures : L46 x P42,6 x H80,5cm<\/li>\n<li>230V \/ 50Hz \/ 1 phase 120W<\/li>\n<\/ul>","protected":false},"excerpt":{"rendered":"<p>Ce r\u00e9frig\u00e9rateur pour boissons est un mod\u00e8le compact de table qui convient \u00e0 toute entreprise de restauration professionnelle. Gr\u00e2ce \u00e0 sa taille, vous pouvez facilement le placer sur un bar ou un comptoir. D&#8217;une capacit\u00e9 de 50 litres, il constitue l&#8217;investissement id\u00e9al pour refroidir des boissons en canettes ou en bouteilles, ou d&#8217;autres snacks.<\/p>","protected":false},"featured_media":7232,"template":"","meta":{"_acf_changed":false},"product_brand":[],"product_cat":[473],"product_tag":[],"class_list":{"0":"post-14241","1":"product","2":"type-product","3":"status-publish","4":"has-post-thumbnail","6":"product_cat-meubles-bas-meubles-muraux-2","8":"first","9":"instock","10":"sale","11":"taxable","12":"shipping-taxable","13":"purchasable","14":"product-type-simple"},"acf":[],"yoast_head":"<!-- This site is optimized with the Yoast SEO plugin v27.4 - https:\/\/yoast.com\/product\/yoast-seo-wordpress\/ -->\n<title>Boissons r\u00e9frig\u00e9rateur - 50 L - 2 \u00e9tag\u00e8res r\u00e9glables - Gastora<\/title>\n<meta name=\"description\" content=\"Achetez Boissons r\u00e9frig\u00e9rateur - 50 L - 2 \u00e9tag\u00e8res r\u00e9glables au meilleur prix, fiable et performant avec une livraison rapide\" \/>\n<meta name=\"robots\" content=\"index, follow, max-snippet:-1, max-image-preview:large, max-video-preview:-1\" \/>\n<link rel=\"canonical\" href=\"https:\/\/gastora.eu\/en\/product\/boissons-rfrigrateur-50-l-2-tagres-rglables\/\" \/>\n<meta property=\"og:locale\" content=\"en_US\" \/>\n<meta property=\"og:type\" content=\"article\" \/>\n<meta property=\"og:title\" content=\"Boissons r\u00e9frig\u00e9rateur - 50 L - 2 \u00e9tag\u00e8res r\u00e9glables - Gastora\" \/>\n<meta property=\"og:description\" content=\"Achetez Boissons r\u00e9frig\u00e9rateur - 50 L - 2 \u00e9tag\u00e8res r\u00e9glables au meilleur prix, fiable et performant avec une livraison rapide\" \/>\n<meta property=\"og:url\" content=\"https:\/\/gastora.eu\/en\/product\/boissons-rfrigrateur-50-l-2-tagres-rglables\/\" \/>\n<meta property=\"og:site_name\" content=\"Gastora\" \/>\n<meta property=\"article:modified_time\" content=\"2026-04-27T08:35:32+00:00\" \/>\n<meta name=\"twitter:card\" content=\"summary_large_image\" \/>\n<meta name=\"twitter:label1\" content=\"Est. reading time\" \/>\n\t<meta name=\"twitter:data1\" content=\"2 minutes\" \/>\n<script type=\"application\/ld+json\" class=\"yoast-schema-graph\">{\"@context\":\"https:\\\/\\\/schema.org\",\"@graph\":[{\"@type\":\"WebPage\",\"@id\":\"https:\\\/\\\/gastora.eu\\\/product\\\/boissons-rfrigrateur-50-l-2-tagres-rglables\\\/\",\"url\":\"https:\\\/\\\/gastora.eu\\\/product\\\/boissons-rfrigrateur-50-l-2-tagres-rglables\\\/\",\"name\":\"Boissons r\u00e9frig\u00e9rateur - 50 L - 2 \u00e9tag\u00e8res r\u00e9glables - Gastora\",\"isPartOf\":{\"@id\":\"https:\\\/\\\/gastora.eu\\\/#website\"},\"primaryImageOfPage\":{\"@id\":\"https:\\\/\\\/gastora.eu\\\/product\\\/boissons-rfrigrateur-50-l-2-tagres-rglables\\\/#primaryimage\"},\"image\":{\"@id\":\"https:\\\/\\\/gastora.eu\\\/product\\\/boissons-rfrigrateur-50-l-2-tagres-rglables\\\/#primaryimage\"},\"thumbnailUrl\":\"https:\\\/\\\/gastora.eu\\\/wp-content\\\/uploads\\\/2026\\\/04\\\/sp-005-61656ec899e02.jpg\",\"datePublished\":\"2026-04-25T17:46:08+00:00\",\"dateModified\":\"2026-04-27T08:35:32+00:00\",\"description\":\"Achetez Boissons r\u00e9frig\u00e9rateur - 50 L - 2 \u00e9tag\u00e8res r\u00e9glables au meilleur prix, fiable et performant avec une livraison rapide\",\"breadcrumb\":{\"@id\":\"https:\\\/\\\/gastora.eu\\\/product\\\/boissons-rfrigrateur-50-l-2-tagres-rglables\\\/#breadcrumb\"},\"inLanguage\":\"en-US\",\"potentialAction\":[{\"@type\":\"ReadAction\",\"target\":[\"https:\\\/\\\/gastora.eu\\\/product\\\/boissons-rfrigrateur-50-l-2-tagres-rglables\\\/\"]}]},{\"@type\":\"ImageObject\",\"inLanguage\":\"en-US\",\"@id\":\"https:\\\/\\\/gastora.eu\\\/product\\\/boissons-rfrigrateur-50-l-2-tagres-rglables\\\/#primaryimage\",\"url\":\"https:\\\/\\\/gastora.eu\\\/wp-content\\\/uploads\\\/2026\\\/04\\\/sp-005-61656ec899e02.jpg\",\"contentUrl\":\"https:\\\/\\\/gastora.eu\\\/wp-content\\\/uploads\\\/2026\\\/04\\\/sp-005-61656ec899e02.jpg\",\"width\":2048,\"height\":2048},{\"@type\":\"BreadcrumbList\",\"@id\":\"https:\\\/\\\/gastora.eu\\\/product\\\/boissons-rfrigrateur-50-l-2-tagres-rglables\\\/#breadcrumb\",\"itemListElement\":[{\"@type\":\"ListItem\",\"position\":1,\"name\":\"Home\",\"item\":\"https:\\\/\\\/gastora.eu\\\/\"},{\"@type\":\"ListItem\",\"position\":2,\"name\":\"Shop\",\"item\":\"https:\\\/\\\/gastora.eu\\\/shop\\\/\"},{\"@type\":\"ListItem\",\"position\":3,\"name\":\"Boissons r\u00e9frig\u00e9rateur &#8211; 50 L &#8211; 2 \u00e9tag\u00e8res r\u00e9glables\"}]},{\"@type\":\"WebSite\",\"@id\":\"https:\\\/\\\/gastora.eu\\\/#website\",\"url\":\"https:\\\/\\\/gastora.eu\\\/\",\"name\":\"Gastora\",\"description\":\"\u00c9quipements professionnels CHR\",\"publisher\":{\"@id\":\"https:\\\/\\\/gastora.eu\\\/#organization\"},\"potentialAction\":[{\"@type\":\"SearchAction\",\"target\":{\"@type\":\"EntryPoint\",\"urlTemplate\":\"https:\\\/\\\/gastora.eu\\\/?s={search_term_string}\"},\"query-input\":{\"@type\":\"PropertyValueSpecification\",\"valueRequired\":true,\"valueName\":\"search_term_string\"}}],\"inLanguage\":\"en-US\"},{\"@type\":\"Organization\",\"@id\":\"https:\\\/\\\/gastora.eu\\\/#organization\",\"name\":\"Gastora\",\"url\":\"https:\\\/\\\/gastora.eu\\\/\",\"logo\":{\"@type\":\"ImageObject\",\"inLanguage\":\"en-US\",\"@id\":\"https:\\\/\\\/gastora.eu\\\/#\\\/schema\\\/logo\\\/image\\\/\",\"url\":\"https:\\\/\\\/gastora.eu\\\/wp-content\\\/uploads\\\/2025\\\/12\\\/ChatGPT-Image-2-janv.-2026-22_52_47-1.png\",\"contentUrl\":\"https:\\\/\\\/gastora.eu\\\/wp-content\\\/uploads\\\/2025\\\/12\\\/ChatGPT-Image-2-janv.-2026-22_52_47-1.png\",\"width\":1536,\"height\":320,\"caption\":\"Gastora\"},\"image\":{\"@id\":\"https:\\\/\\\/gastora.eu\\\/#\\\/schema\\\/logo\\\/image\\\/\"}}]}<\/script>\n<!-- \/ Yoast SEO plugin. -->","yoast_head_json":{"title":"Boissons r\u00e9frig\u00e9rateur - 50 L - 2 \u00e9tag\u00e8res r\u00e9glables - Gastora","description":"Achetez Boissons r\u00e9frig\u00e9rateur - 50 L - 2 \u00e9tag\u00e8res r\u00e9glables au meilleur prix, fiable et performant avec une livraison rapide","robots":{"index":"index","follow":"follow","max-snippet":"max-snippet:-1","max-image-preview":"max-image-preview:large","max-video-preview":"max-video-preview:-1"},"canonical":"https:\/\/gastora.eu\/en\/product\/boissons-rfrigrateur-50-l-2-tagres-rglables\/","og_locale":"en_US","og_type":"article","og_title":"Boissons r\u00e9frig\u00e9rateur - 50 L - 2 \u00e9tag\u00e8res r\u00e9glables - Gastora","og_description":"Achetez Boissons r\u00e9frig\u00e9rateur - 50 L - 2 \u00e9tag\u00e8res r\u00e9glables au meilleur prix, fiable et performant avec une livraison rapide","og_url":"https:\/\/gastora.eu\/en\/product\/boissons-rfrigrateur-50-l-2-tagres-rglables\/","og_site_name":"Gastora","article_modified_time":"2026-04-27T08:35:32+00:00","twitter_card":"summary_large_image","twitter_misc":{"Est. reading time":"2 minutes"},"schema":{"@context":"https:\/\/schema.org","@graph":[{"@type":"WebPage","@id":"https:\/\/gastora.eu\/product\/boissons-rfrigrateur-50-l-2-tagres-rglables\/","url":"https:\/\/gastora.eu\/product\/boissons-rfrigrateur-50-l-2-tagres-rglables\/","name":"Boissons r\u00e9frig\u00e9rateur - 50 L - 2 \u00e9tag\u00e8res r\u00e9glables - Gastora","isPartOf":{"@id":"https:\/\/gastora.eu\/#website"},"primaryImageOfPage":{"@id":"https:\/\/gastora.eu\/product\/boissons-rfrigrateur-50-l-2-tagres-rglables\/#primaryimage"},"image":{"@id":"https:\/\/gastora.eu\/product\/boissons-rfrigrateur-50-l-2-tagres-rglables\/#primaryimage"},"thumbnailUrl":"https:\/\/gastora.eu\/wp-content\/uploads\/2026\/04\/sp-005-61656ec899e02.jpg","datePublished":"2026-04-25T17:46:08+00:00","dateModified":"2026-04-27T08:35:32+00:00","description":"Achetez Boissons r\u00e9frig\u00e9rateur - 50 L - 2 \u00e9tag\u00e8res r\u00e9glables au meilleur prix, fiable et performant avec une livraison rapide","breadcrumb":{"@id":"https:\/\/gastora.eu\/product\/boissons-rfrigrateur-50-l-2-tagres-rglables\/#breadcrumb"},"inLanguage":"en-US","potentialAction":[{"@type":"ReadAction","target":["https:\/\/gastora.eu\/product\/boissons-rfrigrateur-50-l-2-tagres-rglables\/"]}]},{"@type":"ImageObject","inLanguage":"en-US","@id":"https:\/\/gastora.eu\/product\/boissons-rfrigrateur-50-l-2-tagres-rglables\/#primaryimage","url":"https:\/\/gastora.eu\/wp-content\/uploads\/2026\/04\/sp-005-61656ec899e02.jpg","contentUrl":"https:\/\/gastora.eu\/wp-content\/uploads\/2026\/04\/sp-005-61656ec899e02.jpg","width":2048,"height":2048},{"@type":"BreadcrumbList","@id":"https:\/\/gastora.eu\/product\/boissons-rfrigrateur-50-l-2-tagres-rglables\/#breadcrumb","itemListElement":[{"@type":"ListItem","position":1,"name":"Home","item":"https:\/\/gastora.eu\/"},{"@type":"ListItem","position":2,"name":"Shop","item":"https:\/\/gastora.eu\/shop\/"},{"@type":"ListItem","position":3,"name":"Boissons r\u00e9frig\u00e9rateur &#8211; 50 L &#8211; 2 \u00e9tag\u00e8res r\u00e9glables"}]},{"@type":"WebSite","@id":"https:\/\/gastora.eu\/#website","url":"https:\/\/gastora.eu\/","name":"Gastora","description":"\u00c9quipements professionnels CHR","publisher":{"@id":"https:\/\/gastora.eu\/#organization"},"potentialAction":[{"@type":"SearchAction","target":{"@type":"EntryPoint","urlTemplate":"https:\/\/gastora.eu\/?s={search_term_string}"},"query-input":{"@type":"PropertyValueSpecification","valueRequired":true,"valueName":"search_term_string"}}],"inLanguage":"en-US"},{"@type":"Organization","@id":"https:\/\/gastora.eu\/#organization","name":"Gastora","url":"https:\/\/gastora.eu\/","logo":{"@type":"ImageObject","inLanguage":"en-US","@id":"https:\/\/gastora.eu\/#\/schema\/logo\/image\/","url":"https:\/\/gastora.eu\/wp-content\/uploads\/2025\/12\/ChatGPT-Image-2-janv.-2026-22_52_47-1.png","contentUrl":"https:\/\/gastora.eu\/wp-content\/uploads\/2025\/12\/ChatGPT-Image-2-janv.-2026-22_52_47-1.png","width":1536,"height":320,"caption":"Gastora"},"image":{"@id":"https:\/\/gastora.eu\/#\/schema\/logo\/image\/"}}]}},"jetpack_sharing_enabled":true,"_links":{"self":[{"href":"https:\/\/gastora.eu\/en\/wp-json\/wp\/v2\/product\/14241","targetHints":{"allow":["GET"]}}],"collection":[{"href":"https:\/\/gastora.eu\/en\/wp-json\/wp\/v2\/product"}],"about":[{"href":"https:\/\/gastora.eu\/en\/wp-json\/wp\/v2\/types\/product"}],"wp:featuredmedia":[{"embeddable":true,"href":"https:\/\/gastora.eu\/en\/wp-json\/wp\/v2\/media\/7232"}],"wp:attachment":[{"href":"https:\/\/gastora.eu\/en\/wp-json\/wp\/v2\/media?parent=14241"}],"wp:term":[{"taxonomy":"product_brand","embeddable":true,"href":"https:\/\/gastora.eu\/en\/wp-json\/wp\/v2\/product_brand?post=14241"},{"taxonomy":"product_cat","embeddable":true,"href":"https:\/\/gastora.eu\/en\/wp-json\/wp\/v2\/product_cat?post=14241"},{"taxonomy":"product_tag","embeddable":true,"href":"https:\/\/gastora.eu\/en\/wp-json\/wp\/v2\/product_tag?post=14241"}],"curies":[{"name":"wp","href":"https:\/\/api.w.org\/{rel}","templated":true}]}}