{"id":14236,"date":"2026-04-25T17:46:01","date_gmt":"2026-04-25T17:46:01","guid":{"rendered":"https:\/\/gastora.eu\/?post_type=product&#038;p=14236"},"modified":"2026-04-28T16:56:08","modified_gmt":"2026-04-28T16:56:08","slug":"mlangeur-viande-30-l-25-kg-viande-axle-unique-manuel","status":"publish","type":"product","link":"https:\/\/gastora.eu\/en\/product\/mlangeur-viande-30-l-25-kg-viande-axle-unique-manuel\/","title":{"rendered":"M\u00e9langeur \u00e0 viande &#8211; 30 L &#8211; 25 kg viande &#8211; axle unique &#8211; manuel"},"content":{"rendered":"<p>Ce robuste mixeur \u00e0 viande vous permet de m\u00e9langer en un rien de temps de la viande ou du poisson avec des \u00e9pices et d&#8217;autres ingr\u00e9dients. Si vous travaillez tous les jours avec des farces, des hamburgers, des saucisses ou des plats de poisson, ce m\u00e9langeur de viande sera le bienvenu dans votre cuisine professionnelle. Le m\u00e9langeur de viande peut \u00eatre utilis\u00e9 manuellement, gr\u00e2ce \u00e0 la poign\u00e9e tournante durable et robuste.<\/p>\n<h3>Poign\u00e9es tournantes pratiques<\/h3>\n<p>Il est tr\u00e8s facile de m\u00e9langer la viande dans ce m\u00e9langeur de viande de haute qualit\u00e9. Ouvrez d&#8217;abord le couvercle et mettez la quantit\u00e9 de viande souhait\u00e9e dans le r\u00e9servoir. Veillez \u00e0 ne pas ajouter plus de viande que ce qui est indiqu\u00e9, sinon la viande ne sera pas r\u00e9partie uniform\u00e9ment. Le r\u00e9servoir a une capacit\u00e9 de 30 litres et permet de traiter 25 kg de viande ou de poisson. Apr\u00e8s avoir ajout\u00e9 la viande, vous pouvez ajouter des herbes, des noix ou des l\u00e9gumes, par exemple. Pour bien m\u00e9langer le tout, tournez les leviers pratiques jusqu&#8217;\u00e0 ce que vous obteniez la bonne texture pour votre viande ou votre garniture. Le m\u00e9langeur de viande peut \u00eatre tourn\u00e9 dans les deux sens.<\/p>\n<h3>Avec pieds en caoutchouc<\/h3>\n<p>Gr\u00e2ce au bo\u00eetier, aux ailes de m\u00e9lange et au couvercle en acier inoxydable, ces pi\u00e8ces sont tr\u00e8s faciles \u00e0 nettoyer. Vous pouvez simplement les mettre au lave-vaisselle. Il est conseill\u00e9 de nettoyer soigneusement le mixeur \u00e0 viande apr\u00e8s chaque utilisation, car vous travaillez avec des produits frais et de la viande, qui sont tr\u00e8s sensibles aux bact\u00e9ries. Retirez les pi\u00e8ces de l&#8217;appareil pour nettoyer le r\u00e9servoir. Enlevez les gros r\u00e9sidus alimentaires \u00e0 l&#8217;aide d&#8217;un chiffon sec. Utilisez ensuite un chiffon humide, de l&#8217;eau chaude et un peu de d\u00e9tergent doux pour nettoyer soigneusement le r\u00e9servoir. Apr\u00e8s le nettoyage, s\u00e9chez bien le tout \u00e0 l&#8217;aide d&#8217;un chiffon doux et remettez le mixeur \u00e0 viande en place. Pour une bonne prise en main sur presque toutes les surfaces, le mixeur \u00e0 viande est \u00e9quip\u00e9 de quatre pieds en caoutchouc.<\/p>\n<p><strong>Caract\u00e9ristiques<\/strong><\/p>\n<ul>\n<li>Poign\u00e9e tournante durable et pratique<\/li>\n<li>L&#8217;aile de m\u00e9lange et la poign\u00e9e sont faciles \u00e0 retirer<\/li>\n<li>Equip\u00e9 de roulements \u00e0 billes avec joint d&#8217;\u00e9tanch\u00e9it\u00e9<\/li>\n<li>Repose sur 4 pieds en caoutchouc<\/li>\n<li>Fonctionne en douceur et m\u00e9lange parfaitement<\/li>\n<li>Le mixeur peut tourner dans les deux sens<\/li>\n<\/ul>\n<p><strong>Caract\u00e9ristiques du produit<\/strong><\/p>\n<ul>\n<li>Poids net : 10 kg<\/li>\n<li>Dimensions : B45 x D32 x H43cm (poign\u00e9e comprise)<\/li>\n<li>Capacit\u00e9 : 20-25kg (en fonction de la structure de la viande)<\/li>\n<li>Capacit\u00e9 : maximum 30L<\/li>\n<\/ul>","protected":false},"excerpt":{"rendered":"<p>Ce m\u00e9langeur de viande robuste et professionnel en acier inoxydable peut m\u00e9langer jusqu&#8217;\u00e0 25 kg de viande par lot. Le r\u00e9servoir a une capacit\u00e9 de 30 litres et l&#8217;axe unique peut m\u00e9langer dans les deux sens. Vous pouvez ajouter des herbes, des noix ou des l\u00e9gumes \u00e0 la viande pour produire de savoureuses viandes mix\u00e9es. Id\u00e9al pour les bouchers, les restaurants et les cuisines collectives.<\/p>","protected":false},"featured_media":7222,"template":"","meta":{"_acf_changed":false},"product_brand":[],"product_cat":[480],"product_tag":[],"class_list":{"0":"post-14236","1":"product","2":"type-product","3":"status-publish","4":"has-post-thumbnail","6":"product_cat-batteurs-melangeurs-2","8":"first","9":"instock","10":"sale","11":"taxable","12":"shipping-taxable","13":"purchasable","14":"product-type-simple"},"acf":[],"yoast_head":"<!-- This site is optimized with the Yoast SEO plugin v27.5 - https:\/\/yoast.com\/product\/yoast-seo-wordpress\/ -->\n<title>M\u00e9langeur \u00e0 viande - 30 L - 25 kg viande - axle unique - manuel - Gastora<\/title>\n<meta name=\"description\" content=\"Achetez M\u00e9langeur \u00e0 viande - 30 L - 25 kg viande - axle unique - manuel au meilleur prix, fiable et performant avec une livraison rapide\" \/>\n<meta name=\"robots\" content=\"index, follow, max-snippet:-1, max-image-preview:large, max-video-preview:-1\" \/>\n<link rel=\"canonical\" href=\"https:\/\/gastora.eu\/en\/product\/mlangeur-viande-30-l-25-kg-viande-axle-unique-manuel\/\" \/>\n<meta property=\"og:locale\" content=\"en_US\" \/>\n<meta property=\"og:type\" content=\"article\" \/>\n<meta property=\"og:title\" content=\"M\u00e9langeur \u00e0 viande - 30 L - 25 kg viande - axle unique - manuel - Gastora\" \/>\n<meta property=\"og:description\" content=\"Achetez M\u00e9langeur \u00e0 viande - 30 L - 25 kg viande - axle unique - manuel au meilleur prix, fiable et performant avec une livraison rapide\" \/>\n<meta property=\"og:url\" content=\"https:\/\/gastora.eu\/en\/product\/mlangeur-viande-30-l-25-kg-viande-axle-unique-manuel\/\" \/>\n<meta property=\"og:site_name\" content=\"Gastora\" \/>\n<meta property=\"article:modified_time\" content=\"2026-04-28T16:56:08+00:00\" \/>\n<meta name=\"twitter:card\" content=\"summary_large_image\" \/>\n<meta name=\"twitter:label1\" content=\"Est. reading time\" \/>\n\t<meta name=\"twitter:data1\" content=\"2 minutes\" \/>\n<script type=\"application\/ld+json\" class=\"yoast-schema-graph\">{\"@context\":\"https:\\\/\\\/schema.org\",\"@graph\":[{\"@type\":\"WebPage\",\"@id\":\"https:\\\/\\\/gastora.eu\\\/product\\\/mlangeur-viande-30-l-25-kg-viande-axle-unique-manuel\\\/\",\"url\":\"https:\\\/\\\/gastora.eu\\\/product\\\/mlangeur-viande-30-l-25-kg-viande-axle-unique-manuel\\\/\",\"name\":\"M\u00e9langeur \u00e0 viande - 30 L - 25 kg viande - axle unique - manuel - Gastora\",\"isPartOf\":{\"@id\":\"https:\\\/\\\/gastora.eu\\\/#website\"},\"primaryImageOfPage\":{\"@id\":\"https:\\\/\\\/gastora.eu\\\/product\\\/mlangeur-viande-30-l-25-kg-viande-axle-unique-manuel\\\/#primaryimage\"},\"image\":{\"@id\":\"https:\\\/\\\/gastora.eu\\\/product\\\/mlangeur-viande-30-l-25-kg-viande-axle-unique-manuel\\\/#primaryimage\"},\"thumbnailUrl\":\"https:\\\/\\\/gastora.eu\\\/wp-content\\\/uploads\\\/2026\\\/04\\\/sp-005-61656ec6bc139.jpg\",\"datePublished\":\"2026-04-25T17:46:01+00:00\",\"dateModified\":\"2026-04-28T16:56:08+00:00\",\"description\":\"Achetez M\u00e9langeur \u00e0 viande - 30 L - 25 kg viande - axle unique - manuel au meilleur prix, fiable et performant avec une livraison rapide\",\"breadcrumb\":{\"@id\":\"https:\\\/\\\/gastora.eu\\\/product\\\/mlangeur-viande-30-l-25-kg-viande-axle-unique-manuel\\\/#breadcrumb\"},\"inLanguage\":\"en-US\",\"potentialAction\":[{\"@type\":\"ReadAction\",\"target\":[\"https:\\\/\\\/gastora.eu\\\/product\\\/mlangeur-viande-30-l-25-kg-viande-axle-unique-manuel\\\/\"]}]},{\"@type\":\"ImageObject\",\"inLanguage\":\"en-US\",\"@id\":\"https:\\\/\\\/gastora.eu\\\/product\\\/mlangeur-viande-30-l-25-kg-viande-axle-unique-manuel\\\/#primaryimage\",\"url\":\"https:\\\/\\\/gastora.eu\\\/wp-content\\\/uploads\\\/2026\\\/04\\\/sp-005-61656ec6bc139.jpg\",\"contentUrl\":\"https:\\\/\\\/gastora.eu\\\/wp-content\\\/uploads\\\/2026\\\/04\\\/sp-005-61656ec6bc139.jpg\",\"width\":2048,\"height\":2048},{\"@type\":\"BreadcrumbList\",\"@id\":\"https:\\\/\\\/gastora.eu\\\/product\\\/mlangeur-viande-30-l-25-kg-viande-axle-unique-manuel\\\/#breadcrumb\",\"itemListElement\":[{\"@type\":\"ListItem\",\"position\":1,\"name\":\"Home\",\"item\":\"https:\\\/\\\/gastora.eu\\\/\"},{\"@type\":\"ListItem\",\"position\":2,\"name\":\"Shop\",\"item\":\"https:\\\/\\\/gastora.eu\\\/shop\\\/\"},{\"@type\":\"ListItem\",\"position\":3,\"name\":\"M\u00e9langeur \u00e0 viande &#8211; 30 L &#8211; 25 kg viande &#8211; axle unique &#8211; manuel\"}]},{\"@type\":\"WebSite\",\"@id\":\"https:\\\/\\\/gastora.eu\\\/#website\",\"url\":\"https:\\\/\\\/gastora.eu\\\/\",\"name\":\"Gastora\",\"description\":\"\u00c9quipements professionnels CHR\",\"publisher\":{\"@id\":\"https:\\\/\\\/gastora.eu\\\/#organization\"},\"potentialAction\":[{\"@type\":\"SearchAction\",\"target\":{\"@type\":\"EntryPoint\",\"urlTemplate\":\"https:\\\/\\\/gastora.eu\\\/?s={search_term_string}\"},\"query-input\":{\"@type\":\"PropertyValueSpecification\",\"valueRequired\":true,\"valueName\":\"search_term_string\"}}],\"inLanguage\":\"en-US\"},{\"@type\":\"Organization\",\"@id\":\"https:\\\/\\\/gastora.eu\\\/#organization\",\"name\":\"Gastora\",\"url\":\"https:\\\/\\\/gastora.eu\\\/\",\"logo\":{\"@type\":\"ImageObject\",\"inLanguage\":\"en-US\",\"@id\":\"https:\\\/\\\/gastora.eu\\\/#\\\/schema\\\/logo\\\/image\\\/\",\"url\":\"https:\\\/\\\/gastora.eu\\\/wp-content\\\/uploads\\\/2025\\\/12\\\/ChatGPT-Image-2-janv.-2026-22_52_47-1.png\",\"contentUrl\":\"https:\\\/\\\/gastora.eu\\\/wp-content\\\/uploads\\\/2025\\\/12\\\/ChatGPT-Image-2-janv.-2026-22_52_47-1.png\",\"width\":1536,\"height\":320,\"caption\":\"Gastora\"},\"image\":{\"@id\":\"https:\\\/\\\/gastora.eu\\\/#\\\/schema\\\/logo\\\/image\\\/\"}}]}<\/script>\n<!-- \/ Yoast SEO plugin. -->","yoast_head_json":{"title":"M\u00e9langeur \u00e0 viande - 30 L - 25 kg viande - axle unique - manuel - Gastora","description":"Achetez M\u00e9langeur \u00e0 viande - 30 L - 25 kg viande - axle unique - manuel au meilleur prix, fiable et performant avec une livraison rapide","robots":{"index":"index","follow":"follow","max-snippet":"max-snippet:-1","max-image-preview":"max-image-preview:large","max-video-preview":"max-video-preview:-1"},"canonical":"https:\/\/gastora.eu\/en\/product\/mlangeur-viande-30-l-25-kg-viande-axle-unique-manuel\/","og_locale":"en_US","og_type":"article","og_title":"M\u00e9langeur \u00e0 viande - 30 L - 25 kg viande - axle unique - manuel - Gastora","og_description":"Achetez M\u00e9langeur \u00e0 viande - 30 L - 25 kg viande - axle unique - manuel au meilleur prix, fiable et performant avec une livraison rapide","og_url":"https:\/\/gastora.eu\/en\/product\/mlangeur-viande-30-l-25-kg-viande-axle-unique-manuel\/","og_site_name":"Gastora","article_modified_time":"2026-04-28T16:56:08+00:00","twitter_card":"summary_large_image","twitter_misc":{"Est. reading time":"2 minutes"},"schema":{"@context":"https:\/\/schema.org","@graph":[{"@type":"WebPage","@id":"https:\/\/gastora.eu\/product\/mlangeur-viande-30-l-25-kg-viande-axle-unique-manuel\/","url":"https:\/\/gastora.eu\/product\/mlangeur-viande-30-l-25-kg-viande-axle-unique-manuel\/","name":"M\u00e9langeur \u00e0 viande - 30 L - 25 kg viande - axle unique - manuel - Gastora","isPartOf":{"@id":"https:\/\/gastora.eu\/#website"},"primaryImageOfPage":{"@id":"https:\/\/gastora.eu\/product\/mlangeur-viande-30-l-25-kg-viande-axle-unique-manuel\/#primaryimage"},"image":{"@id":"https:\/\/gastora.eu\/product\/mlangeur-viande-30-l-25-kg-viande-axle-unique-manuel\/#primaryimage"},"thumbnailUrl":"https:\/\/gastora.eu\/wp-content\/uploads\/2026\/04\/sp-005-61656ec6bc139.jpg","datePublished":"2026-04-25T17:46:01+00:00","dateModified":"2026-04-28T16:56:08+00:00","description":"Achetez M\u00e9langeur \u00e0 viande - 30 L - 25 kg viande - axle unique - manuel au meilleur prix, fiable et performant avec une livraison rapide","breadcrumb":{"@id":"https:\/\/gastora.eu\/product\/mlangeur-viande-30-l-25-kg-viande-axle-unique-manuel\/#breadcrumb"},"inLanguage":"en-US","potentialAction":[{"@type":"ReadAction","target":["https:\/\/gastora.eu\/product\/mlangeur-viande-30-l-25-kg-viande-axle-unique-manuel\/"]}]},{"@type":"ImageObject","inLanguage":"en-US","@id":"https:\/\/gastora.eu\/product\/mlangeur-viande-30-l-25-kg-viande-axle-unique-manuel\/#primaryimage","url":"https:\/\/gastora.eu\/wp-content\/uploads\/2026\/04\/sp-005-61656ec6bc139.jpg","contentUrl":"https:\/\/gastora.eu\/wp-content\/uploads\/2026\/04\/sp-005-61656ec6bc139.jpg","width":2048,"height":2048},{"@type":"BreadcrumbList","@id":"https:\/\/gastora.eu\/product\/mlangeur-viande-30-l-25-kg-viande-axle-unique-manuel\/#breadcrumb","itemListElement":[{"@type":"ListItem","position":1,"name":"Home","item":"https:\/\/gastora.eu\/"},{"@type":"ListItem","position":2,"name":"Shop","item":"https:\/\/gastora.eu\/shop\/"},{"@type":"ListItem","position":3,"name":"M\u00e9langeur \u00e0 viande &#8211; 30 L &#8211; 25 kg viande &#8211; axle unique &#8211; manuel"}]},{"@type":"WebSite","@id":"https:\/\/gastora.eu\/#website","url":"https:\/\/gastora.eu\/","name":"Gastora","description":"\u00c9quipements professionnels CHR","publisher":{"@id":"https:\/\/gastora.eu\/#organization"},"potentialAction":[{"@type":"SearchAction","target":{"@type":"EntryPoint","urlTemplate":"https:\/\/gastora.eu\/?s={search_term_string}"},"query-input":{"@type":"PropertyValueSpecification","valueRequired":true,"valueName":"search_term_string"}}],"inLanguage":"en-US"},{"@type":"Organization","@id":"https:\/\/gastora.eu\/#organization","name":"Gastora","url":"https:\/\/gastora.eu\/","logo":{"@type":"ImageObject","inLanguage":"en-US","@id":"https:\/\/gastora.eu\/#\/schema\/logo\/image\/","url":"https:\/\/gastora.eu\/wp-content\/uploads\/2025\/12\/ChatGPT-Image-2-janv.-2026-22_52_47-1.png","contentUrl":"https:\/\/gastora.eu\/wp-content\/uploads\/2025\/12\/ChatGPT-Image-2-janv.-2026-22_52_47-1.png","width":1536,"height":320,"caption":"Gastora"},"image":{"@id":"https:\/\/gastora.eu\/#\/schema\/logo\/image\/"}}]}},"jetpack_sharing_enabled":true,"_links":{"self":[{"href":"https:\/\/gastora.eu\/en\/wp-json\/wp\/v2\/product\/14236","targetHints":{"allow":["GET"]}}],"collection":[{"href":"https:\/\/gastora.eu\/en\/wp-json\/wp\/v2\/product"}],"about":[{"href":"https:\/\/gastora.eu\/en\/wp-json\/wp\/v2\/types\/product"}],"wp:featuredmedia":[{"embeddable":true,"href":"https:\/\/gastora.eu\/en\/wp-json\/wp\/v2\/media\/7222"}],"wp:attachment":[{"href":"https:\/\/gastora.eu\/en\/wp-json\/wp\/v2\/media?parent=14236"}],"wp:term":[{"taxonomy":"product_brand","embeddable":true,"href":"https:\/\/gastora.eu\/en\/wp-json\/wp\/v2\/product_brand?post=14236"},{"taxonomy":"product_cat","embeddable":true,"href":"https:\/\/gastora.eu\/en\/wp-json\/wp\/v2\/product_cat?post=14236"},{"taxonomy":"product_tag","embeddable":true,"href":"https:\/\/gastora.eu\/en\/wp-json\/wp\/v2\/product_tag?post=14236"}],"curies":[{"name":"wp","href":"https:\/\/api.w.org\/{rel}","templated":true}]}}