{"id":14234,"date":"2026-04-25T17:45:59","date_gmt":"2026-04-25T17:45:59","guid":{"rendered":"https:\/\/gastora.eu\/?post_type=product&#038;p=14234"},"modified":"2026-04-28T16:56:08","modified_gmt":"2026-04-28T16:56:08","slug":"rcipient-gastronorm-11-gn-profondeur-2-cm-antiadhsif","status":"publish","type":"product","link":"https:\/\/gastora.eu\/en\/product\/rcipient-gastronorm-11-gn-profondeur-2-cm-antiadhsif\/","title":{"rendered":"R\u00e9cipient gastronorm &#8211; 1\/1 GN &#8211; profondeur 2 cm &#8211; antiadh\u00e9sif"},"content":{"rendered":"<p>Ce r\u00e9cipient Gastronorm avec rev\u00eatement anti-adh\u00e9sif en t\u00e9flon convient pour la friture et le r\u00f4tissage sans graisse. Vous n&#8217;avez pas besoin d&#8217;utiliser de papier sulfuris\u00e9 et pouvez placer les produits directement dans le r\u00e9cipient. Un r\u00e9cipient Gastronorm est en fait un must dans toute cuisine professionnelle de restauration. Ces r\u00e9cipients sont universels et peuvent \u00eatre utilis\u00e9s dans de nombreux appareils de cuisine diff\u00e9rents. Gastronorm est abr\u00e9g\u00e9 en GN et constitue une norme mondiale pour les dimensions et la profondeur des r\u00e9cipients et des couvercles. La plupart des appareils de cuisine sont adapt\u00e9s aux r\u00e9cipients GN. Faites attention aux dimensions afin d&#8217;avoir toujours les bons r\u00e9cipients chez vous <\/p>\n<h3>Id\u00e9al pour la pr\u00e9paration de la viande<\/h3>\n<p>Vous pouvez utiliser les r\u00e9cipients Gastronorm avec rev\u00eatement anti-adh\u00e9sif dans les fours, les r\u00e9frig\u00e9rateurs, les cong\u00e9lateurs, les saladettes, les comptoirs r\u00e9frig\u00e9r\u00e9s, les chariots \u00e0 plateaux, les vitrines, les bains-marie et les chafing dishes. Le rev\u00eatement anti-adh\u00e9sif est id\u00e9al pour la pr\u00e9paration de viandes telles que les escalopes ou les steaks. Il n&#8217;est pas n\u00e9cessaire de retourner les produits pour obtenir une belle couleur brune et croustillante sur le fond. Tous les r\u00e9cipients GN sont conformes aux exigences europ\u00e9ennes en mati\u00e8re de s\u00e9curit\u00e9 alimentaire. Les tailles sont grav\u00e9es sur le r\u00e9cipient GN en standard <\/p>\n<h3>Lavable au lave-vaisselle<\/h3>\n<p>Le r\u00e9cipient GN professionnel avec rev\u00eatement anti-adh\u00e9sif en t\u00e9flon est adapt\u00e9 \u00e0 une utilisation quotidienne intensive. Il peut r\u00e9sister \u00e0 des temp\u00e9ratures comprises entre -30 et 400\u2070C. De plus, vous pouvez parfaitement ranger ces r\u00e9cipients car ils sont empilables. Le nettoyage se fait facilement dans le lave-vaisselle. Apr\u00e8s le lavage, il est toutefois utile d&#8217;essuyer le r\u00e9cipient avec un chiffon doux avant de l&#8217;utiliser ou de le ranger \u00e0 nouveau.<\/p>\n<ul>\n<li>Convient pour les fours, les r\u00e9frig\u00e9rateurs, les bains-marie et les chafing dishes<\/li>\n<li>Facile \u00e0 nettoyer gr\u00e2ce \u00e0 sa finition lisse<\/li>\n<li>Bords pli\u00e9s et coins arrondis pour plus de solidit\u00e9<\/li>\n<li>Utilisation facile et s\u00fbre gr\u00e2ce \u00e0 la finition des coins et des bords<\/li>\n<li>Parfait pour le rangement gr\u00e2ce \u00e0 la possibilit\u00e9 d&#8217;empiler les r\u00e9cipients GN<\/li>\n<li>Conforme aux exigences europ\u00e9ennes en mati\u00e8re de s\u00e9curit\u00e9 alimentaire<\/li>\n<li>Haute qualit\u00e9 0,6 mm, adapt\u00e9e \u00e0 un usage professionnel<\/li>\n<li>Taille Gastronorm grav\u00e9e sur le produit<\/li>\n<li>Peut r\u00e9sister \u00e0 des temp\u00e9ratures allant de -40\u00b0C \u00e0 250\u00b0C<\/li>\n<li>Ce produit est compatible avec le lave-vaisselle<\/li>\n<\/ul>\n<ul>\n<li>Taille Gastronorm : 1\/1 GN<\/li>\n<li>Dimensions : 530 x 325 mm<\/li>\n<li>Profondeur : 20 mm<\/li>\n<li>Contenu : 2.8L<\/li>\n<\/ul>\n<p><strong>Les r\u00e9cipients GN et les couvercles de mat\u00e9riaux diff\u00e9rents ne sont pas interchangeables.<\/strong><\/p>\n<ul>\n<li>Format Gastronorm : 1\/1 GN\n<\/li>\n<li>Dimensions : 53 x 32,5cm\n<\/li>\n<li>Profondeur : 2cm\n<\/li>\n<li>Capacit\u00e9 : 2,8L<br \/>","protected":false},"excerpt":{"rendered":"<p>Dans ce r\u00e9cipient Gastronorm 1\/1 avec rev\u00eatement anti-adh\u00e9sif en t\u00e9flon, d&#8217;une profondeur de 2 cm, vous pouvez cuisiner sans graisse. Il n&#8217;est pas n\u00e9cessaire de retourner les produits et le dessous reste bien dor\u00e9. Avec ses dimensions de 53 x 32,5 cm, ce r\u00e9cipient convient aux pizzas ou aux g\u00e2teaux.<\/p>","protected":false},"featured_media":7218,"template":"","meta":{"_acf_changed":false},"product_brand":[],"product_cat":[498],"product_tag":[],"class_list":{"0":"post-14234","1":"product","2":"type-product","3":"status-publish","4":"has-post-thumbnail","6":"product_cat-bacs-gn-couvercles-2","8":"first","9":"instock","10":"sale","11":"taxable","12":"shipping-taxable","13":"purchasable","14":"product-type-simple"},"acf":[],"yoast_head":"<!-- This site is optimized with the Yoast SEO plugin v27.5 - https:\/\/yoast.com\/product\/yoast-seo-wordpress\/ -->\n<title>R\u00e9cipient gastronorm - 1\/1 GN - profondeur 2 cm - antiadh\u00e9sif - Gastora<\/title>\n<meta name=\"description\" content=\"Achetez R\u00e9cipient gastronorm - 1\/1 GN - profondeur 2 cm - antiadh\u00e9sif au meilleur prix, fiable et performant avec une livraison rapide\" \/>\n<meta name=\"robots\" content=\"index, follow, max-snippet:-1, max-image-preview:large, max-video-preview:-1\" \/>\n<link rel=\"canonical\" href=\"https:\/\/gastora.eu\/en\/product\/rcipient-gastronorm-11-gn-profondeur-2-cm-antiadhsif\/\" \/>\n<meta property=\"og:locale\" content=\"en_US\" \/>\n<meta property=\"og:type\" content=\"article\" \/>\n<meta property=\"og:title\" content=\"R\u00e9cipient gastronorm - 1\/1 GN - profondeur 2 cm - antiadh\u00e9sif - Gastora\" \/>\n<meta property=\"og:description\" content=\"Achetez R\u00e9cipient gastronorm - 1\/1 GN - profondeur 2 cm - antiadh\u00e9sif au meilleur prix, fiable et performant avec une livraison rapide\" \/>\n<meta property=\"og:url\" content=\"https:\/\/gastora.eu\/en\/product\/rcipient-gastronorm-11-gn-profondeur-2-cm-antiadhsif\/\" \/>\n<meta property=\"og:site_name\" content=\"Gastora\" \/>\n<meta property=\"article:modified_time\" content=\"2026-04-28T16:56:08+00:00\" \/>\n<meta name=\"twitter:card\" content=\"summary_large_image\" \/>\n<meta name=\"twitter:label1\" content=\"Est. reading time\" \/>\n\t<meta name=\"twitter:data1\" content=\"2 minutes\" \/>\n<script type=\"application\/ld+json\" class=\"yoast-schema-graph\">{\"@context\":\"https:\\\/\\\/schema.org\",\"@graph\":[{\"@type\":\"WebPage\",\"@id\":\"https:\\\/\\\/gastora.eu\\\/product\\\/rcipient-gastronorm-11-gn-profondeur-2-cm-antiadhsif\\\/\",\"url\":\"https:\\\/\\\/gastora.eu\\\/product\\\/rcipient-gastronorm-11-gn-profondeur-2-cm-antiadhsif\\\/\",\"name\":\"R\u00e9cipient gastronorm - 1\\\/1 GN - profondeur 2 cm - antiadh\u00e9sif - Gastora\",\"isPartOf\":{\"@id\":\"https:\\\/\\\/gastora.eu\\\/#website\"},\"primaryImageOfPage\":{\"@id\":\"https:\\\/\\\/gastora.eu\\\/product\\\/rcipient-gastronorm-11-gn-profondeur-2-cm-antiadhsif\\\/#primaryimage\"},\"image\":{\"@id\":\"https:\\\/\\\/gastora.eu\\\/product\\\/rcipient-gastronorm-11-gn-profondeur-2-cm-antiadhsif\\\/#primaryimage\"},\"thumbnailUrl\":\"https:\\\/\\\/gastora.eu\\\/wp-content\\\/uploads\\\/2026\\\/04\\\/8719632125945_img0004.jpg\",\"datePublished\":\"2026-04-25T17:45:59+00:00\",\"dateModified\":\"2026-04-28T16:56:08+00:00\",\"description\":\"Achetez R\u00e9cipient gastronorm - 1\\\/1 GN - profondeur 2 cm - antiadh\u00e9sif au meilleur prix, fiable et performant avec une livraison rapide\",\"breadcrumb\":{\"@id\":\"https:\\\/\\\/gastora.eu\\\/product\\\/rcipient-gastronorm-11-gn-profondeur-2-cm-antiadhsif\\\/#breadcrumb\"},\"inLanguage\":\"en-US\",\"potentialAction\":[{\"@type\":\"ReadAction\",\"target\":[\"https:\\\/\\\/gastora.eu\\\/product\\\/rcipient-gastronorm-11-gn-profondeur-2-cm-antiadhsif\\\/\"]}]},{\"@type\":\"ImageObject\",\"inLanguage\":\"en-US\",\"@id\":\"https:\\\/\\\/gastora.eu\\\/product\\\/rcipient-gastronorm-11-gn-profondeur-2-cm-antiadhsif\\\/#primaryimage\",\"url\":\"https:\\\/\\\/gastora.eu\\\/wp-content\\\/uploads\\\/2026\\\/04\\\/8719632125945_img0004.jpg\",\"contentUrl\":\"https:\\\/\\\/gastora.eu\\\/wp-content\\\/uploads\\\/2026\\\/04\\\/8719632125945_img0004.jpg\",\"width\":1200,\"height\":1200},{\"@type\":\"BreadcrumbList\",\"@id\":\"https:\\\/\\\/gastora.eu\\\/product\\\/rcipient-gastronorm-11-gn-profondeur-2-cm-antiadhsif\\\/#breadcrumb\",\"itemListElement\":[{\"@type\":\"ListItem\",\"position\":1,\"name\":\"Home\",\"item\":\"https:\\\/\\\/gastora.eu\\\/\"},{\"@type\":\"ListItem\",\"position\":2,\"name\":\"Shop\",\"item\":\"https:\\\/\\\/gastora.eu\\\/shop\\\/\"},{\"@type\":\"ListItem\",\"position\":3,\"name\":\"R\u00e9cipient gastronorm &#8211; 1\\\/1 GN &#8211; profondeur 2 cm &#8211; antiadh\u00e9sif\"}]},{\"@type\":\"WebSite\",\"@id\":\"https:\\\/\\\/gastora.eu\\\/#website\",\"url\":\"https:\\\/\\\/gastora.eu\\\/\",\"name\":\"Gastora\",\"description\":\"\u00c9quipements professionnels CHR\",\"publisher\":{\"@id\":\"https:\\\/\\\/gastora.eu\\\/#organization\"},\"potentialAction\":[{\"@type\":\"SearchAction\",\"target\":{\"@type\":\"EntryPoint\",\"urlTemplate\":\"https:\\\/\\\/gastora.eu\\\/?s={search_term_string}\"},\"query-input\":{\"@type\":\"PropertyValueSpecification\",\"valueRequired\":true,\"valueName\":\"search_term_string\"}}],\"inLanguage\":\"en-US\"},{\"@type\":\"Organization\",\"@id\":\"https:\\\/\\\/gastora.eu\\\/#organization\",\"name\":\"Gastora\",\"url\":\"https:\\\/\\\/gastora.eu\\\/\",\"logo\":{\"@type\":\"ImageObject\",\"inLanguage\":\"en-US\",\"@id\":\"https:\\\/\\\/gastora.eu\\\/#\\\/schema\\\/logo\\\/image\\\/\",\"url\":\"https:\\\/\\\/gastora.eu\\\/wp-content\\\/uploads\\\/2025\\\/12\\\/ChatGPT-Image-2-janv.-2026-22_52_47-1.png\",\"contentUrl\":\"https:\\\/\\\/gastora.eu\\\/wp-content\\\/uploads\\\/2025\\\/12\\\/ChatGPT-Image-2-janv.-2026-22_52_47-1.png\",\"width\":1536,\"height\":320,\"caption\":\"Gastora\"},\"image\":{\"@id\":\"https:\\\/\\\/gastora.eu\\\/#\\\/schema\\\/logo\\\/image\\\/\"}}]}<\/script>\n<!-- \/ Yoast SEO plugin. -->","yoast_head_json":{"title":"R\u00e9cipient gastronorm - 1\/1 GN - profondeur 2 cm - antiadh\u00e9sif - Gastora","description":"Achetez R\u00e9cipient gastronorm - 1\/1 GN - profondeur 2 cm - antiadh\u00e9sif au meilleur prix, fiable et performant avec une livraison rapide","robots":{"index":"index","follow":"follow","max-snippet":"max-snippet:-1","max-image-preview":"max-image-preview:large","max-video-preview":"max-video-preview:-1"},"canonical":"https:\/\/gastora.eu\/en\/product\/rcipient-gastronorm-11-gn-profondeur-2-cm-antiadhsif\/","og_locale":"en_US","og_type":"article","og_title":"R\u00e9cipient gastronorm - 1\/1 GN - profondeur 2 cm - antiadh\u00e9sif - Gastora","og_description":"Achetez R\u00e9cipient gastronorm - 1\/1 GN - profondeur 2 cm - antiadh\u00e9sif au meilleur prix, fiable et performant avec une livraison rapide","og_url":"https:\/\/gastora.eu\/en\/product\/rcipient-gastronorm-11-gn-profondeur-2-cm-antiadhsif\/","og_site_name":"Gastora","article_modified_time":"2026-04-28T16:56:08+00:00","twitter_card":"summary_large_image","twitter_misc":{"Est. reading time":"2 minutes"},"schema":{"@context":"https:\/\/schema.org","@graph":[{"@type":"WebPage","@id":"https:\/\/gastora.eu\/product\/rcipient-gastronorm-11-gn-profondeur-2-cm-antiadhsif\/","url":"https:\/\/gastora.eu\/product\/rcipient-gastronorm-11-gn-profondeur-2-cm-antiadhsif\/","name":"R\u00e9cipient gastronorm - 1\/1 GN - profondeur 2 cm - antiadh\u00e9sif - Gastora","isPartOf":{"@id":"https:\/\/gastora.eu\/#website"},"primaryImageOfPage":{"@id":"https:\/\/gastora.eu\/product\/rcipient-gastronorm-11-gn-profondeur-2-cm-antiadhsif\/#primaryimage"},"image":{"@id":"https:\/\/gastora.eu\/product\/rcipient-gastronorm-11-gn-profondeur-2-cm-antiadhsif\/#primaryimage"},"thumbnailUrl":"https:\/\/gastora.eu\/wp-content\/uploads\/2026\/04\/8719632125945_img0004.jpg","datePublished":"2026-04-25T17:45:59+00:00","dateModified":"2026-04-28T16:56:08+00:00","description":"Achetez R\u00e9cipient gastronorm - 1\/1 GN - profondeur 2 cm - antiadh\u00e9sif au meilleur prix, fiable et performant avec une livraison rapide","breadcrumb":{"@id":"https:\/\/gastora.eu\/product\/rcipient-gastronorm-11-gn-profondeur-2-cm-antiadhsif\/#breadcrumb"},"inLanguage":"en-US","potentialAction":[{"@type":"ReadAction","target":["https:\/\/gastora.eu\/product\/rcipient-gastronorm-11-gn-profondeur-2-cm-antiadhsif\/"]}]},{"@type":"ImageObject","inLanguage":"en-US","@id":"https:\/\/gastora.eu\/product\/rcipient-gastronorm-11-gn-profondeur-2-cm-antiadhsif\/#primaryimage","url":"https:\/\/gastora.eu\/wp-content\/uploads\/2026\/04\/8719632125945_img0004.jpg","contentUrl":"https:\/\/gastora.eu\/wp-content\/uploads\/2026\/04\/8719632125945_img0004.jpg","width":1200,"height":1200},{"@type":"BreadcrumbList","@id":"https:\/\/gastora.eu\/product\/rcipient-gastronorm-11-gn-profondeur-2-cm-antiadhsif\/#breadcrumb","itemListElement":[{"@type":"ListItem","position":1,"name":"Home","item":"https:\/\/gastora.eu\/"},{"@type":"ListItem","position":2,"name":"Shop","item":"https:\/\/gastora.eu\/shop\/"},{"@type":"ListItem","position":3,"name":"R\u00e9cipient gastronorm &#8211; 1\/1 GN &#8211; profondeur 2 cm &#8211; antiadh\u00e9sif"}]},{"@type":"WebSite","@id":"https:\/\/gastora.eu\/#website","url":"https:\/\/gastora.eu\/","name":"Gastora","description":"\u00c9quipements professionnels CHR","publisher":{"@id":"https:\/\/gastora.eu\/#organization"},"potentialAction":[{"@type":"SearchAction","target":{"@type":"EntryPoint","urlTemplate":"https:\/\/gastora.eu\/?s={search_term_string}"},"query-input":{"@type":"PropertyValueSpecification","valueRequired":true,"valueName":"search_term_string"}}],"inLanguage":"en-US"},{"@type":"Organization","@id":"https:\/\/gastora.eu\/#organization","name":"Gastora","url":"https:\/\/gastora.eu\/","logo":{"@type":"ImageObject","inLanguage":"en-US","@id":"https:\/\/gastora.eu\/#\/schema\/logo\/image\/","url":"https:\/\/gastora.eu\/wp-content\/uploads\/2025\/12\/ChatGPT-Image-2-janv.-2026-22_52_47-1.png","contentUrl":"https:\/\/gastora.eu\/wp-content\/uploads\/2025\/12\/ChatGPT-Image-2-janv.-2026-22_52_47-1.png","width":1536,"height":320,"caption":"Gastora"},"image":{"@id":"https:\/\/gastora.eu\/#\/schema\/logo\/image\/"}}]}},"jetpack_sharing_enabled":true,"_links":{"self":[{"href":"https:\/\/gastora.eu\/en\/wp-json\/wp\/v2\/product\/14234","targetHints":{"allow":["GET"]}}],"collection":[{"href":"https:\/\/gastora.eu\/en\/wp-json\/wp\/v2\/product"}],"about":[{"href":"https:\/\/gastora.eu\/en\/wp-json\/wp\/v2\/types\/product"}],"wp:featuredmedia":[{"embeddable":true,"href":"https:\/\/gastora.eu\/en\/wp-json\/wp\/v2\/media\/7218"}],"wp:attachment":[{"href":"https:\/\/gastora.eu\/en\/wp-json\/wp\/v2\/media?parent=14234"}],"wp:term":[{"taxonomy":"product_brand","embeddable":true,"href":"https:\/\/gastora.eu\/en\/wp-json\/wp\/v2\/product_brand?post=14234"},{"taxonomy":"product_cat","embeddable":true,"href":"https:\/\/gastora.eu\/en\/wp-json\/wp\/v2\/product_cat?post=14234"},{"taxonomy":"product_tag","embeddable":true,"href":"https:\/\/gastora.eu\/en\/wp-json\/wp\/v2\/product_tag?post=14234"}],"curies":[{"name":"wp","href":"https:\/\/api.w.org\/{rel}","templated":true}]}}