{"id":14230,"date":"2026-04-25T17:45:55","date_gmt":"2026-04-25T17:45:55","guid":{"rendered":"https:\/\/gastora.eu\/?post_type=product&#038;p=14230"},"modified":"2026-04-28T16:56:08","modified_gmt":"2026-04-28T16:56:08","slug":"machine-emballer-sous-vide-joint-60-cm-w76-x-d60-x-h16-cm-double-chambre","status":"publish","type":"product","link":"https:\/\/gastora.eu\/en\/product\/machine-emballer-sous-vide-joint-60-cm-w76-x-d60-x-h16-cm-double-chambre\/","title":{"rendered":"Machine \u00e0 emballer sous vide &#8211; joint 60 cm &#8211; W76 x D60 x H16 cm double chambre"},"content":{"rendered":"<p>Lorsqu&#8217;on travaille dans le secteur de la restauration avec de grandes quantit\u00e9s de produits, une machine \u00e0 emballer sous vide professionnelle est indispensable. Ce mod\u00e8le a une grande capacit\u00e9 de production, gr\u00e2ce \u00e0 ses deux chambres de scellage s\u00e9par\u00e9es. Chaque chambre est \u00e9quip\u00e9e de deux barres de soudure, ce qui permet d&#8217;utiliser simultan\u00e9ment deux sacs de 50 x 55 cm maximum. Vous pouvez ainsi mettre sous vide deux fois plus d&#8217;aliments en m\u00eame temps. C&#8217;est l&#8217;id\u00e9al pour conserver les aliments au r\u00e9frig\u00e9rateur ou les congeler. Non seulement les produits se conservent plus longtemps, mais vous gagnez \u00e9galement de la place dans le r\u00e9frig\u00e9rateur. La mise sous vide pr\u00e9sente \u00e9galement un autre avantage : elle permet d&#8217;\u00e9viter les br\u00fblures de cong\u00e9lation. Gr\u00e2ce \u00e0 la mise sous vide, l&#8217;air ne p\u00e9n\u00e8tre pas dans les aliments \u00e0 congeler, ce qui r\u00e9duit les br\u00fblures de cong\u00e9lation. Non seulement vos produits se conservent plus longtemps, mais ils ont aussi l&#8217;air plus frais.<\/p>\n<h3>Fonctionnement simple<\/h3>\n<p>Avec cette machine \u00e0 emballer sous vide professionnelle, les produits sont emball\u00e9s de mani\u00e8re enti\u00e8rement automatique. Le syst\u00e8me \u00e0 double chambre est facile \u00e0 utiliser gr\u00e2ce au panneau de commande convivial. La machine est enti\u00e8rement r\u00e9glable pour r\u00e9pondre \u00e0 vos besoins. Par exemple, vous pouvez r\u00e9gler le temps de scellage, mais aussi la temp\u00e9rature, la pression du vide et le temps de refroidissement. L&#8217;utilisation de cette machine \u00e0 emballer est simple : mettez le produit alimentaire dans le sac sous vide et placez-le sur la barre de soudure avec l&#8217;ouverture vers le haut. Fermez le couvercle et mettez la machine en marche. Cette machine est id\u00e9ale pour sceller des aliments de grande taille, comme des morceaux de viande, gr\u00e2ce \u00e0 sa double bande de scellage de 60 cm.<\/p>\n<h3>Nettoyage facile<\/h3>\n<p>Le bo\u00eetier et l&#8217;int\u00e9rieur de la machine d&#8217;emballage sont en acier inoxydable. Ils sont donc \u00e0 la fois robustes et tr\u00e8s faciles \u00e0 nettoyer. Un chiffon humide, de l&#8217;eau et un d\u00e9tergent doux suffisent pour assurer un nettoyage en profondeur. Il suffit d&#8217;essuyer toutes les surfaces. Apr\u00e8s le nettoyage, s\u00e9chez toutes les pi\u00e8ces avec un chiffon doux.<\/p>\n<p><strong>Caract\u00e9ristiques<\/strong><\/p>\n<ul>\n<li>Interrupteur de s\u00e9curit\u00e9 dans le couvercle<\/li>\n<li>Panneau de commande num\u00e9rique<\/li>\n<li>Mobile, sur quatre roues<\/li>\n<li>Cycle d&#8217;emballage enti\u00e8rement automatique<\/li>\n<li>Deux bandes d&#8217;\u00e9tanch\u00e9it\u00e9 dans la chambre<\/li>\n<li>Bo\u00eetier et chambre en acier inoxydable<\/li>\n<\/ul>\n<p><strong>Caract\u00e9ristiques du produit<\/strong><\/p>\n<ul>\n<li>Poids net : 285 kg<\/li>\n<li>Dimensions de la barre de soudure : 60 x 0,8cm<\/li>\n<li>Dimensions de la chambre : L76 x P60 x H16cm<\/li>\n<li>Dimensions ext\u00e9rieures : L151 x P68,5 x H96cm<\/li>\n<li>Capacit\u00e9 de la pompe \u00e0 vide : 2 x 20 m\u00b3p\/h<\/li>\n<li>Pression du vide : 0,5 mbar<\/li>\n<li>230V \/ 50Hz \/ 1 phase 2 x 750W<\/li>\n<\/ul>\n<p><em>Inclus :<\/em><\/p>\n<ul>\n<li>Kit d&#8217;entretien pour la maintenance de base<\/li>\n<\/ul>","protected":false},"excerpt":{"rendered":"<p>Cette grande machine \u00e0 emballer sous vide professionnelle dispose de deux chambres de scellage s\u00e9par\u00e9es pour une capacit\u00e9 de scellage encore plus \u00e9lev\u00e9e. Il y a deux barres de soudure par chambre, ce qui permet d&#8217;utiliser au total quatre sacs sous vide de 50 x 55 cm. Cette machine convient parfaitement aux cuisines professionnelles tr\u00e8s occup\u00e9es qui cherchent \u00e0 conserver les aliments plus longtemps.<\/p>","protected":false},"featured_media":7210,"template":"","meta":{"_acf_changed":false},"product_brand":[],"product_cat":[41],"product_tag":[],"class_list":{"0":"post-14230","1":"product","2":"type-product","3":"status-publish","4":"has-post-thumbnail","6":"product_cat-preparation","8":"first","9":"instock","10":"sale","11":"taxable","12":"shipping-taxable","13":"purchasable","14":"product-type-simple"},"acf":[],"yoast_head":"<!-- This site is optimized with the Yoast SEO plugin v27.6 - https:\/\/yoast.com\/product\/yoast-seo-wordpress\/ -->\n<title>Machine \u00e0 emballer sous vide - joint 60 cm - W76 x D60 x H16 cm double chambre - Gastora<\/title>\n<meta name=\"description\" content=\"Achetez Machine \u00e0 emballer sous vide - joint 60 cm - W76 x D60 x H16 cm double chambre au meilleur prix, fiable et performant avec une livraison rapide\" \/>\n<meta name=\"robots\" content=\"index, follow, max-snippet:-1, max-image-preview:large, max-video-preview:-1\" \/>\n<link rel=\"canonical\" href=\"https:\/\/gastora.eu\/en\/product\/machine-emballer-sous-vide-joint-60-cm-w76-x-d60-x-h16-cm-double-chambre\/\" \/>\n<meta property=\"og:locale\" content=\"en_US\" \/>\n<meta property=\"og:type\" content=\"article\" \/>\n<meta property=\"og:title\" content=\"Machine \u00e0 emballer sous vide - joint 60 cm - W76 x D60 x H16 cm double chambre - Gastora\" \/>\n<meta property=\"og:description\" content=\"Achetez Machine \u00e0 emballer sous vide - joint 60 cm - W76 x D60 x H16 cm double chambre au meilleur prix, fiable et performant avec une livraison rapide\" \/>\n<meta property=\"og:url\" content=\"https:\/\/gastora.eu\/en\/product\/machine-emballer-sous-vide-joint-60-cm-w76-x-d60-x-h16-cm-double-chambre\/\" \/>\n<meta property=\"og:site_name\" content=\"Gastora\" \/>\n<meta property=\"article:modified_time\" content=\"2026-04-28T16:56:08+00:00\" \/>\n<meta name=\"twitter:card\" content=\"summary_large_image\" \/>\n<meta name=\"twitter:label1\" content=\"Est. reading time\" \/>\n\t<meta name=\"twitter:data1\" content=\"2 minutes\" \/>\n<script type=\"application\/ld+json\" class=\"yoast-schema-graph\">{\"@context\":\"https:\\\/\\\/schema.org\",\"@graph\":[{\"@type\":\"WebPage\",\"@id\":\"https:\\\/\\\/gastora.eu\\\/product\\\/machine-emballer-sous-vide-joint-60-cm-w76-x-d60-x-h16-cm-double-chambre\\\/\",\"url\":\"https:\\\/\\\/gastora.eu\\\/product\\\/machine-emballer-sous-vide-joint-60-cm-w76-x-d60-x-h16-cm-double-chambre\\\/\",\"name\":\"Machine \u00e0 emballer sous vide - joint 60 cm - W76 x D60 x H16 cm double chambre - Gastora\",\"isPartOf\":{\"@id\":\"https:\\\/\\\/gastora.eu\\\/#website\"},\"primaryImageOfPage\":{\"@id\":\"https:\\\/\\\/gastora.eu\\\/product\\\/machine-emballer-sous-vide-joint-60-cm-w76-x-d60-x-h16-cm-double-chambre\\\/#primaryimage\"},\"image\":{\"@id\":\"https:\\\/\\\/gastora.eu\\\/product\\\/machine-emballer-sous-vide-joint-60-cm-w76-x-d60-x-h16-cm-double-chambre\\\/#primaryimage\"},\"thumbnailUrl\":\"https:\\\/\\\/gastora.eu\\\/wp-content\\\/uploads\\\/2026\\\/04\\\/1_mvac_600_9678.jpg\",\"datePublished\":\"2026-04-25T17:45:55+00:00\",\"dateModified\":\"2026-04-28T16:56:08+00:00\",\"description\":\"Achetez Machine \u00e0 emballer sous vide - joint 60 cm - W76 x D60 x H16 cm double chambre au meilleur prix, fiable et performant avec une livraison rapide\",\"breadcrumb\":{\"@id\":\"https:\\\/\\\/gastora.eu\\\/product\\\/machine-emballer-sous-vide-joint-60-cm-w76-x-d60-x-h16-cm-double-chambre\\\/#breadcrumb\"},\"inLanguage\":\"en-US\",\"potentialAction\":[{\"@type\":\"ReadAction\",\"target\":[\"https:\\\/\\\/gastora.eu\\\/product\\\/machine-emballer-sous-vide-joint-60-cm-w76-x-d60-x-h16-cm-double-chambre\\\/\"]}]},{\"@type\":\"ImageObject\",\"inLanguage\":\"en-US\",\"@id\":\"https:\\\/\\\/gastora.eu\\\/product\\\/machine-emballer-sous-vide-joint-60-cm-w76-x-d60-x-h16-cm-double-chambre\\\/#primaryimage\",\"url\":\"https:\\\/\\\/gastora.eu\\\/wp-content\\\/uploads\\\/2026\\\/04\\\/1_mvac_600_9678.jpg\",\"contentUrl\":\"https:\\\/\\\/gastora.eu\\\/wp-content\\\/uploads\\\/2026\\\/04\\\/1_mvac_600_9678.jpg\",\"width\":1200,\"height\":1200},{\"@type\":\"BreadcrumbList\",\"@id\":\"https:\\\/\\\/gastora.eu\\\/product\\\/machine-emballer-sous-vide-joint-60-cm-w76-x-d60-x-h16-cm-double-chambre\\\/#breadcrumb\",\"itemListElement\":[{\"@type\":\"ListItem\",\"position\":1,\"name\":\"Home\",\"item\":\"https:\\\/\\\/gastora.eu\\\/\"},{\"@type\":\"ListItem\",\"position\":2,\"name\":\"Shop\",\"item\":\"https:\\\/\\\/gastora.eu\\\/shop\\\/\"},{\"@type\":\"ListItem\",\"position\":3,\"name\":\"Machine \u00e0 emballer sous vide &#8211; joint 60 cm &#8211; W76 x D60 x H16 cm double chambre\"}]},{\"@type\":\"WebSite\",\"@id\":\"https:\\\/\\\/gastora.eu\\\/#website\",\"url\":\"https:\\\/\\\/gastora.eu\\\/\",\"name\":\"Gastora\",\"description\":\"\u00c9quipements professionnels CHR\",\"publisher\":{\"@id\":\"https:\\\/\\\/gastora.eu\\\/#organization\"},\"potentialAction\":[{\"@type\":\"SearchAction\",\"target\":{\"@type\":\"EntryPoint\",\"urlTemplate\":\"https:\\\/\\\/gastora.eu\\\/?s={search_term_string}\"},\"query-input\":{\"@type\":\"PropertyValueSpecification\",\"valueRequired\":true,\"valueName\":\"search_term_string\"}}],\"inLanguage\":\"en-US\"},{\"@type\":\"Organization\",\"@id\":\"https:\\\/\\\/gastora.eu\\\/#organization\",\"name\":\"Gastora\",\"url\":\"https:\\\/\\\/gastora.eu\\\/\",\"logo\":{\"@type\":\"ImageObject\",\"inLanguage\":\"en-US\",\"@id\":\"https:\\\/\\\/gastora.eu\\\/#\\\/schema\\\/logo\\\/image\\\/\",\"url\":\"https:\\\/\\\/gastora.eu\\\/wp-content\\\/uploads\\\/2025\\\/12\\\/ChatGPT-Image-2-janv.-2026-22_52_47-1.png\",\"contentUrl\":\"https:\\\/\\\/gastora.eu\\\/wp-content\\\/uploads\\\/2025\\\/12\\\/ChatGPT-Image-2-janv.-2026-22_52_47-1.png\",\"width\":1536,\"height\":320,\"caption\":\"Gastora\"},\"image\":{\"@id\":\"https:\\\/\\\/gastora.eu\\\/#\\\/schema\\\/logo\\\/image\\\/\"}}]}<\/script>\n<!-- \/ Yoast SEO plugin. -->","yoast_head_json":{"title":"Machine \u00e0 emballer sous vide - joint 60 cm - W76 x D60 x H16 cm double chambre - Gastora","description":"Achetez Machine \u00e0 emballer sous vide - joint 60 cm - W76 x D60 x H16 cm double chambre au meilleur prix, fiable et performant avec une livraison rapide","robots":{"index":"index","follow":"follow","max-snippet":"max-snippet:-1","max-image-preview":"max-image-preview:large","max-video-preview":"max-video-preview:-1"},"canonical":"https:\/\/gastora.eu\/en\/product\/machine-emballer-sous-vide-joint-60-cm-w76-x-d60-x-h16-cm-double-chambre\/","og_locale":"en_US","og_type":"article","og_title":"Machine \u00e0 emballer sous vide - joint 60 cm - W76 x D60 x H16 cm double chambre - Gastora","og_description":"Achetez Machine \u00e0 emballer sous vide - joint 60 cm - W76 x D60 x H16 cm double chambre au meilleur prix, fiable et performant avec une livraison rapide","og_url":"https:\/\/gastora.eu\/en\/product\/machine-emballer-sous-vide-joint-60-cm-w76-x-d60-x-h16-cm-double-chambre\/","og_site_name":"Gastora","article_modified_time":"2026-04-28T16:56:08+00:00","twitter_card":"summary_large_image","twitter_misc":{"Est. reading time":"2 minutes"},"schema":{"@context":"https:\/\/schema.org","@graph":[{"@type":"WebPage","@id":"https:\/\/gastora.eu\/product\/machine-emballer-sous-vide-joint-60-cm-w76-x-d60-x-h16-cm-double-chambre\/","url":"https:\/\/gastora.eu\/product\/machine-emballer-sous-vide-joint-60-cm-w76-x-d60-x-h16-cm-double-chambre\/","name":"Machine \u00e0 emballer sous vide - joint 60 cm - W76 x D60 x H16 cm double chambre - Gastora","isPartOf":{"@id":"https:\/\/gastora.eu\/#website"},"primaryImageOfPage":{"@id":"https:\/\/gastora.eu\/product\/machine-emballer-sous-vide-joint-60-cm-w76-x-d60-x-h16-cm-double-chambre\/#primaryimage"},"image":{"@id":"https:\/\/gastora.eu\/product\/machine-emballer-sous-vide-joint-60-cm-w76-x-d60-x-h16-cm-double-chambre\/#primaryimage"},"thumbnailUrl":"https:\/\/gastora.eu\/wp-content\/uploads\/2026\/04\/1_mvac_600_9678.jpg","datePublished":"2026-04-25T17:45:55+00:00","dateModified":"2026-04-28T16:56:08+00:00","description":"Achetez Machine \u00e0 emballer sous vide - joint 60 cm - W76 x D60 x H16 cm double chambre au meilleur prix, fiable et performant avec une livraison rapide","breadcrumb":{"@id":"https:\/\/gastora.eu\/product\/machine-emballer-sous-vide-joint-60-cm-w76-x-d60-x-h16-cm-double-chambre\/#breadcrumb"},"inLanguage":"en-US","potentialAction":[{"@type":"ReadAction","target":["https:\/\/gastora.eu\/product\/machine-emballer-sous-vide-joint-60-cm-w76-x-d60-x-h16-cm-double-chambre\/"]}]},{"@type":"ImageObject","inLanguage":"en-US","@id":"https:\/\/gastora.eu\/product\/machine-emballer-sous-vide-joint-60-cm-w76-x-d60-x-h16-cm-double-chambre\/#primaryimage","url":"https:\/\/gastora.eu\/wp-content\/uploads\/2026\/04\/1_mvac_600_9678.jpg","contentUrl":"https:\/\/gastora.eu\/wp-content\/uploads\/2026\/04\/1_mvac_600_9678.jpg","width":1200,"height":1200},{"@type":"BreadcrumbList","@id":"https:\/\/gastora.eu\/product\/machine-emballer-sous-vide-joint-60-cm-w76-x-d60-x-h16-cm-double-chambre\/#breadcrumb","itemListElement":[{"@type":"ListItem","position":1,"name":"Home","item":"https:\/\/gastora.eu\/"},{"@type":"ListItem","position":2,"name":"Shop","item":"https:\/\/gastora.eu\/shop\/"},{"@type":"ListItem","position":3,"name":"Machine \u00e0 emballer sous vide &#8211; joint 60 cm &#8211; W76 x D60 x H16 cm double chambre"}]},{"@type":"WebSite","@id":"https:\/\/gastora.eu\/#website","url":"https:\/\/gastora.eu\/","name":"Gastora","description":"\u00c9quipements professionnels CHR","publisher":{"@id":"https:\/\/gastora.eu\/#organization"},"potentialAction":[{"@type":"SearchAction","target":{"@type":"EntryPoint","urlTemplate":"https:\/\/gastora.eu\/?s={search_term_string}"},"query-input":{"@type":"PropertyValueSpecification","valueRequired":true,"valueName":"search_term_string"}}],"inLanguage":"en-US"},{"@type":"Organization","@id":"https:\/\/gastora.eu\/#organization","name":"Gastora","url":"https:\/\/gastora.eu\/","logo":{"@type":"ImageObject","inLanguage":"en-US","@id":"https:\/\/gastora.eu\/#\/schema\/logo\/image\/","url":"https:\/\/gastora.eu\/wp-content\/uploads\/2025\/12\/ChatGPT-Image-2-janv.-2026-22_52_47-1.png","contentUrl":"https:\/\/gastora.eu\/wp-content\/uploads\/2025\/12\/ChatGPT-Image-2-janv.-2026-22_52_47-1.png","width":1536,"height":320,"caption":"Gastora"},"image":{"@id":"https:\/\/gastora.eu\/#\/schema\/logo\/image\/"}}]}},"jetpack_sharing_enabled":true,"_links":{"self":[{"href":"https:\/\/gastora.eu\/en\/wp-json\/wp\/v2\/product\/14230","targetHints":{"allow":["GET"]}}],"collection":[{"href":"https:\/\/gastora.eu\/en\/wp-json\/wp\/v2\/product"}],"about":[{"href":"https:\/\/gastora.eu\/en\/wp-json\/wp\/v2\/types\/product"}],"wp:featuredmedia":[{"embeddable":true,"href":"https:\/\/gastora.eu\/en\/wp-json\/wp\/v2\/media\/7210"}],"wp:attachment":[{"href":"https:\/\/gastora.eu\/en\/wp-json\/wp\/v2\/media?parent=14230"}],"wp:term":[{"taxonomy":"product_brand","embeddable":true,"href":"https:\/\/gastora.eu\/en\/wp-json\/wp\/v2\/product_brand?post=14230"},{"taxonomy":"product_cat","embeddable":true,"href":"https:\/\/gastora.eu\/en\/wp-json\/wp\/v2\/product_cat?post=14230"},{"taxonomy":"product_tag","embeddable":true,"href":"https:\/\/gastora.eu\/en\/wp-json\/wp\/v2\/product_tag?post=14230"}],"curies":[{"name":"wp","href":"https:\/\/api.w.org\/{rel}","templated":true}]}}