{"id":14229,"date":"2026-04-25T17:45:54","date_gmt":"2026-04-25T17:45:54","guid":{"rendered":"https:\/\/gastora.eu\/?post_type=product&#038;p=14229"},"modified":"2026-04-28T16:56:08","modified_gmt":"2026-04-28T16:56:08","slug":"machine-emballer-sous-vide-joint-70-cm-w72-x-d61-x-h215-cm-chambre","status":"publish","type":"product","link":"https:\/\/gastora.eu\/en\/product\/machine-emballer-sous-vide-joint-70-cm-w72-x-d61-x-h215-cm-chambre\/","title":{"rendered":"Machine \u00e0 emballer sous vide &#8211; joint 70 cm &#8211; W72 X D61 x H21,5 cm chambre"},"content":{"rendered":"<p>Si vous travaillez avec de grandes quantit\u00e9s d&#8217;aliments dans une cuisine professionnelle, cette machine \u00e0 emballer sous vide est id\u00e9ale. Gr\u00e2ce \u00e0 deux barres de soudure et \u00e0 une grande chambre, vous pouvez placer simultan\u00e9ment deux sacs de 50 x 55 cm dans la machine. Ainsi, les produits restent frais plus longtemps dans le r\u00e9frig\u00e9rateur et le cong\u00e9lateur, et il y a moins de gaspillage car la dur\u00e9e de conservation est prolong\u00e9e. Le processus d&#8217;emballage est enti\u00e8rement automatis\u00e9 et les emballages ne contiennent plus d&#8217;air, ce qui \u00e9vite les br\u00fblures de cong\u00e9lation.<\/p>\n<h3>Simple \u00e0 utiliser<\/h3>\n<p>Gr\u00e2ce \u00e0 ses roues, cette machine \u00e0 emballer professionnelle est facile \u00e0 d\u00e9placer. Elle reste stable et bien en place gr\u00e2ce aux freins. Le panneau de commande convivial vous permet de r\u00e9gler les param\u00e8tres de la machine \u00e0 emballer en fonction de vos besoins. Choisissez la pression du vide, le temps de scellage, la temp\u00e9rature de scellage et le temps de refroidissement exacts. En quelques \u00e9tapes, vous pouvez conserver les aliments de mani\u00e8re herm\u00e9tique : placez les aliments dans le sac sous vide et placez-le sur la barre de soudure avec l&#8217;ouverture vers le haut. Fermez le couvercle et en quelques secondes, vous obtenez un emballage compact pr\u00eat \u00e0 \u00eatre plac\u00e9 dans le r\u00e9frig\u00e9rateur ou le cong\u00e9lateur.<\/p>\n<h3>Nettoyage facile<\/h3>\n<p>Le bo\u00eetier et l&#8217;int\u00e9rieur de la machine \u00e0 emballer sont en acier inoxydable. Ils sont donc \u00e0 la fois robustes et tr\u00e8s faciles \u00e0 nettoyer. Un chiffon humide, de l&#8217;eau et un d\u00e9tergent doux suffisent \u00e0 assurer un nettoyage en profondeur. Il suffit d&#8217;essuyer toutes les surfaces. Apr\u00e8s le nettoyage, s\u00e9chez toutes les pi\u00e8ces avec un chiffon doux.<\/p>\n<p><strong>Caract\u00e9ristiques<\/strong><\/p>\n<ul>\n<li>Interrupteur de s\u00e9curit\u00e9 dans le couvercle<\/li>\n<li>Panneau de commande num\u00e9rique<\/li>\n<li>Couvercle robuste et incurv\u00e9<\/li>\n<li>Mobile, sur quatre roues<\/li>\n<li>Cycle d&#8217;emballage enti\u00e8rement automatique<\/li>\n<li>Deux bandes d&#8217;\u00e9tanch\u00e9it\u00e9 dans la chambre<\/li>\n<li>Bo\u00eetier et chambre en acier inoxydable<\/li>\n<li>Grand mod\u00e8le de sol avec une belle finition<\/li>\n<\/ul>\n<p><strong>Caract\u00e9ristiques du produit<\/strong><\/p>\n<ul>\n<li>Poids net : 137 kg<\/li>\n<li>Dimensions ext\u00e9rieures : L79 x P76 x H97cm<\/li>\n<li>Dimensions de la chambre : L72 x P61 x H21,5cm<\/li>\n<li>Dimensions de la barre d&#8217;\u00e9tanch\u00e9it\u00e9 : 70 x 0,8cm<\/li>\n<li>Capacit\u00e9 de la pompe \u00e0 vide : 2 x 20m\u00b3 p\/h<\/li>\n<li>Pression du vide : 1mbar<\/li>\n<li>230V \/ 50Hz \/ 1 phase 3600W<\/li>\n<\/ul>\n<p><em>Inclus :<\/em><\/p>\n<ul>\n<li>Kit d&#8217;entretien pour la maintenance de base<\/li>\n<\/ul>","protected":false},"excerpt":{"rendered":"<p>Cette machine \u00e0 emballer sous vide professionnelle est adapt\u00e9e \u00e0 une utilisation intensive dans la cuisine du traiteur et est \u00e9quip\u00e9e de deux barres de soudure. Ce mod\u00e8le de sol pratique, sur roulettes, permet d&#8217;utiliser des sacs allant jusqu&#8217;\u00e0 50 x 55 cm. Elle est id\u00e9ale pour emballer de grands volumes d&#8217;aliments afin de les conserver plus longtemps.<\/p>","protected":false},"featured_media":7208,"template":"","meta":{"_acf_changed":false},"product_brand":[],"product_cat":[41],"product_tag":[],"class_list":{"0":"post-14229","1":"product","2":"type-product","3":"status-publish","4":"has-post-thumbnail","6":"product_cat-preparation","8":"first","9":"instock","10":"sale","11":"taxable","12":"shipping-taxable","13":"purchasable","14":"product-type-simple"},"acf":[],"yoast_head":"<!-- This site is optimized with the Yoast SEO plugin v27.5 - https:\/\/yoast.com\/product\/yoast-seo-wordpress\/ -->\n<title>Machine \u00e0 emballer sous vide - joint 70 cm - W72 X D61 x H21,5 cm chambre - Gastora<\/title>\n<meta name=\"description\" content=\"Achetez Machine \u00e0 emballer sous vide - joint 70 cm - W72 X D61 x H21,5 cm chambre au meilleur prix, fiable et performant avec une livraison rapide\" \/>\n<meta name=\"robots\" content=\"index, follow, max-snippet:-1, max-image-preview:large, max-video-preview:-1\" \/>\n<link rel=\"canonical\" href=\"https:\/\/gastora.eu\/en\/product\/machine-emballer-sous-vide-joint-70-cm-w72-x-d61-x-h215-cm-chambre\/\" \/>\n<meta property=\"og:locale\" content=\"en_US\" \/>\n<meta property=\"og:type\" content=\"article\" \/>\n<meta property=\"og:title\" content=\"Machine \u00e0 emballer sous vide - joint 70 cm - W72 X D61 x H21,5 cm chambre - Gastora\" \/>\n<meta property=\"og:description\" content=\"Achetez Machine \u00e0 emballer sous vide - joint 70 cm - W72 X D61 x H21,5 cm chambre au meilleur prix, fiable et performant avec une livraison rapide\" \/>\n<meta property=\"og:url\" content=\"https:\/\/gastora.eu\/en\/product\/machine-emballer-sous-vide-joint-70-cm-w72-x-d61-x-h215-cm-chambre\/\" \/>\n<meta property=\"og:site_name\" content=\"Gastora\" \/>\n<meta property=\"article:modified_time\" content=\"2026-04-28T16:56:08+00:00\" \/>\n<meta name=\"twitter:card\" content=\"summary_large_image\" \/>\n<meta name=\"twitter:label1\" content=\"Est. reading time\" \/>\n\t<meta name=\"twitter:data1\" content=\"2 minutes\" \/>\n<script type=\"application\/ld+json\" class=\"yoast-schema-graph\">{\"@context\":\"https:\\\/\\\/schema.org\",\"@graph\":[{\"@type\":\"WebPage\",\"@id\":\"https:\\\/\\\/gastora.eu\\\/product\\\/machine-emballer-sous-vide-joint-70-cm-w72-x-d61-x-h215-cm-chambre\\\/\",\"url\":\"https:\\\/\\\/gastora.eu\\\/product\\\/machine-emballer-sous-vide-joint-70-cm-w72-x-d61-x-h215-cm-chambre\\\/\",\"name\":\"Machine \u00e0 emballer sous vide - joint 70 cm - W72 X D61 x H21,5 cm chambre - Gastora\",\"isPartOf\":{\"@id\":\"https:\\\/\\\/gastora.eu\\\/#website\"},\"primaryImageOfPage\":{\"@id\":\"https:\\\/\\\/gastora.eu\\\/product\\\/machine-emballer-sous-vide-joint-70-cm-w72-x-d61-x-h215-cm-chambre\\\/#primaryimage\"},\"image\":{\"@id\":\"https:\\\/\\\/gastora.eu\\\/product\\\/machine-emballer-sous-vide-joint-70-cm-w72-x-d61-x-h215-cm-chambre\\\/#primaryimage\"},\"thumbnailUrl\":\"https:\\\/\\\/gastora.eu\\\/wp-content\\\/uploads\\\/2026\\\/04\\\/1_mvac_700_9870.jpg\",\"datePublished\":\"2026-04-25T17:45:54+00:00\",\"dateModified\":\"2026-04-28T16:56:08+00:00\",\"description\":\"Achetez Machine \u00e0 emballer sous vide - joint 70 cm - W72 X D61 x H21,5 cm chambre au meilleur prix, fiable et performant avec une livraison rapide\",\"breadcrumb\":{\"@id\":\"https:\\\/\\\/gastora.eu\\\/product\\\/machine-emballer-sous-vide-joint-70-cm-w72-x-d61-x-h215-cm-chambre\\\/#breadcrumb\"},\"inLanguage\":\"en-US\",\"potentialAction\":[{\"@type\":\"ReadAction\",\"target\":[\"https:\\\/\\\/gastora.eu\\\/product\\\/machine-emballer-sous-vide-joint-70-cm-w72-x-d61-x-h215-cm-chambre\\\/\"]}]},{\"@type\":\"ImageObject\",\"inLanguage\":\"en-US\",\"@id\":\"https:\\\/\\\/gastora.eu\\\/product\\\/machine-emballer-sous-vide-joint-70-cm-w72-x-d61-x-h215-cm-chambre\\\/#primaryimage\",\"url\":\"https:\\\/\\\/gastora.eu\\\/wp-content\\\/uploads\\\/2026\\\/04\\\/1_mvac_700_9870.jpg\",\"contentUrl\":\"https:\\\/\\\/gastora.eu\\\/wp-content\\\/uploads\\\/2026\\\/04\\\/1_mvac_700_9870.jpg\",\"width\":1200,\"height\":1200},{\"@type\":\"BreadcrumbList\",\"@id\":\"https:\\\/\\\/gastora.eu\\\/product\\\/machine-emballer-sous-vide-joint-70-cm-w72-x-d61-x-h215-cm-chambre\\\/#breadcrumb\",\"itemListElement\":[{\"@type\":\"ListItem\",\"position\":1,\"name\":\"Home\",\"item\":\"https:\\\/\\\/gastora.eu\\\/\"},{\"@type\":\"ListItem\",\"position\":2,\"name\":\"Shop\",\"item\":\"https:\\\/\\\/gastora.eu\\\/shop\\\/\"},{\"@type\":\"ListItem\",\"position\":3,\"name\":\"Machine \u00e0 emballer sous vide &#8211; joint 70 cm &#8211; W72 X D61 x H21,5 cm chambre\"}]},{\"@type\":\"WebSite\",\"@id\":\"https:\\\/\\\/gastora.eu\\\/#website\",\"url\":\"https:\\\/\\\/gastora.eu\\\/\",\"name\":\"Gastora\",\"description\":\"\u00c9quipements professionnels CHR\",\"publisher\":{\"@id\":\"https:\\\/\\\/gastora.eu\\\/#organization\"},\"potentialAction\":[{\"@type\":\"SearchAction\",\"target\":{\"@type\":\"EntryPoint\",\"urlTemplate\":\"https:\\\/\\\/gastora.eu\\\/?s={search_term_string}\"},\"query-input\":{\"@type\":\"PropertyValueSpecification\",\"valueRequired\":true,\"valueName\":\"search_term_string\"}}],\"inLanguage\":\"en-US\"},{\"@type\":\"Organization\",\"@id\":\"https:\\\/\\\/gastora.eu\\\/#organization\",\"name\":\"Gastora\",\"url\":\"https:\\\/\\\/gastora.eu\\\/\",\"logo\":{\"@type\":\"ImageObject\",\"inLanguage\":\"en-US\",\"@id\":\"https:\\\/\\\/gastora.eu\\\/#\\\/schema\\\/logo\\\/image\\\/\",\"url\":\"https:\\\/\\\/gastora.eu\\\/wp-content\\\/uploads\\\/2025\\\/12\\\/ChatGPT-Image-2-janv.-2026-22_52_47-1.png\",\"contentUrl\":\"https:\\\/\\\/gastora.eu\\\/wp-content\\\/uploads\\\/2025\\\/12\\\/ChatGPT-Image-2-janv.-2026-22_52_47-1.png\",\"width\":1536,\"height\":320,\"caption\":\"Gastora\"},\"image\":{\"@id\":\"https:\\\/\\\/gastora.eu\\\/#\\\/schema\\\/logo\\\/image\\\/\"}}]}<\/script>\n<!-- \/ Yoast SEO plugin. -->","yoast_head_json":{"title":"Machine \u00e0 emballer sous vide - joint 70 cm - W72 X D61 x H21,5 cm chambre - Gastora","description":"Achetez Machine \u00e0 emballer sous vide - joint 70 cm - W72 X D61 x H21,5 cm chambre au meilleur prix, fiable et performant avec une livraison rapide","robots":{"index":"index","follow":"follow","max-snippet":"max-snippet:-1","max-image-preview":"max-image-preview:large","max-video-preview":"max-video-preview:-1"},"canonical":"https:\/\/gastora.eu\/en\/product\/machine-emballer-sous-vide-joint-70-cm-w72-x-d61-x-h215-cm-chambre\/","og_locale":"en_US","og_type":"article","og_title":"Machine \u00e0 emballer sous vide - joint 70 cm - W72 X D61 x H21,5 cm chambre - Gastora","og_description":"Achetez Machine \u00e0 emballer sous vide - joint 70 cm - W72 X D61 x H21,5 cm chambre au meilleur prix, fiable et performant avec une livraison rapide","og_url":"https:\/\/gastora.eu\/en\/product\/machine-emballer-sous-vide-joint-70-cm-w72-x-d61-x-h215-cm-chambre\/","og_site_name":"Gastora","article_modified_time":"2026-04-28T16:56:08+00:00","twitter_card":"summary_large_image","twitter_misc":{"Est. reading time":"2 minutes"},"schema":{"@context":"https:\/\/schema.org","@graph":[{"@type":"WebPage","@id":"https:\/\/gastora.eu\/product\/machine-emballer-sous-vide-joint-70-cm-w72-x-d61-x-h215-cm-chambre\/","url":"https:\/\/gastora.eu\/product\/machine-emballer-sous-vide-joint-70-cm-w72-x-d61-x-h215-cm-chambre\/","name":"Machine \u00e0 emballer sous vide - joint 70 cm - W72 X D61 x H21,5 cm chambre - Gastora","isPartOf":{"@id":"https:\/\/gastora.eu\/#website"},"primaryImageOfPage":{"@id":"https:\/\/gastora.eu\/product\/machine-emballer-sous-vide-joint-70-cm-w72-x-d61-x-h215-cm-chambre\/#primaryimage"},"image":{"@id":"https:\/\/gastora.eu\/product\/machine-emballer-sous-vide-joint-70-cm-w72-x-d61-x-h215-cm-chambre\/#primaryimage"},"thumbnailUrl":"https:\/\/gastora.eu\/wp-content\/uploads\/2026\/04\/1_mvac_700_9870.jpg","datePublished":"2026-04-25T17:45:54+00:00","dateModified":"2026-04-28T16:56:08+00:00","description":"Achetez Machine \u00e0 emballer sous vide - joint 70 cm - W72 X D61 x H21,5 cm chambre au meilleur prix, fiable et performant avec une livraison rapide","breadcrumb":{"@id":"https:\/\/gastora.eu\/product\/machine-emballer-sous-vide-joint-70-cm-w72-x-d61-x-h215-cm-chambre\/#breadcrumb"},"inLanguage":"en-US","potentialAction":[{"@type":"ReadAction","target":["https:\/\/gastora.eu\/product\/machine-emballer-sous-vide-joint-70-cm-w72-x-d61-x-h215-cm-chambre\/"]}]},{"@type":"ImageObject","inLanguage":"en-US","@id":"https:\/\/gastora.eu\/product\/machine-emballer-sous-vide-joint-70-cm-w72-x-d61-x-h215-cm-chambre\/#primaryimage","url":"https:\/\/gastora.eu\/wp-content\/uploads\/2026\/04\/1_mvac_700_9870.jpg","contentUrl":"https:\/\/gastora.eu\/wp-content\/uploads\/2026\/04\/1_mvac_700_9870.jpg","width":1200,"height":1200},{"@type":"BreadcrumbList","@id":"https:\/\/gastora.eu\/product\/machine-emballer-sous-vide-joint-70-cm-w72-x-d61-x-h215-cm-chambre\/#breadcrumb","itemListElement":[{"@type":"ListItem","position":1,"name":"Home","item":"https:\/\/gastora.eu\/"},{"@type":"ListItem","position":2,"name":"Shop","item":"https:\/\/gastora.eu\/shop\/"},{"@type":"ListItem","position":3,"name":"Machine \u00e0 emballer sous vide &#8211; joint 70 cm &#8211; W72 X D61 x H21,5 cm chambre"}]},{"@type":"WebSite","@id":"https:\/\/gastora.eu\/#website","url":"https:\/\/gastora.eu\/","name":"Gastora","description":"\u00c9quipements professionnels CHR","publisher":{"@id":"https:\/\/gastora.eu\/#organization"},"potentialAction":[{"@type":"SearchAction","target":{"@type":"EntryPoint","urlTemplate":"https:\/\/gastora.eu\/?s={search_term_string}"},"query-input":{"@type":"PropertyValueSpecification","valueRequired":true,"valueName":"search_term_string"}}],"inLanguage":"en-US"},{"@type":"Organization","@id":"https:\/\/gastora.eu\/#organization","name":"Gastora","url":"https:\/\/gastora.eu\/","logo":{"@type":"ImageObject","inLanguage":"en-US","@id":"https:\/\/gastora.eu\/#\/schema\/logo\/image\/","url":"https:\/\/gastora.eu\/wp-content\/uploads\/2025\/12\/ChatGPT-Image-2-janv.-2026-22_52_47-1.png","contentUrl":"https:\/\/gastora.eu\/wp-content\/uploads\/2025\/12\/ChatGPT-Image-2-janv.-2026-22_52_47-1.png","width":1536,"height":320,"caption":"Gastora"},"image":{"@id":"https:\/\/gastora.eu\/#\/schema\/logo\/image\/"}}]}},"jetpack_sharing_enabled":true,"_links":{"self":[{"href":"https:\/\/gastora.eu\/en\/wp-json\/wp\/v2\/product\/14229","targetHints":{"allow":["GET"]}}],"collection":[{"href":"https:\/\/gastora.eu\/en\/wp-json\/wp\/v2\/product"}],"about":[{"href":"https:\/\/gastora.eu\/en\/wp-json\/wp\/v2\/types\/product"}],"wp:featuredmedia":[{"embeddable":true,"href":"https:\/\/gastora.eu\/en\/wp-json\/wp\/v2\/media\/7208"}],"wp:attachment":[{"href":"https:\/\/gastora.eu\/en\/wp-json\/wp\/v2\/media?parent=14229"}],"wp:term":[{"taxonomy":"product_brand","embeddable":true,"href":"https:\/\/gastora.eu\/en\/wp-json\/wp\/v2\/product_brand?post=14229"},{"taxonomy":"product_cat","embeddable":true,"href":"https:\/\/gastora.eu\/en\/wp-json\/wp\/v2\/product_cat?post=14229"},{"taxonomy":"product_tag","embeddable":true,"href":"https:\/\/gastora.eu\/en\/wp-json\/wp\/v2\/product_tag?post=14229"}],"curies":[{"name":"wp","href":"https:\/\/api.w.org\/{rel}","templated":true}]}}