{"id":14224,"date":"2026-04-25T17:45:47","date_gmt":"2026-04-25T17:45:47","guid":{"rendered":"https:\/\/gastora.eu\/?post_type=product&#038;p=14224"},"modified":"2026-04-28T16:56:07","modified_gmt":"2026-04-28T16:56:07","slug":"attendrisseur-de-viande-2-rouleaux-37-lames-175-x-25-cm-entre","status":"publish","type":"product","link":"https:\/\/gastora.eu\/en\/product\/attendrisseur-de-viande-2-rouleaux-37-lames-175-x-25-cm-entre\/","title":{"rendered":"Attendrisseur de viande &#8211; 2 rouleaux &#8211; 37 lames &#8211; 17,5 x 2,5 cm entr\u00e9e"},"content":{"rendered":"<p>Pour que la viande soit encore plus juteuse et plus tendre, il faut d&#8217;abord l&#8217;attendrir afin qu&#8217;elle cuise plus uniform\u00e9ment dans la po\u00eale. Pour ce faire, vous pouvez utiliser cet attendrisseur de viande professionnel. Cet attendrisseur de viande convient \u00e0 tous les \u00e9tablissements de restauration et traite des morceaux de viande de 17,5 x 2,5 cm. L&#8217;attendrissement de la viande n&#8217;est pas seulement b\u00e9n\u00e9fique pour le go\u00fbt, mais aussi pour la texture et le temps de pr\u00e9paration. En faisant des entailles dans la viande, les \u00e9pices et les sauces peuvent p\u00e9n\u00e9trer plus profond\u00e9ment dans la viande, ce qui permet de conserver les saveurs plus longtemps pendant la cuisson.<\/p>\n<h3>Convient \u00e0 diff\u00e9rents types de viande<\/h3>\n<p>Cet attendrisseur de viande de haute qualit\u00e9 est \u00e9quip\u00e9 de deux rouleaux comportant jusqu&#8217;\u00e0 37 lames. Gr\u00e2ce au nombre de lames, aucune partie de la viande n&#8217;est oubli\u00e9e et elle est attendrie avec une force constante. L&#8217;attendrisseur de viande est facile \u00e0 d\u00e9monter et convient \u00e0 diff\u00e9rents types de viande. En outre, l&#8217;attendrisseur de viande repose sur une base stable et amovible en acier inoxydable, de sorte qu&#8217;il peut \u00eatre plac\u00e9 n&#8217;importe o\u00f9 et sur presque n&#8217;importe quelle surface. Gr\u00e2ce aux ventouses, l&#8217;attendrisseur de viande reste parfaitement en place pendant l&#8217;utilisation.<\/p>\n<h3>Facile \u00e0 nettoyer<\/h3>\n<p>\u00c9tant donn\u00e9 que des ingr\u00e9dients frais sont utilis\u00e9s dans la cuisine, cet attendrisseur de viande doit \u00eatre nettoy\u00e9 apr\u00e8s chaque utilisation. Ouvrez le couvercle de protection autour de l&#8217;attendrisseur et retirez les pi\u00e8ces d\u00e9tach\u00e9es. Nettoyez les rouleaux, le couvercle et les arbres \u00e0 l&#8217;aide d&#8217;une brosse, d&#8217;eau chaude et d&#8217;un d\u00e9tergent doux. Veillez \u00e0 ne pas utiliser d&#8217;objets pointus ou de tampons \u00e0 r\u00e9curer lors du nettoyage. Avant de remonter l&#8217;attendrisseur de viande, s\u00e9chez bien les pi\u00e8ces et remontez l&#8217;appareil.<\/p>\n<p><strong>Caract\u00e9ristiques<\/strong><\/p>\n<ul>\n<li>Parfait pour attendrir la viande<\/li>\n<li>Convient \u00e0 un usage professionnel<\/li>\n<li>Repose sur une base stable et amovible en acier inoxydable<\/li>\n<li>Facile \u00e0 d\u00e9monter et \u00e0 nettoyer<\/li>\n<li>L&#8217;attendrisseur se compose de deux rouleaux avec 37 lames chacun<\/li>\n<li>Convient \u00e0 diff\u00e9rents types de viande<\/li>\n<\/ul>\n<p><strong>Caract\u00e9ristiques du produit<\/strong><\/p>\n<ul>\n<li>Poids net : 7 kg<\/li>\n<li>D\u00e9bit de viande : L17,5 x D2,5cm<\/li>\n<li>Dimensions de l&#8217;attendrisseur : L25,5 x P17 x H26cm<\/li>\n<li>Dimensions de la machine : L4,5 x P32 x H44cm<\/li>\n<\/ul>","protected":false},"excerpt":{"rendered":"<p>Cet attendrisseur de viande professionnel permet d&#8217;attendrir la viande sur toute sa surface. Cet attendrisseur est dot\u00e9 de deux rouleaux de 37 lames chacun. Il repose sur une base stable en acier inoxydable et est facile \u00e0 d\u00e9monter et \u00e0 nettoyer. Servez des viandes juteuses et tendres dans les cuisines professionnelles ou les restaurants.<\/p>","protected":false},"featured_media":7198,"template":"","meta":{"_acf_changed":false},"product_brand":[],"product_cat":[41],"product_tag":[],"class_list":{"0":"post-14224","1":"product","2":"type-product","3":"status-publish","4":"has-post-thumbnail","6":"product_cat-preparation","8":"first","9":"instock","10":"sale","11":"taxable","12":"shipping-taxable","13":"purchasable","14":"product-type-simple"},"acf":[],"yoast_head":"<!-- This site is optimized with the Yoast SEO plugin v27.5 - https:\/\/yoast.com\/product\/yoast-seo-wordpress\/ -->\n<title>Attendrisseur de viande - 2 rouleaux - 37 lames - 17,5 x 2,5 cm entr\u00e9e - Gastora<\/title>\n<meta name=\"description\" content=\"Achetez Attendrisseur de viande - 2 rouleaux - 37 lames - 17,5 x 2,5 cm entr\u00e9e au meilleur prix, fiable et performant avec une livraison rapide\" \/>\n<meta name=\"robots\" content=\"index, follow, max-snippet:-1, max-image-preview:large, max-video-preview:-1\" \/>\n<link rel=\"canonical\" href=\"https:\/\/gastora.eu\/en\/product\/attendrisseur-de-viande-2-rouleaux-37-lames-175-x-25-cm-entre\/\" \/>\n<meta property=\"og:locale\" content=\"en_US\" \/>\n<meta property=\"og:type\" content=\"article\" \/>\n<meta property=\"og:title\" content=\"Attendrisseur de viande - 2 rouleaux - 37 lames - 17,5 x 2,5 cm entr\u00e9e - Gastora\" \/>\n<meta property=\"og:description\" content=\"Achetez Attendrisseur de viande - 2 rouleaux - 37 lames - 17,5 x 2,5 cm entr\u00e9e au meilleur prix, fiable et performant avec une livraison rapide\" \/>\n<meta property=\"og:url\" content=\"https:\/\/gastora.eu\/en\/product\/attendrisseur-de-viande-2-rouleaux-37-lames-175-x-25-cm-entre\/\" \/>\n<meta property=\"og:site_name\" content=\"Gastora\" \/>\n<meta property=\"article:modified_time\" content=\"2026-04-28T16:56:07+00:00\" \/>\n<meta name=\"twitter:card\" content=\"summary_large_image\" \/>\n<meta name=\"twitter:label1\" content=\"Est. reading time\" \/>\n\t<meta name=\"twitter:data1\" content=\"2 minutes\" \/>\n<script type=\"application\/ld+json\" class=\"yoast-schema-graph\">{\"@context\":\"https:\\\/\\\/schema.org\",\"@graph\":[{\"@type\":\"WebPage\",\"@id\":\"https:\\\/\\\/gastora.eu\\\/product\\\/attendrisseur-de-viande-2-rouleaux-37-lames-175-x-25-cm-entre\\\/\",\"url\":\"https:\\\/\\\/gastora.eu\\\/product\\\/attendrisseur-de-viande-2-rouleaux-37-lames-175-x-25-cm-entre\\\/\",\"name\":\"Attendrisseur de viande - 2 rouleaux - 37 lames - 17,5 x 2,5 cm entr\u00e9e - Gastora\",\"isPartOf\":{\"@id\":\"https:\\\/\\\/gastora.eu\\\/#website\"},\"primaryImageOfPage\":{\"@id\":\"https:\\\/\\\/gastora.eu\\\/product\\\/attendrisseur-de-viande-2-rouleaux-37-lames-175-x-25-cm-entre\\\/#primaryimage\"},\"image\":{\"@id\":\"https:\\\/\\\/gastora.eu\\\/product\\\/attendrisseur-de-viande-2-rouleaux-37-lames-175-x-25-cm-entre\\\/#primaryimage\"},\"thumbnailUrl\":\"https:\\\/\\\/gastora.eu\\\/wp-content\\\/uploads\\\/2026\\\/04\\\/sp-023-61656ec57bf2a.jpg\",\"datePublished\":\"2026-04-25T17:45:47+00:00\",\"dateModified\":\"2026-04-28T16:56:07+00:00\",\"description\":\"Achetez Attendrisseur de viande - 2 rouleaux - 37 lames - 17,5 x 2,5 cm entr\u00e9e au meilleur prix, fiable et performant avec une livraison rapide\",\"breadcrumb\":{\"@id\":\"https:\\\/\\\/gastora.eu\\\/product\\\/attendrisseur-de-viande-2-rouleaux-37-lames-175-x-25-cm-entre\\\/#breadcrumb\"},\"inLanguage\":\"en-US\",\"potentialAction\":[{\"@type\":\"ReadAction\",\"target\":[\"https:\\\/\\\/gastora.eu\\\/product\\\/attendrisseur-de-viande-2-rouleaux-37-lames-175-x-25-cm-entre\\\/\"]}]},{\"@type\":\"ImageObject\",\"inLanguage\":\"en-US\",\"@id\":\"https:\\\/\\\/gastora.eu\\\/product\\\/attendrisseur-de-viande-2-rouleaux-37-lames-175-x-25-cm-entre\\\/#primaryimage\",\"url\":\"https:\\\/\\\/gastora.eu\\\/wp-content\\\/uploads\\\/2026\\\/04\\\/sp-023-61656ec57bf2a.jpg\",\"contentUrl\":\"https:\\\/\\\/gastora.eu\\\/wp-content\\\/uploads\\\/2026\\\/04\\\/sp-023-61656ec57bf2a.jpg\",\"width\":2048,\"height\":2048},{\"@type\":\"BreadcrumbList\",\"@id\":\"https:\\\/\\\/gastora.eu\\\/product\\\/attendrisseur-de-viande-2-rouleaux-37-lames-175-x-25-cm-entre\\\/#breadcrumb\",\"itemListElement\":[{\"@type\":\"ListItem\",\"position\":1,\"name\":\"Home\",\"item\":\"https:\\\/\\\/gastora.eu\\\/\"},{\"@type\":\"ListItem\",\"position\":2,\"name\":\"Shop\",\"item\":\"https:\\\/\\\/gastora.eu\\\/shop\\\/\"},{\"@type\":\"ListItem\",\"position\":3,\"name\":\"Attendrisseur de viande &#8211; 2 rouleaux &#8211; 37 lames &#8211; 17,5 x 2,5 cm entr\u00e9e\"}]},{\"@type\":\"WebSite\",\"@id\":\"https:\\\/\\\/gastora.eu\\\/#website\",\"url\":\"https:\\\/\\\/gastora.eu\\\/\",\"name\":\"Gastora\",\"description\":\"\u00c9quipements professionnels CHR\",\"publisher\":{\"@id\":\"https:\\\/\\\/gastora.eu\\\/#organization\"},\"potentialAction\":[{\"@type\":\"SearchAction\",\"target\":{\"@type\":\"EntryPoint\",\"urlTemplate\":\"https:\\\/\\\/gastora.eu\\\/?s={search_term_string}\"},\"query-input\":{\"@type\":\"PropertyValueSpecification\",\"valueRequired\":true,\"valueName\":\"search_term_string\"}}],\"inLanguage\":\"en-US\"},{\"@type\":\"Organization\",\"@id\":\"https:\\\/\\\/gastora.eu\\\/#organization\",\"name\":\"Gastora\",\"url\":\"https:\\\/\\\/gastora.eu\\\/\",\"logo\":{\"@type\":\"ImageObject\",\"inLanguage\":\"en-US\",\"@id\":\"https:\\\/\\\/gastora.eu\\\/#\\\/schema\\\/logo\\\/image\\\/\",\"url\":\"https:\\\/\\\/gastora.eu\\\/wp-content\\\/uploads\\\/2025\\\/12\\\/ChatGPT-Image-2-janv.-2026-22_52_47-1.png\",\"contentUrl\":\"https:\\\/\\\/gastora.eu\\\/wp-content\\\/uploads\\\/2025\\\/12\\\/ChatGPT-Image-2-janv.-2026-22_52_47-1.png\",\"width\":1536,\"height\":320,\"caption\":\"Gastora\"},\"image\":{\"@id\":\"https:\\\/\\\/gastora.eu\\\/#\\\/schema\\\/logo\\\/image\\\/\"}}]}<\/script>\n<!-- \/ Yoast SEO plugin. -->","yoast_head_json":{"title":"Attendrisseur de viande - 2 rouleaux - 37 lames - 17,5 x 2,5 cm entr\u00e9e - Gastora","description":"Achetez Attendrisseur de viande - 2 rouleaux - 37 lames - 17,5 x 2,5 cm entr\u00e9e au meilleur prix, fiable et performant avec une livraison rapide","robots":{"index":"index","follow":"follow","max-snippet":"max-snippet:-1","max-image-preview":"max-image-preview:large","max-video-preview":"max-video-preview:-1"},"canonical":"https:\/\/gastora.eu\/en\/product\/attendrisseur-de-viande-2-rouleaux-37-lames-175-x-25-cm-entre\/","og_locale":"en_US","og_type":"article","og_title":"Attendrisseur de viande - 2 rouleaux - 37 lames - 17,5 x 2,5 cm entr\u00e9e - Gastora","og_description":"Achetez Attendrisseur de viande - 2 rouleaux - 37 lames - 17,5 x 2,5 cm entr\u00e9e au meilleur prix, fiable et performant avec une livraison rapide","og_url":"https:\/\/gastora.eu\/en\/product\/attendrisseur-de-viande-2-rouleaux-37-lames-175-x-25-cm-entre\/","og_site_name":"Gastora","article_modified_time":"2026-04-28T16:56:07+00:00","twitter_card":"summary_large_image","twitter_misc":{"Est. reading time":"2 minutes"},"schema":{"@context":"https:\/\/schema.org","@graph":[{"@type":"WebPage","@id":"https:\/\/gastora.eu\/product\/attendrisseur-de-viande-2-rouleaux-37-lames-175-x-25-cm-entre\/","url":"https:\/\/gastora.eu\/product\/attendrisseur-de-viande-2-rouleaux-37-lames-175-x-25-cm-entre\/","name":"Attendrisseur de viande - 2 rouleaux - 37 lames - 17,5 x 2,5 cm entr\u00e9e - Gastora","isPartOf":{"@id":"https:\/\/gastora.eu\/#website"},"primaryImageOfPage":{"@id":"https:\/\/gastora.eu\/product\/attendrisseur-de-viande-2-rouleaux-37-lames-175-x-25-cm-entre\/#primaryimage"},"image":{"@id":"https:\/\/gastora.eu\/product\/attendrisseur-de-viande-2-rouleaux-37-lames-175-x-25-cm-entre\/#primaryimage"},"thumbnailUrl":"https:\/\/gastora.eu\/wp-content\/uploads\/2026\/04\/sp-023-61656ec57bf2a.jpg","datePublished":"2026-04-25T17:45:47+00:00","dateModified":"2026-04-28T16:56:07+00:00","description":"Achetez Attendrisseur de viande - 2 rouleaux - 37 lames - 17,5 x 2,5 cm entr\u00e9e au meilleur prix, fiable et performant avec une livraison rapide","breadcrumb":{"@id":"https:\/\/gastora.eu\/product\/attendrisseur-de-viande-2-rouleaux-37-lames-175-x-25-cm-entre\/#breadcrumb"},"inLanguage":"en-US","potentialAction":[{"@type":"ReadAction","target":["https:\/\/gastora.eu\/product\/attendrisseur-de-viande-2-rouleaux-37-lames-175-x-25-cm-entre\/"]}]},{"@type":"ImageObject","inLanguage":"en-US","@id":"https:\/\/gastora.eu\/product\/attendrisseur-de-viande-2-rouleaux-37-lames-175-x-25-cm-entre\/#primaryimage","url":"https:\/\/gastora.eu\/wp-content\/uploads\/2026\/04\/sp-023-61656ec57bf2a.jpg","contentUrl":"https:\/\/gastora.eu\/wp-content\/uploads\/2026\/04\/sp-023-61656ec57bf2a.jpg","width":2048,"height":2048},{"@type":"BreadcrumbList","@id":"https:\/\/gastora.eu\/product\/attendrisseur-de-viande-2-rouleaux-37-lames-175-x-25-cm-entre\/#breadcrumb","itemListElement":[{"@type":"ListItem","position":1,"name":"Home","item":"https:\/\/gastora.eu\/"},{"@type":"ListItem","position":2,"name":"Shop","item":"https:\/\/gastora.eu\/shop\/"},{"@type":"ListItem","position":3,"name":"Attendrisseur de viande &#8211; 2 rouleaux &#8211; 37 lames &#8211; 17,5 x 2,5 cm entr\u00e9e"}]},{"@type":"WebSite","@id":"https:\/\/gastora.eu\/#website","url":"https:\/\/gastora.eu\/","name":"Gastora","description":"\u00c9quipements professionnels CHR","publisher":{"@id":"https:\/\/gastora.eu\/#organization"},"potentialAction":[{"@type":"SearchAction","target":{"@type":"EntryPoint","urlTemplate":"https:\/\/gastora.eu\/?s={search_term_string}"},"query-input":{"@type":"PropertyValueSpecification","valueRequired":true,"valueName":"search_term_string"}}],"inLanguage":"en-US"},{"@type":"Organization","@id":"https:\/\/gastora.eu\/#organization","name":"Gastora","url":"https:\/\/gastora.eu\/","logo":{"@type":"ImageObject","inLanguage":"en-US","@id":"https:\/\/gastora.eu\/#\/schema\/logo\/image\/","url":"https:\/\/gastora.eu\/wp-content\/uploads\/2025\/12\/ChatGPT-Image-2-janv.-2026-22_52_47-1.png","contentUrl":"https:\/\/gastora.eu\/wp-content\/uploads\/2025\/12\/ChatGPT-Image-2-janv.-2026-22_52_47-1.png","width":1536,"height":320,"caption":"Gastora"},"image":{"@id":"https:\/\/gastora.eu\/#\/schema\/logo\/image\/"}}]}},"jetpack_sharing_enabled":true,"_links":{"self":[{"href":"https:\/\/gastora.eu\/en\/wp-json\/wp\/v2\/product\/14224","targetHints":{"allow":["GET"]}}],"collection":[{"href":"https:\/\/gastora.eu\/en\/wp-json\/wp\/v2\/product"}],"about":[{"href":"https:\/\/gastora.eu\/en\/wp-json\/wp\/v2\/types\/product"}],"wp:featuredmedia":[{"embeddable":true,"href":"https:\/\/gastora.eu\/en\/wp-json\/wp\/v2\/media\/7198"}],"wp:attachment":[{"href":"https:\/\/gastora.eu\/en\/wp-json\/wp\/v2\/media?parent=14224"}],"wp:term":[{"taxonomy":"product_brand","embeddable":true,"href":"https:\/\/gastora.eu\/en\/wp-json\/wp\/v2\/product_brand?post=14224"},{"taxonomy":"product_cat","embeddable":true,"href":"https:\/\/gastora.eu\/en\/wp-json\/wp\/v2\/product_cat?post=14224"},{"taxonomy":"product_tag","embeddable":true,"href":"https:\/\/gastora.eu\/en\/wp-json\/wp\/v2\/product_tag?post=14224"}],"curies":[{"name":"wp","href":"https:\/\/api.w.org\/{rel}","templated":true}]}}