{"id":14221,"date":"2026-04-25T17:45:44","date_gmt":"2026-04-25T17:45:44","guid":{"rendered":"https:\/\/gastora.eu\/?post_type=product&#038;p=14221"},"modified":"2026-04-28T16:56:07","modified_gmt":"2026-04-28T16:56:07","slug":"scie-os-204-cm-de-longueur-de-scie-lectrique-avec-poussoir-viande","status":"publish","type":"product","link":"https:\/\/gastora.eu\/en\/product\/scie-os-204-cm-de-longueur-de-scie-lectrique-avec-poussoir-viande\/","title":{"rendered":"Scie \u00e0 os &#8211; 204 cm de longueur de scie &#8211; \u00e9lectrique &#8211; avec poussoir \u00e0 viande"},"content":{"rendered":"<p>La manipulation de la viande n&#8217;est pas toujours facile, surtout lorsqu&#8217;il faut couper des os ou des produits congel\u00e9s. Cette scie \u00e0 os \u00e9lectrique d&#8217;une longueur de 204 cm est un atout pr\u00e9cieux pour toute cuisine. Elle permet de d\u00e9couper rapidement et en toute s\u00e9curit\u00e9 toutes sortes d&#8217;aliments, ce qui la rend id\u00e9ale pour les boucheries et les cuisines professionnelles. Cette scie \u00e0 os robuste permet de couper des tranches d&#8217;une \u00e9paisseur comprise entre 0 et 200 mm.<\/p>\n<h3>\u00c9quip\u00e9e d&#8217;un poussoir \u00e0 viande<\/h3>\n<p>Cette scie \u00e0 os puissante est tr\u00e8s robuste et durable. L&#8217;utilisation est facile, gr\u00e2ce au bouton unique On\/Off et \u00e0 l&#8217;arr\u00eat d&#8217;urgence. L&#8217;utilisation de cet appareil est tr\u00e8s simple. R\u00e9glez la hauteur de la scie \u00e0 la hauteur de la viande \u00e0 couper, puis d\u00e9terminez l&#8217;\u00e9paisseur \u00e0 couper. Poussez le levier vers le haut, placez la viande sur la table et ramenez le levier vers le bas. Le bouton On permet d&#8217;allumer la scie \u00e0 os et, \u00e0 l&#8217;aide du poussoir \u00e0 viande, de pousser la viande le long de la scie pour couper les tranches. La scie \u00e0 os peut \u00eatre utilis\u00e9e en continu sans s&#8217;arr\u00eater, gr\u00e2ce \u00e0 son moteur de haute qualit\u00e9. La scie \u00e0 os est livr\u00e9e avec une table comprenant une plaque de calibrage et un poussoir \u00e0 viande.<\/p>\n<h3>Facile \u00e0 nettoyer<\/h3>\n<p>Le nettoyage de la scie \u00e0 os est facile gr\u00e2ce aux surfaces en acier inoxydable. Il est donc tr\u00e8s facile d&#8217;essuyer la machine et de s&#8217;assurer qu&#8217;elle est pr\u00eate pour la prochaine utilisation. Tout d&#8217;abord, \u00e9teignez l&#8217;appareil et d\u00e9branchez-le. Retirez la lame de scie et le poussoir \u00e0 viande de l&#8217;appareil et nettoyez-les \u00e0 l&#8217;aide d&#8217;une brosse et d&#8217;eau chaude savonneuse. Rincez bien le tout et laissez s\u00e9cher \u00e0 l&#8217;air libre. L&#8217;ext\u00e9rieur de la scie \u00e0 os peut \u00eatre nettoy\u00e9 avec un chiffon humide.<\/p>\n<p><strong>Caract\u00e9ristiques<\/strong><\/p>\n<ul>\n<li>Facile \u00e0 utiliser gr\u00e2ce \u00e0 un bouton marche\/arr\u00eat<\/li>\n<li>Moteur robuste de haute qualit\u00e9 pour une utilisation continue<\/li>\n<li>Bo\u00eetier en aluminium anodis\u00e9<\/li>\n<li>\u00c9quip\u00e9e d&#8217;une table spacieuse avec une plaque d&#8217;\u00e9talonnage et un poussoir \u00e0 viande<\/li>\n<li>La tension de la lame de scie est r\u00e9glable<\/li>\n<li>Facile \u00e0 ouvrir et \u00e0 nettoyer<\/li>\n<\/ul>\n<p><strong>Caract\u00e9ristiques du produit<\/strong><\/p>\n<ul>\n<li>Poids net : 64 kg<\/li>\n<li>Dimensions de la table : L59 x P48cm<\/li>\n<li>Dimensions de la machine : L62 x P59 x H113cm<\/li>\n<li>Largeur de la scie : 19mm<\/li>\n<li>Scie d&#8217;\u00e9paisseur : 0,5mm<\/li>\n<li>Diam\u00e8tre de la roue motrice : 210mm<\/li>\n<li>230V \/ 50Hz \/ 1 Phase 1100W<\/li>\n<\/ul>","protected":false},"excerpt":{"rendered":"<p>Avec cette scie \u00e0 os \u00e9lectrique, vous pouvez rapidement et facilement traiter la viande et d&#8217;autres aliments congel\u00e9s. Cette machine est non seulement plus rapide, mais aussi plus s\u00fbre. Cette scie \u00e0 os est compacte avec une longueur de scie de 204 cm, ce qui la rend adapt\u00e9e \u00e0 une utilisation professionnelle dans les boucheries et autres entreprises de restauration.<\/p>","protected":false},"featured_media":7192,"template":"","meta":{"_acf_changed":false},"product_brand":[],"product_cat":[41],"product_tag":[],"class_list":{"0":"post-14221","1":"product","2":"type-product","3":"status-publish","4":"has-post-thumbnail","6":"product_cat-preparation","8":"first","9":"instock","10":"sale","11":"taxable","12":"shipping-taxable","13":"purchasable","14":"product-type-simple"},"acf":[],"yoast_head":"<!-- This site is optimized with the Yoast SEO plugin v27.6 - https:\/\/yoast.com\/product\/yoast-seo-wordpress\/ -->\n<title>Scie \u00e0 os - 204 cm de longueur de scie - \u00e9lectrique - avec poussoir \u00e0 viande - Gastora<\/title>\n<meta name=\"description\" content=\"Achetez Scie \u00e0 os - 204 cm de longueur de scie - \u00e9lectrique - avec poussoir \u00e0 viande au meilleur prix, fiable et performant avec une livraison rapide\" \/>\n<meta name=\"robots\" content=\"index, follow, max-snippet:-1, max-image-preview:large, max-video-preview:-1\" \/>\n<link rel=\"canonical\" href=\"https:\/\/gastora.eu\/en\/product\/scie-os-204-cm-de-longueur-de-scie-lectrique-avec-poussoir-viande\/\" \/>\n<meta property=\"og:locale\" content=\"en_US\" \/>\n<meta property=\"og:type\" content=\"article\" \/>\n<meta property=\"og:title\" content=\"Scie \u00e0 os - 204 cm de longueur de scie - \u00e9lectrique - avec poussoir \u00e0 viande - Gastora\" \/>\n<meta property=\"og:description\" content=\"Achetez Scie \u00e0 os - 204 cm de longueur de scie - \u00e9lectrique - avec poussoir \u00e0 viande au meilleur prix, fiable et performant avec une livraison rapide\" \/>\n<meta property=\"og:url\" content=\"https:\/\/gastora.eu\/en\/product\/scie-os-204-cm-de-longueur-de-scie-lectrique-avec-poussoir-viande\/\" \/>\n<meta property=\"og:site_name\" content=\"Gastora\" \/>\n<meta property=\"article:modified_time\" content=\"2026-04-28T16:56:07+00:00\" \/>\n<meta name=\"twitter:card\" content=\"summary_large_image\" \/>\n<meta name=\"twitter:label1\" content=\"Est. reading time\" \/>\n\t<meta name=\"twitter:data1\" content=\"2 minutes\" \/>\n<script type=\"application\/ld+json\" class=\"yoast-schema-graph\">{\"@context\":\"https:\\\/\\\/schema.org\",\"@graph\":[{\"@type\":\"WebPage\",\"@id\":\"https:\\\/\\\/gastora.eu\\\/product\\\/scie-os-204-cm-de-longueur-de-scie-lectrique-avec-poussoir-viande\\\/\",\"url\":\"https:\\\/\\\/gastora.eu\\\/product\\\/scie-os-204-cm-de-longueur-de-scie-lectrique-avec-poussoir-viande\\\/\",\"name\":\"Scie \u00e0 os - 204 cm de longueur de scie - \u00e9lectrique - avec poussoir \u00e0 viande - Gastora\",\"isPartOf\":{\"@id\":\"https:\\\/\\\/gastora.eu\\\/#website\"},\"primaryImageOfPage\":{\"@id\":\"https:\\\/\\\/gastora.eu\\\/product\\\/scie-os-204-cm-de-longueur-de-scie-lectrique-avec-poussoir-viande\\\/#primaryimage\"},\"image\":{\"@id\":\"https:\\\/\\\/gastora.eu\\\/product\\\/scie-os-204-cm-de-longueur-de-scie-lectrique-avec-poussoir-viande\\\/#primaryimage\"},\"thumbnailUrl\":\"https:\\\/\\\/gastora.eu\\\/wp-content\\\/uploads\\\/2026\\\/04\\\/1-61656ec3944eb.jpg\",\"datePublished\":\"2026-04-25T17:45:44+00:00\",\"dateModified\":\"2026-04-28T16:56:07+00:00\",\"description\":\"Achetez Scie \u00e0 os - 204 cm de longueur de scie - \u00e9lectrique - avec poussoir \u00e0 viande au meilleur prix, fiable et performant avec une livraison rapide\",\"breadcrumb\":{\"@id\":\"https:\\\/\\\/gastora.eu\\\/product\\\/scie-os-204-cm-de-longueur-de-scie-lectrique-avec-poussoir-viande\\\/#breadcrumb\"},\"inLanguage\":\"en-US\",\"potentialAction\":[{\"@type\":\"ReadAction\",\"target\":[\"https:\\\/\\\/gastora.eu\\\/product\\\/scie-os-204-cm-de-longueur-de-scie-lectrique-avec-poussoir-viande\\\/\"]}]},{\"@type\":\"ImageObject\",\"inLanguage\":\"en-US\",\"@id\":\"https:\\\/\\\/gastora.eu\\\/product\\\/scie-os-204-cm-de-longueur-de-scie-lectrique-avec-poussoir-viande\\\/#primaryimage\",\"url\":\"https:\\\/\\\/gastora.eu\\\/wp-content\\\/uploads\\\/2026\\\/04\\\/1-61656ec3944eb.jpg\",\"contentUrl\":\"https:\\\/\\\/gastora.eu\\\/wp-content\\\/uploads\\\/2026\\\/04\\\/1-61656ec3944eb.jpg\",\"width\":2048,\"height\":2048},{\"@type\":\"BreadcrumbList\",\"@id\":\"https:\\\/\\\/gastora.eu\\\/product\\\/scie-os-204-cm-de-longueur-de-scie-lectrique-avec-poussoir-viande\\\/#breadcrumb\",\"itemListElement\":[{\"@type\":\"ListItem\",\"position\":1,\"name\":\"Home\",\"item\":\"https:\\\/\\\/gastora.eu\\\/\"},{\"@type\":\"ListItem\",\"position\":2,\"name\":\"Shop\",\"item\":\"https:\\\/\\\/gastora.eu\\\/shop\\\/\"},{\"@type\":\"ListItem\",\"position\":3,\"name\":\"Scie \u00e0 os &#8211; 204 cm de longueur de scie &#8211; \u00e9lectrique &#8211; avec poussoir \u00e0 viande\"}]},{\"@type\":\"WebSite\",\"@id\":\"https:\\\/\\\/gastora.eu\\\/#website\",\"url\":\"https:\\\/\\\/gastora.eu\\\/\",\"name\":\"Gastora\",\"description\":\"\u00c9quipements professionnels CHR\",\"publisher\":{\"@id\":\"https:\\\/\\\/gastora.eu\\\/#organization\"},\"potentialAction\":[{\"@type\":\"SearchAction\",\"target\":{\"@type\":\"EntryPoint\",\"urlTemplate\":\"https:\\\/\\\/gastora.eu\\\/?s={search_term_string}\"},\"query-input\":{\"@type\":\"PropertyValueSpecification\",\"valueRequired\":true,\"valueName\":\"search_term_string\"}}],\"inLanguage\":\"en-US\"},{\"@type\":\"Organization\",\"@id\":\"https:\\\/\\\/gastora.eu\\\/#organization\",\"name\":\"Gastora\",\"url\":\"https:\\\/\\\/gastora.eu\\\/\",\"logo\":{\"@type\":\"ImageObject\",\"inLanguage\":\"en-US\",\"@id\":\"https:\\\/\\\/gastora.eu\\\/#\\\/schema\\\/logo\\\/image\\\/\",\"url\":\"https:\\\/\\\/gastora.eu\\\/wp-content\\\/uploads\\\/2025\\\/12\\\/ChatGPT-Image-2-janv.-2026-22_52_47-1.png\",\"contentUrl\":\"https:\\\/\\\/gastora.eu\\\/wp-content\\\/uploads\\\/2025\\\/12\\\/ChatGPT-Image-2-janv.-2026-22_52_47-1.png\",\"width\":1536,\"height\":320,\"caption\":\"Gastora\"},\"image\":{\"@id\":\"https:\\\/\\\/gastora.eu\\\/#\\\/schema\\\/logo\\\/image\\\/\"}}]}<\/script>\n<!-- \/ Yoast SEO plugin. -->","yoast_head_json":{"title":"Scie \u00e0 os - 204 cm de longueur de scie - \u00e9lectrique - avec poussoir \u00e0 viande - Gastora","description":"Achetez Scie \u00e0 os - 204 cm de longueur de scie - \u00e9lectrique - avec poussoir \u00e0 viande au meilleur prix, fiable et performant avec une livraison rapide","robots":{"index":"index","follow":"follow","max-snippet":"max-snippet:-1","max-image-preview":"max-image-preview:large","max-video-preview":"max-video-preview:-1"},"canonical":"https:\/\/gastora.eu\/en\/product\/scie-os-204-cm-de-longueur-de-scie-lectrique-avec-poussoir-viande\/","og_locale":"en_US","og_type":"article","og_title":"Scie \u00e0 os - 204 cm de longueur de scie - \u00e9lectrique - avec poussoir \u00e0 viande - Gastora","og_description":"Achetez Scie \u00e0 os - 204 cm de longueur de scie - \u00e9lectrique - avec poussoir \u00e0 viande au meilleur prix, fiable et performant avec une livraison rapide","og_url":"https:\/\/gastora.eu\/en\/product\/scie-os-204-cm-de-longueur-de-scie-lectrique-avec-poussoir-viande\/","og_site_name":"Gastora","article_modified_time":"2026-04-28T16:56:07+00:00","twitter_card":"summary_large_image","twitter_misc":{"Est. reading time":"2 minutes"},"schema":{"@context":"https:\/\/schema.org","@graph":[{"@type":"WebPage","@id":"https:\/\/gastora.eu\/product\/scie-os-204-cm-de-longueur-de-scie-lectrique-avec-poussoir-viande\/","url":"https:\/\/gastora.eu\/product\/scie-os-204-cm-de-longueur-de-scie-lectrique-avec-poussoir-viande\/","name":"Scie \u00e0 os - 204 cm de longueur de scie - \u00e9lectrique - avec poussoir \u00e0 viande - Gastora","isPartOf":{"@id":"https:\/\/gastora.eu\/#website"},"primaryImageOfPage":{"@id":"https:\/\/gastora.eu\/product\/scie-os-204-cm-de-longueur-de-scie-lectrique-avec-poussoir-viande\/#primaryimage"},"image":{"@id":"https:\/\/gastora.eu\/product\/scie-os-204-cm-de-longueur-de-scie-lectrique-avec-poussoir-viande\/#primaryimage"},"thumbnailUrl":"https:\/\/gastora.eu\/wp-content\/uploads\/2026\/04\/1-61656ec3944eb.jpg","datePublished":"2026-04-25T17:45:44+00:00","dateModified":"2026-04-28T16:56:07+00:00","description":"Achetez Scie \u00e0 os - 204 cm de longueur de scie - \u00e9lectrique - avec poussoir \u00e0 viande au meilleur prix, fiable et performant avec une livraison rapide","breadcrumb":{"@id":"https:\/\/gastora.eu\/product\/scie-os-204-cm-de-longueur-de-scie-lectrique-avec-poussoir-viande\/#breadcrumb"},"inLanguage":"en-US","potentialAction":[{"@type":"ReadAction","target":["https:\/\/gastora.eu\/product\/scie-os-204-cm-de-longueur-de-scie-lectrique-avec-poussoir-viande\/"]}]},{"@type":"ImageObject","inLanguage":"en-US","@id":"https:\/\/gastora.eu\/product\/scie-os-204-cm-de-longueur-de-scie-lectrique-avec-poussoir-viande\/#primaryimage","url":"https:\/\/gastora.eu\/wp-content\/uploads\/2026\/04\/1-61656ec3944eb.jpg","contentUrl":"https:\/\/gastora.eu\/wp-content\/uploads\/2026\/04\/1-61656ec3944eb.jpg","width":2048,"height":2048},{"@type":"BreadcrumbList","@id":"https:\/\/gastora.eu\/product\/scie-os-204-cm-de-longueur-de-scie-lectrique-avec-poussoir-viande\/#breadcrumb","itemListElement":[{"@type":"ListItem","position":1,"name":"Home","item":"https:\/\/gastora.eu\/"},{"@type":"ListItem","position":2,"name":"Shop","item":"https:\/\/gastora.eu\/shop\/"},{"@type":"ListItem","position":3,"name":"Scie \u00e0 os &#8211; 204 cm de longueur de scie &#8211; \u00e9lectrique &#8211; avec poussoir \u00e0 viande"}]},{"@type":"WebSite","@id":"https:\/\/gastora.eu\/#website","url":"https:\/\/gastora.eu\/","name":"Gastora","description":"\u00c9quipements professionnels CHR","publisher":{"@id":"https:\/\/gastora.eu\/#organization"},"potentialAction":[{"@type":"SearchAction","target":{"@type":"EntryPoint","urlTemplate":"https:\/\/gastora.eu\/?s={search_term_string}"},"query-input":{"@type":"PropertyValueSpecification","valueRequired":true,"valueName":"search_term_string"}}],"inLanguage":"en-US"},{"@type":"Organization","@id":"https:\/\/gastora.eu\/#organization","name":"Gastora","url":"https:\/\/gastora.eu\/","logo":{"@type":"ImageObject","inLanguage":"en-US","@id":"https:\/\/gastora.eu\/#\/schema\/logo\/image\/","url":"https:\/\/gastora.eu\/wp-content\/uploads\/2025\/12\/ChatGPT-Image-2-janv.-2026-22_52_47-1.png","contentUrl":"https:\/\/gastora.eu\/wp-content\/uploads\/2025\/12\/ChatGPT-Image-2-janv.-2026-22_52_47-1.png","width":1536,"height":320,"caption":"Gastora"},"image":{"@id":"https:\/\/gastora.eu\/#\/schema\/logo\/image\/"}}]}},"jetpack_sharing_enabled":true,"_links":{"self":[{"href":"https:\/\/gastora.eu\/en\/wp-json\/wp\/v2\/product\/14221","targetHints":{"allow":["GET"]}}],"collection":[{"href":"https:\/\/gastora.eu\/en\/wp-json\/wp\/v2\/product"}],"about":[{"href":"https:\/\/gastora.eu\/en\/wp-json\/wp\/v2\/types\/product"}],"wp:featuredmedia":[{"embeddable":true,"href":"https:\/\/gastora.eu\/en\/wp-json\/wp\/v2\/media\/7192"}],"wp:attachment":[{"href":"https:\/\/gastora.eu\/en\/wp-json\/wp\/v2\/media?parent=14221"}],"wp:term":[{"taxonomy":"product_brand","embeddable":true,"href":"https:\/\/gastora.eu\/en\/wp-json\/wp\/v2\/product_brand?post=14221"},{"taxonomy":"product_cat","embeddable":true,"href":"https:\/\/gastora.eu\/en\/wp-json\/wp\/v2\/product_cat?post=14221"},{"taxonomy":"product_tag","embeddable":true,"href":"https:\/\/gastora.eu\/en\/wp-json\/wp\/v2\/product_tag?post=14221"}],"curies":[{"name":"wp","href":"https:\/\/api.w.org\/{rel}","templated":true}]}}