{"id":14220,"date":"2026-04-25T17:45:43","date_gmt":"2026-04-25T17:45:43","guid":{"rendered":"https:\/\/gastora.eu\/?post_type=product&#038;p=14220"},"modified":"2026-04-28T16:56:07","modified_gmt":"2026-04-28T16:56:07","slug":"scie-os-165-cm-de-longueur-de-scie-lectrique-avec-poussoir-viande","status":"publish","type":"product","link":"https:\/\/gastora.eu\/en\/product\/scie-os-165-cm-de-longueur-de-scie-lectrique-avec-poussoir-viande\/","title":{"rendered":"Scie \u00e0 os &#8211; 165 cm de longueur de scie &#8211; \u00e9lectrique &#8211; avec poussoir \u00e0 viande"},"content":{"rendered":"<p>D\u00e9couper de la viande et des aliments surgel\u00e9s peut \u00eatre une t\u00e2che difficile. En investissant dans une scie \u00e0 os \u00e9lectrique professionnelle, vous pouvez faciliter vos t\u00e2ches de transformation de la viande pour vous et vos employ\u00e9s. Cette scie \u00e0 os permet de couper rapidement et en toute s\u00e9curit\u00e9 les os, la viande et d&#8217;autres produits bruts. Cet appareil de cuisine est indispensable dans une boucherie, mais aussi dans de nombreuses autres entreprises de restauration.<\/p>\n<h3>Facile \u00e0 utiliser<\/h3>\n<p>Bien que cette scie soit assez compacte, elle est bien adapt\u00e9e \u00e0 un usage professionnel. Elle dispose d&#8217;une lame de scie de 165 cm de long qui permet de couper des tranches de 0 \u00e0 160 mm d&#8217;\u00e9paisseur. Elle est \u00e9galement tr\u00e8s facile \u00e0 utiliser et ne poss\u00e8de qu&#8217;un seul bouton Marche\/Arr\u00eat. Gr\u00e2ce au moteur de haute qualit\u00e9, vous pouvez utiliser cette scie \u00e0 os facilement, sans devoir faire de pause. Vous pouvez \u00e9galement r\u00e9gler la tension de la lame de scie. Le bo\u00eetier de la scie \u00e0 os est en fonte d&#8217;aluminium avec peinture. Cette scie \u00e0 os dispose \u00e9galement d&#8217;une table spacieuse avec une plaque d&#8217;\u00e9talonnage et un poussoir \u00e0 viande pour faciliter l&#8217;utilisation.<\/p>\n<h3>Nettoyage<\/h3>\n<p>Avec une scie \u00e0 os, vous travaillez r\u00e9guli\u00e8rement avec de la viande crue. C&#8217;est pourquoi vous devez nettoyer l&#8217;appareil apr\u00e8s chaque utilisation. Commencez par \u00e9teindre la machine et d\u00e9branchez-la. Toutes les pi\u00e8ces d\u00e9tach\u00e9es, telles que la scie \u00e0 ruban et le poussoir \u00e0 viande, doivent \u00eatre nettoy\u00e9es \u00e0 l&#8217;aide d&#8217;une brosse et d&#8217;eau chaude savonneuse. Rincez le tout \u00e0 l&#8217;eau et laissez les pi\u00e8ces s\u00e9cher \u00e0 l&#8217;air libre. Le bo\u00eetier de la scie \u00e0 os peut \u00eatre nettoy\u00e9 avec un chiffon humide. Ne pas utiliser de produits de nettoyage agressifs.<\/p>\n<p><strong>Caract\u00e9ristiques<\/strong><\/p>\n<ul>\n<li>Facile \u00e0 utiliser gr\u00e2ce \u00e0 un bouton marche\/arr\u00eat<\/li>\n<li>Moteur robuste de haute qualit\u00e9 pour une utilisation continue<\/li>\n<li>Bo\u00eetier en aluminium anodis\u00e9<\/li>\n<li>\u00c9quip\u00e9 d&#8217;une table spacieuse avec une plaque de calibrage et un poussoir \u00e0 viande<\/li>\n<li>La tension de la lame de scie est r\u00e9glable<\/li>\n<li>Facile \u00e0 ouvrir et \u00e0 nettoyer<\/li>\n<\/ul>\n<p><strong>Caract\u00e9ristiques du produit<\/strong><\/p>\n<ul>\n<li>Poids net : 42 kg<\/li>\n<li>Dimensions de la table : L50,5 x P41,5cm<\/li>\n<li>Dimensions de la machine : L51,5 x P50,5 x H92cm<\/li>\n<li>Largeur de la scie : 16mm<\/li>\n<li>Epaisseur de la scie : 0,5mm<\/li>\n<li>Diam\u00e8tre de la roue d&#8217;entra\u00eenement : 21cm<\/li>\n<li>230V \/ 50Hz \/ 1 Phase 750W<\/li>\n<\/ul>","protected":false},"excerpt":{"rendered":"<p>Avec cette scie \u00e0 os \u00e9lectrique, vous pouvez rapidement et facilement traiter la viande et d&#8217;autres aliments congel\u00e9s. Cette machine est non seulement plus rapide, mais aussi plus s\u00fbre. Cette scie \u00e0 os est compacte avec une longueur de scie de 165 cm, ce qui la rend adapt\u00e9e \u00e0 une utilisation professionnelle dans les boucheries et autres entreprises de restauration.<\/p>","protected":false},"featured_media":7190,"template":"","meta":{"_acf_changed":false},"product_brand":[],"product_cat":[41],"product_tag":[],"class_list":{"0":"post-14220","1":"product","2":"type-product","3":"status-publish","4":"has-post-thumbnail","6":"product_cat-preparation","8":"first","9":"instock","10":"sale","11":"taxable","12":"shipping-taxable","13":"purchasable","14":"product-type-simple"},"acf":[],"yoast_head":"<!-- This site is optimized with the Yoast SEO plugin v27.6 - https:\/\/yoast.com\/product\/yoast-seo-wordpress\/ -->\n<title>Scie \u00e0 os - 165 cm de longueur de scie - \u00e9lectrique - avec poussoir \u00e0 viande - Gastora<\/title>\n<meta name=\"description\" content=\"Achetez Scie \u00e0 os - 165 cm de longueur de scie - \u00e9lectrique - avec poussoir \u00e0 viande au meilleur prix, fiable et performant avec une livraison rapide\" \/>\n<meta name=\"robots\" content=\"index, follow, max-snippet:-1, max-image-preview:large, max-video-preview:-1\" \/>\n<link rel=\"canonical\" href=\"https:\/\/gastora.eu\/en\/product\/scie-os-165-cm-de-longueur-de-scie-lectrique-avec-poussoir-viande\/\" \/>\n<meta property=\"og:locale\" content=\"en_US\" \/>\n<meta property=\"og:type\" content=\"article\" \/>\n<meta property=\"og:title\" content=\"Scie \u00e0 os - 165 cm de longueur de scie - \u00e9lectrique - avec poussoir \u00e0 viande - Gastora\" \/>\n<meta property=\"og:description\" content=\"Achetez Scie \u00e0 os - 165 cm de longueur de scie - \u00e9lectrique - avec poussoir \u00e0 viande au meilleur prix, fiable et performant avec une livraison rapide\" \/>\n<meta property=\"og:url\" content=\"https:\/\/gastora.eu\/en\/product\/scie-os-165-cm-de-longueur-de-scie-lectrique-avec-poussoir-viande\/\" \/>\n<meta property=\"og:site_name\" content=\"Gastora\" \/>\n<meta property=\"article:modified_time\" content=\"2026-04-28T16:56:07+00:00\" \/>\n<meta name=\"twitter:card\" content=\"summary_large_image\" \/>\n<meta name=\"twitter:label1\" content=\"Est. reading time\" \/>\n\t<meta name=\"twitter:data1\" content=\"2 minutes\" \/>\n<script type=\"application\/ld+json\" class=\"yoast-schema-graph\">{\"@context\":\"https:\\\/\\\/schema.org\",\"@graph\":[{\"@type\":\"WebPage\",\"@id\":\"https:\\\/\\\/gastora.eu\\\/product\\\/scie-os-165-cm-de-longueur-de-scie-lectrique-avec-poussoir-viande\\\/\",\"url\":\"https:\\\/\\\/gastora.eu\\\/product\\\/scie-os-165-cm-de-longueur-de-scie-lectrique-avec-poussoir-viande\\\/\",\"name\":\"Scie \u00e0 os - 165 cm de longueur de scie - \u00e9lectrique - avec poussoir \u00e0 viande - Gastora\",\"isPartOf\":{\"@id\":\"https:\\\/\\\/gastora.eu\\\/#website\"},\"primaryImageOfPage\":{\"@id\":\"https:\\\/\\\/gastora.eu\\\/product\\\/scie-os-165-cm-de-longueur-de-scie-lectrique-avec-poussoir-viande\\\/#primaryimage\"},\"image\":{\"@id\":\"https:\\\/\\\/gastora.eu\\\/product\\\/scie-os-165-cm-de-longueur-de-scie-lectrique-avec-poussoir-viande\\\/#primaryimage\"},\"thumbnailUrl\":\"https:\\\/\\\/gastora.eu\\\/wp-content\\\/uploads\\\/2026\\\/04\\\/1.jpg\",\"datePublished\":\"2026-04-25T17:45:43+00:00\",\"dateModified\":\"2026-04-28T16:56:07+00:00\",\"description\":\"Achetez Scie \u00e0 os - 165 cm de longueur de scie - \u00e9lectrique - avec poussoir \u00e0 viande au meilleur prix, fiable et performant avec une livraison rapide\",\"breadcrumb\":{\"@id\":\"https:\\\/\\\/gastora.eu\\\/product\\\/scie-os-165-cm-de-longueur-de-scie-lectrique-avec-poussoir-viande\\\/#breadcrumb\"},\"inLanguage\":\"en-US\",\"potentialAction\":[{\"@type\":\"ReadAction\",\"target\":[\"https:\\\/\\\/gastora.eu\\\/product\\\/scie-os-165-cm-de-longueur-de-scie-lectrique-avec-poussoir-viande\\\/\"]}]},{\"@type\":\"ImageObject\",\"inLanguage\":\"en-US\",\"@id\":\"https:\\\/\\\/gastora.eu\\\/product\\\/scie-os-165-cm-de-longueur-de-scie-lectrique-avec-poussoir-viande\\\/#primaryimage\",\"url\":\"https:\\\/\\\/gastora.eu\\\/wp-content\\\/uploads\\\/2026\\\/04\\\/1.jpg\",\"contentUrl\":\"https:\\\/\\\/gastora.eu\\\/wp-content\\\/uploads\\\/2026\\\/04\\\/1.jpg\",\"width\":2048,\"height\":2048},{\"@type\":\"BreadcrumbList\",\"@id\":\"https:\\\/\\\/gastora.eu\\\/product\\\/scie-os-165-cm-de-longueur-de-scie-lectrique-avec-poussoir-viande\\\/#breadcrumb\",\"itemListElement\":[{\"@type\":\"ListItem\",\"position\":1,\"name\":\"Home\",\"item\":\"https:\\\/\\\/gastora.eu\\\/\"},{\"@type\":\"ListItem\",\"position\":2,\"name\":\"Shop\",\"item\":\"https:\\\/\\\/gastora.eu\\\/shop\\\/\"},{\"@type\":\"ListItem\",\"position\":3,\"name\":\"Scie \u00e0 os &#8211; 165 cm de longueur de scie &#8211; \u00e9lectrique &#8211; avec poussoir \u00e0 viande\"}]},{\"@type\":\"WebSite\",\"@id\":\"https:\\\/\\\/gastora.eu\\\/#website\",\"url\":\"https:\\\/\\\/gastora.eu\\\/\",\"name\":\"Gastora\",\"description\":\"\u00c9quipements professionnels CHR\",\"publisher\":{\"@id\":\"https:\\\/\\\/gastora.eu\\\/#organization\"},\"potentialAction\":[{\"@type\":\"SearchAction\",\"target\":{\"@type\":\"EntryPoint\",\"urlTemplate\":\"https:\\\/\\\/gastora.eu\\\/?s={search_term_string}\"},\"query-input\":{\"@type\":\"PropertyValueSpecification\",\"valueRequired\":true,\"valueName\":\"search_term_string\"}}],\"inLanguage\":\"en-US\"},{\"@type\":\"Organization\",\"@id\":\"https:\\\/\\\/gastora.eu\\\/#organization\",\"name\":\"Gastora\",\"url\":\"https:\\\/\\\/gastora.eu\\\/\",\"logo\":{\"@type\":\"ImageObject\",\"inLanguage\":\"en-US\",\"@id\":\"https:\\\/\\\/gastora.eu\\\/#\\\/schema\\\/logo\\\/image\\\/\",\"url\":\"https:\\\/\\\/gastora.eu\\\/wp-content\\\/uploads\\\/2025\\\/12\\\/ChatGPT-Image-2-janv.-2026-22_52_47-1.png\",\"contentUrl\":\"https:\\\/\\\/gastora.eu\\\/wp-content\\\/uploads\\\/2025\\\/12\\\/ChatGPT-Image-2-janv.-2026-22_52_47-1.png\",\"width\":1536,\"height\":320,\"caption\":\"Gastora\"},\"image\":{\"@id\":\"https:\\\/\\\/gastora.eu\\\/#\\\/schema\\\/logo\\\/image\\\/\"}}]}<\/script>\n<!-- \/ Yoast SEO plugin. -->","yoast_head_json":{"title":"Scie \u00e0 os - 165 cm de longueur de scie - \u00e9lectrique - avec poussoir \u00e0 viande - Gastora","description":"Achetez Scie \u00e0 os - 165 cm de longueur de scie - \u00e9lectrique - avec poussoir \u00e0 viande au meilleur prix, fiable et performant avec une livraison rapide","robots":{"index":"index","follow":"follow","max-snippet":"max-snippet:-1","max-image-preview":"max-image-preview:large","max-video-preview":"max-video-preview:-1"},"canonical":"https:\/\/gastora.eu\/en\/product\/scie-os-165-cm-de-longueur-de-scie-lectrique-avec-poussoir-viande\/","og_locale":"en_US","og_type":"article","og_title":"Scie \u00e0 os - 165 cm de longueur de scie - \u00e9lectrique - avec poussoir \u00e0 viande - Gastora","og_description":"Achetez Scie \u00e0 os - 165 cm de longueur de scie - \u00e9lectrique - avec poussoir \u00e0 viande au meilleur prix, fiable et performant avec une livraison rapide","og_url":"https:\/\/gastora.eu\/en\/product\/scie-os-165-cm-de-longueur-de-scie-lectrique-avec-poussoir-viande\/","og_site_name":"Gastora","article_modified_time":"2026-04-28T16:56:07+00:00","twitter_card":"summary_large_image","twitter_misc":{"Est. reading time":"2 minutes"},"schema":{"@context":"https:\/\/schema.org","@graph":[{"@type":"WebPage","@id":"https:\/\/gastora.eu\/product\/scie-os-165-cm-de-longueur-de-scie-lectrique-avec-poussoir-viande\/","url":"https:\/\/gastora.eu\/product\/scie-os-165-cm-de-longueur-de-scie-lectrique-avec-poussoir-viande\/","name":"Scie \u00e0 os - 165 cm de longueur de scie - \u00e9lectrique - avec poussoir \u00e0 viande - Gastora","isPartOf":{"@id":"https:\/\/gastora.eu\/#website"},"primaryImageOfPage":{"@id":"https:\/\/gastora.eu\/product\/scie-os-165-cm-de-longueur-de-scie-lectrique-avec-poussoir-viande\/#primaryimage"},"image":{"@id":"https:\/\/gastora.eu\/product\/scie-os-165-cm-de-longueur-de-scie-lectrique-avec-poussoir-viande\/#primaryimage"},"thumbnailUrl":"https:\/\/gastora.eu\/wp-content\/uploads\/2026\/04\/1.jpg","datePublished":"2026-04-25T17:45:43+00:00","dateModified":"2026-04-28T16:56:07+00:00","description":"Achetez Scie \u00e0 os - 165 cm de longueur de scie - \u00e9lectrique - avec poussoir \u00e0 viande au meilleur prix, fiable et performant avec une livraison rapide","breadcrumb":{"@id":"https:\/\/gastora.eu\/product\/scie-os-165-cm-de-longueur-de-scie-lectrique-avec-poussoir-viande\/#breadcrumb"},"inLanguage":"en-US","potentialAction":[{"@type":"ReadAction","target":["https:\/\/gastora.eu\/product\/scie-os-165-cm-de-longueur-de-scie-lectrique-avec-poussoir-viande\/"]}]},{"@type":"ImageObject","inLanguage":"en-US","@id":"https:\/\/gastora.eu\/product\/scie-os-165-cm-de-longueur-de-scie-lectrique-avec-poussoir-viande\/#primaryimage","url":"https:\/\/gastora.eu\/wp-content\/uploads\/2026\/04\/1.jpg","contentUrl":"https:\/\/gastora.eu\/wp-content\/uploads\/2026\/04\/1.jpg","width":2048,"height":2048},{"@type":"BreadcrumbList","@id":"https:\/\/gastora.eu\/product\/scie-os-165-cm-de-longueur-de-scie-lectrique-avec-poussoir-viande\/#breadcrumb","itemListElement":[{"@type":"ListItem","position":1,"name":"Home","item":"https:\/\/gastora.eu\/"},{"@type":"ListItem","position":2,"name":"Shop","item":"https:\/\/gastora.eu\/shop\/"},{"@type":"ListItem","position":3,"name":"Scie \u00e0 os &#8211; 165 cm de longueur de scie &#8211; \u00e9lectrique &#8211; avec poussoir \u00e0 viande"}]},{"@type":"WebSite","@id":"https:\/\/gastora.eu\/#website","url":"https:\/\/gastora.eu\/","name":"Gastora","description":"\u00c9quipements professionnels CHR","publisher":{"@id":"https:\/\/gastora.eu\/#organization"},"potentialAction":[{"@type":"SearchAction","target":{"@type":"EntryPoint","urlTemplate":"https:\/\/gastora.eu\/?s={search_term_string}"},"query-input":{"@type":"PropertyValueSpecification","valueRequired":true,"valueName":"search_term_string"}}],"inLanguage":"en-US"},{"@type":"Organization","@id":"https:\/\/gastora.eu\/#organization","name":"Gastora","url":"https:\/\/gastora.eu\/","logo":{"@type":"ImageObject","inLanguage":"en-US","@id":"https:\/\/gastora.eu\/#\/schema\/logo\/image\/","url":"https:\/\/gastora.eu\/wp-content\/uploads\/2025\/12\/ChatGPT-Image-2-janv.-2026-22_52_47-1.png","contentUrl":"https:\/\/gastora.eu\/wp-content\/uploads\/2025\/12\/ChatGPT-Image-2-janv.-2026-22_52_47-1.png","width":1536,"height":320,"caption":"Gastora"},"image":{"@id":"https:\/\/gastora.eu\/#\/schema\/logo\/image\/"}}]}},"jetpack_sharing_enabled":true,"_links":{"self":[{"href":"https:\/\/gastora.eu\/en\/wp-json\/wp\/v2\/product\/14220","targetHints":{"allow":["GET"]}}],"collection":[{"href":"https:\/\/gastora.eu\/en\/wp-json\/wp\/v2\/product"}],"about":[{"href":"https:\/\/gastora.eu\/en\/wp-json\/wp\/v2\/types\/product"}],"wp:featuredmedia":[{"embeddable":true,"href":"https:\/\/gastora.eu\/en\/wp-json\/wp\/v2\/media\/7190"}],"wp:attachment":[{"href":"https:\/\/gastora.eu\/en\/wp-json\/wp\/v2\/media?parent=14220"}],"wp:term":[{"taxonomy":"product_brand","embeddable":true,"href":"https:\/\/gastora.eu\/en\/wp-json\/wp\/v2\/product_brand?post=14220"},{"taxonomy":"product_cat","embeddable":true,"href":"https:\/\/gastora.eu\/en\/wp-json\/wp\/v2\/product_cat?post=14220"},{"taxonomy":"product_tag","embeddable":true,"href":"https:\/\/gastora.eu\/en\/wp-json\/wp\/v2\/product_tag?post=14220"}],"curies":[{"name":"wp","href":"https:\/\/api.w.org\/{rel}","templated":true}]}}