{"id":14214,"date":"2026-04-25T17:45:35","date_gmt":"2026-04-25T17:45:35","guid":{"rendered":"https:\/\/gastora.eu\/?post_type=product&#038;p=14214"},"modified":"2026-04-28T16:56:06","modified_gmt":"2026-04-28T16:56:06","slug":"heavy-duty-cuisinire-infrarouge-4-brleurs-unit-double-profondeur-70-cm-lectrique","status":"publish","type":"product","link":"https:\/\/gastora.eu\/en\/product\/heavy-duty-cuisinire-infrarouge-4-brleurs-unit-double-profondeur-70-cm-lectrique\/","title":{"rendered":"Heavy Duty cuisini\u00e8re infrarouge &#8211; 4 br\u00fbleurs &#8211; unit\u00e9 double &#8211; profondeur 70 cm &#8211; \u00e9lectrique"},"content":{"rendered":"<p>Les appareils de cuisson utilis\u00e9s intensivement pendant une longue p\u00e9riode doivent \u00eatre de bonne qualit\u00e9 pour durer plus longtemps. Cette plaque de cuisson infrarouge robuste comporte quatre br\u00fbleurs et est fabriqu\u00e9e en acier inoxydable \u00e9pais. Que vous l&#8217;utilisiez deux fois par jour ou beaucoup, elle r\u00e9sistera \u00e0 l&#8217;usure et durera de nombreuses ann\u00e9es. La plaque de cuisson est id\u00e9ale pour une ligne de cuisson et peut facilement \u00eatre compl\u00e9t\u00e9e par une base ouverte en acier inoxydable ou une base ferm\u00e9e avec une porte. Ceux-ci peuvent \u00e9galement \u00eatre command\u00e9s.<\/p>\n<h3>Thermostat de s\u00e9curit\u00e9 pratique<\/h3>\n<p>L&#8217;\u00e9l\u00e9ment chauffant de cette plaque de cuisson infrarouge se compose de zones circulaires d&#8217;un diam\u00e8tre de 21 \u00e0 30 cm. La surface de cuisson en c\u00e9ramique, d&#8217;une \u00e9paisseur de 6 mm, est int\u00e9gr\u00e9e dans un plan monobloc. Pour cuisiner \u00e0 la bonne temp\u00e9rature, vous pouvez utiliser le thermostat de s\u00e9curit\u00e9 pour r\u00e9gler les temp\u00e9ratures entre 50 et 300\u00baC. Tous les br\u00fbleurs peuvent \u00eatre r\u00e9gl\u00e9s s\u00e9par\u00e9ment. En outre, la table de cuisson est \u00e9quip\u00e9e d&#8217;un thermostat avec interrupteur de s\u00e9curit\u00e9 pour \u00e9viter toute surchauffe.<\/p>\n<h3>Fonctionne sur courant triphas\u00e9<\/h3>\n<p>Le bo\u00eetier est enti\u00e8rement en acier inoxydable et, gr\u00e2ce au plan soud\u00e9 sans joints, cette table de cuisson professionnelle \u00e0 infrarouge est facile \u00e0 nettoyer avec un chiffon humide, de l&#8217;eau ti\u00e8de et un d\u00e9tergent doux. La construction est tr\u00e8s durable et se compose d&#8217;\u00e9l\u00e9ments r\u00e9sistants pour une plus longue dur\u00e9e de vie.<\/p>\n<p><strong>Caract\u00e9ristiques<\/strong><\/p>\n<ul>\n<li>Bo\u00eetier enti\u00e8rement en acier inoxydable<\/li>\n<li>surface de cuisson en c\u00e9ramique de 6 mm d&#8217;\u00e9paisseur<\/li>\n<li>Plaque de cuisson infrarouge en t\u00f4le monobloc<\/li>\n<li>Dessus soud\u00e9 sans joints<\/li>\n<li>Thermostat avec interrupteur de s\u00e9curit\u00e9 en cas de surchauffe<\/li>\n<li>Thermostat de s\u00e9curit\u00e9 50 &#8211; 300\u00b0C<\/li>\n<\/ul>\n<p><strong>Caract\u00e9ristiques du produit<\/strong><\/p>\n<ul>\n<li>Poids net : 26,1kg<\/li>\n<li>Dimensions : L80 x P70 x H28cm L80 x P70 x H28cm<\/li>\n<li>Puissance : 2 x 4.2 kW<\/li>\n<li>400V \/ 50Hz \/ 3Phase 8400W<\/li>\n<\/ul>\n<p><strong>Ce produit est fourni sans prise de courant<\/strong><\/p>","protected":false},"excerpt":{"rendered":"<p>Ce cuiseur infrarouge double Heavy Duty est parfait pour compl\u00e9ter une ligne de cuisson de 700 mm de profondeur. Ce cuiseur infrarouge \u00e9lectrique poss\u00e8de une surface de cuisson en c\u00e9ramique de 6 mm d&#8217;\u00e9paisseur et quatre br\u00fbleurs. Il est fabriqu\u00e9 en acier inoxydable \u00e9pais et poss\u00e8de un dessus monobloc, ce qui le rend facile \u00e0 nettoyer.<\/p>","protected":false},"featured_media":7178,"template":"","meta":{"_acf_changed":false},"product_brand":[],"product_cat":[495],"product_tag":[],"class_list":{"0":"post-14214","1":"product","2":"type-product","3":"status-publish","4":"has-post-thumbnail","6":"product_cat-plaques-pianos-de-cuisson-2","8":"first","9":"instock","10":"sale","11":"taxable","12":"shipping-taxable","13":"purchasable","14":"product-type-simple"},"acf":[],"yoast_head":"<!-- This site is optimized with the Yoast SEO plugin v27.6 - https:\/\/yoast.com\/product\/yoast-seo-wordpress\/ -->\n<title>Heavy Duty cuisini\u00e8re infrarouge - 4 br\u00fbleurs - unit\u00e9 double - profondeur 70 cm - \u00e9lectrique - Gastora<\/title>\n<meta name=\"description\" content=\"Achetez Heavy Duty cuisini\u00e8re infrarouge - 4 br\u00fbleurs - unit\u00e9 double - profondeur 70 cm - \u00e9lectrique au meilleur prix, fiable et performant avec une livraison rapide\" \/>\n<meta name=\"robots\" content=\"index, follow, max-snippet:-1, max-image-preview:large, max-video-preview:-1\" \/>\n<link rel=\"canonical\" href=\"https:\/\/gastora.eu\/en\/product\/heavy-duty-cuisinire-infrarouge-4-brleurs-unit-double-profondeur-70-cm-lectrique\/\" \/>\n<meta property=\"og:locale\" content=\"en_US\" \/>\n<meta property=\"og:type\" content=\"article\" \/>\n<meta property=\"og:title\" content=\"Heavy Duty cuisini\u00e8re infrarouge - 4 br\u00fbleurs - unit\u00e9 double - profondeur 70 cm - \u00e9lectrique - Gastora\" \/>\n<meta property=\"og:description\" content=\"Achetez Heavy Duty cuisini\u00e8re infrarouge - 4 br\u00fbleurs - unit\u00e9 double - profondeur 70 cm - \u00e9lectrique au meilleur prix, fiable et performant avec une livraison rapide\" \/>\n<meta property=\"og:url\" content=\"https:\/\/gastora.eu\/en\/product\/heavy-duty-cuisinire-infrarouge-4-brleurs-unit-double-profondeur-70-cm-lectrique\/\" \/>\n<meta property=\"og:site_name\" content=\"Gastora\" \/>\n<meta property=\"article:modified_time\" content=\"2026-04-28T16:56:06+00:00\" \/>\n<meta name=\"twitter:card\" content=\"summary_large_image\" \/>\n<meta name=\"twitter:label1\" content=\"Est. reading time\" \/>\n\t<meta name=\"twitter:data1\" content=\"2 minutes\" \/>\n<script type=\"application\/ld+json\" class=\"yoast-schema-graph\">{\"@context\":\"https:\\\/\\\/schema.org\",\"@graph\":[{\"@type\":\"WebPage\",\"@id\":\"https:\\\/\\\/gastora.eu\\\/product\\\/heavy-duty-cuisinire-infrarouge-4-brleurs-unit-double-profondeur-70-cm-lectrique\\\/\",\"url\":\"https:\\\/\\\/gastora.eu\\\/product\\\/heavy-duty-cuisinire-infrarouge-4-brleurs-unit-double-profondeur-70-cm-lectrique\\\/\",\"name\":\"Heavy Duty cuisini\u00e8re infrarouge - 4 br\u00fbleurs - unit\u00e9 double - profondeur 70 cm - \u00e9lectrique - Gastora\",\"isPartOf\":{\"@id\":\"https:\\\/\\\/gastora.eu\\\/#website\"},\"primaryImageOfPage\":{\"@id\":\"https:\\\/\\\/gastora.eu\\\/product\\\/heavy-duty-cuisinire-infrarouge-4-brleurs-unit-double-profondeur-70-cm-lectrique\\\/#primaryimage\"},\"image\":{\"@id\":\"https:\\\/\\\/gastora.eu\\\/product\\\/heavy-duty-cuisinire-infrarouge-4-brleurs-unit-double-profondeur-70-cm-lectrique\\\/#primaryimage\"},\"thumbnailUrl\":\"https:\\\/\\\/gastora.eu\\\/wp-content\\\/uploads\\\/2026\\\/04\\\/maxima-electric-infrared-800.jpg\",\"datePublished\":\"2026-04-25T17:45:35+00:00\",\"dateModified\":\"2026-04-28T16:56:06+00:00\",\"description\":\"Achetez Heavy Duty cuisini\u00e8re infrarouge - 4 br\u00fbleurs - unit\u00e9 double - profondeur 70 cm - \u00e9lectrique au meilleur prix, fiable et performant avec une livraison rapide\",\"breadcrumb\":{\"@id\":\"https:\\\/\\\/gastora.eu\\\/product\\\/heavy-duty-cuisinire-infrarouge-4-brleurs-unit-double-profondeur-70-cm-lectrique\\\/#breadcrumb\"},\"inLanguage\":\"en-US\",\"potentialAction\":[{\"@type\":\"ReadAction\",\"target\":[\"https:\\\/\\\/gastora.eu\\\/product\\\/heavy-duty-cuisinire-infrarouge-4-brleurs-unit-double-profondeur-70-cm-lectrique\\\/\"]}]},{\"@type\":\"ImageObject\",\"inLanguage\":\"en-US\",\"@id\":\"https:\\\/\\\/gastora.eu\\\/product\\\/heavy-duty-cuisinire-infrarouge-4-brleurs-unit-double-profondeur-70-cm-lectrique\\\/#primaryimage\",\"url\":\"https:\\\/\\\/gastora.eu\\\/wp-content\\\/uploads\\\/2026\\\/04\\\/maxima-electric-infrared-800.jpg\",\"contentUrl\":\"https:\\\/\\\/gastora.eu\\\/wp-content\\\/uploads\\\/2026\\\/04\\\/maxima-electric-infrared-800.jpg\",\"width\":936,\"height\":648},{\"@type\":\"BreadcrumbList\",\"@id\":\"https:\\\/\\\/gastora.eu\\\/product\\\/heavy-duty-cuisinire-infrarouge-4-brleurs-unit-double-profondeur-70-cm-lectrique\\\/#breadcrumb\",\"itemListElement\":[{\"@type\":\"ListItem\",\"position\":1,\"name\":\"Home\",\"item\":\"https:\\\/\\\/gastora.eu\\\/\"},{\"@type\":\"ListItem\",\"position\":2,\"name\":\"Shop\",\"item\":\"https:\\\/\\\/gastora.eu\\\/shop\\\/\"},{\"@type\":\"ListItem\",\"position\":3,\"name\":\"Heavy Duty cuisini\u00e8re infrarouge &#8211; 4 br\u00fbleurs &#8211; unit\u00e9 double &#8211; profondeur 70 cm &#8211; \u00e9lectrique\"}]},{\"@type\":\"WebSite\",\"@id\":\"https:\\\/\\\/gastora.eu\\\/#website\",\"url\":\"https:\\\/\\\/gastora.eu\\\/\",\"name\":\"Gastora\",\"description\":\"\u00c9quipements professionnels CHR\",\"publisher\":{\"@id\":\"https:\\\/\\\/gastora.eu\\\/#organization\"},\"potentialAction\":[{\"@type\":\"SearchAction\",\"target\":{\"@type\":\"EntryPoint\",\"urlTemplate\":\"https:\\\/\\\/gastora.eu\\\/?s={search_term_string}\"},\"query-input\":{\"@type\":\"PropertyValueSpecification\",\"valueRequired\":true,\"valueName\":\"search_term_string\"}}],\"inLanguage\":\"en-US\"},{\"@type\":\"Organization\",\"@id\":\"https:\\\/\\\/gastora.eu\\\/#organization\",\"name\":\"Gastora\",\"url\":\"https:\\\/\\\/gastora.eu\\\/\",\"logo\":{\"@type\":\"ImageObject\",\"inLanguage\":\"en-US\",\"@id\":\"https:\\\/\\\/gastora.eu\\\/#\\\/schema\\\/logo\\\/image\\\/\",\"url\":\"https:\\\/\\\/gastora.eu\\\/wp-content\\\/uploads\\\/2025\\\/12\\\/ChatGPT-Image-2-janv.-2026-22_52_47-1.png\",\"contentUrl\":\"https:\\\/\\\/gastora.eu\\\/wp-content\\\/uploads\\\/2025\\\/12\\\/ChatGPT-Image-2-janv.-2026-22_52_47-1.png\",\"width\":1536,\"height\":320,\"caption\":\"Gastora\"},\"image\":{\"@id\":\"https:\\\/\\\/gastora.eu\\\/#\\\/schema\\\/logo\\\/image\\\/\"}}]}<\/script>\n<!-- \/ Yoast SEO plugin. -->","yoast_head_json":{"title":"Heavy Duty cuisini\u00e8re infrarouge - 4 br\u00fbleurs - unit\u00e9 double - profondeur 70 cm - \u00e9lectrique - Gastora","description":"Achetez Heavy Duty cuisini\u00e8re infrarouge - 4 br\u00fbleurs - unit\u00e9 double - profondeur 70 cm - \u00e9lectrique au meilleur prix, fiable et performant avec une livraison rapide","robots":{"index":"index","follow":"follow","max-snippet":"max-snippet:-1","max-image-preview":"max-image-preview:large","max-video-preview":"max-video-preview:-1"},"canonical":"https:\/\/gastora.eu\/en\/product\/heavy-duty-cuisinire-infrarouge-4-brleurs-unit-double-profondeur-70-cm-lectrique\/","og_locale":"en_US","og_type":"article","og_title":"Heavy Duty cuisini\u00e8re infrarouge - 4 br\u00fbleurs - unit\u00e9 double - profondeur 70 cm - \u00e9lectrique - Gastora","og_description":"Achetez Heavy Duty cuisini\u00e8re infrarouge - 4 br\u00fbleurs - unit\u00e9 double - profondeur 70 cm - \u00e9lectrique au meilleur prix, fiable et performant avec une livraison rapide","og_url":"https:\/\/gastora.eu\/en\/product\/heavy-duty-cuisinire-infrarouge-4-brleurs-unit-double-profondeur-70-cm-lectrique\/","og_site_name":"Gastora","article_modified_time":"2026-04-28T16:56:06+00:00","twitter_card":"summary_large_image","twitter_misc":{"Est. reading time":"2 minutes"},"schema":{"@context":"https:\/\/schema.org","@graph":[{"@type":"WebPage","@id":"https:\/\/gastora.eu\/product\/heavy-duty-cuisinire-infrarouge-4-brleurs-unit-double-profondeur-70-cm-lectrique\/","url":"https:\/\/gastora.eu\/product\/heavy-duty-cuisinire-infrarouge-4-brleurs-unit-double-profondeur-70-cm-lectrique\/","name":"Heavy Duty cuisini\u00e8re infrarouge - 4 br\u00fbleurs - unit\u00e9 double - profondeur 70 cm - \u00e9lectrique - Gastora","isPartOf":{"@id":"https:\/\/gastora.eu\/#website"},"primaryImageOfPage":{"@id":"https:\/\/gastora.eu\/product\/heavy-duty-cuisinire-infrarouge-4-brleurs-unit-double-profondeur-70-cm-lectrique\/#primaryimage"},"image":{"@id":"https:\/\/gastora.eu\/product\/heavy-duty-cuisinire-infrarouge-4-brleurs-unit-double-profondeur-70-cm-lectrique\/#primaryimage"},"thumbnailUrl":"https:\/\/gastora.eu\/wp-content\/uploads\/2026\/04\/maxima-electric-infrared-800.jpg","datePublished":"2026-04-25T17:45:35+00:00","dateModified":"2026-04-28T16:56:06+00:00","description":"Achetez Heavy Duty cuisini\u00e8re infrarouge - 4 br\u00fbleurs - unit\u00e9 double - profondeur 70 cm - \u00e9lectrique au meilleur prix, fiable et performant avec une livraison rapide","breadcrumb":{"@id":"https:\/\/gastora.eu\/product\/heavy-duty-cuisinire-infrarouge-4-brleurs-unit-double-profondeur-70-cm-lectrique\/#breadcrumb"},"inLanguage":"en-US","potentialAction":[{"@type":"ReadAction","target":["https:\/\/gastora.eu\/product\/heavy-duty-cuisinire-infrarouge-4-brleurs-unit-double-profondeur-70-cm-lectrique\/"]}]},{"@type":"ImageObject","inLanguage":"en-US","@id":"https:\/\/gastora.eu\/product\/heavy-duty-cuisinire-infrarouge-4-brleurs-unit-double-profondeur-70-cm-lectrique\/#primaryimage","url":"https:\/\/gastora.eu\/wp-content\/uploads\/2026\/04\/maxima-electric-infrared-800.jpg","contentUrl":"https:\/\/gastora.eu\/wp-content\/uploads\/2026\/04\/maxima-electric-infrared-800.jpg","width":936,"height":648},{"@type":"BreadcrumbList","@id":"https:\/\/gastora.eu\/product\/heavy-duty-cuisinire-infrarouge-4-brleurs-unit-double-profondeur-70-cm-lectrique\/#breadcrumb","itemListElement":[{"@type":"ListItem","position":1,"name":"Home","item":"https:\/\/gastora.eu\/"},{"@type":"ListItem","position":2,"name":"Shop","item":"https:\/\/gastora.eu\/shop\/"},{"@type":"ListItem","position":3,"name":"Heavy Duty cuisini\u00e8re infrarouge &#8211; 4 br\u00fbleurs &#8211; unit\u00e9 double &#8211; profondeur 70 cm &#8211; \u00e9lectrique"}]},{"@type":"WebSite","@id":"https:\/\/gastora.eu\/#website","url":"https:\/\/gastora.eu\/","name":"Gastora","description":"\u00c9quipements professionnels CHR","publisher":{"@id":"https:\/\/gastora.eu\/#organization"},"potentialAction":[{"@type":"SearchAction","target":{"@type":"EntryPoint","urlTemplate":"https:\/\/gastora.eu\/?s={search_term_string}"},"query-input":{"@type":"PropertyValueSpecification","valueRequired":true,"valueName":"search_term_string"}}],"inLanguage":"en-US"},{"@type":"Organization","@id":"https:\/\/gastora.eu\/#organization","name":"Gastora","url":"https:\/\/gastora.eu\/","logo":{"@type":"ImageObject","inLanguage":"en-US","@id":"https:\/\/gastora.eu\/#\/schema\/logo\/image\/","url":"https:\/\/gastora.eu\/wp-content\/uploads\/2025\/12\/ChatGPT-Image-2-janv.-2026-22_52_47-1.png","contentUrl":"https:\/\/gastora.eu\/wp-content\/uploads\/2025\/12\/ChatGPT-Image-2-janv.-2026-22_52_47-1.png","width":1536,"height":320,"caption":"Gastora"},"image":{"@id":"https:\/\/gastora.eu\/#\/schema\/logo\/image\/"}}]}},"jetpack_sharing_enabled":true,"_links":{"self":[{"href":"https:\/\/gastora.eu\/en\/wp-json\/wp\/v2\/product\/14214","targetHints":{"allow":["GET"]}}],"collection":[{"href":"https:\/\/gastora.eu\/en\/wp-json\/wp\/v2\/product"}],"about":[{"href":"https:\/\/gastora.eu\/en\/wp-json\/wp\/v2\/types\/product"}],"wp:featuredmedia":[{"embeddable":true,"href":"https:\/\/gastora.eu\/en\/wp-json\/wp\/v2\/media\/7178"}],"wp:attachment":[{"href":"https:\/\/gastora.eu\/en\/wp-json\/wp\/v2\/media?parent=14214"}],"wp:term":[{"taxonomy":"product_brand","embeddable":true,"href":"https:\/\/gastora.eu\/en\/wp-json\/wp\/v2\/product_brand?post=14214"},{"taxonomy":"product_cat","embeddable":true,"href":"https:\/\/gastora.eu\/en\/wp-json\/wp\/v2\/product_cat?post=14214"},{"taxonomy":"product_tag","embeddable":true,"href":"https:\/\/gastora.eu\/en\/wp-json\/wp\/v2\/product_tag?post=14214"}],"curies":[{"name":"wp","href":"https:\/\/api.w.org\/{rel}","templated":true}]}}