{"id":14212,"date":"2026-04-25T17:45:33","date_gmt":"2026-04-25T17:45:33","guid":{"rendered":"https:\/\/gastora.eu\/?post_type=product&#038;p=14212"},"modified":"2026-04-28T16:56:06","modified_gmt":"2026-04-28T16:56:06","slug":"heavy-duty-cuisinire-induction-2-brleurs-unit-double-profondeur-70-cm-lectrique","status":"publish","type":"product","link":"https:\/\/gastora.eu\/en\/product\/heavy-duty-cuisinire-induction-2-brleurs-unit-double-profondeur-70-cm-lectrique\/","title":{"rendered":"Heavy Duty cuisini\u00e8re \u00e0 induction &#8211; 2 br\u00fbleurs &#8211; unit\u00e9 double &#8211; profondeur 70 cm &#8211; \u00e9lectrique"},"content":{"rendered":"<p>Lorsque l&#8217;on cuisine de mani\u00e8re intensive dans de grandes cuisines tr\u00e8s fr\u00e9quent\u00e9es, il est important que les appareils de cuisson aient une longue dur\u00e9e de vie et qu&#8217;ils puissent r\u00e9sister aux chocs. Cette table de cuisson \u00e0 induction robuste \u00e0 2 br\u00fbleurs est fabriqu\u00e9e en acier inoxydable \u00e9pais avec des composants robustes. La construction est tr\u00e8s durable, ce qui vous permet de profiter de la plaque de cuisson \u00e0 induction pendant des ann\u00e9es, m\u00eame lorsqu&#8217;elle est utilis\u00e9e intensivement tous les jours. La surface de cuisson est en vitroc\u00e9ramique et la plaque \u00e0 induction est int\u00e9gr\u00e9e dans le plan monobloc.<\/p>\n<h3>R\u00e9glez simplement la bonne temp\u00e9rature<\/h3>\n<p>Pour utiliser cette plaque \u00e0 induction professionnelle, vous avez besoin de casseroles \u00e0 induction. La table de cuisson est \u00e9quip\u00e9e d&#8217;un dispositif de d\u00e9tection des casseroles. S&#8217;il n&#8217;y a pas de contact direct avec la casserole, celle-ci ne chauffera pas. En outre, la plaque \u00e0 induction est \u00e9quip\u00e9e d&#8217;un thermostat avec interrupteur de s\u00e9curit\u00e9 pour \u00e9viter toute surchauffe. Le cadran permet de r\u00e9gler la temp\u00e9rature entre 50 et 300 \u00baC.<\/p>\n<h3>Nettoyage facile et rapide<\/h3>\n<p>Le dessus est soud\u00e9 sans joints et le bo\u00eetier est en acier inoxydable, ce qui facilite grandement le nettoyage. Il suffit d&#8217;un chiffon humide, d&#8217;eau chaude et d&#8217;un d\u00e9tergent doux. Pour nettoyer la surface en vitroc\u00e9ramique, utilisez un produit de nettoyage sp\u00e9cial et un chiffon humide. Apr\u00e8s avoir essuy\u00e9 toutes les surfaces, vous pouvez \u00e0 nouveau utiliser la plaque \u00e0 induction.<\/p>\n<p><strong>Caract\u00e9ristiques<\/strong><\/p>\n<ul>\n<li>Bo\u00eetier enti\u00e8rement en acier inoxydable<\/li>\n<li>Plaque \u00e0 induction fabriqu\u00e9e dans une feuille monobloc<\/li>\n<li>Thermostat avec interrupteur de s\u00e9curit\u00e9 en cas de surchauffe<\/li>\n<li>Protection contre la d\u00e9tection de casseroles<\/li>\n<li>Thermostat de s\u00e9curit\u00e9 50 &#8211; 300\u00b0C<\/li>\n<li>Caract\u00e9ristiques ergonomiques<\/li>\n<\/ul>\n<p><strong>Caract\u00e9ristiques du produit<\/strong><\/p>\n<ul>\n<li>Poids net : 38 kg<\/li>\n<li>Dimensions : 80 x 70 x 28 cm L80 x P70 x H28cm<\/li>\n<li>Puissance : 2 x 3,5 kW<\/li>\n<li>230V \/ 50Hz \/ 3Phase 7000W<\/li>\n<\/ul>\n<p><strong>Remarque : Ce produit est fourni sans prise de courant<\/strong><\/p>","protected":false},"excerpt":{"rendered":"<p>Avec cette plaque \u00e0 induction \u00e9lectrique robuste \u00e0 2 br\u00fbleurs, vous pouvez facilement \u00e9tendre votre ligne de cuisson. Avec sa surface de cuisson en vitroc\u00e9ramique et son bo\u00eetier en acier inoxydable, cette plaque \u00e0 induction est facile \u00e0 nettoyer. Elle peut \u00eatre ajout\u00e9e \u00e0 la gamme de cuisson 700 et vous pouvez l&#8217;\u00e9tendre avec une base.<\/p>","protected":false},"featured_media":7174,"template":"","meta":{"_acf_changed":false},"product_brand":[],"product_cat":[495],"product_tag":[],"class_list":{"0":"post-14212","1":"product","2":"type-product","3":"status-publish","4":"has-post-thumbnail","6":"product_cat-plaques-pianos-de-cuisson-2","8":"first","9":"instock","10":"sale","11":"taxable","12":"shipping-taxable","13":"purchasable","14":"product-type-simple"},"acf":[],"yoast_head":"<!-- This site is optimized with the Yoast SEO plugin v27.5 - https:\/\/yoast.com\/product\/yoast-seo-wordpress\/ -->\n<title>Heavy Duty cuisini\u00e8re \u00e0 induction - 2 br\u00fbleurs - unit\u00e9 double - profondeur 70 cm - \u00e9lectrique - Gastora<\/title>\n<meta name=\"description\" content=\"Achetez Heavy Duty cuisini\u00e8re \u00e0 induction - 2 br\u00fbleurs - unit\u00e9 double - profondeur 70 cm - \u00e9lectrique au meilleur prix, fiable et performant avec une livraison rapide\" \/>\n<meta name=\"robots\" content=\"index, follow, max-snippet:-1, max-image-preview:large, max-video-preview:-1\" \/>\n<link rel=\"canonical\" href=\"https:\/\/gastora.eu\/en\/product\/heavy-duty-cuisinire-induction-2-brleurs-unit-double-profondeur-70-cm-lectrique\/\" \/>\n<meta property=\"og:locale\" content=\"en_US\" \/>\n<meta property=\"og:type\" content=\"article\" \/>\n<meta property=\"og:title\" content=\"Heavy Duty cuisini\u00e8re \u00e0 induction - 2 br\u00fbleurs - unit\u00e9 double - profondeur 70 cm - \u00e9lectrique - Gastora\" \/>\n<meta property=\"og:description\" content=\"Achetez Heavy Duty cuisini\u00e8re \u00e0 induction - 2 br\u00fbleurs - unit\u00e9 double - profondeur 70 cm - \u00e9lectrique au meilleur prix, fiable et performant avec une livraison rapide\" \/>\n<meta property=\"og:url\" content=\"https:\/\/gastora.eu\/en\/product\/heavy-duty-cuisinire-induction-2-brleurs-unit-double-profondeur-70-cm-lectrique\/\" \/>\n<meta property=\"og:site_name\" content=\"Gastora\" \/>\n<meta property=\"article:modified_time\" content=\"2026-04-28T16:56:06+00:00\" \/>\n<meta name=\"twitter:card\" content=\"summary_large_image\" \/>\n<meta name=\"twitter:label1\" content=\"Est. reading time\" \/>\n\t<meta name=\"twitter:data1\" content=\"2 minutes\" \/>\n<script type=\"application\/ld+json\" class=\"yoast-schema-graph\">{\"@context\":\"https:\\\/\\\/schema.org\",\"@graph\":[{\"@type\":\"WebPage\",\"@id\":\"https:\\\/\\\/gastora.eu\\\/product\\\/heavy-duty-cuisinire-induction-2-brleurs-unit-double-profondeur-70-cm-lectrique\\\/\",\"url\":\"https:\\\/\\\/gastora.eu\\\/product\\\/heavy-duty-cuisinire-induction-2-brleurs-unit-double-profondeur-70-cm-lectrique\\\/\",\"name\":\"Heavy Duty cuisini\u00e8re \u00e0 induction - 2 br\u00fbleurs - unit\u00e9 double - profondeur 70 cm - \u00e9lectrique - Gastora\",\"isPartOf\":{\"@id\":\"https:\\\/\\\/gastora.eu\\\/#website\"},\"primaryImageOfPage\":{\"@id\":\"https:\\\/\\\/gastora.eu\\\/product\\\/heavy-duty-cuisinire-induction-2-brleurs-unit-double-profondeur-70-cm-lectrique\\\/#primaryimage\"},\"image\":{\"@id\":\"https:\\\/\\\/gastora.eu\\\/product\\\/heavy-duty-cuisinire-induction-2-brleurs-unit-double-profondeur-70-cm-lectrique\\\/#primaryimage\"},\"thumbnailUrl\":\"https:\\\/\\\/gastora.eu\\\/wp-content\\\/uploads\\\/2026\\\/04\\\/maxima-electric-induction-800.jpg\",\"datePublished\":\"2026-04-25T17:45:33+00:00\",\"dateModified\":\"2026-04-28T16:56:06+00:00\",\"description\":\"Achetez Heavy Duty cuisini\u00e8re \u00e0 induction - 2 br\u00fbleurs - unit\u00e9 double - profondeur 70 cm - \u00e9lectrique au meilleur prix, fiable et performant avec une livraison rapide\",\"breadcrumb\":{\"@id\":\"https:\\\/\\\/gastora.eu\\\/product\\\/heavy-duty-cuisinire-induction-2-brleurs-unit-double-profondeur-70-cm-lectrique\\\/#breadcrumb\"},\"inLanguage\":\"en-US\",\"potentialAction\":[{\"@type\":\"ReadAction\",\"target\":[\"https:\\\/\\\/gastora.eu\\\/product\\\/heavy-duty-cuisinire-induction-2-brleurs-unit-double-profondeur-70-cm-lectrique\\\/\"]}]},{\"@type\":\"ImageObject\",\"inLanguage\":\"en-US\",\"@id\":\"https:\\\/\\\/gastora.eu\\\/product\\\/heavy-duty-cuisinire-induction-2-brleurs-unit-double-profondeur-70-cm-lectrique\\\/#primaryimage\",\"url\":\"https:\\\/\\\/gastora.eu\\\/wp-content\\\/uploads\\\/2026\\\/04\\\/maxima-electric-induction-800.jpg\",\"contentUrl\":\"https:\\\/\\\/gastora.eu\\\/wp-content\\\/uploads\\\/2026\\\/04\\\/maxima-electric-induction-800.jpg\",\"width\":512,\"height\":512},{\"@type\":\"BreadcrumbList\",\"@id\":\"https:\\\/\\\/gastora.eu\\\/product\\\/heavy-duty-cuisinire-induction-2-brleurs-unit-double-profondeur-70-cm-lectrique\\\/#breadcrumb\",\"itemListElement\":[{\"@type\":\"ListItem\",\"position\":1,\"name\":\"Home\",\"item\":\"https:\\\/\\\/gastora.eu\\\/\"},{\"@type\":\"ListItem\",\"position\":2,\"name\":\"Shop\",\"item\":\"https:\\\/\\\/gastora.eu\\\/shop\\\/\"},{\"@type\":\"ListItem\",\"position\":3,\"name\":\"Heavy Duty cuisini\u00e8re \u00e0 induction &#8211; 2 br\u00fbleurs &#8211; unit\u00e9 double &#8211; profondeur 70 cm &#8211; \u00e9lectrique\"}]},{\"@type\":\"WebSite\",\"@id\":\"https:\\\/\\\/gastora.eu\\\/#website\",\"url\":\"https:\\\/\\\/gastora.eu\\\/\",\"name\":\"Gastora\",\"description\":\"\u00c9quipements professionnels CHR\",\"publisher\":{\"@id\":\"https:\\\/\\\/gastora.eu\\\/#organization\"},\"potentialAction\":[{\"@type\":\"SearchAction\",\"target\":{\"@type\":\"EntryPoint\",\"urlTemplate\":\"https:\\\/\\\/gastora.eu\\\/?s={search_term_string}\"},\"query-input\":{\"@type\":\"PropertyValueSpecification\",\"valueRequired\":true,\"valueName\":\"search_term_string\"}}],\"inLanguage\":\"en-US\"},{\"@type\":\"Organization\",\"@id\":\"https:\\\/\\\/gastora.eu\\\/#organization\",\"name\":\"Gastora\",\"url\":\"https:\\\/\\\/gastora.eu\\\/\",\"logo\":{\"@type\":\"ImageObject\",\"inLanguage\":\"en-US\",\"@id\":\"https:\\\/\\\/gastora.eu\\\/#\\\/schema\\\/logo\\\/image\\\/\",\"url\":\"https:\\\/\\\/gastora.eu\\\/wp-content\\\/uploads\\\/2025\\\/12\\\/ChatGPT-Image-2-janv.-2026-22_52_47-1.png\",\"contentUrl\":\"https:\\\/\\\/gastora.eu\\\/wp-content\\\/uploads\\\/2025\\\/12\\\/ChatGPT-Image-2-janv.-2026-22_52_47-1.png\",\"width\":1536,\"height\":320,\"caption\":\"Gastora\"},\"image\":{\"@id\":\"https:\\\/\\\/gastora.eu\\\/#\\\/schema\\\/logo\\\/image\\\/\"}}]}<\/script>\n<!-- \/ Yoast SEO plugin. -->","yoast_head_json":{"title":"Heavy Duty cuisini\u00e8re \u00e0 induction - 2 br\u00fbleurs - unit\u00e9 double - profondeur 70 cm - \u00e9lectrique - Gastora","description":"Achetez Heavy Duty cuisini\u00e8re \u00e0 induction - 2 br\u00fbleurs - unit\u00e9 double - profondeur 70 cm - \u00e9lectrique au meilleur prix, fiable et performant avec une livraison rapide","robots":{"index":"index","follow":"follow","max-snippet":"max-snippet:-1","max-image-preview":"max-image-preview:large","max-video-preview":"max-video-preview:-1"},"canonical":"https:\/\/gastora.eu\/en\/product\/heavy-duty-cuisinire-induction-2-brleurs-unit-double-profondeur-70-cm-lectrique\/","og_locale":"en_US","og_type":"article","og_title":"Heavy Duty cuisini\u00e8re \u00e0 induction - 2 br\u00fbleurs - unit\u00e9 double - profondeur 70 cm - \u00e9lectrique - Gastora","og_description":"Achetez Heavy Duty cuisini\u00e8re \u00e0 induction - 2 br\u00fbleurs - unit\u00e9 double - profondeur 70 cm - \u00e9lectrique au meilleur prix, fiable et performant avec une livraison rapide","og_url":"https:\/\/gastora.eu\/en\/product\/heavy-duty-cuisinire-induction-2-brleurs-unit-double-profondeur-70-cm-lectrique\/","og_site_name":"Gastora","article_modified_time":"2026-04-28T16:56:06+00:00","twitter_card":"summary_large_image","twitter_misc":{"Est. reading time":"2 minutes"},"schema":{"@context":"https:\/\/schema.org","@graph":[{"@type":"WebPage","@id":"https:\/\/gastora.eu\/product\/heavy-duty-cuisinire-induction-2-brleurs-unit-double-profondeur-70-cm-lectrique\/","url":"https:\/\/gastora.eu\/product\/heavy-duty-cuisinire-induction-2-brleurs-unit-double-profondeur-70-cm-lectrique\/","name":"Heavy Duty cuisini\u00e8re \u00e0 induction - 2 br\u00fbleurs - unit\u00e9 double - profondeur 70 cm - \u00e9lectrique - Gastora","isPartOf":{"@id":"https:\/\/gastora.eu\/#website"},"primaryImageOfPage":{"@id":"https:\/\/gastora.eu\/product\/heavy-duty-cuisinire-induction-2-brleurs-unit-double-profondeur-70-cm-lectrique\/#primaryimage"},"image":{"@id":"https:\/\/gastora.eu\/product\/heavy-duty-cuisinire-induction-2-brleurs-unit-double-profondeur-70-cm-lectrique\/#primaryimage"},"thumbnailUrl":"https:\/\/gastora.eu\/wp-content\/uploads\/2026\/04\/maxima-electric-induction-800.jpg","datePublished":"2026-04-25T17:45:33+00:00","dateModified":"2026-04-28T16:56:06+00:00","description":"Achetez Heavy Duty cuisini\u00e8re \u00e0 induction - 2 br\u00fbleurs - unit\u00e9 double - profondeur 70 cm - \u00e9lectrique au meilleur prix, fiable et performant avec une livraison rapide","breadcrumb":{"@id":"https:\/\/gastora.eu\/product\/heavy-duty-cuisinire-induction-2-brleurs-unit-double-profondeur-70-cm-lectrique\/#breadcrumb"},"inLanguage":"en-US","potentialAction":[{"@type":"ReadAction","target":["https:\/\/gastora.eu\/product\/heavy-duty-cuisinire-induction-2-brleurs-unit-double-profondeur-70-cm-lectrique\/"]}]},{"@type":"ImageObject","inLanguage":"en-US","@id":"https:\/\/gastora.eu\/product\/heavy-duty-cuisinire-induction-2-brleurs-unit-double-profondeur-70-cm-lectrique\/#primaryimage","url":"https:\/\/gastora.eu\/wp-content\/uploads\/2026\/04\/maxima-electric-induction-800.jpg","contentUrl":"https:\/\/gastora.eu\/wp-content\/uploads\/2026\/04\/maxima-electric-induction-800.jpg","width":512,"height":512},{"@type":"BreadcrumbList","@id":"https:\/\/gastora.eu\/product\/heavy-duty-cuisinire-induction-2-brleurs-unit-double-profondeur-70-cm-lectrique\/#breadcrumb","itemListElement":[{"@type":"ListItem","position":1,"name":"Home","item":"https:\/\/gastora.eu\/"},{"@type":"ListItem","position":2,"name":"Shop","item":"https:\/\/gastora.eu\/shop\/"},{"@type":"ListItem","position":3,"name":"Heavy Duty cuisini\u00e8re \u00e0 induction &#8211; 2 br\u00fbleurs &#8211; unit\u00e9 double &#8211; profondeur 70 cm &#8211; \u00e9lectrique"}]},{"@type":"WebSite","@id":"https:\/\/gastora.eu\/#website","url":"https:\/\/gastora.eu\/","name":"Gastora","description":"\u00c9quipements professionnels CHR","publisher":{"@id":"https:\/\/gastora.eu\/#organization"},"potentialAction":[{"@type":"SearchAction","target":{"@type":"EntryPoint","urlTemplate":"https:\/\/gastora.eu\/?s={search_term_string}"},"query-input":{"@type":"PropertyValueSpecification","valueRequired":true,"valueName":"search_term_string"}}],"inLanguage":"en-US"},{"@type":"Organization","@id":"https:\/\/gastora.eu\/#organization","name":"Gastora","url":"https:\/\/gastora.eu\/","logo":{"@type":"ImageObject","inLanguage":"en-US","@id":"https:\/\/gastora.eu\/#\/schema\/logo\/image\/","url":"https:\/\/gastora.eu\/wp-content\/uploads\/2025\/12\/ChatGPT-Image-2-janv.-2026-22_52_47-1.png","contentUrl":"https:\/\/gastora.eu\/wp-content\/uploads\/2025\/12\/ChatGPT-Image-2-janv.-2026-22_52_47-1.png","width":1536,"height":320,"caption":"Gastora"},"image":{"@id":"https:\/\/gastora.eu\/#\/schema\/logo\/image\/"}}]}},"jetpack_sharing_enabled":true,"_links":{"self":[{"href":"https:\/\/gastora.eu\/en\/wp-json\/wp\/v2\/product\/14212","targetHints":{"allow":["GET"]}}],"collection":[{"href":"https:\/\/gastora.eu\/en\/wp-json\/wp\/v2\/product"}],"about":[{"href":"https:\/\/gastora.eu\/en\/wp-json\/wp\/v2\/types\/product"}],"wp:featuredmedia":[{"embeddable":true,"href":"https:\/\/gastora.eu\/en\/wp-json\/wp\/v2\/media\/7174"}],"wp:attachment":[{"href":"https:\/\/gastora.eu\/en\/wp-json\/wp\/v2\/media?parent=14212"}],"wp:term":[{"taxonomy":"product_brand","embeddable":true,"href":"https:\/\/gastora.eu\/en\/wp-json\/wp\/v2\/product_brand?post=14212"},{"taxonomy":"product_cat","embeddable":true,"href":"https:\/\/gastora.eu\/en\/wp-json\/wp\/v2\/product_cat?post=14212"},{"taxonomy":"product_tag","embeddable":true,"href":"https:\/\/gastora.eu\/en\/wp-json\/wp\/v2\/product_tag?post=14212"}],"curies":[{"name":"wp","href":"https:\/\/api.w.org\/{rel}","templated":true}]}}