{"id":14209,"date":"2026-04-25T17:45:30","date_gmt":"2026-04-25T17:45:30","guid":{"rendered":"https:\/\/gastora.eu\/?post_type=product&#038;p=14209"},"modified":"2026-04-28T16:56:05","modified_gmt":"2026-04-28T16:56:05","slug":"grille-de-four-325-x-354-cm-23-gn","status":"publish","type":"product","link":"https:\/\/gastora.eu\/en\/product\/grille-de-four-325-x-354-cm-23-gn\/","title":{"rendered":"Grille de four &#8211; 32,5 x 35,4 cm &#8211; 2\/3 GN"},"content":{"rendered":"<p>Gr\u00e2ce \u00e0 ses dimensions universelles GN, cette grille de four convient \u00e0 de nombreux types de fours et de cuiseurs \u00e0 vapeur. Le support est fabriqu\u00e9 en acier inoxydable durable et est id\u00e9al pour une utilisation professionnelle dans chaque cuisine. Gr\u00e2ce \u00e0 sa finition lisse, le support de four est facile \u00e0 nettoyer. Un avantage suppl\u00e9mentaire : le support de four peut \u00e9galement \u00eatre mis au lave-vaisselle <\/p>\n<h3>Simple et rapide \u00e0 nettoyer<\/h3>\n<p>Lorsque vous utilisez un support pour four, il est in\u00e9vitable qu&#8217;il se salisse. Comme celle-ci est en acier inoxydable, elle est facile et rapide \u00e0 nettoyer. Vous pouvez \u00e9liminer les r\u00e9sidus alimentaires tenaces en faisant d&#8217;abord tremper la grille pendant un moment dans de l&#8217;eau chaude savonneuse. Avec une brosse, vous pouvez rapidement enlever la plupart des restes. La grille du four peut ensuite \u00eatre plac\u00e9e dans le lave-vaisselle.<\/p>\n<ul>\n<li>Grille universelle pour la cuisine professionnelle<\/li>\n<li>Convient aux fours et aux cuiseurs \u00e0 vapeur<\/li>\n<li>Fabriqu\u00e9 en acier inoxydable durable<\/li>\n<li>Facile \u00e0 nettoyer gr\u00e2ce \u00e0 sa finition lisse<\/li>\n<li>Peut \u00eatre mis au lave-vaisselle<\/li>\n<li>Dimensions : 2\/3 GN<\/li>\n<li>Dimensions : 325 x 354 mm<\/li>\n<\/ul>\n<ul>\n<li>Dimensions : 2\/3 GN\n<\/li>\n<li>Dimensions : 32,5 x 35,4cm<br \/>","protected":false},"excerpt":{"rendered":"<p>Cette grille de four de haute qualit\u00e9 est fabriqu\u00e9e selon les dimensions GN et convient \u00e0 un usage professionnel dans la cuisine de restauration. Vous pouvez l&#8217;utiliser dans les fours et les fours mixtes. Gr\u00e2ce \u00e0 sa finition lisse, le support de four est facile \u00e0 nettoyer.<\/p>","protected":false},"featured_media":7168,"template":"","meta":{"_acf_changed":false},"product_brand":[],"product_cat":[499],"product_tag":[],"class_list":{"0":"post-14209","1":"product","2":"type-product","3":"status-publish","4":"has-post-thumbnail","6":"product_cat-grilles-plaques-supports-2","8":"first","9":"instock","10":"sale","11":"taxable","12":"shipping-taxable","13":"purchasable","14":"product-type-simple"},"acf":[],"yoast_head":"<!-- This site is optimized with the Yoast SEO plugin v27.5 - https:\/\/yoast.com\/product\/yoast-seo-wordpress\/ -->\n<title>Grille de four - 32,5 x 35,4 cm - 2\/3 GN - Gastora<\/title>\n<meta name=\"description\" content=\"Achetez Grille de four - 32,5 x 35,4 cm - 2\/3 GN au meilleur prix, fiable et performant avec une livraison rapide\" \/>\n<meta name=\"robots\" content=\"index, follow, max-snippet:-1, max-image-preview:large, max-video-preview:-1\" \/>\n<link rel=\"canonical\" href=\"https:\/\/gastora.eu\/en\/product\/grille-de-four-325-x-354-cm-23-gn\/\" \/>\n<meta property=\"og:locale\" content=\"en_US\" \/>\n<meta property=\"og:type\" content=\"article\" \/>\n<meta property=\"og:title\" content=\"Grille de four - 32,5 x 35,4 cm - 2\/3 GN - Gastora\" \/>\n<meta property=\"og:description\" content=\"Achetez Grille de four - 32,5 x 35,4 cm - 2\/3 GN au meilleur prix, fiable et performant avec une livraison rapide\" \/>\n<meta property=\"og:url\" content=\"https:\/\/gastora.eu\/en\/product\/grille-de-four-325-x-354-cm-23-gn\/\" \/>\n<meta property=\"og:site_name\" content=\"Gastora\" \/>\n<meta property=\"article:modified_time\" content=\"2026-04-28T16:56:05+00:00\" \/>\n<meta name=\"twitter:card\" content=\"summary_large_image\" \/>\n<meta name=\"twitter:label1\" content=\"Est. reading time\" \/>\n\t<meta name=\"twitter:data1\" content=\"1 minute\" \/>\n<script type=\"application\/ld+json\" class=\"yoast-schema-graph\">{\"@context\":\"https:\\\/\\\/schema.org\",\"@graph\":[{\"@type\":\"WebPage\",\"@id\":\"https:\\\/\\\/gastora.eu\\\/product\\\/grille-de-four-325-x-354-cm-23-gn\\\/\",\"url\":\"https:\\\/\\\/gastora.eu\\\/product\\\/grille-de-four-325-x-354-cm-23-gn\\\/\",\"name\":\"Grille de four - 32,5 x 35,4 cm - 2\\\/3 GN - Gastora\",\"isPartOf\":{\"@id\":\"https:\\\/\\\/gastora.eu\\\/#website\"},\"primaryImageOfPage\":{\"@id\":\"https:\\\/\\\/gastora.eu\\\/product\\\/grille-de-four-325-x-354-cm-23-gn\\\/#primaryimage\"},\"image\":{\"@id\":\"https:\\\/\\\/gastora.eu\\\/product\\\/grille-de-four-325-x-354-cm-23-gn\\\/#primaryimage\"},\"thumbnailUrl\":\"https:\\\/\\\/gastora.eu\\\/wp-content\\\/uploads\\\/2026\\\/04\\\/sp-productfoto-147.jpg\",\"datePublished\":\"2026-04-25T17:45:30+00:00\",\"dateModified\":\"2026-04-28T16:56:05+00:00\",\"description\":\"Achetez Grille de four - 32,5 x 35,4 cm - 2\\\/3 GN au meilleur prix, fiable et performant avec une livraison rapide\",\"breadcrumb\":{\"@id\":\"https:\\\/\\\/gastora.eu\\\/product\\\/grille-de-four-325-x-354-cm-23-gn\\\/#breadcrumb\"},\"inLanguage\":\"en-US\",\"potentialAction\":[{\"@type\":\"ReadAction\",\"target\":[\"https:\\\/\\\/gastora.eu\\\/product\\\/grille-de-four-325-x-354-cm-23-gn\\\/\"]}]},{\"@type\":\"ImageObject\",\"inLanguage\":\"en-US\",\"@id\":\"https:\\\/\\\/gastora.eu\\\/product\\\/grille-de-four-325-x-354-cm-23-gn\\\/#primaryimage\",\"url\":\"https:\\\/\\\/gastora.eu\\\/wp-content\\\/uploads\\\/2026\\\/04\\\/sp-productfoto-147.jpg\",\"contentUrl\":\"https:\\\/\\\/gastora.eu\\\/wp-content\\\/uploads\\\/2026\\\/04\\\/sp-productfoto-147.jpg\",\"width\":2048,\"height\":2048},{\"@type\":\"BreadcrumbList\",\"@id\":\"https:\\\/\\\/gastora.eu\\\/product\\\/grille-de-four-325-x-354-cm-23-gn\\\/#breadcrumb\",\"itemListElement\":[{\"@type\":\"ListItem\",\"position\":1,\"name\":\"Home\",\"item\":\"https:\\\/\\\/gastora.eu\\\/\"},{\"@type\":\"ListItem\",\"position\":2,\"name\":\"Shop\",\"item\":\"https:\\\/\\\/gastora.eu\\\/shop\\\/\"},{\"@type\":\"ListItem\",\"position\":3,\"name\":\"Grille de four &#8211; 32,5 x 35,4 cm &#8211; 2\\\/3 GN\"}]},{\"@type\":\"WebSite\",\"@id\":\"https:\\\/\\\/gastora.eu\\\/#website\",\"url\":\"https:\\\/\\\/gastora.eu\\\/\",\"name\":\"Gastora\",\"description\":\"\u00c9quipements professionnels CHR\",\"publisher\":{\"@id\":\"https:\\\/\\\/gastora.eu\\\/#organization\"},\"potentialAction\":[{\"@type\":\"SearchAction\",\"target\":{\"@type\":\"EntryPoint\",\"urlTemplate\":\"https:\\\/\\\/gastora.eu\\\/?s={search_term_string}\"},\"query-input\":{\"@type\":\"PropertyValueSpecification\",\"valueRequired\":true,\"valueName\":\"search_term_string\"}}],\"inLanguage\":\"en-US\"},{\"@type\":\"Organization\",\"@id\":\"https:\\\/\\\/gastora.eu\\\/#organization\",\"name\":\"Gastora\",\"url\":\"https:\\\/\\\/gastora.eu\\\/\",\"logo\":{\"@type\":\"ImageObject\",\"inLanguage\":\"en-US\",\"@id\":\"https:\\\/\\\/gastora.eu\\\/#\\\/schema\\\/logo\\\/image\\\/\",\"url\":\"https:\\\/\\\/gastora.eu\\\/wp-content\\\/uploads\\\/2025\\\/12\\\/ChatGPT-Image-2-janv.-2026-22_52_47-1.png\",\"contentUrl\":\"https:\\\/\\\/gastora.eu\\\/wp-content\\\/uploads\\\/2025\\\/12\\\/ChatGPT-Image-2-janv.-2026-22_52_47-1.png\",\"width\":1536,\"height\":320,\"caption\":\"Gastora\"},\"image\":{\"@id\":\"https:\\\/\\\/gastora.eu\\\/#\\\/schema\\\/logo\\\/image\\\/\"}}]}<\/script>\n<!-- \/ Yoast SEO plugin. -->","yoast_head_json":{"title":"Grille de four - 32,5 x 35,4 cm - 2\/3 GN - Gastora","description":"Achetez Grille de four - 32,5 x 35,4 cm - 2\/3 GN au meilleur prix, fiable et performant avec une livraison rapide","robots":{"index":"index","follow":"follow","max-snippet":"max-snippet:-1","max-image-preview":"max-image-preview:large","max-video-preview":"max-video-preview:-1"},"canonical":"https:\/\/gastora.eu\/en\/product\/grille-de-four-325-x-354-cm-23-gn\/","og_locale":"en_US","og_type":"article","og_title":"Grille de four - 32,5 x 35,4 cm - 2\/3 GN - Gastora","og_description":"Achetez Grille de four - 32,5 x 35,4 cm - 2\/3 GN au meilleur prix, fiable et performant avec une livraison rapide","og_url":"https:\/\/gastora.eu\/en\/product\/grille-de-four-325-x-354-cm-23-gn\/","og_site_name":"Gastora","article_modified_time":"2026-04-28T16:56:05+00:00","twitter_card":"summary_large_image","twitter_misc":{"Est. reading time":"1 minute"},"schema":{"@context":"https:\/\/schema.org","@graph":[{"@type":"WebPage","@id":"https:\/\/gastora.eu\/product\/grille-de-four-325-x-354-cm-23-gn\/","url":"https:\/\/gastora.eu\/product\/grille-de-four-325-x-354-cm-23-gn\/","name":"Grille de four - 32,5 x 35,4 cm - 2\/3 GN - Gastora","isPartOf":{"@id":"https:\/\/gastora.eu\/#website"},"primaryImageOfPage":{"@id":"https:\/\/gastora.eu\/product\/grille-de-four-325-x-354-cm-23-gn\/#primaryimage"},"image":{"@id":"https:\/\/gastora.eu\/product\/grille-de-four-325-x-354-cm-23-gn\/#primaryimage"},"thumbnailUrl":"https:\/\/gastora.eu\/wp-content\/uploads\/2026\/04\/sp-productfoto-147.jpg","datePublished":"2026-04-25T17:45:30+00:00","dateModified":"2026-04-28T16:56:05+00:00","description":"Achetez Grille de four - 32,5 x 35,4 cm - 2\/3 GN au meilleur prix, fiable et performant avec une livraison rapide","breadcrumb":{"@id":"https:\/\/gastora.eu\/product\/grille-de-four-325-x-354-cm-23-gn\/#breadcrumb"},"inLanguage":"en-US","potentialAction":[{"@type":"ReadAction","target":["https:\/\/gastora.eu\/product\/grille-de-four-325-x-354-cm-23-gn\/"]}]},{"@type":"ImageObject","inLanguage":"en-US","@id":"https:\/\/gastora.eu\/product\/grille-de-four-325-x-354-cm-23-gn\/#primaryimage","url":"https:\/\/gastora.eu\/wp-content\/uploads\/2026\/04\/sp-productfoto-147.jpg","contentUrl":"https:\/\/gastora.eu\/wp-content\/uploads\/2026\/04\/sp-productfoto-147.jpg","width":2048,"height":2048},{"@type":"BreadcrumbList","@id":"https:\/\/gastora.eu\/product\/grille-de-four-325-x-354-cm-23-gn\/#breadcrumb","itemListElement":[{"@type":"ListItem","position":1,"name":"Home","item":"https:\/\/gastora.eu\/"},{"@type":"ListItem","position":2,"name":"Shop","item":"https:\/\/gastora.eu\/shop\/"},{"@type":"ListItem","position":3,"name":"Grille de four &#8211; 32,5 x 35,4 cm &#8211; 2\/3 GN"}]},{"@type":"WebSite","@id":"https:\/\/gastora.eu\/#website","url":"https:\/\/gastora.eu\/","name":"Gastora","description":"\u00c9quipements professionnels CHR","publisher":{"@id":"https:\/\/gastora.eu\/#organization"},"potentialAction":[{"@type":"SearchAction","target":{"@type":"EntryPoint","urlTemplate":"https:\/\/gastora.eu\/?s={search_term_string}"},"query-input":{"@type":"PropertyValueSpecification","valueRequired":true,"valueName":"search_term_string"}}],"inLanguage":"en-US"},{"@type":"Organization","@id":"https:\/\/gastora.eu\/#organization","name":"Gastora","url":"https:\/\/gastora.eu\/","logo":{"@type":"ImageObject","inLanguage":"en-US","@id":"https:\/\/gastora.eu\/#\/schema\/logo\/image\/","url":"https:\/\/gastora.eu\/wp-content\/uploads\/2025\/12\/ChatGPT-Image-2-janv.-2026-22_52_47-1.png","contentUrl":"https:\/\/gastora.eu\/wp-content\/uploads\/2025\/12\/ChatGPT-Image-2-janv.-2026-22_52_47-1.png","width":1536,"height":320,"caption":"Gastora"},"image":{"@id":"https:\/\/gastora.eu\/#\/schema\/logo\/image\/"}}]}},"jetpack_sharing_enabled":true,"_links":{"self":[{"href":"https:\/\/gastora.eu\/en\/wp-json\/wp\/v2\/product\/14209","targetHints":{"allow":["GET"]}}],"collection":[{"href":"https:\/\/gastora.eu\/en\/wp-json\/wp\/v2\/product"}],"about":[{"href":"https:\/\/gastora.eu\/en\/wp-json\/wp\/v2\/types\/product"}],"wp:featuredmedia":[{"embeddable":true,"href":"https:\/\/gastora.eu\/en\/wp-json\/wp\/v2\/media\/7168"}],"wp:attachment":[{"href":"https:\/\/gastora.eu\/en\/wp-json\/wp\/v2\/media?parent=14209"}],"wp:term":[{"taxonomy":"product_brand","embeddable":true,"href":"https:\/\/gastora.eu\/en\/wp-json\/wp\/v2\/product_brand?post=14209"},{"taxonomy":"product_cat","embeddable":true,"href":"https:\/\/gastora.eu\/en\/wp-json\/wp\/v2\/product_cat?post=14209"},{"taxonomy":"product_tag","embeddable":true,"href":"https:\/\/gastora.eu\/en\/wp-json\/wp\/v2\/product_tag?post=14209"}],"curies":[{"name":"wp","href":"https:\/\/api.w.org\/{rel}","templated":true}]}}