{"id":14208,"date":"2026-04-25T17:45:29","date_gmt":"2026-04-25T17:45:29","guid":{"rendered":"https:\/\/gastora.eu\/?post_type=product&#038;p=14208"},"modified":"2026-04-28T16:56:05","modified_gmt":"2026-04-28T16:56:05","slug":"grille-four-435-x-315-mm-mco","status":"publish","type":"product","link":"https:\/\/gastora.eu\/en\/product\/grille-four-435-x-315-mm-mco\/","title":{"rendered":"Grille Four  435 x 315 mm MCO"},"content":{"rendered":"<p>Gr\u00e2ce aux dimensions universelles MCO, cette grille de four convient \u00e0 de nombreux types de fours et de cuiseurs \u00e0 vapeur. Fabriqu\u00e9e en acier inoxydable durable, la grille de four est id\u00e9ale pour un usage professionnel dans toute cuisine de restauration. Elle est \u00e9galement facile \u00e0 nettoyer et peut \u00eatre mise au lave-vaisselle.<\/p>\n<h3>Facile et rapide \u00e0 nettoyer<\/h3>\n<p>Chaque fois que vous utilisez une grille de four, elle est vou\u00e9e \u00e0 se salir. Comme elles sont fabriqu\u00e9es en acier inoxydable, vous pouvez les nettoyer simplement et rapidement. Pour \u00e9liminer les r\u00e9sidus alimentaires tenaces, commencez par tremper la grille dans de l&#8217;eau chaude savonneuse pendant un certain temps. \u00c0 l&#8217;aide d&#8217;une brosse, vous pouvez rapidement enlever les restes de nourriture. La grille peut ensuite \u00eatre mise au lave-vaisselle.<\/p>\n<p><strong>Caract\u00e9ristiques<\/strong><\/p>\n<ul>\n<li>Convient aux fours et aux cuiseurs \u00e0 vapeur<\/li>\n<li>Fabriqu\u00e9e en acier inoxydable durable<\/li>\n<li>Facile \u00e0 nettoyer gr\u00e2ce \u00e0 sa finition lisse<\/li>\n<li>Peut \u00eatre mis au lave-vaisselle<\/li>\n<\/ul>","protected":false},"excerpt":{"rendered":"<p>Cette grille de four de haute qualit\u00e9 est fabriqu\u00e9e selon les dimensions MCO et convient \u00e0 un usage professionnel dans les cuisines de restauration. Elle peut \u00eatre utilis\u00e9e dans les fours et les fours combin\u00e9s. Gr\u00e2ce \u00e0 sa finition lisse, la grille est facile \u00e0 nettoyer.<\/p>","protected":false},"featured_media":7166,"template":"","meta":{"_acf_changed":false},"product_brand":[],"product_cat":[499],"product_tag":[],"class_list":{"0":"post-14208","1":"product","2":"type-product","3":"status-publish","4":"has-post-thumbnail","6":"product_cat-grilles-plaques-supports-2","8":"first","9":"instock","10":"sale","11":"taxable","12":"shipping-taxable","13":"purchasable","14":"product-type-simple"},"acf":[],"yoast_head":"<!-- This site is optimized with the Yoast SEO plugin v27.6 - https:\/\/yoast.com\/product\/yoast-seo-wordpress\/ -->\n<title>Grille Four 435 x 315 mm MCO - Gastora<\/title>\n<meta name=\"description\" content=\"Achetez Grille Four 435 x 315 mm MCO au meilleur prix, fiable et performant avec une livraison rapide\" \/>\n<meta name=\"robots\" content=\"index, follow, max-snippet:-1, max-image-preview:large, max-video-preview:-1\" \/>\n<link rel=\"canonical\" href=\"https:\/\/gastora.eu\/en\/product\/grille-four-435-x-315-mm-mco\/\" \/>\n<meta property=\"og:locale\" content=\"en_US\" \/>\n<meta property=\"og:type\" content=\"article\" \/>\n<meta property=\"og:title\" content=\"Grille Four 435 x 315 mm MCO - Gastora\" \/>\n<meta property=\"og:description\" content=\"Achetez Grille Four 435 x 315 mm MCO au meilleur prix, fiable et performant avec une livraison rapide\" \/>\n<meta property=\"og:url\" content=\"https:\/\/gastora.eu\/en\/product\/grille-four-435-x-315-mm-mco\/\" \/>\n<meta property=\"og:site_name\" content=\"Gastora\" \/>\n<meta property=\"article:modified_time\" content=\"2026-04-28T16:56:05+00:00\" \/>\n<meta name=\"twitter:card\" content=\"summary_large_image\" \/>\n<meta name=\"twitter:label1\" content=\"Est. reading time\" \/>\n\t<meta name=\"twitter:data1\" content=\"1 minute\" \/>\n<script type=\"application\/ld+json\" class=\"yoast-schema-graph\">{\"@context\":\"https:\\\/\\\/schema.org\",\"@graph\":[{\"@type\":\"WebPage\",\"@id\":\"https:\\\/\\\/gastora.eu\\\/product\\\/grille-four-435-x-315-mm-mco\\\/\",\"url\":\"https:\\\/\\\/gastora.eu\\\/product\\\/grille-four-435-x-315-mm-mco\\\/\",\"name\":\"Grille Four 435 x 315 mm MCO - Gastora\",\"isPartOf\":{\"@id\":\"https:\\\/\\\/gastora.eu\\\/#website\"},\"primaryImageOfPage\":{\"@id\":\"https:\\\/\\\/gastora.eu\\\/product\\\/grille-four-435-x-315-mm-mco\\\/#primaryimage\"},\"image\":{\"@id\":\"https:\\\/\\\/gastora.eu\\\/product\\\/grille-four-435-x-315-mm-mco\\\/#primaryimage\"},\"thumbnailUrl\":\"https:\\\/\\\/gastora.eu\\\/wp-content\\\/uploads\\\/2026\\\/04\\\/sp-productfoto-148.jpg\",\"datePublished\":\"2026-04-25T17:45:29+00:00\",\"dateModified\":\"2026-04-28T16:56:05+00:00\",\"description\":\"Achetez Grille Four 435 x 315 mm MCO au meilleur prix, fiable et performant avec une livraison rapide\",\"breadcrumb\":{\"@id\":\"https:\\\/\\\/gastora.eu\\\/product\\\/grille-four-435-x-315-mm-mco\\\/#breadcrumb\"},\"inLanguage\":\"en-US\",\"potentialAction\":[{\"@type\":\"ReadAction\",\"target\":[\"https:\\\/\\\/gastora.eu\\\/product\\\/grille-four-435-x-315-mm-mco\\\/\"]}]},{\"@type\":\"ImageObject\",\"inLanguage\":\"en-US\",\"@id\":\"https:\\\/\\\/gastora.eu\\\/product\\\/grille-four-435-x-315-mm-mco\\\/#primaryimage\",\"url\":\"https:\\\/\\\/gastora.eu\\\/wp-content\\\/uploads\\\/2026\\\/04\\\/sp-productfoto-148.jpg\",\"contentUrl\":\"https:\\\/\\\/gastora.eu\\\/wp-content\\\/uploads\\\/2026\\\/04\\\/sp-productfoto-148.jpg\",\"width\":2048,\"height\":2048},{\"@type\":\"BreadcrumbList\",\"@id\":\"https:\\\/\\\/gastora.eu\\\/product\\\/grille-four-435-x-315-mm-mco\\\/#breadcrumb\",\"itemListElement\":[{\"@type\":\"ListItem\",\"position\":1,\"name\":\"Home\",\"item\":\"https:\\\/\\\/gastora.eu\\\/\"},{\"@type\":\"ListItem\",\"position\":2,\"name\":\"Shop\",\"item\":\"https:\\\/\\\/gastora.eu\\\/shop\\\/\"},{\"@type\":\"ListItem\",\"position\":3,\"name\":\"Grille Four 435 x 315 mm MCO\"}]},{\"@type\":\"WebSite\",\"@id\":\"https:\\\/\\\/gastora.eu\\\/#website\",\"url\":\"https:\\\/\\\/gastora.eu\\\/\",\"name\":\"Gastora\",\"description\":\"\u00c9quipements professionnels CHR\",\"publisher\":{\"@id\":\"https:\\\/\\\/gastora.eu\\\/#organization\"},\"potentialAction\":[{\"@type\":\"SearchAction\",\"target\":{\"@type\":\"EntryPoint\",\"urlTemplate\":\"https:\\\/\\\/gastora.eu\\\/?s={search_term_string}\"},\"query-input\":{\"@type\":\"PropertyValueSpecification\",\"valueRequired\":true,\"valueName\":\"search_term_string\"}}],\"inLanguage\":\"en-US\"},{\"@type\":\"Organization\",\"@id\":\"https:\\\/\\\/gastora.eu\\\/#organization\",\"name\":\"Gastora\",\"url\":\"https:\\\/\\\/gastora.eu\\\/\",\"logo\":{\"@type\":\"ImageObject\",\"inLanguage\":\"en-US\",\"@id\":\"https:\\\/\\\/gastora.eu\\\/#\\\/schema\\\/logo\\\/image\\\/\",\"url\":\"https:\\\/\\\/gastora.eu\\\/wp-content\\\/uploads\\\/2025\\\/12\\\/ChatGPT-Image-2-janv.-2026-22_52_47-1.png\",\"contentUrl\":\"https:\\\/\\\/gastora.eu\\\/wp-content\\\/uploads\\\/2025\\\/12\\\/ChatGPT-Image-2-janv.-2026-22_52_47-1.png\",\"width\":1536,\"height\":320,\"caption\":\"Gastora\"},\"image\":{\"@id\":\"https:\\\/\\\/gastora.eu\\\/#\\\/schema\\\/logo\\\/image\\\/\"}}]}<\/script>\n<!-- \/ Yoast SEO plugin. -->","yoast_head_json":{"title":"Grille Four 435 x 315 mm MCO - Gastora","description":"Achetez Grille Four 435 x 315 mm MCO au meilleur prix, fiable et performant avec une livraison rapide","robots":{"index":"index","follow":"follow","max-snippet":"max-snippet:-1","max-image-preview":"max-image-preview:large","max-video-preview":"max-video-preview:-1"},"canonical":"https:\/\/gastora.eu\/en\/product\/grille-four-435-x-315-mm-mco\/","og_locale":"en_US","og_type":"article","og_title":"Grille Four 435 x 315 mm MCO - Gastora","og_description":"Achetez Grille Four 435 x 315 mm MCO au meilleur prix, fiable et performant avec une livraison rapide","og_url":"https:\/\/gastora.eu\/en\/product\/grille-four-435-x-315-mm-mco\/","og_site_name":"Gastora","article_modified_time":"2026-04-28T16:56:05+00:00","twitter_card":"summary_large_image","twitter_misc":{"Est. reading time":"1 minute"},"schema":{"@context":"https:\/\/schema.org","@graph":[{"@type":"WebPage","@id":"https:\/\/gastora.eu\/product\/grille-four-435-x-315-mm-mco\/","url":"https:\/\/gastora.eu\/product\/grille-four-435-x-315-mm-mco\/","name":"Grille Four 435 x 315 mm MCO - Gastora","isPartOf":{"@id":"https:\/\/gastora.eu\/#website"},"primaryImageOfPage":{"@id":"https:\/\/gastora.eu\/product\/grille-four-435-x-315-mm-mco\/#primaryimage"},"image":{"@id":"https:\/\/gastora.eu\/product\/grille-four-435-x-315-mm-mco\/#primaryimage"},"thumbnailUrl":"https:\/\/gastora.eu\/wp-content\/uploads\/2026\/04\/sp-productfoto-148.jpg","datePublished":"2026-04-25T17:45:29+00:00","dateModified":"2026-04-28T16:56:05+00:00","description":"Achetez Grille Four 435 x 315 mm MCO au meilleur prix, fiable et performant avec une livraison rapide","breadcrumb":{"@id":"https:\/\/gastora.eu\/product\/grille-four-435-x-315-mm-mco\/#breadcrumb"},"inLanguage":"en-US","potentialAction":[{"@type":"ReadAction","target":["https:\/\/gastora.eu\/product\/grille-four-435-x-315-mm-mco\/"]}]},{"@type":"ImageObject","inLanguage":"en-US","@id":"https:\/\/gastora.eu\/product\/grille-four-435-x-315-mm-mco\/#primaryimage","url":"https:\/\/gastora.eu\/wp-content\/uploads\/2026\/04\/sp-productfoto-148.jpg","contentUrl":"https:\/\/gastora.eu\/wp-content\/uploads\/2026\/04\/sp-productfoto-148.jpg","width":2048,"height":2048},{"@type":"BreadcrumbList","@id":"https:\/\/gastora.eu\/product\/grille-four-435-x-315-mm-mco\/#breadcrumb","itemListElement":[{"@type":"ListItem","position":1,"name":"Home","item":"https:\/\/gastora.eu\/"},{"@type":"ListItem","position":2,"name":"Shop","item":"https:\/\/gastora.eu\/shop\/"},{"@type":"ListItem","position":3,"name":"Grille Four 435 x 315 mm MCO"}]},{"@type":"WebSite","@id":"https:\/\/gastora.eu\/#website","url":"https:\/\/gastora.eu\/","name":"Gastora","description":"\u00c9quipements professionnels CHR","publisher":{"@id":"https:\/\/gastora.eu\/#organization"},"potentialAction":[{"@type":"SearchAction","target":{"@type":"EntryPoint","urlTemplate":"https:\/\/gastora.eu\/?s={search_term_string}"},"query-input":{"@type":"PropertyValueSpecification","valueRequired":true,"valueName":"search_term_string"}}],"inLanguage":"en-US"},{"@type":"Organization","@id":"https:\/\/gastora.eu\/#organization","name":"Gastora","url":"https:\/\/gastora.eu\/","logo":{"@type":"ImageObject","inLanguage":"en-US","@id":"https:\/\/gastora.eu\/#\/schema\/logo\/image\/","url":"https:\/\/gastora.eu\/wp-content\/uploads\/2025\/12\/ChatGPT-Image-2-janv.-2026-22_52_47-1.png","contentUrl":"https:\/\/gastora.eu\/wp-content\/uploads\/2025\/12\/ChatGPT-Image-2-janv.-2026-22_52_47-1.png","width":1536,"height":320,"caption":"Gastora"},"image":{"@id":"https:\/\/gastora.eu\/#\/schema\/logo\/image\/"}}]}},"jetpack_sharing_enabled":true,"_links":{"self":[{"href":"https:\/\/gastora.eu\/en\/wp-json\/wp\/v2\/product\/14208","targetHints":{"allow":["GET"]}}],"collection":[{"href":"https:\/\/gastora.eu\/en\/wp-json\/wp\/v2\/product"}],"about":[{"href":"https:\/\/gastora.eu\/en\/wp-json\/wp\/v2\/types\/product"}],"wp:featuredmedia":[{"embeddable":true,"href":"https:\/\/gastora.eu\/en\/wp-json\/wp\/v2\/media\/7166"}],"wp:attachment":[{"href":"https:\/\/gastora.eu\/en\/wp-json\/wp\/v2\/media?parent=14208"}],"wp:term":[{"taxonomy":"product_brand","embeddable":true,"href":"https:\/\/gastora.eu\/en\/wp-json\/wp\/v2\/product_brand?post=14208"},{"taxonomy":"product_cat","embeddable":true,"href":"https:\/\/gastora.eu\/en\/wp-json\/wp\/v2\/product_cat?post=14208"},{"taxonomy":"product_tag","embeddable":true,"href":"https:\/\/gastora.eu\/en\/wp-json\/wp\/v2\/product_tag?post=14208"}],"curies":[{"name":"wp","href":"https:\/\/api.w.org\/{rel}","templated":true}]}}