{"id":14190,"date":"2026-04-25T17:45:06","date_gmt":"2026-04-25T17:45:06","guid":{"rendered":"https:\/\/gastora.eu\/?post_type=product&#038;p=14190"},"modified":"2026-04-28T16:56:03","modified_gmt":"2026-04-28T16:56:03","slug":"couvercle-gastronorm-12-gn-acier-inoxydable","status":"publish","type":"product","link":"https:\/\/gastora.eu\/en\/product\/couvercle-gastronorm-12-gn-acier-inoxydable\/","title":{"rendered":"Couvercle gastronorm &#8211; 1\/2 GN &#8211; acier inoxydable"},"content":{"rendered":"<p>Dans une cuisine professionnelle, on ne peut se passer d&#8217;un jeu de r\u00e9cipients Gastronorm. Gastronorm, abr\u00e9g\u00e9 en GN, est une norme mondiale pour les dimensions et la profondeur des r\u00e9cipients. Avec ce couvercle Gastronorm, vous pouvez couvrir un r\u00e9cipient Gastronorm en acier inoxydable de la m\u00eame taille. Ainsi, les ingr\u00e9dients ou les denr\u00e9es alimentaires restent frais et se conservent plus longtemps. M\u00eame avec un couvercle, le r\u00e9cipient GN peut \u00eatre utilis\u00e9 dans de nombreux appareils de cuisine diff\u00e9rents. Par exemple, dans les r\u00e9frig\u00e9rateurs, les cong\u00e9lateurs, les saladettes, les r\u00e9frig\u00e9rateurs de comptoir, les chariots \u00e0 plateaux, les vitrines, les bains-marie et les chafing dishes <\/p>\n<h3>Facile \u00e0 empiler<\/h3>\n<p>Les bords pli\u00e9s et les coins arrondis du couvercle GN offrent non seulement une r\u00e9sistance suppl\u00e9mentaire, mais permettent \u00e9galement une utilisation en toute s\u00e9curit\u00e9. Facilitez votre travail dans la cuisine avec des couvercles, des bols et des r\u00e9cipients GN de m\u00eame taille. Ils sont ainsi faciles \u00e0 empiler et \u00e0 ranger. Vous gagnerez ainsi beaucoup d&#8217;espace. Pas seulement dans le placard, mais aussi dans le cong\u00e9lateur et le r\u00e9frig\u00e9rateur. Le couvercle GN r\u00e9pond aux exigences europ\u00e9ennes en mati\u00e8re de s\u00e9curit\u00e9 alimentaire <\/p>\n<h3>Peut \u00eatre nettoy\u00e9 dans le lave-vaisselle<\/h3>\n<p>Le couvercle GN a une \u00e9paisseur de 0,6 mm et convient donc \u00e0 une utilisation quotidienne intensive dans la cuisine professionnelle. Pour faciliter l&#8217;utilisation, la graduation GN est grav\u00e9e sur le couvercle. Que vous souhaitiez mettre le r\u00e9cipient avec couvercle au cong\u00e9lateur ou au four, le couvercle GN peut supporter des temp\u00e9ratures comprises entre -40 et 300\u2070C. Un avantage suppl\u00e9mentaire : comme le couvercle est en acier inoxydable, il peut \u00eatre facilement nettoy\u00e9 au lave-vaisselle.<\/p>\n<ul>\n<li>Convient aux fours, r\u00e9frig\u00e9rateurs, bains-marie et chafing dishes<\/li>\n<li>Facile \u00e0 nettoyer gr\u00e2ce \u00e0 sa finition lisse<\/li>\n<li>Bords repli\u00e9s et coins arrondis pour plus de solidit\u00e9<\/li>\n<li>Utilisation facile et s\u00fbre gr\u00e2ce aux coins et aux bords finis<\/li>\n<li>Conforme aux exigences europ\u00e9ennes en mati\u00e8re de s\u00e9curit\u00e9 alimentaire<\/li>\n<li>Acier inoxydable de haute qualit\u00e9 de 0,6 mm, adapt\u00e9 \u00e0 un usage professionnel<\/li>\n<li>Taille Gastronorm grav\u00e9e sur le produit<\/li>\n<li>Peut r\u00e9sister \u00e0 des temp\u00e9ratures allant de -40\u00b0C \u00e0 300\u00b0C<\/li>\n<li>Ce produit peut \u00eatre lav\u00e9 au lave-vaisselle<\/li>\n<\/ul>\n<ul>\n<li>Taille Gastronorm : 1\/2 GN<\/li>\n<li>Dimensions : 325 x 265 mm<\/li>\n<\/ul>\n<p><strong>Les r\u00e9cipients GN et les couvercles de mat\u00e9riaux diff\u00e9rents ne sont pas interchangeables.<\/strong><\/p>\n<ul>\n<li>Taille Gastronorm : 1\/2 GN\n<\/li>\n<li>Dimensions : 32,5 x 26,5cm<br \/>","protected":false},"excerpt":{"rendered":"<p>Avec ce couvercle 1\/2 Gastronorm en acier inoxydable, vous pouvez couvrir un r\u00e9cipient Gastronorm de la m\u00eame taille. Avec une taille de 32,5 x 26,5cm, le couvercle est facile \u00e0 empiler lorsqu&#8217;il est plac\u00e9 sur un r\u00e9cipient GN. De plus, tous les couvercles GN sont lavables au lave-vaisselle.<\/p>","protected":false},"featured_media":7130,"template":"","meta":{"_acf_changed":false},"product_brand":[],"product_cat":[498],"product_tag":[],"class_list":{"0":"post-14190","1":"product","2":"type-product","3":"status-publish","4":"has-post-thumbnail","6":"product_cat-bacs-gn-couvercles-2","8":"first","9":"instock","10":"sale","11":"taxable","12":"shipping-taxable","13":"purchasable","14":"product-type-simple"},"acf":[],"yoast_head":"<!-- This site is optimized with the Yoast SEO plugin v27.5 - https:\/\/yoast.com\/product\/yoast-seo-wordpress\/ -->\n<title>Couvercle gastronorm - 1\/2 GN - acier inoxydable - Gastora<\/title>\n<meta name=\"description\" content=\"Achetez Couvercle gastronorm - 1\/2 GN - acier inoxydable au meilleur prix, fiable et performant avec une livraison rapide\" \/>\n<meta name=\"robots\" content=\"index, follow, max-snippet:-1, max-image-preview:large, max-video-preview:-1\" \/>\n<link rel=\"canonical\" href=\"https:\/\/gastora.eu\/en\/product\/couvercle-gastronorm-12-gn-acier-inoxydable\/\" \/>\n<meta property=\"og:locale\" content=\"en_US\" \/>\n<meta property=\"og:type\" content=\"article\" \/>\n<meta property=\"og:title\" content=\"Couvercle gastronorm - 1\/2 GN - acier inoxydable - Gastora\" \/>\n<meta property=\"og:description\" content=\"Achetez Couvercle gastronorm - 1\/2 GN - acier inoxydable au meilleur prix, fiable et performant avec une livraison rapide\" \/>\n<meta property=\"og:url\" content=\"https:\/\/gastora.eu\/en\/product\/couvercle-gastronorm-12-gn-acier-inoxydable\/\" \/>\n<meta property=\"og:site_name\" content=\"Gastora\" \/>\n<meta property=\"article:modified_time\" content=\"2026-04-28T16:56:03+00:00\" \/>\n<meta name=\"twitter:card\" content=\"summary_large_image\" \/>\n<meta name=\"twitter:label1\" content=\"Est. reading time\" \/>\n\t<meta name=\"twitter:data1\" content=\"2 minutes\" \/>\n<script type=\"application\/ld+json\" class=\"yoast-schema-graph\">{\"@context\":\"https:\\\/\\\/schema.org\",\"@graph\":[{\"@type\":\"WebPage\",\"@id\":\"https:\\\/\\\/gastora.eu\\\/product\\\/couvercle-gastronorm-12-gn-acier-inoxydable\\\/\",\"url\":\"https:\\\/\\\/gastora.eu\\\/product\\\/couvercle-gastronorm-12-gn-acier-inoxydable\\\/\",\"name\":\"Couvercle gastronorm - 1\\\/2 GN - acier inoxydable - Gastora\",\"isPartOf\":{\"@id\":\"https:\\\/\\\/gastora.eu\\\/#website\"},\"primaryImageOfPage\":{\"@id\":\"https:\\\/\\\/gastora.eu\\\/product\\\/couvercle-gastronorm-12-gn-acier-inoxydable\\\/#primaryimage\"},\"image\":{\"@id\":\"https:\\\/\\\/gastora.eu\\\/product\\\/couvercle-gastronorm-12-gn-acier-inoxydable\\\/#primaryimage\"},\"thumbnailUrl\":\"https:\\\/\\\/gastora.eu\\\/wp-content\\\/uploads\\\/2026\\\/04\\\/sp-productfoto-104.jpg\",\"datePublished\":\"2026-04-25T17:45:06+00:00\",\"dateModified\":\"2026-04-28T16:56:03+00:00\",\"description\":\"Achetez Couvercle gastronorm - 1\\\/2 GN - acier inoxydable au meilleur prix, fiable et performant avec une livraison rapide\",\"breadcrumb\":{\"@id\":\"https:\\\/\\\/gastora.eu\\\/product\\\/couvercle-gastronorm-12-gn-acier-inoxydable\\\/#breadcrumb\"},\"inLanguage\":\"en-US\",\"potentialAction\":[{\"@type\":\"ReadAction\",\"target\":[\"https:\\\/\\\/gastora.eu\\\/product\\\/couvercle-gastronorm-12-gn-acier-inoxydable\\\/\"]}]},{\"@type\":\"ImageObject\",\"inLanguage\":\"en-US\",\"@id\":\"https:\\\/\\\/gastora.eu\\\/product\\\/couvercle-gastronorm-12-gn-acier-inoxydable\\\/#primaryimage\",\"url\":\"https:\\\/\\\/gastora.eu\\\/wp-content\\\/uploads\\\/2026\\\/04\\\/sp-productfoto-104.jpg\",\"contentUrl\":\"https:\\\/\\\/gastora.eu\\\/wp-content\\\/uploads\\\/2026\\\/04\\\/sp-productfoto-104.jpg\",\"width\":2048,\"height\":2048},{\"@type\":\"BreadcrumbList\",\"@id\":\"https:\\\/\\\/gastora.eu\\\/product\\\/couvercle-gastronorm-12-gn-acier-inoxydable\\\/#breadcrumb\",\"itemListElement\":[{\"@type\":\"ListItem\",\"position\":1,\"name\":\"Home\",\"item\":\"https:\\\/\\\/gastora.eu\\\/\"},{\"@type\":\"ListItem\",\"position\":2,\"name\":\"Shop\",\"item\":\"https:\\\/\\\/gastora.eu\\\/shop\\\/\"},{\"@type\":\"ListItem\",\"position\":3,\"name\":\"Couvercle gastronorm &#8211; 1\\\/2 GN &#8211; acier inoxydable\"}]},{\"@type\":\"WebSite\",\"@id\":\"https:\\\/\\\/gastora.eu\\\/#website\",\"url\":\"https:\\\/\\\/gastora.eu\\\/\",\"name\":\"Gastora\",\"description\":\"\u00c9quipements professionnels CHR\",\"publisher\":{\"@id\":\"https:\\\/\\\/gastora.eu\\\/#organization\"},\"potentialAction\":[{\"@type\":\"SearchAction\",\"target\":{\"@type\":\"EntryPoint\",\"urlTemplate\":\"https:\\\/\\\/gastora.eu\\\/?s={search_term_string}\"},\"query-input\":{\"@type\":\"PropertyValueSpecification\",\"valueRequired\":true,\"valueName\":\"search_term_string\"}}],\"inLanguage\":\"en-US\"},{\"@type\":\"Organization\",\"@id\":\"https:\\\/\\\/gastora.eu\\\/#organization\",\"name\":\"Gastora\",\"url\":\"https:\\\/\\\/gastora.eu\\\/\",\"logo\":{\"@type\":\"ImageObject\",\"inLanguage\":\"en-US\",\"@id\":\"https:\\\/\\\/gastora.eu\\\/#\\\/schema\\\/logo\\\/image\\\/\",\"url\":\"https:\\\/\\\/gastora.eu\\\/wp-content\\\/uploads\\\/2025\\\/12\\\/ChatGPT-Image-2-janv.-2026-22_52_47-1.png\",\"contentUrl\":\"https:\\\/\\\/gastora.eu\\\/wp-content\\\/uploads\\\/2025\\\/12\\\/ChatGPT-Image-2-janv.-2026-22_52_47-1.png\",\"width\":1536,\"height\":320,\"caption\":\"Gastora\"},\"image\":{\"@id\":\"https:\\\/\\\/gastora.eu\\\/#\\\/schema\\\/logo\\\/image\\\/\"}}]}<\/script>\n<!-- \/ Yoast SEO plugin. -->","yoast_head_json":{"title":"Couvercle gastronorm - 1\/2 GN - acier inoxydable - Gastora","description":"Achetez Couvercle gastronorm - 1\/2 GN - acier inoxydable au meilleur prix, fiable et performant avec une livraison rapide","robots":{"index":"index","follow":"follow","max-snippet":"max-snippet:-1","max-image-preview":"max-image-preview:large","max-video-preview":"max-video-preview:-1"},"canonical":"https:\/\/gastora.eu\/en\/product\/couvercle-gastronorm-12-gn-acier-inoxydable\/","og_locale":"en_US","og_type":"article","og_title":"Couvercle gastronorm - 1\/2 GN - acier inoxydable - Gastora","og_description":"Achetez Couvercle gastronorm - 1\/2 GN - acier inoxydable au meilleur prix, fiable et performant avec une livraison rapide","og_url":"https:\/\/gastora.eu\/en\/product\/couvercle-gastronorm-12-gn-acier-inoxydable\/","og_site_name":"Gastora","article_modified_time":"2026-04-28T16:56:03+00:00","twitter_card":"summary_large_image","twitter_misc":{"Est. reading time":"2 minutes"},"schema":{"@context":"https:\/\/schema.org","@graph":[{"@type":"WebPage","@id":"https:\/\/gastora.eu\/product\/couvercle-gastronorm-12-gn-acier-inoxydable\/","url":"https:\/\/gastora.eu\/product\/couvercle-gastronorm-12-gn-acier-inoxydable\/","name":"Couvercle gastronorm - 1\/2 GN - acier inoxydable - Gastora","isPartOf":{"@id":"https:\/\/gastora.eu\/#website"},"primaryImageOfPage":{"@id":"https:\/\/gastora.eu\/product\/couvercle-gastronorm-12-gn-acier-inoxydable\/#primaryimage"},"image":{"@id":"https:\/\/gastora.eu\/product\/couvercle-gastronorm-12-gn-acier-inoxydable\/#primaryimage"},"thumbnailUrl":"https:\/\/gastora.eu\/wp-content\/uploads\/2026\/04\/sp-productfoto-104.jpg","datePublished":"2026-04-25T17:45:06+00:00","dateModified":"2026-04-28T16:56:03+00:00","description":"Achetez Couvercle gastronorm - 1\/2 GN - acier inoxydable au meilleur prix, fiable et performant avec une livraison rapide","breadcrumb":{"@id":"https:\/\/gastora.eu\/product\/couvercle-gastronorm-12-gn-acier-inoxydable\/#breadcrumb"},"inLanguage":"en-US","potentialAction":[{"@type":"ReadAction","target":["https:\/\/gastora.eu\/product\/couvercle-gastronorm-12-gn-acier-inoxydable\/"]}]},{"@type":"ImageObject","inLanguage":"en-US","@id":"https:\/\/gastora.eu\/product\/couvercle-gastronorm-12-gn-acier-inoxydable\/#primaryimage","url":"https:\/\/gastora.eu\/wp-content\/uploads\/2026\/04\/sp-productfoto-104.jpg","contentUrl":"https:\/\/gastora.eu\/wp-content\/uploads\/2026\/04\/sp-productfoto-104.jpg","width":2048,"height":2048},{"@type":"BreadcrumbList","@id":"https:\/\/gastora.eu\/product\/couvercle-gastronorm-12-gn-acier-inoxydable\/#breadcrumb","itemListElement":[{"@type":"ListItem","position":1,"name":"Home","item":"https:\/\/gastora.eu\/"},{"@type":"ListItem","position":2,"name":"Shop","item":"https:\/\/gastora.eu\/shop\/"},{"@type":"ListItem","position":3,"name":"Couvercle gastronorm &#8211; 1\/2 GN &#8211; acier inoxydable"}]},{"@type":"WebSite","@id":"https:\/\/gastora.eu\/#website","url":"https:\/\/gastora.eu\/","name":"Gastora","description":"\u00c9quipements professionnels CHR","publisher":{"@id":"https:\/\/gastora.eu\/#organization"},"potentialAction":[{"@type":"SearchAction","target":{"@type":"EntryPoint","urlTemplate":"https:\/\/gastora.eu\/?s={search_term_string}"},"query-input":{"@type":"PropertyValueSpecification","valueRequired":true,"valueName":"search_term_string"}}],"inLanguage":"en-US"},{"@type":"Organization","@id":"https:\/\/gastora.eu\/#organization","name":"Gastora","url":"https:\/\/gastora.eu\/","logo":{"@type":"ImageObject","inLanguage":"en-US","@id":"https:\/\/gastora.eu\/#\/schema\/logo\/image\/","url":"https:\/\/gastora.eu\/wp-content\/uploads\/2025\/12\/ChatGPT-Image-2-janv.-2026-22_52_47-1.png","contentUrl":"https:\/\/gastora.eu\/wp-content\/uploads\/2025\/12\/ChatGPT-Image-2-janv.-2026-22_52_47-1.png","width":1536,"height":320,"caption":"Gastora"},"image":{"@id":"https:\/\/gastora.eu\/#\/schema\/logo\/image\/"}}]}},"jetpack_sharing_enabled":true,"_links":{"self":[{"href":"https:\/\/gastora.eu\/en\/wp-json\/wp\/v2\/product\/14190","targetHints":{"allow":["GET"]}}],"collection":[{"href":"https:\/\/gastora.eu\/en\/wp-json\/wp\/v2\/product"}],"about":[{"href":"https:\/\/gastora.eu\/en\/wp-json\/wp\/v2\/types\/product"}],"wp:featuredmedia":[{"embeddable":true,"href":"https:\/\/gastora.eu\/en\/wp-json\/wp\/v2\/media\/7130"}],"wp:attachment":[{"href":"https:\/\/gastora.eu\/en\/wp-json\/wp\/v2\/media?parent=14190"}],"wp:term":[{"taxonomy":"product_brand","embeddable":true,"href":"https:\/\/gastora.eu\/en\/wp-json\/wp\/v2\/product_brand?post=14190"},{"taxonomy":"product_cat","embeddable":true,"href":"https:\/\/gastora.eu\/en\/wp-json\/wp\/v2\/product_cat?post=14190"},{"taxonomy":"product_tag","embeddable":true,"href":"https:\/\/gastora.eu\/en\/wp-json\/wp\/v2\/product_tag?post=14190"}],"curies":[{"name":"wp","href":"https:\/\/api.w.org\/{rel}","templated":true}]}}