{"id":14184,"date":"2026-04-25T17:44:58","date_gmt":"2026-04-25T17:44:58","guid":{"rendered":"https:\/\/gastora.eu\/?post_type=product&#038;p=14184"},"modified":"2026-04-28T16:56:03","modified_gmt":"2026-04-28T16:56:03","slug":"rcipient-gastronorm-12-gn-profondeur-20-cm-acier-inoxydable-perfor","status":"publish","type":"product","link":"https:\/\/gastora.eu\/en\/product\/rcipient-gastronorm-12-gn-profondeur-20-cm-acier-inoxydable-perfor\/","title":{"rendered":"R\u00e9cipient gastronorm &#8211; 1\/2 GN &#8211; profondeur 20 cm &#8211; acier inoxydable &#8211; perfor\u00e9"},"content":{"rendered":"<p>Si vous travaillez dans une cuisine professionnelle, vous ne pouvez pas vraiment vous passer d&#8217;un r\u00e9cipient Gastronorm de bonne qualit\u00e9. En effet, le r\u00e9cipient GN est extr\u00eamement polyvalent. GN est une norme mondiale pour les dimensions et la profondeur des r\u00e9cipients et des couvercles. Gr\u00e2ce \u00e0 cette norme, le r\u00e9cipient GN peut \u00eatre utilis\u00e9 dans de nombreux appareils de restauration diff\u00e9rents et vous n&#8217;avez pas besoin de chercher des r\u00e9cipients assortis. Le r\u00e9cipient GN est id\u00e9al pour \u00eatre utilis\u00e9 en combinaison avec des fours, des r\u00e9frig\u00e9rateurs, des cong\u00e9lateurs, des saladettes, des r\u00e9frig\u00e9rateurs de comptoir, des chariots \u00e0 plateaux, des vitrines, des bains-marie et des chafing dishes <\/p>\n<h3>Egoutter les l\u00e9gumes<\/h3>\n<p>Pour donner au r\u00e9cipient GN une solidit\u00e9 suppl\u00e9mentaire, il est dot\u00e9 de bords pli\u00e9s et de coins arrondis. De plus, le r\u00e9cipient Gastronorm perfor\u00e9 est s\u00fbr \u00e0 l&#8217;utilisation et s&#8217;empile parfaitement. Cela permet de gagner un espace pr\u00e9cieux dans le garde-manger, le r\u00e9frig\u00e9rateur et le cong\u00e9lateur. Il est \u00e9galement bon de savoir que le r\u00e9cipient GN r\u00e9pond aux exigences europ\u00e9ennes en mati\u00e8re de s\u00e9curit\u00e9 alimentaire. Gr\u00e2ce aux petits trous au fond et sur les c\u00f4t\u00e9s, vous pouvez utiliser le r\u00e9cipient pour \u00e9goutter les l\u00e9gumes et autres denr\u00e9es alimentaires.<\/p>\n<h3>Fabriqu\u00e9 en acier inoxydable de haute qualit\u00e9<\/h3>\n<p>Ce r\u00e9cipient GN perfor\u00e9 est un article indispensable dans la cuisine professionnelle et id\u00e9al pour une utilisation quotidienne intensive. Vous souhaitez utiliser le r\u00e9cipient GN au four ou au cong\u00e9lateur ? Le r\u00e9cipient GN peut r\u00e9sister \u00e0 des temp\u00e9ratures comprises entre -40 et 300\u2070C. Le r\u00e9cipient Gastronorm est fabriqu\u00e9 en acier inoxydable de haute qualit\u00e9 avec une \u00e9paisseur de 0,6mm. Ainsi, le r\u00e9cipient GN peut \u00eatre nettoy\u00e9 au lave-vaisselle. Veillez \u00e0 rincer les d\u00e9chets alimentaires et \u00e0 rincer les salet\u00e9s tenaces \u00e0 l&#8217;eau savonneuse. S\u00e9chez bien les r\u00e9cipients avant de les r\u00e9utiliser ou de les empiler et de les ranger.<\/p>\n<ul>\n<li>Convient pour les fours, les r\u00e9frig\u00e9rateurs, les bains-marie et les chafing dishes<\/li>\n<li>Facile \u00e0 nettoyer gr\u00e2ce \u00e0 sa finition lisse<\/li>\n<li>Bords repli\u00e9s et coins arrondis pour plus de solidit\u00e9<\/li>\n<li>R\u00e9cipient perfor\u00e9 avec de petits trous<\/li>\n<li>Utilisation facile et s\u00fbre gr\u00e2ce aux angles et aux bords finis<\/li>\n<li>Parfait pour le rangement gr\u00e2ce \u00e0 la possibilit\u00e9 d&#8217;empiler les r\u00e9cipients GN<\/li>\n<li>Conforme aux exigences europ\u00e9ennes en mati\u00e8re de s\u00e9curit\u00e9 alimentaire<\/li>\n<li>Acier inoxydable de haute qualit\u00e9 de 0,6 mm, adapt\u00e9 \u00e0 un usage professionnel<\/li>\n<li>Taille Gastronorm grav\u00e9e sur le produit<\/li>\n<li>Peut r\u00e9sister \u00e0 des temp\u00e9ratures allant de -40\u00b0C \u00e0 300\u00b0C<\/li>\n<li>Ce produit peut \u00eatre lav\u00e9 au lave-vaisselle<\/li>\n<\/ul>\n<ul>\n<li>Taille Gastronorm : 1\/2 GN<\/li>\n<li>Dimensions : 325 x 265 mm<\/li>\n<li>Profondeur : 200 mm<\/li>\n<li>Contenu : 12.5L<\/li>\n<\/ul>\n<p><strong>Les r\u00e9cipients GN et les couvercles de mat\u00e9riaux diff\u00e9rents ne sont pas interchangeables.<\/strong><\/p>\n<ul>\n<li>Taille Gastronorm : 1\/2 GN\n<\/li>\n<li>Dimensions : 32,5 x 26,5cm\n<\/li>\n<li>Profondeur : 20cm\n<\/li>\n<li>Capacit\u00e9 : 12,5L<br \/>","protected":false},"excerpt":{"rendered":"<p>Ce r\u00e9cipient Gastronorm 1\/2 perfor\u00e9 de 20 cm de profondeur est id\u00e9al pour \u00e9goutter les aliments. Il est dot\u00e9 de trous dans le fond, ce qui permet de l&#8217;utiliser \u00e9galement pour la cuisson, le chauffage et le refroidissement. Il est id\u00e9al combin\u00e9 avec des r\u00e9cipients GN ferm\u00e9s et des couvercles de 32,5 x 26,5cm.<\/p>","protected":false},"featured_media":7118,"template":"","meta":{"_acf_changed":false},"product_brand":[],"product_cat":[498],"product_tag":[],"class_list":{"0":"post-14184","1":"product","2":"type-product","3":"status-publish","4":"has-post-thumbnail","6":"product_cat-bacs-gn-couvercles-2","8":"first","9":"instock","10":"sale","11":"taxable","12":"shipping-taxable","13":"purchasable","14":"product-type-simple"},"acf":[],"yoast_head":"<!-- This site is optimized with the Yoast SEO plugin v27.5 - https:\/\/yoast.com\/product\/yoast-seo-wordpress\/ -->\n<title>R\u00e9cipient gastronorm - 1\/2 GN - profondeur 20 cm - acier inoxydable - perfor\u00e9 - Gastora<\/title>\n<meta name=\"description\" content=\"Achetez R\u00e9cipient gastronorm - 1\/2 GN - profondeur 20 cm - acier inoxydable - perfor\u00e9 au meilleur prix, fiable et performant avec une livraison rapide\" \/>\n<meta name=\"robots\" content=\"index, follow, max-snippet:-1, max-image-preview:large, max-video-preview:-1\" \/>\n<link rel=\"canonical\" href=\"https:\/\/gastora.eu\/en\/product\/rcipient-gastronorm-12-gn-profondeur-20-cm-acier-inoxydable-perfor\/\" \/>\n<meta property=\"og:locale\" content=\"en_US\" \/>\n<meta property=\"og:type\" content=\"article\" \/>\n<meta property=\"og:title\" content=\"R\u00e9cipient gastronorm - 1\/2 GN - profondeur 20 cm - acier inoxydable - perfor\u00e9 - Gastora\" \/>\n<meta property=\"og:description\" content=\"Achetez R\u00e9cipient gastronorm - 1\/2 GN - profondeur 20 cm - acier inoxydable - perfor\u00e9 au meilleur prix, fiable et performant avec une livraison rapide\" \/>\n<meta property=\"og:url\" content=\"https:\/\/gastora.eu\/en\/product\/rcipient-gastronorm-12-gn-profondeur-20-cm-acier-inoxydable-perfor\/\" \/>\n<meta property=\"og:site_name\" content=\"Gastora\" \/>\n<meta property=\"article:modified_time\" content=\"2026-04-28T16:56:03+00:00\" \/>\n<meta name=\"twitter:card\" content=\"summary_large_image\" \/>\n<meta name=\"twitter:label1\" content=\"Est. reading time\" \/>\n\t<meta name=\"twitter:data1\" content=\"2 minutes\" \/>\n<script type=\"application\/ld+json\" class=\"yoast-schema-graph\">{\"@context\":\"https:\\\/\\\/schema.org\",\"@graph\":[{\"@type\":\"WebPage\",\"@id\":\"https:\\\/\\\/gastora.eu\\\/product\\\/rcipient-gastronorm-12-gn-profondeur-20-cm-acier-inoxydable-perfor\\\/\",\"url\":\"https:\\\/\\\/gastora.eu\\\/product\\\/rcipient-gastronorm-12-gn-profondeur-20-cm-acier-inoxydable-perfor\\\/\",\"name\":\"R\u00e9cipient gastronorm - 1\\\/2 GN - profondeur 20 cm - acier inoxydable - perfor\u00e9 - Gastora\",\"isPartOf\":{\"@id\":\"https:\\\/\\\/gastora.eu\\\/#website\"},\"primaryImageOfPage\":{\"@id\":\"https:\\\/\\\/gastora.eu\\\/product\\\/rcipient-gastronorm-12-gn-profondeur-20-cm-acier-inoxydable-perfor\\\/#primaryimage\"},\"image\":{\"@id\":\"https:\\\/\\\/gastora.eu\\\/product\\\/rcipient-gastronorm-12-gn-profondeur-20-cm-acier-inoxydable-perfor\\\/#primaryimage\"},\"thumbnailUrl\":\"https:\\\/\\\/gastora.eu\\\/wp-content\\\/uploads\\\/2026\\\/04\\\/sp-productfoto-083.jpg\",\"datePublished\":\"2026-04-25T17:44:58+00:00\",\"dateModified\":\"2026-04-28T16:56:03+00:00\",\"description\":\"Achetez R\u00e9cipient gastronorm - 1\\\/2 GN - profondeur 20 cm - acier inoxydable - perfor\u00e9 au meilleur prix, fiable et performant avec une livraison rapide\",\"breadcrumb\":{\"@id\":\"https:\\\/\\\/gastora.eu\\\/product\\\/rcipient-gastronorm-12-gn-profondeur-20-cm-acier-inoxydable-perfor\\\/#breadcrumb\"},\"inLanguage\":\"en-US\",\"potentialAction\":[{\"@type\":\"ReadAction\",\"target\":[\"https:\\\/\\\/gastora.eu\\\/product\\\/rcipient-gastronorm-12-gn-profondeur-20-cm-acier-inoxydable-perfor\\\/\"]}]},{\"@type\":\"ImageObject\",\"inLanguage\":\"en-US\",\"@id\":\"https:\\\/\\\/gastora.eu\\\/product\\\/rcipient-gastronorm-12-gn-profondeur-20-cm-acier-inoxydable-perfor\\\/#primaryimage\",\"url\":\"https:\\\/\\\/gastora.eu\\\/wp-content\\\/uploads\\\/2026\\\/04\\\/sp-productfoto-083.jpg\",\"contentUrl\":\"https:\\\/\\\/gastora.eu\\\/wp-content\\\/uploads\\\/2026\\\/04\\\/sp-productfoto-083.jpg\",\"width\":2048,\"height\":2048},{\"@type\":\"BreadcrumbList\",\"@id\":\"https:\\\/\\\/gastora.eu\\\/product\\\/rcipient-gastronorm-12-gn-profondeur-20-cm-acier-inoxydable-perfor\\\/#breadcrumb\",\"itemListElement\":[{\"@type\":\"ListItem\",\"position\":1,\"name\":\"Home\",\"item\":\"https:\\\/\\\/gastora.eu\\\/\"},{\"@type\":\"ListItem\",\"position\":2,\"name\":\"Shop\",\"item\":\"https:\\\/\\\/gastora.eu\\\/shop\\\/\"},{\"@type\":\"ListItem\",\"position\":3,\"name\":\"R\u00e9cipient gastronorm &#8211; 1\\\/2 GN &#8211; profondeur 20 cm &#8211; acier inoxydable &#8211; perfor\u00e9\"}]},{\"@type\":\"WebSite\",\"@id\":\"https:\\\/\\\/gastora.eu\\\/#website\",\"url\":\"https:\\\/\\\/gastora.eu\\\/\",\"name\":\"Gastora\",\"description\":\"\u00c9quipements professionnels CHR\",\"publisher\":{\"@id\":\"https:\\\/\\\/gastora.eu\\\/#organization\"},\"potentialAction\":[{\"@type\":\"SearchAction\",\"target\":{\"@type\":\"EntryPoint\",\"urlTemplate\":\"https:\\\/\\\/gastora.eu\\\/?s={search_term_string}\"},\"query-input\":{\"@type\":\"PropertyValueSpecification\",\"valueRequired\":true,\"valueName\":\"search_term_string\"}}],\"inLanguage\":\"en-US\"},{\"@type\":\"Organization\",\"@id\":\"https:\\\/\\\/gastora.eu\\\/#organization\",\"name\":\"Gastora\",\"url\":\"https:\\\/\\\/gastora.eu\\\/\",\"logo\":{\"@type\":\"ImageObject\",\"inLanguage\":\"en-US\",\"@id\":\"https:\\\/\\\/gastora.eu\\\/#\\\/schema\\\/logo\\\/image\\\/\",\"url\":\"https:\\\/\\\/gastora.eu\\\/wp-content\\\/uploads\\\/2025\\\/12\\\/ChatGPT-Image-2-janv.-2026-22_52_47-1.png\",\"contentUrl\":\"https:\\\/\\\/gastora.eu\\\/wp-content\\\/uploads\\\/2025\\\/12\\\/ChatGPT-Image-2-janv.-2026-22_52_47-1.png\",\"width\":1536,\"height\":320,\"caption\":\"Gastora\"},\"image\":{\"@id\":\"https:\\\/\\\/gastora.eu\\\/#\\\/schema\\\/logo\\\/image\\\/\"}}]}<\/script>\n<!-- \/ Yoast SEO plugin. -->","yoast_head_json":{"title":"R\u00e9cipient gastronorm - 1\/2 GN - profondeur 20 cm - acier inoxydable - perfor\u00e9 - Gastora","description":"Achetez R\u00e9cipient gastronorm - 1\/2 GN - profondeur 20 cm - acier inoxydable - perfor\u00e9 au meilleur prix, fiable et performant avec une livraison rapide","robots":{"index":"index","follow":"follow","max-snippet":"max-snippet:-1","max-image-preview":"max-image-preview:large","max-video-preview":"max-video-preview:-1"},"canonical":"https:\/\/gastora.eu\/en\/product\/rcipient-gastronorm-12-gn-profondeur-20-cm-acier-inoxydable-perfor\/","og_locale":"en_US","og_type":"article","og_title":"R\u00e9cipient gastronorm - 1\/2 GN - profondeur 20 cm - acier inoxydable - perfor\u00e9 - Gastora","og_description":"Achetez R\u00e9cipient gastronorm - 1\/2 GN - profondeur 20 cm - acier inoxydable - perfor\u00e9 au meilleur prix, fiable et performant avec une livraison rapide","og_url":"https:\/\/gastora.eu\/en\/product\/rcipient-gastronorm-12-gn-profondeur-20-cm-acier-inoxydable-perfor\/","og_site_name":"Gastora","article_modified_time":"2026-04-28T16:56:03+00:00","twitter_card":"summary_large_image","twitter_misc":{"Est. reading time":"2 minutes"},"schema":{"@context":"https:\/\/schema.org","@graph":[{"@type":"WebPage","@id":"https:\/\/gastora.eu\/product\/rcipient-gastronorm-12-gn-profondeur-20-cm-acier-inoxydable-perfor\/","url":"https:\/\/gastora.eu\/product\/rcipient-gastronorm-12-gn-profondeur-20-cm-acier-inoxydable-perfor\/","name":"R\u00e9cipient gastronorm - 1\/2 GN - profondeur 20 cm - acier inoxydable - perfor\u00e9 - Gastora","isPartOf":{"@id":"https:\/\/gastora.eu\/#website"},"primaryImageOfPage":{"@id":"https:\/\/gastora.eu\/product\/rcipient-gastronorm-12-gn-profondeur-20-cm-acier-inoxydable-perfor\/#primaryimage"},"image":{"@id":"https:\/\/gastora.eu\/product\/rcipient-gastronorm-12-gn-profondeur-20-cm-acier-inoxydable-perfor\/#primaryimage"},"thumbnailUrl":"https:\/\/gastora.eu\/wp-content\/uploads\/2026\/04\/sp-productfoto-083.jpg","datePublished":"2026-04-25T17:44:58+00:00","dateModified":"2026-04-28T16:56:03+00:00","description":"Achetez R\u00e9cipient gastronorm - 1\/2 GN - profondeur 20 cm - acier inoxydable - perfor\u00e9 au meilleur prix, fiable et performant avec une livraison rapide","breadcrumb":{"@id":"https:\/\/gastora.eu\/product\/rcipient-gastronorm-12-gn-profondeur-20-cm-acier-inoxydable-perfor\/#breadcrumb"},"inLanguage":"en-US","potentialAction":[{"@type":"ReadAction","target":["https:\/\/gastora.eu\/product\/rcipient-gastronorm-12-gn-profondeur-20-cm-acier-inoxydable-perfor\/"]}]},{"@type":"ImageObject","inLanguage":"en-US","@id":"https:\/\/gastora.eu\/product\/rcipient-gastronorm-12-gn-profondeur-20-cm-acier-inoxydable-perfor\/#primaryimage","url":"https:\/\/gastora.eu\/wp-content\/uploads\/2026\/04\/sp-productfoto-083.jpg","contentUrl":"https:\/\/gastora.eu\/wp-content\/uploads\/2026\/04\/sp-productfoto-083.jpg","width":2048,"height":2048},{"@type":"BreadcrumbList","@id":"https:\/\/gastora.eu\/product\/rcipient-gastronorm-12-gn-profondeur-20-cm-acier-inoxydable-perfor\/#breadcrumb","itemListElement":[{"@type":"ListItem","position":1,"name":"Home","item":"https:\/\/gastora.eu\/"},{"@type":"ListItem","position":2,"name":"Shop","item":"https:\/\/gastora.eu\/shop\/"},{"@type":"ListItem","position":3,"name":"R\u00e9cipient gastronorm &#8211; 1\/2 GN &#8211; profondeur 20 cm &#8211; acier inoxydable &#8211; perfor\u00e9"}]},{"@type":"WebSite","@id":"https:\/\/gastora.eu\/#website","url":"https:\/\/gastora.eu\/","name":"Gastora","description":"\u00c9quipements professionnels CHR","publisher":{"@id":"https:\/\/gastora.eu\/#organization"},"potentialAction":[{"@type":"SearchAction","target":{"@type":"EntryPoint","urlTemplate":"https:\/\/gastora.eu\/?s={search_term_string}"},"query-input":{"@type":"PropertyValueSpecification","valueRequired":true,"valueName":"search_term_string"}}],"inLanguage":"en-US"},{"@type":"Organization","@id":"https:\/\/gastora.eu\/#organization","name":"Gastora","url":"https:\/\/gastora.eu\/","logo":{"@type":"ImageObject","inLanguage":"en-US","@id":"https:\/\/gastora.eu\/#\/schema\/logo\/image\/","url":"https:\/\/gastora.eu\/wp-content\/uploads\/2025\/12\/ChatGPT-Image-2-janv.-2026-22_52_47-1.png","contentUrl":"https:\/\/gastora.eu\/wp-content\/uploads\/2025\/12\/ChatGPT-Image-2-janv.-2026-22_52_47-1.png","width":1536,"height":320,"caption":"Gastora"},"image":{"@id":"https:\/\/gastora.eu\/#\/schema\/logo\/image\/"}}]}},"jetpack_sharing_enabled":true,"_links":{"self":[{"href":"https:\/\/gastora.eu\/en\/wp-json\/wp\/v2\/product\/14184","targetHints":{"allow":["GET"]}}],"collection":[{"href":"https:\/\/gastora.eu\/en\/wp-json\/wp\/v2\/product"}],"about":[{"href":"https:\/\/gastora.eu\/en\/wp-json\/wp\/v2\/types\/product"}],"wp:featuredmedia":[{"embeddable":true,"href":"https:\/\/gastora.eu\/en\/wp-json\/wp\/v2\/media\/7118"}],"wp:attachment":[{"href":"https:\/\/gastora.eu\/en\/wp-json\/wp\/v2\/media?parent=14184"}],"wp:term":[{"taxonomy":"product_brand","embeddable":true,"href":"https:\/\/gastora.eu\/en\/wp-json\/wp\/v2\/product_brand?post=14184"},{"taxonomy":"product_cat","embeddable":true,"href":"https:\/\/gastora.eu\/en\/wp-json\/wp\/v2\/product_cat?post=14184"},{"taxonomy":"product_tag","embeddable":true,"href":"https:\/\/gastora.eu\/en\/wp-json\/wp\/v2\/product_tag?post=14184"}],"curies":[{"name":"wp","href":"https:\/\/api.w.org\/{rel}","templated":true}]}}