{"id":14142,"date":"2026-04-25T17:44:10","date_gmt":"2026-04-25T17:44:10","guid":{"rendered":"https:\/\/gastora.eu\/?post_type=product&#038;p=14142"},"modified":"2026-04-28T16:55:58","modified_gmt":"2026-04-28T16:55:58","slug":"rcipient-gastronorm-23-gn-profondeur-20-cm-acier-inoxydable","status":"publish","type":"product","link":"https:\/\/gastora.eu\/en\/product\/rcipient-gastronorm-23-gn-profondeur-20-cm-acier-inoxydable\/","title":{"rendered":"R\u00e9cipient gastronorm &#8211; 2\/3 GN &#8211; profondeur 20 cm &#8211; acier inoxydable"},"content":{"rendered":"<p>Le r\u00e9cipient Gastronorm est un \u00e9l\u00e9ment indispensable de toute cuisine de restauration. Vous n&#8217;aurez jamais assez de r\u00e9cipients GN dans votre cuisine professionnelle. Gastronorm est l&#8217;abr\u00e9viation de GN et constitue une norme mondiale pour les dimensions et la profondeur des r\u00e9cipients. Le grand avantage des r\u00e9cipients GN est que, gr\u00e2ce aux m\u00eames dimensions, vous pouvez les utiliser en combinaison avec de nombreux appareils de restauration. Ce conteneur GN convient parfaitement aux fours, r\u00e9frig\u00e9rateurs, cong\u00e9lateurs, saladettes, r\u00e9frig\u00e9rateurs de comptoir, chariots \u00e0 plateaux, vitrines, bains-marie et chafing dishes <\/p>\n<h3>S\u00fbr \u00e0 utiliser et empilable<\/h3>\n<p>Les conteneurs GN ont des bords pli\u00e9s et des coins arrondis pour plus de solidit\u00e9, ce qui les rend faciles et s\u00fbrs \u00e0 utiliser. L&#8217;utilisation de r\u00e9cipients GN de m\u00eame taille rend le travail dans la cuisine beaucoup plus efficace. Comme les bacs GN sont empilables, ils sont parfaits pour le stockage et prennent peu de place dans les cong\u00e9lateurs et les r\u00e9frig\u00e9rateurs, par exemple. En outre, le r\u00e9cipient GN r\u00e9pond aux exigences europ\u00e9ennes en mati\u00e8re de s\u00e9curit\u00e9 alimentaire <\/p>\n<h3>Facile \u00e0 nettoyer dans le lave-vaisselle<\/h3>\n<p>Gr\u00e2ce \u00e0 l&#8217;acier inoxydable de haute qualit\u00e9 d&#8217;une \u00e9paisseur de 0,6 mm, le r\u00e9cipient GN est adapt\u00e9 \u00e0 une utilisation professionnelle dans la cuisine de restauration. La taille Gastronorm est grav\u00e9e sur chaque r\u00e9cipient et bol. En outre, le conteneur GN peut facilement supporter des temp\u00e9ratures comprises entre -40 et 300\u2070C. Avant de nettoyer le conteneur GN, videz-le d&#8217;abord et rincez les r\u00e9sidus de nourriture. Les salet\u00e9s tenaces peuvent \u00eatre d\u00e9tach\u00e9es \u00e0 l&#8217;eau savonneuse. Mettez ensuite le r\u00e9cipient dans le lave-vaisselle. Il est important de bien s\u00e9cher le r\u00e9cipient GN apr\u00e8s le nettoyage avant de l&#8217;empiler ou de le r\u00e9utiliser.<\/p>\n<ul>\n<li>Convient pour les fours, les r\u00e9frig\u00e9rateurs, les bains-marie et les chafing dishes<\/li>\n<li>Facile \u00e0 nettoyer gr\u00e2ce \u00e0 sa finition lisse<\/li>\n<li>Bords repli\u00e9s et coins arrondis pour plus de solidit\u00e9<\/li>\n<li>Utilisation facile et s\u00fbre gr\u00e2ce \u00e0 la finition des coins et des bords<\/li>\n<li>Parfait pour le stockage gr\u00e2ce \u00e0 la possibilit\u00e9 d&#8217;empiler les r\u00e9cipients GN<\/li>\n<li>Conforme aux exigences europ\u00e9ennes en mati\u00e8re de s\u00e9curit\u00e9 alimentaire<\/li>\n<li>Acier inoxydable de haute qualit\u00e9 de 0,6 mm, adapt\u00e9 \u00e0 un usage professionnel<\/li>\n<li>Taille Gastronorm grav\u00e9e sur le produit<\/li>\n<li>Peut r\u00e9sister \u00e0 des temp\u00e9ratures allant de -40\u00b0C \u00e0 300\u00b0C<\/li>\n<li>Ce produit peut \u00eatre lav\u00e9 au lave-vaisselle<\/li>\n<\/ul>\n<ul>\n<li>Taille Gastronorm : 2\/3 GN<\/li>\n<li>Dimensions : 325 x 354 mm<\/li>\n<li>Profondeur : 200 mm<\/li>\n<li>Contenu : 18.0L<\/li>\n<\/ul>\n<p><strong>Les r\u00e9cipients GN et les couvercles de mat\u00e9riaux diff\u00e9rents ne sont pas interchangeables.<\/strong><\/p>\n<ul>\n<li>Taille Gastronorm : 2\/3 GN\n<\/li>\n<li>Dimensions : 32,5 x 35,4cm\n<\/li>\n<li>Profondeur : 20cm\n<\/li>\n<li>Capacit\u00e9 : 18L<br \/>","protected":false},"excerpt":{"rendered":"<p>Ce conteneur GN 2\/3 a une profondeur de 20cm et une capacit\u00e9 de 18L. D&#8217;une taille de 32,5 x 35,4 cm, le r\u00e9cipient GN en acier inoxydable est empilable et passe au lave-vaisselle. Ce r\u00e9cipient GN est id\u00e9al pour une utilisation dans toutes sortes d&#8217;\u00e9quipements de restauration, comme le four ou le bain-marie.<\/p>","protected":false},"featured_media":7034,"template":"","meta":{"_acf_changed":false},"product_brand":[],"product_cat":[498],"product_tag":[],"class_list":{"0":"post-14142","1":"product","2":"type-product","3":"status-publish","4":"has-post-thumbnail","6":"product_cat-bacs-gn-couvercles-2","8":"first","9":"instock","10":"sale","11":"taxable","12":"shipping-taxable","13":"purchasable","14":"product-type-simple"},"acf":[],"yoast_head":"<!-- This site is optimized with the Yoast SEO plugin v27.5 - https:\/\/yoast.com\/product\/yoast-seo-wordpress\/ -->\n<title>R\u00e9cipient gastronorm - 2\/3 GN - profondeur 20 cm - acier inoxydable - Gastora<\/title>\n<meta name=\"description\" content=\"Achetez R\u00e9cipient gastronorm - 2\/3 GN - profondeur 20 cm - acier inoxydable au meilleur prix, fiable et performant avec une livraison rapide\" \/>\n<meta name=\"robots\" content=\"index, follow, max-snippet:-1, max-image-preview:large, max-video-preview:-1\" \/>\n<link rel=\"canonical\" href=\"https:\/\/gastora.eu\/en\/product\/rcipient-gastronorm-23-gn-profondeur-20-cm-acier-inoxydable\/\" \/>\n<meta property=\"og:locale\" content=\"en_US\" \/>\n<meta property=\"og:type\" content=\"article\" \/>\n<meta property=\"og:title\" content=\"R\u00e9cipient gastronorm - 2\/3 GN - profondeur 20 cm - acier inoxydable - Gastora\" \/>\n<meta property=\"og:description\" content=\"Achetez R\u00e9cipient gastronorm - 2\/3 GN - profondeur 20 cm - acier inoxydable au meilleur prix, fiable et performant avec une livraison rapide\" \/>\n<meta property=\"og:url\" content=\"https:\/\/gastora.eu\/en\/product\/rcipient-gastronorm-23-gn-profondeur-20-cm-acier-inoxydable\/\" \/>\n<meta property=\"og:site_name\" content=\"Gastora\" \/>\n<meta property=\"article:modified_time\" content=\"2026-04-28T16:55:58+00:00\" \/>\n<meta name=\"twitter:card\" content=\"summary_large_image\" \/>\n<meta name=\"twitter:label1\" content=\"Est. reading time\" \/>\n\t<meta name=\"twitter:data1\" content=\"2 minutes\" \/>\n<script type=\"application\/ld+json\" class=\"yoast-schema-graph\">{\"@context\":\"https:\\\/\\\/schema.org\",\"@graph\":[{\"@type\":\"WebPage\",\"@id\":\"https:\\\/\\\/gastora.eu\\\/product\\\/rcipient-gastronorm-23-gn-profondeur-20-cm-acier-inoxydable\\\/\",\"url\":\"https:\\\/\\\/gastora.eu\\\/product\\\/rcipient-gastronorm-23-gn-profondeur-20-cm-acier-inoxydable\\\/\",\"name\":\"R\u00e9cipient gastronorm - 2\\\/3 GN - profondeur 20 cm - acier inoxydable - Gastora\",\"isPartOf\":{\"@id\":\"https:\\\/\\\/gastora.eu\\\/#website\"},\"primaryImageOfPage\":{\"@id\":\"https:\\\/\\\/gastora.eu\\\/product\\\/rcipient-gastronorm-23-gn-profondeur-20-cm-acier-inoxydable\\\/#primaryimage\"},\"image\":{\"@id\":\"https:\\\/\\\/gastora.eu\\\/product\\\/rcipient-gastronorm-23-gn-profondeur-20-cm-acier-inoxydable\\\/#primaryimage\"},\"thumbnailUrl\":\"https:\\\/\\\/gastora.eu\\\/wp-content\\\/uploads\\\/2026\\\/04\\\/sp-productfoto-059.jpg\",\"datePublished\":\"2026-04-25T17:44:10+00:00\",\"dateModified\":\"2026-04-28T16:55:58+00:00\",\"description\":\"Achetez R\u00e9cipient gastronorm - 2\\\/3 GN - profondeur 20 cm - acier inoxydable au meilleur prix, fiable et performant avec une livraison rapide\",\"breadcrumb\":{\"@id\":\"https:\\\/\\\/gastora.eu\\\/product\\\/rcipient-gastronorm-23-gn-profondeur-20-cm-acier-inoxydable\\\/#breadcrumb\"},\"inLanguage\":\"en-US\",\"potentialAction\":[{\"@type\":\"ReadAction\",\"target\":[\"https:\\\/\\\/gastora.eu\\\/product\\\/rcipient-gastronorm-23-gn-profondeur-20-cm-acier-inoxydable\\\/\"]}]},{\"@type\":\"ImageObject\",\"inLanguage\":\"en-US\",\"@id\":\"https:\\\/\\\/gastora.eu\\\/product\\\/rcipient-gastronorm-23-gn-profondeur-20-cm-acier-inoxydable\\\/#primaryimage\",\"url\":\"https:\\\/\\\/gastora.eu\\\/wp-content\\\/uploads\\\/2026\\\/04\\\/sp-productfoto-059.jpg\",\"contentUrl\":\"https:\\\/\\\/gastora.eu\\\/wp-content\\\/uploads\\\/2026\\\/04\\\/sp-productfoto-059.jpg\",\"width\":2048,\"height\":2048},{\"@type\":\"BreadcrumbList\",\"@id\":\"https:\\\/\\\/gastora.eu\\\/product\\\/rcipient-gastronorm-23-gn-profondeur-20-cm-acier-inoxydable\\\/#breadcrumb\",\"itemListElement\":[{\"@type\":\"ListItem\",\"position\":1,\"name\":\"Home\",\"item\":\"https:\\\/\\\/gastora.eu\\\/\"},{\"@type\":\"ListItem\",\"position\":2,\"name\":\"Shop\",\"item\":\"https:\\\/\\\/gastora.eu\\\/shop\\\/\"},{\"@type\":\"ListItem\",\"position\":3,\"name\":\"R\u00e9cipient gastronorm &#8211; 2\\\/3 GN &#8211; profondeur 20 cm &#8211; acier inoxydable\"}]},{\"@type\":\"WebSite\",\"@id\":\"https:\\\/\\\/gastora.eu\\\/#website\",\"url\":\"https:\\\/\\\/gastora.eu\\\/\",\"name\":\"Gastora\",\"description\":\"\u00c9quipements professionnels CHR\",\"publisher\":{\"@id\":\"https:\\\/\\\/gastora.eu\\\/#organization\"},\"potentialAction\":[{\"@type\":\"SearchAction\",\"target\":{\"@type\":\"EntryPoint\",\"urlTemplate\":\"https:\\\/\\\/gastora.eu\\\/?s={search_term_string}\"},\"query-input\":{\"@type\":\"PropertyValueSpecification\",\"valueRequired\":true,\"valueName\":\"search_term_string\"}}],\"inLanguage\":\"en-US\"},{\"@type\":\"Organization\",\"@id\":\"https:\\\/\\\/gastora.eu\\\/#organization\",\"name\":\"Gastora\",\"url\":\"https:\\\/\\\/gastora.eu\\\/\",\"logo\":{\"@type\":\"ImageObject\",\"inLanguage\":\"en-US\",\"@id\":\"https:\\\/\\\/gastora.eu\\\/#\\\/schema\\\/logo\\\/image\\\/\",\"url\":\"https:\\\/\\\/gastora.eu\\\/wp-content\\\/uploads\\\/2025\\\/12\\\/ChatGPT-Image-2-janv.-2026-22_52_47-1.png\",\"contentUrl\":\"https:\\\/\\\/gastora.eu\\\/wp-content\\\/uploads\\\/2025\\\/12\\\/ChatGPT-Image-2-janv.-2026-22_52_47-1.png\",\"width\":1536,\"height\":320,\"caption\":\"Gastora\"},\"image\":{\"@id\":\"https:\\\/\\\/gastora.eu\\\/#\\\/schema\\\/logo\\\/image\\\/\"}}]}<\/script>\n<!-- \/ Yoast SEO plugin. -->","yoast_head_json":{"title":"R\u00e9cipient gastronorm - 2\/3 GN - profondeur 20 cm - acier inoxydable - Gastora","description":"Achetez R\u00e9cipient gastronorm - 2\/3 GN - profondeur 20 cm - acier inoxydable au meilleur prix, fiable et performant avec une livraison rapide","robots":{"index":"index","follow":"follow","max-snippet":"max-snippet:-1","max-image-preview":"max-image-preview:large","max-video-preview":"max-video-preview:-1"},"canonical":"https:\/\/gastora.eu\/en\/product\/rcipient-gastronorm-23-gn-profondeur-20-cm-acier-inoxydable\/","og_locale":"en_US","og_type":"article","og_title":"R\u00e9cipient gastronorm - 2\/3 GN - profondeur 20 cm - acier inoxydable - Gastora","og_description":"Achetez R\u00e9cipient gastronorm - 2\/3 GN - profondeur 20 cm - acier inoxydable au meilleur prix, fiable et performant avec une livraison rapide","og_url":"https:\/\/gastora.eu\/en\/product\/rcipient-gastronorm-23-gn-profondeur-20-cm-acier-inoxydable\/","og_site_name":"Gastora","article_modified_time":"2026-04-28T16:55:58+00:00","twitter_card":"summary_large_image","twitter_misc":{"Est. reading time":"2 minutes"},"schema":{"@context":"https:\/\/schema.org","@graph":[{"@type":"WebPage","@id":"https:\/\/gastora.eu\/product\/rcipient-gastronorm-23-gn-profondeur-20-cm-acier-inoxydable\/","url":"https:\/\/gastora.eu\/product\/rcipient-gastronorm-23-gn-profondeur-20-cm-acier-inoxydable\/","name":"R\u00e9cipient gastronorm - 2\/3 GN - profondeur 20 cm - acier inoxydable - Gastora","isPartOf":{"@id":"https:\/\/gastora.eu\/#website"},"primaryImageOfPage":{"@id":"https:\/\/gastora.eu\/product\/rcipient-gastronorm-23-gn-profondeur-20-cm-acier-inoxydable\/#primaryimage"},"image":{"@id":"https:\/\/gastora.eu\/product\/rcipient-gastronorm-23-gn-profondeur-20-cm-acier-inoxydable\/#primaryimage"},"thumbnailUrl":"https:\/\/gastora.eu\/wp-content\/uploads\/2026\/04\/sp-productfoto-059.jpg","datePublished":"2026-04-25T17:44:10+00:00","dateModified":"2026-04-28T16:55:58+00:00","description":"Achetez R\u00e9cipient gastronorm - 2\/3 GN - profondeur 20 cm - acier inoxydable au meilleur prix, fiable et performant avec une livraison rapide","breadcrumb":{"@id":"https:\/\/gastora.eu\/product\/rcipient-gastronorm-23-gn-profondeur-20-cm-acier-inoxydable\/#breadcrumb"},"inLanguage":"en-US","potentialAction":[{"@type":"ReadAction","target":["https:\/\/gastora.eu\/product\/rcipient-gastronorm-23-gn-profondeur-20-cm-acier-inoxydable\/"]}]},{"@type":"ImageObject","inLanguage":"en-US","@id":"https:\/\/gastora.eu\/product\/rcipient-gastronorm-23-gn-profondeur-20-cm-acier-inoxydable\/#primaryimage","url":"https:\/\/gastora.eu\/wp-content\/uploads\/2026\/04\/sp-productfoto-059.jpg","contentUrl":"https:\/\/gastora.eu\/wp-content\/uploads\/2026\/04\/sp-productfoto-059.jpg","width":2048,"height":2048},{"@type":"BreadcrumbList","@id":"https:\/\/gastora.eu\/product\/rcipient-gastronorm-23-gn-profondeur-20-cm-acier-inoxydable\/#breadcrumb","itemListElement":[{"@type":"ListItem","position":1,"name":"Home","item":"https:\/\/gastora.eu\/"},{"@type":"ListItem","position":2,"name":"Shop","item":"https:\/\/gastora.eu\/shop\/"},{"@type":"ListItem","position":3,"name":"R\u00e9cipient gastronorm &#8211; 2\/3 GN &#8211; profondeur 20 cm &#8211; acier inoxydable"}]},{"@type":"WebSite","@id":"https:\/\/gastora.eu\/#website","url":"https:\/\/gastora.eu\/","name":"Gastora","description":"\u00c9quipements professionnels CHR","publisher":{"@id":"https:\/\/gastora.eu\/#organization"},"potentialAction":[{"@type":"SearchAction","target":{"@type":"EntryPoint","urlTemplate":"https:\/\/gastora.eu\/?s={search_term_string}"},"query-input":{"@type":"PropertyValueSpecification","valueRequired":true,"valueName":"search_term_string"}}],"inLanguage":"en-US"},{"@type":"Organization","@id":"https:\/\/gastora.eu\/#organization","name":"Gastora","url":"https:\/\/gastora.eu\/","logo":{"@type":"ImageObject","inLanguage":"en-US","@id":"https:\/\/gastora.eu\/#\/schema\/logo\/image\/","url":"https:\/\/gastora.eu\/wp-content\/uploads\/2025\/12\/ChatGPT-Image-2-janv.-2026-22_52_47-1.png","contentUrl":"https:\/\/gastora.eu\/wp-content\/uploads\/2025\/12\/ChatGPT-Image-2-janv.-2026-22_52_47-1.png","width":1536,"height":320,"caption":"Gastora"},"image":{"@id":"https:\/\/gastora.eu\/#\/schema\/logo\/image\/"}}]}},"jetpack_sharing_enabled":true,"_links":{"self":[{"href":"https:\/\/gastora.eu\/en\/wp-json\/wp\/v2\/product\/14142","targetHints":{"allow":["GET"]}}],"collection":[{"href":"https:\/\/gastora.eu\/en\/wp-json\/wp\/v2\/product"}],"about":[{"href":"https:\/\/gastora.eu\/en\/wp-json\/wp\/v2\/types\/product"}],"wp:featuredmedia":[{"embeddable":true,"href":"https:\/\/gastora.eu\/en\/wp-json\/wp\/v2\/media\/7034"}],"wp:attachment":[{"href":"https:\/\/gastora.eu\/en\/wp-json\/wp\/v2\/media?parent=14142"}],"wp:term":[{"taxonomy":"product_brand","embeddable":true,"href":"https:\/\/gastora.eu\/en\/wp-json\/wp\/v2\/product_brand?post=14142"},{"taxonomy":"product_cat","embeddable":true,"href":"https:\/\/gastora.eu\/en\/wp-json\/wp\/v2\/product_cat?post=14142"},{"taxonomy":"product_tag","embeddable":true,"href":"https:\/\/gastora.eu\/en\/wp-json\/wp\/v2\/product_tag?post=14142"}],"curies":[{"name":"wp","href":"https:\/\/api.w.org\/{rel}","templated":true}]}}