{"id":14128,"date":"2026-04-25T17:43:52","date_gmt":"2026-04-25T17:43:52","guid":{"rendered":"https:\/\/gastora.eu\/?post_type=product&#038;p=14128"},"modified":"2026-04-26T08:33:37","modified_gmt":"2026-04-26T08:33:37","slug":"kebab-grill-4-brleurs-50-kg-de-viande-lectrique","status":"publish","type":"product","link":"https:\/\/gastora.eu\/en\/product\/kebab-grill-4-brleurs-50-kg-de-viande-lectrique\/","title":{"rendered":"Kebab grill &#8211; 4 br\u00fbleurs &#8211; 50 kg de viande &#8211; \u00e9lectrique"},"content":{"rendered":"<p>Un magasin de shawarma, une salle de grillades ou un restaurant de kebab ne peuvent se passer d&#8217;un gril professionnel pour pr\u00e9parer des gyros, des kebabs ou des shawarma. Avec ce robuste gril \u00e0 kebab, vous pouvez facilement pr\u00e9parer 50 kg de viande \u00e0 la fois sur la broche. Gr\u00e2ce aux quatre br\u00fbleurs \u00e9lectriques, dont la temp\u00e9rature peut \u00eatre r\u00e9gl\u00e9e individuellement, vous d\u00e9cidez vous-m\u00eame de la clart\u00e9 ou de la noirceur de la viande que vous faites griller. Autre avantage : la distance entre le br\u00fbleur et la broche peut \u00eatre r\u00e9gl\u00e9e pour obtenir un r\u00e9sultat parfait.<\/p>\n<h3>Bac de r\u00e9cup\u00e9ration en acier inoxydable avec filtre<\/h3>\n<p>La l\u00e8chefrite amovible en acier inoxydable recueille la graisse de la viande pour faciliter le nettoyage. Il est \u00e9galement \u00e9quip\u00e9 d&#8217;un filtre. Pour servir rapidement de d\u00e9licieux plats grill\u00e9s dans votre \u00e9tablissement de restauration, vous pouvez commander un couteau \u00e0 kebab \u00e9lectrique sp\u00e9cial, qui vous permet de d\u00e9couper facilement la viande \u00e0 la broche. Ce gril n&#8217;est pas livr\u00e9 avec des grilles de r\u00e9flexion en acier inoxydable. Ceux-ci peuvent \u00eatre command\u00e9s s\u00e9par\u00e9ment.<\/p>\n<h3>Facile \u00e0 nettoyer<\/h3>\n<p>Comme ce gril professionnel entre en contact avec les aliments, il est important de le nettoyer soigneusement. Les surfaces en acier inoxydable du bo\u00eetier, de la broche et de la plaque \u00e0 viande sont faciles \u00e0 nettoyer. Le plus simple est d&#8217;utiliser un chiffon humide, de l&#8217;eau chaude et un peu de d\u00e9tergent. Les pi\u00e8ces d\u00e9tach\u00e9es peuvent \u00e9galement \u00eatre nettoy\u00e9es au lave-vaisselle. Avant de commencer le nettoyage, assurez-vous que l&#8217;appareil a refroidi et que la fiche a \u00e9t\u00e9 retir\u00e9e de la prise murale. Apr\u00e8s le nettoyage, s\u00e9chez toutes les pi\u00e8ces et remontez le gril pour la prochaine utilisation.<\/p>\n<p><strong>Caract\u00e9ristiques<\/strong><\/p>\n<ul>\n<li>\u00c9quip\u00e9 de quatre br\u00fbleurs \u00e9lectriques avec verre de protection Robax<\/li>\n<li>La temp\u00e9rature peut \u00eatre r\u00e9gl\u00e9e individuellement pour chaque br\u00fbleur<\/li>\n<li>\u00c9quip\u00e9 d&#8217;un bac de r\u00e9cup\u00e9ration en acier inoxydable avec filtre<\/li>\n<li>Bo\u00eetier, broche et plaque \u00e0 viande en acier inoxydable<\/li>\n<li>La broche du gril est r\u00e9glable pour une pr\u00e9paration parfaite<\/li>\n<\/ul>\n<p><strong>Caract\u00e9ristiques du produit<\/strong><\/p>\n<ul>\n<li>Poids net : 31 kg<\/li>\n<li>Dimensions : B54,5 x D69,1 x H11 B54,5 x D69,1 x H114,2cm<\/li>\n<li>Capacit\u00e9 maximale : 50 kg de viande<\/li>\n<li>Dimensions de la broche : 12 x 12cm<\/li>\n<li>Vitesse de rotation de la broche : 1RPM<\/li>\n<li>Longueur de la broche : 77cm<\/li>\n<li>Diam\u00e8tre de la plaque \u00e0 viande : 19cm<\/li>\n<li>400V\/50Hz\/3Phase 6000W<\/li>\n<\/ul>","protected":false},"excerpt":{"rendered":"<p>Avec ses quatre br\u00fbleurs \u00e9lectriques, ce gril \u00e0 kebab professionnel peut facilement griller 50 kg de viande. Vous pouvez utiliser le gril \u00e0 shawarma pour griller des gyros, des shawarma et des kebabs. Le gril \u00e0 kebab est \u00e9quip\u00e9 d&#8217;un moteur sur le dessus, d&#8217;un bac de r\u00e9cup\u00e9ration des graisses et la temp\u00e9rature des br\u00fbleurs peut \u00eatre r\u00e9gl\u00e9e par br\u00fbleur.<\/p>","protected":false},"featured_media":7006,"template":"","meta":{"_acf_changed":false},"product_brand":[],"product_cat":[470],"product_tag":[],"class_list":{"0":"post-14128","1":"product","2":"type-product","3":"status-publish","4":"has-post-thumbnail","6":"product_cat-grills-planchas-2","8":"first","9":"instock","10":"sale","11":"taxable","12":"shipping-taxable","13":"purchasable","14":"product-type-simple"},"acf":[],"yoast_head":"<!-- This site is optimized with the Yoast SEO plugin v27.4 - https:\/\/yoast.com\/product\/yoast-seo-wordpress\/ -->\n<title>Kebab grill - 4 br\u00fbleurs - 50 kg de viande - \u00e9lectrique - Gastora<\/title>\n<meta name=\"description\" content=\"Achetez Kebab grill - 4 br\u00fbleurs - 50 kg de viande - \u00e9lectrique au meilleur prix, fiable et performant avec une livraison rapide\" \/>\n<meta name=\"robots\" content=\"index, follow, max-snippet:-1, max-image-preview:large, max-video-preview:-1\" \/>\n<link rel=\"canonical\" href=\"https:\/\/gastora.eu\/en\/product\/kebab-grill-4-brleurs-50-kg-de-viande-lectrique\/\" \/>\n<meta property=\"og:locale\" content=\"en_US\" \/>\n<meta property=\"og:type\" content=\"article\" \/>\n<meta property=\"og:title\" content=\"Kebab grill - 4 br\u00fbleurs - 50 kg de viande - \u00e9lectrique - Gastora\" \/>\n<meta property=\"og:description\" content=\"Achetez Kebab grill - 4 br\u00fbleurs - 50 kg de viande - \u00e9lectrique au meilleur prix, fiable et performant avec une livraison rapide\" \/>\n<meta property=\"og:url\" content=\"https:\/\/gastora.eu\/en\/product\/kebab-grill-4-brleurs-50-kg-de-viande-lectrique\/\" \/>\n<meta property=\"og:site_name\" content=\"Gastora\" \/>\n<meta property=\"article:modified_time\" content=\"2026-04-26T08:33:37+00:00\" \/>\n<meta name=\"twitter:card\" content=\"summary_large_image\" \/>\n<meta name=\"twitter:label1\" content=\"Est. reading time\" \/>\n\t<meta name=\"twitter:data1\" content=\"2 minutes\" \/>\n<script type=\"application\/ld+json\" class=\"yoast-schema-graph\">{\"@context\":\"https:\\\/\\\/schema.org\",\"@graph\":[{\"@type\":\"WebPage\",\"@id\":\"https:\\\/\\\/gastora.eu\\\/product\\\/kebab-grill-4-brleurs-50-kg-de-viande-lectrique\\\/\",\"url\":\"https:\\\/\\\/gastora.eu\\\/product\\\/kebab-grill-4-brleurs-50-kg-de-viande-lectrique\\\/\",\"name\":\"Kebab grill - 4 br\u00fbleurs - 50 kg de viande - \u00e9lectrique - Gastora\",\"isPartOf\":{\"@id\":\"https:\\\/\\\/gastora.eu\\\/#website\"},\"primaryImageOfPage\":{\"@id\":\"https:\\\/\\\/gastora.eu\\\/product\\\/kebab-grill-4-brleurs-50-kg-de-viande-lectrique\\\/#primaryimage\"},\"image\":{\"@id\":\"https:\\\/\\\/gastora.eu\\\/product\\\/kebab-grill-4-brleurs-50-kg-de-viande-lectrique\\\/#primaryimage\"},\"thumbnailUrl\":\"https:\\\/\\\/gastora.eu\\\/wp-content\\\/uploads\\\/2026\\\/04\\\/sp-005-61656eb6a75ef.jpg\",\"datePublished\":\"2026-04-25T17:43:52+00:00\",\"dateModified\":\"2026-04-26T08:33:37+00:00\",\"description\":\"Achetez Kebab grill - 4 br\u00fbleurs - 50 kg de viande - \u00e9lectrique au meilleur prix, fiable et performant avec une livraison rapide\",\"breadcrumb\":{\"@id\":\"https:\\\/\\\/gastora.eu\\\/product\\\/kebab-grill-4-brleurs-50-kg-de-viande-lectrique\\\/#breadcrumb\"},\"inLanguage\":\"en-US\",\"potentialAction\":[{\"@type\":\"ReadAction\",\"target\":[\"https:\\\/\\\/gastora.eu\\\/product\\\/kebab-grill-4-brleurs-50-kg-de-viande-lectrique\\\/\"]}]},{\"@type\":\"ImageObject\",\"inLanguage\":\"en-US\",\"@id\":\"https:\\\/\\\/gastora.eu\\\/product\\\/kebab-grill-4-brleurs-50-kg-de-viande-lectrique\\\/#primaryimage\",\"url\":\"https:\\\/\\\/gastora.eu\\\/wp-content\\\/uploads\\\/2026\\\/04\\\/sp-005-61656eb6a75ef.jpg\",\"contentUrl\":\"https:\\\/\\\/gastora.eu\\\/wp-content\\\/uploads\\\/2026\\\/04\\\/sp-005-61656eb6a75ef.jpg\",\"width\":2048,\"height\":2048},{\"@type\":\"BreadcrumbList\",\"@id\":\"https:\\\/\\\/gastora.eu\\\/product\\\/kebab-grill-4-brleurs-50-kg-de-viande-lectrique\\\/#breadcrumb\",\"itemListElement\":[{\"@type\":\"ListItem\",\"position\":1,\"name\":\"Home\",\"item\":\"https:\\\/\\\/gastora.eu\\\/\"},{\"@type\":\"ListItem\",\"position\":2,\"name\":\"Shop\",\"item\":\"https:\\\/\\\/gastora.eu\\\/shop\\\/\"},{\"@type\":\"ListItem\",\"position\":3,\"name\":\"Kebab grill &#8211; 4 br\u00fbleurs &#8211; 50 kg de viande &#8211; \u00e9lectrique\"}]},{\"@type\":\"WebSite\",\"@id\":\"https:\\\/\\\/gastora.eu\\\/#website\",\"url\":\"https:\\\/\\\/gastora.eu\\\/\",\"name\":\"Gastora\",\"description\":\"\u00c9quipements professionnels CHR\",\"publisher\":{\"@id\":\"https:\\\/\\\/gastora.eu\\\/#organization\"},\"potentialAction\":[{\"@type\":\"SearchAction\",\"target\":{\"@type\":\"EntryPoint\",\"urlTemplate\":\"https:\\\/\\\/gastora.eu\\\/?s={search_term_string}\"},\"query-input\":{\"@type\":\"PropertyValueSpecification\",\"valueRequired\":true,\"valueName\":\"search_term_string\"}}],\"inLanguage\":\"en-US\"},{\"@type\":\"Organization\",\"@id\":\"https:\\\/\\\/gastora.eu\\\/#organization\",\"name\":\"Gastora\",\"url\":\"https:\\\/\\\/gastora.eu\\\/\",\"logo\":{\"@type\":\"ImageObject\",\"inLanguage\":\"en-US\",\"@id\":\"https:\\\/\\\/gastora.eu\\\/#\\\/schema\\\/logo\\\/image\\\/\",\"url\":\"https:\\\/\\\/gastora.eu\\\/wp-content\\\/uploads\\\/2025\\\/12\\\/ChatGPT-Image-2-janv.-2026-22_52_47-1.png\",\"contentUrl\":\"https:\\\/\\\/gastora.eu\\\/wp-content\\\/uploads\\\/2025\\\/12\\\/ChatGPT-Image-2-janv.-2026-22_52_47-1.png\",\"width\":1536,\"height\":320,\"caption\":\"Gastora\"},\"image\":{\"@id\":\"https:\\\/\\\/gastora.eu\\\/#\\\/schema\\\/logo\\\/image\\\/\"}}]}<\/script>\n<!-- \/ Yoast SEO plugin. -->","yoast_head_json":{"title":"Kebab grill - 4 br\u00fbleurs - 50 kg de viande - \u00e9lectrique - Gastora","description":"Achetez Kebab grill - 4 br\u00fbleurs - 50 kg de viande - \u00e9lectrique au meilleur prix, fiable et performant avec une livraison rapide","robots":{"index":"index","follow":"follow","max-snippet":"max-snippet:-1","max-image-preview":"max-image-preview:large","max-video-preview":"max-video-preview:-1"},"canonical":"https:\/\/gastora.eu\/en\/product\/kebab-grill-4-brleurs-50-kg-de-viande-lectrique\/","og_locale":"en_US","og_type":"article","og_title":"Kebab grill - 4 br\u00fbleurs - 50 kg de viande - \u00e9lectrique - Gastora","og_description":"Achetez Kebab grill - 4 br\u00fbleurs - 50 kg de viande - \u00e9lectrique au meilleur prix, fiable et performant avec une livraison rapide","og_url":"https:\/\/gastora.eu\/en\/product\/kebab-grill-4-brleurs-50-kg-de-viande-lectrique\/","og_site_name":"Gastora","article_modified_time":"2026-04-26T08:33:37+00:00","twitter_card":"summary_large_image","twitter_misc":{"Est. reading time":"2 minutes"},"schema":{"@context":"https:\/\/schema.org","@graph":[{"@type":"WebPage","@id":"https:\/\/gastora.eu\/product\/kebab-grill-4-brleurs-50-kg-de-viande-lectrique\/","url":"https:\/\/gastora.eu\/product\/kebab-grill-4-brleurs-50-kg-de-viande-lectrique\/","name":"Kebab grill - 4 br\u00fbleurs - 50 kg de viande - \u00e9lectrique - Gastora","isPartOf":{"@id":"https:\/\/gastora.eu\/#website"},"primaryImageOfPage":{"@id":"https:\/\/gastora.eu\/product\/kebab-grill-4-brleurs-50-kg-de-viande-lectrique\/#primaryimage"},"image":{"@id":"https:\/\/gastora.eu\/product\/kebab-grill-4-brleurs-50-kg-de-viande-lectrique\/#primaryimage"},"thumbnailUrl":"https:\/\/gastora.eu\/wp-content\/uploads\/2026\/04\/sp-005-61656eb6a75ef.jpg","datePublished":"2026-04-25T17:43:52+00:00","dateModified":"2026-04-26T08:33:37+00:00","description":"Achetez Kebab grill - 4 br\u00fbleurs - 50 kg de viande - \u00e9lectrique au meilleur prix, fiable et performant avec une livraison rapide","breadcrumb":{"@id":"https:\/\/gastora.eu\/product\/kebab-grill-4-brleurs-50-kg-de-viande-lectrique\/#breadcrumb"},"inLanguage":"en-US","potentialAction":[{"@type":"ReadAction","target":["https:\/\/gastora.eu\/product\/kebab-grill-4-brleurs-50-kg-de-viande-lectrique\/"]}]},{"@type":"ImageObject","inLanguage":"en-US","@id":"https:\/\/gastora.eu\/product\/kebab-grill-4-brleurs-50-kg-de-viande-lectrique\/#primaryimage","url":"https:\/\/gastora.eu\/wp-content\/uploads\/2026\/04\/sp-005-61656eb6a75ef.jpg","contentUrl":"https:\/\/gastora.eu\/wp-content\/uploads\/2026\/04\/sp-005-61656eb6a75ef.jpg","width":2048,"height":2048},{"@type":"BreadcrumbList","@id":"https:\/\/gastora.eu\/product\/kebab-grill-4-brleurs-50-kg-de-viande-lectrique\/#breadcrumb","itemListElement":[{"@type":"ListItem","position":1,"name":"Home","item":"https:\/\/gastora.eu\/"},{"@type":"ListItem","position":2,"name":"Shop","item":"https:\/\/gastora.eu\/shop\/"},{"@type":"ListItem","position":3,"name":"Kebab grill &#8211; 4 br\u00fbleurs &#8211; 50 kg de viande &#8211; \u00e9lectrique"}]},{"@type":"WebSite","@id":"https:\/\/gastora.eu\/#website","url":"https:\/\/gastora.eu\/","name":"Gastora","description":"\u00c9quipements professionnels CHR","publisher":{"@id":"https:\/\/gastora.eu\/#organization"},"potentialAction":[{"@type":"SearchAction","target":{"@type":"EntryPoint","urlTemplate":"https:\/\/gastora.eu\/?s={search_term_string}"},"query-input":{"@type":"PropertyValueSpecification","valueRequired":true,"valueName":"search_term_string"}}],"inLanguage":"en-US"},{"@type":"Organization","@id":"https:\/\/gastora.eu\/#organization","name":"Gastora","url":"https:\/\/gastora.eu\/","logo":{"@type":"ImageObject","inLanguage":"en-US","@id":"https:\/\/gastora.eu\/#\/schema\/logo\/image\/","url":"https:\/\/gastora.eu\/wp-content\/uploads\/2025\/12\/ChatGPT-Image-2-janv.-2026-22_52_47-1.png","contentUrl":"https:\/\/gastora.eu\/wp-content\/uploads\/2025\/12\/ChatGPT-Image-2-janv.-2026-22_52_47-1.png","width":1536,"height":320,"caption":"Gastora"},"image":{"@id":"https:\/\/gastora.eu\/#\/schema\/logo\/image\/"}}]}},"jetpack_sharing_enabled":true,"_links":{"self":[{"href":"https:\/\/gastora.eu\/en\/wp-json\/wp\/v2\/product\/14128","targetHints":{"allow":["GET"]}}],"collection":[{"href":"https:\/\/gastora.eu\/en\/wp-json\/wp\/v2\/product"}],"about":[{"href":"https:\/\/gastora.eu\/en\/wp-json\/wp\/v2\/types\/product"}],"wp:featuredmedia":[{"embeddable":true,"href":"https:\/\/gastora.eu\/en\/wp-json\/wp\/v2\/media\/7006"}],"wp:attachment":[{"href":"https:\/\/gastora.eu\/en\/wp-json\/wp\/v2\/media?parent=14128"}],"wp:term":[{"taxonomy":"product_brand","embeddable":true,"href":"https:\/\/gastora.eu\/en\/wp-json\/wp\/v2\/product_brand?post=14128"},{"taxonomy":"product_cat","embeddable":true,"href":"https:\/\/gastora.eu\/en\/wp-json\/wp\/v2\/product_cat?post=14128"},{"taxonomy":"product_tag","embeddable":true,"href":"https:\/\/gastora.eu\/en\/wp-json\/wp\/v2\/product_tag?post=14128"}],"curies":[{"name":"wp","href":"https:\/\/api.w.org\/{rel}","templated":true}]}}