{"id":14127,"date":"2026-04-25T17:43:49","date_gmt":"2026-04-25T17:43:49","guid":{"rendered":"https:\/\/gastora.eu\/?post_type=product&#038;p=14127"},"modified":"2026-04-26T08:33:35","modified_gmt":"2026-04-26T08:33:35","slug":"kebab-grill-3-brleurs-30-kg-de-viande-lectrique","status":"publish","type":"product","link":"https:\/\/gastora.eu\/en\/product\/kebab-grill-3-brleurs-30-kg-de-viande-lectrique\/","title":{"rendered":"Kebab grill &#8211; 3 br\u00fbleurs &#8211; 30 kg de viande &#8211; \u00e9lectrique"},"content":{"rendered":"<p>Avec ce gril \u00e0 kebab professionnel dot\u00e9 de trois br\u00fbleurs \u00e0 gaz, la viande est rapidement grill\u00e9e et dor\u00e9e sur toute sa surface. La temp\u00e9rature des br\u00fbleurs peut \u00eatre r\u00e9gl\u00e9e s\u00e9par\u00e9ment afin que vous puissiez choisir le mode de cuisson de la viande. Ce gril \u00e0 shawarma est surtout utilis\u00e9 dans les boutiques de shawarma et les salles de grillades, mais il peut \u00e9galement \u00eatre utilis\u00e9 dans les food trucks, les snack-bars et les restaurants. Comme la broche peut \u00eatre r\u00e9gl\u00e9e avec pr\u00e9cision, vous obtiendrez toujours la meilleure viande grill\u00e9e. De plus, la broche peut \u00eatre tourn\u00e9e vers la gauche ou vers la droite.<\/p>\n<h3>Avec un bac de r\u00e9cup\u00e9ration pratique<\/h3>\n<p>Le moteur fiable est situ\u00e9 en haut du gril. Ainsi, vous n&#8217;avez pas besoin de placer le gril sur une table basse, mais il peut \u00eatre plac\u00e9 sur n&#8217;importe quel comptoir tout en vous permettant de couper la viande sur la longueur de la broche. La graisse qui s&#8217;\u00e9coule de la viande est recueillie dans le bac de r\u00e9cup\u00e9ration amovible en acier inoxydable qui est livr\u00e9 avec un filtre. Pour \u00eatre tout \u00e0 fait pr\u00eat et servir de d\u00e9licieux plats grill\u00e9s dans votre \u00e9tablissement de restauration, commandez un couteau \u00e0 kebab \u00e9lectrique sp\u00e9cial, qui vous aide \u00e0 couper facilement la viande de la broche.<\/p>\n<h3>Pi\u00e8ces r\u00e9sistantes au lave-vaisselle<\/h3>\n<p>Ce gril \u00e0 kebab robuste est enti\u00e8rement fabriqu\u00e9 en acier inoxydable et est facile \u00e0 nettoyer. Toutes les pi\u00e8ces amovibles peuvent \u00eatre mises au lave-vaisselle. Vous pouvez \u00e9galement utiliser un chiffon humide, de l&#8217;eau chaude et un d\u00e9tergent doux pour nettoyer le bo\u00eetier et les pi\u00e8ces. Il est conseill\u00e9 de laisser refroidir l&#8217;appareil et de le d\u00e9brancher de la prise de courant avant de le nettoyer.<\/p>\n<p><strong>Caract\u00e9ristiques<\/strong><\/p>\n<ul>\n<li>\u00c9quip\u00e9 de trois br\u00fbleurs \u00e9lectriques avec verre de protection Robax<\/li>\n<li>La temp\u00e9rature peut \u00eatre r\u00e9gl\u00e9e individuellement pour chaque br\u00fbleur<\/li>\n<li>Equip\u00e9 d&#8217;un bac de r\u00e9cup\u00e9ration en acier inoxydable avec filtre<\/li>\n<li>Bo\u00eetier, broche et plaque \u00e0 viande en acier inoxydable<\/li>\n<li>La broche du gril est r\u00e9glable pour une pr\u00e9paration parfaite<\/li>\n<\/ul>\n<p><strong>Caract\u00e9ristiques du produit<\/strong><\/p>\n<ul>\n<li>Poids net : 26 kg<\/li>\n<li>Dimensions : B54,5 x D64 x H98,2cm<\/li>\n<li>Capacit\u00e9 maximale : 30 kg de viande<\/li>\n<li>Dimensions de la broche : 1,2 x 1,2cm<\/li>\n<li>Vitesse de rotation de la broche : 1 rotation par minute<\/li>\n<li>Longueur de la broche : 60,8cm<\/li>\n<li>Diam\u00e8tre de la plaque \u00e0 viande : 19cm<\/li>\n<li>400V\/50Hz\/3Phase 4500 Watt<\/li>\n<\/ul>","protected":false},"excerpt":{"rendered":"<p>Ce gril \u00e0 kebab \u00e9lectrique vous permet de pr\u00e9parer de d\u00e9licieux d\u00f6ners, gyros, kebabs ou shawarma. \u00c9quip\u00e9 de trois br\u00fbleurs et d&#8217;un moteur sur le dessus, vous pouvez griller jusqu&#8217;\u00e0 30 kg de viande \u00e0 la fois sur la broche. Il est id\u00e9al pour une utilisation dans diverses cuisines, mais aussi dans les food trucks.<\/p>","protected":false},"featured_media":7004,"template":"","meta":{"_acf_changed":false},"product_brand":[],"product_cat":[470],"product_tag":[],"class_list":{"0":"post-14127","1":"product","2":"type-product","3":"status-publish","4":"has-post-thumbnail","6":"product_cat-grills-planchas-2","8":"first","9":"instock","10":"sale","11":"taxable","12":"shipping-taxable","13":"purchasable","14":"product-type-simple"},"acf":[],"yoast_head":"<!-- This site is optimized with the Yoast SEO plugin v27.4 - https:\/\/yoast.com\/product\/yoast-seo-wordpress\/ -->\n<title>Kebab grill - 3 br\u00fbleurs - 30 kg de viande - \u00e9lectrique - Gastora<\/title>\n<meta name=\"description\" content=\"Achetez Kebab grill - 3 br\u00fbleurs - 30 kg de viande - \u00e9lectrique au meilleur prix, fiable et performant avec une livraison rapide\" \/>\n<meta name=\"robots\" content=\"index, follow, max-snippet:-1, max-image-preview:large, max-video-preview:-1\" \/>\n<link rel=\"canonical\" href=\"https:\/\/gastora.eu\/en\/product\/kebab-grill-3-brleurs-30-kg-de-viande-lectrique\/\" \/>\n<meta property=\"og:locale\" content=\"en_US\" \/>\n<meta property=\"og:type\" content=\"article\" \/>\n<meta property=\"og:title\" content=\"Kebab grill - 3 br\u00fbleurs - 30 kg de viande - \u00e9lectrique - Gastora\" \/>\n<meta property=\"og:description\" content=\"Achetez Kebab grill - 3 br\u00fbleurs - 30 kg de viande - \u00e9lectrique au meilleur prix, fiable et performant avec une livraison rapide\" \/>\n<meta property=\"og:url\" content=\"https:\/\/gastora.eu\/en\/product\/kebab-grill-3-brleurs-30-kg-de-viande-lectrique\/\" \/>\n<meta property=\"og:site_name\" content=\"Gastora\" \/>\n<meta property=\"article:modified_time\" content=\"2026-04-26T08:33:35+00:00\" \/>\n<meta name=\"twitter:card\" content=\"summary_large_image\" \/>\n<meta name=\"twitter:label1\" content=\"Est. reading time\" \/>\n\t<meta name=\"twitter:data1\" content=\"2 minutes\" \/>\n<script type=\"application\/ld+json\" class=\"yoast-schema-graph\">{\"@context\":\"https:\\\/\\\/schema.org\",\"@graph\":[{\"@type\":\"WebPage\",\"@id\":\"https:\\\/\\\/gastora.eu\\\/product\\\/kebab-grill-3-brleurs-30-kg-de-viande-lectrique\\\/\",\"url\":\"https:\\\/\\\/gastora.eu\\\/product\\\/kebab-grill-3-brleurs-30-kg-de-viande-lectrique\\\/\",\"name\":\"Kebab grill - 3 br\u00fbleurs - 30 kg de viande - \u00e9lectrique - Gastora\",\"isPartOf\":{\"@id\":\"https:\\\/\\\/gastora.eu\\\/#website\"},\"primaryImageOfPage\":{\"@id\":\"https:\\\/\\\/gastora.eu\\\/product\\\/kebab-grill-3-brleurs-30-kg-de-viande-lectrique\\\/#primaryimage\"},\"image\":{\"@id\":\"https:\\\/\\\/gastora.eu\\\/product\\\/kebab-grill-3-brleurs-30-kg-de-viande-lectrique\\\/#primaryimage\"},\"thumbnailUrl\":\"https:\\\/\\\/gastora.eu\\\/wp-content\\\/uploads\\\/2026\\\/04\\\/sp-005-61656eb6971ee.jpg\",\"datePublished\":\"2026-04-25T17:43:49+00:00\",\"dateModified\":\"2026-04-26T08:33:35+00:00\",\"description\":\"Achetez Kebab grill - 3 br\u00fbleurs - 30 kg de viande - \u00e9lectrique au meilleur prix, fiable et performant avec une livraison rapide\",\"breadcrumb\":{\"@id\":\"https:\\\/\\\/gastora.eu\\\/product\\\/kebab-grill-3-brleurs-30-kg-de-viande-lectrique\\\/#breadcrumb\"},\"inLanguage\":\"en-US\",\"potentialAction\":[{\"@type\":\"ReadAction\",\"target\":[\"https:\\\/\\\/gastora.eu\\\/product\\\/kebab-grill-3-brleurs-30-kg-de-viande-lectrique\\\/\"]}]},{\"@type\":\"ImageObject\",\"inLanguage\":\"en-US\",\"@id\":\"https:\\\/\\\/gastora.eu\\\/product\\\/kebab-grill-3-brleurs-30-kg-de-viande-lectrique\\\/#primaryimage\",\"url\":\"https:\\\/\\\/gastora.eu\\\/wp-content\\\/uploads\\\/2026\\\/04\\\/sp-005-61656eb6971ee.jpg\",\"contentUrl\":\"https:\\\/\\\/gastora.eu\\\/wp-content\\\/uploads\\\/2026\\\/04\\\/sp-005-61656eb6971ee.jpg\",\"width\":2048,\"height\":2048},{\"@type\":\"BreadcrumbList\",\"@id\":\"https:\\\/\\\/gastora.eu\\\/product\\\/kebab-grill-3-brleurs-30-kg-de-viande-lectrique\\\/#breadcrumb\",\"itemListElement\":[{\"@type\":\"ListItem\",\"position\":1,\"name\":\"Home\",\"item\":\"https:\\\/\\\/gastora.eu\\\/\"},{\"@type\":\"ListItem\",\"position\":2,\"name\":\"Shop\",\"item\":\"https:\\\/\\\/gastora.eu\\\/shop\\\/\"},{\"@type\":\"ListItem\",\"position\":3,\"name\":\"Kebab grill &#8211; 3 br\u00fbleurs &#8211; 30 kg de viande &#8211; \u00e9lectrique\"}]},{\"@type\":\"WebSite\",\"@id\":\"https:\\\/\\\/gastora.eu\\\/#website\",\"url\":\"https:\\\/\\\/gastora.eu\\\/\",\"name\":\"Gastora\",\"description\":\"\u00c9quipements professionnels CHR\",\"publisher\":{\"@id\":\"https:\\\/\\\/gastora.eu\\\/#organization\"},\"potentialAction\":[{\"@type\":\"SearchAction\",\"target\":{\"@type\":\"EntryPoint\",\"urlTemplate\":\"https:\\\/\\\/gastora.eu\\\/?s={search_term_string}\"},\"query-input\":{\"@type\":\"PropertyValueSpecification\",\"valueRequired\":true,\"valueName\":\"search_term_string\"}}],\"inLanguage\":\"en-US\"},{\"@type\":\"Organization\",\"@id\":\"https:\\\/\\\/gastora.eu\\\/#organization\",\"name\":\"Gastora\",\"url\":\"https:\\\/\\\/gastora.eu\\\/\",\"logo\":{\"@type\":\"ImageObject\",\"inLanguage\":\"en-US\",\"@id\":\"https:\\\/\\\/gastora.eu\\\/#\\\/schema\\\/logo\\\/image\\\/\",\"url\":\"https:\\\/\\\/gastora.eu\\\/wp-content\\\/uploads\\\/2025\\\/12\\\/ChatGPT-Image-2-janv.-2026-22_52_47-1.png\",\"contentUrl\":\"https:\\\/\\\/gastora.eu\\\/wp-content\\\/uploads\\\/2025\\\/12\\\/ChatGPT-Image-2-janv.-2026-22_52_47-1.png\",\"width\":1536,\"height\":320,\"caption\":\"Gastora\"},\"image\":{\"@id\":\"https:\\\/\\\/gastora.eu\\\/#\\\/schema\\\/logo\\\/image\\\/\"}}]}<\/script>\n<!-- \/ Yoast SEO plugin. -->","yoast_head_json":{"title":"Kebab grill - 3 br\u00fbleurs - 30 kg de viande - \u00e9lectrique - Gastora","description":"Achetez Kebab grill - 3 br\u00fbleurs - 30 kg de viande - \u00e9lectrique au meilleur prix, fiable et performant avec une livraison rapide","robots":{"index":"index","follow":"follow","max-snippet":"max-snippet:-1","max-image-preview":"max-image-preview:large","max-video-preview":"max-video-preview:-1"},"canonical":"https:\/\/gastora.eu\/en\/product\/kebab-grill-3-brleurs-30-kg-de-viande-lectrique\/","og_locale":"en_US","og_type":"article","og_title":"Kebab grill - 3 br\u00fbleurs - 30 kg de viande - \u00e9lectrique - Gastora","og_description":"Achetez Kebab grill - 3 br\u00fbleurs - 30 kg de viande - \u00e9lectrique au meilleur prix, fiable et performant avec une livraison rapide","og_url":"https:\/\/gastora.eu\/en\/product\/kebab-grill-3-brleurs-30-kg-de-viande-lectrique\/","og_site_name":"Gastora","article_modified_time":"2026-04-26T08:33:35+00:00","twitter_card":"summary_large_image","twitter_misc":{"Est. reading time":"2 minutes"},"schema":{"@context":"https:\/\/schema.org","@graph":[{"@type":"WebPage","@id":"https:\/\/gastora.eu\/product\/kebab-grill-3-brleurs-30-kg-de-viande-lectrique\/","url":"https:\/\/gastora.eu\/product\/kebab-grill-3-brleurs-30-kg-de-viande-lectrique\/","name":"Kebab grill - 3 br\u00fbleurs - 30 kg de viande - \u00e9lectrique - Gastora","isPartOf":{"@id":"https:\/\/gastora.eu\/#website"},"primaryImageOfPage":{"@id":"https:\/\/gastora.eu\/product\/kebab-grill-3-brleurs-30-kg-de-viande-lectrique\/#primaryimage"},"image":{"@id":"https:\/\/gastora.eu\/product\/kebab-grill-3-brleurs-30-kg-de-viande-lectrique\/#primaryimage"},"thumbnailUrl":"https:\/\/gastora.eu\/wp-content\/uploads\/2026\/04\/sp-005-61656eb6971ee.jpg","datePublished":"2026-04-25T17:43:49+00:00","dateModified":"2026-04-26T08:33:35+00:00","description":"Achetez Kebab grill - 3 br\u00fbleurs - 30 kg de viande - \u00e9lectrique au meilleur prix, fiable et performant avec une livraison rapide","breadcrumb":{"@id":"https:\/\/gastora.eu\/product\/kebab-grill-3-brleurs-30-kg-de-viande-lectrique\/#breadcrumb"},"inLanguage":"en-US","potentialAction":[{"@type":"ReadAction","target":["https:\/\/gastora.eu\/product\/kebab-grill-3-brleurs-30-kg-de-viande-lectrique\/"]}]},{"@type":"ImageObject","inLanguage":"en-US","@id":"https:\/\/gastora.eu\/product\/kebab-grill-3-brleurs-30-kg-de-viande-lectrique\/#primaryimage","url":"https:\/\/gastora.eu\/wp-content\/uploads\/2026\/04\/sp-005-61656eb6971ee.jpg","contentUrl":"https:\/\/gastora.eu\/wp-content\/uploads\/2026\/04\/sp-005-61656eb6971ee.jpg","width":2048,"height":2048},{"@type":"BreadcrumbList","@id":"https:\/\/gastora.eu\/product\/kebab-grill-3-brleurs-30-kg-de-viande-lectrique\/#breadcrumb","itemListElement":[{"@type":"ListItem","position":1,"name":"Home","item":"https:\/\/gastora.eu\/"},{"@type":"ListItem","position":2,"name":"Shop","item":"https:\/\/gastora.eu\/shop\/"},{"@type":"ListItem","position":3,"name":"Kebab grill &#8211; 3 br\u00fbleurs &#8211; 30 kg de viande &#8211; \u00e9lectrique"}]},{"@type":"WebSite","@id":"https:\/\/gastora.eu\/#website","url":"https:\/\/gastora.eu\/","name":"Gastora","description":"\u00c9quipements professionnels CHR","publisher":{"@id":"https:\/\/gastora.eu\/#organization"},"potentialAction":[{"@type":"SearchAction","target":{"@type":"EntryPoint","urlTemplate":"https:\/\/gastora.eu\/?s={search_term_string}"},"query-input":{"@type":"PropertyValueSpecification","valueRequired":true,"valueName":"search_term_string"}}],"inLanguage":"en-US"},{"@type":"Organization","@id":"https:\/\/gastora.eu\/#organization","name":"Gastora","url":"https:\/\/gastora.eu\/","logo":{"@type":"ImageObject","inLanguage":"en-US","@id":"https:\/\/gastora.eu\/#\/schema\/logo\/image\/","url":"https:\/\/gastora.eu\/wp-content\/uploads\/2025\/12\/ChatGPT-Image-2-janv.-2026-22_52_47-1.png","contentUrl":"https:\/\/gastora.eu\/wp-content\/uploads\/2025\/12\/ChatGPT-Image-2-janv.-2026-22_52_47-1.png","width":1536,"height":320,"caption":"Gastora"},"image":{"@id":"https:\/\/gastora.eu\/#\/schema\/logo\/image\/"}}]}},"jetpack_sharing_enabled":true,"_links":{"self":[{"href":"https:\/\/gastora.eu\/en\/wp-json\/wp\/v2\/product\/14127","targetHints":{"allow":["GET"]}}],"collection":[{"href":"https:\/\/gastora.eu\/en\/wp-json\/wp\/v2\/product"}],"about":[{"href":"https:\/\/gastora.eu\/en\/wp-json\/wp\/v2\/types\/product"}],"wp:featuredmedia":[{"embeddable":true,"href":"https:\/\/gastora.eu\/en\/wp-json\/wp\/v2\/media\/7004"}],"wp:attachment":[{"href":"https:\/\/gastora.eu\/en\/wp-json\/wp\/v2\/media?parent=14127"}],"wp:term":[{"taxonomy":"product_brand","embeddable":true,"href":"https:\/\/gastora.eu\/en\/wp-json\/wp\/v2\/product_brand?post=14127"},{"taxonomy":"product_cat","embeddable":true,"href":"https:\/\/gastora.eu\/en\/wp-json\/wp\/v2\/product_cat?post=14127"},{"taxonomy":"product_tag","embeddable":true,"href":"https:\/\/gastora.eu\/en\/wp-json\/wp\/v2\/product_tag?post=14127"}],"curies":[{"name":"wp","href":"https:\/\/api.w.org\/{rel}","templated":true}]}}