{"id":14126,"date":"2026-04-25T17:43:49","date_gmt":"2026-04-25T17:43:49","guid":{"rendered":"https:\/\/gastora.eu\/?post_type=product&#038;p=14126"},"modified":"2026-04-26T08:33:34","modified_gmt":"2026-04-26T08:33:34","slug":"kebab-grill-2-brleurs-20-kg-de-viande-lectrique-2","status":"publish","type":"product","link":"https:\/\/gastora.eu\/en\/product\/kebab-grill-2-brleurs-20-kg-de-viande-lectrique-2\/","title":{"rendered":"Kebab grill &#8211; 2 br\u00fbleurs &#8211; 20 kg de viande &#8211; \u00e9lectrique"},"content":{"rendered":"<p>Ce gril de qualit\u00e9 sup\u00e9rieure est \u00e9quip\u00e9 de deux br\u00fbleurs \u00e9lectriques. La temp\u00e9rature peut \u00eatre r\u00e9gl\u00e9e s\u00e9par\u00e9ment sur les deux br\u00fbleurs. La vitre de protection Robax plac\u00e9e devant les br\u00fbleurs permet de travailler en toute s\u00e9curit\u00e9 avec ce gril \u00e0 kebab professionnel. La distance entre la broche et les br\u00fbleurs \u00e9tant r\u00e9glable, la viande est parfaitement pr\u00e9par\u00e9e. La broche peut \u00eatre tourn\u00e9e \u00e0 gauche et \u00e0 droite.<\/p>\n<h3>Un moteur fiable<\/h3>\n<p>Le moteur fiable est situ\u00e9 sur le dessus du gril. Ainsi, il n&#8217;est pas n\u00e9cessaire de placer le gril sur une table basse, mais il peut \u00eatre plac\u00e9 sur n&#8217;importe quel plan de travail tout en permettant de couper la viande sur la longueur de la broche. La graisse qui s&#8217;\u00e9coule de la viande est recueillie dans le bac de r\u00e9cup\u00e9ration amovible en acier inoxydable muni d&#8217;un filtre. Pour \u00eatre fin pr\u00eat et servir de d\u00e9licieux plats grill\u00e9s dans votre \u00e9tablissement de restauration, commandez un couteau \u00e0 kebab \u00e9lectrique sp\u00e9cial, qui vous permet de d\u00e9couper facilement la viande \u00e0 la broche.<\/p>\n<h3>Facile \u00e0 nettoyer<\/h3>\n<p>Ce gril \u00e0 kebab robuste est enti\u00e8rement fabriqu\u00e9 en acier inoxydable et se nettoie facilement. Toutes les pi\u00e8ces amovibles peuvent \u00eatre mises au lave-vaisselle. Vous pouvez \u00e9galement utiliser un chiffon humide, de l&#8217;eau chaude et un d\u00e9tergent doux pour nettoyer le bo\u00eetier et les pi\u00e8ces. Il est toutefois conseill\u00e9 de laisser refroidir l&#8217;appareil et de le d\u00e9brancher avant de le nettoyer.<\/p>\n<p><strong>Caract\u00e9ristiques<\/strong><\/p>\n<ul>\n<li>La temp\u00e9rature peut \u00eatre r\u00e9gl\u00e9e individuellement pour chaque br\u00fbleur<\/li>\n<li>\u00c9quip\u00e9 d&#8217;un bac de r\u00e9cup\u00e9ration en acier inoxydable avec filtre<\/li>\n<li>Bo\u00eetier, broche et plaque \u00e0 viande en acier inoxydable<\/li>\n<li>La broche du gril est r\u00e9glable pour une pr\u00e9paration parfaite<\/li>\n<li>La broche peut tourner \u00e0 gauche et \u00e0 droite<\/li>\n<\/ul>\n<p><strong>Caract\u00e9ristiques du produit<\/strong><\/p>\n<ul>\n<li>Poids net : 22 kg<\/li>\n<li>Dimensions : L54,5 x P69,1 x H77cm L54,5 x P69,1 x H77cm<\/li>\n<li>Capacit\u00e9 maximale : 20 kg de viande<\/li>\n<li>Dimensions de la brochette : 1,2 x 1,2cm<\/li>\n<li>Longueur de la broche : 43,8cm<\/li>\n<li>Vitesse de rotation de la broche : 1RPM<\/li>\n<li>Diam\u00e8tre de la plaque \u00e0 viande : 19cm<\/li>\n<li>230V\/50Hz\/1Phase 3000W<\/li>\n<\/ul>","protected":false},"excerpt":{"rendered":"<p>Ce gril \u00e0 kebab \u00e9lectrique vous permet de pr\u00e9parer de d\u00e9licieux d\u00f6ners, gyros, kebabs ou shawarma. \u00c9quip\u00e9 de deux br\u00fbleurs, vous pouvez griller jusqu&#8217;\u00e0 20 kg de viande \u00e0 la fois. La temp\u00e9rature des br\u00fbleurs peut \u00eatre r\u00e9gl\u00e9e individuellement et la broche du gril est r\u00e9glable et peut tourner dans les deux sens.<\/p>","protected":false},"featured_media":7002,"template":"","meta":{"_acf_changed":false},"product_brand":[],"product_cat":[470],"product_tag":[],"class_list":{"0":"post-14126","1":"product","2":"type-product","3":"status-publish","4":"has-post-thumbnail","6":"product_cat-grills-planchas-2","8":"first","9":"instock","10":"sale","11":"taxable","12":"shipping-taxable","13":"purchasable","14":"product-type-simple"},"acf":[],"yoast_head":"<!-- This site is optimized with the Yoast SEO plugin v27.4 - https:\/\/yoast.com\/product\/yoast-seo-wordpress\/ -->\n<title>Kebab grill - 2 br\u00fbleurs - 20 kg de viande - \u00e9lectrique - Gastora<\/title>\n<meta name=\"description\" content=\"Achetez Kebab grill - 2 br\u00fbleurs - 20 kg de viande - \u00e9lectrique au meilleur prix, fiable et performant avec une livraison rapide\" \/>\n<meta name=\"robots\" content=\"index, follow, max-snippet:-1, max-image-preview:large, max-video-preview:-1\" \/>\n<link rel=\"canonical\" href=\"https:\/\/gastora.eu\/en\/product\/kebab-grill-2-brleurs-20-kg-de-viande-lectrique-2\/\" \/>\n<meta property=\"og:locale\" content=\"en_US\" \/>\n<meta property=\"og:type\" content=\"article\" \/>\n<meta property=\"og:title\" content=\"Kebab grill - 2 br\u00fbleurs - 20 kg de viande - \u00e9lectrique - Gastora\" \/>\n<meta property=\"og:description\" content=\"Achetez Kebab grill - 2 br\u00fbleurs - 20 kg de viande - \u00e9lectrique au meilleur prix, fiable et performant avec une livraison rapide\" \/>\n<meta property=\"og:url\" content=\"https:\/\/gastora.eu\/en\/product\/kebab-grill-2-brleurs-20-kg-de-viande-lectrique-2\/\" \/>\n<meta property=\"og:site_name\" content=\"Gastora\" \/>\n<meta property=\"article:modified_time\" content=\"2026-04-26T08:33:34+00:00\" \/>\n<meta name=\"twitter:card\" content=\"summary_large_image\" \/>\n<meta name=\"twitter:label1\" content=\"Est. reading time\" \/>\n\t<meta name=\"twitter:data1\" content=\"2 minutes\" \/>\n<script type=\"application\/ld+json\" class=\"yoast-schema-graph\">{\"@context\":\"https:\\\/\\\/schema.org\",\"@graph\":[{\"@type\":\"WebPage\",\"@id\":\"https:\\\/\\\/gastora.eu\\\/product\\\/kebab-grill-2-brleurs-20-kg-de-viande-lectrique-2\\\/\",\"url\":\"https:\\\/\\\/gastora.eu\\\/product\\\/kebab-grill-2-brleurs-20-kg-de-viande-lectrique-2\\\/\",\"name\":\"Kebab grill - 2 br\u00fbleurs - 20 kg de viande - \u00e9lectrique - Gastora\",\"isPartOf\":{\"@id\":\"https:\\\/\\\/gastora.eu\\\/#website\"},\"primaryImageOfPage\":{\"@id\":\"https:\\\/\\\/gastora.eu\\\/product\\\/kebab-grill-2-brleurs-20-kg-de-viande-lectrique-2\\\/#primaryimage\"},\"image\":{\"@id\":\"https:\\\/\\\/gastora.eu\\\/product\\\/kebab-grill-2-brleurs-20-kg-de-viande-lectrique-2\\\/#primaryimage\"},\"thumbnailUrl\":\"https:\\\/\\\/gastora.eu\\\/wp-content\\\/uploads\\\/2026\\\/04\\\/sp-005-61656eb6880c8.jpg\",\"datePublished\":\"2026-04-25T17:43:49+00:00\",\"dateModified\":\"2026-04-26T08:33:34+00:00\",\"description\":\"Achetez Kebab grill - 2 br\u00fbleurs - 20 kg de viande - \u00e9lectrique au meilleur prix, fiable et performant avec une livraison rapide\",\"breadcrumb\":{\"@id\":\"https:\\\/\\\/gastora.eu\\\/product\\\/kebab-grill-2-brleurs-20-kg-de-viande-lectrique-2\\\/#breadcrumb\"},\"inLanguage\":\"en-US\",\"potentialAction\":[{\"@type\":\"ReadAction\",\"target\":[\"https:\\\/\\\/gastora.eu\\\/product\\\/kebab-grill-2-brleurs-20-kg-de-viande-lectrique-2\\\/\"]}]},{\"@type\":\"ImageObject\",\"inLanguage\":\"en-US\",\"@id\":\"https:\\\/\\\/gastora.eu\\\/product\\\/kebab-grill-2-brleurs-20-kg-de-viande-lectrique-2\\\/#primaryimage\",\"url\":\"https:\\\/\\\/gastora.eu\\\/wp-content\\\/uploads\\\/2026\\\/04\\\/sp-005-61656eb6880c8.jpg\",\"contentUrl\":\"https:\\\/\\\/gastora.eu\\\/wp-content\\\/uploads\\\/2026\\\/04\\\/sp-005-61656eb6880c8.jpg\",\"width\":2048,\"height\":2048},{\"@type\":\"BreadcrumbList\",\"@id\":\"https:\\\/\\\/gastora.eu\\\/product\\\/kebab-grill-2-brleurs-20-kg-de-viande-lectrique-2\\\/#breadcrumb\",\"itemListElement\":[{\"@type\":\"ListItem\",\"position\":1,\"name\":\"Home\",\"item\":\"https:\\\/\\\/gastora.eu\\\/\"},{\"@type\":\"ListItem\",\"position\":2,\"name\":\"Shop\",\"item\":\"https:\\\/\\\/gastora.eu\\\/shop\\\/\"},{\"@type\":\"ListItem\",\"position\":3,\"name\":\"Kebab grill &#8211; 2 br\u00fbleurs &#8211; 20 kg de viande &#8211; \u00e9lectrique\"}]},{\"@type\":\"WebSite\",\"@id\":\"https:\\\/\\\/gastora.eu\\\/#website\",\"url\":\"https:\\\/\\\/gastora.eu\\\/\",\"name\":\"Gastora\",\"description\":\"\u00c9quipements professionnels CHR\",\"publisher\":{\"@id\":\"https:\\\/\\\/gastora.eu\\\/#organization\"},\"potentialAction\":[{\"@type\":\"SearchAction\",\"target\":{\"@type\":\"EntryPoint\",\"urlTemplate\":\"https:\\\/\\\/gastora.eu\\\/?s={search_term_string}\"},\"query-input\":{\"@type\":\"PropertyValueSpecification\",\"valueRequired\":true,\"valueName\":\"search_term_string\"}}],\"inLanguage\":\"en-US\"},{\"@type\":\"Organization\",\"@id\":\"https:\\\/\\\/gastora.eu\\\/#organization\",\"name\":\"Gastora\",\"url\":\"https:\\\/\\\/gastora.eu\\\/\",\"logo\":{\"@type\":\"ImageObject\",\"inLanguage\":\"en-US\",\"@id\":\"https:\\\/\\\/gastora.eu\\\/#\\\/schema\\\/logo\\\/image\\\/\",\"url\":\"https:\\\/\\\/gastora.eu\\\/wp-content\\\/uploads\\\/2025\\\/12\\\/ChatGPT-Image-2-janv.-2026-22_52_47-1.png\",\"contentUrl\":\"https:\\\/\\\/gastora.eu\\\/wp-content\\\/uploads\\\/2025\\\/12\\\/ChatGPT-Image-2-janv.-2026-22_52_47-1.png\",\"width\":1536,\"height\":320,\"caption\":\"Gastora\"},\"image\":{\"@id\":\"https:\\\/\\\/gastora.eu\\\/#\\\/schema\\\/logo\\\/image\\\/\"}}]}<\/script>\n<!-- \/ Yoast SEO plugin. -->","yoast_head_json":{"title":"Kebab grill - 2 br\u00fbleurs - 20 kg de viande - \u00e9lectrique - Gastora","description":"Achetez Kebab grill - 2 br\u00fbleurs - 20 kg de viande - \u00e9lectrique au meilleur prix, fiable et performant avec une livraison rapide","robots":{"index":"index","follow":"follow","max-snippet":"max-snippet:-1","max-image-preview":"max-image-preview:large","max-video-preview":"max-video-preview:-1"},"canonical":"https:\/\/gastora.eu\/en\/product\/kebab-grill-2-brleurs-20-kg-de-viande-lectrique-2\/","og_locale":"en_US","og_type":"article","og_title":"Kebab grill - 2 br\u00fbleurs - 20 kg de viande - \u00e9lectrique - Gastora","og_description":"Achetez Kebab grill - 2 br\u00fbleurs - 20 kg de viande - \u00e9lectrique au meilleur prix, fiable et performant avec une livraison rapide","og_url":"https:\/\/gastora.eu\/en\/product\/kebab-grill-2-brleurs-20-kg-de-viande-lectrique-2\/","og_site_name":"Gastora","article_modified_time":"2026-04-26T08:33:34+00:00","twitter_card":"summary_large_image","twitter_misc":{"Est. reading time":"2 minutes"},"schema":{"@context":"https:\/\/schema.org","@graph":[{"@type":"WebPage","@id":"https:\/\/gastora.eu\/product\/kebab-grill-2-brleurs-20-kg-de-viande-lectrique-2\/","url":"https:\/\/gastora.eu\/product\/kebab-grill-2-brleurs-20-kg-de-viande-lectrique-2\/","name":"Kebab grill - 2 br\u00fbleurs - 20 kg de viande - \u00e9lectrique - Gastora","isPartOf":{"@id":"https:\/\/gastora.eu\/#website"},"primaryImageOfPage":{"@id":"https:\/\/gastora.eu\/product\/kebab-grill-2-brleurs-20-kg-de-viande-lectrique-2\/#primaryimage"},"image":{"@id":"https:\/\/gastora.eu\/product\/kebab-grill-2-brleurs-20-kg-de-viande-lectrique-2\/#primaryimage"},"thumbnailUrl":"https:\/\/gastora.eu\/wp-content\/uploads\/2026\/04\/sp-005-61656eb6880c8.jpg","datePublished":"2026-04-25T17:43:49+00:00","dateModified":"2026-04-26T08:33:34+00:00","description":"Achetez Kebab grill - 2 br\u00fbleurs - 20 kg de viande - \u00e9lectrique au meilleur prix, fiable et performant avec une livraison rapide","breadcrumb":{"@id":"https:\/\/gastora.eu\/product\/kebab-grill-2-brleurs-20-kg-de-viande-lectrique-2\/#breadcrumb"},"inLanguage":"en-US","potentialAction":[{"@type":"ReadAction","target":["https:\/\/gastora.eu\/product\/kebab-grill-2-brleurs-20-kg-de-viande-lectrique-2\/"]}]},{"@type":"ImageObject","inLanguage":"en-US","@id":"https:\/\/gastora.eu\/product\/kebab-grill-2-brleurs-20-kg-de-viande-lectrique-2\/#primaryimage","url":"https:\/\/gastora.eu\/wp-content\/uploads\/2026\/04\/sp-005-61656eb6880c8.jpg","contentUrl":"https:\/\/gastora.eu\/wp-content\/uploads\/2026\/04\/sp-005-61656eb6880c8.jpg","width":2048,"height":2048},{"@type":"BreadcrumbList","@id":"https:\/\/gastora.eu\/product\/kebab-grill-2-brleurs-20-kg-de-viande-lectrique-2\/#breadcrumb","itemListElement":[{"@type":"ListItem","position":1,"name":"Home","item":"https:\/\/gastora.eu\/"},{"@type":"ListItem","position":2,"name":"Shop","item":"https:\/\/gastora.eu\/shop\/"},{"@type":"ListItem","position":3,"name":"Kebab grill &#8211; 2 br\u00fbleurs &#8211; 20 kg de viande &#8211; \u00e9lectrique"}]},{"@type":"WebSite","@id":"https:\/\/gastora.eu\/#website","url":"https:\/\/gastora.eu\/","name":"Gastora","description":"\u00c9quipements professionnels CHR","publisher":{"@id":"https:\/\/gastora.eu\/#organization"},"potentialAction":[{"@type":"SearchAction","target":{"@type":"EntryPoint","urlTemplate":"https:\/\/gastora.eu\/?s={search_term_string}"},"query-input":{"@type":"PropertyValueSpecification","valueRequired":true,"valueName":"search_term_string"}}],"inLanguage":"en-US"},{"@type":"Organization","@id":"https:\/\/gastora.eu\/#organization","name":"Gastora","url":"https:\/\/gastora.eu\/","logo":{"@type":"ImageObject","inLanguage":"en-US","@id":"https:\/\/gastora.eu\/#\/schema\/logo\/image\/","url":"https:\/\/gastora.eu\/wp-content\/uploads\/2025\/12\/ChatGPT-Image-2-janv.-2026-22_52_47-1.png","contentUrl":"https:\/\/gastora.eu\/wp-content\/uploads\/2025\/12\/ChatGPT-Image-2-janv.-2026-22_52_47-1.png","width":1536,"height":320,"caption":"Gastora"},"image":{"@id":"https:\/\/gastora.eu\/#\/schema\/logo\/image\/"}}]}},"jetpack_sharing_enabled":true,"_links":{"self":[{"href":"https:\/\/gastora.eu\/en\/wp-json\/wp\/v2\/product\/14126","targetHints":{"allow":["GET"]}}],"collection":[{"href":"https:\/\/gastora.eu\/en\/wp-json\/wp\/v2\/product"}],"about":[{"href":"https:\/\/gastora.eu\/en\/wp-json\/wp\/v2\/types\/product"}],"wp:featuredmedia":[{"embeddable":true,"href":"https:\/\/gastora.eu\/en\/wp-json\/wp\/v2\/media\/7002"}],"wp:attachment":[{"href":"https:\/\/gastora.eu\/en\/wp-json\/wp\/v2\/media?parent=14126"}],"wp:term":[{"taxonomy":"product_brand","embeddable":true,"href":"https:\/\/gastora.eu\/en\/wp-json\/wp\/v2\/product_brand?post=14126"},{"taxonomy":"product_cat","embeddable":true,"href":"https:\/\/gastora.eu\/en\/wp-json\/wp\/v2\/product_cat?post=14126"},{"taxonomy":"product_tag","embeddable":true,"href":"https:\/\/gastora.eu\/en\/wp-json\/wp\/v2\/product_tag?post=14126"}],"curies":[{"name":"wp","href":"https:\/\/api.w.org\/{rel}","templated":true}]}}