{"id":14125,"date":"2026-04-25T17:43:48","date_gmt":"2026-04-25T17:43:48","guid":{"rendered":"https:\/\/gastora.eu\/?post_type=product&#038;p=14125"},"modified":"2026-04-26T08:33:33","modified_gmt":"2026-04-26T08:33:33","slug":"kebab-grill-4-brleurs-70-kg-de-viande-lectrique","status":"publish","type":"product","link":"https:\/\/gastora.eu\/en\/product\/kebab-grill-4-brleurs-70-kg-de-viande-lectrique\/","title":{"rendered":"Kebab grill &#8211; 4 br\u00fbleurs &#8211; 70 kg de viande &#8211; \u00e9lectrique"},"content":{"rendered":"<p>Un d\u00e9licieux d\u00f6ner kebab, un rouleau de shawarma ou un autre plat grill\u00e9 figure au menu ? Dans ce cas, ce gril \u00e0 shawarma professionnel sera un atout pour votre cuisine de restauration. Vous pensez peut-\u00eatre qu&#8217;un gril \u00e0 kebab n&#8217;est utilis\u00e9 que dans les boutiques de shawarma ou les restaurants de grillades, mais vous pouvez utiliser ce gril pour cuire diff\u00e9rents types de viande. Il convient donc \u00e0 diverses cuisines et aux food trucks. Le gril est \u00e9quip\u00e9 de quatre br\u00fbleurs \u00e9lectriques avec grille de protection en acier inoxydable et le moteur est situ\u00e9 dans la partie inf\u00e9rieure. La temp\u00e9rature par br\u00fbleur est tr\u00e8s facile \u00e0 r\u00e9gler, ce qui est pratique lorsque vous souhaitez pr\u00e9parer des viandes grill\u00e9es claires ou fonc\u00e9es. La broche tourne une fois par minute. La plaque \u00e0 viande fournie a un diam\u00e8tre de 19 cm.<\/p>\n<h3>\u00c9quip\u00e9 d&#8217;un bac de r\u00e9cup\u00e9ration pratique<\/h3>\n<p>Lors de l&#8217;achat de ce gril \u00e0 kebab, vous recevrez un bac de r\u00e9cup\u00e9ration en acier inoxydable facile \u00e0 retirer. Cela vous permet de garder votre espace de travail propre, tandis que la graisse de la viande est recueillie dans le bac. Ce gril n&#8217;est pas livr\u00e9 avec des grilles de r\u00e9flexion en acier inoxydable, mais celles-ci peuvent \u00eatre command\u00e9es s\u00e9par\u00e9ment.<\/p>\n<h3>Nettoyage rapide et facile<\/h3>\n<p>Dans une cuisine de restauration, les aliments sont manipul\u00e9s fr\u00e9quemment et l&#8217;hygi\u00e8ne est donc tr\u00e8s importante. Le bo\u00eetier, la broche et la plaque \u00e0 viande \u00e9tant en acier inoxydable, ils sont faciles \u00e0 nettoyer. Il suffit d&#8217;attendre que l&#8217;appareil ait refroidi et de retirer la fiche de la prise. Toutes les parties en contact avec les aliments peuvent \u00eatre retir\u00e9es et nettoy\u00e9es \u00e0 l&#8217;aide d&#8217;un chiffon humide, d&#8217;eau chaude et d&#8217;un peu de d\u00e9tergent. Les pi\u00e8ces s\u00e9par\u00e9es peuvent \u00e9galement \u00eatre lav\u00e9es au lave-vaisselle.<\/p>\n<p><strong>Caract\u00e9ristiques<\/strong><\/p>\n<ul>\n<li>\u00c9quip\u00e9 de 4 br\u00fbleurs \u00e9lectriques avec verre de protection Robax<\/li>\n<li>La temp\u00e9rature peut \u00eatre r\u00e9gl\u00e9e individuellement pour chaque br\u00fbleur<\/li>\n<li>\u00c9quip\u00e9 d&#8217;un bac de r\u00e9cup\u00e9ration en acier inoxydable<\/li>\n<li>Bo\u00eetier, brochettes et plaque \u00e0 viande en acier inoxydable<\/li>\n<li>Moteur fiable sur le fond<\/li>\n<li>La broche du gril est r\u00e9glable et peut tourner \u00e0 gauche et \u00e0 droite<\/li>\n<\/ul>\n<p><strong>Caract\u00e9ristiques du produit<\/strong><\/p>\n<ul>\n<li>Poids net : 35 kg<\/li>\n<li>Dimensions : L54,7 x P66,3 x H107 L54,7 x P66,3 x H107cm<\/li>\n<li>Capacit\u00e9 maximale : 70 kg de viande<\/li>\n<li>Dimensions de la broche : 1,2 x 1,2cm<\/li>\n<li>Longueur de la broche : 73cm<\/li>\n<li>Vitesse de rotation de la broche : 1RPM<\/li>\n<li>Diam\u00e8tre de la plaque \u00e0 viande : 19cm<\/li>\n<li>400V\/50Hz\/3Phase 6000W<\/li>\n<\/ul>","protected":false},"excerpt":{"rendered":"<p>Ce gril \u00e0 kebab professionnel dispose de quatre br\u00fbleurs \u00e9lectriques et est id\u00e9al pour pr\u00e9parer de d\u00e9licieux d\u00f6ner, kebab ou shawarma. Il a une capacit\u00e9 maximale de 70 kg de viande. Il est \u00e9quip\u00e9 d&#8217;un bac de r\u00e9cup\u00e9ration de la graisse. Ce gril \u00e0 kebab est parfait pour les boutiques de shawarma, les food trucks ou les cuisines de restauration.<\/p>","protected":false},"featured_media":7000,"template":"","meta":{"_acf_changed":false},"product_brand":[],"product_cat":[470],"product_tag":[],"class_list":{"0":"post-14125","1":"product","2":"type-product","3":"status-publish","4":"has-post-thumbnail","6":"product_cat-grills-planchas-2","8":"first","9":"instock","10":"sale","11":"taxable","12":"shipping-taxable","13":"purchasable","14":"product-type-simple"},"acf":[],"yoast_head":"<!-- This site is optimized with the Yoast SEO plugin v27.4 - https:\/\/yoast.com\/product\/yoast-seo-wordpress\/ -->\n<title>Kebab grill - 4 br\u00fbleurs - 70 kg de viande - \u00e9lectrique - Gastora<\/title>\n<meta name=\"description\" content=\"Achetez Kebab grill - 4 br\u00fbleurs - 70 kg de viande - \u00e9lectrique au meilleur prix, fiable et performant avec une livraison rapide\" \/>\n<meta name=\"robots\" content=\"index, follow, max-snippet:-1, max-image-preview:large, max-video-preview:-1\" \/>\n<link rel=\"canonical\" href=\"https:\/\/gastora.eu\/en\/product\/kebab-grill-4-brleurs-70-kg-de-viande-lectrique\/\" \/>\n<meta property=\"og:locale\" content=\"en_US\" \/>\n<meta property=\"og:type\" content=\"article\" \/>\n<meta property=\"og:title\" content=\"Kebab grill - 4 br\u00fbleurs - 70 kg de viande - \u00e9lectrique - Gastora\" \/>\n<meta property=\"og:description\" content=\"Achetez Kebab grill - 4 br\u00fbleurs - 70 kg de viande - \u00e9lectrique au meilleur prix, fiable et performant avec une livraison rapide\" \/>\n<meta property=\"og:url\" content=\"https:\/\/gastora.eu\/en\/product\/kebab-grill-4-brleurs-70-kg-de-viande-lectrique\/\" \/>\n<meta property=\"og:site_name\" content=\"Gastora\" \/>\n<meta property=\"article:modified_time\" content=\"2026-04-26T08:33:33+00:00\" \/>\n<meta name=\"twitter:card\" content=\"summary_large_image\" \/>\n<meta name=\"twitter:label1\" content=\"Est. reading time\" \/>\n\t<meta name=\"twitter:data1\" content=\"2 minutes\" \/>\n<script type=\"application\/ld+json\" class=\"yoast-schema-graph\">{\"@context\":\"https:\\\/\\\/schema.org\",\"@graph\":[{\"@type\":\"WebPage\",\"@id\":\"https:\\\/\\\/gastora.eu\\\/product\\\/kebab-grill-4-brleurs-70-kg-de-viande-lectrique\\\/\",\"url\":\"https:\\\/\\\/gastora.eu\\\/product\\\/kebab-grill-4-brleurs-70-kg-de-viande-lectrique\\\/\",\"name\":\"Kebab grill - 4 br\u00fbleurs - 70 kg de viande - \u00e9lectrique - Gastora\",\"isPartOf\":{\"@id\":\"https:\\\/\\\/gastora.eu\\\/#website\"},\"primaryImageOfPage\":{\"@id\":\"https:\\\/\\\/gastora.eu\\\/product\\\/kebab-grill-4-brleurs-70-kg-de-viande-lectrique\\\/#primaryimage\"},\"image\":{\"@id\":\"https:\\\/\\\/gastora.eu\\\/product\\\/kebab-grill-4-brleurs-70-kg-de-viande-lectrique\\\/#primaryimage\"},\"thumbnailUrl\":\"https:\\\/\\\/gastora.eu\\\/wp-content\\\/uploads\\\/2026\\\/04\\\/sp-005-61656eb667e57.jpg\",\"datePublished\":\"2026-04-25T17:43:48+00:00\",\"dateModified\":\"2026-04-26T08:33:33+00:00\",\"description\":\"Achetez Kebab grill - 4 br\u00fbleurs - 70 kg de viande - \u00e9lectrique au meilleur prix, fiable et performant avec une livraison rapide\",\"breadcrumb\":{\"@id\":\"https:\\\/\\\/gastora.eu\\\/product\\\/kebab-grill-4-brleurs-70-kg-de-viande-lectrique\\\/#breadcrumb\"},\"inLanguage\":\"en-US\",\"potentialAction\":[{\"@type\":\"ReadAction\",\"target\":[\"https:\\\/\\\/gastora.eu\\\/product\\\/kebab-grill-4-brleurs-70-kg-de-viande-lectrique\\\/\"]}]},{\"@type\":\"ImageObject\",\"inLanguage\":\"en-US\",\"@id\":\"https:\\\/\\\/gastora.eu\\\/product\\\/kebab-grill-4-brleurs-70-kg-de-viande-lectrique\\\/#primaryimage\",\"url\":\"https:\\\/\\\/gastora.eu\\\/wp-content\\\/uploads\\\/2026\\\/04\\\/sp-005-61656eb667e57.jpg\",\"contentUrl\":\"https:\\\/\\\/gastora.eu\\\/wp-content\\\/uploads\\\/2026\\\/04\\\/sp-005-61656eb667e57.jpg\",\"width\":2048,\"height\":2048},{\"@type\":\"BreadcrumbList\",\"@id\":\"https:\\\/\\\/gastora.eu\\\/product\\\/kebab-grill-4-brleurs-70-kg-de-viande-lectrique\\\/#breadcrumb\",\"itemListElement\":[{\"@type\":\"ListItem\",\"position\":1,\"name\":\"Home\",\"item\":\"https:\\\/\\\/gastora.eu\\\/\"},{\"@type\":\"ListItem\",\"position\":2,\"name\":\"Shop\",\"item\":\"https:\\\/\\\/gastora.eu\\\/shop\\\/\"},{\"@type\":\"ListItem\",\"position\":3,\"name\":\"Kebab grill &#8211; 4 br\u00fbleurs &#8211; 70 kg de viande &#8211; \u00e9lectrique\"}]},{\"@type\":\"WebSite\",\"@id\":\"https:\\\/\\\/gastora.eu\\\/#website\",\"url\":\"https:\\\/\\\/gastora.eu\\\/\",\"name\":\"Gastora\",\"description\":\"\u00c9quipements professionnels CHR\",\"publisher\":{\"@id\":\"https:\\\/\\\/gastora.eu\\\/#organization\"},\"potentialAction\":[{\"@type\":\"SearchAction\",\"target\":{\"@type\":\"EntryPoint\",\"urlTemplate\":\"https:\\\/\\\/gastora.eu\\\/?s={search_term_string}\"},\"query-input\":{\"@type\":\"PropertyValueSpecification\",\"valueRequired\":true,\"valueName\":\"search_term_string\"}}],\"inLanguage\":\"en-US\"},{\"@type\":\"Organization\",\"@id\":\"https:\\\/\\\/gastora.eu\\\/#organization\",\"name\":\"Gastora\",\"url\":\"https:\\\/\\\/gastora.eu\\\/\",\"logo\":{\"@type\":\"ImageObject\",\"inLanguage\":\"en-US\",\"@id\":\"https:\\\/\\\/gastora.eu\\\/#\\\/schema\\\/logo\\\/image\\\/\",\"url\":\"https:\\\/\\\/gastora.eu\\\/wp-content\\\/uploads\\\/2025\\\/12\\\/ChatGPT-Image-2-janv.-2026-22_52_47-1.png\",\"contentUrl\":\"https:\\\/\\\/gastora.eu\\\/wp-content\\\/uploads\\\/2025\\\/12\\\/ChatGPT-Image-2-janv.-2026-22_52_47-1.png\",\"width\":1536,\"height\":320,\"caption\":\"Gastora\"},\"image\":{\"@id\":\"https:\\\/\\\/gastora.eu\\\/#\\\/schema\\\/logo\\\/image\\\/\"}}]}<\/script>\n<!-- \/ Yoast SEO plugin. -->","yoast_head_json":{"title":"Kebab grill - 4 br\u00fbleurs - 70 kg de viande - \u00e9lectrique - Gastora","description":"Achetez Kebab grill - 4 br\u00fbleurs - 70 kg de viande - \u00e9lectrique au meilleur prix, fiable et performant avec une livraison rapide","robots":{"index":"index","follow":"follow","max-snippet":"max-snippet:-1","max-image-preview":"max-image-preview:large","max-video-preview":"max-video-preview:-1"},"canonical":"https:\/\/gastora.eu\/en\/product\/kebab-grill-4-brleurs-70-kg-de-viande-lectrique\/","og_locale":"en_US","og_type":"article","og_title":"Kebab grill - 4 br\u00fbleurs - 70 kg de viande - \u00e9lectrique - Gastora","og_description":"Achetez Kebab grill - 4 br\u00fbleurs - 70 kg de viande - \u00e9lectrique au meilleur prix, fiable et performant avec une livraison rapide","og_url":"https:\/\/gastora.eu\/en\/product\/kebab-grill-4-brleurs-70-kg-de-viande-lectrique\/","og_site_name":"Gastora","article_modified_time":"2026-04-26T08:33:33+00:00","twitter_card":"summary_large_image","twitter_misc":{"Est. reading time":"2 minutes"},"schema":{"@context":"https:\/\/schema.org","@graph":[{"@type":"WebPage","@id":"https:\/\/gastora.eu\/product\/kebab-grill-4-brleurs-70-kg-de-viande-lectrique\/","url":"https:\/\/gastora.eu\/product\/kebab-grill-4-brleurs-70-kg-de-viande-lectrique\/","name":"Kebab grill - 4 br\u00fbleurs - 70 kg de viande - \u00e9lectrique - Gastora","isPartOf":{"@id":"https:\/\/gastora.eu\/#website"},"primaryImageOfPage":{"@id":"https:\/\/gastora.eu\/product\/kebab-grill-4-brleurs-70-kg-de-viande-lectrique\/#primaryimage"},"image":{"@id":"https:\/\/gastora.eu\/product\/kebab-grill-4-brleurs-70-kg-de-viande-lectrique\/#primaryimage"},"thumbnailUrl":"https:\/\/gastora.eu\/wp-content\/uploads\/2026\/04\/sp-005-61656eb667e57.jpg","datePublished":"2026-04-25T17:43:48+00:00","dateModified":"2026-04-26T08:33:33+00:00","description":"Achetez Kebab grill - 4 br\u00fbleurs - 70 kg de viande - \u00e9lectrique au meilleur prix, fiable et performant avec une livraison rapide","breadcrumb":{"@id":"https:\/\/gastora.eu\/product\/kebab-grill-4-brleurs-70-kg-de-viande-lectrique\/#breadcrumb"},"inLanguage":"en-US","potentialAction":[{"@type":"ReadAction","target":["https:\/\/gastora.eu\/product\/kebab-grill-4-brleurs-70-kg-de-viande-lectrique\/"]}]},{"@type":"ImageObject","inLanguage":"en-US","@id":"https:\/\/gastora.eu\/product\/kebab-grill-4-brleurs-70-kg-de-viande-lectrique\/#primaryimage","url":"https:\/\/gastora.eu\/wp-content\/uploads\/2026\/04\/sp-005-61656eb667e57.jpg","contentUrl":"https:\/\/gastora.eu\/wp-content\/uploads\/2026\/04\/sp-005-61656eb667e57.jpg","width":2048,"height":2048},{"@type":"BreadcrumbList","@id":"https:\/\/gastora.eu\/product\/kebab-grill-4-brleurs-70-kg-de-viande-lectrique\/#breadcrumb","itemListElement":[{"@type":"ListItem","position":1,"name":"Home","item":"https:\/\/gastora.eu\/"},{"@type":"ListItem","position":2,"name":"Shop","item":"https:\/\/gastora.eu\/shop\/"},{"@type":"ListItem","position":3,"name":"Kebab grill &#8211; 4 br\u00fbleurs &#8211; 70 kg de viande &#8211; \u00e9lectrique"}]},{"@type":"WebSite","@id":"https:\/\/gastora.eu\/#website","url":"https:\/\/gastora.eu\/","name":"Gastora","description":"\u00c9quipements professionnels CHR","publisher":{"@id":"https:\/\/gastora.eu\/#organization"},"potentialAction":[{"@type":"SearchAction","target":{"@type":"EntryPoint","urlTemplate":"https:\/\/gastora.eu\/?s={search_term_string}"},"query-input":{"@type":"PropertyValueSpecification","valueRequired":true,"valueName":"search_term_string"}}],"inLanguage":"en-US"},{"@type":"Organization","@id":"https:\/\/gastora.eu\/#organization","name":"Gastora","url":"https:\/\/gastora.eu\/","logo":{"@type":"ImageObject","inLanguage":"en-US","@id":"https:\/\/gastora.eu\/#\/schema\/logo\/image\/","url":"https:\/\/gastora.eu\/wp-content\/uploads\/2025\/12\/ChatGPT-Image-2-janv.-2026-22_52_47-1.png","contentUrl":"https:\/\/gastora.eu\/wp-content\/uploads\/2025\/12\/ChatGPT-Image-2-janv.-2026-22_52_47-1.png","width":1536,"height":320,"caption":"Gastora"},"image":{"@id":"https:\/\/gastora.eu\/#\/schema\/logo\/image\/"}}]}},"jetpack_sharing_enabled":true,"_links":{"self":[{"href":"https:\/\/gastora.eu\/en\/wp-json\/wp\/v2\/product\/14125","targetHints":{"allow":["GET"]}}],"collection":[{"href":"https:\/\/gastora.eu\/en\/wp-json\/wp\/v2\/product"}],"about":[{"href":"https:\/\/gastora.eu\/en\/wp-json\/wp\/v2\/types\/product"}],"wp:featuredmedia":[{"embeddable":true,"href":"https:\/\/gastora.eu\/en\/wp-json\/wp\/v2\/media\/7000"}],"wp:attachment":[{"href":"https:\/\/gastora.eu\/en\/wp-json\/wp\/v2\/media?parent=14125"}],"wp:term":[{"taxonomy":"product_brand","embeddable":true,"href":"https:\/\/gastora.eu\/en\/wp-json\/wp\/v2\/product_brand?post=14125"},{"taxonomy":"product_cat","embeddable":true,"href":"https:\/\/gastora.eu\/en\/wp-json\/wp\/v2\/product_cat?post=14125"},{"taxonomy":"product_tag","embeddable":true,"href":"https:\/\/gastora.eu\/en\/wp-json\/wp\/v2\/product_tag?post=14125"}],"curies":[{"name":"wp","href":"https:\/\/api.w.org\/{rel}","templated":true}]}}