{"id":14124,"date":"2026-04-25T17:43:47","date_gmt":"2026-04-25T17:43:47","guid":{"rendered":"https:\/\/gastora.eu\/?post_type=product&#038;p=14124"},"modified":"2026-04-26T08:33:33","modified_gmt":"2026-04-26T08:33:33","slug":"kebab-grill-3-brleurs-40-kg-de-viande-lectrique","status":"publish","type":"product","link":"https:\/\/gastora.eu\/en\/product\/kebab-grill-3-brleurs-40-kg-de-viande-lectrique\/","title":{"rendered":"Kebab grill &#8211; 3 br\u00fbleurs &#8211; 40 kg de viande &#8211; \u00e9lectrique"},"content":{"rendered":"<p>Un gril \u00e0 kebab de haute qualit\u00e9 est indispensable dans tout magasin de shawarma et toute salle de grillades. Ce gril \u00e0 shawarma est \u00e9quip\u00e9 de trois br\u00fbleurs \u00e9lectriques avec une grille de protection en acier inoxydable. Le grand avantage de cet appareil de cuisine est que la temp\u00e9rature peut \u00eatre r\u00e9gl\u00e9e pour chaque br\u00fbleur afin que la viande soit grill\u00e9e jusqu&#8217;\u00e0 ce qu&#8217;elle prenne une belle couleur dor\u00e9e sur toute sa surface. Outre son utilisation dans les boutiques de shawarma et les salles de grillades, le gril \u00e0 shawarma est \u00e9galement parfait pour griller d&#8217;autres types de viande que le kebab, le gyros et le shawarma. Vous pouvez par exemple le placer dans votre food truck ou dans la cuisine de votre restaurant. Le r\u00e9glage pr\u00e9cis de la broche permet d&#8217;obtenir la meilleure viande grill\u00e9e. De plus, la broche peut tourner \u00e0 gauche et \u00e0 droite.<\/p>\n<h3>Avec bac de r\u00e9cup\u00e9ration en acier inoxydable<\/h3>\n<p>Le moteur de ce gril est tr\u00e8s fiable et se trouve dans la partie inf\u00e9rieure. En outre, le gril \u00e0 kebab est \u00e9quip\u00e9 d&#8217;un bac de r\u00e9cup\u00e9ration en acier inoxydable facile \u00e0 retirer. Il n&#8217;y a pas d&#8217;\u00e9cran r\u00e9fl\u00e9chissant en acier inoxydable sur les c\u00f4t\u00e9s de ce gril professionnel. Pour compl\u00e9ter votre commande, un couteau sp\u00e9cial d\u00f6ner kebab qui coupe la viande en fines tranches est disponible.<\/p>\n<h3>Lavable au lave-vaisselle<\/h3>\n<p>Le bo\u00eetier du gril, la broche et la plaque \u00e0 viande \u00e9tant en acier inoxydable, ces pi\u00e8ces sont faciles \u00e0 nettoyer. Laissez d&#8217;abord l&#8217;appareil refroidir compl\u00e8tement et d\u00e9branchez la fiche de la prise de courant. Vous pouvez nettoyer le gril \u00e0 l&#8217;aide d&#8217;un chiffon humide imbib\u00e9 d&#8217;eau chaude et d&#8217;un d\u00e9tergent doux. Les pi\u00e8ces d\u00e9tach\u00e9es peuvent \u00e9galement \u00eatre lav\u00e9es au lave-vaisselle. Apr\u00e8s le nettoyage, s\u00e9chez le tout avec un chiffon doux<\/p>\n<p><strong>Caract\u00e9ristiques<\/strong><\/p>\n<ul>\n<li>\u00c9quip\u00e9 de 3 br\u00fbleurs \u00e9lectriques avec verre de protection Robax<\/li>\n<li>La temp\u00e9rature peut \u00eatre r\u00e9gl\u00e9e individuellement pour chaque br\u00fbleur<\/li>\n<li>\u00c9quip\u00e9 d&#8217;un bac de r\u00e9cup\u00e9ration en acier inoxydable<\/li>\n<li>Bo\u00eetier, brochettes et plaque \u00e0 viande en acier inoxydable<\/li>\n<li>Moteur fiable sur le fond<\/li>\n<li>La broche du gril est r\u00e9glable et peut tourner \u00e0 gauche et \u00e0 droite<\/li>\n<\/ul>\n<p><strong>Caract\u00e9ristiques du produit<\/strong><\/p>\n<ul>\n<li>Capacit\u00e9 maximale : 40 kg de viande<\/li>\n<li>Dimensions de la broche : 1,2 x 1,2cm<\/li>\n<li>Longueur de la broche : 57cm<\/li>\n<li>Vitesse de rotation de la broche : 1RPM<\/li>\n<li>Diam\u00e8tre de l&#8217;assiette \u00e0 viande : 19cm<\/li>\n<li>Dimensions de l&#8217;appareil : L54,7 x P66,3 x H91cm L54,7 x P66,3 x H91cm<\/li>\n<li>400V\/50Hz\/3Phase 4500 Watt<\/li>\n<li>Poids net : 30kg<\/li>\n<\/ul>","protected":false},"excerpt":{"rendered":"<p>Ce gril \u00e0 kebab \u00e9lectrique avec moteur inf\u00e9rieur dispose de trois br\u00fbleurs et la temp\u00e9rature de chaque br\u00fbleur peut \u00eatre r\u00e9gl\u00e9e s\u00e9par\u00e9ment. Il est parfait pour pr\u00e9parer des gyros, des kebabs et des shawarma dans une cuisine professionnelle. La broche du gril est r\u00e9glable et peut tourner \u00e0 droite et \u00e0 gauche.<\/p>","protected":false},"featured_media":6998,"template":"","meta":{"_acf_changed":false},"product_brand":[],"product_cat":[470],"product_tag":[],"class_list":{"0":"post-14124","1":"product","2":"type-product","3":"status-publish","4":"has-post-thumbnail","6":"product_cat-grills-planchas-2","8":"first","9":"instock","10":"sale","11":"taxable","12":"shipping-taxable","13":"purchasable","14":"product-type-simple"},"acf":[],"yoast_head":"<!-- This site is optimized with the Yoast SEO plugin v27.4 - https:\/\/yoast.com\/product\/yoast-seo-wordpress\/ -->\n<title>Kebab grill - 3 br\u00fbleurs - 40 kg de viande - \u00e9lectrique - Gastora<\/title>\n<meta name=\"description\" content=\"Achetez Kebab grill - 3 br\u00fbleurs - 40 kg de viande - \u00e9lectrique au meilleur prix, fiable et performant avec une livraison rapide\" \/>\n<meta name=\"robots\" content=\"index, follow, max-snippet:-1, max-image-preview:large, max-video-preview:-1\" \/>\n<link rel=\"canonical\" href=\"https:\/\/gastora.eu\/en\/product\/kebab-grill-3-brleurs-40-kg-de-viande-lectrique\/\" \/>\n<meta property=\"og:locale\" content=\"en_US\" \/>\n<meta property=\"og:type\" content=\"article\" \/>\n<meta property=\"og:title\" content=\"Kebab grill - 3 br\u00fbleurs - 40 kg de viande - \u00e9lectrique - Gastora\" \/>\n<meta property=\"og:description\" content=\"Achetez Kebab grill - 3 br\u00fbleurs - 40 kg de viande - \u00e9lectrique au meilleur prix, fiable et performant avec une livraison rapide\" \/>\n<meta property=\"og:url\" content=\"https:\/\/gastora.eu\/en\/product\/kebab-grill-3-brleurs-40-kg-de-viande-lectrique\/\" \/>\n<meta property=\"og:site_name\" content=\"Gastora\" \/>\n<meta property=\"article:modified_time\" content=\"2026-04-26T08:33:33+00:00\" \/>\n<meta name=\"twitter:card\" content=\"summary_large_image\" \/>\n<meta name=\"twitter:label1\" content=\"Est. reading time\" \/>\n\t<meta name=\"twitter:data1\" content=\"2 minutes\" \/>\n<script type=\"application\/ld+json\" class=\"yoast-schema-graph\">{\"@context\":\"https:\\\/\\\/schema.org\",\"@graph\":[{\"@type\":\"WebPage\",\"@id\":\"https:\\\/\\\/gastora.eu\\\/product\\\/kebab-grill-3-brleurs-40-kg-de-viande-lectrique\\\/\",\"url\":\"https:\\\/\\\/gastora.eu\\\/product\\\/kebab-grill-3-brleurs-40-kg-de-viande-lectrique\\\/\",\"name\":\"Kebab grill - 3 br\u00fbleurs - 40 kg de viande - \u00e9lectrique - Gastora\",\"isPartOf\":{\"@id\":\"https:\\\/\\\/gastora.eu\\\/#website\"},\"primaryImageOfPage\":{\"@id\":\"https:\\\/\\\/gastora.eu\\\/product\\\/kebab-grill-3-brleurs-40-kg-de-viande-lectrique\\\/#primaryimage\"},\"image\":{\"@id\":\"https:\\\/\\\/gastora.eu\\\/product\\\/kebab-grill-3-brleurs-40-kg-de-viande-lectrique\\\/#primaryimage\"},\"thumbnailUrl\":\"https:\\\/\\\/gastora.eu\\\/wp-content\\\/uploads\\\/2026\\\/04\\\/sp-005-61656eb64aaf7.jpg\",\"datePublished\":\"2026-04-25T17:43:47+00:00\",\"dateModified\":\"2026-04-26T08:33:33+00:00\",\"description\":\"Achetez Kebab grill - 3 br\u00fbleurs - 40 kg de viande - \u00e9lectrique au meilleur prix, fiable et performant avec une livraison rapide\",\"breadcrumb\":{\"@id\":\"https:\\\/\\\/gastora.eu\\\/product\\\/kebab-grill-3-brleurs-40-kg-de-viande-lectrique\\\/#breadcrumb\"},\"inLanguage\":\"en-US\",\"potentialAction\":[{\"@type\":\"ReadAction\",\"target\":[\"https:\\\/\\\/gastora.eu\\\/product\\\/kebab-grill-3-brleurs-40-kg-de-viande-lectrique\\\/\"]}]},{\"@type\":\"ImageObject\",\"inLanguage\":\"en-US\",\"@id\":\"https:\\\/\\\/gastora.eu\\\/product\\\/kebab-grill-3-brleurs-40-kg-de-viande-lectrique\\\/#primaryimage\",\"url\":\"https:\\\/\\\/gastora.eu\\\/wp-content\\\/uploads\\\/2026\\\/04\\\/sp-005-61656eb64aaf7.jpg\",\"contentUrl\":\"https:\\\/\\\/gastora.eu\\\/wp-content\\\/uploads\\\/2026\\\/04\\\/sp-005-61656eb64aaf7.jpg\",\"width\":2048,\"height\":2048},{\"@type\":\"BreadcrumbList\",\"@id\":\"https:\\\/\\\/gastora.eu\\\/product\\\/kebab-grill-3-brleurs-40-kg-de-viande-lectrique\\\/#breadcrumb\",\"itemListElement\":[{\"@type\":\"ListItem\",\"position\":1,\"name\":\"Home\",\"item\":\"https:\\\/\\\/gastora.eu\\\/\"},{\"@type\":\"ListItem\",\"position\":2,\"name\":\"Shop\",\"item\":\"https:\\\/\\\/gastora.eu\\\/shop\\\/\"},{\"@type\":\"ListItem\",\"position\":3,\"name\":\"Kebab grill &#8211; 3 br\u00fbleurs &#8211; 40 kg de viande &#8211; \u00e9lectrique\"}]},{\"@type\":\"WebSite\",\"@id\":\"https:\\\/\\\/gastora.eu\\\/#website\",\"url\":\"https:\\\/\\\/gastora.eu\\\/\",\"name\":\"Gastora\",\"description\":\"\u00c9quipements professionnels CHR\",\"publisher\":{\"@id\":\"https:\\\/\\\/gastora.eu\\\/#organization\"},\"potentialAction\":[{\"@type\":\"SearchAction\",\"target\":{\"@type\":\"EntryPoint\",\"urlTemplate\":\"https:\\\/\\\/gastora.eu\\\/?s={search_term_string}\"},\"query-input\":{\"@type\":\"PropertyValueSpecification\",\"valueRequired\":true,\"valueName\":\"search_term_string\"}}],\"inLanguage\":\"en-US\"},{\"@type\":\"Organization\",\"@id\":\"https:\\\/\\\/gastora.eu\\\/#organization\",\"name\":\"Gastora\",\"url\":\"https:\\\/\\\/gastora.eu\\\/\",\"logo\":{\"@type\":\"ImageObject\",\"inLanguage\":\"en-US\",\"@id\":\"https:\\\/\\\/gastora.eu\\\/#\\\/schema\\\/logo\\\/image\\\/\",\"url\":\"https:\\\/\\\/gastora.eu\\\/wp-content\\\/uploads\\\/2025\\\/12\\\/ChatGPT-Image-2-janv.-2026-22_52_47-1.png\",\"contentUrl\":\"https:\\\/\\\/gastora.eu\\\/wp-content\\\/uploads\\\/2025\\\/12\\\/ChatGPT-Image-2-janv.-2026-22_52_47-1.png\",\"width\":1536,\"height\":320,\"caption\":\"Gastora\"},\"image\":{\"@id\":\"https:\\\/\\\/gastora.eu\\\/#\\\/schema\\\/logo\\\/image\\\/\"}}]}<\/script>\n<!-- \/ Yoast SEO plugin. -->","yoast_head_json":{"title":"Kebab grill - 3 br\u00fbleurs - 40 kg de viande - \u00e9lectrique - Gastora","description":"Achetez Kebab grill - 3 br\u00fbleurs - 40 kg de viande - \u00e9lectrique au meilleur prix, fiable et performant avec une livraison rapide","robots":{"index":"index","follow":"follow","max-snippet":"max-snippet:-1","max-image-preview":"max-image-preview:large","max-video-preview":"max-video-preview:-1"},"canonical":"https:\/\/gastora.eu\/en\/product\/kebab-grill-3-brleurs-40-kg-de-viande-lectrique\/","og_locale":"en_US","og_type":"article","og_title":"Kebab grill - 3 br\u00fbleurs - 40 kg de viande - \u00e9lectrique - Gastora","og_description":"Achetez Kebab grill - 3 br\u00fbleurs - 40 kg de viande - \u00e9lectrique au meilleur prix, fiable et performant avec une livraison rapide","og_url":"https:\/\/gastora.eu\/en\/product\/kebab-grill-3-brleurs-40-kg-de-viande-lectrique\/","og_site_name":"Gastora","article_modified_time":"2026-04-26T08:33:33+00:00","twitter_card":"summary_large_image","twitter_misc":{"Est. reading time":"2 minutes"},"schema":{"@context":"https:\/\/schema.org","@graph":[{"@type":"WebPage","@id":"https:\/\/gastora.eu\/product\/kebab-grill-3-brleurs-40-kg-de-viande-lectrique\/","url":"https:\/\/gastora.eu\/product\/kebab-grill-3-brleurs-40-kg-de-viande-lectrique\/","name":"Kebab grill - 3 br\u00fbleurs - 40 kg de viande - \u00e9lectrique - Gastora","isPartOf":{"@id":"https:\/\/gastora.eu\/#website"},"primaryImageOfPage":{"@id":"https:\/\/gastora.eu\/product\/kebab-grill-3-brleurs-40-kg-de-viande-lectrique\/#primaryimage"},"image":{"@id":"https:\/\/gastora.eu\/product\/kebab-grill-3-brleurs-40-kg-de-viande-lectrique\/#primaryimage"},"thumbnailUrl":"https:\/\/gastora.eu\/wp-content\/uploads\/2026\/04\/sp-005-61656eb64aaf7.jpg","datePublished":"2026-04-25T17:43:47+00:00","dateModified":"2026-04-26T08:33:33+00:00","description":"Achetez Kebab grill - 3 br\u00fbleurs - 40 kg de viande - \u00e9lectrique au meilleur prix, fiable et performant avec une livraison rapide","breadcrumb":{"@id":"https:\/\/gastora.eu\/product\/kebab-grill-3-brleurs-40-kg-de-viande-lectrique\/#breadcrumb"},"inLanguage":"en-US","potentialAction":[{"@type":"ReadAction","target":["https:\/\/gastora.eu\/product\/kebab-grill-3-brleurs-40-kg-de-viande-lectrique\/"]}]},{"@type":"ImageObject","inLanguage":"en-US","@id":"https:\/\/gastora.eu\/product\/kebab-grill-3-brleurs-40-kg-de-viande-lectrique\/#primaryimage","url":"https:\/\/gastora.eu\/wp-content\/uploads\/2026\/04\/sp-005-61656eb64aaf7.jpg","contentUrl":"https:\/\/gastora.eu\/wp-content\/uploads\/2026\/04\/sp-005-61656eb64aaf7.jpg","width":2048,"height":2048},{"@type":"BreadcrumbList","@id":"https:\/\/gastora.eu\/product\/kebab-grill-3-brleurs-40-kg-de-viande-lectrique\/#breadcrumb","itemListElement":[{"@type":"ListItem","position":1,"name":"Home","item":"https:\/\/gastora.eu\/"},{"@type":"ListItem","position":2,"name":"Shop","item":"https:\/\/gastora.eu\/shop\/"},{"@type":"ListItem","position":3,"name":"Kebab grill &#8211; 3 br\u00fbleurs &#8211; 40 kg de viande &#8211; \u00e9lectrique"}]},{"@type":"WebSite","@id":"https:\/\/gastora.eu\/#website","url":"https:\/\/gastora.eu\/","name":"Gastora","description":"\u00c9quipements professionnels CHR","publisher":{"@id":"https:\/\/gastora.eu\/#organization"},"potentialAction":[{"@type":"SearchAction","target":{"@type":"EntryPoint","urlTemplate":"https:\/\/gastora.eu\/?s={search_term_string}"},"query-input":{"@type":"PropertyValueSpecification","valueRequired":true,"valueName":"search_term_string"}}],"inLanguage":"en-US"},{"@type":"Organization","@id":"https:\/\/gastora.eu\/#organization","name":"Gastora","url":"https:\/\/gastora.eu\/","logo":{"@type":"ImageObject","inLanguage":"en-US","@id":"https:\/\/gastora.eu\/#\/schema\/logo\/image\/","url":"https:\/\/gastora.eu\/wp-content\/uploads\/2025\/12\/ChatGPT-Image-2-janv.-2026-22_52_47-1.png","contentUrl":"https:\/\/gastora.eu\/wp-content\/uploads\/2025\/12\/ChatGPT-Image-2-janv.-2026-22_52_47-1.png","width":1536,"height":320,"caption":"Gastora"},"image":{"@id":"https:\/\/gastora.eu\/#\/schema\/logo\/image\/"}}]}},"jetpack_sharing_enabled":true,"_links":{"self":[{"href":"https:\/\/gastora.eu\/en\/wp-json\/wp\/v2\/product\/14124","targetHints":{"allow":["GET"]}}],"collection":[{"href":"https:\/\/gastora.eu\/en\/wp-json\/wp\/v2\/product"}],"about":[{"href":"https:\/\/gastora.eu\/en\/wp-json\/wp\/v2\/types\/product"}],"wp:featuredmedia":[{"embeddable":true,"href":"https:\/\/gastora.eu\/en\/wp-json\/wp\/v2\/media\/6998"}],"wp:attachment":[{"href":"https:\/\/gastora.eu\/en\/wp-json\/wp\/v2\/media?parent=14124"}],"wp:term":[{"taxonomy":"product_brand","embeddable":true,"href":"https:\/\/gastora.eu\/en\/wp-json\/wp\/v2\/product_brand?post=14124"},{"taxonomy":"product_cat","embeddable":true,"href":"https:\/\/gastora.eu\/en\/wp-json\/wp\/v2\/product_cat?post=14124"},{"taxonomy":"product_tag","embeddable":true,"href":"https:\/\/gastora.eu\/en\/wp-json\/wp\/v2\/product_tag?post=14124"}],"curies":[{"name":"wp","href":"https:\/\/api.w.org\/{rel}","templated":true}]}}