{"id":14123,"date":"2026-04-25T17:43:46","date_gmt":"2026-04-25T17:43:46","guid":{"rendered":"https:\/\/gastora.eu\/?post_type=product&#038;p=14123"},"modified":"2026-04-26T08:33:32","modified_gmt":"2026-04-26T08:33:32","slug":"kebab-grill-2-brleurs-20-kg-de-viande-lectrique","status":"publish","type":"product","link":"https:\/\/gastora.eu\/en\/product\/kebab-grill-2-brleurs-20-kg-de-viande-lectrique\/","title":{"rendered":"Kebab grill &#8211; 2 br\u00fbleurs &#8211; 20 kg de viande &#8211; \u00e9lectrique"},"content":{"rendered":"<p>Vous vendez r\u00e9guli\u00e8rement des d\u00f6ner kebab, des shawarma ou des gyros dans le cadre de votre activit\u00e9 de restauration ? Dans ce cas, vous avez besoin d&#8217;un gril \u00e0 kebab professionnel. Ce gril avec deux br\u00fbleurs et une grille de protection en acier inoxydable vous permet de griller environ 20 kg de viande \u00e0 la fois sur la broche. Ce gril convient \u00e0 un usage quotidien intensif et compl\u00e8te tout magasin de shawarma, restaurant de grillades, restaurant grec ou autre cuisine de restauration. Vous pouvez r\u00e9gler individuellement la temp\u00e9rature des deux br\u00fbleurs afin que la viande soit cuite uniform\u00e9ment sur toute la broche. La broche tourne une fois par minute pour que chaque c\u00f4t\u00e9 de la viande soit grill\u00e9 \u00e0 la perfection.<\/p>\n<h3>Bac de r\u00e9cup\u00e9ration amovible en acier inoxydable<\/h3>\n<p>Ce gril robuste est \u00e9quip\u00e9 d&#8217;un bac de r\u00e9cup\u00e9ration en acier inoxydable qui recueille toutes les graisses. Le bac d&#8217;\u00e9gouttage peut \u00eatre facilement retir\u00e9 pour le nettoyage. Le moteur de ce gril \u00e0 shawarma est situ\u00e9 dans la partie inf\u00e9rieure. Un gril est parfois \u00e9quip\u00e9 de grilles de r\u00e9flexion en acier inoxydable sur les c\u00f4t\u00e9s. Ces \u00e9crans ne sont pas fournis en standard mais peuvent \u00eatre command\u00e9s s\u00e9par\u00e9ment. Les grillades les plus d\u00e9licieuses sont pr\u00e9par\u00e9es sur un gril \u00e0 kebab, mais vous avez \u00e9galement besoin d&#8217;un couteau \u00e9lectrique pour grillades afin de d\u00e9couper la viande rapidement et en douceur sur la broche. Ce couteau peut \u00eatre command\u00e9 s\u00e9par\u00e9ment.<\/p>\n<h3>Facile \u00e0 nettoyer<\/h3>\n<p>Le gril \u00e0 brochettes est enti\u00e8rement fabriqu\u00e9 en acier inoxydable et se nettoie facilement. Il est conseill\u00e9 de le nettoyer apr\u00e8s chaque utilisation. Pour ce faire, laissez refroidir l&#8217;appareil et d\u00e9branchez-le. Retirez la broche, la plaque \u00e0 viande et les autres pi\u00e8ces amovibles du gril. Vous pouvez les mettre au lave-vaisselle ou les nettoyer \u00e0 l&#8217;aide d&#8217;un chiffon humide, d&#8217;eau chaude et d&#8217;un d\u00e9tergent doux. Le bo\u00eetier peut \u00e9galement \u00eatre nettoy\u00e9 \u00e0 l&#8217;aide d&#8217;un chiffon humide. Apr\u00e8s le nettoyage, s\u00e9chez toutes les pi\u00e8ces avec un chiffon doux et remontez le gril.<\/p>\n<p><strong>Caract\u00e9ristiques<\/strong><\/p>\n<ul>\n<li>\u00c9quip\u00e9 de 2 br\u00fbleurs \u00e9lectriques avec verre de protection Robax<\/li>\n<li>La temp\u00e9rature peut \u00eatre r\u00e9gl\u00e9e individuellement pour chaque br\u00fbleur<\/li>\n<li>\u00c9quip\u00e9 d&#8217;un bac de r\u00e9cup\u00e9ration en acier inoxydable<\/li>\n<li>Bo\u00eetier, brochettes et plaque \u00e0 viande en acier inoxydable<\/li>\n<li>Moteur fiable sur le fond<\/li>\n<li>La broche du gril est r\u00e9glable et peut tourner \u00e0 gauche et \u00e0 droite<\/li>\n<\/ul>\n<p><strong>Caract\u00e9ristiques du produit<\/strong><\/p>\n<ul>\n<li>Poids net : 24 kg<\/li>\n<li>Capacit\u00e9 maximale : 20 kg de viande<\/li>\n<li>Dimensions de la machine : B44,5 x D66,3 x H78,8cm<\/li>\n<li>Dimensions de la broche : 1,2 x 1,2cm<\/li>\n<li>Longueur de la broche : 45cm<\/li>\n<li>Vitesse de rotation de la broche : 1RPM<\/li>\n<li>Diam\u00e8tre de la plaque \u00e0 viande : 190cm<\/li>\n<li>230V\/50Hz\/1Phase 3000W<\/li>\n<\/ul>","protected":false},"excerpt":{"rendered":"<p>Avec ce gril \u00e0 kebab, vous pouvez agrandir votre cuisine et cr\u00e9er les meilleurs plats grill\u00e9s en un rien de temps. Le gril \u00e0 kebab est \u00e9quip\u00e9 de deux br\u00fbleurs \u00e9lectriques avec r\u00e9glage individuel de la temp\u00e9rature et le moteur est situ\u00e9 dans la partie inf\u00e9rieure. Le gril en acier inoxydable est \u00e9quip\u00e9 d&#8217;un bac de r\u00e9cup\u00e9ration des graisses.<\/p>","protected":false},"featured_media":6996,"template":"","meta":{"_acf_changed":false},"product_brand":[],"product_cat":[470],"product_tag":[],"class_list":{"0":"post-14123","1":"product","2":"type-product","3":"status-publish","4":"has-post-thumbnail","6":"product_cat-grills-planchas-2","8":"first","9":"instock","10":"sale","11":"taxable","12":"shipping-taxable","13":"purchasable","14":"product-type-simple"},"acf":[],"yoast_head":"<!-- This site is optimized with the Yoast SEO plugin v27.4 - https:\/\/yoast.com\/product\/yoast-seo-wordpress\/ -->\n<title>Kebab grill - 2 br\u00fbleurs - 20 kg de viande - \u00e9lectrique - Gastora<\/title>\n<meta name=\"description\" content=\"Achetez Kebab grill - 2 br\u00fbleurs - 20 kg de viande - \u00e9lectrique au meilleur prix, fiable et performant avec une livraison rapide\" \/>\n<meta name=\"robots\" content=\"index, follow, max-snippet:-1, max-image-preview:large, max-video-preview:-1\" \/>\n<link rel=\"canonical\" href=\"https:\/\/gastora.eu\/en\/product\/kebab-grill-2-brleurs-20-kg-de-viande-lectrique\/\" \/>\n<meta property=\"og:locale\" content=\"en_US\" \/>\n<meta property=\"og:type\" content=\"article\" \/>\n<meta property=\"og:title\" content=\"Kebab grill - 2 br\u00fbleurs - 20 kg de viande - \u00e9lectrique - Gastora\" \/>\n<meta property=\"og:description\" content=\"Achetez Kebab grill - 2 br\u00fbleurs - 20 kg de viande - \u00e9lectrique au meilleur prix, fiable et performant avec une livraison rapide\" \/>\n<meta property=\"og:url\" content=\"https:\/\/gastora.eu\/en\/product\/kebab-grill-2-brleurs-20-kg-de-viande-lectrique\/\" \/>\n<meta property=\"og:site_name\" content=\"Gastora\" \/>\n<meta property=\"article:modified_time\" content=\"2026-04-26T08:33:32+00:00\" \/>\n<meta name=\"twitter:card\" content=\"summary_large_image\" \/>\n<meta name=\"twitter:label1\" content=\"Est. reading time\" \/>\n\t<meta name=\"twitter:data1\" content=\"2 minutes\" \/>\n<script type=\"application\/ld+json\" class=\"yoast-schema-graph\">{\"@context\":\"https:\\\/\\\/schema.org\",\"@graph\":[{\"@type\":\"WebPage\",\"@id\":\"https:\\\/\\\/gastora.eu\\\/product\\\/kebab-grill-2-brleurs-20-kg-de-viande-lectrique\\\/\",\"url\":\"https:\\\/\\\/gastora.eu\\\/product\\\/kebab-grill-2-brleurs-20-kg-de-viande-lectrique\\\/\",\"name\":\"Kebab grill - 2 br\u00fbleurs - 20 kg de viande - \u00e9lectrique - Gastora\",\"isPartOf\":{\"@id\":\"https:\\\/\\\/gastora.eu\\\/#website\"},\"primaryImageOfPage\":{\"@id\":\"https:\\\/\\\/gastora.eu\\\/product\\\/kebab-grill-2-brleurs-20-kg-de-viande-lectrique\\\/#primaryimage\"},\"image\":{\"@id\":\"https:\\\/\\\/gastora.eu\\\/product\\\/kebab-grill-2-brleurs-20-kg-de-viande-lectrique\\\/#primaryimage\"},\"thumbnailUrl\":\"https:\\\/\\\/gastora.eu\\\/wp-content\\\/uploads\\\/2026\\\/04\\\/sp-005-61656eb61d440.jpg\",\"datePublished\":\"2026-04-25T17:43:46+00:00\",\"dateModified\":\"2026-04-26T08:33:32+00:00\",\"description\":\"Achetez Kebab grill - 2 br\u00fbleurs - 20 kg de viande - \u00e9lectrique au meilleur prix, fiable et performant avec une livraison rapide\",\"breadcrumb\":{\"@id\":\"https:\\\/\\\/gastora.eu\\\/product\\\/kebab-grill-2-brleurs-20-kg-de-viande-lectrique\\\/#breadcrumb\"},\"inLanguage\":\"en-US\",\"potentialAction\":[{\"@type\":\"ReadAction\",\"target\":[\"https:\\\/\\\/gastora.eu\\\/product\\\/kebab-grill-2-brleurs-20-kg-de-viande-lectrique\\\/\"]}]},{\"@type\":\"ImageObject\",\"inLanguage\":\"en-US\",\"@id\":\"https:\\\/\\\/gastora.eu\\\/product\\\/kebab-grill-2-brleurs-20-kg-de-viande-lectrique\\\/#primaryimage\",\"url\":\"https:\\\/\\\/gastora.eu\\\/wp-content\\\/uploads\\\/2026\\\/04\\\/sp-005-61656eb61d440.jpg\",\"contentUrl\":\"https:\\\/\\\/gastora.eu\\\/wp-content\\\/uploads\\\/2026\\\/04\\\/sp-005-61656eb61d440.jpg\",\"width\":2048,\"height\":2048},{\"@type\":\"BreadcrumbList\",\"@id\":\"https:\\\/\\\/gastora.eu\\\/product\\\/kebab-grill-2-brleurs-20-kg-de-viande-lectrique\\\/#breadcrumb\",\"itemListElement\":[{\"@type\":\"ListItem\",\"position\":1,\"name\":\"Home\",\"item\":\"https:\\\/\\\/gastora.eu\\\/\"},{\"@type\":\"ListItem\",\"position\":2,\"name\":\"Shop\",\"item\":\"https:\\\/\\\/gastora.eu\\\/shop\\\/\"},{\"@type\":\"ListItem\",\"position\":3,\"name\":\"Kebab grill &#8211; 2 br\u00fbleurs &#8211; 20 kg de viande &#8211; \u00e9lectrique\"}]},{\"@type\":\"WebSite\",\"@id\":\"https:\\\/\\\/gastora.eu\\\/#website\",\"url\":\"https:\\\/\\\/gastora.eu\\\/\",\"name\":\"Gastora\",\"description\":\"\u00c9quipements professionnels CHR\",\"publisher\":{\"@id\":\"https:\\\/\\\/gastora.eu\\\/#organization\"},\"potentialAction\":[{\"@type\":\"SearchAction\",\"target\":{\"@type\":\"EntryPoint\",\"urlTemplate\":\"https:\\\/\\\/gastora.eu\\\/?s={search_term_string}\"},\"query-input\":{\"@type\":\"PropertyValueSpecification\",\"valueRequired\":true,\"valueName\":\"search_term_string\"}}],\"inLanguage\":\"en-US\"},{\"@type\":\"Organization\",\"@id\":\"https:\\\/\\\/gastora.eu\\\/#organization\",\"name\":\"Gastora\",\"url\":\"https:\\\/\\\/gastora.eu\\\/\",\"logo\":{\"@type\":\"ImageObject\",\"inLanguage\":\"en-US\",\"@id\":\"https:\\\/\\\/gastora.eu\\\/#\\\/schema\\\/logo\\\/image\\\/\",\"url\":\"https:\\\/\\\/gastora.eu\\\/wp-content\\\/uploads\\\/2025\\\/12\\\/ChatGPT-Image-2-janv.-2026-22_52_47-1.png\",\"contentUrl\":\"https:\\\/\\\/gastora.eu\\\/wp-content\\\/uploads\\\/2025\\\/12\\\/ChatGPT-Image-2-janv.-2026-22_52_47-1.png\",\"width\":1536,\"height\":320,\"caption\":\"Gastora\"},\"image\":{\"@id\":\"https:\\\/\\\/gastora.eu\\\/#\\\/schema\\\/logo\\\/image\\\/\"}}]}<\/script>\n<!-- \/ Yoast SEO plugin. -->","yoast_head_json":{"title":"Kebab grill - 2 br\u00fbleurs - 20 kg de viande - \u00e9lectrique - Gastora","description":"Achetez Kebab grill - 2 br\u00fbleurs - 20 kg de viande - \u00e9lectrique au meilleur prix, fiable et performant avec une livraison rapide","robots":{"index":"index","follow":"follow","max-snippet":"max-snippet:-1","max-image-preview":"max-image-preview:large","max-video-preview":"max-video-preview:-1"},"canonical":"https:\/\/gastora.eu\/en\/product\/kebab-grill-2-brleurs-20-kg-de-viande-lectrique\/","og_locale":"en_US","og_type":"article","og_title":"Kebab grill - 2 br\u00fbleurs - 20 kg de viande - \u00e9lectrique - Gastora","og_description":"Achetez Kebab grill - 2 br\u00fbleurs - 20 kg de viande - \u00e9lectrique au meilleur prix, fiable et performant avec une livraison rapide","og_url":"https:\/\/gastora.eu\/en\/product\/kebab-grill-2-brleurs-20-kg-de-viande-lectrique\/","og_site_name":"Gastora","article_modified_time":"2026-04-26T08:33:32+00:00","twitter_card":"summary_large_image","twitter_misc":{"Est. reading time":"2 minutes"},"schema":{"@context":"https:\/\/schema.org","@graph":[{"@type":"WebPage","@id":"https:\/\/gastora.eu\/product\/kebab-grill-2-brleurs-20-kg-de-viande-lectrique\/","url":"https:\/\/gastora.eu\/product\/kebab-grill-2-brleurs-20-kg-de-viande-lectrique\/","name":"Kebab grill - 2 br\u00fbleurs - 20 kg de viande - \u00e9lectrique - Gastora","isPartOf":{"@id":"https:\/\/gastora.eu\/#website"},"primaryImageOfPage":{"@id":"https:\/\/gastora.eu\/product\/kebab-grill-2-brleurs-20-kg-de-viande-lectrique\/#primaryimage"},"image":{"@id":"https:\/\/gastora.eu\/product\/kebab-grill-2-brleurs-20-kg-de-viande-lectrique\/#primaryimage"},"thumbnailUrl":"https:\/\/gastora.eu\/wp-content\/uploads\/2026\/04\/sp-005-61656eb61d440.jpg","datePublished":"2026-04-25T17:43:46+00:00","dateModified":"2026-04-26T08:33:32+00:00","description":"Achetez Kebab grill - 2 br\u00fbleurs - 20 kg de viande - \u00e9lectrique au meilleur prix, fiable et performant avec une livraison rapide","breadcrumb":{"@id":"https:\/\/gastora.eu\/product\/kebab-grill-2-brleurs-20-kg-de-viande-lectrique\/#breadcrumb"},"inLanguage":"en-US","potentialAction":[{"@type":"ReadAction","target":["https:\/\/gastora.eu\/product\/kebab-grill-2-brleurs-20-kg-de-viande-lectrique\/"]}]},{"@type":"ImageObject","inLanguage":"en-US","@id":"https:\/\/gastora.eu\/product\/kebab-grill-2-brleurs-20-kg-de-viande-lectrique\/#primaryimage","url":"https:\/\/gastora.eu\/wp-content\/uploads\/2026\/04\/sp-005-61656eb61d440.jpg","contentUrl":"https:\/\/gastora.eu\/wp-content\/uploads\/2026\/04\/sp-005-61656eb61d440.jpg","width":2048,"height":2048},{"@type":"BreadcrumbList","@id":"https:\/\/gastora.eu\/product\/kebab-grill-2-brleurs-20-kg-de-viande-lectrique\/#breadcrumb","itemListElement":[{"@type":"ListItem","position":1,"name":"Home","item":"https:\/\/gastora.eu\/"},{"@type":"ListItem","position":2,"name":"Shop","item":"https:\/\/gastora.eu\/shop\/"},{"@type":"ListItem","position":3,"name":"Kebab grill &#8211; 2 br\u00fbleurs &#8211; 20 kg de viande &#8211; \u00e9lectrique"}]},{"@type":"WebSite","@id":"https:\/\/gastora.eu\/#website","url":"https:\/\/gastora.eu\/","name":"Gastora","description":"\u00c9quipements professionnels CHR","publisher":{"@id":"https:\/\/gastora.eu\/#organization"},"potentialAction":[{"@type":"SearchAction","target":{"@type":"EntryPoint","urlTemplate":"https:\/\/gastora.eu\/?s={search_term_string}"},"query-input":{"@type":"PropertyValueSpecification","valueRequired":true,"valueName":"search_term_string"}}],"inLanguage":"en-US"},{"@type":"Organization","@id":"https:\/\/gastora.eu\/#organization","name":"Gastora","url":"https:\/\/gastora.eu\/","logo":{"@type":"ImageObject","inLanguage":"en-US","@id":"https:\/\/gastora.eu\/#\/schema\/logo\/image\/","url":"https:\/\/gastora.eu\/wp-content\/uploads\/2025\/12\/ChatGPT-Image-2-janv.-2026-22_52_47-1.png","contentUrl":"https:\/\/gastora.eu\/wp-content\/uploads\/2025\/12\/ChatGPT-Image-2-janv.-2026-22_52_47-1.png","width":1536,"height":320,"caption":"Gastora"},"image":{"@id":"https:\/\/gastora.eu\/#\/schema\/logo\/image\/"}}]}},"jetpack_sharing_enabled":true,"_links":{"self":[{"href":"https:\/\/gastora.eu\/en\/wp-json\/wp\/v2\/product\/14123","targetHints":{"allow":["GET"]}}],"collection":[{"href":"https:\/\/gastora.eu\/en\/wp-json\/wp\/v2\/product"}],"about":[{"href":"https:\/\/gastora.eu\/en\/wp-json\/wp\/v2\/types\/product"}],"wp:featuredmedia":[{"embeddable":true,"href":"https:\/\/gastora.eu\/en\/wp-json\/wp\/v2\/media\/6996"}],"wp:attachment":[{"href":"https:\/\/gastora.eu\/en\/wp-json\/wp\/v2\/media?parent=14123"}],"wp:term":[{"taxonomy":"product_brand","embeddable":true,"href":"https:\/\/gastora.eu\/en\/wp-json\/wp\/v2\/product_brand?post=14123"},{"taxonomy":"product_cat","embeddable":true,"href":"https:\/\/gastora.eu\/en\/wp-json\/wp\/v2\/product_cat?post=14123"},{"taxonomy":"product_tag","embeddable":true,"href":"https:\/\/gastora.eu\/en\/wp-json\/wp\/v2\/product_tag?post=14123"}],"curies":[{"name":"wp","href":"https:\/\/api.w.org\/{rel}","templated":true}]}}