{"id":14122,"date":"2026-04-25T17:43:45","date_gmt":"2026-04-25T17:43:45","guid":{"rendered":"https:\/\/gastora.eu\/?post_type=product&#038;p=14122"},"modified":"2026-04-28T16:55:56","modified_gmt":"2026-04-28T16:55:56","slug":"kebab-grill-4-brleurs-50-kg-de-viande-gaz","status":"publish","type":"product","link":"https:\/\/gastora.eu\/en\/product\/kebab-grill-4-brleurs-50-kg-de-viande-gaz\/","title":{"rendered":"Kebab grill &#8211; 4 br\u00fbleurs &#8211; 50 kg de viande &#8211; gaz"},"content":{"rendered":"<p>Avec ce gril \u00e0 shawarma, vous pouvez rapidement servir les sandwichs shawarma, les kebabs et autres plats grill\u00e9s les plus savoureux. Ce gril \u00e0 kebab convient non seulement aux magasins de shawarma et aux salles de grillades, mais aussi aux camions-restaurants et autres \u00e9tablissements de restauration. La temp\u00e9rature des br\u00fbleurs peut \u00eatre r\u00e9gl\u00e9e s\u00e9par\u00e9ment, ce qui vous permet de choisir si la viande doit \u00eatre l\u00e9g\u00e8rement grill\u00e9e sur le dessus ou de l&#8217;autre c\u00f4t\u00e9. Pour une pr\u00e9paration parfaite, la broche du gril est r\u00e9glable et peut \u00eatre tourn\u00e9e \u00e0 gauche et \u00e0 droite.<\/p>\n<h3>Bac de r\u00e9cup\u00e9ration en acier inoxydable avec filtre<\/h3>\n<p>Ce gril est \u00e9quip\u00e9 d&#8217;un bac de r\u00e9cup\u00e9ration amovible en acier inoxydable avec filtre pour recueillir les graisses. Le moteur du gril est situ\u00e9 en haut de l&#8217;appareil. Le gril n&#8217;est pas livr\u00e9 avec des grilles de r\u00e9flexion en acier inoxydable, mais celles-ci peuvent \u00eatre command\u00e9es s\u00e9par\u00e9ment. Comme ce gril \u00e0 d\u00f6ner kebab fonctionne au gaz, vous recevrez des buses standard pour le gaz naturel (20 &#8211; 25 mbar). Les buses pour le GPL (propane\/butane) sont livr\u00e9es s\u00e9par\u00e9ment (30 &#8211; 50 mbar) dans un sac en plastique avec le manuel d&#8217;instructions. Il est conseill\u00e9 de faire appel \u00e0 un professionnel pour la conversion du gaz naturel au GPL. Vous pouvez \u00e9galement commander un couteau sp\u00e9cial kebab avec lequel vous pouvez couper la viande grill\u00e9e en tranches.<\/p>\n<h3>Facile \u00e0 nettoyer<\/h3>\n<p>Comme ce gril professionnel entre en contact avec les aliments, il est important de le nettoyer correctement. Les surfaces en acier inoxydable du bo\u00eetier, de la broche et de la plaque \u00e0 viande sont faciles \u00e0 nettoyer. Le plus simple est d&#8217;utiliser un chiffon humide, de l&#8217;eau chaude et un peu de d\u00e9tergent. Les pi\u00e8ces d\u00e9tach\u00e9es peuvent \u00eatre nettoy\u00e9es au lave-vaisselle. Avant de commencer le nettoyage, assurez-vous que l&#8217;appareil a refroidi et que la fiche a \u00e9t\u00e9 retir\u00e9e de la prise murale. Apr\u00e8s le nettoyage, s\u00e9chez toutes les pi\u00e8ces et remontez le gril pour la prochaine utilisation.<\/p>\n<p><strong>Caract\u00e9ristiques<\/strong><\/p>\n<ul>\n<li>Quatre br\u00fbleurs \u00e0 gaz avec grille de protection en acier inoxydable (AISI 310)<\/li>\n<li>La temp\u00e9rature peut \u00eatre r\u00e9gl\u00e9e individuellement pour chaque br\u00fbleur<\/li>\n<li>\u00c9quip\u00e9 d&#8217;un bac de r\u00e9cup\u00e9ration en acier inoxydable<\/li>\n<li>La broche peut tourner \u00e0 gauche et \u00e0 droite<\/li>\n<li>Le bo\u00eetier, la broche et la plaque \u00e0 viande sont tous en acier inoxydable<\/li>\n<li>La broche du gril est r\u00e9glable pour une pr\u00e9paration parfaite<\/li>\n<\/ul>\n<p><strong>Caract\u00e9ristiques du produit<\/strong><\/p>\n<ul>\n<li>Capacit\u00e9 maximale : 50 kg de viande<\/li>\n<li>Dimensions de la broche : 1,2 x 1,2cm<\/li>\n<li>Longueur de la broche : 77cm<\/li>\n<li>Vitesse de rotation de la broche : 1 rotation par minute<\/li>\n<li>Diam\u00e8tre de l&#8217;assiette \u00e0 viande : 19cm<\/li>\n<li>Consommation de gaz : 1.048 m3\/h<\/li>\n<li>Poids net : 28,6kg<\/li>\n<li>Dimensions : L54,5 x P64 x H114cm L54,5 x D64 x H114cm<\/li>\n<li>Puissance : 13,28 kW<\/li>\n<li>230V\/50Hz\/1Phase<\/li>\n<\/ul>\n<p><em>Inclus<\/em><\/p>\n<ul>\n<li><em>Buses pour gaz naturel (20 &#8211; 25 mbar)<\/em><\/li>\n<\/ul>","protected":false},"excerpt":{"rendered":"<p>Avec ses quatre br\u00fbleurs \u00e0 gaz, ce gril \u00e0 kebab professionnel peut facilement griller 50 kg de viande. Vous pouvez utiliser le gril \u00e0 shawarma pour griller des gyros, des shawarma et des kebab. La temp\u00e9rature des br\u00fbleurs peut \u00eatre r\u00e9gl\u00e9e individuellement et la broche du gril est r\u00e9glable et peut tourner dans les deux sens.<\/p>","protected":false},"featured_media":6994,"template":"","meta":{"_acf_changed":false},"product_brand":[],"product_cat":[470],"product_tag":[],"class_list":{"0":"post-14122","1":"product","2":"type-product","3":"status-publish","4":"has-post-thumbnail","6":"product_cat-grills-planchas-2","8":"first","9":"instock","10":"sale","11":"taxable","12":"shipping-taxable","13":"purchasable","14":"product-type-simple"},"acf":[],"yoast_head":"<!-- This site is optimized with the Yoast SEO plugin v27.5 - https:\/\/yoast.com\/product\/yoast-seo-wordpress\/ -->\n<title>Kebab grill - 4 br\u00fbleurs - 50 kg de viande - gaz - Gastora<\/title>\n<meta name=\"description\" content=\"Achetez Kebab grill - 4 br\u00fbleurs - 50 kg de viande - gaz au meilleur prix, fiable et performant avec une livraison rapide\" \/>\n<meta name=\"robots\" content=\"index, follow, max-snippet:-1, max-image-preview:large, max-video-preview:-1\" \/>\n<link rel=\"canonical\" href=\"https:\/\/gastora.eu\/en\/product\/kebab-grill-4-brleurs-50-kg-de-viande-gaz\/\" \/>\n<meta property=\"og:locale\" content=\"en_US\" \/>\n<meta property=\"og:type\" content=\"article\" \/>\n<meta property=\"og:title\" content=\"Kebab grill - 4 br\u00fbleurs - 50 kg de viande - gaz - Gastora\" \/>\n<meta property=\"og:description\" content=\"Achetez Kebab grill - 4 br\u00fbleurs - 50 kg de viande - gaz au meilleur prix, fiable et performant avec une livraison rapide\" \/>\n<meta property=\"og:url\" content=\"https:\/\/gastora.eu\/en\/product\/kebab-grill-4-brleurs-50-kg-de-viande-gaz\/\" \/>\n<meta property=\"og:site_name\" content=\"Gastora\" \/>\n<meta property=\"article:modified_time\" content=\"2026-04-28T16:55:56+00:00\" \/>\n<meta name=\"twitter:card\" content=\"summary_large_image\" \/>\n<meta name=\"twitter:label1\" content=\"Est. reading time\" \/>\n\t<meta name=\"twitter:data1\" content=\"2 minutes\" \/>\n<script type=\"application\/ld+json\" class=\"yoast-schema-graph\">{\"@context\":\"https:\\\/\\\/schema.org\",\"@graph\":[{\"@type\":\"WebPage\",\"@id\":\"https:\\\/\\\/gastora.eu\\\/product\\\/kebab-grill-4-brleurs-50-kg-de-viande-gaz\\\/\",\"url\":\"https:\\\/\\\/gastora.eu\\\/product\\\/kebab-grill-4-brleurs-50-kg-de-viande-gaz\\\/\",\"name\":\"Kebab grill - 4 br\u00fbleurs - 50 kg de viande - gaz - Gastora\",\"isPartOf\":{\"@id\":\"https:\\\/\\\/gastora.eu\\\/#website\"},\"primaryImageOfPage\":{\"@id\":\"https:\\\/\\\/gastora.eu\\\/product\\\/kebab-grill-4-brleurs-50-kg-de-viande-gaz\\\/#primaryimage\"},\"image\":{\"@id\":\"https:\\\/\\\/gastora.eu\\\/product\\\/kebab-grill-4-brleurs-50-kg-de-viande-gaz\\\/#primaryimage\"},\"thumbnailUrl\":\"https:\\\/\\\/gastora.eu\\\/wp-content\\\/uploads\\\/2026\\\/04\\\/sp-005-61656eb5e922b.jpg\",\"datePublished\":\"2026-04-25T17:43:45+00:00\",\"dateModified\":\"2026-04-28T16:55:56+00:00\",\"description\":\"Achetez Kebab grill - 4 br\u00fbleurs - 50 kg de viande - gaz au meilleur prix, fiable et performant avec une livraison rapide\",\"breadcrumb\":{\"@id\":\"https:\\\/\\\/gastora.eu\\\/product\\\/kebab-grill-4-brleurs-50-kg-de-viande-gaz\\\/#breadcrumb\"},\"inLanguage\":\"en-US\",\"potentialAction\":[{\"@type\":\"ReadAction\",\"target\":[\"https:\\\/\\\/gastora.eu\\\/product\\\/kebab-grill-4-brleurs-50-kg-de-viande-gaz\\\/\"]}]},{\"@type\":\"ImageObject\",\"inLanguage\":\"en-US\",\"@id\":\"https:\\\/\\\/gastora.eu\\\/product\\\/kebab-grill-4-brleurs-50-kg-de-viande-gaz\\\/#primaryimage\",\"url\":\"https:\\\/\\\/gastora.eu\\\/wp-content\\\/uploads\\\/2026\\\/04\\\/sp-005-61656eb5e922b.jpg\",\"contentUrl\":\"https:\\\/\\\/gastora.eu\\\/wp-content\\\/uploads\\\/2026\\\/04\\\/sp-005-61656eb5e922b.jpg\",\"width\":2048,\"height\":2048},{\"@type\":\"BreadcrumbList\",\"@id\":\"https:\\\/\\\/gastora.eu\\\/product\\\/kebab-grill-4-brleurs-50-kg-de-viande-gaz\\\/#breadcrumb\",\"itemListElement\":[{\"@type\":\"ListItem\",\"position\":1,\"name\":\"Home\",\"item\":\"https:\\\/\\\/gastora.eu\\\/\"},{\"@type\":\"ListItem\",\"position\":2,\"name\":\"Shop\",\"item\":\"https:\\\/\\\/gastora.eu\\\/shop\\\/\"},{\"@type\":\"ListItem\",\"position\":3,\"name\":\"Kebab grill &#8211; 4 br\u00fbleurs &#8211; 50 kg de viande &#8211; gaz\"}]},{\"@type\":\"WebSite\",\"@id\":\"https:\\\/\\\/gastora.eu\\\/#website\",\"url\":\"https:\\\/\\\/gastora.eu\\\/\",\"name\":\"Gastora\",\"description\":\"\u00c9quipements professionnels CHR\",\"publisher\":{\"@id\":\"https:\\\/\\\/gastora.eu\\\/#organization\"},\"potentialAction\":[{\"@type\":\"SearchAction\",\"target\":{\"@type\":\"EntryPoint\",\"urlTemplate\":\"https:\\\/\\\/gastora.eu\\\/?s={search_term_string}\"},\"query-input\":{\"@type\":\"PropertyValueSpecification\",\"valueRequired\":true,\"valueName\":\"search_term_string\"}}],\"inLanguage\":\"en-US\"},{\"@type\":\"Organization\",\"@id\":\"https:\\\/\\\/gastora.eu\\\/#organization\",\"name\":\"Gastora\",\"url\":\"https:\\\/\\\/gastora.eu\\\/\",\"logo\":{\"@type\":\"ImageObject\",\"inLanguage\":\"en-US\",\"@id\":\"https:\\\/\\\/gastora.eu\\\/#\\\/schema\\\/logo\\\/image\\\/\",\"url\":\"https:\\\/\\\/gastora.eu\\\/wp-content\\\/uploads\\\/2025\\\/12\\\/ChatGPT-Image-2-janv.-2026-22_52_47-1.png\",\"contentUrl\":\"https:\\\/\\\/gastora.eu\\\/wp-content\\\/uploads\\\/2025\\\/12\\\/ChatGPT-Image-2-janv.-2026-22_52_47-1.png\",\"width\":1536,\"height\":320,\"caption\":\"Gastora\"},\"image\":{\"@id\":\"https:\\\/\\\/gastora.eu\\\/#\\\/schema\\\/logo\\\/image\\\/\"}}]}<\/script>\n<!-- \/ Yoast SEO plugin. -->","yoast_head_json":{"title":"Kebab grill - 4 br\u00fbleurs - 50 kg de viande - gaz - Gastora","description":"Achetez Kebab grill - 4 br\u00fbleurs - 50 kg de viande - gaz au meilleur prix, fiable et performant avec une livraison rapide","robots":{"index":"index","follow":"follow","max-snippet":"max-snippet:-1","max-image-preview":"max-image-preview:large","max-video-preview":"max-video-preview:-1"},"canonical":"https:\/\/gastora.eu\/en\/product\/kebab-grill-4-brleurs-50-kg-de-viande-gaz\/","og_locale":"en_US","og_type":"article","og_title":"Kebab grill - 4 br\u00fbleurs - 50 kg de viande - gaz - Gastora","og_description":"Achetez Kebab grill - 4 br\u00fbleurs - 50 kg de viande - gaz au meilleur prix, fiable et performant avec une livraison rapide","og_url":"https:\/\/gastora.eu\/en\/product\/kebab-grill-4-brleurs-50-kg-de-viande-gaz\/","og_site_name":"Gastora","article_modified_time":"2026-04-28T16:55:56+00:00","twitter_card":"summary_large_image","twitter_misc":{"Est. reading time":"2 minutes"},"schema":{"@context":"https:\/\/schema.org","@graph":[{"@type":"WebPage","@id":"https:\/\/gastora.eu\/product\/kebab-grill-4-brleurs-50-kg-de-viande-gaz\/","url":"https:\/\/gastora.eu\/product\/kebab-grill-4-brleurs-50-kg-de-viande-gaz\/","name":"Kebab grill - 4 br\u00fbleurs - 50 kg de viande - gaz - Gastora","isPartOf":{"@id":"https:\/\/gastora.eu\/#website"},"primaryImageOfPage":{"@id":"https:\/\/gastora.eu\/product\/kebab-grill-4-brleurs-50-kg-de-viande-gaz\/#primaryimage"},"image":{"@id":"https:\/\/gastora.eu\/product\/kebab-grill-4-brleurs-50-kg-de-viande-gaz\/#primaryimage"},"thumbnailUrl":"https:\/\/gastora.eu\/wp-content\/uploads\/2026\/04\/sp-005-61656eb5e922b.jpg","datePublished":"2026-04-25T17:43:45+00:00","dateModified":"2026-04-28T16:55:56+00:00","description":"Achetez Kebab grill - 4 br\u00fbleurs - 50 kg de viande - gaz au meilleur prix, fiable et performant avec une livraison rapide","breadcrumb":{"@id":"https:\/\/gastora.eu\/product\/kebab-grill-4-brleurs-50-kg-de-viande-gaz\/#breadcrumb"},"inLanguage":"en-US","potentialAction":[{"@type":"ReadAction","target":["https:\/\/gastora.eu\/product\/kebab-grill-4-brleurs-50-kg-de-viande-gaz\/"]}]},{"@type":"ImageObject","inLanguage":"en-US","@id":"https:\/\/gastora.eu\/product\/kebab-grill-4-brleurs-50-kg-de-viande-gaz\/#primaryimage","url":"https:\/\/gastora.eu\/wp-content\/uploads\/2026\/04\/sp-005-61656eb5e922b.jpg","contentUrl":"https:\/\/gastora.eu\/wp-content\/uploads\/2026\/04\/sp-005-61656eb5e922b.jpg","width":2048,"height":2048},{"@type":"BreadcrumbList","@id":"https:\/\/gastora.eu\/product\/kebab-grill-4-brleurs-50-kg-de-viande-gaz\/#breadcrumb","itemListElement":[{"@type":"ListItem","position":1,"name":"Home","item":"https:\/\/gastora.eu\/"},{"@type":"ListItem","position":2,"name":"Shop","item":"https:\/\/gastora.eu\/shop\/"},{"@type":"ListItem","position":3,"name":"Kebab grill &#8211; 4 br\u00fbleurs &#8211; 50 kg de viande &#8211; gaz"}]},{"@type":"WebSite","@id":"https:\/\/gastora.eu\/#website","url":"https:\/\/gastora.eu\/","name":"Gastora","description":"\u00c9quipements professionnels CHR","publisher":{"@id":"https:\/\/gastora.eu\/#organization"},"potentialAction":[{"@type":"SearchAction","target":{"@type":"EntryPoint","urlTemplate":"https:\/\/gastora.eu\/?s={search_term_string}"},"query-input":{"@type":"PropertyValueSpecification","valueRequired":true,"valueName":"search_term_string"}}],"inLanguage":"en-US"},{"@type":"Organization","@id":"https:\/\/gastora.eu\/#organization","name":"Gastora","url":"https:\/\/gastora.eu\/","logo":{"@type":"ImageObject","inLanguage":"en-US","@id":"https:\/\/gastora.eu\/#\/schema\/logo\/image\/","url":"https:\/\/gastora.eu\/wp-content\/uploads\/2025\/12\/ChatGPT-Image-2-janv.-2026-22_52_47-1.png","contentUrl":"https:\/\/gastora.eu\/wp-content\/uploads\/2025\/12\/ChatGPT-Image-2-janv.-2026-22_52_47-1.png","width":1536,"height":320,"caption":"Gastora"},"image":{"@id":"https:\/\/gastora.eu\/#\/schema\/logo\/image\/"}}]}},"jetpack_sharing_enabled":true,"_links":{"self":[{"href":"https:\/\/gastora.eu\/en\/wp-json\/wp\/v2\/product\/14122","targetHints":{"allow":["GET"]}}],"collection":[{"href":"https:\/\/gastora.eu\/en\/wp-json\/wp\/v2\/product"}],"about":[{"href":"https:\/\/gastora.eu\/en\/wp-json\/wp\/v2\/types\/product"}],"wp:featuredmedia":[{"embeddable":true,"href":"https:\/\/gastora.eu\/en\/wp-json\/wp\/v2\/media\/6994"}],"wp:attachment":[{"href":"https:\/\/gastora.eu\/en\/wp-json\/wp\/v2\/media?parent=14122"}],"wp:term":[{"taxonomy":"product_brand","embeddable":true,"href":"https:\/\/gastora.eu\/en\/wp-json\/wp\/v2\/product_brand?post=14122"},{"taxonomy":"product_cat","embeddable":true,"href":"https:\/\/gastora.eu\/en\/wp-json\/wp\/v2\/product_cat?post=14122"},{"taxonomy":"product_tag","embeddable":true,"href":"https:\/\/gastora.eu\/en\/wp-json\/wp\/v2\/product_tag?post=14122"}],"curies":[{"name":"wp","href":"https:\/\/api.w.org\/{rel}","templated":true}]}}