{"id":14119,"date":"2026-04-25T17:43:42","date_gmt":"2026-04-25T17:43:42","guid":{"rendered":"https:\/\/gastora.eu\/?post_type=product&#038;p=14119"},"modified":"2026-04-26T08:33:29","modified_gmt":"2026-04-26T08:33:29","slug":"kebab-grill-3-brleurs-40-kg-de-viande-gaz","status":"publish","type":"product","link":"https:\/\/gastora.eu\/en\/product\/kebab-grill-3-brleurs-40-kg-de-viande-gaz\/","title":{"rendered":"Kebab grill &#8211; 3 br\u00fbleurs &#8211; 40 kg de viande &#8211; gaz"},"content":{"rendered":"<p>Un gril \u00e0 d\u00f6ner kebab de haute qualit\u00e9 est indispensable dans tout magasin de shawarma et toute salle de grillades. Ce gril \u00e0 shawarma est \u00e9quip\u00e9 de trois br\u00fbleurs \u00e0 gaz avec une grille de protection en acier inoxydable. Le grand avantage de cet appareil de cuisine est que la temp\u00e9rature peut \u00eatre r\u00e9gl\u00e9e pour chaque br\u00fbleur afin que la viande soit grill\u00e9e en haut, au milieu et en bas pour obtenir une belle couleur dor\u00e9e. Outre son utilisation dans les boutiques de shawarma et les salles de grillades, le gril \u00e0 shawarma est \u00e9galement parfait pour griller d&#8217;autres types de viande que le kebab, le gyros et le shawarma. Vous pouvez par exemple le placer dans votre food truck ou dans la cuisine de votre restaurant. La meilleure viande grill\u00e9e est obtenue en r\u00e9glant pr\u00e9cis\u00e9ment la broche du gril. De plus, la broche peut tourner \u00e0 gauche et \u00e0 droite.<\/p>\n<h3>Avec bac de r\u00e9cup\u00e9ration en acier inoxydable<\/h3>\n<p>Le moteur de ce gril est tr\u00e8s fiable et se trouve dans la partie inf\u00e9rieure. En outre, le gril \u00e0 kebab est \u00e9quip\u00e9 d&#8217;un bac de r\u00e9cup\u00e9ration en acier inoxydable facile \u00e0 retirer. Ce gril professionnel ne comporte pas d&#8217;\u00e9cran r\u00e9fl\u00e9chissant en acier inoxydable sur les c\u00f4t\u00e9s. Comme ce gril \u00e0 d\u00f6ner kebab fonctionne au gaz, vous recevrez des buses standard pour le gaz naturel (20 &#8211; 25 mbar). Les buses pour le GPL (propane\/butane) sont fournies s\u00e9par\u00e9ment (30 &#8211; 50 mbar) dans un sac en plastique avec le manuel d&#8217;instructions. Il est important de confier la conversion du gaz naturel au GPL \u00e0 un sp\u00e9cialiste. Pour compl\u00e9ter votre commande, un couteau sp\u00e9cial d\u00f6ner kebab pour couper la viande en fines tranches est disponible.<\/p>\n<h3>Lavable au lave-vaisselle<\/h3>\n<p>Le bo\u00eetier du gril, la broche et la plaque \u00e0 viande \u00e9tant en acier inoxydable, ces pi\u00e8ces sont faciles \u00e0 nettoyer. Laissez d&#8217;abord l&#8217;appareil refroidir compl\u00e8tement et d\u00e9branchez la fiche de la prise de courant. Vous pouvez nettoyer le gril \u00e0 l&#8217;aide d&#8217;un chiffon humide imbib\u00e9 d&#8217;eau chaude et d&#8217;un d\u00e9tergent doux. Les pi\u00e8ces d\u00e9tach\u00e9es peuvent \u00e9galement \u00eatre lav\u00e9es au lave-vaisselle. Apr\u00e8s le nettoyage, s\u00e9chez le tout avec un chiffon doux.<\/p>\n<p><strong>Caract\u00e9ristiques<\/strong><\/p>\n<ul>\n<li>\u00c9quip\u00e9 de 3 br\u00fbleurs \u00e0 gaz avec grille de protection en acier inoxydable (AISI 310)<\/li>\n<li>La temp\u00e9rature peut \u00eatre r\u00e9gl\u00e9e individuellement pour chaque br\u00fbleur<\/li>\n<li>\u00c9quip\u00e9 d&#8217;un bac de r\u00e9cup\u00e9ration en acier inoxydable<\/li>\n<li>Bo\u00eetier, brochettes et plaque \u00e0 viande en acier inoxydable<\/li>\n<li>Moteur fiable sur le fond<\/li>\n<li>La broche du gril est r\u00e9glable et peut tourner \u00e0 gauche et \u00e0 droite<\/li>\n<\/ul>\n<p><strong>Caract\u00e9ristiques du produit<\/strong><\/p>\n<ul>\n<li>Capacit\u00e9 maximale : 40 kg de viande<\/li>\n<li>Dimensions de la broche : 1,2 x 1,2cm<\/li>\n<li>Longueur de la broche : 57cm<\/li>\n<li>Vitesse de rotation de la broche : 1RPM<\/li>\n<li>Diam\u00e8tre de l&#8217;assiette \u00e0 viande : 19cm<\/li>\n<li>Consommation de gaz : 0.786 m3\/h<\/li>\n<li>Poids net : 34,2kg<\/li>\n<li>Dimensions : L54,7 x P68,6 x H92,7cm L54,7 x D68,6 x H92,7cm<\/li>\n<li>Puissance : 9,96 kW<\/li>\n<li>230V\/50Hz\/1Phase<\/li>\n<\/ul>","protected":false},"excerpt":{"rendered":"<p>Ce gril \u00e0 kebab est un gril de qualit\u00e9 sup\u00e9rieure dot\u00e9 de trois br\u00fbleurs \u00e0 gaz avec des r\u00e9glages de temp\u00e9rature distincts. Il constitue un outil de cuisine id\u00e9al pour pr\u00e9parer des gyros, des kebabs et des shawarma dans toute cuisine de restauration professionnelle. Le moteur est situ\u00e9 en bas et le bo\u00eetier en acier inoxydable facilite le nettoyage.<\/p>","protected":false},"featured_media":6988,"template":"","meta":{"_acf_changed":false},"product_brand":[],"product_cat":[470],"product_tag":[],"class_list":{"0":"post-14119","1":"product","2":"type-product","3":"status-publish","4":"has-post-thumbnail","6":"product_cat-grills-planchas-2","8":"first","9":"instock","10":"sale","11":"taxable","12":"shipping-taxable","13":"purchasable","14":"product-type-simple"},"acf":[],"yoast_head":"<!-- This site is optimized with the Yoast SEO plugin v27.4 - https:\/\/yoast.com\/product\/yoast-seo-wordpress\/ -->\n<title>Kebab grill - 3 br\u00fbleurs - 40 kg de viande - gaz - Gastora<\/title>\n<meta name=\"description\" content=\"Achetez Kebab grill - 3 br\u00fbleurs - 40 kg de viande - gaz au meilleur prix, fiable et performant avec une livraison rapide\" \/>\n<meta name=\"robots\" content=\"index, follow, max-snippet:-1, max-image-preview:large, max-video-preview:-1\" \/>\n<link rel=\"canonical\" href=\"https:\/\/gastora.eu\/en\/product\/kebab-grill-3-brleurs-40-kg-de-viande-gaz\/\" \/>\n<meta property=\"og:locale\" content=\"en_US\" \/>\n<meta property=\"og:type\" content=\"article\" \/>\n<meta property=\"og:title\" content=\"Kebab grill - 3 br\u00fbleurs - 40 kg de viande - gaz - Gastora\" \/>\n<meta property=\"og:description\" content=\"Achetez Kebab grill - 3 br\u00fbleurs - 40 kg de viande - gaz au meilleur prix, fiable et performant avec une livraison rapide\" \/>\n<meta property=\"og:url\" content=\"https:\/\/gastora.eu\/en\/product\/kebab-grill-3-brleurs-40-kg-de-viande-gaz\/\" \/>\n<meta property=\"og:site_name\" content=\"Gastora\" \/>\n<meta property=\"article:modified_time\" content=\"2026-04-26T08:33:29+00:00\" \/>\n<meta name=\"twitter:card\" content=\"summary_large_image\" \/>\n<meta name=\"twitter:label1\" content=\"Est. reading time\" \/>\n\t<meta name=\"twitter:data1\" content=\"3 minutes\" \/>\n<script type=\"application\/ld+json\" class=\"yoast-schema-graph\">{\"@context\":\"https:\\\/\\\/schema.org\",\"@graph\":[{\"@type\":\"WebPage\",\"@id\":\"https:\\\/\\\/gastora.eu\\\/product\\\/kebab-grill-3-brleurs-40-kg-de-viande-gaz\\\/\",\"url\":\"https:\\\/\\\/gastora.eu\\\/product\\\/kebab-grill-3-brleurs-40-kg-de-viande-gaz\\\/\",\"name\":\"Kebab grill - 3 br\u00fbleurs - 40 kg de viande - gaz - Gastora\",\"isPartOf\":{\"@id\":\"https:\\\/\\\/gastora.eu\\\/#website\"},\"primaryImageOfPage\":{\"@id\":\"https:\\\/\\\/gastora.eu\\\/product\\\/kebab-grill-3-brleurs-40-kg-de-viande-gaz\\\/#primaryimage\"},\"image\":{\"@id\":\"https:\\\/\\\/gastora.eu\\\/product\\\/kebab-grill-3-brleurs-40-kg-de-viande-gaz\\\/#primaryimage\"},\"thumbnailUrl\":\"https:\\\/\\\/gastora.eu\\\/wp-content\\\/uploads\\\/2026\\\/04\\\/sp-005-61656eb59950e.jpg\",\"datePublished\":\"2026-04-25T17:43:42+00:00\",\"dateModified\":\"2026-04-26T08:33:29+00:00\",\"description\":\"Achetez Kebab grill - 3 br\u00fbleurs - 40 kg de viande - gaz au meilleur prix, fiable et performant avec une livraison rapide\",\"breadcrumb\":{\"@id\":\"https:\\\/\\\/gastora.eu\\\/product\\\/kebab-grill-3-brleurs-40-kg-de-viande-gaz\\\/#breadcrumb\"},\"inLanguage\":\"en-US\",\"potentialAction\":[{\"@type\":\"ReadAction\",\"target\":[\"https:\\\/\\\/gastora.eu\\\/product\\\/kebab-grill-3-brleurs-40-kg-de-viande-gaz\\\/\"]}]},{\"@type\":\"ImageObject\",\"inLanguage\":\"en-US\",\"@id\":\"https:\\\/\\\/gastora.eu\\\/product\\\/kebab-grill-3-brleurs-40-kg-de-viande-gaz\\\/#primaryimage\",\"url\":\"https:\\\/\\\/gastora.eu\\\/wp-content\\\/uploads\\\/2026\\\/04\\\/sp-005-61656eb59950e.jpg\",\"contentUrl\":\"https:\\\/\\\/gastora.eu\\\/wp-content\\\/uploads\\\/2026\\\/04\\\/sp-005-61656eb59950e.jpg\",\"width\":2048,\"height\":2048},{\"@type\":\"BreadcrumbList\",\"@id\":\"https:\\\/\\\/gastora.eu\\\/product\\\/kebab-grill-3-brleurs-40-kg-de-viande-gaz\\\/#breadcrumb\",\"itemListElement\":[{\"@type\":\"ListItem\",\"position\":1,\"name\":\"Home\",\"item\":\"https:\\\/\\\/gastora.eu\\\/\"},{\"@type\":\"ListItem\",\"position\":2,\"name\":\"Shop\",\"item\":\"https:\\\/\\\/gastora.eu\\\/shop\\\/\"},{\"@type\":\"ListItem\",\"position\":3,\"name\":\"Kebab grill &#8211; 3 br\u00fbleurs &#8211; 40 kg de viande &#8211; gaz\"}]},{\"@type\":\"WebSite\",\"@id\":\"https:\\\/\\\/gastora.eu\\\/#website\",\"url\":\"https:\\\/\\\/gastora.eu\\\/\",\"name\":\"Gastora\",\"description\":\"\u00c9quipements professionnels CHR\",\"publisher\":{\"@id\":\"https:\\\/\\\/gastora.eu\\\/#organization\"},\"potentialAction\":[{\"@type\":\"SearchAction\",\"target\":{\"@type\":\"EntryPoint\",\"urlTemplate\":\"https:\\\/\\\/gastora.eu\\\/?s={search_term_string}\"},\"query-input\":{\"@type\":\"PropertyValueSpecification\",\"valueRequired\":true,\"valueName\":\"search_term_string\"}}],\"inLanguage\":\"en-US\"},{\"@type\":\"Organization\",\"@id\":\"https:\\\/\\\/gastora.eu\\\/#organization\",\"name\":\"Gastora\",\"url\":\"https:\\\/\\\/gastora.eu\\\/\",\"logo\":{\"@type\":\"ImageObject\",\"inLanguage\":\"en-US\",\"@id\":\"https:\\\/\\\/gastora.eu\\\/#\\\/schema\\\/logo\\\/image\\\/\",\"url\":\"https:\\\/\\\/gastora.eu\\\/wp-content\\\/uploads\\\/2025\\\/12\\\/ChatGPT-Image-2-janv.-2026-22_52_47-1.png\",\"contentUrl\":\"https:\\\/\\\/gastora.eu\\\/wp-content\\\/uploads\\\/2025\\\/12\\\/ChatGPT-Image-2-janv.-2026-22_52_47-1.png\",\"width\":1536,\"height\":320,\"caption\":\"Gastora\"},\"image\":{\"@id\":\"https:\\\/\\\/gastora.eu\\\/#\\\/schema\\\/logo\\\/image\\\/\"}}]}<\/script>\n<!-- \/ Yoast SEO plugin. -->","yoast_head_json":{"title":"Kebab grill - 3 br\u00fbleurs - 40 kg de viande - gaz - Gastora","description":"Achetez Kebab grill - 3 br\u00fbleurs - 40 kg de viande - gaz au meilleur prix, fiable et performant avec une livraison rapide","robots":{"index":"index","follow":"follow","max-snippet":"max-snippet:-1","max-image-preview":"max-image-preview:large","max-video-preview":"max-video-preview:-1"},"canonical":"https:\/\/gastora.eu\/en\/product\/kebab-grill-3-brleurs-40-kg-de-viande-gaz\/","og_locale":"en_US","og_type":"article","og_title":"Kebab grill - 3 br\u00fbleurs - 40 kg de viande - gaz - Gastora","og_description":"Achetez Kebab grill - 3 br\u00fbleurs - 40 kg de viande - gaz au meilleur prix, fiable et performant avec une livraison rapide","og_url":"https:\/\/gastora.eu\/en\/product\/kebab-grill-3-brleurs-40-kg-de-viande-gaz\/","og_site_name":"Gastora","article_modified_time":"2026-04-26T08:33:29+00:00","twitter_card":"summary_large_image","twitter_misc":{"Est. reading time":"3 minutes"},"schema":{"@context":"https:\/\/schema.org","@graph":[{"@type":"WebPage","@id":"https:\/\/gastora.eu\/product\/kebab-grill-3-brleurs-40-kg-de-viande-gaz\/","url":"https:\/\/gastora.eu\/product\/kebab-grill-3-brleurs-40-kg-de-viande-gaz\/","name":"Kebab grill - 3 br\u00fbleurs - 40 kg de viande - gaz - Gastora","isPartOf":{"@id":"https:\/\/gastora.eu\/#website"},"primaryImageOfPage":{"@id":"https:\/\/gastora.eu\/product\/kebab-grill-3-brleurs-40-kg-de-viande-gaz\/#primaryimage"},"image":{"@id":"https:\/\/gastora.eu\/product\/kebab-grill-3-brleurs-40-kg-de-viande-gaz\/#primaryimage"},"thumbnailUrl":"https:\/\/gastora.eu\/wp-content\/uploads\/2026\/04\/sp-005-61656eb59950e.jpg","datePublished":"2026-04-25T17:43:42+00:00","dateModified":"2026-04-26T08:33:29+00:00","description":"Achetez Kebab grill - 3 br\u00fbleurs - 40 kg de viande - gaz au meilleur prix, fiable et performant avec une livraison rapide","breadcrumb":{"@id":"https:\/\/gastora.eu\/product\/kebab-grill-3-brleurs-40-kg-de-viande-gaz\/#breadcrumb"},"inLanguage":"en-US","potentialAction":[{"@type":"ReadAction","target":["https:\/\/gastora.eu\/product\/kebab-grill-3-brleurs-40-kg-de-viande-gaz\/"]}]},{"@type":"ImageObject","inLanguage":"en-US","@id":"https:\/\/gastora.eu\/product\/kebab-grill-3-brleurs-40-kg-de-viande-gaz\/#primaryimage","url":"https:\/\/gastora.eu\/wp-content\/uploads\/2026\/04\/sp-005-61656eb59950e.jpg","contentUrl":"https:\/\/gastora.eu\/wp-content\/uploads\/2026\/04\/sp-005-61656eb59950e.jpg","width":2048,"height":2048},{"@type":"BreadcrumbList","@id":"https:\/\/gastora.eu\/product\/kebab-grill-3-brleurs-40-kg-de-viande-gaz\/#breadcrumb","itemListElement":[{"@type":"ListItem","position":1,"name":"Home","item":"https:\/\/gastora.eu\/"},{"@type":"ListItem","position":2,"name":"Shop","item":"https:\/\/gastora.eu\/shop\/"},{"@type":"ListItem","position":3,"name":"Kebab grill &#8211; 3 br\u00fbleurs &#8211; 40 kg de viande &#8211; gaz"}]},{"@type":"WebSite","@id":"https:\/\/gastora.eu\/#website","url":"https:\/\/gastora.eu\/","name":"Gastora","description":"\u00c9quipements professionnels CHR","publisher":{"@id":"https:\/\/gastora.eu\/#organization"},"potentialAction":[{"@type":"SearchAction","target":{"@type":"EntryPoint","urlTemplate":"https:\/\/gastora.eu\/?s={search_term_string}"},"query-input":{"@type":"PropertyValueSpecification","valueRequired":true,"valueName":"search_term_string"}}],"inLanguage":"en-US"},{"@type":"Organization","@id":"https:\/\/gastora.eu\/#organization","name":"Gastora","url":"https:\/\/gastora.eu\/","logo":{"@type":"ImageObject","inLanguage":"en-US","@id":"https:\/\/gastora.eu\/#\/schema\/logo\/image\/","url":"https:\/\/gastora.eu\/wp-content\/uploads\/2025\/12\/ChatGPT-Image-2-janv.-2026-22_52_47-1.png","contentUrl":"https:\/\/gastora.eu\/wp-content\/uploads\/2025\/12\/ChatGPT-Image-2-janv.-2026-22_52_47-1.png","width":1536,"height":320,"caption":"Gastora"},"image":{"@id":"https:\/\/gastora.eu\/#\/schema\/logo\/image\/"}}]}},"jetpack_sharing_enabled":true,"_links":{"self":[{"href":"https:\/\/gastora.eu\/en\/wp-json\/wp\/v2\/product\/14119","targetHints":{"allow":["GET"]}}],"collection":[{"href":"https:\/\/gastora.eu\/en\/wp-json\/wp\/v2\/product"}],"about":[{"href":"https:\/\/gastora.eu\/en\/wp-json\/wp\/v2\/types\/product"}],"wp:featuredmedia":[{"embeddable":true,"href":"https:\/\/gastora.eu\/en\/wp-json\/wp\/v2\/media\/6988"}],"wp:attachment":[{"href":"https:\/\/gastora.eu\/en\/wp-json\/wp\/v2\/media?parent=14119"}],"wp:term":[{"taxonomy":"product_brand","embeddable":true,"href":"https:\/\/gastora.eu\/en\/wp-json\/wp\/v2\/product_brand?post=14119"},{"taxonomy":"product_cat","embeddable":true,"href":"https:\/\/gastora.eu\/en\/wp-json\/wp\/v2\/product_cat?post=14119"},{"taxonomy":"product_tag","embeddable":true,"href":"https:\/\/gastora.eu\/en\/wp-json\/wp\/v2\/product_tag?post=14119"}],"curies":[{"name":"wp","href":"https:\/\/api.w.org\/{rel}","templated":true}]}}