{"id":14118,"date":"2026-04-25T17:43:41","date_gmt":"2026-04-25T17:43:41","guid":{"rendered":"https:\/\/gastora.eu\/?post_type=product&#038;p=14118"},"modified":"2026-04-26T08:33:28","modified_gmt":"2026-04-26T08:33:28","slug":"kebab-grill-2-brleurs-20-kg-de-viande-gaz","status":"publish","type":"product","link":"https:\/\/gastora.eu\/en\/product\/kebab-grill-2-brleurs-20-kg-de-viande-gaz\/","title":{"rendered":"Kebab grill &#8211; 2 br\u00fbleurs &#8211; 20 kg de viande &#8211; gaz"},"content":{"rendered":"<p>Vous vendez r\u00e9guli\u00e8rement des d\u00f6ner kebab, des shawarma ou des gyros dans le cadre de votre activit\u00e9 de restauration ? Dans ce cas, vous avez besoin d&#8217;un gril \u00e0 kebab professionnel. Ce gril avec deux br\u00fbleurs \u00e0 gaz et une grille de protection en acier inoxydable vous permet de griller environ 20 kg de viande \u00e0 la fois sur la broche. Ce gril convient \u00e0 un usage quotidien intensif et compl\u00e8te tout magasin de shawarma, restaurant de grillades, restaurant grec ou autre cuisine de restauration. Vous pouvez r\u00e9gler individuellement la temp\u00e9rature des deux br\u00fbleurs afin que la viande soit cuite uniform\u00e9ment sur toute la broche. La broche tourne une fois par minute pour que chaque c\u00f4t\u00e9 de la viande soit grill\u00e9 \u00e0 la perfection.<\/p>\n<h3>Bac de r\u00e9cup\u00e9ration amovible en acier inoxydable<\/h3>\n<p>Ce gril robuste est \u00e9quip\u00e9 d&#8217;un bac de r\u00e9cup\u00e9ration en acier inoxydable qui recueille toutes les graisses. Le bac d&#8217;\u00e9gouttage peut \u00eatre facilement retir\u00e9 pour le nettoyage. Le moteur de ce gril \u00e0 shawarma est situ\u00e9 dans la partie inf\u00e9rieure. Un gril est souvent \u00e9quip\u00e9 de grilles de r\u00e9flexion en acier inoxydable sur les c\u00f4t\u00e9s. Ceux-ci ne sont pas fournis en standard mais peuvent \u00eatre command\u00e9s s\u00e9par\u00e9ment. Comme ce gril \u00e0 d\u00f6ner kebab fonctionne au gaz, vous recevrez des buses standard pour le gaz naturel (20 &#8211; 25 mbar). Les buses pour le GPL (propane\/butane) sont fournies s\u00e9par\u00e9ment (30 &#8211; 50 mbar) dans un sac en plastique avec le manuel d&#8217;instructions. Faites toujours appel \u00e0 un sp\u00e9cialiste pour passer du gaz naturel au GPL. Les grillades les plus d\u00e9licieuses sont pr\u00e9par\u00e9es sur un gril \u00e0 kebab, mais vous devez \u00e9galement vous munir d&#8217;un couteau \u00e9lectrique pour grillades afin de d\u00e9couper la viande rapidement et sans \u00e0-coups sur la brochette. Ce couteau peut \u00eatre command\u00e9 s\u00e9par\u00e9ment.<\/p>\n<h3>Facile \u00e0 nettoyer<\/h3>\n<p>Le gril \u00e0 brochettes est enti\u00e8rement fabriqu\u00e9 en acier inoxydable et se nettoie facilement. Il est conseill\u00e9 de le nettoyer apr\u00e8s chaque utilisation. Pour ce faire, laissez refroidir l&#8217;appareil et d\u00e9branchez-le. Retirez la broche, la plaque \u00e0 viande et les autres pi\u00e8ces amovibles du gril. Vous pouvez les mettre au lave-vaisselle ou les nettoyer \u00e0 l&#8217;aide d&#8217;un chiffon humide, d&#8217;eau chaude et d&#8217;un d\u00e9tergent doux. Le bo\u00eetier peut \u00e9galement \u00eatre nettoy\u00e9 \u00e0 l&#8217;aide d&#8217;un chiffon humide. Apr\u00e8s le nettoyage, s\u00e9chez toutes les pi\u00e8ces avec un chiffon doux et remontez le gril.<\/p>\n<p><strong>Caract\u00e9ristiques<\/strong><\/p>\n<ul>\n<li>\u00c9quip\u00e9 de deux br\u00fbleurs \u00e0 gaz avec grille de protection en acier inoxydable (AISI 310)<\/li>\n<li>La temp\u00e9rature peut \u00eatre r\u00e9gl\u00e9e individuellement pour chaque br\u00fbleur<\/li>\n<li>Bo\u00eetier, brochettes et plaque \u00e0 viande en acier inoxydable<\/li>\n<li>Moteur fiable sur le fond<\/li>\n<li>La broche du gril est r\u00e9glable et peut tourner \u00e0 gauche et \u00e0 droite<\/li>\n<li>\u00c9quip\u00e9 de s\u00e9rie de buses pour le gaz naturel (20 &#8211; 25 mbar)<\/li>\n<\/ul>\n<p><strong>Caract\u00e9ristiques du produit<\/strong><\/p>\n<ul>\n<li>Poids net : 25 kg<\/li>\n<li>Dimensions : L40,6 x P55,5 L40,6 x P55,5 x H80,3cm<\/li>\n<li>Capacit\u00e9 maximale : 20 kg de viande<\/li>\n<li>Dimensions de la broche: : 12 x 12mm<\/li>\n<li>Longueur de la broche : 45cm<\/li>\n<li>Vitesse de rotation de la broche : 1RPM<\/li>\n<li>Diam\u00e8tre de la plaque \u00e0 viande : 19cm<\/li>\n<li>Consommation de gaz : 0.524 m3\/h<\/li>\n<li>Consommation de gaz : 6,64 kW<\/li>\n<li>230V\/50Hz\/1Phase<\/li>\n<\/ul>","protected":false},"excerpt":{"rendered":"<p>Ce gril \u00e0 kebab dispose de deux br\u00fbleurs \u00e0 gaz et est id\u00e9al pour griller des d\u00f6ner kebab, des shawarma ou des gyros. Le moteur du gril \u00e0 kebab est situ\u00e9 dans la partie inf\u00e9rieure. La broche du gril est r\u00e9glable et peut tourner dans les deux sens. Le bo\u00eetier en acier inoxydable et le bac de r\u00e9cup\u00e9ration des graisses facilitent le nettoyage.<\/p>","protected":false},"featured_media":6986,"template":"","meta":{"_acf_changed":false},"product_brand":[],"product_cat":[470],"product_tag":[],"class_list":{"0":"post-14118","1":"product","2":"type-product","3":"status-publish","4":"has-post-thumbnail","6":"product_cat-grills-planchas-2","8":"first","9":"instock","10":"sale","11":"taxable","12":"shipping-taxable","13":"purchasable","14":"product-type-simple"},"acf":[],"yoast_head":"<!-- This site is optimized with the Yoast SEO plugin v27.4 - https:\/\/yoast.com\/product\/yoast-seo-wordpress\/ -->\n<title>Kebab grill - 2 br\u00fbleurs - 20 kg de viande - gaz - Gastora<\/title>\n<meta name=\"description\" content=\"Achetez Kebab grill - 2 br\u00fbleurs - 20 kg de viande - gaz au meilleur prix, fiable et performant avec une livraison rapide\" \/>\n<meta name=\"robots\" content=\"index, follow, max-snippet:-1, max-image-preview:large, max-video-preview:-1\" \/>\n<link rel=\"canonical\" href=\"https:\/\/gastora.eu\/en\/product\/kebab-grill-2-brleurs-20-kg-de-viande-gaz\/\" \/>\n<meta property=\"og:locale\" content=\"en_US\" \/>\n<meta property=\"og:type\" content=\"article\" \/>\n<meta property=\"og:title\" content=\"Kebab grill - 2 br\u00fbleurs - 20 kg de viande - gaz - Gastora\" \/>\n<meta property=\"og:description\" content=\"Achetez Kebab grill - 2 br\u00fbleurs - 20 kg de viande - gaz au meilleur prix, fiable et performant avec une livraison rapide\" \/>\n<meta property=\"og:url\" content=\"https:\/\/gastora.eu\/en\/product\/kebab-grill-2-brleurs-20-kg-de-viande-gaz\/\" \/>\n<meta property=\"og:site_name\" content=\"Gastora\" \/>\n<meta property=\"article:modified_time\" content=\"2026-04-26T08:33:28+00:00\" \/>\n<meta name=\"twitter:card\" content=\"summary_large_image\" \/>\n<meta name=\"twitter:label1\" content=\"Est. reading time\" \/>\n\t<meta name=\"twitter:data1\" content=\"3 minutes\" \/>\n<script type=\"application\/ld+json\" class=\"yoast-schema-graph\">{\"@context\":\"https:\\\/\\\/schema.org\",\"@graph\":[{\"@type\":\"WebPage\",\"@id\":\"https:\\\/\\\/gastora.eu\\\/product\\\/kebab-grill-2-brleurs-20-kg-de-viande-gaz\\\/\",\"url\":\"https:\\\/\\\/gastora.eu\\\/product\\\/kebab-grill-2-brleurs-20-kg-de-viande-gaz\\\/\",\"name\":\"Kebab grill - 2 br\u00fbleurs - 20 kg de viande - gaz - Gastora\",\"isPartOf\":{\"@id\":\"https:\\\/\\\/gastora.eu\\\/#website\"},\"primaryImageOfPage\":{\"@id\":\"https:\\\/\\\/gastora.eu\\\/product\\\/kebab-grill-2-brleurs-20-kg-de-viande-gaz\\\/#primaryimage\"},\"image\":{\"@id\":\"https:\\\/\\\/gastora.eu\\\/product\\\/kebab-grill-2-brleurs-20-kg-de-viande-gaz\\\/#primaryimage\"},\"thumbnailUrl\":\"https:\\\/\\\/gastora.eu\\\/wp-content\\\/uploads\\\/2026\\\/04\\\/sp-005-61656eb475b81.jpg\",\"datePublished\":\"2026-04-25T17:43:41+00:00\",\"dateModified\":\"2026-04-26T08:33:28+00:00\",\"description\":\"Achetez Kebab grill - 2 br\u00fbleurs - 20 kg de viande - gaz au meilleur prix, fiable et performant avec une livraison rapide\",\"breadcrumb\":{\"@id\":\"https:\\\/\\\/gastora.eu\\\/product\\\/kebab-grill-2-brleurs-20-kg-de-viande-gaz\\\/#breadcrumb\"},\"inLanguage\":\"en-US\",\"potentialAction\":[{\"@type\":\"ReadAction\",\"target\":[\"https:\\\/\\\/gastora.eu\\\/product\\\/kebab-grill-2-brleurs-20-kg-de-viande-gaz\\\/\"]}]},{\"@type\":\"ImageObject\",\"inLanguage\":\"en-US\",\"@id\":\"https:\\\/\\\/gastora.eu\\\/product\\\/kebab-grill-2-brleurs-20-kg-de-viande-gaz\\\/#primaryimage\",\"url\":\"https:\\\/\\\/gastora.eu\\\/wp-content\\\/uploads\\\/2026\\\/04\\\/sp-005-61656eb475b81.jpg\",\"contentUrl\":\"https:\\\/\\\/gastora.eu\\\/wp-content\\\/uploads\\\/2026\\\/04\\\/sp-005-61656eb475b81.jpg\",\"width\":2048,\"height\":2048},{\"@type\":\"BreadcrumbList\",\"@id\":\"https:\\\/\\\/gastora.eu\\\/product\\\/kebab-grill-2-brleurs-20-kg-de-viande-gaz\\\/#breadcrumb\",\"itemListElement\":[{\"@type\":\"ListItem\",\"position\":1,\"name\":\"Home\",\"item\":\"https:\\\/\\\/gastora.eu\\\/\"},{\"@type\":\"ListItem\",\"position\":2,\"name\":\"Shop\",\"item\":\"https:\\\/\\\/gastora.eu\\\/shop\\\/\"},{\"@type\":\"ListItem\",\"position\":3,\"name\":\"Kebab grill &#8211; 2 br\u00fbleurs &#8211; 20 kg de viande &#8211; gaz\"}]},{\"@type\":\"WebSite\",\"@id\":\"https:\\\/\\\/gastora.eu\\\/#website\",\"url\":\"https:\\\/\\\/gastora.eu\\\/\",\"name\":\"Gastora\",\"description\":\"\u00c9quipements professionnels CHR\",\"publisher\":{\"@id\":\"https:\\\/\\\/gastora.eu\\\/#organization\"},\"potentialAction\":[{\"@type\":\"SearchAction\",\"target\":{\"@type\":\"EntryPoint\",\"urlTemplate\":\"https:\\\/\\\/gastora.eu\\\/?s={search_term_string}\"},\"query-input\":{\"@type\":\"PropertyValueSpecification\",\"valueRequired\":true,\"valueName\":\"search_term_string\"}}],\"inLanguage\":\"en-US\"},{\"@type\":\"Organization\",\"@id\":\"https:\\\/\\\/gastora.eu\\\/#organization\",\"name\":\"Gastora\",\"url\":\"https:\\\/\\\/gastora.eu\\\/\",\"logo\":{\"@type\":\"ImageObject\",\"inLanguage\":\"en-US\",\"@id\":\"https:\\\/\\\/gastora.eu\\\/#\\\/schema\\\/logo\\\/image\\\/\",\"url\":\"https:\\\/\\\/gastora.eu\\\/wp-content\\\/uploads\\\/2025\\\/12\\\/ChatGPT-Image-2-janv.-2026-22_52_47-1.png\",\"contentUrl\":\"https:\\\/\\\/gastora.eu\\\/wp-content\\\/uploads\\\/2025\\\/12\\\/ChatGPT-Image-2-janv.-2026-22_52_47-1.png\",\"width\":1536,\"height\":320,\"caption\":\"Gastora\"},\"image\":{\"@id\":\"https:\\\/\\\/gastora.eu\\\/#\\\/schema\\\/logo\\\/image\\\/\"}}]}<\/script>\n<!-- \/ Yoast SEO plugin. -->","yoast_head_json":{"title":"Kebab grill - 2 br\u00fbleurs - 20 kg de viande - gaz - Gastora","description":"Achetez Kebab grill - 2 br\u00fbleurs - 20 kg de viande - gaz au meilleur prix, fiable et performant avec une livraison rapide","robots":{"index":"index","follow":"follow","max-snippet":"max-snippet:-1","max-image-preview":"max-image-preview:large","max-video-preview":"max-video-preview:-1"},"canonical":"https:\/\/gastora.eu\/en\/product\/kebab-grill-2-brleurs-20-kg-de-viande-gaz\/","og_locale":"en_US","og_type":"article","og_title":"Kebab grill - 2 br\u00fbleurs - 20 kg de viande - gaz - Gastora","og_description":"Achetez Kebab grill - 2 br\u00fbleurs - 20 kg de viande - gaz au meilleur prix, fiable et performant avec une livraison rapide","og_url":"https:\/\/gastora.eu\/en\/product\/kebab-grill-2-brleurs-20-kg-de-viande-gaz\/","og_site_name":"Gastora","article_modified_time":"2026-04-26T08:33:28+00:00","twitter_card":"summary_large_image","twitter_misc":{"Est. reading time":"3 minutes"},"schema":{"@context":"https:\/\/schema.org","@graph":[{"@type":"WebPage","@id":"https:\/\/gastora.eu\/product\/kebab-grill-2-brleurs-20-kg-de-viande-gaz\/","url":"https:\/\/gastora.eu\/product\/kebab-grill-2-brleurs-20-kg-de-viande-gaz\/","name":"Kebab grill - 2 br\u00fbleurs - 20 kg de viande - gaz - Gastora","isPartOf":{"@id":"https:\/\/gastora.eu\/#website"},"primaryImageOfPage":{"@id":"https:\/\/gastora.eu\/product\/kebab-grill-2-brleurs-20-kg-de-viande-gaz\/#primaryimage"},"image":{"@id":"https:\/\/gastora.eu\/product\/kebab-grill-2-brleurs-20-kg-de-viande-gaz\/#primaryimage"},"thumbnailUrl":"https:\/\/gastora.eu\/wp-content\/uploads\/2026\/04\/sp-005-61656eb475b81.jpg","datePublished":"2026-04-25T17:43:41+00:00","dateModified":"2026-04-26T08:33:28+00:00","description":"Achetez Kebab grill - 2 br\u00fbleurs - 20 kg de viande - gaz au meilleur prix, fiable et performant avec une livraison rapide","breadcrumb":{"@id":"https:\/\/gastora.eu\/product\/kebab-grill-2-brleurs-20-kg-de-viande-gaz\/#breadcrumb"},"inLanguage":"en-US","potentialAction":[{"@type":"ReadAction","target":["https:\/\/gastora.eu\/product\/kebab-grill-2-brleurs-20-kg-de-viande-gaz\/"]}]},{"@type":"ImageObject","inLanguage":"en-US","@id":"https:\/\/gastora.eu\/product\/kebab-grill-2-brleurs-20-kg-de-viande-gaz\/#primaryimage","url":"https:\/\/gastora.eu\/wp-content\/uploads\/2026\/04\/sp-005-61656eb475b81.jpg","contentUrl":"https:\/\/gastora.eu\/wp-content\/uploads\/2026\/04\/sp-005-61656eb475b81.jpg","width":2048,"height":2048},{"@type":"BreadcrumbList","@id":"https:\/\/gastora.eu\/product\/kebab-grill-2-brleurs-20-kg-de-viande-gaz\/#breadcrumb","itemListElement":[{"@type":"ListItem","position":1,"name":"Home","item":"https:\/\/gastora.eu\/"},{"@type":"ListItem","position":2,"name":"Shop","item":"https:\/\/gastora.eu\/shop\/"},{"@type":"ListItem","position":3,"name":"Kebab grill &#8211; 2 br\u00fbleurs &#8211; 20 kg de viande &#8211; gaz"}]},{"@type":"WebSite","@id":"https:\/\/gastora.eu\/#website","url":"https:\/\/gastora.eu\/","name":"Gastora","description":"\u00c9quipements professionnels CHR","publisher":{"@id":"https:\/\/gastora.eu\/#organization"},"potentialAction":[{"@type":"SearchAction","target":{"@type":"EntryPoint","urlTemplate":"https:\/\/gastora.eu\/?s={search_term_string}"},"query-input":{"@type":"PropertyValueSpecification","valueRequired":true,"valueName":"search_term_string"}}],"inLanguage":"en-US"},{"@type":"Organization","@id":"https:\/\/gastora.eu\/#organization","name":"Gastora","url":"https:\/\/gastora.eu\/","logo":{"@type":"ImageObject","inLanguage":"en-US","@id":"https:\/\/gastora.eu\/#\/schema\/logo\/image\/","url":"https:\/\/gastora.eu\/wp-content\/uploads\/2025\/12\/ChatGPT-Image-2-janv.-2026-22_52_47-1.png","contentUrl":"https:\/\/gastora.eu\/wp-content\/uploads\/2025\/12\/ChatGPT-Image-2-janv.-2026-22_52_47-1.png","width":1536,"height":320,"caption":"Gastora"},"image":{"@id":"https:\/\/gastora.eu\/#\/schema\/logo\/image\/"}}]}},"jetpack_sharing_enabled":true,"_links":{"self":[{"href":"https:\/\/gastora.eu\/en\/wp-json\/wp\/v2\/product\/14118","targetHints":{"allow":["GET"]}}],"collection":[{"href":"https:\/\/gastora.eu\/en\/wp-json\/wp\/v2\/product"}],"about":[{"href":"https:\/\/gastora.eu\/en\/wp-json\/wp\/v2\/types\/product"}],"wp:featuredmedia":[{"embeddable":true,"href":"https:\/\/gastora.eu\/en\/wp-json\/wp\/v2\/media\/6986"}],"wp:attachment":[{"href":"https:\/\/gastora.eu\/en\/wp-json\/wp\/v2\/media?parent=14118"}],"wp:term":[{"taxonomy":"product_brand","embeddable":true,"href":"https:\/\/gastora.eu\/en\/wp-json\/wp\/v2\/product_brand?post=14118"},{"taxonomy":"product_cat","embeddable":true,"href":"https:\/\/gastora.eu\/en\/wp-json\/wp\/v2\/product_cat?post=14118"},{"taxonomy":"product_tag","embeddable":true,"href":"https:\/\/gastora.eu\/en\/wp-json\/wp\/v2\/product_tag?post=14118"}],"curies":[{"name":"wp","href":"https:\/\/api.w.org\/{rel}","templated":true}]}}