{"id":14117,"date":"2026-04-25T17:43:37","date_gmt":"2026-04-25T17:43:37","guid":{"rendered":"https:\/\/gastora.eu\/?post_type=product&#038;p=14117"},"modified":"2026-04-26T08:33:26","modified_gmt":"2026-04-26T08:33:26","slug":"kebab-grill-1-brleur-10-kg-de-viande-gaz","status":"publish","type":"product","link":"https:\/\/gastora.eu\/en\/product\/kebab-grill-1-brleur-10-kg-de-viande-gaz\/","title":{"rendered":"Kebab grill &#8211; 1 br\u00fbleur &#8211; 10 kg de viande &#8211; gaz"},"content":{"rendered":"<p>Ce mod\u00e8le compact de gril \u00e0 shawarma vous permet de servir rapidement les sandwichs shawarma, les kebabs et autres plats grill\u00e9s les plus savoureux. Ce gril \u00e0 kebab convient non seulement aux magasins de shawarma et aux salles de grillades, mais aussi pour griller de la viande dans les food trucks et autres \u00e9tablissements de restauration. Ce gril \u00e0 d\u00f6ner kebab professionnel est \u00e9quip\u00e9 d&#8217;un br\u00fbleur \u00e0 gaz avec grille de protection en acier inoxydable. Pour une pr\u00e9paration parfaite, la broche du gril est r\u00e9glable et peut \u00eatre tourn\u00e9e \u00e0 gauche et \u00e0 droite.<\/p>\n<h3>Comprend un plateau d&#8217;\u00e9gouttage en acier inoxydable<\/h3>\n<p>Ce gril \u00e0 kebab est livr\u00e9 avec un bac de r\u00e9cup\u00e9ration en acier inoxydable facile \u00e0 retirer. Vous pouvez facilement raccorder ce gril \u00e0 d\u00f6ner kebab professionnel au gaz. Comme ce gril \u00e0 d\u00f6ner kebab fonctionne au gaz, vous recevez avec l&#8217;appareil des buses standard pour le gaz naturel (20 &#8211; 25 mbar). Les buses pour le GPL (propane\/butane) sont fournies s\u00e9par\u00e9ment (30 &#8211; 50 mbar) dans un sac en plastique avec le manuel d&#8217;instructions. Il est important de confier la conversion du gaz naturel au GPL \u00e0 un sp\u00e9cialiste. Vous pouvez \u00e9galement commander le couteau sp\u00e9cial kebab, qui permet de couper rapidement et facilement la viande en fines tranches.<\/p>\n<h3>Pi\u00e8ces amovibles<\/h3>\n<p>Travailler de mani\u00e8re hygi\u00e9nique est essentiel lors de la pr\u00e9paration des aliments. C&#8217;est pourquoi ce d\u00f6ner kebab grill est facile \u00e0 nettoyer. Il suffit de le d\u00e9brancher et d&#8217;attendre qu&#8217;il refroidisse. Retirez ensuite toutes les pi\u00e8ces en contact avec la viande et faites-les tremper dans de l&#8217;eau chaude additionn\u00e9e d&#8217;un d\u00e9tergent doux. Essuyez le tout avec un chiffon doux. Le bo\u00eetier, la broche et la plaque \u00e0 viande sont en acier inoxydable et sont \u00e9galement faciles \u00e0 nettoyer.<\/p>\n<p><strong>Caract\u00e9ristiques<\/strong><\/p>\n<ul>\n<li>Le br\u00fbleur \u00e0 gaz est dot\u00e9 d&#8217;une grille de protection en acier inoxydable (AISI 310)<\/li>\n<li>\u00c9quip\u00e9 d&#8217;un bac de r\u00e9cup\u00e9ration en acier inoxydable<\/li>\n<li>Le bo\u00eetier, la broche et la plaque \u00e0 viande sont tous en acier inoxydable<\/li>\n<li>La broche du gril est r\u00e9glable pour une pr\u00e9paration parfaite<\/li>\n<li>La broche peut tourner \u00e0 gauche et \u00e0 droite<\/li>\n<\/ul>\n<p><strong>Caract\u00e9ristiques du produit<\/strong><\/p>\n<ul>\n<li>Capacit\u00e9 maximale : 10 kg de viande<\/li>\n<li>Dimensions de la broche : 1,2 x 1,2cm<\/li>\n<li>Longueur de la broche : 37cm<\/li>\n<li>Diam\u00e8tre de la plaque \u00e0 viande : 26cm<\/li>\n<li>Consommation de gaz : 0.262 m3\/h<\/li>\n<li>Poids net : 8,4kg<\/li>\n<li>Dimensions : L36,5 x P45,7 x H53cm L36,5 x P45,7 x H53cm<\/li>\n<li>Puissance : 3,32 kW<\/li>\n<\/ul>\n<p><em>Inclus<\/em><\/p>\n<ul>\n<li><em>Buses pour gaz naturel (20 &#8211; 25 mbar)<\/em><\/li>\n<\/ul>","protected":false},"excerpt":{"rendered":"<p>Ce petit mod\u00e8le de d\u00f6ner kebab grill dispose d&#8217;un br\u00fbleur \u00e0 gaz et convient pour pr\u00e9parer de d\u00e9licieux d\u00f6ners, gyros, kebabs ou shawarmas. Le gril \u00e0 kebab est \u00e9quip\u00e9 d&#8217;un bac de r\u00e9cup\u00e9ration de la graisse et la broche du gril est r\u00e9glable et peut tourner \u00e0 gauche ou \u00e0 droite. Parfait pour une utilisation quotidienne dans les boutiques de shawarma, les food trucks et les restaurants.<\/p>","protected":false},"featured_media":6984,"template":"","meta":{"_acf_changed":false},"product_brand":[],"product_cat":[470],"product_tag":[],"class_list":{"0":"post-14117","1":"product","2":"type-product","3":"status-publish","4":"has-post-thumbnail","6":"product_cat-grills-planchas-2","8":"first","9":"instock","10":"sale","11":"taxable","12":"shipping-taxable","13":"purchasable","14":"product-type-simple"},"acf":[],"yoast_head":"<!-- This site is optimized with the Yoast SEO plugin v27.4 - https:\/\/yoast.com\/product\/yoast-seo-wordpress\/ -->\n<title>Kebab grill - 1 br\u00fbleur - 10 kg de viande - gaz - Gastora<\/title>\n<meta name=\"description\" content=\"Achetez Kebab grill - 1 br\u00fbleur - 10 kg de viande - gaz au meilleur prix, fiable et performant avec une livraison rapide\" \/>\n<meta name=\"robots\" content=\"index, follow, max-snippet:-1, max-image-preview:large, max-video-preview:-1\" \/>\n<link rel=\"canonical\" href=\"https:\/\/gastora.eu\/en\/product\/kebab-grill-1-brleur-10-kg-de-viande-gaz\/\" \/>\n<meta property=\"og:locale\" content=\"en_US\" \/>\n<meta property=\"og:type\" content=\"article\" \/>\n<meta property=\"og:title\" content=\"Kebab grill - 1 br\u00fbleur - 10 kg de viande - gaz - Gastora\" \/>\n<meta property=\"og:description\" content=\"Achetez Kebab grill - 1 br\u00fbleur - 10 kg de viande - gaz au meilleur prix, fiable et performant avec une livraison rapide\" \/>\n<meta property=\"og:url\" content=\"https:\/\/gastora.eu\/en\/product\/kebab-grill-1-brleur-10-kg-de-viande-gaz\/\" \/>\n<meta property=\"og:site_name\" content=\"Gastora\" \/>\n<meta property=\"article:modified_time\" content=\"2026-04-26T08:33:26+00:00\" \/>\n<meta name=\"twitter:card\" content=\"summary_large_image\" \/>\n<meta name=\"twitter:label1\" content=\"Est. reading time\" \/>\n\t<meta name=\"twitter:data1\" content=\"2 minutes\" \/>\n<script type=\"application\/ld+json\" class=\"yoast-schema-graph\">{\"@context\":\"https:\\\/\\\/schema.org\",\"@graph\":[{\"@type\":\"WebPage\",\"@id\":\"https:\\\/\\\/gastora.eu\\\/product\\\/kebab-grill-1-brleur-10-kg-de-viande-gaz\\\/\",\"url\":\"https:\\\/\\\/gastora.eu\\\/product\\\/kebab-grill-1-brleur-10-kg-de-viande-gaz\\\/\",\"name\":\"Kebab grill - 1 br\u00fbleur - 10 kg de viande - gaz - Gastora\",\"isPartOf\":{\"@id\":\"https:\\\/\\\/gastora.eu\\\/#website\"},\"primaryImageOfPage\":{\"@id\":\"https:\\\/\\\/gastora.eu\\\/product\\\/kebab-grill-1-brleur-10-kg-de-viande-gaz\\\/#primaryimage\"},\"image\":{\"@id\":\"https:\\\/\\\/gastora.eu\\\/product\\\/kebab-grill-1-brleur-10-kg-de-viande-gaz\\\/#primaryimage\"},\"thumbnailUrl\":\"https:\\\/\\\/gastora.eu\\\/wp-content\\\/uploads\\\/2026\\\/04\\\/sp-070-61656eb567513.jpg\",\"datePublished\":\"2026-04-25T17:43:37+00:00\",\"dateModified\":\"2026-04-26T08:33:26+00:00\",\"description\":\"Achetez Kebab grill - 1 br\u00fbleur - 10 kg de viande - gaz au meilleur prix, fiable et performant avec une livraison rapide\",\"breadcrumb\":{\"@id\":\"https:\\\/\\\/gastora.eu\\\/product\\\/kebab-grill-1-brleur-10-kg-de-viande-gaz\\\/#breadcrumb\"},\"inLanguage\":\"en-US\",\"potentialAction\":[{\"@type\":\"ReadAction\",\"target\":[\"https:\\\/\\\/gastora.eu\\\/product\\\/kebab-grill-1-brleur-10-kg-de-viande-gaz\\\/\"]}]},{\"@type\":\"ImageObject\",\"inLanguage\":\"en-US\",\"@id\":\"https:\\\/\\\/gastora.eu\\\/product\\\/kebab-grill-1-brleur-10-kg-de-viande-gaz\\\/#primaryimage\",\"url\":\"https:\\\/\\\/gastora.eu\\\/wp-content\\\/uploads\\\/2026\\\/04\\\/sp-070-61656eb567513.jpg\",\"contentUrl\":\"https:\\\/\\\/gastora.eu\\\/wp-content\\\/uploads\\\/2026\\\/04\\\/sp-070-61656eb567513.jpg\",\"width\":2048,\"height\":2048},{\"@type\":\"BreadcrumbList\",\"@id\":\"https:\\\/\\\/gastora.eu\\\/product\\\/kebab-grill-1-brleur-10-kg-de-viande-gaz\\\/#breadcrumb\",\"itemListElement\":[{\"@type\":\"ListItem\",\"position\":1,\"name\":\"Home\",\"item\":\"https:\\\/\\\/gastora.eu\\\/\"},{\"@type\":\"ListItem\",\"position\":2,\"name\":\"Shop\",\"item\":\"https:\\\/\\\/gastora.eu\\\/shop\\\/\"},{\"@type\":\"ListItem\",\"position\":3,\"name\":\"Kebab grill &#8211; 1 br\u00fbleur &#8211; 10 kg de viande &#8211; gaz\"}]},{\"@type\":\"WebSite\",\"@id\":\"https:\\\/\\\/gastora.eu\\\/#website\",\"url\":\"https:\\\/\\\/gastora.eu\\\/\",\"name\":\"Gastora\",\"description\":\"\u00c9quipements professionnels CHR\",\"publisher\":{\"@id\":\"https:\\\/\\\/gastora.eu\\\/#organization\"},\"potentialAction\":[{\"@type\":\"SearchAction\",\"target\":{\"@type\":\"EntryPoint\",\"urlTemplate\":\"https:\\\/\\\/gastora.eu\\\/?s={search_term_string}\"},\"query-input\":{\"@type\":\"PropertyValueSpecification\",\"valueRequired\":true,\"valueName\":\"search_term_string\"}}],\"inLanguage\":\"en-US\"},{\"@type\":\"Organization\",\"@id\":\"https:\\\/\\\/gastora.eu\\\/#organization\",\"name\":\"Gastora\",\"url\":\"https:\\\/\\\/gastora.eu\\\/\",\"logo\":{\"@type\":\"ImageObject\",\"inLanguage\":\"en-US\",\"@id\":\"https:\\\/\\\/gastora.eu\\\/#\\\/schema\\\/logo\\\/image\\\/\",\"url\":\"https:\\\/\\\/gastora.eu\\\/wp-content\\\/uploads\\\/2025\\\/12\\\/ChatGPT-Image-2-janv.-2026-22_52_47-1.png\",\"contentUrl\":\"https:\\\/\\\/gastora.eu\\\/wp-content\\\/uploads\\\/2025\\\/12\\\/ChatGPT-Image-2-janv.-2026-22_52_47-1.png\",\"width\":1536,\"height\":320,\"caption\":\"Gastora\"},\"image\":{\"@id\":\"https:\\\/\\\/gastora.eu\\\/#\\\/schema\\\/logo\\\/image\\\/\"}}]}<\/script>\n<!-- \/ Yoast SEO plugin. -->","yoast_head_json":{"title":"Kebab grill - 1 br\u00fbleur - 10 kg de viande - gaz - Gastora","description":"Achetez Kebab grill - 1 br\u00fbleur - 10 kg de viande - gaz au meilleur prix, fiable et performant avec une livraison rapide","robots":{"index":"index","follow":"follow","max-snippet":"max-snippet:-1","max-image-preview":"max-image-preview:large","max-video-preview":"max-video-preview:-1"},"canonical":"https:\/\/gastora.eu\/en\/product\/kebab-grill-1-brleur-10-kg-de-viande-gaz\/","og_locale":"en_US","og_type":"article","og_title":"Kebab grill - 1 br\u00fbleur - 10 kg de viande - gaz - Gastora","og_description":"Achetez Kebab grill - 1 br\u00fbleur - 10 kg de viande - gaz au meilleur prix, fiable et performant avec une livraison rapide","og_url":"https:\/\/gastora.eu\/en\/product\/kebab-grill-1-brleur-10-kg-de-viande-gaz\/","og_site_name":"Gastora","article_modified_time":"2026-04-26T08:33:26+00:00","twitter_card":"summary_large_image","twitter_misc":{"Est. reading time":"2 minutes"},"schema":{"@context":"https:\/\/schema.org","@graph":[{"@type":"WebPage","@id":"https:\/\/gastora.eu\/product\/kebab-grill-1-brleur-10-kg-de-viande-gaz\/","url":"https:\/\/gastora.eu\/product\/kebab-grill-1-brleur-10-kg-de-viande-gaz\/","name":"Kebab grill - 1 br\u00fbleur - 10 kg de viande - gaz - Gastora","isPartOf":{"@id":"https:\/\/gastora.eu\/#website"},"primaryImageOfPage":{"@id":"https:\/\/gastora.eu\/product\/kebab-grill-1-brleur-10-kg-de-viande-gaz\/#primaryimage"},"image":{"@id":"https:\/\/gastora.eu\/product\/kebab-grill-1-brleur-10-kg-de-viande-gaz\/#primaryimage"},"thumbnailUrl":"https:\/\/gastora.eu\/wp-content\/uploads\/2026\/04\/sp-070-61656eb567513.jpg","datePublished":"2026-04-25T17:43:37+00:00","dateModified":"2026-04-26T08:33:26+00:00","description":"Achetez Kebab grill - 1 br\u00fbleur - 10 kg de viande - gaz au meilleur prix, fiable et performant avec une livraison rapide","breadcrumb":{"@id":"https:\/\/gastora.eu\/product\/kebab-grill-1-brleur-10-kg-de-viande-gaz\/#breadcrumb"},"inLanguage":"en-US","potentialAction":[{"@type":"ReadAction","target":["https:\/\/gastora.eu\/product\/kebab-grill-1-brleur-10-kg-de-viande-gaz\/"]}]},{"@type":"ImageObject","inLanguage":"en-US","@id":"https:\/\/gastora.eu\/product\/kebab-grill-1-brleur-10-kg-de-viande-gaz\/#primaryimage","url":"https:\/\/gastora.eu\/wp-content\/uploads\/2026\/04\/sp-070-61656eb567513.jpg","contentUrl":"https:\/\/gastora.eu\/wp-content\/uploads\/2026\/04\/sp-070-61656eb567513.jpg","width":2048,"height":2048},{"@type":"BreadcrumbList","@id":"https:\/\/gastora.eu\/product\/kebab-grill-1-brleur-10-kg-de-viande-gaz\/#breadcrumb","itemListElement":[{"@type":"ListItem","position":1,"name":"Home","item":"https:\/\/gastora.eu\/"},{"@type":"ListItem","position":2,"name":"Shop","item":"https:\/\/gastora.eu\/shop\/"},{"@type":"ListItem","position":3,"name":"Kebab grill &#8211; 1 br\u00fbleur &#8211; 10 kg de viande &#8211; gaz"}]},{"@type":"WebSite","@id":"https:\/\/gastora.eu\/#website","url":"https:\/\/gastora.eu\/","name":"Gastora","description":"\u00c9quipements professionnels CHR","publisher":{"@id":"https:\/\/gastora.eu\/#organization"},"potentialAction":[{"@type":"SearchAction","target":{"@type":"EntryPoint","urlTemplate":"https:\/\/gastora.eu\/?s={search_term_string}"},"query-input":{"@type":"PropertyValueSpecification","valueRequired":true,"valueName":"search_term_string"}}],"inLanguage":"en-US"},{"@type":"Organization","@id":"https:\/\/gastora.eu\/#organization","name":"Gastora","url":"https:\/\/gastora.eu\/","logo":{"@type":"ImageObject","inLanguage":"en-US","@id":"https:\/\/gastora.eu\/#\/schema\/logo\/image\/","url":"https:\/\/gastora.eu\/wp-content\/uploads\/2025\/12\/ChatGPT-Image-2-janv.-2026-22_52_47-1.png","contentUrl":"https:\/\/gastora.eu\/wp-content\/uploads\/2025\/12\/ChatGPT-Image-2-janv.-2026-22_52_47-1.png","width":1536,"height":320,"caption":"Gastora"},"image":{"@id":"https:\/\/gastora.eu\/#\/schema\/logo\/image\/"}}]}},"jetpack_sharing_enabled":true,"_links":{"self":[{"href":"https:\/\/gastora.eu\/en\/wp-json\/wp\/v2\/product\/14117","targetHints":{"allow":["GET"]}}],"collection":[{"href":"https:\/\/gastora.eu\/en\/wp-json\/wp\/v2\/product"}],"about":[{"href":"https:\/\/gastora.eu\/en\/wp-json\/wp\/v2\/types\/product"}],"wp:featuredmedia":[{"embeddable":true,"href":"https:\/\/gastora.eu\/en\/wp-json\/wp\/v2\/media\/6984"}],"wp:attachment":[{"href":"https:\/\/gastora.eu\/en\/wp-json\/wp\/v2\/media?parent=14117"}],"wp:term":[{"taxonomy":"product_brand","embeddable":true,"href":"https:\/\/gastora.eu\/en\/wp-json\/wp\/v2\/product_brand?post=14117"},{"taxonomy":"product_cat","embeddable":true,"href":"https:\/\/gastora.eu\/en\/wp-json\/wp\/v2\/product_cat?post=14117"},{"taxonomy":"product_tag","embeddable":true,"href":"https:\/\/gastora.eu\/en\/wp-json\/wp\/v2\/product_tag?post=14117"}],"curies":[{"name":"wp","href":"https:\/\/api.w.org\/{rel}","templated":true}]}}