{"id":14115,"date":"2026-04-25T17:43:35","date_gmt":"2026-04-25T17:43:35","guid":{"rendered":"https:\/\/gastora.eu\/?post_type=product&#038;p=14115"},"modified":"2026-04-26T08:33:25","modified_gmt":"2026-04-26T08:33:25","slug":"four-pizza-sadapte-1-x-pizza-40-cm","status":"publish","type":"product","link":"https:\/\/gastora.eu\/en\/product\/four-pizza-sadapte-1-x-pizza-40-cm\/","title":{"rendered":"Four \u00e0 pizza &#8211; s&#8217;adapte \u00e0 1 x pizza \u00d840 cm"},"content":{"rendered":"<p>Ce four \u00e0 pizza compact et robuste permet de cuire plusieurs petites pizzas en m\u00eame temps ou une grande pizza. Vous pouvez placer le four \u00e0 pizza sur une table ou un comptoir dans toute cuisine de restauration. Outre les pizzas, cet outil de cuisine polyvalent convient \u00e9galement \u00e0 la cuisson du pain et des tartes. La chambre int\u00e9rieure contient des plaques de pierre de 40 x 40 cm et dispose d&#8217;un \u00e9clairage int\u00e9rieur, ce qui est pratique pour v\u00e9rifier la progression de votre pizza, de votre pain ou de votre tarte. Comme ce four \u00e0 pizza est assez l\u00e9ger, vous pouvez facilement le d\u00e9placer.<\/p>\n<h3>Commande analogique pratique<\/h3>\n<p>Faites cuire des pizzas l\u00e9g\u00e8res et croustillantes \u00e0 des temp\u00e9ratures comprises entre 0 et 350\u00baC. La temp\u00e9rature est r\u00e9glable aussi bien dans la partie sup\u00e9rieure que dans la partie inf\u00e9rieure du four, de sorte que vous obtenez non seulement un fromage d\u00e9licieusement fondu, mais aussi des fonds croustillants. Gr\u00e2ce \u00e0 la vitre athermique, vous ne vous br\u00fblerez pas les mains en ouvrant la porte du four \u00e0 pizza. En outre, ce four \u00e0 pizza \u00e9lectrique est \u00e9quip\u00e9 d&#8217;une commande analogique pour la temp\u00e9rature et l&#8217;\u00e9clairage. La r\u00e9partition efficace de la chaleur garantit une cuisson uniforme de toutes les pizzas.<\/p>\n<h3>Facile \u00e0 nettoyer<\/h3>\n<p>Le bo\u00eetier de ce four \u00e0 pizza professionnel est en acier inoxydable et se nettoie facilement. La chambre int\u00e9rieure et les plaques de pierre peuvent \u00eatre nettoy\u00e9es avec un chiffon sec ou une \u00e9ponge l\u00e9g\u00e8rement humide. Il est important de ne pas utiliser trop d&#8217;eau lors du nettoyage afin que les gouttes d&#8217;eau ne p\u00e9n\u00e8trent pas dans les plaques de pierre. Avant de commencer \u00e0 nettoyer le four \u00e0 pizza, laissez-le d&#8217;abord refroidir. Ainsi, vous ne vous br\u00fblerez pas les mains et il n&#8217;y aura pas de fissures dans la pierre.<\/p>\n<p><strong>Caract\u00e9ristiques<\/strong><\/p>\n<ul>\n<li>Bo\u00eetier en acier inoxydable, chambre int\u00e9rieure en m\u00e9tal<\/li>\n<li>Contr\u00f4le analogique de la temp\u00e9rature et de l&#8217;\u00e9clairage<\/li>\n<li>Distribution efficace de la chaleur<\/li>\n<li>Thermostats multiples : 0\u00b0C \u00e0 350\u00b0C<\/li>\n<li>Les temp\u00e9ratures du haut et du bas de la chambre sont r\u00e9glables<\/li>\n<li>\u00c9quip\u00e9 d&#8217;une lampe de chambre<\/li>\n<\/ul>\n<p><strong>Caract\u00e9ristiques du produit<\/strong><\/p>\n<ul>\n<li>Poids net : 17 kg<\/li>\n<li>Dimensions : B58 x D58 x H27cm B58 x D58 x H27cm<\/li>\n<li>Dimensions de la chambre int\u00e9rieure : L41 x P41 x H11cm<\/li>\n<li>Chambre int\u00e9rieure avec une plaque de pierre de 40 x 40 cm<\/li>\n<li>Convient pour une seule pizza de 40 cm ou quatre pizzas de 20 cm<\/li>\n<li>230V\/50Hz\/1Phase 2000W<\/li>\n<\/ul>","protected":false},"excerpt":{"rendered":"<p>Ce four \u00e0 pizza robuste et compact est dot\u00e9 d&#8217;une plaque en pierre pouvant accueillir une seule pizza de 40 cm ou quatre pizzas de 20 cm. Les commandes analogiques permettent de r\u00e9gler la temp\u00e9rature du haut et du bas du four ainsi que la minuterie. Il est dot\u00e9 d&#8217;un \u00e9clairage interne qui vous permet de surveiller le processus de cuisson des pizzas.<\/p>","protected":false},"featured_media":6980,"template":"","meta":{"_acf_changed":false},"product_brand":[],"product_cat":[484],"product_tag":[],"class_list":{"0":"post-14115","1":"product","2":"type-product","3":"status-publish","4":"has-post-thumbnail","6":"product_cat-fours-convection-mixtes-pizza-2","8":"first","9":"instock","10":"sale","11":"taxable","12":"shipping-taxable","13":"purchasable","14":"product-type-simple"},"acf":[],"yoast_head":"<!-- This site is optimized with the Yoast SEO plugin v27.4 - https:\/\/yoast.com\/product\/yoast-seo-wordpress\/ -->\n<title>Four \u00e0 pizza - s&#039;adapte \u00e0 1 x pizza \u00d840 cm - Gastora<\/title>\n<meta name=\"description\" content=\"Achetez Four \u00e0 pizza - s&#039;adapte \u00e0 1 x pizza \u00d840 cm au meilleur prix, fiable et performant avec une livraison rapide\" \/>\n<meta name=\"robots\" content=\"index, follow, max-snippet:-1, max-image-preview:large, max-video-preview:-1\" \/>\n<link rel=\"canonical\" href=\"https:\/\/gastora.eu\/en\/product\/four-pizza-sadapte-1-x-pizza-40-cm\/\" \/>\n<meta property=\"og:locale\" content=\"en_US\" \/>\n<meta property=\"og:type\" content=\"article\" \/>\n<meta property=\"og:title\" content=\"Four \u00e0 pizza - s&#039;adapte \u00e0 1 x pizza \u00d840 cm - Gastora\" \/>\n<meta property=\"og:description\" content=\"Achetez Four \u00e0 pizza - s&#039;adapte \u00e0 1 x pizza \u00d840 cm au meilleur prix, fiable et performant avec une livraison rapide\" \/>\n<meta property=\"og:url\" content=\"https:\/\/gastora.eu\/en\/product\/four-pizza-sadapte-1-x-pizza-40-cm\/\" \/>\n<meta property=\"og:site_name\" content=\"Gastora\" \/>\n<meta property=\"article:modified_time\" content=\"2026-04-26T08:33:25+00:00\" \/>\n<meta name=\"twitter:card\" content=\"summary_large_image\" \/>\n<meta name=\"twitter:label1\" content=\"Est. reading time\" \/>\n\t<meta name=\"twitter:data1\" content=\"2 minutes\" \/>\n<script type=\"application\/ld+json\" class=\"yoast-schema-graph\">{\"@context\":\"https:\\\/\\\/schema.org\",\"@graph\":[{\"@type\":\"WebPage\",\"@id\":\"https:\\\/\\\/gastora.eu\\\/product\\\/four-pizza-sadapte-1-x-pizza-40-cm\\\/\",\"url\":\"https:\\\/\\\/gastora.eu\\\/product\\\/four-pizza-sadapte-1-x-pizza-40-cm\\\/\",\"name\":\"Four \u00e0 pizza - s'adapte \u00e0 1 x pizza \u00d840 cm - Gastora\",\"isPartOf\":{\"@id\":\"https:\\\/\\\/gastora.eu\\\/#website\"},\"primaryImageOfPage\":{\"@id\":\"https:\\\/\\\/gastora.eu\\\/product\\\/four-pizza-sadapte-1-x-pizza-40-cm\\\/#primaryimage\"},\"image\":{\"@id\":\"https:\\\/\\\/gastora.eu\\\/product\\\/four-pizza-sadapte-1-x-pizza-40-cm\\\/#primaryimage\"},\"thumbnailUrl\":\"https:\\\/\\\/gastora.eu\\\/wp-content\\\/uploads\\\/2026\\\/04\\\/1_pizza-oven1_2520c.jpg\",\"datePublished\":\"2026-04-25T17:43:35+00:00\",\"dateModified\":\"2026-04-26T08:33:25+00:00\",\"description\":\"Achetez Four \u00e0 pizza - s'adapte \u00e0 1 x pizza \u00d840 cm au meilleur prix, fiable et performant avec une livraison rapide\",\"breadcrumb\":{\"@id\":\"https:\\\/\\\/gastora.eu\\\/product\\\/four-pizza-sadapte-1-x-pizza-40-cm\\\/#breadcrumb\"},\"inLanguage\":\"en-US\",\"potentialAction\":[{\"@type\":\"ReadAction\",\"target\":[\"https:\\\/\\\/gastora.eu\\\/product\\\/four-pizza-sadapte-1-x-pizza-40-cm\\\/\"]}]},{\"@type\":\"ImageObject\",\"inLanguage\":\"en-US\",\"@id\":\"https:\\\/\\\/gastora.eu\\\/product\\\/four-pizza-sadapte-1-x-pizza-40-cm\\\/#primaryimage\",\"url\":\"https:\\\/\\\/gastora.eu\\\/wp-content\\\/uploads\\\/2026\\\/04\\\/1_pizza-oven1_2520c.jpg\",\"contentUrl\":\"https:\\\/\\\/gastora.eu\\\/wp-content\\\/uploads\\\/2026\\\/04\\\/1_pizza-oven1_2520c.jpg\",\"width\":1200,\"height\":1200},{\"@type\":\"BreadcrumbList\",\"@id\":\"https:\\\/\\\/gastora.eu\\\/product\\\/four-pizza-sadapte-1-x-pizza-40-cm\\\/#breadcrumb\",\"itemListElement\":[{\"@type\":\"ListItem\",\"position\":1,\"name\":\"Home\",\"item\":\"https:\\\/\\\/gastora.eu\\\/\"},{\"@type\":\"ListItem\",\"position\":2,\"name\":\"Shop\",\"item\":\"https:\\\/\\\/gastora.eu\\\/shop\\\/\"},{\"@type\":\"ListItem\",\"position\":3,\"name\":\"Four \u00e0 pizza &#8211; s&#8217;adapte \u00e0 1 x pizza \u00d840 cm\"}]},{\"@type\":\"WebSite\",\"@id\":\"https:\\\/\\\/gastora.eu\\\/#website\",\"url\":\"https:\\\/\\\/gastora.eu\\\/\",\"name\":\"Gastora\",\"description\":\"\u00c9quipements professionnels CHR\",\"publisher\":{\"@id\":\"https:\\\/\\\/gastora.eu\\\/#organization\"},\"potentialAction\":[{\"@type\":\"SearchAction\",\"target\":{\"@type\":\"EntryPoint\",\"urlTemplate\":\"https:\\\/\\\/gastora.eu\\\/?s={search_term_string}\"},\"query-input\":{\"@type\":\"PropertyValueSpecification\",\"valueRequired\":true,\"valueName\":\"search_term_string\"}}],\"inLanguage\":\"en-US\"},{\"@type\":\"Organization\",\"@id\":\"https:\\\/\\\/gastora.eu\\\/#organization\",\"name\":\"Gastora\",\"url\":\"https:\\\/\\\/gastora.eu\\\/\",\"logo\":{\"@type\":\"ImageObject\",\"inLanguage\":\"en-US\",\"@id\":\"https:\\\/\\\/gastora.eu\\\/#\\\/schema\\\/logo\\\/image\\\/\",\"url\":\"https:\\\/\\\/gastora.eu\\\/wp-content\\\/uploads\\\/2025\\\/12\\\/ChatGPT-Image-2-janv.-2026-22_52_47-1.png\",\"contentUrl\":\"https:\\\/\\\/gastora.eu\\\/wp-content\\\/uploads\\\/2025\\\/12\\\/ChatGPT-Image-2-janv.-2026-22_52_47-1.png\",\"width\":1536,\"height\":320,\"caption\":\"Gastora\"},\"image\":{\"@id\":\"https:\\\/\\\/gastora.eu\\\/#\\\/schema\\\/logo\\\/image\\\/\"}}]}<\/script>\n<!-- \/ Yoast SEO plugin. -->","yoast_head_json":{"title":"Four \u00e0 pizza - s'adapte \u00e0 1 x pizza \u00d840 cm - Gastora","description":"Achetez Four \u00e0 pizza - s'adapte \u00e0 1 x pizza \u00d840 cm au meilleur prix, fiable et performant avec une livraison rapide","robots":{"index":"index","follow":"follow","max-snippet":"max-snippet:-1","max-image-preview":"max-image-preview:large","max-video-preview":"max-video-preview:-1"},"canonical":"https:\/\/gastora.eu\/en\/product\/four-pizza-sadapte-1-x-pizza-40-cm\/","og_locale":"en_US","og_type":"article","og_title":"Four \u00e0 pizza - s'adapte \u00e0 1 x pizza \u00d840 cm - Gastora","og_description":"Achetez Four \u00e0 pizza - s'adapte \u00e0 1 x pizza \u00d840 cm au meilleur prix, fiable et performant avec une livraison rapide","og_url":"https:\/\/gastora.eu\/en\/product\/four-pizza-sadapte-1-x-pizza-40-cm\/","og_site_name":"Gastora","article_modified_time":"2026-04-26T08:33:25+00:00","twitter_card":"summary_large_image","twitter_misc":{"Est. reading time":"2 minutes"},"schema":{"@context":"https:\/\/schema.org","@graph":[{"@type":"WebPage","@id":"https:\/\/gastora.eu\/product\/four-pizza-sadapte-1-x-pizza-40-cm\/","url":"https:\/\/gastora.eu\/product\/four-pizza-sadapte-1-x-pizza-40-cm\/","name":"Four \u00e0 pizza - s'adapte \u00e0 1 x pizza \u00d840 cm - Gastora","isPartOf":{"@id":"https:\/\/gastora.eu\/#website"},"primaryImageOfPage":{"@id":"https:\/\/gastora.eu\/product\/four-pizza-sadapte-1-x-pizza-40-cm\/#primaryimage"},"image":{"@id":"https:\/\/gastora.eu\/product\/four-pizza-sadapte-1-x-pizza-40-cm\/#primaryimage"},"thumbnailUrl":"https:\/\/gastora.eu\/wp-content\/uploads\/2026\/04\/1_pizza-oven1_2520c.jpg","datePublished":"2026-04-25T17:43:35+00:00","dateModified":"2026-04-26T08:33:25+00:00","description":"Achetez Four \u00e0 pizza - s'adapte \u00e0 1 x pizza \u00d840 cm au meilleur prix, fiable et performant avec une livraison rapide","breadcrumb":{"@id":"https:\/\/gastora.eu\/product\/four-pizza-sadapte-1-x-pizza-40-cm\/#breadcrumb"},"inLanguage":"en-US","potentialAction":[{"@type":"ReadAction","target":["https:\/\/gastora.eu\/product\/four-pizza-sadapte-1-x-pizza-40-cm\/"]}]},{"@type":"ImageObject","inLanguage":"en-US","@id":"https:\/\/gastora.eu\/product\/four-pizza-sadapte-1-x-pizza-40-cm\/#primaryimage","url":"https:\/\/gastora.eu\/wp-content\/uploads\/2026\/04\/1_pizza-oven1_2520c.jpg","contentUrl":"https:\/\/gastora.eu\/wp-content\/uploads\/2026\/04\/1_pizza-oven1_2520c.jpg","width":1200,"height":1200},{"@type":"BreadcrumbList","@id":"https:\/\/gastora.eu\/product\/four-pizza-sadapte-1-x-pizza-40-cm\/#breadcrumb","itemListElement":[{"@type":"ListItem","position":1,"name":"Home","item":"https:\/\/gastora.eu\/"},{"@type":"ListItem","position":2,"name":"Shop","item":"https:\/\/gastora.eu\/shop\/"},{"@type":"ListItem","position":3,"name":"Four \u00e0 pizza &#8211; s&#8217;adapte \u00e0 1 x pizza \u00d840 cm"}]},{"@type":"WebSite","@id":"https:\/\/gastora.eu\/#website","url":"https:\/\/gastora.eu\/","name":"Gastora","description":"\u00c9quipements professionnels CHR","publisher":{"@id":"https:\/\/gastora.eu\/#organization"},"potentialAction":[{"@type":"SearchAction","target":{"@type":"EntryPoint","urlTemplate":"https:\/\/gastora.eu\/?s={search_term_string}"},"query-input":{"@type":"PropertyValueSpecification","valueRequired":true,"valueName":"search_term_string"}}],"inLanguage":"en-US"},{"@type":"Organization","@id":"https:\/\/gastora.eu\/#organization","name":"Gastora","url":"https:\/\/gastora.eu\/","logo":{"@type":"ImageObject","inLanguage":"en-US","@id":"https:\/\/gastora.eu\/#\/schema\/logo\/image\/","url":"https:\/\/gastora.eu\/wp-content\/uploads\/2025\/12\/ChatGPT-Image-2-janv.-2026-22_52_47-1.png","contentUrl":"https:\/\/gastora.eu\/wp-content\/uploads\/2025\/12\/ChatGPT-Image-2-janv.-2026-22_52_47-1.png","width":1536,"height":320,"caption":"Gastora"},"image":{"@id":"https:\/\/gastora.eu\/#\/schema\/logo\/image\/"}}]}},"jetpack_sharing_enabled":true,"_links":{"self":[{"href":"https:\/\/gastora.eu\/en\/wp-json\/wp\/v2\/product\/14115","targetHints":{"allow":["GET"]}}],"collection":[{"href":"https:\/\/gastora.eu\/en\/wp-json\/wp\/v2\/product"}],"about":[{"href":"https:\/\/gastora.eu\/en\/wp-json\/wp\/v2\/types\/product"}],"wp:featuredmedia":[{"embeddable":true,"href":"https:\/\/gastora.eu\/en\/wp-json\/wp\/v2\/media\/6980"}],"wp:attachment":[{"href":"https:\/\/gastora.eu\/en\/wp-json\/wp\/v2\/media?parent=14115"}],"wp:term":[{"taxonomy":"product_brand","embeddable":true,"href":"https:\/\/gastora.eu\/en\/wp-json\/wp\/v2\/product_brand?post=14115"},{"taxonomy":"product_cat","embeddable":true,"href":"https:\/\/gastora.eu\/en\/wp-json\/wp\/v2\/product_cat?post=14115"},{"taxonomy":"product_tag","embeddable":true,"href":"https:\/\/gastora.eu\/en\/wp-json\/wp\/v2\/product_tag?post=14115"}],"curies":[{"name":"wp","href":"https:\/\/api.w.org\/{rel}","templated":true}]}}