{"id":14107,"date":"2026-04-25T17:43:25","date_gmt":"2026-04-25T17:43:25","guid":{"rendered":"https:\/\/gastora.eu\/?post_type=product&#038;p=14107"},"modified":"2026-04-26T08:33:19","modified_gmt":"2026-04-26T08:33:19","slug":"four-pizza-sadapte-4-pizzas-30-cm-double-tage","status":"publish","type":"product","link":"https:\/\/gastora.eu\/en\/product\/four-pizza-sadapte-4-pizzas-30-cm-double-tage\/","title":{"rendered":"Four \u00e0 pizza &#8211; s&#8217;adapte \u00e0 4 pizzas \u00d830 cm &#8211; double \u00e9tage"},"content":{"rendered":"<p>Pour servir des pizzas l\u00e9g\u00e8res et croustillantes dans votre restaurant, votre pizzeria ou votre caf\u00e9, il est pr\u00e9f\u00e9rable de les cuire sur une pierre \u00e0 haute temp\u00e9rature. La fa\u00e7ade du four \u00e0 pizza est en acier inoxydable et comporte des boutons robustes et faciles \u00e0 utiliser. Gr\u00e2ce \u00e0 sa construction en m\u00e9tal lourd, ce four \u00e0 pizza professionnel dure longtemps et peut r\u00e9sister \u00e0 une utilisation intensive.<\/p>\n<h3>Avec lumi\u00e8re dans la chambre int\u00e9rieure<\/h3>\n<p>Les pizzas peuvent \u00eatre cuites \u00e0 des temp\u00e9ratures comprises entre 50 et 500\u00baC. La temp\u00e9rature peut \u00e9galement \u00eatre facilement r\u00e9gl\u00e9e par chambre. La grande chambre int\u00e9rieure est \u00e9quip\u00e9e de plaques de pierre et d&#8217;une lumi\u00e8re qui vous permet de voir facilement l&#8217;\u00e9volution de la cuisson de vos pizzas. Vous ne pouvez pas vous br\u00fbler sur la porte du four \u00e0 pizza car elle est \u00e9quip\u00e9e d&#8217;un double vitrage athermique. Le four \u00e0 pizza dispose \u00e9galement d&#8217;une distribution efficace de la chaleur et d&#8217;une commande analogique facile \u00e0 utiliser.<\/p>\n<h3>Nettoyage avec un chiffon sec<\/h3>\n<p>Avant la premi\u00e8re utilisation, il est conseill\u00e9 d&#8217;essuyer la pierre \u00e0 pizza avec un chiffon humide et de bien la laisser s\u00e9cher ensuite. Ensuite, vous pouvez allumer le four \u00e0 100\u00baC pendant 30 minutes, puis \u00e0 200\u00baC pendant 15 minutes. Le nettoyage est \u00e9galement tr\u00e8s simple : utilisez un chiffon sec ou une \u00e9ponge l\u00e9g\u00e8rement humide, mais pas trop d&#8217;eau pour que les gouttes ne p\u00e9n\u00e8trent pas dans la pierre. Laissez d&#8217;abord refroidir la pierre \u00e0 pizza avant de la nettoyer afin d&#8217;\u00e9viter de vous br\u00fbler et de faire appara\u00eetre des fissures dans la pierre.<\/p>\n<p><strong>Caract\u00e9ristiques<\/strong><\/p>\n<ul>\n<li>Fa\u00e7ade en acier inoxydable durable avec boutons robustes<\/li>\n<li>Fonctionnement analogique facile<\/li>\n<li>Double vitrage athermique<\/li>\n<li>Thermostat r\u00e9glable entre 50 et 500\u00b0C<\/li>\n<li>\u00c9quip\u00e9 d&#8217;une lumi\u00e8re dans la chambre<\/li>\n<li>Chambre avec isolation tr\u00e8s \u00e9paisse<\/li>\n<\/ul>\n<p><strong>Caract\u00e9ristiques du produit<\/strong><\/p>\n<ul>\n<li>Poids net : 140kg<\/li>\n<li>Dimensions : L90 x P77 x H74cm : L90 x P77 x H74cm<\/li>\n<li>Dimensions de la chambre : L62 x P62 x H15cm x 2<\/li>\n<li>Convient pour 2 x 4 = 8 pizzas de +\/-30cm<\/li>\n<li>400V\/50Hz\/3Phase 10000W<\/li>\n<\/ul>\n<p><strong>Remarque : Ce produit est livr\u00e9 sans prise CEE 400V 32A<\/strong><\/p>","protected":false},"excerpt":{"rendered":"<p>Ce four \u00e0 pizza compact permet de cuire facilement 8 pizzas ou flammkuchen d&#8217;environ 30 cm chacun en une seule fois. Gr\u00e2ce aux commandes analogiques, vous pouvez facilement r\u00e9gler la temp\u00e9rature du haut et du bas de chaque chambre. Il est livr\u00e9 avec deux plaques de pierre et une lumi\u00e8re pour voir la progression de vos pizzas.<\/p>","protected":false},"featured_media":6964,"template":"","meta":{"_acf_changed":false},"product_brand":[],"product_cat":[484],"product_tag":[],"class_list":{"0":"post-14107","1":"product","2":"type-product","3":"status-publish","4":"has-post-thumbnail","6":"product_cat-fours-convection-mixtes-pizza-2","8":"first","9":"instock","10":"sale","11":"taxable","12":"shipping-taxable","13":"purchasable","14":"product-type-simple"},"acf":[],"yoast_head":"<!-- This site is optimized with the Yoast SEO plugin v27.4 - https:\/\/yoast.com\/product\/yoast-seo-wordpress\/ -->\n<title>Four \u00e0 pizza - s&#039;adapte \u00e0 4 pizzas \u00d830 cm - double \u00e9tage - Gastora<\/title>\n<meta name=\"description\" content=\"Achetez Four \u00e0 pizza - s&#039;adapte \u00e0 4 pizzas \u00d830 cm - double \u00e9tage au meilleur prix, fiable et performant avec une livraison rapide\" \/>\n<meta name=\"robots\" content=\"index, follow, max-snippet:-1, max-image-preview:large, max-video-preview:-1\" \/>\n<link rel=\"canonical\" href=\"https:\/\/gastora.eu\/en\/product\/four-pizza-sadapte-4-pizzas-30-cm-double-tage\/\" \/>\n<meta property=\"og:locale\" content=\"en_US\" \/>\n<meta property=\"og:type\" content=\"article\" \/>\n<meta property=\"og:title\" content=\"Four \u00e0 pizza - s&#039;adapte \u00e0 4 pizzas \u00d830 cm - double \u00e9tage - Gastora\" \/>\n<meta property=\"og:description\" content=\"Achetez Four \u00e0 pizza - s&#039;adapte \u00e0 4 pizzas \u00d830 cm - double \u00e9tage au meilleur prix, fiable et performant avec une livraison rapide\" \/>\n<meta property=\"og:url\" content=\"https:\/\/gastora.eu\/en\/product\/four-pizza-sadapte-4-pizzas-30-cm-double-tage\/\" \/>\n<meta property=\"og:site_name\" content=\"Gastora\" \/>\n<meta property=\"article:modified_time\" content=\"2026-04-26T08:33:19+00:00\" \/>\n<meta name=\"twitter:card\" content=\"summary_large_image\" \/>\n<meta name=\"twitter:label1\" content=\"Est. reading time\" \/>\n\t<meta name=\"twitter:data1\" content=\"2 minutes\" \/>\n<script type=\"application\/ld+json\" class=\"yoast-schema-graph\">{\"@context\":\"https:\\\/\\\/schema.org\",\"@graph\":[{\"@type\":\"WebPage\",\"@id\":\"https:\\\/\\\/gastora.eu\\\/product\\\/four-pizza-sadapte-4-pizzas-30-cm-double-tage\\\/\",\"url\":\"https:\\\/\\\/gastora.eu\\\/product\\\/four-pizza-sadapte-4-pizzas-30-cm-double-tage\\\/\",\"name\":\"Four \u00e0 pizza - s'adapte \u00e0 4 pizzas \u00d830 cm - double \u00e9tage - Gastora\",\"isPartOf\":{\"@id\":\"https:\\\/\\\/gastora.eu\\\/#website\"},\"primaryImageOfPage\":{\"@id\":\"https:\\\/\\\/gastora.eu\\\/product\\\/four-pizza-sadapte-4-pizzas-30-cm-double-tage\\\/#primaryimage\"},\"image\":{\"@id\":\"https:\\\/\\\/gastora.eu\\\/product\\\/four-pizza-sadapte-4-pizzas-30-cm-double-tage\\\/#primaryimage\"},\"thumbnailUrl\":\"https:\\\/\\\/gastora.eu\\\/wp-content\\\/uploads\\\/2026\\\/04\\\/sp-005-61656eae3709e.jpg\",\"datePublished\":\"2026-04-25T17:43:25+00:00\",\"dateModified\":\"2026-04-26T08:33:19+00:00\",\"description\":\"Achetez Four \u00e0 pizza - s'adapte \u00e0 4 pizzas \u00d830 cm - double \u00e9tage au meilleur prix, fiable et performant avec une livraison rapide\",\"breadcrumb\":{\"@id\":\"https:\\\/\\\/gastora.eu\\\/product\\\/four-pizza-sadapte-4-pizzas-30-cm-double-tage\\\/#breadcrumb\"},\"inLanguage\":\"en-US\",\"potentialAction\":[{\"@type\":\"ReadAction\",\"target\":[\"https:\\\/\\\/gastora.eu\\\/product\\\/four-pizza-sadapte-4-pizzas-30-cm-double-tage\\\/\"]}]},{\"@type\":\"ImageObject\",\"inLanguage\":\"en-US\",\"@id\":\"https:\\\/\\\/gastora.eu\\\/product\\\/four-pizza-sadapte-4-pizzas-30-cm-double-tage\\\/#primaryimage\",\"url\":\"https:\\\/\\\/gastora.eu\\\/wp-content\\\/uploads\\\/2026\\\/04\\\/sp-005-61656eae3709e.jpg\",\"contentUrl\":\"https:\\\/\\\/gastora.eu\\\/wp-content\\\/uploads\\\/2026\\\/04\\\/sp-005-61656eae3709e.jpg\",\"width\":2048,\"height\":2048},{\"@type\":\"BreadcrumbList\",\"@id\":\"https:\\\/\\\/gastora.eu\\\/product\\\/four-pizza-sadapte-4-pizzas-30-cm-double-tage\\\/#breadcrumb\",\"itemListElement\":[{\"@type\":\"ListItem\",\"position\":1,\"name\":\"Home\",\"item\":\"https:\\\/\\\/gastora.eu\\\/\"},{\"@type\":\"ListItem\",\"position\":2,\"name\":\"Shop\",\"item\":\"https:\\\/\\\/gastora.eu\\\/shop\\\/\"},{\"@type\":\"ListItem\",\"position\":3,\"name\":\"Four \u00e0 pizza &#8211; s&#8217;adapte \u00e0 4 pizzas \u00d830 cm &#8211; double \u00e9tage\"}]},{\"@type\":\"WebSite\",\"@id\":\"https:\\\/\\\/gastora.eu\\\/#website\",\"url\":\"https:\\\/\\\/gastora.eu\\\/\",\"name\":\"Gastora\",\"description\":\"\u00c9quipements professionnels CHR\",\"publisher\":{\"@id\":\"https:\\\/\\\/gastora.eu\\\/#organization\"},\"potentialAction\":[{\"@type\":\"SearchAction\",\"target\":{\"@type\":\"EntryPoint\",\"urlTemplate\":\"https:\\\/\\\/gastora.eu\\\/?s={search_term_string}\"},\"query-input\":{\"@type\":\"PropertyValueSpecification\",\"valueRequired\":true,\"valueName\":\"search_term_string\"}}],\"inLanguage\":\"en-US\"},{\"@type\":\"Organization\",\"@id\":\"https:\\\/\\\/gastora.eu\\\/#organization\",\"name\":\"Gastora\",\"url\":\"https:\\\/\\\/gastora.eu\\\/\",\"logo\":{\"@type\":\"ImageObject\",\"inLanguage\":\"en-US\",\"@id\":\"https:\\\/\\\/gastora.eu\\\/#\\\/schema\\\/logo\\\/image\\\/\",\"url\":\"https:\\\/\\\/gastora.eu\\\/wp-content\\\/uploads\\\/2025\\\/12\\\/ChatGPT-Image-2-janv.-2026-22_52_47-1.png\",\"contentUrl\":\"https:\\\/\\\/gastora.eu\\\/wp-content\\\/uploads\\\/2025\\\/12\\\/ChatGPT-Image-2-janv.-2026-22_52_47-1.png\",\"width\":1536,\"height\":320,\"caption\":\"Gastora\"},\"image\":{\"@id\":\"https:\\\/\\\/gastora.eu\\\/#\\\/schema\\\/logo\\\/image\\\/\"}}]}<\/script>\n<!-- \/ Yoast SEO plugin. -->","yoast_head_json":{"title":"Four \u00e0 pizza - s'adapte \u00e0 4 pizzas \u00d830 cm - double \u00e9tage - Gastora","description":"Achetez Four \u00e0 pizza - s'adapte \u00e0 4 pizzas \u00d830 cm - double \u00e9tage au meilleur prix, fiable et performant avec une livraison rapide","robots":{"index":"index","follow":"follow","max-snippet":"max-snippet:-1","max-image-preview":"max-image-preview:large","max-video-preview":"max-video-preview:-1"},"canonical":"https:\/\/gastora.eu\/en\/product\/four-pizza-sadapte-4-pizzas-30-cm-double-tage\/","og_locale":"en_US","og_type":"article","og_title":"Four \u00e0 pizza - s'adapte \u00e0 4 pizzas \u00d830 cm - double \u00e9tage - Gastora","og_description":"Achetez Four \u00e0 pizza - s'adapte \u00e0 4 pizzas \u00d830 cm - double \u00e9tage au meilleur prix, fiable et performant avec une livraison rapide","og_url":"https:\/\/gastora.eu\/en\/product\/four-pizza-sadapte-4-pizzas-30-cm-double-tage\/","og_site_name":"Gastora","article_modified_time":"2026-04-26T08:33:19+00:00","twitter_card":"summary_large_image","twitter_misc":{"Est. reading time":"2 minutes"},"schema":{"@context":"https:\/\/schema.org","@graph":[{"@type":"WebPage","@id":"https:\/\/gastora.eu\/product\/four-pizza-sadapte-4-pizzas-30-cm-double-tage\/","url":"https:\/\/gastora.eu\/product\/four-pizza-sadapte-4-pizzas-30-cm-double-tage\/","name":"Four \u00e0 pizza - s'adapte \u00e0 4 pizzas \u00d830 cm - double \u00e9tage - Gastora","isPartOf":{"@id":"https:\/\/gastora.eu\/#website"},"primaryImageOfPage":{"@id":"https:\/\/gastora.eu\/product\/four-pizza-sadapte-4-pizzas-30-cm-double-tage\/#primaryimage"},"image":{"@id":"https:\/\/gastora.eu\/product\/four-pizza-sadapte-4-pizzas-30-cm-double-tage\/#primaryimage"},"thumbnailUrl":"https:\/\/gastora.eu\/wp-content\/uploads\/2026\/04\/sp-005-61656eae3709e.jpg","datePublished":"2026-04-25T17:43:25+00:00","dateModified":"2026-04-26T08:33:19+00:00","description":"Achetez Four \u00e0 pizza - s'adapte \u00e0 4 pizzas \u00d830 cm - double \u00e9tage au meilleur prix, fiable et performant avec une livraison rapide","breadcrumb":{"@id":"https:\/\/gastora.eu\/product\/four-pizza-sadapte-4-pizzas-30-cm-double-tage\/#breadcrumb"},"inLanguage":"en-US","potentialAction":[{"@type":"ReadAction","target":["https:\/\/gastora.eu\/product\/four-pizza-sadapte-4-pizzas-30-cm-double-tage\/"]}]},{"@type":"ImageObject","inLanguage":"en-US","@id":"https:\/\/gastora.eu\/product\/four-pizza-sadapte-4-pizzas-30-cm-double-tage\/#primaryimage","url":"https:\/\/gastora.eu\/wp-content\/uploads\/2026\/04\/sp-005-61656eae3709e.jpg","contentUrl":"https:\/\/gastora.eu\/wp-content\/uploads\/2026\/04\/sp-005-61656eae3709e.jpg","width":2048,"height":2048},{"@type":"BreadcrumbList","@id":"https:\/\/gastora.eu\/product\/four-pizza-sadapte-4-pizzas-30-cm-double-tage\/#breadcrumb","itemListElement":[{"@type":"ListItem","position":1,"name":"Home","item":"https:\/\/gastora.eu\/"},{"@type":"ListItem","position":2,"name":"Shop","item":"https:\/\/gastora.eu\/shop\/"},{"@type":"ListItem","position":3,"name":"Four \u00e0 pizza &#8211; s&#8217;adapte \u00e0 4 pizzas \u00d830 cm &#8211; double \u00e9tage"}]},{"@type":"WebSite","@id":"https:\/\/gastora.eu\/#website","url":"https:\/\/gastora.eu\/","name":"Gastora","description":"\u00c9quipements professionnels CHR","publisher":{"@id":"https:\/\/gastora.eu\/#organization"},"potentialAction":[{"@type":"SearchAction","target":{"@type":"EntryPoint","urlTemplate":"https:\/\/gastora.eu\/?s={search_term_string}"},"query-input":{"@type":"PropertyValueSpecification","valueRequired":true,"valueName":"search_term_string"}}],"inLanguage":"en-US"},{"@type":"Organization","@id":"https:\/\/gastora.eu\/#organization","name":"Gastora","url":"https:\/\/gastora.eu\/","logo":{"@type":"ImageObject","inLanguage":"en-US","@id":"https:\/\/gastora.eu\/#\/schema\/logo\/image\/","url":"https:\/\/gastora.eu\/wp-content\/uploads\/2025\/12\/ChatGPT-Image-2-janv.-2026-22_52_47-1.png","contentUrl":"https:\/\/gastora.eu\/wp-content\/uploads\/2025\/12\/ChatGPT-Image-2-janv.-2026-22_52_47-1.png","width":1536,"height":320,"caption":"Gastora"},"image":{"@id":"https:\/\/gastora.eu\/#\/schema\/logo\/image\/"}}]}},"jetpack_sharing_enabled":true,"_links":{"self":[{"href":"https:\/\/gastora.eu\/en\/wp-json\/wp\/v2\/product\/14107","targetHints":{"allow":["GET"]}}],"collection":[{"href":"https:\/\/gastora.eu\/en\/wp-json\/wp\/v2\/product"}],"about":[{"href":"https:\/\/gastora.eu\/en\/wp-json\/wp\/v2\/types\/product"}],"wp:featuredmedia":[{"embeddable":true,"href":"https:\/\/gastora.eu\/en\/wp-json\/wp\/v2\/media\/6964"}],"wp:attachment":[{"href":"https:\/\/gastora.eu\/en\/wp-json\/wp\/v2\/media?parent=14107"}],"wp:term":[{"taxonomy":"product_brand","embeddable":true,"href":"https:\/\/gastora.eu\/en\/wp-json\/wp\/v2\/product_brand?post=14107"},{"taxonomy":"product_cat","embeddable":true,"href":"https:\/\/gastora.eu\/en\/wp-json\/wp\/v2\/product_cat?post=14107"},{"taxonomy":"product_tag","embeddable":true,"href":"https:\/\/gastora.eu\/en\/wp-json\/wp\/v2\/product_tag?post=14107"}],"curies":[{"name":"wp","href":"https:\/\/api.w.org\/{rel}","templated":true}]}}