{"id":14100,"date":"2026-04-25T17:43:19","date_gmt":"2026-04-25T17:43:19","guid":{"rendered":"https:\/\/gastora.eu\/?post_type=product&#038;p=14100"},"modified":"2026-04-28T16:55:54","modified_gmt":"2026-04-28T16:55:54","slug":"table-lave-vaisselle-90-x-75cm-gauche-avec-dosseret-et-tagre-de-rangement","status":"publish","type":"product","link":"https:\/\/gastora.eu\/en\/product\/table-lave-vaisselle-90-x-75cm-gauche-avec-dosseret-et-tagre-de-rangement\/","title":{"rendered":"Table lave-vaisselle &#8211; 90 x 75cm &#8211; gauche &#8211; avec dosseret et \u00e9tag\u00e8re de rangement"},"content":{"rendered":"<p>L&#8217;utilisation d&#8217;un \u00e9vier permet de se d\u00e9barrasser rapidement et efficacement de la vaisselle sale dans une cuisine professionnelle. En offrant un seul endroit pour la vaisselle sale, vous cr\u00e9ez une vue d&#8217;ensemble claire dans la cuisine. En utilisant une table de rin\u00e7age, vous pouvez rassembler la vaisselle, la pr\u00e9-rincer et la laver au m\u00eame endroit. En outre, l&#8217;\u00e9vier est facile \u00e0 raccorder \u00e0 une douche de pr\u00e9-rin\u00e7age et \u00e0 un lave-vaisselle.<\/p>\n<h3>Comprend une \u00e9tag\u00e8re pour un espace de rangement suppl\u00e9mentaire<\/h3>\n<p>Cette table professionnelle pour lave-vaisselle avec \u00e9vier est fabriqu\u00e9e en acier inoxydable de haute qualit\u00e9 et dispose d&#8217;un dosseret pratique sur le c\u00f4t\u00e9 et \u00e0 l&#8217;arri\u00e8re. Le dessous de l&#8217;\u00e9vier comprend une \u00e9tag\u00e8re pour ranger des articles, comme les paniers du lave-vaisselle et le d\u00e9tergent. Cette table pour lave-vaisselle comporte un \u00e9vier au milieu.<\/p>\n<h3>Plan de travail en acier inoxydable \u00e0 finition lisse<\/h3>\n<p>L&#8217;\u00e9vier a un plan de travail en acier inoxydable \u00e0 finition lisse et peut supporter des charges comprises entre 150 et 200 kg. Gr\u00e2ce \u00e0 ses surfaces lisses, l&#8217;\u00e9vier est facile \u00e0 nettoyer. Utilisez un chiffon humide, de l&#8217;eau chaude et un d\u00e9tergent doux. Pour \u00e9viter les traces, s\u00e9chez l&#8217;\u00e9vier avec un chiffon doux et sec.<\/p>\n<ul>\n<li>Table d&#8217;entr\u00e9e en acier inoxydable de haute qualit\u00e9<\/li>\n<li>Raccordement facile avec un lave-vaisselle \u00e0 poussoir<\/li>\n<li>Protection pratique contre les inondations sur le c\u00f4t\u00e9 et \u00e0 l&#8217;arri\u00e8re<\/li>\n<li>Tablette en acier inoxydable pour le rangement, par exemple, de paniers et de d\u00e9tergent<\/li>\n<li>Dimensions : L900 x P750 x H850<\/li>\n<\/ul>\n<ul>\n<li>Dimensions : L90 x P75 x H85cm<br \/>","protected":false},"excerpt":{"rendered":"<p>Pour faire bon usage d&#8217;un lave-vaisselle dans une cuisine professionnelle, cette table de rin\u00e7age en acier inoxydable avec entr\u00e9e peut \u00eatre plac\u00e9e sur le c\u00f4t\u00e9 gauche de la cuisine. Elle est id\u00e9ale pour y glisser des paniers, ce qui rend le processus de lavage de la vaisselle encore plus efficace.<\/p>","protected":false},"featured_media":6950,"template":"","meta":{"_acf_changed":false},"product_brand":[],"product_cat":[497],"product_tag":[],"class_list":{"0":"post-14100","1":"product","2":"type-product","3":"status-publish","4":"has-post-thumbnail","6":"product_cat-plonges-eviers-2","8":"first","9":"instock","10":"sale","11":"taxable","12":"shipping-taxable","13":"purchasable","14":"product-type-simple"},"acf":[],"yoast_head":"<!-- This site is optimized with the Yoast SEO plugin v27.4 - https:\/\/yoast.com\/product\/yoast-seo-wordpress\/ -->\n<title>Table lave-vaisselle - 90 x 75cm - gauche - avec dosseret et \u00e9tag\u00e8re de rangement - Gastora<\/title>\n<meta name=\"description\" content=\"Achetez Table lave-vaisselle - 90 x 75cm - gauche - avec dosseret et \u00e9tag\u00e8re de rangement au meilleur prix, fiable et performant avec une livraison rapide\" \/>\n<meta name=\"robots\" content=\"index, follow, max-snippet:-1, max-image-preview:large, max-video-preview:-1\" \/>\n<link rel=\"canonical\" href=\"https:\/\/gastora.eu\/en\/product\/table-lave-vaisselle-90-x-75cm-gauche-avec-dosseret-et-tagre-de-rangement\/\" \/>\n<meta property=\"og:locale\" content=\"en_US\" \/>\n<meta property=\"og:type\" content=\"article\" \/>\n<meta property=\"og:title\" content=\"Table lave-vaisselle - 90 x 75cm - gauche - avec dosseret et \u00e9tag\u00e8re de rangement - Gastora\" \/>\n<meta property=\"og:description\" content=\"Achetez Table lave-vaisselle - 90 x 75cm - gauche - avec dosseret et \u00e9tag\u00e8re de rangement au meilleur prix, fiable et performant avec une livraison rapide\" \/>\n<meta property=\"og:url\" content=\"https:\/\/gastora.eu\/en\/product\/table-lave-vaisselle-90-x-75cm-gauche-avec-dosseret-et-tagre-de-rangement\/\" \/>\n<meta property=\"og:site_name\" content=\"Gastora\" \/>\n<meta property=\"article:modified_time\" content=\"2026-04-28T16:55:54+00:00\" \/>\n<meta name=\"twitter:card\" content=\"summary_large_image\" \/>\n<meta name=\"twitter:label1\" content=\"Est. reading time\" \/>\n\t<meta name=\"twitter:data1\" content=\"1 minute\" \/>\n<script type=\"application\/ld+json\" class=\"yoast-schema-graph\">{\"@context\":\"https:\\\/\\\/schema.org\",\"@graph\":[{\"@type\":\"WebPage\",\"@id\":\"https:\\\/\\\/gastora.eu\\\/product\\\/table-lave-vaisselle-90-x-75cm-gauche-avec-dosseret-et-tagre-de-rangement\\\/\",\"url\":\"https:\\\/\\\/gastora.eu\\\/product\\\/table-lave-vaisselle-90-x-75cm-gauche-avec-dosseret-et-tagre-de-rangement\\\/\",\"name\":\"Table lave-vaisselle - 90 x 75cm - gauche - avec dosseret et \u00e9tag\u00e8re de rangement - Gastora\",\"isPartOf\":{\"@id\":\"https:\\\/\\\/gastora.eu\\\/#website\"},\"primaryImageOfPage\":{\"@id\":\"https:\\\/\\\/gastora.eu\\\/product\\\/table-lave-vaisselle-90-x-75cm-gauche-avec-dosseret-et-tagre-de-rangement\\\/#primaryimage\"},\"image\":{\"@id\":\"https:\\\/\\\/gastora.eu\\\/product\\\/table-lave-vaisselle-90-x-75cm-gauche-avec-dosseret-et-tagre-de-rangement\\\/#primaryimage\"},\"thumbnailUrl\":\"https:\\\/\\\/gastora.eu\\\/wp-content\\\/uploads\\\/2026\\\/04\\\/sp-005-61656eab71552.jpg\",\"datePublished\":\"2026-04-25T17:43:19+00:00\",\"dateModified\":\"2026-04-28T16:55:54+00:00\",\"description\":\"Achetez Table lave-vaisselle - 90 x 75cm - gauche - avec dosseret et \u00e9tag\u00e8re de rangement au meilleur prix, fiable et performant avec une livraison rapide\",\"breadcrumb\":{\"@id\":\"https:\\\/\\\/gastora.eu\\\/product\\\/table-lave-vaisselle-90-x-75cm-gauche-avec-dosseret-et-tagre-de-rangement\\\/#breadcrumb\"},\"inLanguage\":\"en-US\",\"potentialAction\":[{\"@type\":\"ReadAction\",\"target\":[\"https:\\\/\\\/gastora.eu\\\/product\\\/table-lave-vaisselle-90-x-75cm-gauche-avec-dosseret-et-tagre-de-rangement\\\/\"]}]},{\"@type\":\"ImageObject\",\"inLanguage\":\"en-US\",\"@id\":\"https:\\\/\\\/gastora.eu\\\/product\\\/table-lave-vaisselle-90-x-75cm-gauche-avec-dosseret-et-tagre-de-rangement\\\/#primaryimage\",\"url\":\"https:\\\/\\\/gastora.eu\\\/wp-content\\\/uploads\\\/2026\\\/04\\\/sp-005-61656eab71552.jpg\",\"contentUrl\":\"https:\\\/\\\/gastora.eu\\\/wp-content\\\/uploads\\\/2026\\\/04\\\/sp-005-61656eab71552.jpg\",\"width\":1024,\"height\":1024},{\"@type\":\"BreadcrumbList\",\"@id\":\"https:\\\/\\\/gastora.eu\\\/product\\\/table-lave-vaisselle-90-x-75cm-gauche-avec-dosseret-et-tagre-de-rangement\\\/#breadcrumb\",\"itemListElement\":[{\"@type\":\"ListItem\",\"position\":1,\"name\":\"Home\",\"item\":\"https:\\\/\\\/gastora.eu\\\/\"},{\"@type\":\"ListItem\",\"position\":2,\"name\":\"Shop\",\"item\":\"https:\\\/\\\/gastora.eu\\\/shop\\\/\"},{\"@type\":\"ListItem\",\"position\":3,\"name\":\"Table lave-vaisselle &#8211; 90 x 75cm &#8211; gauche &#8211; avec dosseret et \u00e9tag\u00e8re de rangement\"}]},{\"@type\":\"WebSite\",\"@id\":\"https:\\\/\\\/gastora.eu\\\/#website\",\"url\":\"https:\\\/\\\/gastora.eu\\\/\",\"name\":\"Gastora\",\"description\":\"\u00c9quipements professionnels CHR\",\"publisher\":{\"@id\":\"https:\\\/\\\/gastora.eu\\\/#organization\"},\"potentialAction\":[{\"@type\":\"SearchAction\",\"target\":{\"@type\":\"EntryPoint\",\"urlTemplate\":\"https:\\\/\\\/gastora.eu\\\/?s={search_term_string}\"},\"query-input\":{\"@type\":\"PropertyValueSpecification\",\"valueRequired\":true,\"valueName\":\"search_term_string\"}}],\"inLanguage\":\"en-US\"},{\"@type\":\"Organization\",\"@id\":\"https:\\\/\\\/gastora.eu\\\/#organization\",\"name\":\"Gastora\",\"url\":\"https:\\\/\\\/gastora.eu\\\/\",\"logo\":{\"@type\":\"ImageObject\",\"inLanguage\":\"en-US\",\"@id\":\"https:\\\/\\\/gastora.eu\\\/#\\\/schema\\\/logo\\\/image\\\/\",\"url\":\"https:\\\/\\\/gastora.eu\\\/wp-content\\\/uploads\\\/2025\\\/12\\\/ChatGPT-Image-2-janv.-2026-22_52_47-1.png\",\"contentUrl\":\"https:\\\/\\\/gastora.eu\\\/wp-content\\\/uploads\\\/2025\\\/12\\\/ChatGPT-Image-2-janv.-2026-22_52_47-1.png\",\"width\":1536,\"height\":320,\"caption\":\"Gastora\"},\"image\":{\"@id\":\"https:\\\/\\\/gastora.eu\\\/#\\\/schema\\\/logo\\\/image\\\/\"}}]}<\/script>\n<!-- \/ Yoast SEO plugin. -->","yoast_head_json":{"title":"Table lave-vaisselle - 90 x 75cm - gauche - avec dosseret et \u00e9tag\u00e8re de rangement - Gastora","description":"Achetez Table lave-vaisselle - 90 x 75cm - gauche - avec dosseret et \u00e9tag\u00e8re de rangement au meilleur prix, fiable et performant avec une livraison rapide","robots":{"index":"index","follow":"follow","max-snippet":"max-snippet:-1","max-image-preview":"max-image-preview:large","max-video-preview":"max-video-preview:-1"},"canonical":"https:\/\/gastora.eu\/en\/product\/table-lave-vaisselle-90-x-75cm-gauche-avec-dosseret-et-tagre-de-rangement\/","og_locale":"en_US","og_type":"article","og_title":"Table lave-vaisselle - 90 x 75cm - gauche - avec dosseret et \u00e9tag\u00e8re de rangement - Gastora","og_description":"Achetez Table lave-vaisselle - 90 x 75cm - gauche - avec dosseret et \u00e9tag\u00e8re de rangement au meilleur prix, fiable et performant avec une livraison rapide","og_url":"https:\/\/gastora.eu\/en\/product\/table-lave-vaisselle-90-x-75cm-gauche-avec-dosseret-et-tagre-de-rangement\/","og_site_name":"Gastora","article_modified_time":"2026-04-28T16:55:54+00:00","twitter_card":"summary_large_image","twitter_misc":{"Est. reading time":"1 minute"},"schema":{"@context":"https:\/\/schema.org","@graph":[{"@type":"WebPage","@id":"https:\/\/gastora.eu\/product\/table-lave-vaisselle-90-x-75cm-gauche-avec-dosseret-et-tagre-de-rangement\/","url":"https:\/\/gastora.eu\/product\/table-lave-vaisselle-90-x-75cm-gauche-avec-dosseret-et-tagre-de-rangement\/","name":"Table lave-vaisselle - 90 x 75cm - gauche - avec dosseret et \u00e9tag\u00e8re de rangement - Gastora","isPartOf":{"@id":"https:\/\/gastora.eu\/#website"},"primaryImageOfPage":{"@id":"https:\/\/gastora.eu\/product\/table-lave-vaisselle-90-x-75cm-gauche-avec-dosseret-et-tagre-de-rangement\/#primaryimage"},"image":{"@id":"https:\/\/gastora.eu\/product\/table-lave-vaisselle-90-x-75cm-gauche-avec-dosseret-et-tagre-de-rangement\/#primaryimage"},"thumbnailUrl":"https:\/\/gastora.eu\/wp-content\/uploads\/2026\/04\/sp-005-61656eab71552.jpg","datePublished":"2026-04-25T17:43:19+00:00","dateModified":"2026-04-28T16:55:54+00:00","description":"Achetez Table lave-vaisselle - 90 x 75cm - gauche - avec dosseret et \u00e9tag\u00e8re de rangement au meilleur prix, fiable et performant avec une livraison rapide","breadcrumb":{"@id":"https:\/\/gastora.eu\/product\/table-lave-vaisselle-90-x-75cm-gauche-avec-dosseret-et-tagre-de-rangement\/#breadcrumb"},"inLanguage":"en-US","potentialAction":[{"@type":"ReadAction","target":["https:\/\/gastora.eu\/product\/table-lave-vaisselle-90-x-75cm-gauche-avec-dosseret-et-tagre-de-rangement\/"]}]},{"@type":"ImageObject","inLanguage":"en-US","@id":"https:\/\/gastora.eu\/product\/table-lave-vaisselle-90-x-75cm-gauche-avec-dosseret-et-tagre-de-rangement\/#primaryimage","url":"https:\/\/gastora.eu\/wp-content\/uploads\/2026\/04\/sp-005-61656eab71552.jpg","contentUrl":"https:\/\/gastora.eu\/wp-content\/uploads\/2026\/04\/sp-005-61656eab71552.jpg","width":1024,"height":1024},{"@type":"BreadcrumbList","@id":"https:\/\/gastora.eu\/product\/table-lave-vaisselle-90-x-75cm-gauche-avec-dosseret-et-tagre-de-rangement\/#breadcrumb","itemListElement":[{"@type":"ListItem","position":1,"name":"Home","item":"https:\/\/gastora.eu\/"},{"@type":"ListItem","position":2,"name":"Shop","item":"https:\/\/gastora.eu\/shop\/"},{"@type":"ListItem","position":3,"name":"Table lave-vaisselle &#8211; 90 x 75cm &#8211; gauche &#8211; avec dosseret et \u00e9tag\u00e8re de rangement"}]},{"@type":"WebSite","@id":"https:\/\/gastora.eu\/#website","url":"https:\/\/gastora.eu\/","name":"Gastora","description":"\u00c9quipements professionnels CHR","publisher":{"@id":"https:\/\/gastora.eu\/#organization"},"potentialAction":[{"@type":"SearchAction","target":{"@type":"EntryPoint","urlTemplate":"https:\/\/gastora.eu\/?s={search_term_string}"},"query-input":{"@type":"PropertyValueSpecification","valueRequired":true,"valueName":"search_term_string"}}],"inLanguage":"en-US"},{"@type":"Organization","@id":"https:\/\/gastora.eu\/#organization","name":"Gastora","url":"https:\/\/gastora.eu\/","logo":{"@type":"ImageObject","inLanguage":"en-US","@id":"https:\/\/gastora.eu\/#\/schema\/logo\/image\/","url":"https:\/\/gastora.eu\/wp-content\/uploads\/2025\/12\/ChatGPT-Image-2-janv.-2026-22_52_47-1.png","contentUrl":"https:\/\/gastora.eu\/wp-content\/uploads\/2025\/12\/ChatGPT-Image-2-janv.-2026-22_52_47-1.png","width":1536,"height":320,"caption":"Gastora"},"image":{"@id":"https:\/\/gastora.eu\/#\/schema\/logo\/image\/"}}]}},"jetpack_sharing_enabled":true,"_links":{"self":[{"href":"https:\/\/gastora.eu\/en\/wp-json\/wp\/v2\/product\/14100","targetHints":{"allow":["GET"]}}],"collection":[{"href":"https:\/\/gastora.eu\/en\/wp-json\/wp\/v2\/product"}],"about":[{"href":"https:\/\/gastora.eu\/en\/wp-json\/wp\/v2\/types\/product"}],"wp:featuredmedia":[{"embeddable":true,"href":"https:\/\/gastora.eu\/en\/wp-json\/wp\/v2\/media\/6950"}],"wp:attachment":[{"href":"https:\/\/gastora.eu\/en\/wp-json\/wp\/v2\/media?parent=14100"}],"wp:term":[{"taxonomy":"product_brand","embeddable":true,"href":"https:\/\/gastora.eu\/en\/wp-json\/wp\/v2\/product_brand?post=14100"},{"taxonomy":"product_cat","embeddable":true,"href":"https:\/\/gastora.eu\/en\/wp-json\/wp\/v2\/product_cat?post=14100"},{"taxonomy":"product_tag","embeddable":true,"href":"https:\/\/gastora.eu\/en\/wp-json\/wp\/v2\/product_tag?post=14100"}],"curies":[{"name":"wp","href":"https:\/\/api.w.org\/{rel}","templated":true}]}}