{"id":14097,"date":"2026-04-25T17:43:13","date_gmt":"2026-04-25T17:43:13","guid":{"rendered":"https:\/\/gastora.eu\/?post_type=product&#038;p=14097"},"modified":"2026-04-28T16:55:53","modified_gmt":"2026-04-28T16:55:53","slug":"micro-ondes-1800w-20-programmes-assiettes-jusqu-36-cm-2-tablettes","status":"publish","type":"product","link":"https:\/\/gastora.eu\/en\/product\/micro-ondes-1800w-20-programmes-assiettes-jusqu-36-cm-2-tablettes\/","title":{"rendered":"Micro-ondes &#8211; 1800W &#8211; 20 programmes &#8211; assiettes jusqu&#8217;\u00e0 \u00d836 cm &#8211; 2 tablettes"},"content":{"rendered":"<p>Un four \u00e0 micro-ondes est utilis\u00e9 dans presque toutes les cuisines professionnelles. Ce puissant four \u00e0 micro-ondes de 30 litres peut \u00eatre utilis\u00e9 pour le chauffage rapide, la d\u00e9cong\u00e9lation ou comme capacit\u00e9 suppl\u00e9mentaire lorsque votre cuisini\u00e8re est pleine. Avec une capacit\u00e9 de 1800W, ce four \u00e0 micro-ondes est tr\u00e8s polyvalent. De plus, le four \u00e0 micro-ondes est \u00e9quip\u00e9 d&#8217;une plaque en c\u00e9ramique sur le fond pour une meilleure r\u00e9partition de la chaleur. Si vous souhaitez augmenter la capacit\u00e9, vous pouvez placer une assiette suppl\u00e9mentaire dans le four \u00e0 micro-ondes pour chauffer deux assiettes en m\u00eame temps. Ce four \u00e0 micro-ondes professionnel dispose de 20 programmes pr\u00e9programm\u00e9s et de trois niveaux diff\u00e9rents : d\u00e9cong\u00e9lation = 30 %, moyen = 80 % et \u00e9lev\u00e9 = 100 %.<\/p>\n<h3>Adapt\u00e9 \u00e0 une utilisation commerciale et \u00e0 la restauration<\/h3>\n<p>Ce four \u00e0 micro-ondes est dot\u00e9 d&#8217;un panneau de commande clair et d&#8217;une minuterie num\u00e9rique. Les assiettes qui conviennent \u00e0 ce four \u00e0 micro-ondes sont celles dont le diam\u00e8tre est inf\u00e9rieur ou \u00e9gal \u00e0 36 cm. Outre les assiettes, le four \u00e0 micro-ondes convient \u00e9galement aux bols GN (en plastique) de 1\/2 GN et moins. La porte est transparente et sans serrure, ce qui facilite son ouverture et sa fermeture. La chambre int\u00e9rieure est \u00e9galement \u00e9quip\u00e9e d&#8217;un \u00e9clairage qui vous permet de voir l&#8217;\u00e9tat d&#8217;avancement de vos plats. Les \u00e9l\u00e9ments chauffants sont situ\u00e9s en haut et en bas du micro-ondes. Ce micro-ondes convient aux grandes cuisines et \u00e0 la restauration.<\/p>\n<h3>Facile \u00e0 nettoyer<\/h3>\n<p>Pour nettoyer facilement le micro-ondes, il est recommand\u00e9 de le faire r\u00e9guli\u00e8rement. Vous \u00e9viterez ainsi les r\u00e9sidus incrust\u00e9s et vous ne devrez pas frotter. Essuyez l&#8217;int\u00e9rieur du micro-ondes avec un chiffon humide. En cas de salet\u00e9 tenace, mettez un bol d&#8217;eau et quelques cuill\u00e8res \u00e0 soupe de vinaigre dans le micro-ondes et laissez-le chauffer sur la position la plus \u00e9lev\u00e9e pendant cinq minutes. La vapeur d\u00e9gagera les r\u00e9sidus alimentaires. Enfin, essuyez la plaque en c\u00e9ramique et l&#8217;int\u00e9rieur de la porte.<\/p>\n<p><strong>Caract\u00e9ristiques<\/strong><\/p>\n<ul>\n<li>Bo\u00eetier et int\u00e9rieur en acier inoxydable<\/li>\n<li>Porte transparente sans serrure, facile \u00e0 ouvrir et \u00e0 fermer<\/li>\n<li>Int\u00e9rieur \u00e9clair\u00e9<\/li>\n<li>\u00c9l\u00e9ments chauffants sur le dessus et le dessous du micro-ondes<\/li>\n<li>Plaque en c\u00e9ramique sur le fond pour une meilleure r\u00e9partition de la chaleur<\/li>\n<li>20 programmes pr\u00e9programm\u00e9s<\/li>\n<li>3 niveaux de puissance diff\u00e9rents : &#8220;d\u00e9cong\u00e9lation&#8221;, &#8220;moyen&#8221; et &#8220;\u00e9lev\u00e9&#8221;<\/li>\n<\/ul>\n<p><strong>Caract\u00e9ristiques du produit<\/strong><\/p>\n<ul>\n<li>Poids net : 35 kg<\/li>\n<li>Dimensions de la machine : B49 x D63,7 x H40,5cm<\/li>\n<li>Dimensions de la chambre int\u00e9rieure : B37,4 x D37,8 x H22,4cm<\/li>\n<li>Fr\u00e9quence Hz : 2450 MHz<\/li>\n<li>Puissance de sortie : 900\/ 1800W<\/li>\n<li>230V\/50Hz\/1Phase 1400\/ 2800W<\/li>\n<\/ul>","protected":false},"excerpt":{"rendered":"<p>Ce micro-ondes professionnel pour la restauration est parfait pour chaque cuisine gr\u00e2ce \u00e0 sa capacit\u00e9 \u00e9lev\u00e9e de 1800W. Il dispose de 20 pr\u00e9programmes avec trois niveaux diff\u00e9rents. Le micro-ondes a une capacit\u00e9 de 30 litres et dispose de deux plaques en c\u00e9ramique pour doubler la capacit\u00e9. Il peut accueillir des assiettes d&#8217;un diam\u00e8tre maximal de 36 cm.<\/p>","protected":false},"featured_media":6944,"template":"","meta":{"_acf_changed":false},"product_brand":[],"product_cat":[16],"product_tag":[],"class_list":{"0":"post-14097","1":"product","2":"type-product","3":"status-publish","4":"has-post-thumbnail","6":"product_cat-cuisson","8":"first","9":"instock","10":"sale","11":"taxable","12":"shipping-taxable","13":"purchasable","14":"product-type-simple"},"acf":[],"yoast_head":"<!-- This site is optimized with the Yoast SEO plugin v27.5 - https:\/\/yoast.com\/product\/yoast-seo-wordpress\/ -->\n<title>Micro-ondes - 1800W - 20 programmes - assiettes jusqu&#039;\u00e0 \u00d836 cm - 2 tablettes - Gastora<\/title>\n<meta name=\"description\" content=\"Achetez Micro-ondes - 1800W - 20 programmes - assiettes jusqu&#039;\u00e0 \u00d836 cm - 2 tablettes au meilleur prix, fiable et performant avec une livraison rapide\" \/>\n<meta name=\"robots\" content=\"index, follow, max-snippet:-1, max-image-preview:large, max-video-preview:-1\" \/>\n<link rel=\"canonical\" href=\"https:\/\/gastora.eu\/en\/product\/micro-ondes-1800w-20-programmes-assiettes-jusqu-36-cm-2-tablettes\/\" \/>\n<meta property=\"og:locale\" content=\"en_US\" \/>\n<meta property=\"og:type\" content=\"article\" \/>\n<meta property=\"og:title\" content=\"Micro-ondes - 1800W - 20 programmes - assiettes jusqu&#039;\u00e0 \u00d836 cm - 2 tablettes - Gastora\" \/>\n<meta property=\"og:description\" content=\"Achetez Micro-ondes - 1800W - 20 programmes - assiettes jusqu&#039;\u00e0 \u00d836 cm - 2 tablettes au meilleur prix, fiable et performant avec une livraison rapide\" \/>\n<meta property=\"og:url\" content=\"https:\/\/gastora.eu\/en\/product\/micro-ondes-1800w-20-programmes-assiettes-jusqu-36-cm-2-tablettes\/\" \/>\n<meta property=\"og:site_name\" content=\"Gastora\" \/>\n<meta property=\"article:modified_time\" content=\"2026-04-28T16:55:53+00:00\" \/>\n<meta name=\"twitter:card\" content=\"summary_large_image\" \/>\n<meta name=\"twitter:label1\" content=\"Est. reading time\" \/>\n\t<meta name=\"twitter:data1\" content=\"2 minutes\" \/>\n<script type=\"application\/ld+json\" class=\"yoast-schema-graph\">{\"@context\":\"https:\\\/\\\/schema.org\",\"@graph\":[{\"@type\":\"WebPage\",\"@id\":\"https:\\\/\\\/gastora.eu\\\/product\\\/micro-ondes-1800w-20-programmes-assiettes-jusqu-36-cm-2-tablettes\\\/\",\"url\":\"https:\\\/\\\/gastora.eu\\\/product\\\/micro-ondes-1800w-20-programmes-assiettes-jusqu-36-cm-2-tablettes\\\/\",\"name\":\"Micro-ondes - 1800W - 20 programmes - assiettes jusqu'\u00e0 \u00d836 cm - 2 tablettes - Gastora\",\"isPartOf\":{\"@id\":\"https:\\\/\\\/gastora.eu\\\/#website\"},\"primaryImageOfPage\":{\"@id\":\"https:\\\/\\\/gastora.eu\\\/product\\\/micro-ondes-1800w-20-programmes-assiettes-jusqu-36-cm-2-tablettes\\\/#primaryimage\"},\"image\":{\"@id\":\"https:\\\/\\\/gastora.eu\\\/product\\\/micro-ondes-1800w-20-programmes-assiettes-jusqu-36-cm-2-tablettes\\\/#primaryimage\"},\"thumbnailUrl\":\"https:\\\/\\\/gastora.eu\\\/wp-content\\\/uploads\\\/2026\\\/04\\\/sp-005-61656ec4e5282.jpg\",\"datePublished\":\"2026-04-25T17:43:13+00:00\",\"dateModified\":\"2026-04-28T16:55:53+00:00\",\"description\":\"Achetez Micro-ondes - 1800W - 20 programmes - assiettes jusqu'\u00e0 \u00d836 cm - 2 tablettes au meilleur prix, fiable et performant avec une livraison rapide\",\"breadcrumb\":{\"@id\":\"https:\\\/\\\/gastora.eu\\\/product\\\/micro-ondes-1800w-20-programmes-assiettes-jusqu-36-cm-2-tablettes\\\/#breadcrumb\"},\"inLanguage\":\"en-US\",\"potentialAction\":[{\"@type\":\"ReadAction\",\"target\":[\"https:\\\/\\\/gastora.eu\\\/product\\\/micro-ondes-1800w-20-programmes-assiettes-jusqu-36-cm-2-tablettes\\\/\"]}]},{\"@type\":\"ImageObject\",\"inLanguage\":\"en-US\",\"@id\":\"https:\\\/\\\/gastora.eu\\\/product\\\/micro-ondes-1800w-20-programmes-assiettes-jusqu-36-cm-2-tablettes\\\/#primaryimage\",\"url\":\"https:\\\/\\\/gastora.eu\\\/wp-content\\\/uploads\\\/2026\\\/04\\\/sp-005-61656ec4e5282.jpg\",\"contentUrl\":\"https:\\\/\\\/gastora.eu\\\/wp-content\\\/uploads\\\/2026\\\/04\\\/sp-005-61656ec4e5282.jpg\",\"width\":2048,\"height\":2048},{\"@type\":\"BreadcrumbList\",\"@id\":\"https:\\\/\\\/gastora.eu\\\/product\\\/micro-ondes-1800w-20-programmes-assiettes-jusqu-36-cm-2-tablettes\\\/#breadcrumb\",\"itemListElement\":[{\"@type\":\"ListItem\",\"position\":1,\"name\":\"Home\",\"item\":\"https:\\\/\\\/gastora.eu\\\/\"},{\"@type\":\"ListItem\",\"position\":2,\"name\":\"Shop\",\"item\":\"https:\\\/\\\/gastora.eu\\\/shop\\\/\"},{\"@type\":\"ListItem\",\"position\":3,\"name\":\"Micro-ondes &#8211; 1800W &#8211; 20 programmes &#8211; assiettes jusqu&#8217;\u00e0 \u00d836 cm &#8211; 2 tablettes\"}]},{\"@type\":\"WebSite\",\"@id\":\"https:\\\/\\\/gastora.eu\\\/#website\",\"url\":\"https:\\\/\\\/gastora.eu\\\/\",\"name\":\"Gastora\",\"description\":\"\u00c9quipements professionnels CHR\",\"publisher\":{\"@id\":\"https:\\\/\\\/gastora.eu\\\/#organization\"},\"potentialAction\":[{\"@type\":\"SearchAction\",\"target\":{\"@type\":\"EntryPoint\",\"urlTemplate\":\"https:\\\/\\\/gastora.eu\\\/?s={search_term_string}\"},\"query-input\":{\"@type\":\"PropertyValueSpecification\",\"valueRequired\":true,\"valueName\":\"search_term_string\"}}],\"inLanguage\":\"en-US\"},{\"@type\":\"Organization\",\"@id\":\"https:\\\/\\\/gastora.eu\\\/#organization\",\"name\":\"Gastora\",\"url\":\"https:\\\/\\\/gastora.eu\\\/\",\"logo\":{\"@type\":\"ImageObject\",\"inLanguage\":\"en-US\",\"@id\":\"https:\\\/\\\/gastora.eu\\\/#\\\/schema\\\/logo\\\/image\\\/\",\"url\":\"https:\\\/\\\/gastora.eu\\\/wp-content\\\/uploads\\\/2025\\\/12\\\/ChatGPT-Image-2-janv.-2026-22_52_47-1.png\",\"contentUrl\":\"https:\\\/\\\/gastora.eu\\\/wp-content\\\/uploads\\\/2025\\\/12\\\/ChatGPT-Image-2-janv.-2026-22_52_47-1.png\",\"width\":1536,\"height\":320,\"caption\":\"Gastora\"},\"image\":{\"@id\":\"https:\\\/\\\/gastora.eu\\\/#\\\/schema\\\/logo\\\/image\\\/\"}}]}<\/script>\n<!-- \/ Yoast SEO plugin. -->","yoast_head_json":{"title":"Micro-ondes - 1800W - 20 programmes - assiettes jusqu'\u00e0 \u00d836 cm - 2 tablettes - Gastora","description":"Achetez Micro-ondes - 1800W - 20 programmes - assiettes jusqu'\u00e0 \u00d836 cm - 2 tablettes au meilleur prix, fiable et performant avec une livraison rapide","robots":{"index":"index","follow":"follow","max-snippet":"max-snippet:-1","max-image-preview":"max-image-preview:large","max-video-preview":"max-video-preview:-1"},"canonical":"https:\/\/gastora.eu\/en\/product\/micro-ondes-1800w-20-programmes-assiettes-jusqu-36-cm-2-tablettes\/","og_locale":"en_US","og_type":"article","og_title":"Micro-ondes - 1800W - 20 programmes - assiettes jusqu'\u00e0 \u00d836 cm - 2 tablettes - Gastora","og_description":"Achetez Micro-ondes - 1800W - 20 programmes - assiettes jusqu'\u00e0 \u00d836 cm - 2 tablettes au meilleur prix, fiable et performant avec une livraison rapide","og_url":"https:\/\/gastora.eu\/en\/product\/micro-ondes-1800w-20-programmes-assiettes-jusqu-36-cm-2-tablettes\/","og_site_name":"Gastora","article_modified_time":"2026-04-28T16:55:53+00:00","twitter_card":"summary_large_image","twitter_misc":{"Est. reading time":"2 minutes"},"schema":{"@context":"https:\/\/schema.org","@graph":[{"@type":"WebPage","@id":"https:\/\/gastora.eu\/product\/micro-ondes-1800w-20-programmes-assiettes-jusqu-36-cm-2-tablettes\/","url":"https:\/\/gastora.eu\/product\/micro-ondes-1800w-20-programmes-assiettes-jusqu-36-cm-2-tablettes\/","name":"Micro-ondes - 1800W - 20 programmes - assiettes jusqu'\u00e0 \u00d836 cm - 2 tablettes - Gastora","isPartOf":{"@id":"https:\/\/gastora.eu\/#website"},"primaryImageOfPage":{"@id":"https:\/\/gastora.eu\/product\/micro-ondes-1800w-20-programmes-assiettes-jusqu-36-cm-2-tablettes\/#primaryimage"},"image":{"@id":"https:\/\/gastora.eu\/product\/micro-ondes-1800w-20-programmes-assiettes-jusqu-36-cm-2-tablettes\/#primaryimage"},"thumbnailUrl":"https:\/\/gastora.eu\/wp-content\/uploads\/2026\/04\/sp-005-61656ec4e5282.jpg","datePublished":"2026-04-25T17:43:13+00:00","dateModified":"2026-04-28T16:55:53+00:00","description":"Achetez Micro-ondes - 1800W - 20 programmes - assiettes jusqu'\u00e0 \u00d836 cm - 2 tablettes au meilleur prix, fiable et performant avec une livraison rapide","breadcrumb":{"@id":"https:\/\/gastora.eu\/product\/micro-ondes-1800w-20-programmes-assiettes-jusqu-36-cm-2-tablettes\/#breadcrumb"},"inLanguage":"en-US","potentialAction":[{"@type":"ReadAction","target":["https:\/\/gastora.eu\/product\/micro-ondes-1800w-20-programmes-assiettes-jusqu-36-cm-2-tablettes\/"]}]},{"@type":"ImageObject","inLanguage":"en-US","@id":"https:\/\/gastora.eu\/product\/micro-ondes-1800w-20-programmes-assiettes-jusqu-36-cm-2-tablettes\/#primaryimage","url":"https:\/\/gastora.eu\/wp-content\/uploads\/2026\/04\/sp-005-61656ec4e5282.jpg","contentUrl":"https:\/\/gastora.eu\/wp-content\/uploads\/2026\/04\/sp-005-61656ec4e5282.jpg","width":2048,"height":2048},{"@type":"BreadcrumbList","@id":"https:\/\/gastora.eu\/product\/micro-ondes-1800w-20-programmes-assiettes-jusqu-36-cm-2-tablettes\/#breadcrumb","itemListElement":[{"@type":"ListItem","position":1,"name":"Home","item":"https:\/\/gastora.eu\/"},{"@type":"ListItem","position":2,"name":"Shop","item":"https:\/\/gastora.eu\/shop\/"},{"@type":"ListItem","position":3,"name":"Micro-ondes &#8211; 1800W &#8211; 20 programmes &#8211; assiettes jusqu&#8217;\u00e0 \u00d836 cm &#8211; 2 tablettes"}]},{"@type":"WebSite","@id":"https:\/\/gastora.eu\/#website","url":"https:\/\/gastora.eu\/","name":"Gastora","description":"\u00c9quipements professionnels CHR","publisher":{"@id":"https:\/\/gastora.eu\/#organization"},"potentialAction":[{"@type":"SearchAction","target":{"@type":"EntryPoint","urlTemplate":"https:\/\/gastora.eu\/?s={search_term_string}"},"query-input":{"@type":"PropertyValueSpecification","valueRequired":true,"valueName":"search_term_string"}}],"inLanguage":"en-US"},{"@type":"Organization","@id":"https:\/\/gastora.eu\/#organization","name":"Gastora","url":"https:\/\/gastora.eu\/","logo":{"@type":"ImageObject","inLanguage":"en-US","@id":"https:\/\/gastora.eu\/#\/schema\/logo\/image\/","url":"https:\/\/gastora.eu\/wp-content\/uploads\/2025\/12\/ChatGPT-Image-2-janv.-2026-22_52_47-1.png","contentUrl":"https:\/\/gastora.eu\/wp-content\/uploads\/2025\/12\/ChatGPT-Image-2-janv.-2026-22_52_47-1.png","width":1536,"height":320,"caption":"Gastora"},"image":{"@id":"https:\/\/gastora.eu\/#\/schema\/logo\/image\/"}}]}},"jetpack_sharing_enabled":true,"_links":{"self":[{"href":"https:\/\/gastora.eu\/en\/wp-json\/wp\/v2\/product\/14097","targetHints":{"allow":["GET"]}}],"collection":[{"href":"https:\/\/gastora.eu\/en\/wp-json\/wp\/v2\/product"}],"about":[{"href":"https:\/\/gastora.eu\/en\/wp-json\/wp\/v2\/types\/product"}],"wp:featuredmedia":[{"embeddable":true,"href":"https:\/\/gastora.eu\/en\/wp-json\/wp\/v2\/media\/6944"}],"wp:attachment":[{"href":"https:\/\/gastora.eu\/en\/wp-json\/wp\/v2\/media?parent=14097"}],"wp:term":[{"taxonomy":"product_brand","embeddable":true,"href":"https:\/\/gastora.eu\/en\/wp-json\/wp\/v2\/product_brand?post=14097"},{"taxonomy":"product_cat","embeddable":true,"href":"https:\/\/gastora.eu\/en\/wp-json\/wp\/v2\/product_cat?post=14097"},{"taxonomy":"product_tag","embeddable":true,"href":"https:\/\/gastora.eu\/en\/wp-json\/wp\/v2\/product_tag?post=14097"}],"curies":[{"name":"wp","href":"https:\/\/api.w.org\/{rel}","templated":true}]}}