{"id":14095,"date":"2026-04-25T17:43:11","date_gmt":"2026-04-25T17:43:11","guid":{"rendered":"https:\/\/gastora.eu\/?post_type=product&#038;p=14095"},"modified":"2026-04-28T16:55:53","modified_gmt":"2026-04-28T16:55:53","slug":"micro-ondes-900w-6-programmes-assiettes-jusqu-33-cm","status":"publish","type":"product","link":"https:\/\/gastora.eu\/en\/product\/micro-ondes-900w-6-programmes-assiettes-jusqu-33-cm\/","title":{"rendered":"Micro-ondes &#8211; 900W &#8211; 6 programmes &#8211; assiettes jusqu&#8217;\u00e0 \u00d833 cm"},"content":{"rendered":"<p>Ce four \u00e0 micro-ondes convient aux cuisines commerciales, aux \u00e9tablissements de restauration professionnelle et aux cuisines domestiques. Le four \u00e0 micro-ondes semi-professionnel poss\u00e8de une porte transparente sans serrure. Cela pr\u00e9sente l&#8217;avantage que la porte est facile \u00e0 ouvrir et \u00e0 fermer. La chambre int\u00e9rieure est dot\u00e9e d&#8217;un \u00e9clairage qui permet de voir les produits dans le micro-ondes. Dans la chambre int\u00e9rieure, il y a un plateau tournant en verre sur le fond. Pour faire fonctionner le micro-ondes, utilisez le panneau de commande analogique avec des boutons chrom\u00e9s.<\/p>\n<h3>Six programmes diff\u00e9rents<\/h3>\n<p>Avec six programmes diff\u00e9rents, allant de faible \u00e0 \u00e9lev\u00e9, vous pouvez toujours choisir celui qui convient au produit que vous voulez chauffer. En outre, le micro-ondes dispose \u00e9galement d&#8217;un mode d\u00e9cong\u00e9lation pour d\u00e9congeler rapidement les produits. Les niveaux de puissance sont les suivants : faible = 20%, d\u00e9cong\u00e9lation = 42%, moyen\/faible = 52%, moyen = 73%, moyen\/haut = 88% et haut = 100%. Ce four \u00e0 micro-ondes semi-professionnel peut \u00eatre utilis\u00e9 avec des assiettes d&#8217;un diam\u00e8tre de 33 cm. Le micro-ondes dispose \u00e9galement d&#8217;une minuterie qui peut \u00eatre r\u00e9gl\u00e9e jusqu&#8217;\u00e0 30 minutes.<\/p>\n<h3>Nettoyage rapide et facile<\/h3>\n<p>Il est recommand\u00e9 de nettoyer r\u00e9guli\u00e8rement un four \u00e0 micro-ondes. De cette mani\u00e8re, vous \u00e9vitez que les r\u00e9sidus alimentaires ne collent, ce qui peut rendre leur \u00e9limination difficile. Des r\u00e9sidus tenaces se sont accumul\u00e9s dans le micro-ondes ? Mettez-y alors un bol d&#8217;eau, ajoutez quelques cuill\u00e8res de vinaigre si n\u00e9cessaire, et mettez le micro-ondes sur le r\u00e9glage le plus \u00e9lev\u00e9 pendant environ cinq minutes. Une fois que la vapeur a absorb\u00e9 les r\u00e9sidus alimentaires, vous pouvez nettoyer l&#8217;int\u00e9rieur avec un chiffon humide. L&#8217;ext\u00e9rieur, qui est en acier inoxydable, peut \u00e9galement \u00eatre nettoy\u00e9 avec un chiffon propre.<\/p>\n<ul>\n<li>Micro-ondes semi-professionnel<\/li>\n<li>Convient aux cuisines industrielles et \u00e0 l&#8217;h\u00f4tellerie<\/li>\n<li>Ext\u00e9rieur et int\u00e9rieur en acier inoxydable<\/li>\n<li>Porte transparente sans serrure, facile \u00e0 ouvrir et \u00e0 fermer<\/li>\n<li>Int\u00e9rieur avec \u00e9clairage<\/li>\n<li>6 programmes diff\u00e9rents de &#8220;faible&#8221; \u00e0 &#8220;fort&#8221;, \u00e9galement avec mode d\u00e9cong\u00e9lation<\/li>\n<li>Basse = 20% de puissance | D\u00e9cong\u00e9lation = 42% | Moyenne \/ basse = 52% | Moyenne = 73% | Moyenne \/ haute = 88% | Haute = 100%<\/li>\n<li>Minuterie \u00e0 commande analogique jusqu&#8217;\u00e0 30 minutes<\/li>\n<li>\u00c9quip\u00e9 d&#8217;un plateau tournant en verre<\/li>\n<li>Convient aux assiettes d&#8217;un diam\u00e8tre de 330 mm<\/li>\n<\/ul>\n<ul>\n<li>Poids net : 14 kg<\/li>\n<li>Dimensions de la machine : L483 x P420 x H281 mm<\/li>\n<li>Dimensions chambre int\u00e9rieure : L340 x P344 x H220 mm<\/li>\n<li>Fr\u00e9quence Hz : 2450 MHz<\/li>\n<li>Puissance de sortie : 900 Watt<\/li>\n<li>230V \/ 50Hz \/ 1Phase 1400 Watt<\/li>\n<\/ul>\n<ul>\n<li>Poids net : 14kg\n<\/li>\n<li>Dimensions de la machine : B48,3 x D42 x H28,1cm\n<\/li>\n<li>Dimensions de la chambre int\u00e9rieure : L34 x P34,4 x H22cm\n<\/li>\n<li>Fr\u00e9quence Hz : 2450 MHz\n<\/li>\n<li>Puissance de sortie : 900W\n<\/li>\n<li>230V\/50Hz\/1Phase 1400W<br \/>","protected":false},"excerpt":{"rendered":"<p>Ce four \u00e0 micro-ondes semi-professionnel a une capacit\u00e9 de 25L et 900W. En plus d&#8217;\u00eatre utilis\u00e9 dans le secteur de la restauration, vous pouvez \u00e9galement utiliser le micro-ondes \u00e0 la maison dans la cuisine. Le micro-ondes dispose de six programmes diff\u00e9rents, de faible \u00e0 \u00e9lev\u00e9, y compris un r\u00e9glage de d\u00e9cong\u00e9lation. La minuterie peut \u00eatre r\u00e9gl\u00e9e jusqu&#8217;\u00e0 30 minutes<\/p>","protected":false},"featured_media":6940,"template":"","meta":{"_acf_changed":false},"product_brand":[],"product_cat":[16],"product_tag":[],"class_list":{"0":"post-14095","1":"product","2":"type-product","3":"status-publish","4":"has-post-thumbnail","6":"product_cat-cuisson","8":"first","9":"instock","10":"sale","11":"taxable","12":"shipping-taxable","13":"purchasable","14":"product-type-simple"},"acf":[],"yoast_head":"<!-- This site is optimized with the Yoast SEO plugin v27.5 - https:\/\/yoast.com\/product\/yoast-seo-wordpress\/ -->\n<title>Micro-ondes - 900W - 6 programmes - assiettes jusqu&#039;\u00e0 \u00d833 cm - Gastora<\/title>\n<meta name=\"description\" content=\"Achetez Micro-ondes - 900W - 6 programmes - assiettes jusqu&#039;\u00e0 \u00d833 cm au meilleur prix, fiable et performant avec une livraison rapide\" \/>\n<meta name=\"robots\" content=\"index, follow, max-snippet:-1, max-image-preview:large, max-video-preview:-1\" \/>\n<link rel=\"canonical\" href=\"https:\/\/gastora.eu\/en\/product\/micro-ondes-900w-6-programmes-assiettes-jusqu-33-cm\/\" \/>\n<meta property=\"og:locale\" content=\"en_US\" \/>\n<meta property=\"og:type\" content=\"article\" \/>\n<meta property=\"og:title\" content=\"Micro-ondes - 900W - 6 programmes - assiettes jusqu&#039;\u00e0 \u00d833 cm - Gastora\" \/>\n<meta property=\"og:description\" content=\"Achetez Micro-ondes - 900W - 6 programmes - assiettes jusqu&#039;\u00e0 \u00d833 cm au meilleur prix, fiable et performant avec une livraison rapide\" \/>\n<meta property=\"og:url\" content=\"https:\/\/gastora.eu\/en\/product\/micro-ondes-900w-6-programmes-assiettes-jusqu-33-cm\/\" \/>\n<meta property=\"og:site_name\" content=\"Gastora\" \/>\n<meta property=\"article:modified_time\" content=\"2026-04-28T16:55:53+00:00\" \/>\n<meta name=\"twitter:card\" content=\"summary_large_image\" \/>\n<meta name=\"twitter:label1\" content=\"Est. reading time\" \/>\n\t<meta name=\"twitter:data1\" content=\"2 minutes\" \/>\n<script type=\"application\/ld+json\" class=\"yoast-schema-graph\">{\"@context\":\"https:\\\/\\\/schema.org\",\"@graph\":[{\"@type\":\"WebPage\",\"@id\":\"https:\\\/\\\/gastora.eu\\\/product\\\/micro-ondes-900w-6-programmes-assiettes-jusqu-33-cm\\\/\",\"url\":\"https:\\\/\\\/gastora.eu\\\/product\\\/micro-ondes-900w-6-programmes-assiettes-jusqu-33-cm\\\/\",\"name\":\"Micro-ondes - 900W - 6 programmes - assiettes jusqu'\u00e0 \u00d833 cm - Gastora\",\"isPartOf\":{\"@id\":\"https:\\\/\\\/gastora.eu\\\/#website\"},\"primaryImageOfPage\":{\"@id\":\"https:\\\/\\\/gastora.eu\\\/product\\\/micro-ondes-900w-6-programmes-assiettes-jusqu-33-cm\\\/#primaryimage\"},\"image\":{\"@id\":\"https:\\\/\\\/gastora.eu\\\/product\\\/micro-ondes-900w-6-programmes-assiettes-jusqu-33-cm\\\/#primaryimage\"},\"thumbnailUrl\":\"https:\\\/\\\/gastora.eu\\\/wp-content\\\/uploads\\\/2026\\\/04\\\/sp-005-61656ec47197c.jpg\",\"datePublished\":\"2026-04-25T17:43:11+00:00\",\"dateModified\":\"2026-04-28T16:55:53+00:00\",\"description\":\"Achetez Micro-ondes - 900W - 6 programmes - assiettes jusqu'\u00e0 \u00d833 cm au meilleur prix, fiable et performant avec une livraison rapide\",\"breadcrumb\":{\"@id\":\"https:\\\/\\\/gastora.eu\\\/product\\\/micro-ondes-900w-6-programmes-assiettes-jusqu-33-cm\\\/#breadcrumb\"},\"inLanguage\":\"en-US\",\"potentialAction\":[{\"@type\":\"ReadAction\",\"target\":[\"https:\\\/\\\/gastora.eu\\\/product\\\/micro-ondes-900w-6-programmes-assiettes-jusqu-33-cm\\\/\"]}]},{\"@type\":\"ImageObject\",\"inLanguage\":\"en-US\",\"@id\":\"https:\\\/\\\/gastora.eu\\\/product\\\/micro-ondes-900w-6-programmes-assiettes-jusqu-33-cm\\\/#primaryimage\",\"url\":\"https:\\\/\\\/gastora.eu\\\/wp-content\\\/uploads\\\/2026\\\/04\\\/sp-005-61656ec47197c.jpg\",\"contentUrl\":\"https:\\\/\\\/gastora.eu\\\/wp-content\\\/uploads\\\/2026\\\/04\\\/sp-005-61656ec47197c.jpg\",\"width\":2048,\"height\":2048},{\"@type\":\"BreadcrumbList\",\"@id\":\"https:\\\/\\\/gastora.eu\\\/product\\\/micro-ondes-900w-6-programmes-assiettes-jusqu-33-cm\\\/#breadcrumb\",\"itemListElement\":[{\"@type\":\"ListItem\",\"position\":1,\"name\":\"Home\",\"item\":\"https:\\\/\\\/gastora.eu\\\/\"},{\"@type\":\"ListItem\",\"position\":2,\"name\":\"Shop\",\"item\":\"https:\\\/\\\/gastora.eu\\\/shop\\\/\"},{\"@type\":\"ListItem\",\"position\":3,\"name\":\"Micro-ondes &#8211; 900W &#8211; 6 programmes &#8211; assiettes jusqu&#8217;\u00e0 \u00d833 cm\"}]},{\"@type\":\"WebSite\",\"@id\":\"https:\\\/\\\/gastora.eu\\\/#website\",\"url\":\"https:\\\/\\\/gastora.eu\\\/\",\"name\":\"Gastora\",\"description\":\"\u00c9quipements professionnels CHR\",\"publisher\":{\"@id\":\"https:\\\/\\\/gastora.eu\\\/#organization\"},\"potentialAction\":[{\"@type\":\"SearchAction\",\"target\":{\"@type\":\"EntryPoint\",\"urlTemplate\":\"https:\\\/\\\/gastora.eu\\\/?s={search_term_string}\"},\"query-input\":{\"@type\":\"PropertyValueSpecification\",\"valueRequired\":true,\"valueName\":\"search_term_string\"}}],\"inLanguage\":\"en-US\"},{\"@type\":\"Organization\",\"@id\":\"https:\\\/\\\/gastora.eu\\\/#organization\",\"name\":\"Gastora\",\"url\":\"https:\\\/\\\/gastora.eu\\\/\",\"logo\":{\"@type\":\"ImageObject\",\"inLanguage\":\"en-US\",\"@id\":\"https:\\\/\\\/gastora.eu\\\/#\\\/schema\\\/logo\\\/image\\\/\",\"url\":\"https:\\\/\\\/gastora.eu\\\/wp-content\\\/uploads\\\/2025\\\/12\\\/ChatGPT-Image-2-janv.-2026-22_52_47-1.png\",\"contentUrl\":\"https:\\\/\\\/gastora.eu\\\/wp-content\\\/uploads\\\/2025\\\/12\\\/ChatGPT-Image-2-janv.-2026-22_52_47-1.png\",\"width\":1536,\"height\":320,\"caption\":\"Gastora\"},\"image\":{\"@id\":\"https:\\\/\\\/gastora.eu\\\/#\\\/schema\\\/logo\\\/image\\\/\"}}]}<\/script>\n<!-- \/ Yoast SEO plugin. -->","yoast_head_json":{"title":"Micro-ondes - 900W - 6 programmes - assiettes jusqu'\u00e0 \u00d833 cm - Gastora","description":"Achetez Micro-ondes - 900W - 6 programmes - assiettes jusqu'\u00e0 \u00d833 cm au meilleur prix, fiable et performant avec une livraison rapide","robots":{"index":"index","follow":"follow","max-snippet":"max-snippet:-1","max-image-preview":"max-image-preview:large","max-video-preview":"max-video-preview:-1"},"canonical":"https:\/\/gastora.eu\/en\/product\/micro-ondes-900w-6-programmes-assiettes-jusqu-33-cm\/","og_locale":"en_US","og_type":"article","og_title":"Micro-ondes - 900W - 6 programmes - assiettes jusqu'\u00e0 \u00d833 cm - Gastora","og_description":"Achetez Micro-ondes - 900W - 6 programmes - assiettes jusqu'\u00e0 \u00d833 cm au meilleur prix, fiable et performant avec une livraison rapide","og_url":"https:\/\/gastora.eu\/en\/product\/micro-ondes-900w-6-programmes-assiettes-jusqu-33-cm\/","og_site_name":"Gastora","article_modified_time":"2026-04-28T16:55:53+00:00","twitter_card":"summary_large_image","twitter_misc":{"Est. reading time":"2 minutes"},"schema":{"@context":"https:\/\/schema.org","@graph":[{"@type":"WebPage","@id":"https:\/\/gastora.eu\/product\/micro-ondes-900w-6-programmes-assiettes-jusqu-33-cm\/","url":"https:\/\/gastora.eu\/product\/micro-ondes-900w-6-programmes-assiettes-jusqu-33-cm\/","name":"Micro-ondes - 900W - 6 programmes - assiettes jusqu'\u00e0 \u00d833 cm - Gastora","isPartOf":{"@id":"https:\/\/gastora.eu\/#website"},"primaryImageOfPage":{"@id":"https:\/\/gastora.eu\/product\/micro-ondes-900w-6-programmes-assiettes-jusqu-33-cm\/#primaryimage"},"image":{"@id":"https:\/\/gastora.eu\/product\/micro-ondes-900w-6-programmes-assiettes-jusqu-33-cm\/#primaryimage"},"thumbnailUrl":"https:\/\/gastora.eu\/wp-content\/uploads\/2026\/04\/sp-005-61656ec47197c.jpg","datePublished":"2026-04-25T17:43:11+00:00","dateModified":"2026-04-28T16:55:53+00:00","description":"Achetez Micro-ondes - 900W - 6 programmes - assiettes jusqu'\u00e0 \u00d833 cm au meilleur prix, fiable et performant avec une livraison rapide","breadcrumb":{"@id":"https:\/\/gastora.eu\/product\/micro-ondes-900w-6-programmes-assiettes-jusqu-33-cm\/#breadcrumb"},"inLanguage":"en-US","potentialAction":[{"@type":"ReadAction","target":["https:\/\/gastora.eu\/product\/micro-ondes-900w-6-programmes-assiettes-jusqu-33-cm\/"]}]},{"@type":"ImageObject","inLanguage":"en-US","@id":"https:\/\/gastora.eu\/product\/micro-ondes-900w-6-programmes-assiettes-jusqu-33-cm\/#primaryimage","url":"https:\/\/gastora.eu\/wp-content\/uploads\/2026\/04\/sp-005-61656ec47197c.jpg","contentUrl":"https:\/\/gastora.eu\/wp-content\/uploads\/2026\/04\/sp-005-61656ec47197c.jpg","width":2048,"height":2048},{"@type":"BreadcrumbList","@id":"https:\/\/gastora.eu\/product\/micro-ondes-900w-6-programmes-assiettes-jusqu-33-cm\/#breadcrumb","itemListElement":[{"@type":"ListItem","position":1,"name":"Home","item":"https:\/\/gastora.eu\/"},{"@type":"ListItem","position":2,"name":"Shop","item":"https:\/\/gastora.eu\/shop\/"},{"@type":"ListItem","position":3,"name":"Micro-ondes &#8211; 900W &#8211; 6 programmes &#8211; assiettes jusqu&#8217;\u00e0 \u00d833 cm"}]},{"@type":"WebSite","@id":"https:\/\/gastora.eu\/#website","url":"https:\/\/gastora.eu\/","name":"Gastora","description":"\u00c9quipements professionnels CHR","publisher":{"@id":"https:\/\/gastora.eu\/#organization"},"potentialAction":[{"@type":"SearchAction","target":{"@type":"EntryPoint","urlTemplate":"https:\/\/gastora.eu\/?s={search_term_string}"},"query-input":{"@type":"PropertyValueSpecification","valueRequired":true,"valueName":"search_term_string"}}],"inLanguage":"en-US"},{"@type":"Organization","@id":"https:\/\/gastora.eu\/#organization","name":"Gastora","url":"https:\/\/gastora.eu\/","logo":{"@type":"ImageObject","inLanguage":"en-US","@id":"https:\/\/gastora.eu\/#\/schema\/logo\/image\/","url":"https:\/\/gastora.eu\/wp-content\/uploads\/2025\/12\/ChatGPT-Image-2-janv.-2026-22_52_47-1.png","contentUrl":"https:\/\/gastora.eu\/wp-content\/uploads\/2025\/12\/ChatGPT-Image-2-janv.-2026-22_52_47-1.png","width":1536,"height":320,"caption":"Gastora"},"image":{"@id":"https:\/\/gastora.eu\/#\/schema\/logo\/image\/"}}]}},"jetpack_sharing_enabled":true,"_links":{"self":[{"href":"https:\/\/gastora.eu\/en\/wp-json\/wp\/v2\/product\/14095","targetHints":{"allow":["GET"]}}],"collection":[{"href":"https:\/\/gastora.eu\/en\/wp-json\/wp\/v2\/product"}],"about":[{"href":"https:\/\/gastora.eu\/en\/wp-json\/wp\/v2\/types\/product"}],"wp:featuredmedia":[{"embeddable":true,"href":"https:\/\/gastora.eu\/en\/wp-json\/wp\/v2\/media\/6940"}],"wp:attachment":[{"href":"https:\/\/gastora.eu\/en\/wp-json\/wp\/v2\/media?parent=14095"}],"wp:term":[{"taxonomy":"product_brand","embeddable":true,"href":"https:\/\/gastora.eu\/en\/wp-json\/wp\/v2\/product_brand?post=14095"},{"taxonomy":"product_cat","embeddable":true,"href":"https:\/\/gastora.eu\/en\/wp-json\/wp\/v2\/product_cat?post=14095"},{"taxonomy":"product_tag","embeddable":true,"href":"https:\/\/gastora.eu\/en\/wp-json\/wp\/v2\/product_tag?post=14095"}],"curies":[{"name":"wp","href":"https:\/\/api.w.org\/{rel}","templated":true}]}}